{"id":453,"date":"2020-04-14T17:03:08","date_gmt":"2020-04-14T16:03:08","guid":{"rendered":"https:\/\/agripedia.ch\/zusammenarbeit\/?page_id=453"},"modified":"2021-02-23T05:31:03","modified_gmt":"2021-02-23T04:31:03","slug":"schluesselfaktoren","status":"publish","type":"page","link":"https:\/\/agripedia.ch\/zusammenarbeit\/schluesselfaktoren\/","title":{"rendered":"Die wichtigsten Schl\u00fcsselfaktoren f\u00fcr Zusammenarbeitsformen"},"content":{"rendered":"<p><div class=\"fusion-fullwidth fullwidth-box fusion-builder-row-1 nonhundred-percent-fullwidth non-hundred-percent-height-scrolling\" style=\"--awb-border-radius-top-left:0px;--awb-border-radius-top-right:0px;--awb-border-radius-bottom-right:0px;--awb-border-radius-bottom-left:0px;--awb-flex-wrap:wrap;\" ><div class=\"fusion-builder-row fusion-row\"><div class=\"fusion-layout-column fusion_builder_column fusion-builder-column-0 fusion_builder_column_1_1 1_1 fusion-one-full fusion-column-first fusion-column-last\" style=\"--awb-bg-size:cover;\"><div class=\"fusion-column-wrapper fusion-column-has-shadow fusion-flex-column-wrapper-legacy\"><div class=\"fusion-text fusion-text-1\"><p>Vergleichen Sie die Anforderungen und Wirkungen der verschiedenen Kooperationsformen anhand von 7 entscheidenden Schl\u00fcsselfaktoren. Die Bewertung entspricht der Erf\u00fcllung des Schl\u00fcsselfaktors innerhalb der Zusammenarbeitsform (<strong><span style=\"color: #ff2929;\">1<\/span><\/strong> = minimal erf\u00fcllt, <strong><span style=\"color: #ff2929;\">5<\/span><\/strong> = maximal erf\u00fcllt).<\/p>\n<\/div><div class=\"fusion-clearfix\"><\/div><\/div><\/div><div class=\"fusion-layout-column fusion_builder_column fusion-builder-column-1 fusion_builder_column_2_5 2_5 fusion-two-fifth fusion-column-first\" style=\"--awb-bg-size:cover;width:40%;width:calc(40% - ( ( 4% ) * 0.4 ) );margin-right: 4%;\"><div class=\"fusion-column-wrapper fusion-column-has-shadow fusion-flex-column-wrapper-legacy\"><div class=\"fusion-button-wrapper\"><a class=\"fusion-button button-flat fusion-button-default-size button-default fusion-button-default button-1 fusion-button-default-span fusion-button-default-type\" style=\"--button-border-radius-top-left:0;--button-border-radius-top-right:0;--button-border-radius-bottom-right:0;--button-border-radius-bottom-left:0;\" target=\"_blank\" rel=\"noopener noreferrer\" href=\"https:\/\/agripedia.ch\/zusammenarbeit\/wp-content\/uploads\/sites\/24\/pdf\/Uebersicht_Schl\u00fcsselfaktoren.pdf\"><span class=\"fusion-button-text awb-button__text awb-button__text--default\">Download als PDF<\/span><\/a><\/div><div class=\"fusion-clearfix\"><\/div><\/div><\/div><\/div><\/div><div class=\"fusion-fullwidth fullwidth-box fusion-builder-row-2 nonhundred-percent-fullwidth non-hundred-percent-height-scrolling\" style=\"--awb-border-radius-top-left:0px;--awb-border-radius-top-right:0px;--awb-border-radius-bottom-right:0px;--awb-border-radius-bottom-left:0px;--awb-flex-wrap:wrap;\" ><div class=\"fusion-builder-row fusion-row\"><div class=\"fusion-layout-column fusion_builder_column fusion-builder-column-2 fusion_builder_column_2_3 2_3 fusion-two-third fusion-column-first\" style=\"--awb-bg-size:cover;width:66.666666666667%;width:calc(66.666666666667% - ( ( 4% ) * 0.66666666666667 ) );margin-right: 4%;\"><div class=\"fusion-column-wrapper fusion-column-has-shadow fusion-flex-column-wrapper-legacy\"><!-- D3.js -->\n<script src=\"https:\/\/cdnjs.cloudflare.com\/ajax\/libs\/d3\/3.5.6\/d3.min.js\" charset=\"utf-8\"><\/script>\n<div class=\"radarChart\"><\/div><div class=\"fusion-clearfix\"><\/div><\/div><\/div><div class=\"fusion-layout-column fusion_builder_column fusion-builder-column-3 fusion_builder_column_1_3 1_3 fusion-one-third fusion-column-last\" style=\"--awb-bg-size:cover;width:33.333333333333%;width:calc(33.333333333333% - ( ( 4% ) * 0.33333333333333 ) );\"><div class=\"fusion-column-wrapper fusion-column-has-shadow fusion-flex-column-wrapper-legacy\"><div class=\"agri-form-wrapper\">\n            <!-- Form for selection -->\n            <form id =\"agri-form\" class=\"agri-checkbox-form\">\n                <h4>Bitte Kooperationsformen ausw\u00e4hlen<\/h4>\n                <ul class=\"agri-checkbox-group\">\n                    <li><input type=\"checkbox\" id=\"Fl\u00e4chentausch\" name=\"freihaendiger_bewirtschaftungstausch\" value=\"3\">\n                <label for=\"Fl\u00e4chentausch\"> Fl\u00e4chentausch<\/label><\/li>\n                    <li><input type=\"checkbox\" id=\"Fruchtfolgegemeinschaft\" name=\"fruchtfolgegemeinschaft\" value=\"4\">\n                <label for=\"Fruchtfolgegemeinschaft\"> Fruchtfolgegemeinschaft<\/label><\/li>\n                    <li><input type=\"checkbox\" id=\"Pachtlandarrondierung\" name=\"pachtlandarrondierung\" value=\"9\">\n                <label for=\"Pachtlandarrondierung\"> Pachtlandarrondierung<\/label><\/li>\n                    <li><input type=\"checkbox\" id=\"Nutzungsarrondierung\" name=\"nutzungsarrondierung\" value=\"7\">\n                <label for=\"Nutzungsarrondierung\"> Nutzungsarrondierung<\/label><\/li>\n                    <li><input type=\"checkbox\" id=\"Vertragliche_Landumlegung\" name=\"vertragliche_landumlegung\" value=\"10\">\n                <label for=\"Vertragliche_Landumlegung\"> Vertragliche Landumlegung<\/label><\/li>\n\t\t\t\t\t<li><input type=\"checkbox\" id=\"Gesamtmelioration\" name=\"gesamtmelioration\" value=\"6\">\n                <label for=\"Gesamtmelioration\"> Gesamtmelioration<\/label><\/li>\n                    <li><input type=\"checkbox\" id=\"\u00dcberbetriebliche_Investitionen_in_Maschinen\" name=\"maschineninvestitionen\" value=\"8\">\n                <label for=\"\u00dcberbetriebliche_Investitionen_in_Maschinen\"> \u00dcberbetriebliche Investitionen in Maschinen<\/label><\/li>\n                    <li><input type=\"checkbox\" id=\"\u00dcberbetriebliche_Investitionen_in_Geb\u00e4ude\" name=\"gebaeudeinvestitionen\" value=\"5\">\n                <label for=\"\u00dcberbetriebliche_Investitionen_in_Geb\u00e4ude\"> \u00dcberbetriebliche Investitionen in Geb\u00e4ude<\/label><\/li>\n                    <li><input type=\"checkbox\" id=\"Betriebsgemeinschaft\" name=\"betriebsgemeinschaft\" value=\"0\">\n                <label for=\"Betriebsgemeinschaft\"> Betriebsgemeinschaft<\/label><\/li>\n                    <li><input type=\"checkbox\" id=\"Betriebszweiggemeinschaft\" name=\"betriebszweiggemeinschaft\" value=\"1\">\n                <label for=\"Betriebszweiggemeinschaft\"> Betriebszweiggemeinschaft<\/label><\/li>\n                    <li><input type=\"checkbox\" id=\"Verarbeitungs-_und_Vermarktungsgemeinschaft\" name=\"Verarbeitungs-_und_Vermarktungsgemeinschaft\" value=\"2\">\n                <label for=\"Verarbeitungs-_und_Vermarktungsgemeinschaft\"> Verarbeitungs- und Vermarktungsgemeinschaft<\/label><\/li>\n                <\/ul>\n                <button type=\"reset\" value=\"reset\" onclick=\"resetGraph()\">Zur\u00fccksetzen<\/button>\n            <\/form>\n        <\/div>\n\n<script src=\"https:\/\/d3js.org\/d3-dsv.v1.min.js\"><\/script>\n<script src=\"https:\/\/agripedia.ch\/zusammenarbeit\/wp-content\/uploads\/sites\/24\/d3js\/keyfactors.js\"><\/script>\n<script src=\"https:\/\/agripedia.ch\/zusammenarbeit\/wp-content\/uploads\/sites\/24\/d3js\/radarChart.js\"><\/script><div class=\"fusion-clearfix\"><\/div><\/div><\/div><\/div><\/div><div class=\"fusion-fullwidth fullwidth-box fusion-builder-row-3 nonhundred-percent-fullwidth non-hundred-percent-height-scrolling\" style=\"--awb-border-radius-top-left:0px;--awb-border-radius-top-right:0px;--awb-border-radius-bottom-right:0px;--awb-border-radius-bottom-left:0px;--awb-flex-wrap:wrap;\" ><div class=\"fusion-builder-row fusion-row\"><div class=\"fusion-layout-column fusion_builder_column fusion-builder-column-4 fusion_builder_column_1_1 1_1 fusion-one-full fusion-column-first fusion-column-last\" style=\"--awb-bg-size:cover;\"><div class=\"fusion-column-wrapper fusion-column-has-shadow fusion-flex-column-wrapper-legacy\"><div class=\"agri-table\"><\/div><div class=\"fusion-clearfix\"><\/div><\/div><\/div><\/div><\/div><\/p>\n","protected":false},"excerpt":{"rendered":"","protected":false},"author":26,"featured_media":0,"parent":0,"menu_order":0,"comment_status":"closed","ping_status":"closed","template":"","meta":{"_sb_is_suggestion_mode":false,"_sb_show_suggestion_boards":false,"_sb_show_comment_boards":false,"_sb_suggestion_history":"","_sb_update_block_changes":"","_monsterinsights_skip_tracking":false,"_monsterinsights_sitenote_active":false,"_monsterinsights_sitenote_note":"","_monsterinsights_sitenote_category":0,"footnotes":""},"class_list":["post-453","page","type-page","status-publish","hentry"],"_links":{"self":[{"href":"https:\/\/agripedia.ch\/zusammenarbeit\/wp-json\/wp\/v2\/pages\/453","targetHints":{"allow":["GET"]}}],"collection":[{"href":"https:\/\/agripedia.ch\/zusammenarbeit\/wp-json\/wp\/v2\/pages"}],"about":[{"href":"https:\/\/agripedia.ch\/zusammenarbeit\/wp-json\/wp\/v2\/types\/page"}],"author":[{"embeddable":true,"href":"https:\/\/agripedia.ch\/zusammenarbeit\/wp-json\/wp\/v2\/users\/26"}],"replies":[{"embeddable":true,"href":"https:\/\/agripedia.ch\/zusammenarbeit\/wp-json\/wp\/v2\/comments?post=453"}],"version-history":[{"count":61,"href":"https:\/\/agripedia.ch\/zusammenarbeit\/wp-json\/wp\/v2\/pages\/453\/revisions"}],"predecessor-version":[{"id":4005,"href":"https:\/\/agripedia.ch\/zusammenarbeit\/wp-json\/wp\/v2\/pages\/453\/revisions\/4005"}],"wp:attachment":[{"href":"https:\/\/agripedia.ch\/zusammenarbeit\/wp-json\/wp\/v2\/media?parent=453"}],"curies":[{"name":"wp","href":"https:\/\/api.w.org\/{rel}","templated":true}]}}