{"id":2456,"date":"2020-11-10T12:15:41","date_gmt":"2020-11-10T11:15:41","guid":{"rendered":"https:\/\/agripedia.ch\/zusammenarbeit\/?page_id=2456"},"modified":"2021-04-13T09:34:15","modified_gmt":"2021-04-13T08:34:15","slug":"facteurs-cles","status":"publish","type":"page","link":"https:\/\/agripedia.ch\/zusammenarbeit\/fr\/facteurs-cles\/","title":{"rendered":"Les principaux facteurs cl\u00e9s des diff\u00e9rentes formes de collaboration"},"content":{"rendered":"<p><div class=\"fusion-fullwidth fullwidth-box fusion-builder-row-1 nonhundred-percent-fullwidth non-hundred-percent-height-scrolling\" style=\"--awb-border-radius-top-left:0px;--awb-border-radius-top-right:0px;--awb-border-radius-bottom-right:0px;--awb-border-radius-bottom-left:0px;--awb-flex-wrap:wrap;\" ><div class=\"fusion-builder-row fusion-row\"><div class=\"fusion-layout-column fusion_builder_column fusion-builder-column-0 fusion_builder_column_1_1 1_1 fusion-one-full fusion-column-first fusion-column-last\" style=\"--awb-bg-size:cover;\"><div class=\"fusion-column-wrapper fusion-column-has-shadow fusion-flex-column-wrapper-legacy\"><div class=\"fusion-text fusion-text-1\"><p>Comparez les conditions pr\u00e9alables et les effets des diff\u00e9rentes formes de collaboration \u00e0 l\u2019aide de sept facteurs cl\u00e9s et \u00e9valuez-les sur une \u00e9chelle d\u2019ad\u00e9quation allant de <strong><span style=\"color: #ef2200;\">1<\/span><\/strong> = ad\u00e9quation minimale \u00e0 <strong><span style=\"color: #ef2200;\">5<\/span><\/strong> = ad\u00e9quation maximale.<\/p>\n<\/div><div class=\"fusion-clearfix\"><\/div><\/div><\/div><div class=\"fusion-layout-column fusion_builder_column fusion-builder-column-1 fusion_builder_column_2_5 2_5 fusion-two-fifth fusion-column-first\" style=\"--awb-bg-size:cover;width:40%;width:calc(40% - ( ( 4% ) * 0.4 ) );margin-right: 4%;\"><div class=\"fusion-column-wrapper fusion-column-has-shadow fusion-flex-column-wrapper-legacy\"><div class=\"fusion-button-wrapper\"><a class=\"fusion-button button-flat fusion-button-default-size button-default fusion-button-default button-1 fusion-button-default-span fusion-button-default-type\" style=\"--button-border-radius-top-left:0;--button-border-radius-top-right:0;--button-border-radius-bottom-right:0;--button-border-radius-bottom-left:0;\" target=\"_blank\" rel=\"noopener noreferrer\" href=\"https:\/\/agripedia.ch\/zusammenarbeit\/wp-content\/uploads\/sites\/24\/pdf\/fr\/apercu-facteurs-cles.pdf\"><span class=\"fusion-button-text awb-button__text awb-button__text--default\">T\u00e9l\u00e9charger en PDF<\/span><\/a><\/div><div class=\"fusion-clearfix\"><\/div><\/div><\/div><\/div><\/div><div class=\"fusion-fullwidth fullwidth-box fusion-builder-row-2 nonhundred-percent-fullwidth non-hundred-percent-height-scrolling\" style=\"--awb-border-radius-top-left:0px;--awb-border-radius-top-right:0px;--awb-border-radius-bottom-right:0px;--awb-border-radius-bottom-left:0px;--awb-flex-wrap:wrap;\" ><div class=\"fusion-builder-row fusion-row\"><div class=\"fusion-layout-column fusion_builder_column fusion-builder-column-2 fusion_builder_column_2_3 2_3 fusion-two-third fusion-column-first\" style=\"--awb-bg-size:cover;width:66.666666666667%;width:calc(66.666666666667% - ( ( 4% ) * 0.66666666666667 ) );margin-right: 4%;\"><div class=\"fusion-column-wrapper fusion-column-has-shadow fusion-flex-column-wrapper-legacy\"><!-- D3.js -->\n<script src=\"https:\/\/cdnjs.cloudflare.com\/ajax\/libs\/d3\/3.5.6\/d3.min.js\" charset=\"utf-8\"><\/script>\n<div class=\"radarChart\"><\/div><div class=\"fusion-clearfix\"><\/div><\/div><\/div><div class=\"fusion-layout-column fusion_builder_column fusion-builder-column-3 fusion_builder_column_1_3 1_3 fusion-one-third fusion-column-last\" style=\"--awb-bg-size:cover;width:33.333333333333%;width:calc(33.333333333333% - ( ( 4% ) * 0.33333333333333 ) );\"><div class=\"fusion-column-wrapper fusion-column-has-shadow fusion-flex-column-wrapper-legacy\"><div class=\"agri-form-wrapper\">\n            <!-- Form for selection -->\n            <form id =\"agri-form\" class=\"agri-checkbox-form\">\n                <h4>Veuillez s\u00e9lectionner les formes de coop\u00e9ration<\/h4>\n                <ul class=\"agri-checkbox-group\">\n                    <li><input type=\"checkbox\" id=\"\u00c9change_de_surface_en_jouissance\" name=\"\u00c9change_de_surface_en_jouissance\" value=\"3\">\n                <label for=\"\u00c9change_de_surface_en_jouissance\"> \u00c9change de surface en jouissance<\/label><\/li>\n                    <li><input type=\"checkbox\" id=\"Communaut\u00e9_d-assolement\" name=\"Communaut\u00e9_d-assolement\" value=\"4\">\n                <label for=\"Communaut\u00e9_d-assolement\"> Communaut\u00e9 d\u2019assolement<\/label><\/li>\n                    <li><input type=\"checkbox\" id=\"Regroupement_de_terres_afferm\u00e9es\" name=\"Regroupement_de_terres_afferm\u00e9es\" value=\"9\">\n                <label for=\"Regroupement_de_terres_afferm\u00e9es\"> Regroupement de terres afferm\u00e9es<\/label><\/li>\n                    <li><input type=\"checkbox\" id=\"Regroupement_de_terres_exploit\u00e9es\" name=\"Regroupement_de_terres_exploit\u00e9es\" value=\"7\">\n                <label for=\"Regroupement_de_terres_exploit\u00e9es\"> Regroupement de terres exploit\u00e9es<\/label><\/li>\n                    <li><input type=\"checkbox\" id=\"Remaniement_parcellaire_contractuel\" name=\"Remaniement_parcellaire_contractuel\" value=\"10\">\n                <label for=\"Remaniement_parcellaire_contractuel\"> Remaniement parcellaire contractuel<\/label><\/li>\n\t\t\t\t\t<li><input type=\"checkbox\" id=\"Am\u00e9lioration_fonci\u00e8re_int\u00e9grale\" name=\"Am\u00e9lioration_fonci\u00e8re_int\u00e9grale\" value=\"6\">\n                <label for=\"Am\u00e9lioration_fonci\u00e8re_int\u00e9grale\"> Am\u00e9lioration fonci\u00e8re int\u00e9grale<\/label><\/li>\n                    <li><input type=\"checkbox\" id=\"Investissements_collectifs_dans_des_machines\" name=\"Investissements_collectifs_dans_des_machines\" value=\"8\">\n                <label for=\"Investissements_collectifs_dans_des_machines\"> Investissements collectifs dans des machines<\/label><\/li>\n                    <li><input type=\"checkbox\" id=\"Investissements_collectifs_dans_des_b\u00e2timents\" name=\"Investissements_collectifs_dans_des_b\u00e2timents\" value=\"5\">\n                <label for=\"Investissements_collectifs_dans_des_b\u00e2timents\"> Investissements collectifs dans des b\u00e2timents<\/label><\/li>\n                    <li><input type=\"checkbox\" id=\"Communaut\u00e9_d-exploitation\" name=\"Communaut\u00e9_d-exploitation\" value=\"0\">\n                <label for=\"Communaut\u00e9_d-exploitation\"> Communaut\u00e9 d\u2019exploitation<\/label><\/li>\n                    <li><input type=\"checkbox\" id=\"Communaut\u00e9_partielle_d-exploitation\" name=\"Communaut\u00e9_partielle_d-exploitation\" value=\"1\">\n                <label for=\"Communaut\u00e9_partielle_d-exploitation\"> Communaut\u00e9 partielle d\u2019exploitation<\/label><\/li>\n                    <li><input type=\"checkbox\" id=\"Communaut\u00e9_de_transformation_et_de_commercialisation\" name=\"Communaut\u00e9_de_transformation_et_de_commercialisation\" value=\"2\">\n                <label for=\"Communaut\u00e9_de_transformation_et_de_commercialisation\"> Communaut\u00e9 de transformation et de commercialisation<\/label><\/li>\n                <\/ul>\n                <button type=\"reset\" value=\"reset\" onclick=\"resetGraph()\">R\u00e9initialiser<\/button>\n            <\/form>\n        <\/div>\n\n<script src=\"https:\/\/d3js.org\/d3-dsv.v1.min.js\"><\/script>\n<script src=\"https:\/\/agripedia.ch\/zusammenarbeit\/wp-content\/uploads\/sites\/24\/d3js\/keyfactors_fr.js\"><\/script>\n<script src=\"https:\/\/agripedia.ch\/zusammenarbeit\/wp-content\/uploads\/sites\/24\/d3js\/radarChart.js\"><\/script><div class=\"fusion-clearfix\"><\/div><\/div><\/div><\/div><\/div><div class=\"fusion-fullwidth fullwidth-box fusion-builder-row-3 nonhundred-percent-fullwidth non-hundred-percent-height-scrolling\" style=\"--awb-border-radius-top-left:0px;--awb-border-radius-top-right:0px;--awb-border-radius-bottom-right:0px;--awb-border-radius-bottom-left:0px;--awb-flex-wrap:wrap;\" ><div class=\"fusion-builder-row fusion-row\"><div class=\"fusion-layout-column fusion_builder_column fusion-builder-column-4 fusion_builder_column_1_1 1_1 fusion-one-full fusion-column-first fusion-column-last\" style=\"--awb-bg-size:cover;\"><div class=\"fusion-column-wrapper fusion-column-has-shadow fusion-flex-column-wrapper-legacy\"><div class=\"agri-table\"><\/div><div class=\"fusion-clearfix\"><\/div><\/div><\/div><\/div><\/div><\/p>\n","protected":false},"excerpt":{"rendered":"","protected":false},"author":192,"featured_media":0,"parent":0,"menu_order":0,"comment_status":"closed","ping_status":"closed","template":"","meta":{"_sb_is_suggestion_mode":false,"_sb_show_suggestion_boards":false,"_sb_show_comment_boards":false,"_sb_suggestion_history":"","_sb_update_block_changes":"","_monsterinsights_skip_tracking":false,"_monsterinsights_sitenote_active":false,"_monsterinsights_sitenote_note":"","_monsterinsights_sitenote_category":0,"footnotes":""},"class_list":["post-2456","page","type-page","status-publish","hentry"],"_links":{"self":[{"href":"https:\/\/agripedia.ch\/zusammenarbeit\/fr\/wp-json\/wp\/v2\/pages\/2456","targetHints":{"allow":["GET"]}}],"collection":[{"href":"https:\/\/agripedia.ch\/zusammenarbeit\/fr\/wp-json\/wp\/v2\/pages"}],"about":[{"href":"https:\/\/agripedia.ch\/zusammenarbeit\/fr\/wp-json\/wp\/v2\/types\/page"}],"author":[{"embeddable":true,"href":"https:\/\/agripedia.ch\/zusammenarbeit\/fr\/wp-json\/wp\/v2\/users\/192"}],"replies":[{"embeddable":true,"href":"https:\/\/agripedia.ch\/zusammenarbeit\/fr\/wp-json\/wp\/v2\/comments?post=2456"}],"version-history":[{"count":18,"href":"https:\/\/agripedia.ch\/zusammenarbeit\/fr\/wp-json\/wp\/v2\/pages\/2456\/revisions"}],"predecessor-version":[{"id":4469,"href":"https:\/\/agripedia.ch\/zusammenarbeit\/fr\/wp-json\/wp\/v2\/pages\/2456\/revisions\/4469"}],"wp:attachment":[{"href":"https:\/\/agripedia.ch\/zusammenarbeit\/fr\/wp-json\/wp\/v2\/media?parent=2456"}],"curies":[{"name":"wp","href":"https:\/\/api.w.org\/{rel}","templated":true}]}}