{"id":38,"date":"2020-03-24T14:15:59","date_gmt":"2020-03-24T14:15:59","guid":{"rendered":"https:\/\/agripedia.ch\/wirtschaftlichkeit-im-agrotourismus-fichestechniques\/?page_id=38"},"modified":"2025-06-17T14:13:47","modified_gmt":"2025-06-17T14:13:47","slug":"subscriptions","status":"publish","type":"page","link":"https:\/\/agripedia.ch\/wirtschaftlichkeit\/subscriptions\/","title":{"rendered":"Subscriptions"},"content":{"rendered":"<p><div class=\"fusion-fullwidth fullwidth-box fusion-builder-row-1 fusion-flex-container has-pattern-background has-mask-background nonhundred-percent-fullwidth non-hundred-percent-height-scrolling\" style=\"--awb-border-radius-top-left:0px;--awb-border-radius-top-right:0px;--awb-border-radius-bottom-right:0px;--awb-border-radius-bottom-left:0px;--awb-flex-wrap:wrap;\" id=\"hidden-subscription-card\" ><div class=\"fusion-builder-row fusion-row fusion-flex-align-items-flex-start fusion-flex-content-wrap\" style=\"max-width:1456px;margin-left: calc(-4% \/ 2 );margin-right: calc(-4% \/ 2 );\"><div class=\"fusion-layout-column fusion_builder_column fusion-builder-column-0 fusion_builder_column_1_1 1_1 fusion-flex-column\" style=\"--awb-bg-size:cover;--awb-width-large:100%;--awb-margin-top-large:0px;--awb-spacing-right-large:1.92%;--awb-margin-bottom-large:20px;--awb-spacing-left-large:1.92%;--awb-width-medium:100%;--awb-order-medium:0;--awb-spacing-right-medium:1.92%;--awb-spacing-left-medium:1.92%;--awb-width-small:100%;--awb-order-small:0;--awb-spacing-right-small:1.92%;--awb-spacing-left-small:1.92%;\" id=\"hidden-subscription-card\"><div class=\"fusion-column-wrapper fusion-column-has-shadow fusion-flex-justify-content-flex-start fusion-content-layout-column\"><div class=\"fusion-text fusion-text-1\"><h2 class=\"subscription-options-title\">Unsere Digitalabos<\/h2><div class=\"leaky_paywall_subscription_options\"><div id=\"option-33\" class=\"leaky_paywall_subscription_option \"><h3 class=\"leaky_paywall_subscription_option_title\">Wirtschaftlichkeit im Agrotourismus<\/h3><div class=\"leaky_paywall_subscription_allowed_content\"><div>\r\n<p>Immer h\u00e4ufiger werden Bauernfamilien ermuntert, ihren Betrieb zu diversifizieren und sich z.B. auf den Agrotourismus einzulassen. Ein solcher zus\u00e4tzlicher Betriebszweig kann vorhandene F\u00e4higkeiten nutzen und zus\u00e4tzliches Einkommen generieren. Eine Frage wird dabei nicht immer beachtet oder zu wenig ausf\u00fchrlich besprochen: Sind diese Aktivit\u00e4ten wirtschaftlich und von der Arbeitsbelastung her machbar f\u00fcr die Bauernfamilie? Diese Seite soll anhand verschiedener Beispiele eine \u00dcbersicht bieten.<\/P>\r\n<\/div><\/div><div class=\"leaky_paywall_subscription_price\"><p><strong>CHF 30 f\u00fcr 1 Jahr<\/strong><\/p><\/div><div class=\"leaky_paywall_subscription_payment_options\"><div class=\"leaky-paywall-payment-button\"><a href=\"https:\/\/agripedia.ch\/wirtschaftlichkeit\/registration\/?level_id=33\">Bestellen<\/a><\/div><\/div><\/div><\/div><div class=\"leaky-paywall-corporate-access-subscription-message\"><p>Haben Sie einen Zugang \u00fcber Ihr Unternehmen? <a href=\"https:\/\/agripedia.ch\/wirtschaftlichkeit\/corporate\/\">Klicken Sie hier<\/a><\/p><\/div>\n<\/div><\/div><\/div><\/div><\/div><div class=\"fusion-fullwidth fullwidth-box fusion-builder-row-2 fusion-flex-container has-pattern-background has-mask-background nonhundred-percent-fullwidth non-hundred-percent-height-scrolling\" style=\"--awb-border-radius-top-left:0px;--awb-border-radius-top-right:0px;--awb-border-radius-bottom-right:0px;--awb-border-radius-bottom-left:0px;--awb-flex-wrap:wrap;\" ><div class=\"fusion-builder-row fusion-row fusion-flex-align-items-flex-start fusion-flex-content-wrap\" style=\"max-width:1456px;margin-left: calc(-4% \/ 2 );margin-right: calc(-4% \/ 2 );\"><div class=\"fusion-layout-column fusion_builder_column fusion-builder-column-1 fusion_builder_column_1_1 1_1 fusion-flex-column\" style=\"--awb-bg-size:cover;--awb-width-large:100%;--awb-margin-top-large:0px;--awb-spacing-right-large:1.92%;--awb-margin-bottom-large:20px;--awb-spacing-left-large:1.92%;--awb-width-medium:100%;--awb-order-medium:0;--awb-spacing-right-medium:1.92%;--awb-spacing-left-medium:1.92%;--awb-width-small:100%;--awb-order-small:0;--awb-spacing-right-small:1.92%;--awb-spacing-left-small:1.92%;\"><div class=\"fusion-column-wrapper fusion-column-has-shadow fusion-flex-justify-content-flex-start fusion-content-layout-column\"><div class=\"fusion-title title fusion-title-1 fusion-sep-none fusion-title-text fusion-title-size-two\"><h2 class=\"fusion-title-heading title-heading-left fusion-responsive-typography-calculated\" style=\"margin:0;--fontSize:30;line-height:1.5;\">Unsere Digital-Abos<\/h2><\/div><div class=\"fusion-content-boxes content-boxes columns row fusion-columns-2 fusion-columns-total-1 fusion-content-boxes-1 content-boxes-icon-with-title content-left\" style=\"--awb-backgroundcolor:#cccccc;--awb-hover-accent-color:#e10707;--awb-circle-hover-accent-color:#e10707;\" data-animationOffset=\"top-into-view\"><div style=\"--awb-backgroundcolor:#cccccc;\" class=\"fusion-column content-box-column content-box-column content-box-column-1 col-lg-6 col-md-6 col-sm-6 fusion-content-box-hover content-box-column-first-in-row content-box-column-last\"><div class=\"col content-box-wrapper content-wrapper-background link-area-link-icon link-type-text icon-hover-animation-fade\" data-animationOffset=\"top-into-view\"><div class=\"heading icon-left\"><a class=\"heading-link\" style=\"float:left;\" href=\"https:\/\/agripedia.ch\/wirtschaftlichkeit-im-agrotourismus\/registration\/?level_id=33\" target=\"_self\"><h2 class=\"content-box-heading fusion-responsive-typography-calculated\" style=\"--h2_typography-font-size:18px;--fontSize:18;line-height:1.5;\">Wirtschaftlichkeit im Agrotourismus<\/h2><\/a><\/div><div class=\"fusion-clearfix\"><\/div><div class=\"content-container\">\n<p>Immer h\u00e4ufiger werden Bauernfamilien ermuntert, ihren Betrieb zu diversifizieren und sich z.B. auf den Agrotourismus einzulassen. Ein solcher zus\u00e4tzlicher Betriebszweig kann vorhandene F\u00e4higkeiten nutzen und zus\u00e4tzliches Einkommen generieren. Eine Frage wird dabei nicht immer beachtet oder zu wenig ausf\u00fchrlich besprochen: Sind diese Aktivit\u00e4ten wirtschaftlich und von der Arbeitsbelastung her machbar f\u00fcr die Bauernfamilie? Diese Seite soll anhand verschiedener Beispiele eine \u00dcbersicht bieten.<\/p>\n<p>Die Beispiele stammten teilweise aus der Publikation \u00ab<a href=\"https:\/\/agridea.abacuscity.ch\/de\/A~1501~1\/Wirtschaftlichkeit-im-Agrotourismus\/Deutsch\/Print-Papier\">Wirtschaftlichkeit im Agrotourismus<\/a>\u00bb. Auch wurden neue Beispiele erarbeitet. Allen gemeinsam ist, dass sie mit dem Kalkulationsprogramm <a href=\"https:\/\/agridea.abacuscity.ch\/de\/A~1787~1\/2~230100~Shop\/Software\/Betrieb-Familie-Diversifizierung\/Paracalc-%28Kalkulation-paralandwirtschaftlicher-Projekte%29\/Deutsch\/Einzellizenz\">Paracalc<\/a> gerechnet wurden.<\/p>\n<p>\u2014\u2014\u2014\u2013<\/p>\n<p>CHF 30.-<\/p>\n<\/div><div class=\"fusion-clearfix\"><\/div><a class=\" fusion-read-more\" style=\"float:left;\" href=\"https:\/\/agripedia.ch\/wirtschaftlichkeit-im-agrotourismus\/registration\/?level_id=33\" target=\"_self\">Abonnieren<\/a><div class=\"fusion-clearfix\"><\/div><\/div><\/div><div class=\"fusion-clearfix\"><\/div><\/div><\/div><\/div><\/div><\/div><\/p>\n","protected":false},"excerpt":{"rendered":"","protected":false},"author":927,"featured_media":0,"parent":0,"menu_order":99,"comment_status":"closed","ping_status":"closed","template":"","meta":{"_sb_is_suggestion_mode":false,"_sb_show_suggestion_boards":false,"_sb_show_comment_boards":false,"_sb_suggestion_history":"","_sb_update_block_changes":"","_monsterinsights_skip_tracking":false,"_monsterinsights_sitenote_active":false,"_monsterinsights_sitenote_note":"","_monsterinsights_sitenote_category":0,"footnotes":""},"class_list":["post-38","page","type-page","status-publish","hentry"],"_links":{"self":[{"href":"https:\/\/agripedia.ch\/wirtschaftlichkeit\/wp-json\/wp\/v2\/pages\/38","targetHints":{"allow":["GET"]}}],"collection":[{"href":"https:\/\/agripedia.ch\/wirtschaftlichkeit\/wp-json\/wp\/v2\/pages"}],"about":[{"href":"https:\/\/agripedia.ch\/wirtschaftlichkeit\/wp-json\/wp\/v2\/types\/page"}],"author":[{"embeddable":true,"href":"https:\/\/agripedia.ch\/wirtschaftlichkeit\/wp-json\/wp\/v2\/users\/927"}],"replies":[{"embeddable":true,"href":"https:\/\/agripedia.ch\/wirtschaftlichkeit\/wp-json\/wp\/v2\/comments?post=38"}],"version-history":[{"count":16,"href":"https:\/\/agripedia.ch\/wirtschaftlichkeit\/wp-json\/wp\/v2\/pages\/38\/revisions"}],"predecessor-version":[{"id":2213,"href":"https:\/\/agripedia.ch\/wirtschaftlichkeit\/wp-json\/wp\/v2\/pages\/38\/revisions\/2213"}],"wp:attachment":[{"href":"https:\/\/agripedia.ch\/wirtschaftlichkeit\/wp-json\/wp\/v2\/media?parent=38"}],"curies":[{"name":"wp","href":"https:\/\/api.w.org\/{rel}","templated":true}]}}