{"id":49,"date":"2020-05-18T01:55:02","date_gmt":"2020-05-18T01:55:02","guid":{"rendered":"https:\/\/agripedia.ch\/wasserversorgung\/?page_id=49"},"modified":"2021-09-21T12:53:14","modified_gmt":"2021-09-21T12:53:14","slug":"uebersicht","status":"publish","type":"page","link":"https:\/\/agripedia.ch\/wasserversorgung\/","title":{"rendered":"\u00dcbersicht"},"content":{"rendered":"<div class=\"fusion-fullwidth fullwidth-box fusion-builder-row-1 nonhundred-percent-fullwidth non-hundred-percent-height-scrolling\" style=\"--awb-border-radius-top-left:0px;--awb-border-radius-top-right:0px;--awb-border-radius-bottom-right:0px;--awb-border-radius-bottom-left:0px;--awb-flex-wrap:wrap;\" ><div class=\"fusion-builder-row fusion-row\"><div class=\"fusion-layout-column fusion_builder_column fusion-builder-column-0 fusion_builder_column_1_1 1_1 fusion-one-full fusion-column-first fusion-column-last\" style=\"--awb-bg-size:cover;\"><div class=\"fusion-column-wrapper fusion-column-has-shadow fusion-flex-column-wrapper-legacy\"><div class=\"fusion-title title fusion-title-1 fusion-sep-none fusion-title-text fusion-title-size-two\"><h2 class=\"fusion-title-heading title-heading-left fusion-responsive-typography-calculated\" style=\"margin:0;--fontSize:40;line-height:1.5;\">Alpwirtschaft im Klimawandel<\/h2><\/div><div class=\"fusion-title title fusion-title-2 fusion-sep-none fusion-title-text fusion-title-size-three agri-subtitle-h3\"><h3 class=\"fusion-title-heading title-heading-left fusion-responsive-typography-calculated\" style=\"margin:0;--fontSize:30;line-height:1.5;\">Lernen im Umgang mit dem Wasser<\/h3><\/div><div class=\"fusion-text fusion-text-1\"><p><em>Der Alpenraum ist besonders stark betroffen vom Klimawandel. So gibt es zunehmend Starkniederschl\u00e4ge und lange Trockenperioden. Die Szenarien der Klimaforschung werden zur Realit\u00e4t. Das extrem trockene Jahr 2018 hat uns aufgezeigt, dass auch Alpgebiete, die traditionell gen\u00fcgend Niederschlag aufweisen, pl\u00f6tzlich in Wassernot kommen k\u00f6nnen. Wie kann die Alpwirtschaft diese neuen Herausforderungen zielf\u00fchrend anpacken?<\/em><\/p>\n<\/div><div class=\"agri-leaflet-map\" id=\"uebersichtskarte\"><\/div>\n<p class=\"agri-map-caption\">W\u00e4hlen Sie eines der f\u00fcnf Portr\u00e4ts auf der Karte aus.<\/p>\n<script>\n\n\/\/ Read CSV\nfunction readCSV(txt, sep) {\n    \/\/ converts the CSV file into a javascript object\n    const lines = txt.split(\"\\n\");\n    const keys = lines[0].split(sep);\n    const rows = getRows(lines.slice(1,lines.length), sep);\n    const items = [];\n\n    for(let i=0; i < rows.length; i++){\n        let item = {};\n\n        for(let j = 0; j < rows[i].length; j++){\n            item[keys[j].trim()] = rows[i][j].trim();\n            }\n        items.push(item);\n        }\n\n    return {\n        \"items\": items,\n        \"keys\": keys\n    };\n}\n\n\/\/ helper function for readCSV() that splits the rows of the CSV file\nfunction getRows(listOfRows, sep){\n    const rows = []\n    for(let i=0; i < listOfRows.length; i++){\n        rows.push(listOfRows[i].split(sep));\n        }\n    return rows;\n}\n\nfunction loadJSON(data, callback) {   \n\n    const xobj = new XMLHttpRequest();\n    xobj.overrideMimeType(\"txt\/csv\");\n    xobj.open(\"GET\", data, true);\n    xobj.onreadystatechange = function() {\n          if (xobj.readyState == 4 && (xobj.status == \"200\" || xobj.status == \"0\")) {\n            \/\/ Required use of an anonymous callback as .open will NOT return a value but simply returns undefined in asynchronous mode\n            callback(xobj.responseText);\n          }\n    };\n    xobj.send(null);\n}\n\n\nfunction init(csv){\n\n        loadJSON(csv, function(data){\n            const csvData = readCSV(data, \";\");\n            \n            const intViewportWidth = window.innerWidth;\n            let zoom;\n          \tif (intViewportWidth <= 768) {\n              zoom = 6.5;\n            } else {\n              zoom = 7.5;\n            }\n            \n          const map = L.map('uebersichtskarte', {minZoom: 7.5}).setView([46.84786, 8.25677], zoom);\n            const url = 'https:\/\/wmts10.geo.admin.ch\/1.0.0\/ch.swisstopo.pixelkarte-farbe\/default\/current\/3857\/{z}\/{x}\/{y}.jpeg';\n            const siteIcon = L.icon({\n                iconUrl: 'https:\/\/agripedia.ch\/wasserversorgung\/wp-content\/uploads\/sites\/29\/2020\/04\/icon-water-supply.png',\n                shadowUrl: 'https:\/\/agripedia.ch\/wasserversorgung\/wp-content\/uploads\/sites\/29\/2020\/04\/icon-water-supply-shadow.png',\n\n                iconSize:     [70,62], \/\/ size of the icon\n                shadowSize:   [70,62], \/\/ size of the shadow\n                iconAnchor:   [30,55], \/\/ point of the icon which will correspond to marker's location\n                shadowAnchor: [30,55],  \/\/ the same for the shadow\n                popupAnchor:  [2,-49] \/\/ point from which the popup should open relative to the iconAnchor\n            });\n\n            L.tileLayer(url, {\n              \tlayers: 'ch.swisstopo.pixelkarte-farbe-pk1000.noscale',\n                attribution: '\u00a9 Daten: <a href=\"https:\/\/www.swisstopo.admin.ch\/\">swisstopo<\/a>. Icons made by <a href=\"https:\/\/www.flaticon.com\/authors\/freepik\" title=\"Freepik\">Freepik<\/a> from <a href=\"https:\/\/www.flaticon.com\/\" title=\"Flaticon\">www.flaticon.com<\/a>'\n            }).addTo(map);\n\n            for (let i = 0; i < csvData.items.length; i++) {\n              \tlet content = '<div class=\"agri-leaflet-popup-content\"><a href=\"' + csvData.items[i].link + '\" target=\"_self\">'+ '<h6><span style=\"color:' + csvData.items[i].color + ';\">' + csvData.items[i].name + '<\/span><\/h6><\/a><p>' + csvData.items[i].ort + '<br \/>' + csvData.items[i].lage + '<br \/><a href=\"' + csvData.items[i].link + '\" target=\"_self\">Portr\u00e4t ansehen ...<\/a><\/p><\/div>'\n                L.marker([csvData.items[i].lat, csvData.items[i].lng], {icon: siteIcon}).addTo(map).bindPopup(content);\n            }\n        });\n\n\n\n}\n\ninit(\"https:\/\/agripedia.ch\/wasserversorgung\/wp-content\/uploads\/sites\/29\/leafletjs\/alp-standorte.csv\");\n\n<\/script><div class=\"fusion-text fusion-text-2\"><h4>F\u00fcnf Portr\u00e4ts<\/h4>\n<p>Die <a href=\"https:\/\/www.agridea.ch\/\" target=\"_blank\" rel=\"noopener noreferrer\">AGRIDEA<\/a> und die <a href=\"https:\/\/www.berghilfe.ch\/\" target=\"_blank\" rel=\"noopener noreferrer\">Schweizer Berghilfe<\/a> zeigen dies anhand von f\u00fcnf Portraits \u00fcber zukunftsgerichtete Projekte zur Wasserversorgung im Schweizer S\u00f6mmerungsgebiet.<\/p>\n<p>AlpbewirtschafterInnen, Alpeigent\u00fcmerInnen, BeraterInnen und weitere Akteure sollen von den vorhandenen Erfahrungen und dem vielf\u00e4ltigen Wissen aus den Projekten profitieren und eigene, nachhaltige Strategien entwickeln k\u00f6nnen.<\/p>\n<\/div><div class=\"fusion-builder-row fusion-builder-row-inner fusion-row\"><div class=\"fusion-layout-column fusion_builder_column_inner fusion-builder-nested-column-0 fusion_builder_column_inner_1_5 1_5 fusion-one-fifth fusion-column-first\" style=\"--awb-bg-size:cover;width:20%;width:calc(20% - ( ( 4% + 4% + 4% + 4% ) * 0.2 ) );margin-right: 4%;\"><div class=\"fusion-column-wrapper fusion-column-has-shadow fusion-flex-column-wrapper-legacy\"><div class=\"fusion-image-element in-legacy-container\" style=\"--awb-caption-title-font-family:var(--h2_typography-font-family);--awb-caption-title-font-weight:var(--h2_typography-font-weight);--awb-caption-title-font-style:var(--h2_typography-font-style);--awb-caption-title-size:var(--h2_typography-font-size);--awb-caption-title-transform:var(--h2_typography-text-transform);--awb-caption-title-line-height:var(--h2_typography-line-height);--awb-caption-title-letter-spacing:var(--h2_typography-letter-spacing);\"><span class=\" fusion-imageframe imageframe-none imageframe-1 hover-type-none agri-img-border\"><a class=\"fusion-no-lightbox\" href=\"..\/wasserversorgung\/breccaschlund\/\" target=\"_self\" aria-label=\"Breccaschlund\"><img decoding=\"async\" width=\"424\" height=\"600\" src=\"https:\/\/agripedia.ch\/wasserversorgung\/wp-content\/uploads\/sites\/29\/2020\/05\/titel_breccaschlund_d.jpg\" alt class=\"img-responsive wp-image-458\" srcset=\"https:\/\/agripedia.ch\/wasserversorgung\/wp-content\/uploads\/sites\/29\/2020\/05\/titel_breccaschlund_d-200x283.jpg 200w, https:\/\/agripedia.ch\/wasserversorgung\/wp-content\/uploads\/sites\/29\/2020\/05\/titel_breccaschlund_d-400x566.jpg 400w, https:\/\/agripedia.ch\/wasserversorgung\/wp-content\/uploads\/sites\/29\/2020\/05\/titel_breccaschlund_d.jpg 424w\" sizes=\"(max-width: 800px) 100vw, 200px\" \/><\/a><\/span><\/div><div class=\"fusion-clearfix\"><\/div><\/div><\/div><div class=\"fusion-layout-column fusion_builder_column_inner fusion-builder-nested-column-1 fusion_builder_column_inner_1_5 1_5 fusion-one-fifth\" style=\"--awb-bg-size:cover;width:20%;width:calc(20% - ( ( 4% + 4% + 4% + 4% ) * 0.2 ) );margin-right: 4%;\"><div class=\"fusion-column-wrapper fusion-column-has-shadow fusion-flex-column-wrapper-legacy\"><div class=\"fusion-image-element in-legacy-container\" style=\"--awb-caption-title-font-family:var(--h2_typography-font-family);--awb-caption-title-font-weight:var(--h2_typography-font-weight);--awb-caption-title-font-style:var(--h2_typography-font-style);--awb-caption-title-size:var(--h2_typography-font-size);--awb-caption-title-transform:var(--h2_typography-text-transform);--awb-caption-title-line-height:var(--h2_typography-line-height);--awb-caption-title-letter-spacing:var(--h2_typography-letter-spacing);\"><span class=\" fusion-imageframe imageframe-none imageframe-2 hover-type-none agri-img-border\"><a class=\"fusion-no-lightbox\" href=\"..\/wasserversorgung\/schinboden\/\" target=\"_self\" aria-label=\"Schinboden\"><img decoding=\"async\" width=\"424\" height=\"600\" src=\"https:\/\/agripedia.ch\/wasserversorgung\/wp-content\/uploads\/sites\/29\/2020\/05\/titel_schinboden_d.jpg\" alt class=\"img-responsive wp-image-466\" srcset=\"https:\/\/agripedia.ch\/wasserversorgung\/wp-content\/uploads\/sites\/29\/2020\/05\/titel_schinboden_d-200x283.jpg 200w, https:\/\/agripedia.ch\/wasserversorgung\/wp-content\/uploads\/sites\/29\/2020\/05\/titel_schinboden_d-400x566.jpg 400w, https:\/\/agripedia.ch\/wasserversorgung\/wp-content\/uploads\/sites\/29\/2020\/05\/titel_schinboden_d.jpg 424w\" sizes=\"(max-width: 800px) 100vw, 200px\" \/><\/a><\/span><\/div><div class=\"fusion-clearfix\"><\/div><\/div><\/div><div class=\"fusion-layout-column fusion_builder_column_inner fusion-builder-nested-column-2 fusion_builder_column_inner_1_5 1_5 fusion-one-fifth\" style=\"--awb-bg-size:cover;width:20%;width:calc(20% - ( ( 4% + 4% + 4% + 4% ) * 0.2 ) );margin-right: 4%;\"><div class=\"fusion-column-wrapper fusion-column-has-shadow fusion-flex-column-wrapper-legacy\"><div class=\"fusion-image-element in-legacy-container\" style=\"--awb-caption-title-font-family:var(--h2_typography-font-family);--awb-caption-title-font-weight:var(--h2_typography-font-weight);--awb-caption-title-font-style:var(--h2_typography-font-style);--awb-caption-title-size:var(--h2_typography-font-size);--awb-caption-title-transform:var(--h2_typography-text-transform);--awb-caption-title-line-height:var(--h2_typography-line-height);--awb-caption-title-letter-spacing:var(--h2_typography-letter-spacing);\"><span class=\" fusion-imageframe imageframe-none imageframe-3 hover-type-none agri-img-border\"><a class=\"fusion-no-lightbox\" href=\"..\/wasserversorgung\/selamatt\/\" target=\"_self\" aria-label=\"Selamatt\"><img decoding=\"async\" width=\"424\" height=\"600\" src=\"https:\/\/agripedia.ch\/wasserversorgung\/wp-content\/uploads\/sites\/29\/2020\/05\/titel_selamatt_d.jpg\" alt class=\"img-responsive wp-image-470\" srcset=\"https:\/\/agripedia.ch\/wasserversorgung\/wp-content\/uploads\/sites\/29\/2020\/05\/titel_selamatt_d-200x283.jpg 200w, https:\/\/agripedia.ch\/wasserversorgung\/wp-content\/uploads\/sites\/29\/2020\/05\/titel_selamatt_d-400x566.jpg 400w, https:\/\/agripedia.ch\/wasserversorgung\/wp-content\/uploads\/sites\/29\/2020\/05\/titel_selamatt_d.jpg 424w\" sizes=\"(max-width: 800px) 100vw, 200px\" \/><\/a><\/span><\/div><div class=\"fusion-clearfix\"><\/div><\/div><\/div><div class=\"fusion-layout-column fusion_builder_column_inner fusion-builder-nested-column-3 fusion_builder_column_inner_1_5 1_5 fusion-one-fifth\" style=\"--awb-bg-size:cover;width:20%;width:calc(20% - ( ( 4% + 4% + 4% + 4% ) * 0.2 ) );margin-right: 4%;\"><div class=\"fusion-column-wrapper fusion-column-has-shadow fusion-flex-column-wrapper-legacy\"><div class=\"fusion-image-element in-legacy-container\" style=\"--awb-caption-title-font-family:var(--h2_typography-font-family);--awb-caption-title-font-weight:var(--h2_typography-font-weight);--awb-caption-title-font-style:var(--h2_typography-font-style);--awb-caption-title-size:var(--h2_typography-font-size);--awb-caption-title-transform:var(--h2_typography-text-transform);--awb-caption-title-line-height:var(--h2_typography-line-height);--awb-caption-title-letter-spacing:var(--h2_typography-letter-spacing);\"><span class=\" fusion-imageframe imageframe-none imageframe-4 hover-type-none agri-img-border\"><a class=\"fusion-no-lightbox\" href=\"..\/wasserversorgung\/le-suchet\/\" target=\"_self\" aria-label=\"Le Suchet\"><img decoding=\"async\" width=\"424\" height=\"600\" src=\"https:\/\/agripedia.ch\/wasserversorgung\/wp-content\/uploads\/sites\/29\/2020\/05\/titel_le-suchet_d.jpg\" alt class=\"img-responsive wp-image-462\" srcset=\"https:\/\/agripedia.ch\/wasserversorgung\/wp-content\/uploads\/sites\/29\/2020\/05\/titel_le-suchet_d-200x283.jpg 200w, https:\/\/agripedia.ch\/wasserversorgung\/wp-content\/uploads\/sites\/29\/2020\/05\/titel_le-suchet_d-400x566.jpg 400w, https:\/\/agripedia.ch\/wasserversorgung\/wp-content\/uploads\/sites\/29\/2020\/05\/titel_le-suchet_d.jpg 424w\" sizes=\"(max-width: 800px) 100vw, 200px\" \/><\/a><\/span><\/div><div class=\"fusion-clearfix\"><\/div><\/div><\/div><div class=\"fusion-layout-column fusion_builder_column_inner fusion-builder-nested-column-4 fusion_builder_column_inner_1_5 1_5 fusion-one-fifth fusion-column-last\" style=\"--awb-bg-size:cover;width:20%;width:calc(20% - ( ( 4% + 4% + 4% + 4% ) * 0.2 ) );\"><div class=\"fusion-column-wrapper fusion-column-has-shadow fusion-flex-column-wrapper-legacy\"><div class=\"fusion-image-element in-legacy-container\" style=\"--awb-caption-title-font-family:var(--h2_typography-font-family);--awb-caption-title-font-weight:var(--h2_typography-font-weight);--awb-caption-title-font-style:var(--h2_typography-font-style);--awb-caption-title-size:var(--h2_typography-font-size);--awb-caption-title-transform:var(--h2_typography-text-transform);--awb-caption-title-line-height:var(--h2_typography-line-height);--awb-caption-title-letter-spacing:var(--h2_typography-letter-spacing);\"><span class=\" fusion-imageframe imageframe-none imageframe-5 hover-type-none agri-img-border\"><a class=\"fusion-no-lightbox\" href=\"http:\/\/..\/wasserversorgung\/untervazer-alpen\/%20\" target=\"_self\" aria-label=\"Untervaz\"><img decoding=\"async\" width=\"424\" height=\"600\" src=\"https:\/\/agripedia.ch\/wasserversorgung\/wp-content\/uploads\/sites\/29\/2020\/05\/titel_untervaz_d.jpg\" alt class=\"img-responsive wp-image-474\" srcset=\"https:\/\/agripedia.ch\/wasserversorgung\/wp-content\/uploads\/sites\/29\/2020\/05\/titel_untervaz_d-200x283.jpg 200w, https:\/\/agripedia.ch\/wasserversorgung\/wp-content\/uploads\/sites\/29\/2020\/05\/titel_untervaz_d-400x566.jpg 400w, https:\/\/agripedia.ch\/wasserversorgung\/wp-content\/uploads\/sites\/29\/2020\/05\/titel_untervaz_d.jpg 424w\" sizes=\"(max-width: 800px) 100vw, 200px\" \/><\/a><\/span><\/div><div class=\"fusion-clearfix\"><\/div><\/div><\/div><\/div><div class=\"fusion-clearfix\"><\/div><\/div><\/div><\/div><\/div>\n","protected":false},"excerpt":{"rendered":"","protected":false},"author":26,"featured_media":0,"parent":0,"menu_order":0,"comment_status":"closed","ping_status":"closed","template":"","meta":{"_sb_is_suggestion_mode":false,"_sb_show_suggestion_boards":false,"_sb_show_comment_boards":false,"_sb_suggestion_history":"","_sb_update_block_changes":"","_monsterinsights_skip_tracking":false,"_monsterinsights_sitenote_active":false,"_monsterinsights_sitenote_note":"","_monsterinsights_sitenote_category":0,"footnotes":""},"class_list":["post-49","page","type-page","status-publish","hentry"],"_links":{"self":[{"href":"https:\/\/agripedia.ch\/wasserversorgung\/wp-json\/wp\/v2\/pages\/49","targetHints":{"allow":["GET"]}}],"collection":[{"href":"https:\/\/agripedia.ch\/wasserversorgung\/wp-json\/wp\/v2\/pages"}],"about":[{"href":"https:\/\/agripedia.ch\/wasserversorgung\/wp-json\/wp\/v2\/types\/page"}],"author":[{"embeddable":true,"href":"https:\/\/agripedia.ch\/wasserversorgung\/wp-json\/wp\/v2\/users\/26"}],"replies":[{"embeddable":true,"href":"https:\/\/agripedia.ch\/wasserversorgung\/wp-json\/wp\/v2\/comments?post=49"}],"version-history":[{"count":59,"href":"https:\/\/agripedia.ch\/wasserversorgung\/wp-json\/wp\/v2\/pages\/49\/revisions"}],"predecessor-version":[{"id":530,"href":"https:\/\/agripedia.ch\/wasserversorgung\/wp-json\/wp\/v2\/pages\/49\/revisions\/530"}],"wp:attachment":[{"href":"https:\/\/agripedia.ch\/wasserversorgung\/wp-json\/wp\/v2\/media?parent=49"}],"curies":[{"name":"wp","href":"https:\/\/api.w.org\/{rel}","templated":true}]}}