{"id":241,"date":"2020-05-18T01:54:47","date_gmt":"2020-05-18T01:54:47","guid":{"rendered":"https:\/\/agripedia.ch\/wasserversorgung\/?page_id=241"},"modified":"2020-11-13T11:12:23","modified_gmt":"2020-11-13T11:12:23","slug":"uebersicht","status":"publish","type":"page","link":"https:\/\/agripedia.ch\/wasserversorgung\/fr\/","title":{"rendered":"\u00dcbersicht"},"content":{"rendered":"<div class=\"fusion-fullwidth fullwidth-box fusion-builder-row-1 nonhundred-percent-fullwidth non-hundred-percent-height-scrolling\" style=\"--awb-border-radius-top-left:0px;--awb-border-radius-top-right:0px;--awb-border-radius-bottom-right:0px;--awb-border-radius-bottom-left:0px;--awb-flex-wrap:wrap;\" ><div class=\"fusion-builder-row fusion-row\"><div class=\"fusion-layout-column fusion_builder_column fusion-builder-column-0 fusion_builder_column_1_1 1_1 fusion-one-full fusion-column-first fusion-column-last\" style=\"--awb-bg-size:cover;\"><div class=\"fusion-column-wrapper fusion-column-has-shadow fusion-flex-column-wrapper-legacy\"><div class=\"fusion-title title fusion-title-1 fusion-sep-none fusion-title-text fusion-title-size-two\"><h2 class=\"fusion-title-heading title-heading-left fusion-responsive-typography-calculated\" style=\"margin:0;--fontSize:40;line-height:1.5;\">\u00c9conomie alpestre et changement climatique<\/h2><\/div><div class=\"fusion-title title fusion-title-2 fusion-sep-none fusion-title-text fusion-title-size-three agri-subtitle-h3\"><h3 class=\"fusion-title-heading title-heading-left fusion-responsive-typography-calculated\" style=\"margin:0;--fontSize:30;line-height:1.5;\">Apprendre l\u2018usage rationnel de l\u2018eau<\/h3><\/div><div class=\"fusion-text fusion-text-1\"><p><em>La r\u00e9gion alpine est particuli\u00e8rement touch\u00e9e par le changement climatique. On observe un nombre croissant de fortes pr\u00e9cipitations et de longues p\u00e9riodes de s\u00e9cheresse. Les sc\u00e9narios de la recherche sur le climat sont confirm\u00e9s dans la r\u00e9alit\u00e9. L\u2019ann\u00e9e 2018, extr\u00eamement s\u00e8che, nous a montr\u00e9 que m\u00eame des zones d\u2019alpages qui ont toujours b\u00e9n\u00e9fici\u00e9 de pr\u00e9cipitations suffisantes peuvent soudainement souffrir de p\u00e9nuries d\u2019eau. Comment l\u2019\u00e9conomie alpestre peut-elle relever ces nouveaux d\u00e9fis de mani\u00e8re cibl\u00e9e ?<\/em><\/p>\n<\/div><div class=\"agri-leaflet-map\" id=\"uebersichtskarte\"><\/div>\n<p class=\"agri-map-caption\">S\u00e9lectionnez l'un des cinq portraits sur la carte.<\/p>\n<script>\n\n\/\/ Read CSV\nfunction readCSV(txt, sep) {\n    \/\/ converts the CSV file into a javascript object\n    const lines = txt.split(\"\\n\");\n    const keys = lines[0].split(sep);\n    const rows = getRows(lines.slice(1,lines.length), sep);\n    const items = [];\n\n    for(let i=0; i < rows.length; i++){\n        let item = {};\n\n        for(let j = 0; j < rows[i].length; j++){\n            item[keys[j].trim()] = rows[i][j].trim();\n            }\n        items.push(item);\n        }\n\n    return {\n        \"items\": items,\n        \"keys\": keys\n    };\n}\n\n\/\/ helper function for readCSV() that splits the rows of the CSV file\nfunction getRows(listOfRows, sep){\n    const rows = []\n    for(let i=0; i < listOfRows.length; i++){\n        rows.push(listOfRows[i].split(sep));\n        }\n    return rows;\n}\n\nfunction loadJSON(data, callback) {   \n\n    const xobj = new XMLHttpRequest();\n    xobj.overrideMimeType(\"txt\/csv\");\n    xobj.open(\"GET\", data, true);\n    xobj.onreadystatechange = function() {\n          if (xobj.readyState == 4 && (xobj.status == \"200\" || xobj.status == \"0\")) {\n            \/\/ Required use of an anonymous callback as .open will NOT return a value but simply returns undefined in asynchronous mode\n            callback(xobj.responseText);\n          }\n    };\n    xobj.send(null);\n}\n\n\nfunction init(csv){\n\n        loadJSON(csv, function(data){\n            const csvData = readCSV(data, \";\");\n            console.log(csvData);\n            const intViewportWidth = window.innerWidth;\n            let zoom;\n          \tif (intViewportWidth <= 768) {\n              zoom = 6.5;\n            } else {\n              zoom = 7.5;\n            }\n            \n          const map = L.map('uebersichtskarte', {minZoom: 7.5}).setView([46.84786, 8.25677], zoom);\n            const url = 'https:\/\/wmts10.geo.admin.ch\/1.0.0\/ch.swisstopo.pixelkarte-farbe\/default\/current\/3857\/{z}\/{x}\/{y}.jpeg';\n            const siteIcon = L.icon({\n                iconUrl: 'https:\/\/agripedia.ch\/wasserversorgung\/wp-content\/uploads\/sites\/29\/2020\/04\/icon-water-supply.png',\n                shadowUrl: 'https:\/\/agripedia.ch\/wasserversorgung\/wp-content\/uploads\/sites\/29\/2020\/04\/icon-water-supply-shadow.png',\n\n                iconSize:     [70,62], \/\/ size of the icon\n                shadowSize:   [70,62], \/\/ size of the shadow\n                iconAnchor:   [30,55], \/\/ point of the icon which will correspond to marker's location\n                shadowAnchor: [30,55],  \/\/ the same for the shadow\n                popupAnchor:  [2,-49] \/\/ point from which the popup should open relative to the iconAnchor\n            });\n\n            L.tileLayer(url, {\n              \tlayers: 'ch.swisstopo.pixelkarte-farbe-pk1000.noscale',\n                attribution: '\u00a9 Daten: <a href=\"https:\/\/www.swisstopo.admin.ch\/\">swisstopo<\/a>. Icons made by <a href=\"https:\/\/www.flaticon.com\/authors\/freepik\" title=\"Freepik\">Freepik<\/a> from <a href=\"https:\/\/www.flaticon.com\/\" title=\"Flaticon\">www.flaticon.com<\/a>'\n            }).addTo(map);\n\n            for (let i = 0; i < csvData.items.length; i++) {\n              \tlet content = '<div class=\"agri-leaflet-popup-content\"><a href=\"' + csvData.items[i].link + '\" target=\"_self\">' + '<h6><span style=\"color:' + csvData.items[i].color + ';\">' + csvData.items[i].name + '<\/span><\/h6><\/a><p>' + csvData.items[i].ort + '<br \/>' + csvData.items[i].lage + '<br \/><a href=\"' + csvData.items[i].link + '\" target=\"_self\">En savoir plus ...<\/a><\/p><\/div>'\n                L.marker([csvData.items[i].lat, csvData.items[i].lng], {icon: siteIcon}).addTo(map).bindPopup(content);\n            }\n        });\n\n\n\n}\n\ninit(\"https:\/\/agripedia.ch\/wasserversorgung\/wp-content\/uploads\/sites\/29\/leafletjs\/alp-sites.csv\");\n\n<\/script><div class=\"fusion-text fusion-text-2\"><h4>Cinq portraits<\/h4>\n<p><a href=\"https:\/\/www.agridea.ch\/fr\" target=\"_blank\" rel=\"noopener noreferrer\">AGRIDEA<\/a> et l\u2019<a href=\"https:\/\/www.berghilfe.ch\/\" target=\"_blank\" rel=\"noopener noreferrer\">Aide suisse \u00e0 la montagne<\/a> le montrent dans cinq portraits. Ils d\u00e9crivent des projets d\u2019approvisionnement en eau orient\u00e9s vers l\u2019avenir, dans l\u2019espace d\u2019estivage suisse.<\/p>\n<p>Les alpagistes, les propri\u00e9taires d\u2019alpages, les conseillers et les autres acteurs doivent profiter de l\u2019exp\u00e9rience et des connaissances acquises dans le cadre des projets afin de pouvoir \u00e9laborer leurs propres strat\u00e9gies durables.<\/p>\n<\/div><div class=\"fusion-builder-row fusion-builder-row-inner fusion-row\"><div class=\"fusion-layout-column fusion_builder_column_inner fusion-builder-nested-column-0 fusion_builder_column_inner_1_5 1_5 fusion-one-fifth fusion-column-first\" style=\"--awb-bg-size:cover;width:20%;width:calc(20% - ( ( 4% + 4% + 4% + 4% ) * 0.2 ) );margin-right: 4%;\"><div class=\"fusion-column-wrapper fusion-column-has-shadow fusion-flex-column-wrapper-legacy\"><div class=\"fusion-image-element in-legacy-container\" style=\"--awb-caption-title-font-family:var(--h2_typography-font-family);--awb-caption-title-font-weight:var(--h2_typography-font-weight);--awb-caption-title-font-style:var(--h2_typography-font-style);--awb-caption-title-size:var(--h2_typography-font-size);--awb-caption-title-transform:var(--h2_typography-text-transform);--awb-caption-title-line-height:var(--h2_typography-line-height);--awb-caption-title-letter-spacing:var(--h2_typography-letter-spacing);\"><span class=\" fusion-imageframe imageframe-none imageframe-1 hover-type-none agri-img-border\"><a class=\"fusion-no-lightbox\" href=\"\/wasserversorgung\/fr\/breccaschlund\/\" target=\"_self\" aria-label=\"Breccaschlund\"><img decoding=\"async\" width=\"424\" height=\"600\" src=\"https:\/\/agripedia.ch\/wasserversorgung\/wp-content\/uploads\/sites\/29\/2020\/05\/titel_breccaschlund_f.jpg\" alt class=\"img-responsive wp-image-459\" srcset=\"https:\/\/agripedia.ch\/wasserversorgung\/wp-content\/uploads\/sites\/29\/2020\/05\/titel_breccaschlund_f-200x283.jpg 200w, https:\/\/agripedia.ch\/wasserversorgung\/wp-content\/uploads\/sites\/29\/2020\/05\/titel_breccaschlund_f-400x566.jpg 400w, https:\/\/agripedia.ch\/wasserversorgung\/wp-content\/uploads\/sites\/29\/2020\/05\/titel_breccaschlund_f.jpg 424w\" sizes=\"(max-width: 800px) 100vw, 200px\" \/><\/a><\/span><\/div><div class=\"fusion-clearfix\"><\/div><\/div><\/div><div class=\"fusion-layout-column fusion_builder_column_inner fusion-builder-nested-column-1 fusion_builder_column_inner_1_5 1_5 fusion-one-fifth\" style=\"--awb-bg-size:cover;width:20%;width:calc(20% - ( ( 4% + 4% + 4% + 4% ) * 0.2 ) );margin-right: 4%;\"><div class=\"fusion-column-wrapper fusion-column-has-shadow fusion-flex-column-wrapper-legacy\"><div class=\"fusion-image-element in-legacy-container\" style=\"--awb-caption-title-font-family:var(--h2_typography-font-family);--awb-caption-title-font-weight:var(--h2_typography-font-weight);--awb-caption-title-font-style:var(--h2_typography-font-style);--awb-caption-title-size:var(--h2_typography-font-size);--awb-caption-title-transform:var(--h2_typography-text-transform);--awb-caption-title-line-height:var(--h2_typography-line-height);--awb-caption-title-letter-spacing:var(--h2_typography-letter-spacing);\"><span class=\" fusion-imageframe imageframe-none imageframe-2 hover-type-none agri-img-border\"><a class=\"fusion-no-lightbox\" href=\"\/wasserversorgung\/fr\/schinboden\/\" target=\"_self\" aria-label=\"Schinboden\"><img decoding=\"async\" width=\"424\" height=\"600\" src=\"https:\/\/agripedia.ch\/wasserversorgung\/wp-content\/uploads\/sites\/29\/2020\/05\/titel_schinboden_f.jpg\" alt class=\"img-responsive wp-image-467\" srcset=\"https:\/\/agripedia.ch\/wasserversorgung\/wp-content\/uploads\/sites\/29\/2020\/05\/titel_schinboden_f-200x283.jpg 200w, https:\/\/agripedia.ch\/wasserversorgung\/wp-content\/uploads\/sites\/29\/2020\/05\/titel_schinboden_f-400x566.jpg 400w, https:\/\/agripedia.ch\/wasserversorgung\/wp-content\/uploads\/sites\/29\/2020\/05\/titel_schinboden_f.jpg 424w\" sizes=\"(max-width: 800px) 100vw, 200px\" \/><\/a><\/span><\/div><div class=\"fusion-clearfix\"><\/div><\/div><\/div><div class=\"fusion-layout-column fusion_builder_column_inner fusion-builder-nested-column-2 fusion_builder_column_inner_1_5 1_5 fusion-one-fifth\" style=\"--awb-bg-size:cover;width:20%;width:calc(20% - ( ( 4% + 4% + 4% + 4% ) * 0.2 ) );margin-right: 4%;\"><div class=\"fusion-column-wrapper fusion-column-has-shadow fusion-flex-column-wrapper-legacy\"><div class=\"fusion-image-element in-legacy-container\" style=\"--awb-caption-title-font-family:var(--h2_typography-font-family);--awb-caption-title-font-weight:var(--h2_typography-font-weight);--awb-caption-title-font-style:var(--h2_typography-font-style);--awb-caption-title-size:var(--h2_typography-font-size);--awb-caption-title-transform:var(--h2_typography-text-transform);--awb-caption-title-line-height:var(--h2_typography-line-height);--awb-caption-title-letter-spacing:var(--h2_typography-letter-spacing);\"><span class=\" fusion-imageframe imageframe-none imageframe-3 hover-type-none agri-img-border\"><a class=\"fusion-no-lightbox\" href=\"\/wasserversorgung\/fr\/selamatt\/\" target=\"_self\" aria-label=\"Selamatt\"><img decoding=\"async\" width=\"424\" height=\"600\" src=\"https:\/\/agripedia.ch\/wasserversorgung\/wp-content\/uploads\/sites\/29\/2020\/05\/titel_selamatt_f.jpg\" alt class=\"img-responsive wp-image-471\" srcset=\"https:\/\/agripedia.ch\/wasserversorgung\/wp-content\/uploads\/sites\/29\/2020\/05\/titel_selamatt_f-200x283.jpg 200w, https:\/\/agripedia.ch\/wasserversorgung\/wp-content\/uploads\/sites\/29\/2020\/05\/titel_selamatt_f-400x566.jpg 400w, https:\/\/agripedia.ch\/wasserversorgung\/wp-content\/uploads\/sites\/29\/2020\/05\/titel_selamatt_f.jpg 424w\" sizes=\"(max-width: 800px) 100vw, 200px\" \/><\/a><\/span><\/div><div class=\"fusion-clearfix\"><\/div><\/div><\/div><div class=\"fusion-layout-column fusion_builder_column_inner fusion-builder-nested-column-3 fusion_builder_column_inner_1_5 1_5 fusion-one-fifth\" style=\"--awb-bg-size:cover;width:20%;width:calc(20% - ( ( 4% + 4% + 4% + 4% ) * 0.2 ) );margin-right: 4%;\"><div class=\"fusion-column-wrapper fusion-column-has-shadow fusion-flex-column-wrapper-legacy\"><div class=\"fusion-image-element in-legacy-container\" style=\"--awb-caption-title-font-family:var(--h2_typography-font-family);--awb-caption-title-font-weight:var(--h2_typography-font-weight);--awb-caption-title-font-style:var(--h2_typography-font-style);--awb-caption-title-size:var(--h2_typography-font-size);--awb-caption-title-transform:var(--h2_typography-text-transform);--awb-caption-title-line-height:var(--h2_typography-line-height);--awb-caption-title-letter-spacing:var(--h2_typography-letter-spacing);\"><span class=\" fusion-imageframe imageframe-none imageframe-4 hover-type-none agri-img-border\"><a class=\"fusion-no-lightbox\" href=\"\/wasserversorgung\/fr\/le-suchet\/\" target=\"_self\" aria-label=\"Le Suchet\"><img decoding=\"async\" width=\"424\" height=\"600\" src=\"https:\/\/agripedia.ch\/wasserversorgung\/wp-content\/uploads\/sites\/29\/2020\/05\/titel_le-suchet_f.jpg\" alt class=\"img-responsive wp-image-463\" srcset=\"https:\/\/agripedia.ch\/wasserversorgung\/wp-content\/uploads\/sites\/29\/2020\/05\/titel_le-suchet_f-200x283.jpg 200w, https:\/\/agripedia.ch\/wasserversorgung\/wp-content\/uploads\/sites\/29\/2020\/05\/titel_le-suchet_f-400x566.jpg 400w, https:\/\/agripedia.ch\/wasserversorgung\/wp-content\/uploads\/sites\/29\/2020\/05\/titel_le-suchet_f.jpg 424w\" sizes=\"(max-width: 800px) 100vw, 200px\" \/><\/a><\/span><\/div><div class=\"fusion-clearfix\"><\/div><\/div><\/div><div class=\"fusion-layout-column fusion_builder_column_inner fusion-builder-nested-column-4 fusion_builder_column_inner_1_5 1_5 fusion-one-fifth fusion-column-last\" style=\"--awb-bg-size:cover;width:20%;width:calc(20% - ( ( 4% + 4% + 4% + 4% ) * 0.2 ) );\"><div class=\"fusion-column-wrapper fusion-column-has-shadow fusion-flex-column-wrapper-legacy\"><div class=\"fusion-image-element in-legacy-container\" style=\"--awb-caption-title-font-family:var(--h2_typography-font-family);--awb-caption-title-font-weight:var(--h2_typography-font-weight);--awb-caption-title-font-style:var(--h2_typography-font-style);--awb-caption-title-size:var(--h2_typography-font-size);--awb-caption-title-transform:var(--h2_typography-text-transform);--awb-caption-title-line-height:var(--h2_typography-line-height);--awb-caption-title-letter-spacing:var(--h2_typography-letter-spacing);\"><span class=\" fusion-imageframe imageframe-none imageframe-5 hover-type-none agri-img-border\"><a class=\"fusion-no-lightbox\" href=\"\/wasserversorgung\/fr\/untervazer-alpen\/%20\" target=\"_self\" aria-label=\"Untervaz\"><img decoding=\"async\" width=\"424\" height=\"600\" src=\"https:\/\/agripedia.ch\/wasserversorgung\/wp-content\/uploads\/sites\/29\/2020\/05\/titel_untervaz_f.jpg\" alt class=\"img-responsive wp-image-455\" srcset=\"https:\/\/agripedia.ch\/wasserversorgung\/wp-content\/uploads\/sites\/29\/2020\/05\/titel_untervaz_f-200x283.jpg 200w, https:\/\/agripedia.ch\/wasserversorgung\/wp-content\/uploads\/sites\/29\/2020\/05\/titel_untervaz_f-400x566.jpg 400w, https:\/\/agripedia.ch\/wasserversorgung\/wp-content\/uploads\/sites\/29\/2020\/05\/titel_untervaz_f.jpg 424w\" sizes=\"(max-width: 800px) 100vw, 200px\" \/><\/a><\/span><\/div><div class=\"fusion-clearfix\"><\/div><\/div><\/div><\/div><div class=\"fusion-clearfix\"><\/div><\/div><\/div><\/div><\/div>\n","protected":false},"excerpt":{"rendered":"","protected":false},"author":26,"featured_media":0,"parent":0,"menu_order":0,"comment_status":"closed","ping_status":"closed","template":"","meta":{"_sb_is_suggestion_mode":false,"_sb_show_suggestion_boards":false,"_sb_show_comment_boards":false,"_sb_suggestion_history":"","_sb_update_block_changes":"","_monsterinsights_skip_tracking":false,"_monsterinsights_sitenote_active":false,"_monsterinsights_sitenote_note":"","_monsterinsights_sitenote_category":0,"footnotes":""},"class_list":["post-241","page","type-page","status-publish","hentry"],"_links":{"self":[{"href":"https:\/\/agripedia.ch\/wasserversorgung\/fr\/wp-json\/wp\/v2\/pages\/241","targetHints":{"allow":["GET"]}}],"collection":[{"href":"https:\/\/agripedia.ch\/wasserversorgung\/fr\/wp-json\/wp\/v2\/pages"}],"about":[{"href":"https:\/\/agripedia.ch\/wasserversorgung\/fr\/wp-json\/wp\/v2\/types\/page"}],"author":[{"embeddable":true,"href":"https:\/\/agripedia.ch\/wasserversorgung\/fr\/wp-json\/wp\/v2\/users\/26"}],"replies":[{"embeddable":true,"href":"https:\/\/agripedia.ch\/wasserversorgung\/fr\/wp-json\/wp\/v2\/comments?post=241"}],"version-history":[{"count":8,"href":"https:\/\/agripedia.ch\/wasserversorgung\/fr\/wp-json\/wp\/v2\/pages\/241\/revisions"}],"predecessor-version":[{"id":526,"href":"https:\/\/agripedia.ch\/wasserversorgung\/fr\/wp-json\/wp\/v2\/pages\/241\/revisions\/526"}],"wp:attachment":[{"href":"https:\/\/agripedia.ch\/wasserversorgung\/fr\/wp-json\/wp\/v2\/media?parent=241"}],"curies":[{"name":"wp","href":"https:\/\/api.w.org\/{rel}","templated":true}]}}