{"id":72,"date":"2019-12-16T01:54:17","date_gmt":"2019-12-16T00:54:17","guid":{"rendered":"https:\/\/agripedia.ch\/terminologie\/?page_id=72"},"modified":"2023-06-26T11:37:42","modified_gmt":"2023-06-26T10:37:42","slug":"anhang-1-betrieb-unternehmen-haushalt-privat","status":"publish","type":"page","link":"https:\/\/agripedia.ch\/terminologie\/anhaenge\/anhang-1-betrieb-unternehmen-haushalt-privat\/","title":{"rendered":"Anhang 1: Betrieb, Unternehmen, Haushalt, Privat"},"content":{"rendered":"<div class=\"fusion-fullwidth fullwidth-box fusion-builder-row-1 agri-term-article nonhundred-percent-fullwidth non-hundred-percent-height-scrolling\" style=\"--awb-border-radius-top-left:0px;--awb-border-radius-top-right:0px;--awb-border-radius-bottom-right:0px;--awb-border-radius-bottom-left:0px;--awb-flex-wrap:wrap;\" ><div class=\"fusion-builder-row fusion-row\"><div class=\"fusion-layout-column fusion_builder_column fusion-builder-column-0 fusion_builder_column_1_1 1_1 fusion-one-full fusion-column-first fusion-column-last\" style=\"--awb-bg-size:cover;\"><div class=\"fusion-column-wrapper fusion-flex-column-wrapper-legacy\"><div class=\"fusion-text fusion-text-1 agri-term-title\"><h2>Betrieb, Unternehmen, Haushalt, Privat<\/h2>\n<\/div><div class=\"fusion-text fusion-text-2 agri-term-content-table\"><h3>Inhalt<\/h3>\n<ul>\n<li><a href=\"#1\">Unternehmen und Betrieb<\/a><\/li>\n<li><a href=\"#2\">Haushalt<\/a><\/li>\n<li><a href=\"#3\">Das Unternehmen als System<\/a><\/li>\n<li><a href=\"#4\">Das Gesamtsystem Unternehmen bis Haushalt<\/a><\/li>\n<li><a href=\"#5\">Abgrenzungen und Zusammenh\u00e4nge im Gesamtsystem Unternehmen bis Haushalt<\/a><\/li>\n<\/ul>\n<\/div><div class=\"fusion-text fusion-text-3\" id=\"1\"><h3>Unternehmen und Betrieb<\/h3>\n<\/div><div class=\"fusion-text fusion-text-4\"><p>H\u00e4ufig wird f\u00fcr Unternehmen synonym Unternehmung oder Betrieb verwendet, sowohl umgangssprachlich als auch in<br \/>\nGesetzestexten sowie mitunter in der Fachliteratur.<\/p>\n<p>Das Unternehmen ist die Handlungseinheit der Eigent\u00fcmer zum Verfolgen privatwirtschaftlicher Ziele. Insofern ist ein Unternehmen eine selbstst\u00e4ndig planende und entscheidende, wirtschaftlich und rechnerisch selbstst\u00e4ndige Einheit, die Markt- und Kapitalrisiken (auf eigene Rechnung und Gefahr) \u00fcbernimmt und sich zur Verfolgung des Unternehmenszweckes und der Unternehmensziele einer oder mehrerer Betriebe bedient.<\/p>\n<p>Der Betrieb ist eine \u00f6rtliche, technische, wirtschaftliche und organisatorische Einheit zum Zwecke der Erstellung von G\u00fctern und Dienstleistungen, charakterisiert durch einen r\u00e4umlichen Zusammenhang und eine Organisation. Ein Betrieb ist immer dem Rechtstr\u00e4ger eines Unternehmens zugeordnet.<\/p>\n<p>Der Unterschied von Betrieb und Unternehmen wird im Besonderen deutlich bei der Unterscheidung von Wirtschaftlichkeit und Rentabilit\u00e4t. Wirtschaftlichkeit dr\u00fcckt sich aus in dem geringstm\u00f6glichen Einsatz von Mitteln (Faktoreinsatzmenge), um eine bestimmte betriebliche Leistung zu erbringen: Effizienz wird definiert als Maximum betriebstechnischer und organisatorischer Rationalit\u00e4t. Entgegen dieser Input-Output-Relation des betrieblichen Prozesses ist Rentabilit\u00e4t das Verh\u00e4ltnis des Erfolgs zum eingesetzten Kapital des Unternehmens, also der Unternehmenserfolg als die Summe von betriebsfremdem und Betriebsertrag im Verh\u00e4ltnis zum eingesetzten Eigenkapital (Gutenberg).<\/p>\n<p>Auch im Steuerrecht werden Betrieb, Unternehmen und Unternehmung teils synonym verwendet. Steuerrechtlich ist der betriebliche Leistungsprozess der Ansatzpunkt f\u00fcr die Besteuerung: Beschaffung betrieblicher Mittel, Erstellung betrieblicher Leistung, Ergebnis betrieblicher Leistung und \u00dcbertragung von Betriebsverm\u00f6gen. Steuerschuldner ist hingegen das Unternehmen als Rechtstr\u00e4ger, zu dessen Zweck (\u201eUnternehmensgegenstand\u201c) der Betrieb Leistung erstellt (Gabler Wirtschaftslexikon).<\/p>\n<p>Es gibt spezifische Definitionen f\u00fcr die landwirtschaftlichen Betriebe und die landwirtschaftlichen Unternehmen die in verschiedenen Gesetzen und Verordnungen definiert sind (Verordnungen zur landwirtschaftlichen Begriffsverordnung, \u00fcber die Beurteilung der Nachhaltigkeit in der Landwirtschaft, Bundesgesetz \u00fcber das b\u00e4uerliche Bodenrecht, etc.). Diese Definitionen sind nicht Teil dieser Publikation. Es wird mittels dynamischer Links auf die Definitionen in diesen offiziellen Quellen verwiesen.<\/p>\n<\/div><div class=\"fusion-text fusion-text-5\" id=\"2\"><h3>Haushalt<\/h3>\n<\/div><div class=\"fusion-text fusion-text-6\"><p>Haushalte sind prim\u00e4r dadurch charakterisiert, dass sie konsumorientiert sind, d. h. vor allem Konsumg\u00fcter verbrauchen. Der Konsum von G\u00fctern und Dienstleistungen \u2013 selbst geschaffene oder fremdbezogene \u2013 dient stets der Deckung des eigenen Bedarfs. Unternehmen lassen sich im Gegensatz zu Haushalten als produktionsorientierte Wirtschaftseinheiten umschreiben, die prim\u00e4r der Fremdbedarfsdeckung dienen (Thommen 2016).<\/p>\n<p>Siehe auch, im Hauptteil dieser Publikation, die Definition des Begriffs als \u201eWohn- und Verbrauchsgemeinschaft\u201c.<\/p>\n<\/div><div class=\"fusion-text fusion-text-7\" id=\"3\"><h3>Das Unternehmen als System, und das Gesamtsystem Unternehmen bis Haushalt<\/h3>\n<\/div><div class=\"fusion-text fusion-text-8\"><h4>Das Unternehmen als System<\/h4>\n<p>Das Unternehmen kann als ein offenes, dynamisches, komplexes, autonomes, marktgerichtetes produktives soziales System charakterisiert werden.<\/p>\n<p>Das Unternehmen:<\/p>\n<ul>\n<li>ist ein soziales System, in welchem Menschen als Individuen oder Gruppen t\u00e4tig sind und das Verhalten des Unternehmens<br \/>\nwesentlich beeinflussen,<\/li>\n<li>als offenes System mit seiner Umwelt dauernd Austauschprozesse durchf\u00fchrt und ist durch vielf\u00e4ltige Beziehungen<br \/>\nmit seiner Umwelt verbunden,<\/li>\n<li>besteht aus vielen einzelnen Elementen, deren Kombination zu einem Ganzen ein sehr komplexes System von Strukturen und Abl\u00e4ufen ergibt.<\/li>\n<\/ul>\n<p>Zwischen den Elementen eines Systems bestehen vielf\u00e4ltige und nicht ohne weiteres \u00fcberschaubare Beziehungen und diese Elemente sind durch nicht-lineare und verz\u00f6gerte Wechselwirkungen miteinander verkn\u00fcpft (R\u00fcckkopplungen). Aus diesem Systemverhalten resultieren Ergebnisse, die man als emergent (durch Zusammenwirken mehrerer Faktoren unerwartet neu auftretend, entstehend) bezeichnet.<\/p>\n<p>Das Wissen um die Eigenschaften von komplexen Systemen ist vor allem deshalb von grosser Bedeutung, weil damit aufgezeigt wird, dass sich Unternehmen nur beschr\u00e4nkt steuern lassen, dass aber trotzdem immer m\u00f6glichst viele Faktoren \u2013 zum Beispiel bei einer Problemanalyse \u2013 oder unterschiedliche Ergebnisse bestimmter Massnahmen und Aktionen in Betracht gezogen werden m\u00fcssen. Deshalb wird nicht nur f\u00fcr die Betriebswirtschaftslehre als Wissenschaft, sondern auch f\u00fcr die Praxis des Managements ein ganzheitliches und vernetztes Denken und Handeln gefordert (Thommen 2016).<\/p>\n<\/div><div class=\"fusion-text fusion-text-9\" id=\"4\"><h4>Das Gesamtsystem Unternehmen bis Haushalt<\/h4>\n<\/div><div class=\"fusion-text fusion-text-10\"><p>In der Schweiz geh\u00f6ren die landwirtschaftlichen Unternehmen mehrheitlich zur Kategorie \u201eFamilienunternehmen\u201c (siehe dazu die Definition im Hauptteil dieser Publikation).<\/p>\n<p>Laut Zellweger (2017) ist ein Familienunternehmen ein familiengef\u00fchrtes Unternehmen mit der Vision, die Familienkontrolle \u00fcber Generationen hinweg zu erhalten.<\/p>\n<p>Zus\u00e4tzlich sind es \u201eKleinunternehmen\u201c. Bei diesen ist die Verbindung zu Familienmitgliedern besonders eng und exklusiv. Die Familienmitglieder investieren in das Unternehmen und wohnen auch auf dem Betriebsgel\u00e4nde. Um diese Realit\u00e4t und die sich daraus ergebenden praktischen Folgen zu ber\u00fccksichtigen, ist es sinnvoll das System mit allen Komponenten \u201evom Unternehmen bis zum Haushalt\u201c zu betrachten (siehe Schema unten).<\/p>\n<p>So sieht Schmitt (1990) den Familienunternehmen in der Landwirtschaft als organisatorische Einheit von Betrieb\/Unternehmen und Haushalt, welche eine Kombination von landwirtschaftlicher und ausserlandwirtschaftlicher Erwerbst\u00e4tigkeit erlaubt bzw. erfordert. Nur mit dieser Haushalttheorie ist erkl\u00e4rbar, warum aus betriebswirtschaftlicher Sicht als \u201esuboptimal\u201c geltende Betriebsgr\u00f6ssen in Verbindung mit einer ausserbetrieblichen Verwendung der der Familie zur Verf\u00fcgung stehenden Ressourcen zu einer optimalen Allokation dieser Faktoren beitragen k\u00f6nnen.<\/p>\n<p>Im Jahr 2014 betrachtete Levallois das landwirtschaftliche Unternehmen als Ganzes oder als ein System \u201eUnternehmen und Familie\u201c. Ihm zufolge kann man das Funktionieren eines (landwirtschaftlichen) Unternehmens und die dort getroffenen Entscheidungen nicht verstehen, wenn man nicht gleichzeitig die Projekte der Familie der Betriebsleitenden und der Produktionseinheit als untrennbare Bestandteile dieses Funktionierens ber\u00fccksichtigt.<\/p>\n<p>Zudem: in den meisten landwirtschaftlichen Unternehmen gibt es keine klare Unterscheidung zwischen Unternehmen und Familie. Die gleiche Person (oder Familie oder Team) ist sowohl \u201cAktion\u00e4r\u201d, Mitarbeiter als auch Manager oder CEO des Unternehmens, wie in der folgenden Tabelle dargestellt (nach Levallois 2014).<\/p>\n<div class=\"table-1\"><\/div>\n<\/div>\n<div class=\"table-1\">\n<table width=\"100%\">\n<thead>\n<tr>\n<th align=\"left\">Position im Unternehmen<\/th>\n<th align=\"left\">Mittleres oder grosses Industrie-<br \/>\noder Handelsunternehmen<br \/>\n(juristische Person)<\/th>\n<th align=\"left\">Kleineres oder mittleres landwirtschaftliches<br \/>\nUnternehmen (Familienunternehmen)<\/th>\n<\/tr>\n<\/thead>\n<tbody>\n<tr>\n<td align=\"left\">Kapitalgeber<\/td>\n<td align=\"left\">Aktion\u00e4re<\/td>\n<td align=\"left\">Betriebsleitende<\/td>\n<\/tr>\n<tr>\n<td align=\"left\">Leitung<\/td>\n<td align=\"left\">CEO<\/td>\n<td align=\"left\">Betriebsleitende<\/td>\n<\/tr>\n<tr>\n<td align=\"left\">Arbeitskr\u00e4fte<\/td>\n<td align=\"left\">Angestellte<\/td>\n<td align=\"left\">Betriebsleitende<\/td>\n<\/tr>\n<\/tbody>\n<\/table>\n<\/div>\n<div class=\"fusion-text fusion-text-11 agri-image-caption\"><p>Aufteilung der Rollen im Landwirtschaftlichen Unternehmen (Quelle: nach Levallois, 2014).<\/p>\n<\/div><div class=\"fusion-text fusion-text-12\" id=\"5\"><h3>Abgrenzungen und Zusammenh\u00e4nge im Gesamtsystem Unternehmen bis Haushalt<\/h3>\n<\/div><div class=\"fusion-image-element in-legacy-container\" style=\"--awb-max-width:1226px;--awb-caption-title-font-family:var(--h2_typography-font-family);--awb-caption-title-font-weight:var(--h2_typography-font-weight);--awb-caption-title-font-style:var(--h2_typography-font-style);--awb-caption-title-size:var(--h2_typography-font-size);--awb-caption-title-transform:var(--h2_typography-text-transform);--awb-caption-title-line-height:var(--h2_typography-line-height);--awb-caption-title-letter-spacing:var(--h2_typography-letter-spacing);\"><span class=\" fusion-imageframe imageframe-none imageframe-1 hover-type-none\"><img decoding=\"async\" width=\"1226\" height=\"929\" alt=\"Tableau Annexe 1 D V04\" title=\"Tableau Annexe 1 D V04\" src=\"https:\/\/agripedia.ch\/terminologie\/wp-content\/uploads\/sites\/18\/2020\/08\/Tableau-Annexe-1-D-V04-1.jpg\" class=\"img-responsive wp-image-783\" srcset=\"https:\/\/agripedia.ch\/terminologie\/wp-content\/uploads\/sites\/18\/2020\/08\/Tableau-Annexe-1-D-V04-1-200x152.jpg 200w, https:\/\/agripedia.ch\/terminologie\/wp-content\/uploads\/sites\/18\/2020\/08\/Tableau-Annexe-1-D-V04-1-400x303.jpg 400w, https:\/\/agripedia.ch\/terminologie\/wp-content\/uploads\/sites\/18\/2020\/08\/Tableau-Annexe-1-D-V04-1-600x455.jpg 600w, https:\/\/agripedia.ch\/terminologie\/wp-content\/uploads\/sites\/18\/2020\/08\/Tableau-Annexe-1-D-V04-1-800x606.jpg 800w, https:\/\/agripedia.ch\/terminologie\/wp-content\/uploads\/sites\/18\/2020\/08\/Tableau-Annexe-1-D-V04-1-1200x909.jpg 1200w, https:\/\/agripedia.ch\/terminologie\/wp-content\/uploads\/sites\/18\/2020\/08\/Tableau-Annexe-1-D-V04-1.jpg 1226w\" sizes=\"(max-width: 800px) 100vw, 1200px\" \/><\/span><\/div><div class=\"fusion-text fusion-text-13\"><p>Die Pfeile sind einige Beispiele die die Interaktion bzw. die Fl\u00fcsse zwischen den einzelnen Komponenten des Systems illustrieren. Zum Beispiel bezahlt das landwirtschaftliche Unternehmen einen Lohn an ein Familienmitglied, das wiederum ein Teil des gemeinsamen Haushaltes ist.<\/p>\n<p>Das landwirtschaftliche Unternehmen und der Haushalt bilden eine Einheit. In vielen F\u00e4llen wird darum der gesamte Finanzverkehr \u00fcber das Gesch\u00e4ftskonto abgewickelt und erst in der Buchhaltung zwischen Gesch\u00e4fts- oder Privataufwand unterschieden. Eine landwirtschaftliche Buchhaltung bildet oft im Eigenkapital einen detaillierten Privatverbrauch ab, inkl. unselbstst\u00e4ndige T\u00e4tigkeiten mit Lohnausweis. In der Landwirtschaft hat die Mehrheit der Unternehmen die Rechtsform des Einzelunternehmens oder der Personengesellschaft.<\/p>\n<p>In diesem Fall werden einige der in diesem Kapitel \u201cDas Gesamtsystem Unternehmen bis Haushalt\u201d genannten Fl\u00fcsse zwischen dem Unternehmen und dem Haushalt nicht in der Erfolgsrechnung erfasst. Dies gilt insbesondere f\u00fcr die Verg\u00fctung der Arbeit von selbst\u00e4ndigen Familienangeh\u00f6rigen. Hat das Unternehmen die Rechtsform einer juristischen Person, so zahlt das Unternehmen ein als Aufwand erfasstes Gehalt f\u00fcr s\u00e4mtliche Mitarbeitenden, einschlie\u00dflich des-r Betriebsleiters-in und der Familienangeh\u00f6rigen.<\/p>\n<\/div><div class=\"fusion-clearfix\"><\/div><\/div><\/div><div class=\"fusion-layout-column fusion_builder_column fusion-builder-column-1 fusion_builder_column_1_1 1_1 fusion-one-full fusion-column-first fusion-column-last\" style=\"--awb-bg-size:cover;\"><div class=\"fusion-column-wrapper fusion-column-has-shadow fusion-flex-column-wrapper-legacy\"><a class=\"fusion-modal-text-link agri-feedback-link\" data-toggle=\"modal\" data-target=\".fusion-modal.feedback_form_de\" href=\"#\">Haben Sie einen Fehler gefunden? M\u00f6chten Sie eine Anmerkung machen? Hier melden.<\/a><div class=\"fusion-modal modal fade modal-1 feedback_form_de\" tabindex=\"-1\" role=\"dialog\" aria-labelledby=\"modal-heading-1\" aria-hidden=\"true\" style=\"--awb-border-color:#ebebeb;--awb-background:#f6f6f6;\"><div class=\"modal-dialog modal-lg\" role=\"document\"><div class=\"modal-content fusion-modal-content\"><div class=\"modal-header\"><button class=\"close\" type=\"button\" data-dismiss=\"modal\" aria-hidden=\"true\" aria-label=\"Close\">&times;<\/button><h3 class=\"modal-title\" id=\"modal-heading-1\" data-dismiss=\"modal\" aria-hidden=\"true\">Feedback geben<\/h3><\/div><div class=\"modal-body fusion-clearfix\">\n<div class=\"fusion-form fusion-form-builder fusion-form-form-wrapper fusion-form-1491\" style=\"--awb-tooltip-text-color:#ffffff;--awb-tooltip-background-color:#333333;\" data-form-id=\"1491\" data-config=\"{&quot;form_id&quot;:1491,&quot;form_post_id&quot;:1491,&quot;post_id&quot;:72,&quot;form_type&quot;:&quot;ajax&quot;,&quot;confirmation_type&quot;:&quot;message&quot;,&quot;redirect_url&quot;:&quot;&quot;,&quot;field_labels&quot;:{&quot;name&quot;:&quot;Name&quot;,&quot;vorname&quot;:&quot;Vorname&quot;,&quot;organisation&quot;:&quot;Organisation&quot;,&quot;e-mail&quot;:&quot;E-Mail-Adresse&quot;,&quot;kommentar&quot;:&quot;Kommentar&quot;},&quot;field_logics&quot;:{&quot;notice_1&quot;:&quot;&quot;,&quot;name&quot;:&quot;&quot;,&quot;vorname&quot;:&quot;&quot;,&quot;organisation&quot;:&quot;&quot;,&quot;e-mail&quot;:&quot;&quot;,&quot;kommentar&quot;:&quot;&quot;,&quot;submit_1&quot;:&quot;&quot;},&quot;field_types&quot;:{&quot;notice_1&quot;:&quot;notice&quot;,&quot;name&quot;:&quot;text&quot;,&quot;vorname&quot;:&quot;text&quot;,&quot;organisation&quot;:&quot;text&quot;,&quot;e-mail&quot;:&quot;email&quot;,&quot;kommentar&quot;:&quot;textarea&quot;,&quot;submit_1&quot;:&quot;submit&quot;},&quot;nonce_method&quot;:&quot;ajax&quot;}\"><form action=\"https:\/\/agripedia.ch\/terminologie\/anhaenge\/anhang-1-betrieb-unternehmen-haushalt-privat\/\" method=\"post\" class=\"fusion-form fusion-form-1491\"><div class=\"fusion-fullwidth fullwidth-box fusion-builder-row-1-1 fusion-flex-container nonhundred-percent-fullwidth non-hundred-percent-height-scrolling\" style=\"--awb-border-radius-top-left:0px;--awb-border-radius-top-right:0px;--awb-border-radius-bottom-right:0px;--awb-border-radius-bottom-left:0px;--awb-flex-wrap:wrap;\" ><div class=\"fusion-builder-row fusion-row fusion-flex-align-items-flex-start fusion-flex-content-wrap\" style=\"width:104% !important;max-width:104% !important;margin-left: calc(-4% \/ 2 );margin-right: calc(-4% \/ 2 );\"><div class=\"fusion-layout-column fusion_builder_column fusion-builder-column-2 fusion_builder_column_1_1 1_1 fusion-flex-column\" style=\"--awb-bg-size:cover;--awb-width-large:100%;--awb-flex-grow:0;--awb-flex-shrink:0;--awb-margin-top-large:0px;--awb-spacing-right-large:1.92%;--awb-margin-bottom-large:20px;--awb-spacing-left-large:1.92%;--awb-width-medium:100%;--awb-order-medium:0;--awb-flex-grow-medium:0;--awb-flex-shrink-medium:0;--awb-spacing-right-medium:1.92%;--awb-spacing-left-medium:1.92%;--awb-width-small:100%;--awb-order-small:0;--awb-flex-grow-small:0;--awb-flex-shrink-small:0;--awb-spacing-right-small:1.92%;--awb-spacing-left-small:1.92%;\"><div class=\"fusion-column-wrapper fusion-column-has-shadow fusion-flex-justify-content-flex-start fusion-content-layout-column\"><div class=\"form-submission-notices data-notice_1\" id=\"fusion-notices-1\"><div class=\"fusion-alert alert success alert-success fusion-alert-center fusion-form-response fusion-form-response-success fusion-alert-capitalize awb-alert-native-link-color alert-dismissable awb-alert-close-boxed\" role=\"alert\"><div class=\"fusion-alert-content-wrapper\"><span class=\"alert-icon\"><i class=\"awb-icon-check-circle\" aria-hidden=\"true\"><\/i><\/span><span class=\"fusion-alert-content\">Vielen Dank f\u00fcr Ihr Feedback. Es wurde erfolgreich \u00fcbermittelt.<\/span><\/div><button type=\"button\" class=\"close toggle-alert\" data-dismiss=\"alert\" aria-label=\"Close\">&times;<\/button><\/div><div class=\"fusion-alert alert error alert-danger fusion-alert-center fusion-form-response fusion-form-response-error fusion-alert-capitalize awb-alert-native-link-color alert-dismissable awb-alert-close-boxed\" role=\"alert\"><div class=\"fusion-alert-content-wrapper\"><span class=\"alert-icon\"><i class=\"awb-icon-exclamation-triangle\" aria-hidden=\"true\"><\/i><\/span><span class=\"fusion-alert-content\">Beim Versand ist ein Fehler aufgetreten. Bitte probieren Sie es sp\u00e4ter noch einmal. Vielen Dank.<\/span><\/div><button type=\"button\" class=\"close toggle-alert\" data-dismiss=\"alert\" aria-label=\"Close\">&times;<\/button><\/div><\/div><div class=\"fusion-form-field fusion-form-text-field fusion-form-label-above\" style=\"\" data-form-id=\"1491\"><div class=\"fusion-form-label-wrapper\"><label for=\"name\">Name <abbr class=\"fusion-form-element-required\" title=\"required\">*<\/abbr><\/label><\/div><input type=\"text\" autocomplete=\"off\" name=\"name\" id=\"name\" value=\"\"  class=\"fusion-form-input\" required=\"true\" aria-required=\"true\" placeholder=\"Ihr Name *\" data-holds-private-data=\"false\" minlength=\"0\"\/><\/div><div class=\"fusion-form-field fusion-form-text-field fusion-form-label-above\" style=\"\" data-form-id=\"1491\"><div class=\"fusion-form-label-wrapper\"><label for=\"vorname\">Vorname <abbr class=\"fusion-form-element-required\" title=\"required\">*<\/abbr><\/label><\/div><input type=\"text\" autocomplete=\"off\" name=\"vorname\" id=\"vorname\" value=\"\"  class=\"fusion-form-input\" required=\"true\" aria-required=\"true\" placeholder=\"Ihr Vorname *\" data-holds-private-data=\"false\" minlength=\"0\"\/><\/div><div class=\"fusion-form-field fusion-form-text-field fusion-form-label-above\" style=\"\" data-form-id=\"1491\"><div class=\"fusion-form-label-wrapper\"><label for=\"organisation\">Organisation<\/label><\/div><div class=\"fusion-form-input-with-icon\"><i class=\"awb-form-icon fa-building fas\"><\/i><input type=\"text\" autocomplete=\"off\" name=\"organisation\" id=\"organisation\" value=\"\"  class=\"fusion-form-input\" placeholder=\"Ihre Organisation \" data-holds-private-data=\"false\" minlength=\"0\"\/><\/div><\/div><div class=\"fusion-form-field fusion-form-email-field fusion-form-label-above\" style=\"\" data-form-id=\"1491\"><div class=\"fusion-form-label-wrapper\"><label for=\"e-mail\">E-Mail-Adresse <abbr class=\"fusion-form-element-required\" title=\"required\">*<\/abbr><\/label><\/div><div class=\"fusion-form-input-with-icon\"><i class=\"awb-form-icon fa-at fas\"><\/i><input type=\"email\" autocomplete=\"off\" name=\"e-mail\" id=\"e-mail\" value=\"\"  class=\"fusion-form-input\" required=\"true\" aria-required=\"true\" placeholder=\"Ihre E-Mail-Adresse *\" data-holds-private-data=\"false\"\/><\/div><\/div><div class=\"fusion-form-field fusion-form-text-field fusion-form-label-above\" data-form-id=\"1373\">\n\t<div id=\"agri-term-wrapper\" class=\"fusion-form-label-wrapper\">\n\t\t<label for=\"Begriff\">\n\t\t\tBegriff \n\t\t<\/label>\n\t<\/div>\n<\/div>\n<script>\n\t\/\/ input element\n    const input = document.createElement('input');\n    input.setAttribute('id', 'terme');\n    input.setAttribute('name', 'Begriff');\n    input.setAttribute('type', 'text');\n    input.setAttribute('value', getTerm());\n    input.setAttribute('class', 'fusion-form-input');\n    input.setAttribute('aria-required', 'true');\n    input.setAttribute('required', 'false');\n\t\n\tdocument.getElementById('agri-term-wrapper').appendChild(input);\n\n    function getTerm() {\n        const { href } = window.location;\n        const url = new URL(href);\n        const path = url.pathname;\n        const lastWord = path.split('\/').filter(Boolean).pop();\n        return lastWord || '';\n    }\n<\/script><div class=\"fusion-form-field fusion-form-textarea-field fusion-form-label-above\" style=\"\" data-form-id=\"1491\"><label for=\"kommentar\">Kommentar <abbr class=\"fusion-form-element-required\" title=\"required\">*<\/abbr><\/label><textarea cols=\"40\" autocomplete=\"off\"  minlength=\"0\"  rows=\"8\" tabindex=\"\" id=\"kommentar\" name=\"kommentar\" class=\"fusion-form-input\" required=\"true\" aria-required=\"true\" placeholder=\"Ihr Kommentar *\" data-holds-private-data=\"false\"><\/textarea><\/div><div class=\"fusion-form-field fusion-form-submit-field fusion-form-label-above\" style=\"\" data-form-id=\"1491\"><div ><button type=\"submit\" class=\"fusion-button button-flat fusion-button-default-size button-default fusion-button-default button-1 fusion-button-default-span  form-form-submit button-default\" style=\"--button-border-radius-top-left:0;--button-border-radius-top-right:0;--button-border-radius-bottom-right:0;--button-border-radius-bottom-left:0;\" data-form-number=\"1491\" tabindex=\"\"><span class=\"fusion-button-text awb-button__text awb-button__text--default\">Abschicken<\/span><\/button><\/div><\/div><\/div><\/div><\/div><\/div><input type=\"hidden\" name=\"fusion_privacy_store_ip_ua\" value=\"false\"><input type=\"hidden\" name=\"fusion_privacy_expiration_interval\" value=\"48\"><input type=\"hidden\" name=\"privacy_expiration_action\" value=\"anonymize\"><\/form><\/div>\n<\/div><\/div><\/div><\/div><div class=\"fusion-clearfix\"><\/div><\/div><\/div>\n<\/div><\/div>\n","protected":false},"excerpt":{"rendered":"","protected":false},"author":26,"featured_media":0,"parent":739,"menu_order":1,"comment_status":"closed","ping_status":"closed","template":"","meta":{"_sb_is_suggestion_mode":false,"_sb_show_suggestion_boards":false,"_sb_show_comment_boards":false,"_sb_suggestion_history":"","_sb_update_block_changes":"","inline_featured_image":false,"_monsterinsights_skip_tracking":false,"_monsterinsights_sitenote_active":false,"_monsterinsights_sitenote_note":"","_monsterinsights_sitenote_category":0,"footnotes":""},"class_list":["post-72","page","type-page","status-publish","hentry"],"aioseo_notices":[],"_links":{"self":[{"href":"https:\/\/agripedia.ch\/terminologie\/wp-json\/wp\/v2\/pages\/72","targetHints":{"allow":["GET"]}}],"collection":[{"href":"https:\/\/agripedia.ch\/terminologie\/wp-json\/wp\/v2\/pages"}],"about":[{"href":"https:\/\/agripedia.ch\/terminologie\/wp-json\/wp\/v2\/types\/page"}],"author":[{"embeddable":true,"href":"https:\/\/agripedia.ch\/terminologie\/wp-json\/wp\/v2\/users\/26"}],"replies":[{"embeddable":true,"href":"https:\/\/agripedia.ch\/terminologie\/wp-json\/wp\/v2\/comments?post=72"}],"version-history":[{"count":17,"href":"https:\/\/agripedia.ch\/terminologie\/wp-json\/wp\/v2\/pages\/72\/revisions"}],"predecessor-version":[{"id":1450,"href":"https:\/\/agripedia.ch\/terminologie\/wp-json\/wp\/v2\/pages\/72\/revisions\/1450"}],"up":[{"embeddable":true,"href":"https:\/\/agripedia.ch\/terminologie\/wp-json\/wp\/v2\/pages\/739"}],"wp:attachment":[{"href":"https:\/\/agripedia.ch\/terminologie\/wp-json\/wp\/v2\/media?parent=72"}],"curies":[{"name":"wp","href":"https:\/\/api.w.org\/{rel}","templated":true}]}}