{"id":1811,"date":"2025-04-09T10:58:19","date_gmt":"2025-04-09T09:58:19","guid":{"rendered":"https:\/\/agripedia.ch\/terminologie\/?page_id=1811"},"modified":"2025-04-09T10:58:30","modified_gmt":"2025-04-09T09:58:30","slug":"entscheidungsregeln-stakeholder-zielpublikum","status":"publish","type":"page","link":"https:\/\/agripedia.ch\/terminologie\/ueber\/entscheidungsregeln-stakeholder-zielpublikum\/","title":{"rendered":"Entscheidungsregeln, Stakeholder, Zielpublikum"},"content":{"rendered":"<div class=\"fusion-fullwidth fullwidth-box fusion-builder-row-1 fusion-flex-container has-pattern-background has-mask-background nonhundred-percent-fullwidth non-hundred-percent-height-scrolling\" style=\"--awb-border-radius-top-left:0px;--awb-border-radius-top-right:0px;--awb-border-radius-bottom-right:0px;--awb-border-radius-bottom-left:0px;--awb-flex-wrap:wrap;\" ><div class=\"fusion-builder-row fusion-row fusion-flex-align-items-flex-start fusion-flex-content-wrap\" style=\"max-width:1144px;margin-left: calc(-4% \/ 2 );margin-right: calc(-4% \/ 2 );\"><div class=\"fusion-layout-column fusion_builder_column fusion-builder-column-0 fusion_builder_column_1_1 1_1 fusion-flex-column\" style=\"--awb-bg-size:cover;--awb-width-large:100%;--awb-margin-top-large:0px;--awb-spacing-right-large:1.92%;--awb-margin-bottom-large:20px;--awb-spacing-left-large:1.92%;--awb-width-medium:100%;--awb-order-medium:0;--awb-spacing-right-medium:1.92%;--awb-spacing-left-medium:1.92%;--awb-width-small:100%;--awb-order-small:0;--awb-spacing-right-small:1.92%;--awb-spacing-left-small:1.92%;\"><div class=\"fusion-column-wrapper fusion-column-has-shadow fusion-flex-justify-content-flex-start fusion-content-layout-column\"><div class=\"fusion-title title fusion-title-1 fusion-sep-none fusion-title-text fusion-title-size-two\"><h2 class=\"fusion-title-heading title-heading-left fusion-responsive-typography-calculated\" style=\"margin:0;--fontSize:40;line-height:1.5;\"><p data-ccp-border-top=\"0px none \" data-ccp-padding-top=\"0px\"><span data-contrast=\"auto\">Entscheidungsregeln, Stakeholder, Zielpublikum<\/span><span data-ccp-props=\"\">\u00a0<\/span><\/p><\/h2><\/div><div class=\"fusion-text fusion-text-1\"><p><strong>Der Inhalt wird von den an der operativen <a href=\"https:\/\/agripedia.ch\/terminologie\/ueber\/\">Arbeitsgruppe<\/a> Beteiligten gutgeheissen<\/strong>. Diese Personen sind Autorit\u00e4ten im Bereich der Betriebswirtschaftlichen Begriffe im Agrarbereich. Die operative Arbeitsgruppe wurde legitimiert durch die Konferenz Landwirtschaftliches Rechnungswesen. (Agroscope nahm an den Sitzungen der operativen Arbeitsgruppe nicht teil, stand aber der Arbeitsgruppe f\u00fcr fachliche Fragen zur Verf\u00fcgung).<\/p>\n<p>Das entstehende Endprodukt kann in diesem Sinne auch eine Br\u00fcckenfunktion zwischen den verschiedenen Zielgruppen \u00fcbernehmen (Siehe Kapitel 2).<\/p>\n<\/div><div class=\"fusion-separator fusion-full-width-sep\" style=\"align-self: center;margin-left: auto;margin-right: auto;flex-grow:1;margin-top:30px;margin-bottom:10px;width:100%;\"><div class=\"fusion-separator-border sep-shadow\" style=\"--awb-height:20px;--awb-amount:20px;background:radial-gradient(ellipse at 50% -50% , #e0dede 0px, rgba(255, 255, 255, 0) 80%) repeat scroll 0 0 rgba(0, 0, 0, 0);background:-webkit-radial-gradient(ellipse at 50% -50% , #e0dede 0px, rgba(255, 255, 255, 0) 80%) repeat scroll 0 0 rgba(0, 0, 0, 0);background:-moz-radial-gradient(ellipse at 50% -50% , #e0dede 0px, rgba(255, 255, 255, 0) 80%) repeat scroll 0 0 rgba(0, 0, 0, 0);background:-o-radial-gradient(ellipse at 50% -50% , #e0dede 0px, rgba(255, 255, 255, 0) 80%) repeat scroll 0 0 rgba(0, 0, 0, 0);\"><\/div><\/div><div class=\"fusion-title title fusion-title-2 fusion-sep-none fusion-title-text fusion-title-size-three\"><h3 class=\"fusion-title-heading title-heading-left fusion-responsive-typography-calculated\" style=\"margin:0;--fontSize:30;line-height:1.5;\">1- Prinzipien und Entscheidungsregeln<\/h3><\/div><div class=\"accordian fusion-accordian\" style=\"--awb-border-size:1px;--awb-icon-size:13px;--awb-content-font-size:var(--awb-typography4-font-size);--awb-icon-alignment:left;--awb-hover-color:#f9f9f9;--awb-border-color:#cccccc;--awb-background-color:#ffffff;--awb-divider-color:var(--awb-color3);--awb-divider-hover-color:var(--awb-color3);--awb-icon-color:#ffffff;--awb-title-color:var(--awb-color8);--awb-content-color:var(--awb-color8);--awb-icon-box-color:#7a7a7a;--awb-toggle-hover-accent-color:#000000;--awb-title-font-family:var(--awb-typography1-font-family);--awb-title-font-weight:var(--awb-typography1-font-weight);--awb-title-font-style:var(--awb-typography1-font-style);--awb-title-font-size:24px;--awb-title-line-height:1.5;--awb-content-font-family:var(--awb-typography4-font-family);--awb-content-font-weight:var(--awb-typography4-font-weight);--awb-content-font-style:var(--awb-typography4-font-style);\"><div class=\"panel-group fusion-toggle-icon-boxed\" id=\"accordion-1811-1\"><div class=\"fusion-panel panel-default panel-1932707c283bb03d3 fusion-toggle-has-divider\" style=\"--awb-title-color:var(--awb-color8);--awb-content-color:var(--awb-color8);\"><div class=\"panel-heading\"><h4 class=\"panel-title toggle\" id=\"toggle_1932707c283bb03d3\"><a aria-expanded=\"false\" aria-controls=\"1932707c283bb03d3\" role=\"button\" data-toggle=\"collapse\" data-target=\"#1932707c283bb03d3\" href=\"#1932707c283bb03d3\"><span class=\"fusion-toggle-icon-wrapper\" aria-hidden=\"true\"><i class=\"fa-fusion-box active-icon awb-icon-minus\" aria-hidden=\"true\"><\/i><i class=\"fa-fusion-box inactive-icon awb-icon-plus\" aria-hidden=\"true\"><\/i><\/span><span class=\"fusion-toggle-heading\">1.1 Spannung zwischen Vollst\u00e4ndigkeit und Spezifit\u00e4t <\/span><\/a><\/h4><\/div><div id=\"1932707c283bb03d3\" class=\"panel-collapse collapse \" aria-labelledby=\"toggle_1932707c283bb03d3\"><div class=\"panel-body toggle-content fusion-clearfix\">\n<ul>\n<li><span data-contrast=\"auto\">Ziel unserer Vorschl\u00e4ge und Auswahl ist, dass sie <\/span><b><span data-contrast=\"auto\">haupts\u00e4chlich (direkt oder indirekt) den landwirtschaftlichen Betrieben n\u00fctzen<\/span><\/b><span data-contrast=\"auto\">.<\/span><span data-ccp-props=\"{\">\u00a0<\/span><\/li>\n<li data-leveltext=\"\uf0b7\" data-font=\"Symbol\" data-listid=\"8\" data-list-defn-props=\"{\" aria-setsize=\"-1\" data-aria-posinset=\"2\" data-aria-level=\"1\"><span data-contrast=\"auto\">Die Aufnahme eines Begriffs h\u00e4ngt auch davon ab, ob eine Nachfrage nach einer Definition besteht. <\/span><b><span data-contrast=\"auto\">Wenn sie <\/span><\/b><span data-contrast=\"auto\">(von einer der unten genannten Zielgruppen)<\/span><b><span data-contrast=\"auto\"> nachgefragt wird, kann man eine Definition auch eher einf\u00fcgen<\/span><\/b><span data-contrast=\"auto\">.<\/span><span data-ccp-props=\"{\">\u00a0<\/span><\/li>\n<\/ul>\n<\/div><\/div><\/div><div class=\"fusion-panel panel-default panel-26aea0a43b90a1d78 fusion-toggle-has-divider\" style=\"--awb-title-color:var(--awb-color8);--awb-content-color:var(--awb-color8);\"><div class=\"panel-heading\"><h4 class=\"panel-title toggle\" id=\"toggle_26aea0a43b90a1d78\"><a aria-expanded=\"false\" aria-controls=\"26aea0a43b90a1d78\" role=\"button\" data-toggle=\"collapse\" data-target=\"#26aea0a43b90a1d78\" href=\"#26aea0a43b90a1d78\"><span class=\"fusion-toggle-icon-wrapper\" aria-hidden=\"true\"><i class=\"fa-fusion-box active-icon awb-icon-minus\" aria-hidden=\"true\"><\/i><i class=\"fa-fusion-box inactive-icon awb-icon-plus\" aria-hidden=\"true\"><\/i><\/span><span class=\"fusion-toggle-heading\">1.2 Spannung zwischen Subsidiarit\u00e4t und Vollst\u00e4ndigkeit <\/span><\/a><\/h4><\/div><div id=\"26aea0a43b90a1d78\" class=\"panel-collapse collapse \" aria-labelledby=\"toggle_26aea0a43b90a1d78\"><div class=\"panel-body toggle-content fusion-clearfix\">\n<ul>\n<li>B<span data-contrast=\"auto\">ei spezifischen Definitionen, welche aus Gesetzen und Verordnungen stammen (landwirtschaftliche Begriffsverordnung, Verordnung \u00fcber die Beurteilung der Nachhaltigkeit in der Landwirtschaft, Bundesgesetz \u00fcber das b\u00e4uerliche Bodenrecht, etc.) und die auch teilweise von der Definition abweichen, welche die operative Arbeitsgruppe verwendet (basierend auf der wissenschaftlichen Fachliteratur), soll ein Verweis auf diese Gesetze und Verordnungen und die abweichenden Definitionen gemacht werden.\u00a0 <\/span><\/li>\n<li><b><span data-contrast=\"auto\">Es wird mittels dynamischer Links auf die Definitionen in diesen offiziellen Quellen verwiesen<\/span><\/b><span data-contrast=\"auto\">. Durch die M\u00f6glichkeit direkt Links auf Rechtssammlungen des Bundes zu setzen, ist eine erneute abschliessende Auff\u00fchrung s\u00e4mtlicher Definitionen in unserem Dokument unn\u00f6tig. Zudem k\u00f6nnten durch Aktualisierungen von Begriffen sehr schnell Datenleichen entstehen, die durch die Verlinkung vermieden werden.<\/span><span data-ccp-props=\"{\">\u00a0<\/span><\/li>\n<li><span data-contrast=\"auto\">Die \u00abFlugh\u00f6he\u00bb der Begriffe als Kriterium einbeziehen. So <\/span><b><span data-contrast=\"auto\">sollen Oberbegriffe eher einbezogen werden und Unterbegriffe eher weggelassen werden<\/span><\/b><span data-contrast=\"auto\"> (Bsp.: Direktzahlungen\/Landschaftsqualitatsbeitr\u00e4ge). Mit der M\u00f6glichkeit der Verlinkung von Agripedia mit Gesetzen, Verordnungen etc. braucht es nicht f\u00fcr alles und jedes eine genaue Definition.\u00a0<\/span><\/li>\n<\/ul>\n<\/div><\/div><\/div><div class=\"fusion-panel panel-default panel-64321f6e308224bbf fusion-toggle-has-divider\" style=\"--awb-title-color:var(--awb-color8);--awb-content-color:var(--awb-color8);\"><div class=\"panel-heading\"><h4 class=\"panel-title toggle\" id=\"toggle_64321f6e308224bbf\"><a aria-expanded=\"false\" aria-controls=\"64321f6e308224bbf\" role=\"button\" data-toggle=\"collapse\" data-target=\"#64321f6e308224bbf\" href=\"#64321f6e308224bbf\"><span class=\"fusion-toggle-icon-wrapper\" aria-hidden=\"true\"><i class=\"fa-fusion-box active-icon awb-icon-minus\" aria-hidden=\"true\"><\/i><i class=\"fa-fusion-box inactive-icon awb-icon-plus\" aria-hidden=\"true\"><\/i><\/span><span class=\"fusion-toggle-heading\">1.3 Spannung zwischen Buchhaltung und Betriebswirtschaft <\/span><\/a><\/h4><\/div><div id=\"64321f6e308224bbf\" class=\"panel-collapse collapse \" aria-labelledby=\"toggle_64321f6e308224bbf\"><div class=\"panel-body toggle-content fusion-clearfix\">\n<ul>\n<li><span data-contrast=\"auto\">D<\/span><span data-contrast=\"auto\">er <a href=\"https:\/\/agripedia.ch\/terminologie\/anhaenge\/anhang-1-betrieb-unternehmen-haushalt-privat\/\">Annex 1<\/a> wurde \u00fcberarbeitet <\/span><span data-contrast=\"auto\">und <\/span><b><span data-contrast=\"auto\">aufgezeigt, welche Bereiche zum Unternehmen geh\u00f6ren. Zudem wird die die Abgrenzung zu Privat aufgezeigt<\/span><\/b><span data-contrast=\"auto\">. Die neuen Definitionen der Terminologie beziehen sich auf das Unternehmen, wie es in der Rechnungslegung (KMU) gesehen wird (Ziele f\u00fcr den Betriebsleiter: kennen der Ergebnisse f\u00fcr sein Unternehmen) und gegebenenfalls f\u00fcr das Steuerwesen.<\/span><span data-ccp-props=\"{\">\u00a0<\/span><\/li>\n<li><span data-contrast=\"auto\">Unser zweiter Bezugsrahmen ist die Betriebswirtschaft. Neben dem Unternehmen sind auch weitere Bereiche (darunter auch der private Teil) und das Umfeld des Unternehmens Teil des Systems. Sie bilden <\/span><b><span data-contrast=\"auto\">einen gemeinsamen Rahmen, der bei Entscheiden f\u00fcr das Unternehmen ber\u00fccksichtigt und einbezogen wird<\/span><\/b><span data-contrast=\"auto\">.<\/span><span data-ccp-props=\"{\">\u00a0<\/span><\/li>\n<\/ul>\n<\/div><\/div><\/div><div class=\"fusion-panel panel-default panel-946b7706647a0b93e fusion-toggle-has-divider\" style=\"--awb-title-color:var(--awb-color8);--awb-content-color:var(--awb-color8);\"><div class=\"panel-heading\"><h4 class=\"panel-title toggle\" id=\"toggle_946b7706647a0b93e\"><a aria-expanded=\"false\" aria-controls=\"946b7706647a0b93e\" role=\"button\" data-toggle=\"collapse\" data-target=\"#946b7706647a0b93e\" href=\"#946b7706647a0b93e\"><span class=\"fusion-toggle-icon-wrapper\" aria-hidden=\"true\"><i class=\"fa-fusion-box active-icon awb-icon-minus\" aria-hidden=\"true\"><\/i><i class=\"fa-fusion-box inactive-icon awb-icon-plus\" aria-hidden=\"true\"><\/i><\/span><span class=\"fusion-toggle-heading\">1.4 Spannung zwischen Aktualit\u00e4t und Gebrauch <\/span><\/a><\/h4><\/div><div id=\"946b7706647a0b93e\" class=\"panel-collapse collapse \" aria-labelledby=\"toggle_946b7706647a0b93e\"><div class=\"panel-body toggle-content fusion-clearfix\">\n<ul>\n<li data-leveltext=\"\uf0b7\" data-font=\"Symbol\" data-listid=\"8\" data-list-defn-props=\"{\" aria-setsize=\"-1\" data-aria-posinset=\"8\" data-aria-level=\"1\"><span data-contrast=\"auto\">Begriffe, die grunds\u00e4tzlich nicht mehr aktuell sind, k\u00f6nnen in der Praxis weiterhin verwendet werden. In diesem Fall kann es besser sein, sie nicht vollst\u00e4ndig aus dem Terminologieglossar zu entfernen, sondern <\/span><b><span data-contrast=\"auto\">in der Definition darauf hinzuweisen, dass es sich um einen veralteten Begriff handelt<\/span><\/b><span data-contrast=\"auto\">.<\/span><span data-ccp-props=\"{\">\u00a0<\/span><\/li>\n<\/ul>\n<\/div><\/div><\/div><\/div><\/div><div class=\"fusion-separator fusion-full-width-sep\" style=\"align-self: center;margin-left: auto;margin-right: auto;flex-grow:1;margin-top:30px;margin-bottom:10px;width:100%;\"><div class=\"fusion-separator-border sep-shadow\" style=\"--awb-height:20px;--awb-amount:20px;background:radial-gradient(ellipse at 50% -50% , #e0dede 0px, rgba(255, 255, 255, 0) 80%) repeat scroll 0 0 rgba(0, 0, 0, 0);background:-webkit-radial-gradient(ellipse at 50% -50% , #e0dede 0px, rgba(255, 255, 255, 0) 80%) repeat scroll 0 0 rgba(0, 0, 0, 0);background:-moz-radial-gradient(ellipse at 50% -50% , #e0dede 0px, rgba(255, 255, 255, 0) 80%) repeat scroll 0 0 rgba(0, 0, 0, 0);background:-o-radial-gradient(ellipse at 50% -50% , #e0dede 0px, rgba(255, 255, 255, 0) 80%) repeat scroll 0 0 rgba(0, 0, 0, 0);\"><\/div><\/div><div class=\"fusion-title title fusion-title-3 fusion-sep-none fusion-title-text fusion-title-size-three\"><h3 class=\"fusion-title-heading title-heading-left fusion-responsive-typography-calculated\" style=\"margin:0;--fontSize:30;line-height:1.5;\">2- Stakeholder, Zielpublikum und Verwendung des Produktes<\/h3><\/div><div class=\"fusion-text fusion-text-2\"><p><span data-contrast=\"auto\">F\u00fcr dieses Produkt (Fachterminologie der Landwirtschaft in der Schweiz), das per Definition transversal ist, sind alle Akteure des \u00ab\u202fLandwirtschaftlichen Wissens- und Innovationssystems der Schweiz\u202f\u00bb Stakeholder, aber auch potentielle Anwender (direkt oder indirekt). Die Anwendungsbereiche sind folglich ebenso vielf\u00e4ltig. Die untenstehende Grafik illustriert die Vielfalt der Zielgruppen, der Fragestellungen und der Anwendungsbereiche.<\/span><span data-ccp-props=\"\">\u00a0<\/span><\/p>\n<p><span data-contrast=\"auto\">Man kann einige Hauptgruppen unterscheiden, deren Bed\u00fcrfnisse jeweils in etwa \u00e4hnlich sind. Die hier aufgef\u00fchrten Hauptgruppen sind nicht abschliessend:\u00a0<\/span><\/p>\n<ul>\n<li><span data-contrast=\"auto\">Die Gruppe der Treuh\u00e4nder (dunkelblau)<\/span><span data-ccp-props=\"\">\u00a0<\/span><\/li>\n<li><span data-contrast=\"auto\">Die Ausbildung (gelb)<\/span><span data-ccp-props=\"\">\u00a0<\/span><\/li>\n<li><span data-contrast=\"auto\">Die Beratung (gr\u00fcn)<\/span><span data-ccp-props=\"\">\u00a0<\/span><\/li>\n<li><span data-contrast=\"auto\">Die Interessenvertretung (orange)<\/span><span data-ccp-props=\"\">\u00a0<\/span><\/li>\n<li><span data-contrast=\"auto\">Die Verwaltung (violett)<\/span><span data-ccp-props=\"\">\u00a0<\/span><\/li>\n<li><span data-contrast=\"auto\">Die Statistik (rosa)<\/span><span data-ccp-props=\"\">\u00a0<\/span><\/li>\n<li><span data-contrast=\"auto\">Die Forschung (rot)<\/span><span data-ccp-props=\"\">\u00a0<\/span><\/li>\n<li><span data-contrast=\"auto\">Die landwirtschaftlichen Betriebe (Bewirtschafter)<\/span><span data-ccp-props=\"\">\u00a0<\/span><\/li>\n<\/ul>\n<\/div><div class=\"fusion-image-element \" style=\"--awb-caption-title-font-family:var(--h2_typography-font-family);--awb-caption-title-font-weight:var(--h2_typography-font-weight);--awb-caption-title-font-style:var(--h2_typography-font-style);--awb-caption-title-size:var(--h2_typography-font-size);--awb-caption-title-transform:var(--h2_typography-text-transform);--awb-caption-title-line-height:var(--h2_typography-line-height);--awb-caption-title-letter-spacing:var(--h2_typography-letter-spacing);\"><span class=\" fusion-imageframe imageframe-none imageframe-1 hover-type-none\"><img decoding=\"async\" width=\"3270\" height=\"2135\" alt=\"sch\u00e9ma \" title=\"Terminologie Stakeholder, Problemkreise und Anwendungsbereiche\" src=\"https:\/\/agripedia.ch\/terminologie\/wp-content\/uploads\/sites\/18\/2025\/04\/Terminologie-Stakeholder-Problemkreise-und-Anwendungsbereiche.png\" class=\"img-responsive wp-image-1813\" srcset=\"https:\/\/agripedia.ch\/terminologie\/wp-content\/uploads\/sites\/18\/2025\/04\/Terminologie-Stakeholder-Problemkreise-und-Anwendungsbereiche-200x131.png 200w, https:\/\/agripedia.ch\/terminologie\/wp-content\/uploads\/sites\/18\/2025\/04\/Terminologie-Stakeholder-Problemkreise-und-Anwendungsbereiche-400x261.png 400w, https:\/\/agripedia.ch\/terminologie\/wp-content\/uploads\/sites\/18\/2025\/04\/Terminologie-Stakeholder-Problemkreise-und-Anwendungsbereiche-600x392.png 600w, https:\/\/agripedia.ch\/terminologie\/wp-content\/uploads\/sites\/18\/2025\/04\/Terminologie-Stakeholder-Problemkreise-und-Anwendungsbereiche-800x522.png 800w, https:\/\/agripedia.ch\/terminologie\/wp-content\/uploads\/sites\/18\/2025\/04\/Terminologie-Stakeholder-Problemkreise-und-Anwendungsbereiche-1200x783.png 1200w, https:\/\/agripedia.ch\/terminologie\/wp-content\/uploads\/sites\/18\/2025\/04\/Terminologie-Stakeholder-Problemkreise-und-Anwendungsbereiche.png 3270w\" sizes=\"(max-width: 1024px) 100vw, (max-width: 640px) 100vw, 1200px\" \/><\/span><\/div><div class=\"fusion-text fusion-text-3\"><p><a href=\"https:\/\/agripedia.ch\/terminologie\/wp-content\/uploads\/sites\/18\/2025\/04\/Terminologie-Stakeholder-Problemkreise-und-Anwendungsbereiche.pdf\">Download pdf<\/a><\/p>\n<\/div><\/div><\/div><\/div><\/div>\n","protected":false},"excerpt":{"rendered":"","protected":false},"author":279,"featured_media":0,"parent":142,"menu_order":0,"comment_status":"closed","ping_status":"closed","template":"","meta":{"_sb_is_suggestion_mode":false,"_sb_show_suggestion_boards":false,"_sb_show_comment_boards":false,"_sb_suggestion_history":"","_sb_update_block_changes":"","inline_featured_image":false,"_monsterinsights_skip_tracking":false,"_monsterinsights_sitenote_active":false,"_monsterinsights_sitenote_note":"","_monsterinsights_sitenote_category":0,"footnotes":""},"class_list":["post-1811","page","type-page","status-publish","hentry"],"aioseo_notices":[],"_links":{"self":[{"href":"https:\/\/agripedia.ch\/terminologie\/wp-json\/wp\/v2\/pages\/1811","targetHints":{"allow":["GET"]}}],"collection":[{"href":"https:\/\/agripedia.ch\/terminologie\/wp-json\/wp\/v2\/pages"}],"about":[{"href":"https:\/\/agripedia.ch\/terminologie\/wp-json\/wp\/v2\/types\/page"}],"author":[{"embeddable":true,"href":"https:\/\/agripedia.ch\/terminologie\/wp-json\/wp\/v2\/users\/279"}],"replies":[{"embeddable":true,"href":"https:\/\/agripedia.ch\/terminologie\/wp-json\/wp\/v2\/comments?post=1811"}],"version-history":[{"count":3,"href":"https:\/\/agripedia.ch\/terminologie\/wp-json\/wp\/v2\/pages\/1811\/revisions"}],"predecessor-version":[{"id":1821,"href":"https:\/\/agripedia.ch\/terminologie\/wp-json\/wp\/v2\/pages\/1811\/revisions\/1821"}],"up":[{"embeddable":true,"href":"https:\/\/agripedia.ch\/terminologie\/wp-json\/wp\/v2\/pages\/142"}],"wp:attachment":[{"href":"https:\/\/agripedia.ch\/terminologie\/wp-json\/wp\/v2\/media?parent=1811"}],"curies":[{"name":"wp","href":"https:\/\/api.w.org\/{rel}","templated":true}]}}