{"id":1157,"date":"2021-07-27T09:50:32","date_gmt":"2021-07-27T08:50:32","guid":{"rendered":"https:\/\/agripedia.ch\/terminologie\/?page_id=1157"},"modified":"2023-10-25T09:25:39","modified_gmt":"2023-10-25T08:25:39","slug":"anhang-7-landwirtschaftliche-gesamtrechnung-lgr-neue-version","status":"publish","type":"page","link":"https:\/\/agripedia.ch\/terminologie\/anhaenge\/anhang-7-landwirtschaftliche-gesamtrechnung-lgr-neue-version\/","title":{"rendered":"Anhang 7: Landwirtschaftliche Gesamtrechnung (LGR) &#8211; Neue Version"},"content":{"rendered":"<div class=\"fusion-fullwidth fullwidth-box fusion-builder-row-1 fusion-flex-container nonhundred-percent-fullwidth non-hundred-percent-height-scrolling\" style=\"--awb-border-radius-top-left:0px;--awb-border-radius-top-right:0px;--awb-border-radius-bottom-right:0px;--awb-border-radius-bottom-left:0px;--awb-flex-wrap:wrap;\" ><div class=\"fusion-builder-row fusion-row fusion-flex-align-items-flex-start fusion-flex-content-wrap\" style=\"max-width:1144px;margin-left: calc(-4% \/ 2 );margin-right: calc(-4% \/ 2 );\"><div class=\"fusion-layout-column fusion_builder_column fusion-builder-column-0 fusion_builder_column_1_1 1_1 fusion-flex-column\" style=\"--awb-bg-size:cover;--awb-width-large:100%;--awb-margin-top-large:0px;--awb-spacing-right-large:1.92%;--awb-margin-bottom-large:20px;--awb-spacing-left-large:1.92%;--awb-width-medium:100%;--awb-order-medium:0;--awb-spacing-right-medium:1.92%;--awb-spacing-left-medium:1.92%;--awb-width-small:100%;--awb-order-small:0;--awb-spacing-right-small:1.92%;--awb-spacing-left-small:1.92%;\"><div class=\"fusion-column-wrapper fusion-column-has-shadow fusion-flex-justify-content-flex-start fusion-content-layout-column\"><div class=\"fusion-title title fusion-title-1 fusion-sep-none fusion-title-text fusion-title-size-two\"><h2 class=\"fusion-title-heading title-heading-left fusion-responsive-typography-calculated\" style=\"margin:0;--fontSize:40;line-height:1.5;\">Schema der Landwirtschaftlichen Gesamtrechnung (LGR)<sup>1)<\/sup><\/h2><\/div><div class=\"fusion-text fusion-text-1\"><p>Die Hauptbegriffe gem\u00e4ss Eurostat-Methodik zur Landwirtschaftlichen Gesamtrechnung(LGR), Eurostat, Luxemburg 2000.<\/p>\n<p>Nachschlagwerk:<\/p>\n<p><a href=\"https:\/\/www.bfs.admin.ch\/bfs\/de\/home\/statistiken\/land-forstwirtschaft\/gesamtrechnung-satellitenkonto.assetdetail.18524201.html\">Bundesamt f\u00fcr Statistik (BFS), Die Gesamtrechnungen und Satellitenkonten des Prim\u00e4rsektors: Methoden \u2013 Eine Einf\u00fchrung in Theorie und Praxis \u2013 4. Auflage, Neuch\u00e2tel 2021<\/a>.<\/p>\n<\/div>\n<div class=\"table-2 agri-terminologie-table-no-border agri-terminologie-table-100pct\">\n<table width=\"100%\">\n<tbody>\n<tr>\n<td><\/td>\n<td class=\"agri-tbl-border-solid\" colspan=\"7\">Gesamtproduktion = Produktionswert der Landwirtschaft<br \/>\n(Erzeugung des landwirtschaftlichen Wirtschaftsbereichs im Sinne der LGR)<\/td>\n<\/tr>\n<tr>\n<td class=\"agri-tbl-border-right-dashed\"><\/td>\n<td><\/td>\n<td><\/td>\n<td><\/td>\n<td><\/td>\n<td><\/td>\n<td><\/td>\n<td class=\"agri-tbl-border-right-dashed\"><\/td>\n<\/tr>\n<tr>\n<td rowspan=\"2\"><strong>Zusammensetzung der Gesamtproduktion (Produktionswert)<\/strong><\/td>\n<td class=\"agri-tbl-border-solid\" rowspan=\"2\">Innerbetrieblicher Verbrauch<\/td>\n<td class=\"agri-tbl-border-solid\" rowspan=\"2\">Verarbeitung durch die Produzenten<\/td>\n<td class=\"agri-tbl-border-solid\" rowspan=\"2\">Eigenkonsum durch landwirtschaftliche Haushalte<\/td>\n<td class=\"agri-tbl-border-solid\">Verk\u00e4ufe an andere landwirtschaftliche Einheiten<\/td>\n<td class=\"agri-tbl-border-solid\">Verk\u00e4ufe ausserhalb der Land-wirtschaft, im Inland und ins Ausland<\/td>\n<td class=\"agri-tbl-border-solid\" rowspan=\"2\">Selbsterstellte Anlagen<\/td>\n<td class=\"agri-tbl-border-solid\" rowspan=\"2\">Vorratsver\u00e4nderungen<\/td>\n<\/tr>\n<tr>\n<td class=\"agri-tbl-border-solid\" colspan=\"2\">G\u00fctersubventionen<\/td>\n<\/tr>\n<tr>\n<td class=\"agri-tbl-border-right-dashed\" style=\"border-bottom: 1px solid !important;\"><\/td>\n<td class=\"agri-tbl-border-right-dashed\" style=\"border-bottom: 1px solid !important;\" colspan=\"7\"><\/td>\n<\/tr>\n<\/tbody>\n<\/table>\n<\/div>\n<div class=\"fusion-separator fusion-full-width-sep agri-separator\" style=\"align-self: center;margin-left: auto;margin-right: auto;width:100%;\"><\/div>\n<div class=\"table-2 agri-terminologie-table-no-border agri-terminologie-table-100pct\">\n<table width=\"100%\">\n<tbody>\n<tr>\n<td class=\"agri-tbl-border-solid\" style=\"text-align: center;\">Sonstige Subventionen<\/td>\n<td class=\"agri-tbl-border-solid\" style=\"text-align: center;\" colspan=\"6\">Gesamtproduktion = Produktionswert der Landwirtschaft<br \/>\n(Erzeugung des landwirtschaftlichen Wirtschaftsbereichs im Sinne der LGR)<\/td>\n<\/tr>\n<tr>\n<td class=\"agri-tbl-border-right-dashed\" style=\"border-left: 1px solid !important;\"><\/td>\n<td class=\"agri-tbl-border-right-dashed\" style=\"text-align: center;\" colspan=\"5\"><span class=\"agri-arrow-left agri-arrow-right\">Bruttowertsch\u00f6pfung zu Herstellungspreisen<\/span><\/td>\n<td style=\"border-right: 1px solid !important;\"><\/td>\n<\/tr>\n<tr>\n<td class=\"agri-tbl-border-right-dashed\" style=\"border-left: 1px solid !important;\"><\/td>\n<td class=\"agri-tbl-border-right-dashed\" style=\"text-align: center;\" colspan=\"4\"><span class=\"agri-arrow-left agri-arrow-right\">Nettowertsch\u00f6pfung zu Herstellungspreisen<\/span><\/td>\n<td class=\"agri-tbl-border-right-dashed\"><\/td>\n<td style=\"border-right: 1px solid !important;\"><\/td>\n<\/tr>\n<tr>\n<td class=\"agri-tbl-border-right-dashed\" style=\"border-left: 1px solid !important;\" colspan=\"4\"><span class=\"agri-arrow-left agri-arrow-right\">Faktoreinkommen<\/span><\/td>\n<td class=\"agri-tbl-border-right-dashed\"><\/td>\n<td class=\"agri-tbl-border-right-dashed\"><\/td>\n<td style=\"border-right: 1px solid !important;\"><\/td>\n<\/tr>\n<tr>\n<td class=\"agri-tbl-border-right-dashed\" style=\"border-left: 1px solid !important;\" colspan=\"3\"><span class=\"agri-arrow-left agri-arrow-right\">Nettobetriebs\u00fcberschuss \/ Netto-Selbst\u00e4ndigeneinkommen<\/span><\/td>\n<td class=\"agri-tbl-border-right-dashed\"><\/td>\n<td class=\"agri-tbl-border-right-dashed\"><\/td>\n<td class=\"agri-tbl-border-right-dashed\"><\/td>\n<td style=\"border-right: 1px solid !important;\"><\/td>\n<\/tr>\n<tr>\n<td class=\"agri-tbl-border-right-dashed\" style=\"border-left: 1px solid !important; border-bottom: 1px solid !important;\" colspan=\"2\"><span class=\"agri-arrow-left agri-arrow-right\">Nettounternehmenseinkommen <sup>2)<\/sup><\/span><\/td>\n<td class=\"agri-tbl-border-right-dashed\"><\/td>\n<td class=\"agri-tbl-border-right-dashed\"><\/td>\n<td class=\"agri-tbl-border-right-dashed\"><\/td>\n<td class=\"agri-tbl-border-right-dashed\"><\/td>\n<td style=\"border-right: 1px solid !important;\"><\/td>\n<\/tr>\n<tr>\n<td><\/td>\n<td><\/td>\n<td class=\"agri-tbl-border-solid\" style=\"text-align: center;\">Gezahlte Pachten und Nettozinsen (Schuldzinsen minus Habenzinsen)<\/td>\n<td class=\"agri-tbl-border-solid\" style=\"text-align: center;\">Arbeitnehmerentgelt<\/td>\n<td class=\"agri-tbl-border-solid\" style=\"text-align: center;\">Sonstige Produktionsabgaben<\/td>\n<td class=\"agri-tbl-border-solid\" style=\"text-align: center;\">Abschreibungen<\/td>\n<td class=\"agri-tbl-border-solid\" style=\"text-align: center;\">Vorleistungen<\/td>\n<\/tr>\n<\/tbody>\n<\/table>\n<\/div>\n<div class=\"fusion-separator fusion-full-width-sep agri-separator\" style=\"align-self: center;margin-left: auto;margin-right: auto;width:100%;\"><\/div><div class=\"fusion-title title fusion-title-2 fusion-sep-none fusion-title-text fusion-title-size-four\"><h4 class=\"fusion-title-heading title-heading-left fusion-responsive-typography-calculated\" style=\"margin:0;--fontSize:24;--minFontSize:24;line-height:1.5;\">Landwirtschaftliche Gesamtrechnung (LGR): Geldstr\u00f6me<\/h4><\/div><div class=\"fusion-image-element \" style=\"--awb-caption-title-font-family:var(--h2_typography-font-family);--awb-caption-title-font-weight:var(--h2_typography-font-weight);--awb-caption-title-font-style:var(--h2_typography-font-style);--awb-caption-title-size:var(--h2_typography-font-size);--awb-caption-title-transform:var(--h2_typography-text-transform);--awb-caption-title-line-height:var(--h2_typography-line-height);--awb-caption-title-letter-spacing:var(--h2_typography-letter-spacing);\"><span class=\" fusion-imageframe imageframe-none imageframe-1 hover-type-none\"><img decoding=\"async\" width=\"687\" height=\"860\" alt=\"Landwirtschaftliche Gesamtrechnung (LGR): Geldstr\u00f6me\" title=\"Landwirtschaftliche Gesamtrechnung (LGR): Geldstr\u00f6me\" src=\"https:\/\/agripedia.ch\/terminologie\/wp-content\/uploads\/sites\/18\/2021\/07\/grafik-anhang-7.png\" class=\"img-responsive wp-image-1191\" srcset=\"https:\/\/agripedia.ch\/terminologie\/wp-content\/uploads\/sites\/18\/2021\/07\/grafik-anhang-7-200x250.png 200w, https:\/\/agripedia.ch\/terminologie\/wp-content\/uploads\/sites\/18\/2021\/07\/grafik-anhang-7-400x501.png 400w, https:\/\/agripedia.ch\/terminologie\/wp-content\/uploads\/sites\/18\/2021\/07\/grafik-anhang-7-600x751.png 600w, https:\/\/agripedia.ch\/terminologie\/wp-content\/uploads\/sites\/18\/2021\/07\/grafik-anhang-7.png 687w\" sizes=\"(max-width: 1024px) 100vw, (max-width: 640px) 100vw, 687px\" \/><\/span><\/div><div class=\"fusion-separator fusion-full-width-sep agri-separator\" style=\"align-self: center;margin-left: auto;margin-right: auto;width:100%;\"><\/div><div class=\"fusion-text fusion-text-2 agri-term-related-articles\"><p><sup>1)<\/sup> Dieses Schema stellt die Transaktionen dar, die von der LGR beschrieben werden, von der Wertsch\u00f6pfung bis zur Erzeugung von Prim\u00e4reinkommen in der Landwirtschaft. Die LGR enth\u00e4lt auch Elemente der Verm\u00f6gensbildung (Investitionen, Vorratsver\u00e4nderungen, Verm\u00f6genstransfers) und des Verm\u00f6gensbilanz (Anlagen), die hier nicht dargestellt werden.<\/p>\n<p><sup>2)<\/sup> Wird in der Literatur und Eurostat-Methodik als <em>Nettounternehmensgewinn<\/em> bezeichnet. Wird in der Schweiz auch als <em>Sektoreinkommen<\/em> oder <em>sektorales Einkommen<\/em> bezeichnet.<\/p>\n<\/div><\/div><\/div><div class=\"fusion-layout-column fusion_builder_column fusion-builder-column-1 fusion_builder_column_1_1 1_1 fusion-flex-column\" style=\"--awb-bg-size:cover;--awb-width-large:100%;--awb-margin-top-large:0px;--awb-spacing-right-large:1.92%;--awb-margin-bottom-large:20px;--awb-spacing-left-large:1.92%;--awb-width-medium:100%;--awb-order-medium:0;--awb-spacing-right-medium:1.92%;--awb-spacing-left-medium:1.92%;--awb-width-small:100%;--awb-order-small:0;--awb-spacing-right-small:1.92%;--awb-spacing-left-small:1.92%;\"><div class=\"fusion-column-wrapper fusion-column-has-shadow fusion-flex-justify-content-flex-start fusion-content-layout-column\"><a class=\"fusion-modal-text-link agri-feedback-link\" data-toggle=\"modal\" data-target=\".fusion-modal.feedback_form_de\" href=\"#\">Haben Sie einen Fehler gefunden? M\u00f6chten Sie eine Anmerkung machen? Hier melden.<\/a><div class=\"fusion-modal modal fade modal-1 feedback_form_de\" tabindex=\"-1\" role=\"dialog\" aria-labelledby=\"modal-heading-1\" aria-hidden=\"true\" style=\"--awb-border-color:#ebebeb;--awb-background:#f6f6f6;\"><div class=\"modal-dialog modal-lg\" role=\"document\"><div class=\"modal-content fusion-modal-content\"><div class=\"modal-header\"><button class=\"close\" type=\"button\" data-dismiss=\"modal\" aria-hidden=\"true\" aria-label=\"Close\">&times;<\/button><h3 class=\"modal-title\" id=\"modal-heading-1\" data-dismiss=\"modal\" aria-hidden=\"true\">Feedback geben<\/h3><\/div><div class=\"modal-body fusion-clearfix\">\n<div class=\"fusion-form fusion-form-builder fusion-form-form-wrapper fusion-form-1491\" style=\"--awb-tooltip-text-color:#ffffff;--awb-tooltip-background-color:#333333;\" data-form-id=\"1491\" data-config=\"{&quot;form_id&quot;:1491,&quot;form_post_id&quot;:1491,&quot;post_id&quot;:1157,&quot;form_type&quot;:&quot;ajax&quot;,&quot;confirmation_type&quot;:&quot;message&quot;,&quot;redirect_url&quot;:&quot;&quot;,&quot;field_labels&quot;:{&quot;name&quot;:&quot;Name&quot;,&quot;vorname&quot;:&quot;Vorname&quot;,&quot;organisation&quot;:&quot;Organisation&quot;,&quot;e-mail&quot;:&quot;E-Mail-Adresse&quot;,&quot;kommentar&quot;:&quot;Kommentar&quot;},&quot;field_logics&quot;:{&quot;notice_1&quot;:&quot;&quot;,&quot;name&quot;:&quot;&quot;,&quot;vorname&quot;:&quot;&quot;,&quot;organisation&quot;:&quot;&quot;,&quot;e-mail&quot;:&quot;&quot;,&quot;kommentar&quot;:&quot;&quot;,&quot;submit_1&quot;:&quot;&quot;},&quot;field_types&quot;:{&quot;notice_1&quot;:&quot;notice&quot;,&quot;name&quot;:&quot;text&quot;,&quot;vorname&quot;:&quot;text&quot;,&quot;organisation&quot;:&quot;text&quot;,&quot;e-mail&quot;:&quot;email&quot;,&quot;kommentar&quot;:&quot;textarea&quot;,&quot;submit_1&quot;:&quot;submit&quot;},&quot;nonce_method&quot;:&quot;ajax&quot;}\"><form action=\"https:\/\/agripedia.ch\/terminologie\/anhaenge\/anhang-7-landwirtschaftliche-gesamtrechnung-lgr-neue-version\/\" method=\"post\" class=\"fusion-form fusion-form-1491\"><div class=\"fusion-fullwidth fullwidth-box fusion-builder-row-1-1 fusion-flex-container nonhundred-percent-fullwidth non-hundred-percent-height-scrolling\" style=\"--awb-border-radius-top-left:0px;--awb-border-radius-top-right:0px;--awb-border-radius-bottom-right:0px;--awb-border-radius-bottom-left:0px;--awb-flex-wrap:wrap;\" ><div class=\"fusion-builder-row fusion-row fusion-flex-align-items-flex-start fusion-flex-content-wrap\" style=\"width:104% !important;max-width:104% !important;margin-left: calc(-4% \/ 2 );margin-right: calc(-4% \/ 2 );\"><div class=\"fusion-layout-column fusion_builder_column fusion-builder-column-2 fusion_builder_column_1_1 1_1 fusion-flex-column\" style=\"--awb-bg-size:cover;--awb-width-large:100%;--awb-flex-grow:0;--awb-flex-shrink:0;--awb-margin-top-large:0px;--awb-spacing-right-large:1.92%;--awb-margin-bottom-large:20px;--awb-spacing-left-large:1.92%;--awb-width-medium:100%;--awb-order-medium:0;--awb-flex-grow-medium:0;--awb-flex-shrink-medium:0;--awb-spacing-right-medium:1.92%;--awb-spacing-left-medium:1.92%;--awb-width-small:100%;--awb-order-small:0;--awb-flex-grow-small:0;--awb-flex-shrink-small:0;--awb-spacing-right-small:1.92%;--awb-spacing-left-small:1.92%;\"><div class=\"fusion-column-wrapper fusion-column-has-shadow fusion-flex-justify-content-flex-start fusion-content-layout-column\"><div class=\"form-submission-notices data-notice_1\" id=\"fusion-notices-1\"><div class=\"fusion-alert alert success alert-success fusion-alert-center fusion-form-response fusion-form-response-success fusion-alert-capitalize awb-alert-native-link-color alert-dismissable awb-alert-close-boxed\" role=\"alert\"><div class=\"fusion-alert-content-wrapper\"><span class=\"alert-icon\"><i class=\"awb-icon-check-circle\" aria-hidden=\"true\"><\/i><\/span><span class=\"fusion-alert-content\">Vielen Dank f\u00fcr Ihr Feedback. Es wurde erfolgreich \u00fcbermittelt.<\/span><\/div><button type=\"button\" class=\"close toggle-alert\" data-dismiss=\"alert\" aria-label=\"Close\">&times;<\/button><\/div><div class=\"fusion-alert alert error alert-danger fusion-alert-center fusion-form-response fusion-form-response-error fusion-alert-capitalize awb-alert-native-link-color alert-dismissable awb-alert-close-boxed\" role=\"alert\"><div class=\"fusion-alert-content-wrapper\"><span class=\"alert-icon\"><i class=\"awb-icon-exclamation-triangle\" aria-hidden=\"true\"><\/i><\/span><span class=\"fusion-alert-content\">Beim Versand ist ein Fehler aufgetreten. Bitte probieren Sie es sp\u00e4ter noch einmal. Vielen Dank.<\/span><\/div><button type=\"button\" class=\"close toggle-alert\" data-dismiss=\"alert\" aria-label=\"Close\">&times;<\/button><\/div><\/div><div class=\"fusion-form-field fusion-form-text-field fusion-form-label-above\" style=\"\" data-form-id=\"1491\"><div class=\"fusion-form-label-wrapper\"><label for=\"name\">Name <abbr class=\"fusion-form-element-required\" title=\"required\">*<\/abbr><\/label><\/div><input type=\"text\" autocomplete=\"off\" name=\"name\" id=\"name\" value=\"\"  class=\"fusion-form-input\" required=\"true\" aria-required=\"true\" placeholder=\"Ihr Name *\" data-holds-private-data=\"false\" minlength=\"0\"\/><\/div><div class=\"fusion-form-field fusion-form-text-field fusion-form-label-above\" style=\"\" data-form-id=\"1491\"><div class=\"fusion-form-label-wrapper\"><label for=\"vorname\">Vorname <abbr class=\"fusion-form-element-required\" title=\"required\">*<\/abbr><\/label><\/div><input type=\"text\" autocomplete=\"off\" name=\"vorname\" id=\"vorname\" value=\"\"  class=\"fusion-form-input\" required=\"true\" aria-required=\"true\" placeholder=\"Ihr Vorname *\" data-holds-private-data=\"false\" minlength=\"0\"\/><\/div><div class=\"fusion-form-field fusion-form-text-field fusion-form-label-above\" style=\"\" data-form-id=\"1491\"><div class=\"fusion-form-label-wrapper\"><label for=\"organisation\">Organisation<\/label><\/div><div class=\"fusion-form-input-with-icon\"><i class=\"awb-form-icon fa-building fas\"><\/i><input type=\"text\" autocomplete=\"off\" name=\"organisation\" id=\"organisation\" value=\"\"  class=\"fusion-form-input\" placeholder=\"Ihre Organisation \" data-holds-private-data=\"false\" minlength=\"0\"\/><\/div><\/div><div class=\"fusion-form-field fusion-form-email-field fusion-form-label-above\" style=\"\" data-form-id=\"1491\"><div class=\"fusion-form-label-wrapper\"><label for=\"e-mail\">E-Mail-Adresse <abbr class=\"fusion-form-element-required\" title=\"required\">*<\/abbr><\/label><\/div><div class=\"fusion-form-input-with-icon\"><i class=\"awb-form-icon fa-at fas\"><\/i><input type=\"email\" autocomplete=\"off\" name=\"e-mail\" id=\"e-mail\" value=\"\"  class=\"fusion-form-input\" required=\"true\" aria-required=\"true\" placeholder=\"Ihre E-Mail-Adresse *\" data-holds-private-data=\"false\"\/><\/div><\/div><div class=\"fusion-form-field fusion-form-text-field fusion-form-label-above\" data-form-id=\"1373\">\n\t<div id=\"agri-term-wrapper\" class=\"fusion-form-label-wrapper\">\n\t\t<label for=\"Begriff\">\n\t\t\tBegriff \n\t\t<\/label>\n\t<\/div>\n<\/div>\n<script>\n\t\/\/ input element\n    const input = document.createElement('input');\n    input.setAttribute('id', 'terme');\n    input.setAttribute('name', 'Begriff');\n    input.setAttribute('type', 'text');\n    input.setAttribute('value', getTerm());\n    input.setAttribute('class', 'fusion-form-input');\n    input.setAttribute('aria-required', 'true');\n    input.setAttribute('required', 'false');\n\t\n\tdocument.getElementById('agri-term-wrapper').appendChild(input);\n\n    function getTerm() {\n        const { href } = window.location;\n        const url = new URL(href);\n        const path = url.pathname;\n        const lastWord = path.split('\/').filter(Boolean).pop();\n        return lastWord || '';\n    }\n<\/script><div class=\"fusion-form-field fusion-form-textarea-field fusion-form-label-above\" style=\"\" data-form-id=\"1491\"><label for=\"kommentar\">Kommentar <abbr class=\"fusion-form-element-required\" title=\"required\">*<\/abbr><\/label><textarea cols=\"40\" autocomplete=\"off\"  minlength=\"0\"  rows=\"8\" tabindex=\"\" id=\"kommentar\" name=\"kommentar\" class=\"fusion-form-input\" required=\"true\" aria-required=\"true\" placeholder=\"Ihr Kommentar *\" data-holds-private-data=\"false\"><\/textarea><\/div><div class=\"fusion-form-field fusion-form-submit-field fusion-form-label-above\" style=\"\" data-form-id=\"1491\"><div ><button type=\"submit\" class=\"fusion-button button-flat fusion-button-default-size button-default fusion-button-default button-1 fusion-button-default-span  form-form-submit button-default\" style=\"--button-border-radius-top-left:0;--button-border-radius-top-right:0;--button-border-radius-bottom-right:0;--button-border-radius-bottom-left:0;\" data-form-number=\"1491\" tabindex=\"\"><span class=\"fusion-button-text awb-button__text awb-button__text--default\">Abschicken<\/span><\/button><\/div><\/div><\/div><\/div><\/div><\/div><input type=\"hidden\" name=\"fusion_privacy_store_ip_ua\" value=\"false\"><input type=\"hidden\" name=\"fusion_privacy_expiration_interval\" value=\"48\"><input type=\"hidden\" name=\"privacy_expiration_action\" value=\"anonymize\"><\/form><\/div>\n<\/div><\/div><\/div><\/div><\/div><\/div>\n<\/div><\/div>\n","protected":false},"excerpt":{"rendered":"","protected":false},"author":26,"featured_media":0,"parent":739,"menu_order":7,"comment_status":"closed","ping_status":"closed","template":"","meta":{"_sb_is_suggestion_mode":false,"_sb_show_suggestion_boards":false,"_sb_show_comment_boards":false,"_sb_suggestion_history":"","_sb_update_block_changes":"","inline_featured_image":false,"_monsterinsights_skip_tracking":false,"_monsterinsights_sitenote_active":false,"_monsterinsights_sitenote_note":"","_monsterinsights_sitenote_category":0,"footnotes":""},"class_list":["post-1157","page","type-page","status-publish","hentry"],"aioseo_notices":[],"_links":{"self":[{"href":"https:\/\/agripedia.ch\/terminologie\/wp-json\/wp\/v2\/pages\/1157","targetHints":{"allow":["GET"]}}],"collection":[{"href":"https:\/\/agripedia.ch\/terminologie\/wp-json\/wp\/v2\/pages"}],"about":[{"href":"https:\/\/agripedia.ch\/terminologie\/wp-json\/wp\/v2\/types\/page"}],"author":[{"embeddable":true,"href":"https:\/\/agripedia.ch\/terminologie\/wp-json\/wp\/v2\/users\/26"}],"replies":[{"embeddable":true,"href":"https:\/\/agripedia.ch\/terminologie\/wp-json\/wp\/v2\/comments?post=1157"}],"version-history":[{"count":39,"href":"https:\/\/agripedia.ch\/terminologie\/wp-json\/wp\/v2\/pages\/1157\/revisions"}],"predecessor-version":[{"id":1568,"href":"https:\/\/agripedia.ch\/terminologie\/wp-json\/wp\/v2\/pages\/1157\/revisions\/1568"}],"up":[{"embeddable":true,"href":"https:\/\/agripedia.ch\/terminologie\/wp-json\/wp\/v2\/pages\/739"}],"wp:attachment":[{"href":"https:\/\/agripedia.ch\/terminologie\/wp-json\/wp\/v2\/media?parent=1157"}],"curies":[{"name":"wp","href":"https:\/\/api.w.org\/{rel}","templated":true}]}}