{"id":131,"date":"2020-01-02T03:51:35","date_gmt":"2020-01-02T02:51:35","guid":{"rendered":"https:\/\/agripedia.ch\/terminologie\/?page_id=131"},"modified":"2023-06-26T15:26:06","modified_gmt":"2023-06-26T14:26:06","slug":"annexe-1-exploitation-entreprise-menage-prive","status":"publish","type":"page","link":"https:\/\/agripedia.ch\/terminologie\/fr\/annexes\/annexe-1-exploitation-entreprise-menage-prive\/","title":{"rendered":"Annexe 1 : Exploitation, entreprise, m\u00e9nage, priv\u00e9"},"content":{"rendered":"<div class=\"fusion-fullwidth fullwidth-box fusion-builder-row-1 agri-term-article nonhundred-percent-fullwidth non-hundred-percent-height-scrolling\" style=\"--awb-border-radius-top-left:0px;--awb-border-radius-top-right:0px;--awb-border-radius-bottom-right:0px;--awb-border-radius-bottom-left:0px;--awb-flex-wrap:wrap;\" ><div class=\"fusion-builder-row fusion-row\"><div class=\"fusion-layout-column fusion_builder_column fusion-builder-column-0 fusion_builder_column_1_1 1_1 fusion-one-full fusion-column-first fusion-column-last\" style=\"--awb-bg-size:cover;\"><div class=\"fusion-column-wrapper fusion-flex-column-wrapper-legacy\"><div class=\"fusion-text fusion-text-1 agri-term-title\"><h2>Exploitation, Entreprise, M\u00e9nage, Priv\u00e9<\/h2>\n<\/div><div class=\"fusion-text fusion-text-2 agri-term-content-table\"><h3>Sommaire<\/h3>\n<ul>\n<li><a href=\"#1\">Entreprise et exploitation<\/a><\/li>\n<li><a href=\"#2\">M\u00e9nage<\/a><\/li>\n<li><a href=\"#3\">L\u2019entreprise comme syst\u00e8me<\/a><\/li>\n<li><a href=\"#4\">Le syst\u00e8me global de l\u2019entreprise au m\u00e9nage<\/a><\/li>\n<li><a href=\"#5\">D\u00e9limitations et interactions dans le syst\u00e8me global de l\u2019entreprise au m\u00e9nage<\/a><\/li>\n<\/ul>\n<\/div><div class=\"fusion-text fusion-text-3\" id=\"1\"><h3>Entreprise et exploitation<\/h3>\n<\/div><div class=\"fusion-text fusion-text-4\"><p>Souvent, le terme exploitation est utilis\u00e9 comme synonyme d\u2019entreprise aussi bien dans le langage courant que dans les textes l\u00e9gislatifs, ainsi que dans la litt\u00e9rature sp\u00e9cialis\u00e9e.<\/p>\n<p>L\u2019entreprise est l\u2019unit\u00e9 d\u2019action des propri\u00e9taires pour la poursuite d\u2019objectifs \u00e9conomiques priv\u00e9s. \u00a0A cet \u00e9gard, une entreprise est une unit\u00e9 autonome de planification et de d\u00e9cision, \u00e9conomiquement et comptablement ind\u00e9pendante, qui assume les risques de march\u00e9 et de capital (pour son propre compte) et qui utilise une ou plusieurs exploitations pour poursuivre le but et les objectifs de l\u2019entreprise.<\/p>\n<p>L\u2019exploitation est une unit\u00e9 localis\u00e9e, technique, \u00e9conomique et organisationnelle pour la production de biens et de services, caract\u00e9ris\u00e9e par un contexte spatial et une organisation.<\/p>\n<p>Une exploitation est toujours rattach\u00e9e \u00e0 la personne juridique d\u2019une entreprise.<\/p>\n<p>La diff\u00e9rence entre l\u2019exploitation et l\u2019entreprise devient plus nette si on les rapporte respectivement aux deux notions distinctes d\u2019efficience \u00e9conomique (exploitation) et de rentabilit\u00e9 (entreprise). L\u2019efficience \u00e9conomique s\u2019exprime par l\u2019utilisation la plus faible possible des ressources (quantit\u00e9 d\u2019intrants) pour atteindre une certaine prestation op\u00e9rationnelle : l\u2019efficience est d\u00e9finie comme la rationalit\u00e9 op\u00e9rationnelle et organisationnelle maximale. Contrairement \u00e0 ce rapport input-output du processus d\u2019exploitation, la rentabilit\u00e9 est le rapport entre le r\u00e9sultat et les capitaux engag\u00e9s de l\u2019entreprise, c\u2019est-\u00e0-dire le r\u00e9sultat de l\u2019entreprise comme somme du r\u00e9sultat hors exploitation et du r\u00e9sultat d\u2019exploitation par rapport aux capitaux propres engag\u00e9s (Gutenberg).<\/p>\n<p>En droit fiscal \u00e9galement, l\u2019exploitation et l\u2019entreprise sont en partie synonymes. En droit fiscal, le processus de production de l\u2019exploitation est le point de d\u00e9part de la taxation : acquisition des moyens d\u2019exploitation, g\u00e9n\u00e9ration de la prestation de l\u2019exploitation, r\u00e9sultat de la prestation de l\u2019exploitation et transfert des actifs de l\u2019exploitation. Le d\u00e9biteur fiscal, en revanche, est l\u2019entreprise en tant qu\u2019entit\u00e9 juridique pour laquelle l\u2019exploitation fournit une prestation (Gabler Wirtschaftslexikon).<\/p>\n<p>Il existe des d\u00e9finitions sp\u00e9cifiques de l\u2019entreprise et de l\u2019exploitation agricoles n\u00e9cessaires \u00e0 la mise en \u0153uvre de t\u00e2ches administratives particuli\u00e8res (ordonnances sur la terminologie agricole, sur l\u2019\u00e9valuation de la durabilit\u00e9 de l\u2019agriculture, Loi sur le droit foncier rural, etc.). Ces d\u00e9finitions ne font pas partie de la pr\u00e9sente publication. Des liens dynamiques, renvoyant aux sources officielles, sont ins\u00e9r\u00e9s dans les d\u00e9finitions concern\u00e9es.<\/p>\n<\/div><div class=\"fusion-text fusion-text-5\" id=\"2\"><h3>M\u00e9nage<\/h3>\n<\/div><div class=\"fusion-text fusion-text-6\"><p>La caract\u00e9ristique majeure des m\u00e9nages est qu\u2019ils sont ax\u00e9s sur la consommation, c\u2019est-\u00e0-dire qu\u2019ils utilisent avant tout des biens de consommation. Cette consommation de biens et de services \u2013 qu\u2019ils produisent eux-m\u00eames ou acqui\u00e8rent aupr\u00e8s de tiers \u2013 sert toujours \u00e0 satisfaire leurs besoins personnels.<\/p>\n<p>Contrairement aux m\u00e9nages, les entreprises peuvent se d\u00e9finir comme des agents \u00e9conomiques ax\u00e9s sur la production, dont les activit\u00e9s servent en premier lieu \u00e0 satisfaire les besoins de tiers (Thommen 2016).<\/p>\n<p>Voir aussi la d\u00e9finition du terme, dans la partie principale de cette publication, comme \u00ab\u00a0communaut\u00e9 d\u2019habitation et de consommation\u00a0\u00bb.<\/p>\n<\/div><div class=\"fusion-text fusion-text-7\" id=\"3\"><h3>L\u2019entreprise comme syst\u00e8me, et le syst\u00e8me global de l\u2019entreprise au m\u00e9nage<\/h3>\n<\/div><div class=\"fusion-text fusion-text-8\"><h4>L\u2019entreprise comme syst\u00e8me<\/h4>\n<p>L\u2019entreprise peut \u00eatre d\u00e9crite comme un syst\u00e8me social ouvert, dynamique, complexe, autonome, ax\u00e9 sur le march\u00e9 et productif.<\/p>\n<p>L\u2018entreprise:<\/p>\n<ul>\n<li>est un syst\u00e8me social dans lequel les individus, isol\u00e9s ou en groupe, exercent des activit\u00e9s et influencent de fa\u00e7on sensible le comportement de l\u2018entreprise,<\/li>\n<li>est un syst\u00e8me ouvert qui proc\u00e8de \u00e0 des \u00e9changes permanents avec son environnement et entretient avec lui des relations diverses,<\/li>\n<li>se compose de nombreux \u00e9l\u00e9ments dont la combinaison constitue un syst\u00e8me tr\u00e8s complexe de structures et de processus.<\/li>\n<\/ul>\n<p>Il existe entre ses \u00e9l\u00e9ments des relations vari\u00e9es et difficiles \u00e0 identifier ainsi que des interactions non lin\u00e9aires (boucles de r\u00e9troaction). Le comportement du syst\u00e8me se traduit par des r\u00e9sultats appel\u00e9s \u00e9mergents.<\/p>\n<p>Si la connaissance des caract\u00e9ristiques des syst\u00e8mes complexes est primordiale, c\u2019est qu\u2019elle d\u00e9montre qu\u2019une entreprise n\u2019est contr\u00f4lable que dans une certaine mesure et qu\u2019il faut toujours tenir compte du plus grand nombre possible de facteurs \u2013 par ex. dans le cadre d\u2019une analyse de probl\u00e8me \u2013 ou des diff\u00e9rents r\u00e9sultats de certaines mesures ou actions. La pens\u00e9e et l\u2019action globale et en r\u00e9seaux sont donc indispensables non seulement \u00e0 la gestion d\u2019entreprise en tant que science, mais \u00e9galement \u00e0 la pratique quotidienne du management (Thommen 2016).<\/p>\n<\/div><div class=\"fusion-text fusion-text-9\" id=\"4\"><h4>Le syst\u00e8me global de l\u2019entreprise au m\u00e9nage<\/h4>\n<\/div><div class=\"fusion-text fusion-text-10\"><p>En Suisse, les entreprises agricoles font majoritairement partie de la cat\u00e9gorie des \u00ab entreprises familiales \u00bb (voir d\u00e9finition dans la partie principale de cette publication).<\/p>\n<p>Selon Zellweger (2017), une entreprise familiale est une entreprise contr\u00f4l\u00e9e majoritairement par une famille avec la vision de maintenir potentiellement le contr\u00f4le familial \u00e0 travers les g\u00e9n\u00e9rations.<\/p>\n<p>De plus ce sont de \u00ab\u00a0petites entreprises\u00a0\u00bb, dans lesquelles les liens sont en outre particuli\u00e8rement \u00e9troits et exclusifs avec les membres de la famille qui s\u2019y investissent ou qui habitent sur le site d\u2019exploitation. Pour prendre en compte cette r\u00e9alit\u00e9 et ses cons\u00e9quences pratiques, il est d\u00e8s lors pertinent de consid\u00e9rer \u00e9galement le syst\u00e8me plus global englobant toutes les composantes \u00ab\u00a0de l\u2019entreprise au m\u00e9nage\u00a0\u00bb (voir sch\u00e9ma ci-dessous).<\/p>\n<p>Schmitt (1990) consid\u00e8re ainsi l\u2019<em>entreprise<\/em> familiale dans l\u2019agriculture comme une unit\u00e9 organis\u00e9e d\u2019exploitation\/entreprise et m\u00e9nage, qui permet ou n\u00e9cessite l\u2019association d\u2019activit\u00e9s agricoles et extra-agricoles. Seule cette th\u00e9orie du m\u00e9nage permet d\u2019expliquer pourquoi les tailles d\u2019exploitation consid\u00e9r\u00e9es comme inad\u00e9quates du point de vue de l\u2019\u00e9conomie d\u2019entreprise, associ\u00e9es \u00e0 l\u2019utilisation hors exploitation des ressources \u00e0 disposition de la famille peuvent contribuer \u00e0 une allocation optimale de ces facteurs.<\/p>\n<p>En 2014, Levallois a consid\u00e9r\u00e9 que l\u2019entreprise agricole \u00e9tait un ensemble ou un syst\u00e8me \u00ab\u00a0entreprise-famille\u00a0\u00bb. Selon lui, on ne peut comprendre le fonctionnement d\u2019une <em>entreprise<\/em> (agricole) et les choix qui y sont faits, si on ne prend pas simultan\u00e9ment en compte les projets du groupe familial et l\u2019unit\u00e9 de production comme composantes indissociables de ce fonctionnement.<\/p>\n<p>En outre : dans la majorit\u00e9 des entreprises agricoles, il n\u2019y a pas de distinction claire entre l\u2019entreprise et la famille. La m\u00eame personne (ou famille, ou \u00e9quipe) est \u00e0 la fois \u00ab actionnaire \u00bb, employ\u00e9e et g\u00e9rante ou PDG de l\u2019entreprise, comme le montre le tableau 1 (Levallois 2014).<\/p>\n<\/div>\n<div class=\"table-1\">\n<table width=\"100%\">\n<thead>\n<tr>\n<th align=\"left\">Fonction dans l\u2019entreprise<\/th>\n<th align=\"left\">Entreprise industrielle ou commerciale de moyenne et grande dimension (personne morale)<\/th>\n<th align=\"left\">Entreprise agricole de petite et moyenne dimension (type familial)<\/th>\n<\/tr>\n<\/thead>\n<tbody>\n<tr>\n<td align=\"left\">Apport de capital<\/td>\n<td align=\"left\">Actionnaires<\/td>\n<td align=\"left\">Agriculteur-rice<\/td>\n<\/tr>\n<tr>\n<td align=\"left\">Direction<\/td>\n<td align=\"left\">Directeur-rice<\/td>\n<td align=\"left\">Agriculteur-rice<\/td>\n<\/tr>\n<tr>\n<td align=\"left\">Travail<\/td>\n<td align=\"left\">Salari\u00e9-e-s<\/td>\n<td align=\"left\">Agriculteur-rice<\/td>\n<\/tr>\n<\/tbody>\n<\/table>\n<\/div>\n<div class=\"fusion-text fusion-text-11 agri-image-caption\"><p>Tableau 1 : R\u00e9partitions des fonctions dans l\u2019entreprise agricole (Source : d\u2019apr\u00e8s Levallois, 2014).<\/p>\n<\/div><div class=\"fusion-text fusion-text-12\" id=\"5\"><h3>D\u00e9limitations et interactions dans le syst\u00e8me global de l\u2019entreprise au m\u00e9nage<\/h3>\n<\/div><div class=\"fusion-image-element fusion-image-align-center in-legacy-container\" style=\"text-align:center;--awb-max-width:1227px;--awb-caption-title-font-family:var(--h2_typography-font-family);--awb-caption-title-font-weight:var(--h2_typography-font-weight);--awb-caption-title-font-style:var(--h2_typography-font-style);--awb-caption-title-size:var(--h2_typography-font-size);--awb-caption-title-transform:var(--h2_typography-text-transform);--awb-caption-title-line-height:var(--h2_typography-line-height);--awb-caption-title-letter-spacing:var(--h2_typography-letter-spacing);\"><div class=\"imageframe-align-center\"><span class=\" fusion-imageframe imageframe-none imageframe-1 hover-type-none\"><img decoding=\"async\" width=\"1227\" height=\"936\" alt=\"Tableau Annexe 1 F V04\" title=\"Tableau Annexe 1 F V04\" src=\"https:\/\/agripedia.ch\/terminologie\/wp-content\/uploads\/sites\/18\/2020\/08\/Tableau-Annexe-1-F-V04-1.jpg\" class=\"img-responsive wp-image-780\" srcset=\"https:\/\/agripedia.ch\/terminologie\/wp-content\/uploads\/sites\/18\/2020\/08\/Tableau-Annexe-1-F-V04-1-200x153.jpg 200w, https:\/\/agripedia.ch\/terminologie\/wp-content\/uploads\/sites\/18\/2020\/08\/Tableau-Annexe-1-F-V04-1-400x305.jpg 400w, https:\/\/agripedia.ch\/terminologie\/wp-content\/uploads\/sites\/18\/2020\/08\/Tableau-Annexe-1-F-V04-1-600x458.jpg 600w, https:\/\/agripedia.ch\/terminologie\/wp-content\/uploads\/sites\/18\/2020\/08\/Tableau-Annexe-1-F-V04-1-800x610.jpg 800w, https:\/\/agripedia.ch\/terminologie\/wp-content\/uploads\/sites\/18\/2020\/08\/Tableau-Annexe-1-F-V04-1-1200x915.jpg 1200w, https:\/\/agripedia.ch\/terminologie\/wp-content\/uploads\/sites\/18\/2020\/08\/Tableau-Annexe-1-F-V04-1.jpg 1227w\" sizes=\"(max-width: 800px) 100vw, 1200px\" \/><\/span><\/div><\/div><div class=\"fusion-text fusion-text-13\"><p>Les fl\u00e8ches illustrent quelques exemples possibles d\u2019interactions ou de flux entre les diff\u00e9rentes composantes du syst\u00e8me global. Par exemple l\u2019entreprise agricole peut verser un salaire \u00e0 un membre de la famille, qui participe par ailleurs \u00e0 la consommation au sein du m\u00e9nage commun.<\/p>\n<p>L\u2019entreprise agricole et le m\u00e9nage forment une unit\u00e9. Par cons\u00e9quent, dans de nombreux cas, toutes les transactions financi\u00e8res sont effectu\u00e9es via le compte commercial et une distinction est faite uniquement dans la comptabilit\u00e9 entre les d\u00e9penses professionnelles et priv\u00e9es. La comptabilit\u00e9 agricole pr\u00e9sente souvent une consommation priv\u00e9e d\u00e9taill\u00e9e dans les capitaux propres, y compris les activit\u00e9s d\u00e9pendantes avec certificat de salaire.<\/p>\n<p>En agriculture, la majorit\u00e9 des entreprises ont la forme juridique d\u2019entreprise individuelle ou de soci\u00e9t\u00e9 de personnes. Dans ce cas, certains des flux entre l\u2019entreprise et le m\u00e9nage \u00e9voqu\u00e9s dans ce chapitre \u00ab Le syst\u00e8me global, de l\u2019entreprise au m\u00e9nage \u00bb ne sont pas comptabilis\u00e9s dans le compte de r\u00e9sultat. C\u2019est en particulier le cas de la r\u00e9mun\u00e9ration du travail des membres de la famille non salari\u00e9s. Lorsque l\u2019entreprise a une forme juridique de personne morale, un salaire comptabilis\u00e9 dans les charges est vers\u00e9 par l\u2019entreprise pour l\u2019ensemble de la main-d\u2019\u0153uvre, chef-fe d\u2019exploitation et membres de la famille y-compris.<\/p>\n<\/div><div class=\"fusion-clearfix\"><\/div><\/div><\/div><div class=\"fusion-layout-column fusion_builder_column fusion-builder-column-1 fusion_builder_column_1_1 1_1 fusion-one-full fusion-column-first fusion-column-last\" style=\"--awb-bg-blend:overlay;--awb-bg-size:cover;\"><div class=\"fusion-column-wrapper fusion-flex-column-wrapper-legacy\"><a class=\"fusion-modal-text-link agri-feedback-link\" data-toggle=\"modal\" data-target=\".fusion-modal.feedback_form_fr\" href=\"#\">Vous avez trouv\u00e9 une erreur ? Vous souhaitez faire une remarque ? Signaler la ici.<\/a><div class=\"fusion-modal modal fade modal-1 feedback_form_fr\" tabindex=\"-1\" role=\"dialog\" aria-labelledby=\"modal-heading-1\" aria-hidden=\"true\" style=\"--awb-border-color:#ebebeb;--awb-background:#f6f6f6;\"><div class=\"modal-dialog modal-lg\" role=\"document\"><div class=\"modal-content fusion-modal-content\"><div class=\"modal-header\"><button class=\"close\" type=\"button\" data-dismiss=\"modal\" aria-hidden=\"true\" aria-label=\"Close\">&times;<\/button><h3 class=\"modal-title\" id=\"modal-heading-1\" data-dismiss=\"modal\" aria-hidden=\"true\">Donner du feedback ?<\/h3><\/div><div class=\"modal-body fusion-clearfix\">\n<div class=\"fusion-form fusion-form-builder fusion-form-form-wrapper fusion-form-1498\" style=\"--awb-tooltip-text-color:#ffffff;--awb-tooltip-background-color:#333333;\" data-form-id=\"1498\" data-config=\"{&quot;form_id&quot;:1498,&quot;form_post_id&quot;:1498,&quot;post_id&quot;:131,&quot;form_type&quot;:&quot;ajax&quot;,&quot;confirmation_type&quot;:&quot;message&quot;,&quot;redirect_url&quot;:&quot;&quot;,&quot;field_labels&quot;:{&quot;nom&quot;:&quot;Nom&quot;,&quot;prenom&quot;:&quot;Pr\\u00e9nom&quot;,&quot;organisation&quot;:&quot;Organisation&quot;,&quot;adresse_email&quot;:&quot;Adresse email&quot;,&quot;commentaire&quot;:&quot;Commentaire&quot;},&quot;field_logics&quot;:{&quot;notice_1&quot;:&quot;&quot;,&quot;nom&quot;:&quot;&quot;,&quot;prenom&quot;:&quot;&quot;,&quot;organisation&quot;:&quot;&quot;,&quot;adresse_email&quot;:&quot;&quot;,&quot;commentaire&quot;:&quot;&quot;,&quot;submit_1&quot;:&quot;&quot;},&quot;field_types&quot;:{&quot;notice_1&quot;:&quot;notice&quot;,&quot;nom&quot;:&quot;text&quot;,&quot;prenom&quot;:&quot;text&quot;,&quot;organisation&quot;:&quot;text&quot;,&quot;adresse_email&quot;:&quot;email&quot;,&quot;commentaire&quot;:&quot;textarea&quot;,&quot;submit_1&quot;:&quot;submit&quot;},&quot;nonce_method&quot;:&quot;ajax&quot;}\"><form action=\"https:\/\/agripedia.ch\/terminologie\/fr\/annexes\/annexe-1-exploitation-entreprise-menage-prive\/\" method=\"post\" class=\"fusion-form fusion-form-1498\"><div class=\"fusion-fullwidth fullwidth-box fusion-builder-row-1-1 fusion-flex-container nonhundred-percent-fullwidth non-hundred-percent-height-scrolling\" style=\"--awb-border-radius-top-left:0px;--awb-border-radius-top-right:0px;--awb-border-radius-bottom-right:0px;--awb-border-radius-bottom-left:0px;--awb-flex-wrap:wrap;\" ><div class=\"fusion-builder-row fusion-row fusion-flex-align-items-flex-start fusion-flex-content-wrap\" style=\"width:104% !important;max-width:104% !important;margin-left: calc(-4% \/ 2 );margin-right: calc(-4% \/ 2 );\"><div class=\"fusion-layout-column fusion_builder_column fusion-builder-column-2 fusion_builder_column_1_1 1_1 fusion-flex-column\" style=\"--awb-bg-size:cover;--awb-width-large:100%;--awb-flex-grow:0;--awb-flex-shrink:0;--awb-margin-top-large:0px;--awb-spacing-right-large:1.92%;--awb-margin-bottom-large:20px;--awb-spacing-left-large:1.92%;--awb-width-medium:100%;--awb-order-medium:0;--awb-flex-grow-medium:0;--awb-flex-shrink-medium:0;--awb-spacing-right-medium:1.92%;--awb-spacing-left-medium:1.92%;--awb-width-small:100%;--awb-order-small:0;--awb-flex-grow-small:0;--awb-flex-shrink-small:0;--awb-spacing-right-small:1.92%;--awb-spacing-left-small:1.92%;\"><div class=\"fusion-column-wrapper fusion-column-has-shadow fusion-flex-justify-content-flex-start fusion-content-layout-column\"><div class=\"form-submission-notices data-notice_1\" id=\"fusion-notices-1\"><div class=\"fusion-alert alert success alert-success fusion-alert-center fusion-form-response fusion-form-response-success fusion-alert-capitalize awb-alert-native-link-color alert-dismissable awb-alert-close-boxed\" role=\"alert\"><div class=\"fusion-alert-content-wrapper\"><span class=\"alert-icon\"><i class=\"awb-icon-check-circle\" aria-hidden=\"true\"><\/i><\/span><span class=\"fusion-alert-content\">Merci pour votre message. Il a \u00e9t\u00e9 envoy\u00e9.<\/span><\/div><button type=\"button\" class=\"close toggle-alert\" data-dismiss=\"alert\" aria-label=\"Close\">&times;<\/button><\/div><div class=\"fusion-alert alert error alert-danger fusion-alert-center fusion-form-response fusion-form-response-error fusion-alert-capitalize awb-alert-native-link-color alert-dismissable awb-alert-close-boxed\" role=\"alert\"><div class=\"fusion-alert-content-wrapper\"><span class=\"alert-icon\"><i class=\"awb-icon-exclamation-triangle\" aria-hidden=\"true\"><\/i><\/span><span class=\"fusion-alert-content\">Une erreur s'est produite lors de l'envoi de votre message. Veuillez r\u00e9essayer plus tard.<\/span><\/div><button type=\"button\" class=\"close toggle-alert\" data-dismiss=\"alert\" aria-label=\"Close\">&times;<\/button><\/div><\/div><div class=\"fusion-form-field fusion-form-text-field fusion-form-label-above\" style=\"\" data-form-id=\"1498\"><div class=\"fusion-form-label-wrapper\"><label for=\"nom\">Nom <abbr class=\"fusion-form-element-required\" title=\"required\">*<\/abbr><\/label><\/div><input type=\"text\" autocomplete=\"off\" name=\"nom\" id=\"nom\" value=\"\"  class=\"fusion-form-input\" required=\"true\" aria-required=\"true\" placeholder=\"Votre nom *\" data-holds-private-data=\"false\" minlength=\"0\"\/><\/div><div class=\"fusion-form-field fusion-form-text-field fusion-form-label-above\" style=\"\" data-form-id=\"1498\"><div class=\"fusion-form-label-wrapper\"><label for=\"prenom\">Pr\u00e9nom <abbr class=\"fusion-form-element-required\" title=\"required\">*<\/abbr><\/label><\/div><input type=\"text\" autocomplete=\"off\" name=\"prenom\" id=\"prenom\" value=\"\"  class=\"fusion-form-input\" required=\"true\" aria-required=\"true\" placeholder=\"Votre pr\u00e9nom *\" data-holds-private-data=\"false\" minlength=\"0\"\/><\/div><div class=\"fusion-form-field fusion-form-text-field fusion-form-label-above\" style=\"\" data-form-id=\"1498\"><div class=\"fusion-form-label-wrapper\"><label for=\"organisation\">Organisation<\/label><\/div><div class=\"fusion-form-input-with-icon\"><i class=\"awb-form-icon fa-building fas\"><\/i><input type=\"text\" autocomplete=\"off\" name=\"organisation\" id=\"organisation\" value=\"\"  class=\"fusion-form-input\" placeholder=\"Votre organisation \" data-holds-private-data=\"false\" minlength=\"0\"\/><\/div><\/div><div class=\"fusion-form-field fusion-form-email-field fusion-form-label-above\" style=\"\" data-form-id=\"1498\"><div class=\"fusion-form-label-wrapper\"><label for=\"adresse_email\">Adresse email <abbr class=\"fusion-form-element-required\" title=\"required\">*<\/abbr><\/label><\/div><div class=\"fusion-form-input-with-icon\"><i class=\"awb-form-icon fa-at fas\"><\/i><input type=\"email\" autocomplete=\"off\" name=\"adresse_email\" id=\"adresse_email\" value=\"\"  class=\"fusion-form-input\" required=\"true\" aria-required=\"true\" placeholder=\"Votre adresse email *\" data-holds-private-data=\"false\"\/><\/div><\/div><div class=\"fusion-form-field fusion-form-text-field fusion-form-label-above\" data-form-id=\"1373\">\n\t<div id=\"agri-term-wrapper\" class=\"fusion-form-label-wrapper\">\n\t\t<label for=\"Terme\">\n\t\t\tTerme \n\t\t<\/label>\n\t<\/div>\n<\/div>\n<script>\n\t\/\/ input element\n    const input = document.createElement('input');\n    input.setAttribute('id', 'terme');\n    input.setAttribute('name', 'Terme');\n    input.setAttribute('type', 'text');\n    input.setAttribute('value', getTerm());\n    input.setAttribute('class', 'fusion-form-input');\n    input.setAttribute('aria-required', 'true');\n    input.setAttribute('required', 'false');\n\t\n\tdocument.getElementById('agri-term-wrapper').appendChild(input);\n\n    function getTerm() {\n        const { href } = window.location;\n        const url = new URL(href);\n        const path = url.pathname;\n        const lastWord = path.split('\/').filter(Boolean).pop();\n        return lastWord || '';\n    }\n<\/script><div class=\"fusion-form-field fusion-form-textarea-field fusion-form-label-above\" style=\"\" data-form-id=\"1498\"><label for=\"commentaire\">Commentaire <abbr class=\"fusion-form-element-required\" title=\"required\">*<\/abbr><\/label><textarea cols=\"40\" autocomplete=\"off\"  minlength=\"0\"  rows=\"8\" tabindex=\"\" id=\"commentaire\" name=\"commentaire\" class=\"fusion-form-input\" required=\"true\" aria-required=\"true\" placeholder=\"Votre commentaire *\" data-holds-private-data=\"false\"><\/textarea><\/div><div class=\"fusion-form-field fusion-form-submit-field fusion-form-label-above\" style=\"\" data-form-id=\"1498\"><div ><button type=\"submit\" class=\"fusion-button button-flat fusion-button-default-size button-default fusion-button-default button-1 fusion-button-default-span  form-form-submit button-default\" style=\"--button-border-radius-top-left:0;--button-border-radius-top-right:0;--button-border-radius-bottom-right:0;--button-border-radius-bottom-left:0;\" data-form-number=\"1498\" tabindex=\"\"><span class=\"fusion-button-text awb-button__text awb-button__text--default\">Envoyer<\/span><\/button><\/div><\/div><\/div><\/div><\/div><\/div><input type=\"hidden\" name=\"fusion_privacy_store_ip_ua\" value=\"false\"><input type=\"hidden\" name=\"fusion_privacy_expiration_interval\" value=\"48\"><input type=\"hidden\" name=\"privacy_expiration_action\" value=\"anonymize\"><\/form><\/div>\n<\/div><div class=\"modal-footer\"><button class=\"fusion-button button-default button-medium button default medium\" type=\"button\" data-dismiss=\"modal\">Close<\/button><\/div><\/div><\/div><\/div><div class=\"fusion-clearfix\"><\/div><\/div><\/div>\n<\/div><\/div>\n","protected":false},"excerpt":{"rendered":"","protected":false},"author":7,"featured_media":0,"parent":731,"menu_order":1,"comment_status":"closed","ping_status":"closed","template":"","meta":{"_sb_is_suggestion_mode":false,"_sb_show_suggestion_boards":false,"_sb_show_comment_boards":false,"_sb_suggestion_history":"","_sb_update_block_changes":"","inline_featured_image":false,"_monsterinsights_skip_tracking":false,"_monsterinsights_sitenote_active":false,"_monsterinsights_sitenote_note":"","_monsterinsights_sitenote_category":0,"footnotes":""},"class_list":["post-131","page","type-page","status-publish","hentry"],"aioseo_notices":[],"_links":{"self":[{"href":"https:\/\/agripedia.ch\/terminologie\/fr\/wp-json\/wp\/v2\/pages\/131","targetHints":{"allow":["GET"]}}],"collection":[{"href":"https:\/\/agripedia.ch\/terminologie\/fr\/wp-json\/wp\/v2\/pages"}],"about":[{"href":"https:\/\/agripedia.ch\/terminologie\/fr\/wp-json\/wp\/v2\/types\/page"}],"author":[{"embeddable":true,"href":"https:\/\/agripedia.ch\/terminologie\/fr\/wp-json\/wp\/v2\/users\/7"}],"replies":[{"embeddable":true,"href":"https:\/\/agripedia.ch\/terminologie\/fr\/wp-json\/wp\/v2\/comments?post=131"}],"version-history":[{"count":14,"href":"https:\/\/agripedia.ch\/terminologie\/fr\/wp-json\/wp\/v2\/pages\/131\/revisions"}],"predecessor-version":[{"id":1506,"href":"https:\/\/agripedia.ch\/terminologie\/fr\/wp-json\/wp\/v2\/pages\/131\/revisions\/1506"}],"up":[{"embeddable":true,"href":"https:\/\/agripedia.ch\/terminologie\/fr\/wp-json\/wp\/v2\/pages\/731"}],"wp:attachment":[{"href":"https:\/\/agripedia.ch\/terminologie\/fr\/wp-json\/wp\/v2\/media?parent=131"}],"curies":[{"name":"wp","href":"https:\/\/api.w.org\/{rel}","templated":true}]}}