{"id":1197,"date":"2021-07-27T09:50:06","date_gmt":"2021-07-27T08:50:06","guid":{"rendered":"https:\/\/agripedia.ch\/terminologie\/?page_id=1197"},"modified":"2023-10-25T09:28:29","modified_gmt":"2023-10-25T08:28:29","slug":"annexe-7-comptes-economiques-de-lagriculture-cea","status":"publish","type":"page","link":"https:\/\/agripedia.ch\/terminologie\/fr\/annexes\/annexe-7-comptes-economiques-de-lagriculture-cea\/","title":{"rendered":"Annexe 7 : Comptes \u00e9conomiques de l&#8217;Agriculture (CEA)"},"content":{"rendered":"<div class=\"fusion-fullwidth fullwidth-box fusion-builder-row-1 fusion-flex-container nonhundred-percent-fullwidth non-hundred-percent-height-scrolling\" style=\"--awb-border-radius-top-left:0px;--awb-border-radius-top-right:0px;--awb-border-radius-bottom-right:0px;--awb-border-radius-bottom-left:0px;--awb-flex-wrap:wrap;\" ><div class=\"fusion-builder-row fusion-row fusion-flex-align-items-flex-start fusion-flex-content-wrap\" style=\"max-width:1144px;margin-left: calc(-4% \/ 2 );margin-right: calc(-4% \/ 2 );\"><div class=\"fusion-layout-column fusion_builder_column fusion-builder-column-0 fusion_builder_column_1_1 1_1 fusion-flex-column\" style=\"--awb-bg-size:cover;--awb-width-large:100%;--awb-margin-top-large:0px;--awb-spacing-right-large:1.92%;--awb-margin-bottom-large:20px;--awb-spacing-left-large:1.92%;--awb-width-medium:100%;--awb-order-medium:0;--awb-spacing-right-medium:1.92%;--awb-spacing-left-medium:1.92%;--awb-width-small:100%;--awb-order-small:0;--awb-spacing-right-small:1.92%;--awb-spacing-left-small:1.92%;\"><div class=\"fusion-column-wrapper fusion-column-has-shadow fusion-flex-justify-content-flex-start fusion-content-layout-column\"><div class=\"fusion-title title fusion-title-1 fusion-sep-none fusion-title-text fusion-title-size-two\"><h2 class=\"fusion-title-heading title-heading-left fusion-responsive-typography-calculated\" style=\"margin:0;--fontSize:40;line-height:1.5;\">Sch\u00e9ma des Comptes \u00e9conomiques de l\u2019Agriculture (CEA)<sup>1)<\/sup><\/h2><\/div><div class=\"fusion-text fusion-text-1\"><p>Notions principales selon la m\u00e9thode Eurostat des Comptes \u00e9conomiques de l\u2019Agriculture (CEA), Eurostat, Luxembourg 2000.<\/p>\n<p>Lecture conseill\u00e9e : <a href=\"https:\/\/www.bfs.admin.ch\/bfs\/fr\/home\/statistiques\/agriculture-sylviculture\/comptes-economiques-satellites.assetdetail.18524202.html\">Office f\u00e9d\u00e9ral de la statistique (OFS), Les comptes \u00e9conomiques et satellites du secteur primaire : m\u00e9thodes \u2013 Une introduction \u00e0 la th\u00e9orie et \u00e0 la pratique \u2013 4\u00e8me \u00e9dition, Neuch\u00e2tel, 2021<\/a>.<\/p>\n<\/div>\n<div class=\"table-2 agri-terminologie-table-no-border agri-terminologie-table-100pct\">\n<table width=\"100%\">\n<tbody>\n<tr>\n<td><\/td>\n<td class=\"agri-tbl-border-solid\" colspan=\"7\">Production totale = Production de la branche agricole = Production de l\u2019agriculture<br \/>\n(au sens des CEA)<\/td>\n<\/tr>\n<tr>\n<td class=\"agri-tbl-border-right-dashed\"><\/td>\n<td><\/td>\n<td><\/td>\n<td><\/td>\n<td><\/td>\n<td><\/td>\n<td><\/td>\n<td class=\"agri-tbl-border-right-dashed\"><\/td>\n<\/tr>\n<tr>\n<td rowspan=\"2\"><strong>Composition de la valeur de production totale<\/strong><\/td>\n<td class=\"agri-tbl-border-solid\" rowspan=\"2\">Intraconsommation<\/td>\n<td class=\"agri-tbl-border-solid\" rowspan=\"2\">Transformation par les producteurs<\/td>\n<td class=\"agri-tbl-border-solid\" rowspan=\"2\">Autoconsommation par les m\u00e9nages agricoles<\/td>\n<td class=\"agri-tbl-border-solid\">Ventes \u00e0 d\u2019autres unit\u00e9s agricoles<\/td>\n<td class=\"agri-tbl-border-solid\">Ventes en dehors de l\u2019agriculture, en Suisse et \u00e0 l\u2019\u00e9tranger<\/td>\n<td class=\"agri-tbl-border-solid\" rowspan=\"2\">Production pour compte propre de biens de capital fixe<\/td>\n<td class=\"agri-tbl-border-solid\" rowspan=\"2\">Variations des stocks<\/td>\n<\/tr>\n<tr>\n<td class=\"agri-tbl-border-solid\" colspan=\"2\">Subventions sur produits<\/td>\n<\/tr>\n<tr>\n<td class=\"agri-tbl-border-right-dashed\" style=\"border-bottom: 1px solid !important;\"><\/td>\n<td class=\"agri-tbl-border-right-dashed\" style=\"border-bottom: 1px solid !important;\" colspan=\"7\"><\/td>\n<\/tr>\n<\/tbody>\n<\/table>\n<\/div>\n<div class=\"fusion-separator fusion-full-width-sep agri-separator\" style=\"align-self: center;margin-left: auto;margin-right: auto;width:100%;\"><\/div>\n<div class=\"table-2 agri-terminologie-table-no-border agri-terminologie-table-100pct\">\n<table width=\"100%\">\n<tbody>\n<tr>\n<td class=\"agri-tbl-border-solid\" style=\"text-align: center;\">Autres subventions sur la production<\/td>\n<td class=\"agri-tbl-border-solid\" style=\"text-align: center;\" colspan=\"6\">Production totale = Production de la branche agricole = Production de l\u2019agriculture (au sens des CEA)<\/td>\n<\/tr>\n<tr>\n<td class=\"agri-tbl-border-right-dashed\" style=\"border-left: 1px solid !important;\"><\/td>\n<td class=\"agri-tbl-border-right-dashed\" style=\"text-align: center;\" colspan=\"5\"><span class=\"agri-arrow-left agri-arrow-right\">Valeur ajout\u00e9e brute aux prix de base<\/span><\/td>\n<td style=\"border-right: 1px solid !important;\"><\/td>\n<\/tr>\n<tr>\n<td class=\"agri-tbl-border-right-dashed\" style=\"border-left: 1px solid !important;\"><\/td>\n<td class=\"agri-tbl-border-right-dashed\" style=\"text-align: center;\" colspan=\"4\"><span class=\"agri-arrow-left agri-arrow-right\">Valeur ajout\u00e9e nette aux prix de base<\/span><\/td>\n<td class=\"agri-tbl-border-right-dashed\"><\/td>\n<td style=\"border-right: 1px solid !important;\"><\/td>\n<\/tr>\n<tr>\n<td class=\"agri-tbl-border-right-dashed\" style=\"border-left: 1px solid !important;\" colspan=\"4\"><span class=\"agri-arrow-left agri-arrow-right\">Revenu des facteurs<\/span><\/td>\n<td class=\"agri-tbl-border-right-dashed\"><\/td>\n<td class=\"agri-tbl-border-right-dashed\"><\/td>\n<td style=\"border-right: 1px solid !important;\"><\/td>\n<\/tr>\n<tr>\n<td class=\"agri-tbl-border-right-dashed\" style=\"border-left: 1px solid !important;\" colspan=\"3\"><span class=\"agri-arrow-left agri-arrow-right\">Exc\u00e9dent net d\u2019exploitation \/ Revenu mixte net<\/span><\/td>\n<td class=\"agri-tbl-border-right-dashed\"><\/td>\n<td class=\"agri-tbl-border-right-dashed\"><\/td>\n<td class=\"agri-tbl-border-right-dashed\"><\/td>\n<td style=\"border-right: 1px solid !important;\"><\/td>\n<\/tr>\n<tr>\n<td class=\"agri-tbl-border-right-dashed\" style=\"border-left: 1px solid !important; border-bottom: 1px solid !important;\" colspan=\"2\"><span class=\"agri-arrow-left agri-arrow-right\">Revenu net d\u2019entreprise<sup>2)<\/sup><\/span><\/td>\n<td class=\"agri-tbl-border-right-dashed\"><\/td>\n<td class=\"agri-tbl-border-right-dashed\"><\/td>\n<td class=\"agri-tbl-border-right-dashed\"><\/td>\n<td class=\"agri-tbl-border-right-dashed\"><\/td>\n<td style=\"border-right: 1px solid !important;\"><\/td>\n<\/tr>\n<tr>\n<td><\/td>\n<td><\/td>\n<td class=\"agri-tbl-border-solid\" style=\"text-align: center;\">Fermages pay\u00e9s et int\u00e9r\u00eats dus nets (pay\u00e9s moins re\u00e7us)<\/td>\n<td class=\"agri-tbl-border-solid\" style=\"text-align: center;\">R\u00e9mun\u00e9ration des salari\u00e9s<\/td>\n<td class=\"agri-tbl-border-solid\" style=\"text-align: center;\">Autres imp\u00f4ts sur la production<\/td>\n<td class=\"agri-tbl-border-solid\" style=\"text-align: center;\">Consommation de capital fixe<\/td>\n<td class=\"agri-tbl-border-solid\" style=\"text-align: center;\">Consommation interm\u00e9diaire<\/td>\n<\/tr>\n<\/tbody>\n<\/table>\n<\/div>\n<div class=\"fusion-separator fusion-full-width-sep agri-separator\" style=\"align-self: center;margin-left: auto;margin-right: auto;width:100%;\"><\/div><div class=\"fusion-title title fusion-title-2 fusion-sep-none fusion-title-text fusion-title-size-four\"><h4 class=\"fusion-title-heading title-heading-left fusion-responsive-typography-calculated\" style=\"margin:0;--fontSize:24;--minFontSize:24;line-height:1.5;\">Comptes \u00e9conomiques de l\u2019Agriculture (CEA) : flux mon\u00e9taires<\/h4><\/div><div class=\"fusion-image-element \" style=\"--awb-caption-title-font-family:var(--h2_typography-font-family);--awb-caption-title-font-weight:var(--h2_typography-font-weight);--awb-caption-title-font-style:var(--h2_typography-font-style);--awb-caption-title-size:var(--h2_typography-font-size);--awb-caption-title-transform:var(--h2_typography-text-transform);--awb-caption-title-line-height:var(--h2_typography-line-height);--awb-caption-title-letter-spacing:var(--h2_typography-letter-spacing);\"><span class=\" fusion-imageframe imageframe-none imageframe-1 hover-type-none\"><img decoding=\"async\" width=\"689\" height=\"860\" alt=\"Comptes \u00e9conomiques de l&#039;Agriculture (CEA) : flux mon\u00e9taires\" title=\"Comptes \u00e9conomiques de l&#8217;Agriculture (CEA) : flux mon\u00e9taires\" src=\"https:\/\/agripedia.ch\/terminologie\/wp-content\/uploads\/sites\/18\/2021\/07\/graphique-annexe-7.png\" class=\"img-responsive wp-image-1198\" srcset=\"https:\/\/agripedia.ch\/terminologie\/wp-content\/uploads\/sites\/18\/2021\/07\/graphique-annexe-7-200x250.png 200w, https:\/\/agripedia.ch\/terminologie\/wp-content\/uploads\/sites\/18\/2021\/07\/graphique-annexe-7-400x499.png 400w, https:\/\/agripedia.ch\/terminologie\/wp-content\/uploads\/sites\/18\/2021\/07\/graphique-annexe-7-600x749.png 600w, https:\/\/agripedia.ch\/terminologie\/wp-content\/uploads\/sites\/18\/2021\/07\/graphique-annexe-7.png 689w\" sizes=\"(max-width: 1024px) 100vw, (max-width: 640px) 100vw, 689px\" \/><\/span><\/div><div class=\"fusion-separator fusion-full-width-sep agri-separator\" style=\"align-self: center;margin-left: auto;margin-right: auto;width:100%;\"><\/div><div class=\"fusion-text fusion-text-2 agri-term-related-articles\"><p><sup>1)<\/sup> Ce sch\u00e9ma repr\u00e9sente les op\u00e9rations courantes d\u00e9crites par les CEA, de la cr\u00e9ation de valeur ajout\u00e9e \u00e0 la g\u00e9n\u00e9ration du revenu primaire de l\u2019agriculture. Les CEA contiennent \u00e9galement des \u00e9l\u00e9ments d\u2019accumulation (investissements, variations des stocks, transferts en capital) et de patrimoine (actifs), qui ne sont pas repr\u00e9sent\u00e9s ici.<\/p>\n<p><sup>2)<\/sup> En Suisse, le terme de \u00ab\u00a0revenu sectoriel\u00a0\u00bb est \u00e9galement utilis\u00e9<\/p>\n<\/div><\/div><\/div><div class=\"fusion-layout-column fusion_builder_column fusion-builder-column-1 fusion_builder_column_1_1 1_1 fusion-flex-column\" style=\"--awb-bg-blend:overlay;--awb-bg-size:cover;--awb-width-large:100%;--awb-margin-top-large:0px;--awb-spacing-right-large:1.92%;--awb-margin-bottom-large:20px;--awb-spacing-left-large:1.92%;--awb-width-medium:100%;--awb-spacing-right-medium:1.92%;--awb-spacing-left-medium:1.92%;--awb-width-small:100%;--awb-spacing-right-small:1.92%;--awb-spacing-left-small:1.92%;\"><div class=\"fusion-column-wrapper fusion-flex-justify-content-flex-start fusion-content-layout-column\"><a class=\"fusion-modal-text-link agri-feedback-link\" data-toggle=\"modal\" data-target=\".fusion-modal.feedback_form_fr\" href=\"#\">Vous avez trouv\u00e9 une erreur ? Vous souhaitez faire une remarque ? Signaler la ici.<\/a><div class=\"fusion-modal modal fade modal-1 feedback_form_fr\" tabindex=\"-1\" role=\"dialog\" aria-labelledby=\"modal-heading-1\" aria-hidden=\"true\" style=\"--awb-border-color:#ebebeb;--awb-background:#f6f6f6;\"><div class=\"modal-dialog modal-lg\" role=\"document\"><div class=\"modal-content fusion-modal-content\"><div class=\"modal-header\"><button class=\"close\" type=\"button\" data-dismiss=\"modal\" aria-hidden=\"true\" aria-label=\"Close\">&times;<\/button><h3 class=\"modal-title\" id=\"modal-heading-1\" data-dismiss=\"modal\" aria-hidden=\"true\">Donner du feedback ?<\/h3><\/div><div class=\"modal-body fusion-clearfix\">\n<div class=\"fusion-form fusion-form-builder fusion-form-form-wrapper fusion-form-1498\" style=\"--awb-tooltip-text-color:#ffffff;--awb-tooltip-background-color:#333333;\" data-form-id=\"1498\" data-config=\"{&quot;form_id&quot;:1498,&quot;form_post_id&quot;:1498,&quot;post_id&quot;:1197,&quot;form_type&quot;:&quot;ajax&quot;,&quot;confirmation_type&quot;:&quot;message&quot;,&quot;redirect_url&quot;:&quot;&quot;,&quot;field_labels&quot;:{&quot;nom&quot;:&quot;Nom&quot;,&quot;prenom&quot;:&quot;Pr\\u00e9nom&quot;,&quot;organisation&quot;:&quot;Organisation&quot;,&quot;adresse_email&quot;:&quot;Adresse email&quot;,&quot;commentaire&quot;:&quot;Commentaire&quot;},&quot;field_logics&quot;:{&quot;notice_1&quot;:&quot;&quot;,&quot;nom&quot;:&quot;&quot;,&quot;prenom&quot;:&quot;&quot;,&quot;organisation&quot;:&quot;&quot;,&quot;adresse_email&quot;:&quot;&quot;,&quot;commentaire&quot;:&quot;&quot;,&quot;submit_1&quot;:&quot;&quot;},&quot;field_types&quot;:{&quot;notice_1&quot;:&quot;notice&quot;,&quot;nom&quot;:&quot;text&quot;,&quot;prenom&quot;:&quot;text&quot;,&quot;organisation&quot;:&quot;text&quot;,&quot;adresse_email&quot;:&quot;email&quot;,&quot;commentaire&quot;:&quot;textarea&quot;,&quot;submit_1&quot;:&quot;submit&quot;},&quot;nonce_method&quot;:&quot;ajax&quot;}\"><form action=\"https:\/\/agripedia.ch\/terminologie\/fr\/annexes\/annexe-7-comptes-economiques-de-lagriculture-cea\/\" method=\"post\" class=\"fusion-form fusion-form-1498\"><div class=\"fusion-fullwidth fullwidth-box fusion-builder-row-1-1 fusion-flex-container nonhundred-percent-fullwidth non-hundred-percent-height-scrolling\" style=\"--awb-border-radius-top-left:0px;--awb-border-radius-top-right:0px;--awb-border-radius-bottom-right:0px;--awb-border-radius-bottom-left:0px;--awb-flex-wrap:wrap;\" ><div class=\"fusion-builder-row fusion-row fusion-flex-align-items-flex-start fusion-flex-content-wrap\" style=\"width:104% !important;max-width:104% !important;margin-left: calc(-4% \/ 2 );margin-right: calc(-4% \/ 2 );\"><div class=\"fusion-layout-column fusion_builder_column fusion-builder-column-2 fusion_builder_column_1_1 1_1 fusion-flex-column\" style=\"--awb-bg-size:cover;--awb-width-large:100%;--awb-flex-grow:0;--awb-flex-shrink:0;--awb-margin-top-large:0px;--awb-spacing-right-large:1.92%;--awb-margin-bottom-large:20px;--awb-spacing-left-large:1.92%;--awb-width-medium:100%;--awb-order-medium:0;--awb-flex-grow-medium:0;--awb-flex-shrink-medium:0;--awb-spacing-right-medium:1.92%;--awb-spacing-left-medium:1.92%;--awb-width-small:100%;--awb-order-small:0;--awb-flex-grow-small:0;--awb-flex-shrink-small:0;--awb-spacing-right-small:1.92%;--awb-spacing-left-small:1.92%;\"><div class=\"fusion-column-wrapper fusion-column-has-shadow fusion-flex-justify-content-flex-start fusion-content-layout-column\"><div class=\"form-submission-notices data-notice_1\" id=\"fusion-notices-1\"><div class=\"fusion-alert alert success alert-success fusion-alert-center fusion-form-response fusion-form-response-success fusion-alert-capitalize awb-alert-native-link-color alert-dismissable awb-alert-close-boxed\" role=\"alert\"><div class=\"fusion-alert-content-wrapper\"><span class=\"alert-icon\"><i class=\"awb-icon-check-circle\" aria-hidden=\"true\"><\/i><\/span><span class=\"fusion-alert-content\">Merci pour votre message. Il a \u00e9t\u00e9 envoy\u00e9.<\/span><\/div><button type=\"button\" class=\"close toggle-alert\" data-dismiss=\"alert\" aria-label=\"Close\">&times;<\/button><\/div><div class=\"fusion-alert alert error alert-danger fusion-alert-center fusion-form-response fusion-form-response-error fusion-alert-capitalize awb-alert-native-link-color alert-dismissable awb-alert-close-boxed\" role=\"alert\"><div class=\"fusion-alert-content-wrapper\"><span class=\"alert-icon\"><i class=\"awb-icon-exclamation-triangle\" aria-hidden=\"true\"><\/i><\/span><span class=\"fusion-alert-content\">Une erreur s'est produite lors de l'envoi de votre message. Veuillez r\u00e9essayer plus tard.<\/span><\/div><button type=\"button\" class=\"close toggle-alert\" data-dismiss=\"alert\" aria-label=\"Close\">&times;<\/button><\/div><\/div><div class=\"fusion-form-field fusion-form-text-field fusion-form-label-above\" style=\"\" data-form-id=\"1498\"><div class=\"fusion-form-label-wrapper\"><label for=\"nom\">Nom <abbr class=\"fusion-form-element-required\" title=\"required\">*<\/abbr><\/label><\/div><input type=\"text\" autocomplete=\"off\" name=\"nom\" id=\"nom\" value=\"\"  class=\"fusion-form-input\" required=\"true\" aria-required=\"true\" placeholder=\"Votre nom *\" data-holds-private-data=\"false\" minlength=\"0\"\/><\/div><div class=\"fusion-form-field fusion-form-text-field fusion-form-label-above\" style=\"\" data-form-id=\"1498\"><div class=\"fusion-form-label-wrapper\"><label for=\"prenom\">Pr\u00e9nom <abbr class=\"fusion-form-element-required\" title=\"required\">*<\/abbr><\/label><\/div><input type=\"text\" autocomplete=\"off\" name=\"prenom\" id=\"prenom\" value=\"\"  class=\"fusion-form-input\" required=\"true\" aria-required=\"true\" placeholder=\"Votre pr\u00e9nom *\" data-holds-private-data=\"false\" minlength=\"0\"\/><\/div><div class=\"fusion-form-field fusion-form-text-field fusion-form-label-above\" style=\"\" data-form-id=\"1498\"><div class=\"fusion-form-label-wrapper\"><label for=\"organisation\">Organisation<\/label><\/div><div class=\"fusion-form-input-with-icon\"><i class=\"awb-form-icon fa-building fas\"><\/i><input type=\"text\" autocomplete=\"off\" name=\"organisation\" id=\"organisation\" value=\"\"  class=\"fusion-form-input\" placeholder=\"Votre organisation \" data-holds-private-data=\"false\" minlength=\"0\"\/><\/div><\/div><div class=\"fusion-form-field fusion-form-email-field fusion-form-label-above\" style=\"\" data-form-id=\"1498\"><div class=\"fusion-form-label-wrapper\"><label for=\"adresse_email\">Adresse email <abbr class=\"fusion-form-element-required\" title=\"required\">*<\/abbr><\/label><\/div><div class=\"fusion-form-input-with-icon\"><i class=\"awb-form-icon fa-at fas\"><\/i><input type=\"email\" autocomplete=\"off\" name=\"adresse_email\" id=\"adresse_email\" value=\"\"  class=\"fusion-form-input\" required=\"true\" aria-required=\"true\" placeholder=\"Votre adresse email *\" data-holds-private-data=\"false\"\/><\/div><\/div><div class=\"fusion-form-field fusion-form-text-field fusion-form-label-above\" data-form-id=\"1373\">\n\t<div id=\"agri-term-wrapper\" class=\"fusion-form-label-wrapper\">\n\t\t<label for=\"Terme\">\n\t\t\tTerme \n\t\t<\/label>\n\t<\/div>\n<\/div>\n<script>\n\t\/\/ input element\n    const input = document.createElement('input');\n    input.setAttribute('id', 'terme');\n    input.setAttribute('name', 'Terme');\n    input.setAttribute('type', 'text');\n    input.setAttribute('value', getTerm());\n    input.setAttribute('class', 'fusion-form-input');\n    input.setAttribute('aria-required', 'true');\n    input.setAttribute('required', 'false');\n\t\n\tdocument.getElementById('agri-term-wrapper').appendChild(input);\n\n    function getTerm() {\n        const { href } = window.location;\n        const url = new URL(href);\n        const path = url.pathname;\n        const lastWord = path.split('\/').filter(Boolean).pop();\n        return lastWord || '';\n    }\n<\/script><div class=\"fusion-form-field fusion-form-textarea-field fusion-form-label-above\" style=\"\" data-form-id=\"1498\"><label for=\"commentaire\">Commentaire <abbr class=\"fusion-form-element-required\" title=\"required\">*<\/abbr><\/label><textarea cols=\"40\" autocomplete=\"off\"  minlength=\"0\"  rows=\"8\" tabindex=\"\" id=\"commentaire\" name=\"commentaire\" class=\"fusion-form-input\" required=\"true\" aria-required=\"true\" placeholder=\"Votre commentaire *\" data-holds-private-data=\"false\"><\/textarea><\/div><div class=\"fusion-form-field fusion-form-submit-field fusion-form-label-above\" style=\"\" data-form-id=\"1498\"><div ><button type=\"submit\" class=\"fusion-button button-flat fusion-button-default-size button-default fusion-button-default button-1 fusion-button-default-span  form-form-submit button-default\" style=\"--button-border-radius-top-left:0;--button-border-radius-top-right:0;--button-border-radius-bottom-right:0;--button-border-radius-bottom-left:0;\" data-form-number=\"1498\" tabindex=\"\"><span class=\"fusion-button-text awb-button__text awb-button__text--default\">Envoyer<\/span><\/button><\/div><\/div><\/div><\/div><\/div><\/div><input type=\"hidden\" name=\"fusion_privacy_store_ip_ua\" value=\"false\"><input type=\"hidden\" name=\"fusion_privacy_expiration_interval\" value=\"48\"><input type=\"hidden\" name=\"privacy_expiration_action\" value=\"anonymize\"><\/form><\/div>\n<\/div><div class=\"modal-footer\"><button class=\"fusion-button button-default button-medium button default medium\" type=\"button\" data-dismiss=\"modal\">Close<\/button><\/div><\/div><\/div><\/div><\/div><\/div>\n<\/div><\/div>\n","protected":false},"excerpt":{"rendered":"","protected":false},"author":26,"featured_media":0,"parent":731,"menu_order":7,"comment_status":"closed","ping_status":"closed","template":"","meta":{"_sb_is_suggestion_mode":false,"_sb_show_suggestion_boards":false,"_sb_show_comment_boards":false,"_sb_suggestion_history":"","_sb_update_block_changes":"","inline_featured_image":false,"_monsterinsights_skip_tracking":false,"_monsterinsights_sitenote_active":false,"_monsterinsights_sitenote_note":"","_monsterinsights_sitenote_category":0,"footnotes":""},"class_list":["post-1197","page","type-page","status-publish","hentry"],"aioseo_notices":[],"_links":{"self":[{"href":"https:\/\/agripedia.ch\/terminologie\/fr\/wp-json\/wp\/v2\/pages\/1197","targetHints":{"allow":["GET"]}}],"collection":[{"href":"https:\/\/agripedia.ch\/terminologie\/fr\/wp-json\/wp\/v2\/pages"}],"about":[{"href":"https:\/\/agripedia.ch\/terminologie\/fr\/wp-json\/wp\/v2\/types\/page"}],"author":[{"embeddable":true,"href":"https:\/\/agripedia.ch\/terminologie\/fr\/wp-json\/wp\/v2\/users\/26"}],"replies":[{"embeddable":true,"href":"https:\/\/agripedia.ch\/terminologie\/fr\/wp-json\/wp\/v2\/comments?post=1197"}],"version-history":[{"count":4,"href":"https:\/\/agripedia.ch\/terminologie\/fr\/wp-json\/wp\/v2\/pages\/1197\/revisions"}],"predecessor-version":[{"id":1569,"href":"https:\/\/agripedia.ch\/terminologie\/fr\/wp-json\/wp\/v2\/pages\/1197\/revisions\/1569"}],"up":[{"embeddable":true,"href":"https:\/\/agripedia.ch\/terminologie\/fr\/wp-json\/wp\/v2\/pages\/731"}],"wp:attachment":[{"href":"https:\/\/agripedia.ch\/terminologie\/fr\/wp-json\/wp\/v2\/media?parent=1197"}],"curies":[{"name":"wp","href":"https:\/\/api.w.org\/{rel}","templated":true}]}}