{"id":1003,"date":"2021-04-09T17:39:18","date_gmt":"2021-04-09T16:39:18","guid":{"rendered":"https:\/\/agripedia.ch\/terminologie\/?page_id=1003"},"modified":"2023-06-26T15:37:58","modified_gmt":"2023-06-26T14:37:58","slug":"annexe-12-statistique","status":"publish","type":"page","link":"https:\/\/agripedia.ch\/terminologie\/fr\/annexes\/annexe-12-statistique\/","title":{"rendered":"Annexe 12: Statistique"},"content":{"rendered":"<div class=\"fusion-fullwidth fullwidth-box fusion-builder-row-1 fusion-flex-container nonhundred-percent-fullwidth non-hundred-percent-height-scrolling\" style=\"--awb-border-radius-top-left:0px;--awb-border-radius-top-right:0px;--awb-border-radius-bottom-right:0px;--awb-border-radius-bottom-left:0px;--awb-flex-wrap:wrap;\" ><div class=\"fusion-builder-row fusion-row fusion-flex-align-items-flex-start fusion-flex-content-wrap\" style=\"max-width:1144px;margin-left: calc(-4% \/ 2 );margin-right: calc(-4% \/ 2 );\"><div class=\"fusion-layout-column fusion_builder_column fusion-builder-column-0 fusion_builder_column_1_1 1_1 fusion-flex-column\" style=\"--awb-bg-size:cover;--awb-width-large:100%;--awb-margin-top-large:0px;--awb-spacing-right-large:1.92%;--awb-margin-bottom-large:20px;--awb-spacing-left-large:1.92%;--awb-width-medium:100%;--awb-order-medium:0;--awb-spacing-right-medium:1.92%;--awb-spacing-left-medium:1.92%;--awb-width-small:100%;--awb-order-small:0;--awb-spacing-right-small:1.92%;--awb-spacing-left-small:1.92%;\"><div class=\"fusion-column-wrapper fusion-column-has-shadow fusion-flex-justify-content-flex-start fusion-content-layout-column\"><div class=\"fusion-title title fusion-title-1 fusion-sep-none fusion-title-text fusion-title-size-two\"><h2 class=\"fusion-title-heading title-heading-left fusion-responsive-typography-calculated\" style=\"margin:0;--fontSize:40;line-height:1.5;\">Annexe 12: Statistique<\/h2><\/div><div class=\"fusion-title title fusion-title-2 fusion-sep-none fusion-title-text fusion-title-size-four\"><h4 class=\"fusion-title-heading title-heading-left fusion-responsive-typography-calculated\" style=\"margin:0;--fontSize:24;--minFontSize:24;line-height:1.5;\">Moyennes et dispersion<\/h4><\/div><div class=\"fusion-text fusion-text-1\"><p>Exemple : Caract\u00e9ristiques surface et rendement de bl\u00e9, saisis sur 8 exploitations (<a href=\"https:\/\/agripedia.ch\/terminologie\/fr\/termes\/?term=S%C3%A9rie%20statistique\">s\u00e9rie statistique<\/a>).<\/p>\n<\/div>\n<div class=\"table-1\">\n<table cellspacing=\"0\" cellpadding=\"0\">\n<thead>\n<tr>\n<th style=\"text-align: center;\">Exploitation<br \/>\nNo.<\/th>\n<th style=\"text-align: center;\">Surface de bl\u00e9<br \/>\nha<\/th>\n<th style=\"text-align: center;\">Rendement de bl\u00e9<br \/>\ndt\/exploitation<\/th>\n<\/tr>\n<\/thead>\n<tbody>\n<tr>\n<td style=\"text-align: center;\">1<\/td>\n<td style=\"text-align: center;\">1,0<\/td>\n<td style=\"text-align: center;\">50<\/td>\n<\/tr>\n<tr>\n<td style=\"text-align: center;\">2<\/td>\n<td style=\"text-align: center;\">1,2<\/td>\n<td style=\"text-align: center;\">60<\/td>\n<\/tr>\n<tr>\n<td style=\"text-align: center;\">3<\/td>\n<td style=\"text-align: center;\">3,0<\/td>\n<td style=\"text-align: center;\">132<\/td>\n<\/tr>\n<tr>\n<td style=\"text-align: center;\">4<\/td>\n<td style=\"text-align: center;\">2,0<\/td>\n<td style=\"text-align: center;\">96<\/td>\n<\/tr>\n<tr>\n<td style=\"text-align: center;\">5<\/td>\n<td style=\"text-align: center;\">1,0<\/td>\n<td style=\"text-align: center;\">66<\/td>\n<\/tr>\n<tr>\n<td style=\"text-align: center;\">6<\/td>\n<td style=\"text-align: center;\">0,7<\/td>\n<td style=\"text-align: center;\">35<\/td>\n<\/tr>\n<tr>\n<td style=\"text-align: center;\">7<\/td>\n<td style=\"text-align: center;\">1,2<\/td>\n<td style=\"text-align: center;\">54<\/td>\n<\/tr>\n<tr valign=\"top\">\n<td style=\"text-align: center;\">8<\/td>\n<td style=\"text-align: center;\">1,0<\/td>\n<td style=\"text-align: center;\">52<\/td>\n<\/tr>\n<tr>\n<td style=\"text-align: center;\">Somme<\/td>\n<td style=\"text-align: center;\">11,1<\/td>\n<td style=\"text-align: center;\">545<\/td>\n<\/tr>\n<tr>\n<td style=\"text-align: center;\">\\(xy^*\\)<\/td>\n<td><\/td>\n<td style=\"text-align: center;\">49,10<\/td>\n<\/tr>\n<tr>\n<td style=\"text-align: center;\">\\(\\bar{x}\\)<\/td>\n<td style=\"text-align: center;\">1,39<\/td>\n<td style=\"text-align: center;\">68,13<\/td>\n<\/tr>\n<tr>\n<td style=\"text-align: center;\">\\(v_x\\)<\/td>\n<td style=\"text-align: center;\">0,57<\/td>\n<td style=\"text-align: center;\">973,27<\/td>\n<\/tr>\n<tr>\n<td style=\"text-align: center;\">\\(s_x\\)<\/td>\n<td style=\"text-align: center;\">0,75<\/td>\n<td style=\"text-align: center;\">31,20<\/td>\n<\/tr>\n<tr>\n<td style=\"text-align: center;\">\\(vk_x\\)<\/td>\n<td style=\"text-align: center;\">0,54<\/td>\n<td style=\"text-align: center;\">0,46<\/td>\n<\/tr>\n<\/tbody>\n<\/table>\n<\/div>\n<div class=\"fusion-text fusion-text-2\"><ul>\n<li>\n<p lang=\"fr-CH\"><strong>Moyenne arithm\u00e9tique<\/strong> (moyenne)\u00a0:<br \/>\nSomme d\u2019une <a href=\"https:\/\/agripedia.ch\/terminologie\/fr\/termes\/?term=S%C3%A9rie%20statistique\">s\u00e9rie statistique<\/a> divis\u00e9e par le nombre de chiffres de la s\u00e9rie.<br \/>\nLa forme math\u00e9matique est la suivante :<\/p>\n<p>\\(\\bar = \\frac = \\sum\\limits_^n (X_i)\/n\\)<\/p>\n<p>R\u00e9sultats de l\u2019exemple\u00a0:<br \/>\n\u2013 Surfaces de bl\u00e9 : \\(\\bar\\) = 1,39 ha<br \/>\n\u2013 Rendements de bl\u00e9 : \\(\\bar\\) = 68,13 dt\/ha<\/li>\n<li>\n<p lang=\"fr-CH\"><strong>Variance\u00a0<\/strong>: moyenne des carr\u00e9s des \u00e9carts de chacune des valeurs d\u2019une s\u00e9rie statistique des moyennes arithm\u00e9tiques simples correspondantes.<br \/>\nR\u00e9sultats de l\u2019exemple :<br \/>\n\u2013 Surfaces de bl\u00e9 : vx = 0,57 ha<br \/>\n\u2013 Rendements de bl\u00e9 : vx = 973 dt\/ha<\/p>\n<p>\\(v_x = \\frac \\sum\\limits_^n (x_i\u00a0 \u2013 \\bar)^2\\)<\/li>\n<li>\n<p lang=\"fr-CH\"><strong>Ecart-type<\/strong> : Racine carr\u00e9e de la variance.<br \/>\nSoit \\(x\\) les valeurs d\u2019une s\u00e9rie statistique, l\u2019<a href=\"https:\/\/agripedia.ch\/terminologie\/fr\/termes\/?term=Ecart-type\">\u00e9cart-type<\/a> se calcule selon la formule suivante :<\/p>\n<p>\\(s_x = \\sqrt{\\frac \\sum\\limits_^n (x_i\u00a0 \u2013 \\bar)^2} \\)<\/p>\n<p lang=\"fr-CH\">Autre fa\u00e7on, plus simple de le calculer :<\/p>\n<p>\\(s_x = \\sqrt{\\frac \\sum\\limits_^n (x_i ^2) \u2013 n_\\bar^2} \\)<\/p>\n<p>R\u00e9sultats de l\u2019exemple\u00a0:<br \/>\n\u2013 Surfaces de bl\u00e9 : \\(s_x\\) = 0,75 ha;<br \/>\n\u2013 Rendements de bl\u00e9 : \\(s_x\\) = 9,73 dt\/ha.<\/li>\n<li>\n<p lang=\"fr-CH\"><strong>Coefficient de variation<\/strong>\u00a0: Relation de l\u2019<a href=\"https:\/\/agripedia.ch\/terminologie\/fr\/termes\/?term=Ecart-type\">\u00e9cart-type<\/a> par rapport \u00e0 la moyenne arithm\u00e9tique.<\/p>\n<p>\\(Vk_x = \\frac{\\bar}\\)<\/p>\n<p lang=\"fr-CH\">R\u00e9sultats de l\u2019exemple\u00a0:<br \/>\n\u2013 Surface de bl\u00e9 : \\(vk_x\\) = 0,54;<br \/>\n\u2013 Rendement de bl\u00e9 : \\(vk_x\\) = 0,56.<\/p>\n<\/li>\n<li>\n<p lang=\"fr-CH\"><strong>Moyenne pond\u00e9r\u00e9e<\/strong> : Somme des valeurs d\u2019observations ou de mesures d\u2019une <a href=\"https:\/\/agripedia.ch\/terminologie\/fr\/termes\/?term=S%C3%A9rie%20statistique\">s\u00e9rie statistique<\/a>, lesquelles sont multipli\u00e9es chacune par un coefficient (facteur de pond\u00e9ration),le tout divis\u00e9 par la somme de tous les facteurs de pond\u00e9ration.<\/p>\n<p>Soit les valeurs observ\u00e9es ou mesur\u00e9es xi (i de 1 \u00e0 n) et les coefficients de pond\u00e9ration gi, on obtient la moyenne pond\u00e9r\u00e9e selon la formule suivante :<\/p>\n<p>\\(\\bar^* = \\frac = \\sum\\limits_^n g_ix_i \/ \\sum\\limits_^n g_i\\)<\/p>\n<p lang=\"fr-CH\">Lors d\u2019une pond\u00e9ration, on n\u2019attribue pas la m\u00eame importance \u00e0 toutes les observations ou toutes les mesures.<\/p>\n<p lang=\"fr-CH\">Par exemple, on veut prendre en compte le fait que certains rendements de bl\u00e9 par unit\u00e9 de surface (valeur y) ont \u00e9t\u00e9 atteints sur des surfaces de diff\u00e9rentes grandeurs (valeur x). On pond\u00e8re alors la surface (gi = xi) et on obtient, selon la formule pr\u00e9c\u00e9dente l\u2019expression suivante\u00a0:<\/p>\n<p>\\(\\bar\/\\bar^* = \\frac \\)<\/p>\n<p>Cette formule peut \u00eatre simplifi\u00e9e alg\u00e9briquement. On obtient alors la moyenne pond\u00e9r\u00e9e selon la formule suivante\u00a0:<\/p>\n<p>\\(\\bar\/\\bar^* = \\frac = \\sum\\limits_^n y_i \/ \\sum\\limits_^n x_i \\)<\/p>\n<p>R\u00e9sultat exemple :<br \/>\n\u2013 Rendement de bl\u00e9 : \\(xy^*\\) = 49,1 dt\/ha.<\/p>\n<p lang=\"fr-CH\">\n<\/li>\n<\/ul>\n<\/div><div class=\"fusion-title title fusion-title-3 fusion-sep-none fusion-title-text fusion-title-size-four\"><h4 class=\"fusion-title-heading title-heading-left fusion-responsive-typography-calculated\" style=\"margin:0;--fontSize:24;--minFontSize:24;line-height:1.5;\">M\u00e9diane, Mode, Quartiles<\/h4><\/div><div class=\"fusion-text fusion-text-3\"><ul>\n<li><strong>M\u00e9diane<\/strong>\u00a0: Valeur moyenne d\u2019une <a href=\"https:\/\/agripedia.ch\/terminologie\/fr\/termes\/?term=S%C3%A9rie%20statistique\">s\u00e9rie statistique<\/a> ordonn\u00e9e en ordre croissant ou d\u00e9croissant.<\/li>\n<li><strong>Mode<\/strong> : Valeur apparaissant le plus fr\u00e9quemment dans une s\u00e9rie statistique.<\/li>\n<li><strong>Quartiles<\/strong>\u00a0: R\u00e9partition des grandeurs d\u2019une s\u00e9rie statistique en quatre groupes.<\/li>\n<\/ul>\n<p>Exemple surface de bl\u00e9 (ha)\u00a0:<\/p>\n<table style=\"border: 1px solid #333333; height: 579px;\" width=\"709\" cellspacing=\"0\" cellpadding=\"0\">\n<colgroup>\n<col width=\"44\" \/>\n<col width=\"53\" \/> <\/colgroup>\n<colgroup>\n<col width=\"53\" \/>\n<col width=\"53\" \/> <\/colgroup>\n<colgroup>\n<col width=\"45\" \/>\n<col width=\"45\" \/> <\/colgroup>\n<colgroup>\n<col width=\"45\" \/>\n<col width=\"52\" \/> <\/colgroup>\n<tbody>\n<tr valign=\"top\">\n<td style=\"border-bottom: 2px solid #333333; text-align: center;\" colspan=\"2\" width=\"101\" height=\"12\">Quartile inf\u00e9rieur<\/td>\n<td style=\"border-bottom: 2px solid #333333; border-left: 1px solid #333333; border-right: 1px solid #333333; text-align: center;\" colspan=\"4\" width=\"208\">50 % des valeurs moyennes<\/td>\n<td style=\"border-bottom: 2px solid #333333; text-align: center;\" colspan=\"2\" width=\"101\">Quartile sup\u00e9rieur<\/td>\n<\/tr>\n<\/tbody>\n<tbody>\n<tr valign=\"top\">\n<td width=\"44\" height=\"2\"><\/td>\n<td width=\"53\"><\/td>\n<td style=\"border-left: 1px solid #333;\" width=\"53\"><\/td>\n<td width=\"53\"><\/td>\n<td style=\"border-left: 1px solid #333;\" width=\"45\"><\/td>\n<td width=\"45\"><\/td>\n<td style=\"border-left: 1px solid #333;\" width=\"45\"><\/td>\n<td width=\"52\"><\/td>\n<\/tr>\n<tr valign=\"top\">\n<td style=\"text-align: center;\" width=\"44\" height=\"5\">x<sub>6<\/sub><\/td>\n<td style=\"text-align: center;\" width=\"53\">x<sub>1<\/sub><\/td>\n<td style=\"border-left: 1px solid #333333; text-align: center;\" width=\"53\">x<sub>5<\/sub><\/td>\n<td style=\"text-align: center;\" width=\"53\">x<sub>8<\/sub><\/td>\n<td style=\"border-left: 1px solid #333333; text-align: center;\" width=\"45\">x<sub>2<\/sub><\/td>\n<td style=\"text-align: center;\" width=\"45\">x<sub>7<\/sub><\/td>\n<td style=\"border-left: 1px solid #333333; text-align: center;\" width=\"45\">x<sub>4<\/sub><\/td>\n<td style=\"text-align: center;\" width=\"52\">x<sub>3<\/sub><\/td>\n<\/tr>\n<tr valign=\"top\">\n<td style=\"text-align: center;\" width=\"44\" height=\"5\">0,7<\/td>\n<td style=\"text-align: center;\" width=\"53\">1,0<\/td>\n<td style=\"border-left: 1px solid #333333; text-align: center;\" width=\"53\">1,0<\/td>\n<td style=\"text-align: center;\" width=\"53\">1,0<\/td>\n<td style=\"border-left: 1px solid #333333; text-align: center;\" width=\"45\">1,2<\/td>\n<td style=\"text-align: center;\" width=\"45\">1,2<\/td>\n<td style=\"border-left: 1px solid #333333; text-align: center;\" width=\"45\">2,0<\/td>\n<td style=\"text-align: center;\" width=\"52\">3,0<\/td>\n<\/tr>\n<tr valign=\"top\">\n<td width=\"44\" height=\"2\"><\/td>\n<td width=\"53\"><\/td>\n<td style=\"border-left: 1px solid #333;\" width=\"53\"><\/td>\n<td width=\"53\"><\/td>\n<td style=\"border-left: 1px solid #333;\" width=\"45\"><\/td>\n<td width=\"45\"><\/td>\n<td style=\"border-left: 1px solid #333;\" width=\"45\"><\/td>\n<td width=\"52\"><\/td>\n<\/tr>\n<tr valign=\"top\">\n<td style=\"text-align: center;\" colspan=\"2\" width=\"101\" height=\"5\">0,85<\/td>\n<td style=\"border-left: 1px solid #333;\" width=\"53\"><\/td>\n<td style=\"text-align: center;\" colspan=\"2\" width=\"102\">1,1<\/td>\n<td width=\"45\"><\/td>\n<td style=\"border-left: 1px solid #333333; text-align: center;\" colspan=\"2\" width=\"101\">2,5<\/td>\n<\/tr>\n<tr valign=\"top\">\n<td style=\"text-align: center;\" colspan=\"2\" width=\"101\" height=\"5\">Moyenne<\/td>\n<td style=\"border-left: 1px solid #333;\" width=\"53\"><\/td>\n<td style=\"text-align: center;\" colspan=\"2\" width=\"102\">M\u00e9diane<\/td>\n<td width=\"45\"><\/td>\n<td style=\"border-left: 1px solid #333333; text-align: center;\" colspan=\"2\" width=\"101\">Moyenne<\/td>\n<\/tr>\n<tr valign=\"top\">\n<td width=\"44\" height=\"2\"><\/td>\n<td width=\"53\"><\/td>\n<td style=\"border-left: 1px solid #333;\" width=\"53\"><\/td>\n<td width=\"53\"><\/td>\n<td style=\"border-left: 1px solid #333;\" width=\"45\"><\/td>\n<td width=\"45\"><\/td>\n<td style=\"border-left: 1px solid #333;\" width=\"45\"><\/td>\n<td width=\"52\"><\/td>\n<\/tr>\n<tr valign=\"top\">\n<td width=\"44\" height=\"5\"><\/td>\n<td style=\"text-align: center;\" colspan=\"2\" width=\"109\">1,0<\/td>\n<td width=\"53\"><\/td>\n<td style=\"border-left: 1px solid #333;\" width=\"45\"><\/td>\n<td style=\"text-align: center;\" colspan=\"2\" width=\"94\">1,6<\/td>\n<td width=\"52\"><\/td>\n<\/tr>\n<tr valign=\"top\">\n<td style=\"text-align: center;\" colspan=\"4\" width=\"214\" height=\"5\">Limite de quartile inf\u00e9rieur<\/td>\n<td style=\"border-left: 1px solid #333333; text-align: center;\" colspan=\"4\" width=\"200\">Limite de quartile sup\u00e9rieur<\/td>\n<\/tr>\n<\/tbody>\n<\/table>\n<\/div><\/div><\/div><div class=\"fusion-layout-column fusion_builder_column fusion-builder-column-1 fusion_builder_column_1_1 1_1 fusion-flex-column\" style=\"--awb-bg-blend:overlay;--awb-bg-size:cover;--awb-width-large:100%;--awb-margin-top-large:0px;--awb-spacing-right-large:1.92%;--awb-margin-bottom-large:20px;--awb-spacing-left-large:1.92%;--awb-width-medium:100%;--awb-spacing-right-medium:1.92%;--awb-spacing-left-medium:1.92%;--awb-width-small:100%;--awb-spacing-right-small:1.92%;--awb-spacing-left-small:1.92%;\"><div class=\"fusion-column-wrapper fusion-flex-justify-content-flex-start fusion-content-layout-column\"><a class=\"fusion-modal-text-link agri-feedback-link\" data-toggle=\"modal\" data-target=\".fusion-modal.feedback_form_fr\" href=\"#\">Vous avez trouv\u00e9 une erreur ? Vous souhaitez faire une remarque ? Signaler la ici.<\/a><div class=\"fusion-modal modal fade modal-1 feedback_form_fr\" tabindex=\"-1\" role=\"dialog\" aria-labelledby=\"modal-heading-1\" aria-hidden=\"true\" style=\"--awb-border-color:#ebebeb;--awb-background:#f6f6f6;\"><div class=\"modal-dialog modal-lg\" role=\"document\"><div class=\"modal-content fusion-modal-content\"><div class=\"modal-header\"><button class=\"close\" type=\"button\" data-dismiss=\"modal\" aria-hidden=\"true\" aria-label=\"Close\">&times;<\/button><h3 class=\"modal-title\" id=\"modal-heading-1\" data-dismiss=\"modal\" aria-hidden=\"true\">Donner du feedback ?<\/h3><\/div><div class=\"modal-body fusion-clearfix\">\n<div class=\"fusion-form fusion-form-builder fusion-form-form-wrapper fusion-form-1498\" style=\"--awb-tooltip-text-color:#ffffff;--awb-tooltip-background-color:#333333;\" data-form-id=\"1498\" data-config=\"{&quot;form_id&quot;:1498,&quot;form_post_id&quot;:1498,&quot;post_id&quot;:1003,&quot;form_type&quot;:&quot;ajax&quot;,&quot;confirmation_type&quot;:&quot;message&quot;,&quot;redirect_url&quot;:&quot;&quot;,&quot;field_labels&quot;:{&quot;nom&quot;:&quot;Nom&quot;,&quot;prenom&quot;:&quot;Pr\\u00e9nom&quot;,&quot;organisation&quot;:&quot;Organisation&quot;,&quot;adresse_email&quot;:&quot;Adresse email&quot;,&quot;commentaire&quot;:&quot;Commentaire&quot;},&quot;field_logics&quot;:{&quot;notice_1&quot;:&quot;&quot;,&quot;nom&quot;:&quot;&quot;,&quot;prenom&quot;:&quot;&quot;,&quot;organisation&quot;:&quot;&quot;,&quot;adresse_email&quot;:&quot;&quot;,&quot;commentaire&quot;:&quot;&quot;,&quot;submit_1&quot;:&quot;&quot;},&quot;field_types&quot;:{&quot;notice_1&quot;:&quot;notice&quot;,&quot;nom&quot;:&quot;text&quot;,&quot;prenom&quot;:&quot;text&quot;,&quot;organisation&quot;:&quot;text&quot;,&quot;adresse_email&quot;:&quot;email&quot;,&quot;commentaire&quot;:&quot;textarea&quot;,&quot;submit_1&quot;:&quot;submit&quot;},&quot;nonce_method&quot;:&quot;ajax&quot;}\"><form action=\"https:\/\/agripedia.ch\/terminologie\/fr\/annexes\/annexe-12-statistique\/\" method=\"post\" class=\"fusion-form fusion-form-1498\"><div class=\"fusion-fullwidth fullwidth-box fusion-builder-row-1-1 fusion-flex-container nonhundred-percent-fullwidth non-hundred-percent-height-scrolling\" style=\"--awb-border-radius-top-left:0px;--awb-border-radius-top-right:0px;--awb-border-radius-bottom-right:0px;--awb-border-radius-bottom-left:0px;--awb-flex-wrap:wrap;\" ><div class=\"fusion-builder-row fusion-row fusion-flex-align-items-flex-start fusion-flex-content-wrap\" style=\"width:104% !important;max-width:104% !important;margin-left: calc(-4% \/ 2 );margin-right: calc(-4% \/ 2 );\"><div class=\"fusion-layout-column fusion_builder_column fusion-builder-column-2 fusion_builder_column_1_1 1_1 fusion-flex-column\" style=\"--awb-bg-size:cover;--awb-width-large:100%;--awb-flex-grow:0;--awb-flex-shrink:0;--awb-margin-top-large:0px;--awb-spacing-right-large:1.92%;--awb-margin-bottom-large:20px;--awb-spacing-left-large:1.92%;--awb-width-medium:100%;--awb-order-medium:0;--awb-flex-grow-medium:0;--awb-flex-shrink-medium:0;--awb-spacing-right-medium:1.92%;--awb-spacing-left-medium:1.92%;--awb-width-small:100%;--awb-order-small:0;--awb-flex-grow-small:0;--awb-flex-shrink-small:0;--awb-spacing-right-small:1.92%;--awb-spacing-left-small:1.92%;\"><div class=\"fusion-column-wrapper fusion-column-has-shadow fusion-flex-justify-content-flex-start fusion-content-layout-column\"><div class=\"form-submission-notices data-notice_1\" id=\"fusion-notices-1\"><div class=\"fusion-alert alert success alert-success fusion-alert-center fusion-form-response fusion-form-response-success fusion-alert-capitalize awb-alert-native-link-color alert-dismissable awb-alert-close-boxed\" role=\"alert\"><div class=\"fusion-alert-content-wrapper\"><span class=\"alert-icon\"><i class=\"awb-icon-check-circle\" aria-hidden=\"true\"><\/i><\/span><span class=\"fusion-alert-content\">Merci pour votre message. Il a \u00e9t\u00e9 envoy\u00e9.<\/span><\/div><button type=\"button\" class=\"close toggle-alert\" data-dismiss=\"alert\" aria-label=\"Close\">&times;<\/button><\/div><div class=\"fusion-alert alert error alert-danger fusion-alert-center fusion-form-response fusion-form-response-error fusion-alert-capitalize awb-alert-native-link-color alert-dismissable awb-alert-close-boxed\" role=\"alert\"><div class=\"fusion-alert-content-wrapper\"><span class=\"alert-icon\"><i class=\"awb-icon-exclamation-triangle\" aria-hidden=\"true\"><\/i><\/span><span class=\"fusion-alert-content\">Une erreur s'est produite lors de l'envoi de votre message. Veuillez r\u00e9essayer plus tard.<\/span><\/div><button type=\"button\" class=\"close toggle-alert\" data-dismiss=\"alert\" aria-label=\"Close\">&times;<\/button><\/div><\/div><div class=\"fusion-form-field fusion-form-text-field fusion-form-label-above\" style=\"\" data-form-id=\"1498\"><div class=\"fusion-form-label-wrapper\"><label for=\"nom\">Nom <abbr class=\"fusion-form-element-required\" title=\"required\">*<\/abbr><\/label><\/div><input type=\"text\" autocomplete=\"off\" name=\"nom\" id=\"nom\" value=\"\"  class=\"fusion-form-input\" required=\"true\" aria-required=\"true\" placeholder=\"Votre nom *\" data-holds-private-data=\"false\" minlength=\"0\"\/><\/div><div class=\"fusion-form-field fusion-form-text-field fusion-form-label-above\" style=\"\" data-form-id=\"1498\"><div class=\"fusion-form-label-wrapper\"><label for=\"prenom\">Pr\u00e9nom <abbr class=\"fusion-form-element-required\" title=\"required\">*<\/abbr><\/label><\/div><input type=\"text\" autocomplete=\"off\" name=\"prenom\" id=\"prenom\" value=\"\"  class=\"fusion-form-input\" required=\"true\" aria-required=\"true\" placeholder=\"Votre pr\u00e9nom *\" data-holds-private-data=\"false\" minlength=\"0\"\/><\/div><div class=\"fusion-form-field fusion-form-text-field fusion-form-label-above\" style=\"\" data-form-id=\"1498\"><div class=\"fusion-form-label-wrapper\"><label for=\"organisation\">Organisation<\/label><\/div><div class=\"fusion-form-input-with-icon\"><i class=\"awb-form-icon fa-building fas\"><\/i><input type=\"text\" autocomplete=\"off\" name=\"organisation\" id=\"organisation\" value=\"\"  class=\"fusion-form-input\" placeholder=\"Votre organisation \" data-holds-private-data=\"false\" minlength=\"0\"\/><\/div><\/div><div class=\"fusion-form-field fusion-form-email-field fusion-form-label-above\" style=\"\" data-form-id=\"1498\"><div class=\"fusion-form-label-wrapper\"><label for=\"adresse_email\">Adresse email <abbr class=\"fusion-form-element-required\" title=\"required\">*<\/abbr><\/label><\/div><div class=\"fusion-form-input-with-icon\"><i class=\"awb-form-icon fa-at fas\"><\/i><input type=\"email\" autocomplete=\"off\" name=\"adresse_email\" id=\"adresse_email\" value=\"\"  class=\"fusion-form-input\" required=\"true\" aria-required=\"true\" placeholder=\"Votre adresse email *\" data-holds-private-data=\"false\"\/><\/div><\/div><div class=\"fusion-form-field fusion-form-text-field fusion-form-label-above\" data-form-id=\"1373\">\n\t<div id=\"agri-term-wrapper\" class=\"fusion-form-label-wrapper\">\n\t\t<label for=\"Terme\">\n\t\t\tTerme \n\t\t<\/label>\n\t<\/div>\n<\/div>\n<script>\n\t\/\/ input element\n    const input = document.createElement('input');\n    input.setAttribute('id', 'terme');\n    input.setAttribute('name', 'Terme');\n    input.setAttribute('type', 'text');\n    input.setAttribute('value', getTerm());\n    input.setAttribute('class', 'fusion-form-input');\n    input.setAttribute('aria-required', 'true');\n    input.setAttribute('required', 'false');\n\t\n\tdocument.getElementById('agri-term-wrapper').appendChild(input);\n\n    function getTerm() {\n        const { href } = window.location;\n        const url = new URL(href);\n        const path = url.pathname;\n        const lastWord = path.split('\/').filter(Boolean).pop();\n        return lastWord || '';\n    }\n<\/script><div class=\"fusion-form-field fusion-form-textarea-field fusion-form-label-above\" style=\"\" data-form-id=\"1498\"><label for=\"commentaire\">Commentaire <abbr class=\"fusion-form-element-required\" title=\"required\">*<\/abbr><\/label><textarea cols=\"40\" autocomplete=\"off\"  minlength=\"0\"  rows=\"8\" tabindex=\"\" id=\"commentaire\" name=\"commentaire\" class=\"fusion-form-input\" required=\"true\" aria-required=\"true\" placeholder=\"Votre commentaire *\" data-holds-private-data=\"false\"><\/textarea><\/div><div class=\"fusion-form-field fusion-form-submit-field fusion-form-label-above\" style=\"\" data-form-id=\"1498\"><div ><button type=\"submit\" class=\"fusion-button button-flat fusion-button-default-size button-default fusion-button-default button-1 fusion-button-default-span  form-form-submit button-default\" style=\"--button-border-radius-top-left:0;--button-border-radius-top-right:0;--button-border-radius-bottom-right:0;--button-border-radius-bottom-left:0;\" data-form-number=\"1498\" tabindex=\"\"><span class=\"fusion-button-text awb-button__text awb-button__text--default\">Envoyer<\/span><\/button><\/div><\/div><\/div><\/div><\/div><\/div><input type=\"hidden\" name=\"fusion_privacy_store_ip_ua\" value=\"false\"><input type=\"hidden\" name=\"fusion_privacy_expiration_interval\" value=\"48\"><input type=\"hidden\" name=\"privacy_expiration_action\" value=\"anonymize\"><\/form><\/div>\n<\/div><div class=\"modal-footer\"><button class=\"fusion-button button-default button-medium button default medium\" type=\"button\" data-dismiss=\"modal\">Close<\/button><\/div><\/div><\/div><\/div><\/div><\/div>\n<\/div><\/div>\n","protected":false},"excerpt":{"rendered":"","protected":false},"author":26,"featured_media":0,"parent":731,"menu_order":12,"comment_status":"closed","ping_status":"closed","template":"","meta":{"_sb_is_suggestion_mode":false,"_sb_show_suggestion_boards":false,"_sb_show_comment_boards":false,"_sb_suggestion_history":"","_sb_update_block_changes":"","inline_featured_image":false,"_monsterinsights_skip_tracking":false,"_monsterinsights_sitenote_active":false,"_monsterinsights_sitenote_note":"","_monsterinsights_sitenote_category":0,"footnotes":""},"class_list":["post-1003","page","type-page","status-publish","hentry"],"aioseo_notices":[],"_links":{"self":[{"href":"https:\/\/agripedia.ch\/terminologie\/fr\/wp-json\/wp\/v2\/pages\/1003","targetHints":{"allow":["GET"]}}],"collection":[{"href":"https:\/\/agripedia.ch\/terminologie\/fr\/wp-json\/wp\/v2\/pages"}],"about":[{"href":"https:\/\/agripedia.ch\/terminologie\/fr\/wp-json\/wp\/v2\/types\/page"}],"author":[{"embeddable":true,"href":"https:\/\/agripedia.ch\/terminologie\/fr\/wp-json\/wp\/v2\/users\/26"}],"replies":[{"embeddable":true,"href":"https:\/\/agripedia.ch\/terminologie\/fr\/wp-json\/wp\/v2\/comments?post=1003"}],"version-history":[{"count":52,"href":"https:\/\/agripedia.ch\/terminologie\/fr\/wp-json\/wp\/v2\/pages\/1003\/revisions"}],"predecessor-version":[{"id":1521,"href":"https:\/\/agripedia.ch\/terminologie\/fr\/wp-json\/wp\/v2\/pages\/1003\/revisions\/1521"}],"up":[{"embeddable":true,"href":"https:\/\/agripedia.ch\/terminologie\/fr\/wp-json\/wp\/v2\/pages\/731"}],"wp:attachment":[{"href":"https:\/\/agripedia.ch\/terminologie\/fr\/wp-json\/wp\/v2\/media?parent=1003"}],"curies":[{"name":"wp","href":"https:\/\/api.w.org\/{rel}","templated":true}]}}