{"id":86,"date":"2018-10-01T19:57:29","date_gmt":"2018-10-01T19:57:29","guid":{"rendered":"https:\/\/knowledgefarm.ch\/strategidea\/?page_id=86"},"modified":"2021-11-02T07:49:24","modified_gmt":"2021-11-02T07:49:24","slug":"lhistoire-de-lentreprise-et-de-la-famille","status":"publish","type":"page","link":"https:\/\/agripedia.ch\/strategidea\/les-investigations-prealables\/lhistoire-de-lentreprise-et-de-la-famille\/","title":{"rendered":"L&rsquo;histoire de l&rsquo;entreprise et de la famille"},"content":{"rendered":"<p><div class=\"fusion-fullwidth fullwidth-box fusion-builder-row-1 nonhundred-percent-fullwidth non-hundred-percent-height-scrolling\" style=\"--awb-border-radius-top-left:0px;--awb-border-radius-top-right:0px;--awb-border-radius-bottom-right:0px;--awb-border-radius-bottom-left:0px;--awb-flex-wrap:wrap;\" ><div class=\"fusion-builder-row fusion-row\"><div class=\"fusion-layout-column fusion_builder_column fusion-builder-column-0 fusion_builder_column_1_2 1_2 fusion-one-half fusion-column-first\" style=\"--awb-bg-size:cover;--awb-margin-bottom:0px;width:48%; margin-right: 4%;\"><div class=\"fusion-column-wrapper fusion-flex-column-wrapper-legacy\"><div class=\"fusion-text fusion-text-1\"><h3><strong><img decoding=\"async\" class=\"alignnone wp-image-1476\" src=\"https:\/\/agripedia.ch\/strategidea\/wp-content\/uploads\/sites\/7\/2019\/02\/Index_2.png\" alt=\"\" width=\"50\" height=\"50\" srcset=\"https:\/\/agripedia.ch\/strategidea\/wp-content\/uploads\/sites\/7\/2019\/02\/Index_2-66x66.png 66w, https:\/\/agripedia.ch\/strategidea\/wp-content\/uploads\/sites\/7\/2019\/02\/Index_2-150x150.png 150w, https:\/\/agripedia.ch\/strategidea\/wp-content\/uploads\/sites\/7\/2019\/02\/Index_2-200x201.png 200w, https:\/\/agripedia.ch\/strategidea\/wp-content\/uploads\/sites\/7\/2019\/02\/Index_2-300x300.png 300w, https:\/\/agripedia.ch\/strategidea\/wp-content\/uploads\/sites\/7\/2019\/02\/Index_2-400x402.png 400w, https:\/\/agripedia.ch\/strategidea\/wp-content\/uploads\/sites\/7\/2019\/02\/Index_2.png 494w\" sizes=\"(max-width: 50px) 100vw, 50px\" \/><\/strong> <strong>L\u2019histoire de l\u2019entreprise et de la famille<br \/>\n<\/strong><\/h3>\n<blockquote>\n<p>Les d\u00e9cisions fondamentales pass\u00e9es qui ont fait l\u2019entreprise d\u2019aujourd\u2019hui sont une base incontournable \u00e0 partir de laquelle une nouvelle strat\u00e9gie peut \u00eatre d\u00e9velopp\u00e9e.<\/p>\n<\/blockquote>\n<p>Pour ancrer et vivre la strat\u00e9gie sur le long terme, il est important pour le d\u00e9veloppement de l\u2019entreprise d\u2019identifier les <strong>d\u00e9cisions pass\u00e9es<\/strong> qui engagent le pr\u00e9sent (Guichard & Michaud, 1994, p. 186). Les r\u00e9flexions, les \u00e9v\u00e9nements et les d\u00e9cisions pass\u00e9es sont utiles pour la recherche de nouvelles strat\u00e9gies. Peut-\u00eatre n\u2019est-il pas possible de revenir en arri\u00e8re sur certaines d\u00e9cisions. Il est cependant important de les actualiser. Certaines d\u00e9cisions ont \u00e9t\u00e9 prises d\u00e9lib\u00e9r\u00e9ment, cependant certaines autres ont peut-\u00eatre \u00e9t\u00e9 prises par principe, habitude ou tradition.<\/p>\n<\/div><div class=\"fusion-clearfix\"><\/div><\/div><\/div><div class=\"fusion-layout-column fusion_builder_column fusion-builder-column-1 fusion_builder_column_1_2 1_2 fusion-one-half fusion-column-last\" style=\"--awb-bg-size:cover;width:48%;\"><div class=\"fusion-column-wrapper fusion-flex-column-wrapper-legacy\"><div class=\"fusion-text fusion-text-2\"><p>Se pencher sur l\u2019histoire de l\u2019exploitation agricole met souvent en lumi\u00e8re les histoires familiales. En agriculture, les contextes familiaux et leur forme juridique prennent beaucoup de poids dans la vie de l\u2019entreprise (AGRIDEA, 2008).<\/p>\n<p>Les d\u00e9cisions pass\u00e9es sont analys\u00e9es plus pr\u00e9cis\u00e9ment parce qu\u2019elles ont un impact ou touchent \u00e0 des aspects critiques du syst\u00e8me entreprise famille.<br \/>\nQuelles sont les raisons qui ont men\u00e9 \u00e0 ces choix\u00a0?<br \/>\nQuelles ont \u00e9t\u00e9 la vision et les motivations de l\u2019\u00e9poque\u00a0?<br \/>\nQuelles conditions du contexte ont conduit \u00e0 certaines d\u00e9cisions pass\u00e9es\u00a0?<br \/>\nCes conditions sont-elles toujours actuelles\u00a0?<br \/>\nLe contexte pousse-t-il toujours dans la m\u00eame direction\u00a0?<\/p>\n<p>Lorsque des <strong>\u00e9v\u00e9nements<\/strong> sont list\u00e9s chronologiquement, l\u2019histoire devient visible. Les informations peuvent indiquer les diff\u00e9rences entre l\u2019existant et une nouvelle strat\u00e9gie potentielle, ou mettre en \u00e9vidence les ressorts \u2013 m\u00eame inconscients \u2013 des d\u00e9cisions strat\u00e9giques pass\u00e9es qui sont peut-\u00eatre encore d\u2019actualit\u00e9.<\/p>\n<\/div><div class=\"fusion-clearfix\"><\/div><\/div><\/div><div class=\"fusion-layout-column fusion_builder_column fusion-builder-column-2 fusion_builder_column_1_1 1_1 fusion-one-full fusion-column-first fusion-column-last\" style=\"--awb-bg-size:cover;\"><div class=\"fusion-column-wrapper fusion-flex-column-wrapper-legacy\"><div class=\"fusion-section-separator section-separator clouds fusion-section-separator-1\" style=\"--awb-spacer-height:99px;--awb-svg-margin-left:0;--awb-svg-margin-right:0;--awb-divider-height:99px;--awb-spacer-padding-top:inherit;--awb-sep-padding:0;--awb-svg-padding:0;\"><div class=\"fusion-section-separator-svg\"><svg class=\"fusion-clouds-candy\" xmlns=\"http:\/\/www.w3.org\/2000\/svg\" version=\"1.1\" width=\"100%\" height=\"100\" viewBox=\"0 0 100 100\" preserveAspectRatio=\"none\" fill=\"rgba(246,246,246,1)\"><path d=\"M-5 100 Q 0 20 5 100 Z\"><\/path>\n\t\t\t\t\t\t\t\t<path d=\"M0 100 Q 5 0 10 100\"><\/path>\n\t\t\t\t\t\t\t\t<path d=\"M5 100 Q 10 30 15 100\"><\/path>\n\t\t\t\t\t\t\t\t<path d=\"M10 100 Q 15 10 20 100\"><\/path>\n\t\t\t\t\t\t\t\t<path d=\"M15 100 Q 20 30 25 100\"><\/path>\n\t\t\t\t\t\t\t\t<path d=\"M20 100 Q 25 -10 30 100\"><\/path>\n\t\t\t\t\t\t\t\t<path d=\"M25 100 Q 30 10 35 100\"><\/path>\n\t\t\t\t\t\t\t\t<path d=\"M30 100 Q 35 30 40 100\"><\/path>\n\t\t\t\t\t\t\t\t<path d=\"M35 100 Q 40 10 45 100\"><\/path>\n\t\t\t\t\t\t\t\t<path d=\"M40 100 Q 45 50 50 100\"><\/path>\n\t\t\t\t\t\t\t\t<path d=\"M45 100 Q 50 20 55 100\"><\/path>\n\t\t\t\t\t\t\t\t<path d=\"M50 100 Q 55 40 60 100\"><\/path>\n\t\t\t\t\t\t\t\t<path d=\"M55 100 Q 60 60 65 100\"><\/path>\n\t\t\t\t\t\t\t\t<path d=\"M60 100 Q 65 50 70 100\"><\/path>\n\t\t\t\t\t\t\t\t<path d=\"M65 100 Q 70 20 75 100\"><\/path>\n\t\t\t\t\t\t\t\t<path d=\"M70 100 Q 75 45 80 100\"><\/path>\n\t\t\t\t\t\t\t\t<path d=\"M75 100 Q 80 30 85 100\"><\/path>\n\t\t\t\t\t\t\t\t<path d=\"M80 100 Q 85 20 90 100\"><\/path>\n\t\t\t\t\t\t\t\t<path d=\"M85 100 Q 90 50 95 100\"><\/path>\n\t\t\t\t\t\t\t\t<path d=\"M90 100 Q 95 25 100 100\"><\/path>\n\t\t\t\t\t\t\t\t<path d=\"M95 100 Q 100 15 105 100 Z\"><\/path><\/svg><\/div><div class=\"fusion-section-separator-spacer\"><div class=\"fusion-section-separator-spacer-height\"><\/div><\/div><\/div><div class=\"fusion-clearfix\"><\/div><\/div><\/div><\/div><\/div><div class=\"fusion-fullwidth fullwidth-box fusion-builder-row-2 nonhundred-percent-fullwidth non-hundred-percent-height-scrolling\" style=\"--awb-border-radius-top-left:0px;--awb-border-radius-top-right:0px;--awb-border-radius-bottom-right:0px;--awb-border-radius-bottom-left:0px;--awb-flex-wrap:wrap;\" ><div class=\"fusion-builder-row fusion-row\"><div class=\"fusion-layout-column fusion_builder_column fusion-builder-column-3 fusion_builder_column_1_1 1_1 fusion-one-full fusion-column-first fusion-column-last\" style=\"--awb-bg-size:cover;\"><div class=\"fusion-column-wrapper fusion-flex-column-wrapper-legacy\"><div class=\"fusion-menu-anchor\" id=\"Boite\"><\/div><div class=\"fusion-text fusion-text-3\"><h3><img decoding=\"async\" class=\"alignnone wp-image-1476\" src=\"https:\/\/agripedia.ch\/strategidea\/wp-content\/uploads\/sites\/7\/2019\/02\/Index_2.png\" alt=\"\" width=\"50\" height=\"50\" srcset=\"https:\/\/agripedia.ch\/strategidea\/wp-content\/uploads\/sites\/7\/2019\/02\/Index_2-66x66.png 66w, https:\/\/agripedia.ch\/strategidea\/wp-content\/uploads\/sites\/7\/2019\/02\/Index_2-150x150.png 150w, https:\/\/agripedia.ch\/strategidea\/wp-content\/uploads\/sites\/7\/2019\/02\/Index_2-200x201.png 200w, https:\/\/agripedia.ch\/strategidea\/wp-content\/uploads\/sites\/7\/2019\/02\/Index_2-300x300.png 300w, https:\/\/agripedia.ch\/strategidea\/wp-content\/uploads\/sites\/7\/2019\/02\/Index_2-400x402.png 400w, https:\/\/agripedia.ch\/strategidea\/wp-content\/uploads\/sites\/7\/2019\/02\/Index_2.png 494w\" sizes=\"(max-width: 50px) 100vw, 50px\" \/> \u00a0Boite \u00e0 outils<\/h3>\n<\/div><div class=\"fusion-clearfix\"><\/div><\/div><\/div><div class=\"fusion-layout-column fusion_builder_column fusion-builder-column-4 fusion_builder_column_1_2 1_2 fusion-one-half fusion-column-first\" style=\"--awb-bg-size:cover;width:50%;width:calc(50% - ( ( 4% ) * 0.5 ) );margin-right: 4%;\"><div class=\"fusion-column-wrapper fusion-flex-column-wrapper-legacy\"><div class=\"fusion-text fusion-text-4\"><h4>Explorer les \u00e9v\u00e9nements, les exp\u00e9riences et les d\u00e9cisions pass\u00e9es<\/h4>\n<p>Les retours sur les \u00e9v\u00e9nements, les exp\u00e9riences et les d\u00e9cisions pass\u00e9es am\u00e9liorent la compr\u00e9hension de la situation actuelle.<\/p>\n<ul>\n<li><a href=\"https:\/\/agripedia.ch\/strategidea?leaky-paywall-media-download=2075\" target=\"_blank\" rel=\"noopener noreferrer\">Exercice d\u2019autogestion : la relecture des d\u00e9cisions pass\u00e9es<\/a><\/li>\n<li><a href=\"https:\/\/agripedia.ch\/strategidea?leaky-paywall-media-download=1036\" target=\"_blank\" rel=\"noopener noreferrer\">Formulaire : inventaire des \u00e9v\u00e9nements pass\u00e9s qui engagent le pr\u00e9sent<\/a><\/li>\n<li><a href=\"https:\/\/agripedia.ch\/strategidea?leaky-paywall-media-download=1038\" target=\"_blank\" rel=\"noopener noreferrer\">Formulaire : la chronologie des \u00e9v\u00e9nements<\/a><\/li>\n<li><a href=\"https:\/\/agripedia.ch\/strategidea?leaky-paywall-media-download=1040\" target=\"_blank\" rel=\"noopener noreferrer\">Formulaire : les tops et les flops des derni\u00e8res ann\u00e9es<\/a><\/li>\n<li><a href=\"https:\/\/agripedia.ch\/strategidea?leaky-paywall-media-download=1044\" target=\"_blank\" rel=\"noopener noreferrer\">Exemples d\u2019\u00e9v\u00e9nement pass\u00e9<\/a><\/li>\n<\/ul>\n<\/div><div class=\"fusion-clearfix\"><\/div><\/div><\/div><div class=\"fusion-layout-column fusion_builder_column fusion-builder-column-5 fusion_builder_column_1_2 1_2 fusion-one-half fusion-column-last\" style=\"--awb-bg-size:cover;width:50%;width:calc(50% - ( ( 4% ) * 0.5 ) );\"><div class=\"fusion-column-wrapper fusion-flex-column-wrapper-legacy\"><div class=\"fusion-text fusion-text-5\"><h4>Apprendre du pass\u00e9 pour anticiper l\u2019avenir :<br \/>\nla matrice SEPO<\/h4>\n<p>La matrice SEPO est un instrument d\u2019auto-\u00e9valuation avec une dimension temporelle (pass\u00e9e, future) et une dimension \u00e9valuative (positive, n\u00e9gative).\u00a0 C\u2019est un instrument particuli\u00e8rement adapt\u00e9 aux investigations pr\u00e9alables \u00e0 la r\u00e9flexion strat\u00e9gique, car elle aide \u00e0 apprendre du pass\u00e9 pour anticiper l\u2019avenir.<\/p>\n<ul>\n<li><a href=\"https:\/\/agripedia.ch\/strategidea?leaky-paywall-media-download=1042\" target=\"_blank\" rel=\"noopener noreferrer\">Formulaire : la matrice SEPO, appr\u00e9ciation des Succ\u00e8s, \u00c9checs, Potentialit\u00e9s, Obstacles<\/a><\/li>\n<\/ul>\n<\/div><div class=\"fusion-clearfix\"><\/div><\/div><\/div><\/div><\/div><\/p>\n","protected":false},"excerpt":{"rendered":"","protected":false},"author":7,"featured_media":0,"parent":19,"menu_order":2,"comment_status":"closed","ping_status":"closed","template":"100-width.php","meta":{"_sb_is_suggestion_mode":false,"_sb_show_suggestion_boards":false,"_sb_show_comment_boards":false,"_sb_suggestion_history":"","_sb_update_block_changes":"","_monsterinsights_skip_tracking":false,"_monsterinsights_sitenote_active":false,"_monsterinsights_sitenote_note":"","_monsterinsights_sitenote_category":0,"footnotes":""},"class_list":["post-86","page","type-page","status-publish","hentry"],"_links":{"self":[{"href":"https:\/\/agripedia.ch\/strategidea\/wp-json\/wp\/v2\/pages\/86","targetHints":{"allow":["GET"]}}],"collection":[{"href":"https:\/\/agripedia.ch\/strategidea\/wp-json\/wp\/v2\/pages"}],"about":[{"href":"https:\/\/agripedia.ch\/strategidea\/wp-json\/wp\/v2\/types\/page"}],"author":[{"embeddable":true,"href":"https:\/\/agripedia.ch\/strategidea\/wp-json\/wp\/v2\/users\/7"}],"replies":[{"embeddable":true,"href":"https:\/\/agripedia.ch\/strategidea\/wp-json\/wp\/v2\/comments?post=86"}],"version-history":[{"count":47,"href":"https:\/\/agripedia.ch\/strategidea\/wp-json\/wp\/v2\/pages\/86\/revisions"}],"predecessor-version":[{"id":4202,"href":"https:\/\/agripedia.ch\/strategidea\/wp-json\/wp\/v2\/pages\/86\/revisions\/4202"}],"up":[{"embeddable":true,"href":"https:\/\/agripedia.ch\/strategidea\/wp-json\/wp\/v2\/pages\/19"}],"wp:attachment":[{"href":"https:\/\/agripedia.ch\/strategidea\/wp-json\/wp\/v2\/media?parent=86"}],"curies":[{"name":"wp","href":"https:\/\/api.w.org\/{rel}","templated":true}]}}