{"id":8,"date":"2018-10-01T14:57:32","date_gmt":"2018-10-01T14:57:32","guid":{"rendered":"https:\/\/knowledgefarm.ch\/strategidea\/?page_id=8"},"modified":"2019-07-07T09:05:43","modified_gmt":"2019-07-07T09:05:43","slug":"preambule","status":"publish","type":"page","link":"https:\/\/agripedia.ch\/strategidea\/preambule\/","title":{"rendered":"Pr\u00e9ambule"},"content":{"rendered":"<p><div class=\"fusion-fullwidth fullwidth-box fusion-builder-row-1 nonhundred-percent-fullwidth non-hundred-percent-height-scrolling\" style=\"--awb-border-radius-top-left:0px;--awb-border-radius-top-right:0px;--awb-border-radius-bottom-right:0px;--awb-border-radius-bottom-left:0px;--awb-flex-wrap:wrap;\" ><div class=\"fusion-builder-row fusion-row\"><div class=\"fusion-layout-column fusion_builder_column fusion-builder-column-0 fusion_builder_column_1_3 1_3 fusion-one-third fusion-column-first\" style=\"--awb-bg-size:cover;width:33.333333333333%;width:calc(33.333333333333% - ( ( 4% + 4% ) * 0.33333333333333 ) );margin-right: 4%;\"><div class=\"fusion-column-wrapper fusion-flex-column-wrapper-legacy\"><div class=\"fusion-button-wrapper\"><a class=\"fusion-button button-flat fusion-button-default-size button-default fusion-button-default button-1 fusion-button-default-span fusion-button-default-type\" style=\"--button-border-radius-top-left:0;--button-border-radius-top-right:0;--button-border-radius-bottom-right:0;--button-border-radius-bottom-left:0;\" target=\"_self\" href=\"https:\/\/agripedia.ch\/strategidea\/preambule\/comment-utiliser-cet-ebook\/\"><span class=\"fusion-button-text awb-button__text awb-button__text--default fusion-button-text-right\">Comment utiliser cette publication ?<\/span><span class=\"fusion-button-icon-divider button-icon-divider-right\"><i class=\"fa-file-import fas awb-button__icon awb-button__icon--default\" aria-hidden=\"true\"><\/i><\/span><\/a><\/div><div class=\"fusion-clearfix\"><\/div><\/div><\/div><div class=\"fusion-layout-column fusion_builder_column fusion-builder-column-1 fusion_builder_column_1_3 1_3 fusion-one-third\" style=\"--awb-bg-size:cover;width:33.333333333333%;width:calc(33.333333333333% - ( ( 4% + 4% ) * 0.33333333333333 ) );margin-right: 4%;\"><div class=\"fusion-column-wrapper fusion-flex-column-wrapper-legacy\"><div class=\"fusion-button-wrapper\"><a class=\"fusion-button button-flat fusion-button-default-size button-default fusion-button-default button-2 fusion-button-default-span fusion-button-default-type\" style=\"--button-border-radius-top-left:0;--button-border-radius-top-right:0;--button-border-radius-bottom-right:0;--button-border-radius-bottom-left:0;\" target=\"_self\" href=\"https:\/\/agripedia.ch\/strategidea\/preambule\/trois-moments-de-la-demarche-strategique\/\"><span class=\"fusion-button-text awb-button__text awb-button__text--default fusion-button-text-right\">La d\u00e9marche strat\u00e9gique (trois moments)<\/span><span class=\"fusion-button-icon-divider button-icon-divider-right\"><i class=\"fa-file-import fas awb-button__icon awb-button__icon--default\" aria-hidden=\"true\"><\/i><\/span><\/a><\/div><div class=\"fusion-clearfix\"><\/div><\/div><\/div><div class=\"fusion-layout-column fusion_builder_column fusion-builder-column-2 fusion_builder_column_1_3 1_3 fusion-one-third fusion-column-last\" style=\"--awb-bg-size:cover;width:33.333333333333%;width:calc(33.333333333333% - ( ( 4% + 4% ) * 0.33333333333333 ) );\"><div class=\"fusion-column-wrapper fusion-flex-column-wrapper-legacy\"><div class=\"fusion-button-wrapper\"><a class=\"fusion-button button-flat fusion-button-default-size button-default fusion-button-default button-3 fusion-button-default-span fusion-button-default-type\" style=\"--button-border-radius-top-left:0;--button-border-radius-top-right:0;--button-border-radius-bottom-right:0;--button-border-radius-bottom-left:0;\" target=\"_self\" href=\"https:\/\/agripedia.ch\/strategidea\/preambule\/introduction-a-la-reflexion-strategique\/\"><span class=\"fusion-button-text awb-button__text awb-button__text--default fusion-button-text-right\">Introduction \u00e0 la r\u00e9flexion strat\u00e9gique<\/span><span class=\"fusion-button-icon-divider button-icon-divider-right\"><i class=\"fa-file-import fas awb-button__icon awb-button__icon--default\" aria-hidden=\"true\"><\/i><\/span><\/a><\/div><div class=\"fusion-clearfix\"><\/div><\/div><\/div><div class=\"fusion-layout-column fusion_builder_column fusion-builder-column-3 fusion_builder_column_1_1 1_1 fusion-one-full fusion-column-first fusion-column-last\" style=\"--awb-bg-size:cover;\"><div class=\"fusion-column-wrapper fusion-flex-column-wrapper-legacy\"><div class=\"fusion-section-separator section-separator clouds fusion-section-separator-1\" style=\"--awb-spacer-height:99px;--awb-svg-margin-left:0;--awb-svg-margin-right:0;--awb-divider-height:99px;--awb-spacer-padding-top:inherit;--awb-sep-padding:0;--awb-svg-padding:0;\"><div class=\"fusion-section-separator-svg\"><svg class=\"fusion-clouds-candy\" xmlns=\"http:\/\/www.w3.org\/2000\/svg\" version=\"1.1\" width=\"100%\" height=\"100\" viewBox=\"0 0 100 100\" preserveAspectRatio=\"none\" fill=\"rgba(246,246,246,1)\"><path d=\"M-5 100 Q 0 20 5 100 Z\"><\/path>\n\t\t\t\t\t\t\t\t<path d=\"M0 100 Q 5 0 10 100\"><\/path>\n\t\t\t\t\t\t\t\t<path d=\"M5 100 Q 10 30 15 100\"><\/path>\n\t\t\t\t\t\t\t\t<path d=\"M10 100 Q 15 10 20 100\"><\/path>\n\t\t\t\t\t\t\t\t<path d=\"M15 100 Q 20 30 25 100\"><\/path>\n\t\t\t\t\t\t\t\t<path d=\"M20 100 Q 25 -10 30 100\"><\/path>\n\t\t\t\t\t\t\t\t<path d=\"M25 100 Q 30 10 35 100\"><\/path>\n\t\t\t\t\t\t\t\t<path d=\"M30 100 Q 35 30 40 100\"><\/path>\n\t\t\t\t\t\t\t\t<path d=\"M35 100 Q 40 10 45 100\"><\/path>\n\t\t\t\t\t\t\t\t<path d=\"M40 100 Q 45 50 50 100\"><\/path>\n\t\t\t\t\t\t\t\t<path d=\"M45 100 Q 50 20 55 100\"><\/path>\n\t\t\t\t\t\t\t\t<path d=\"M50 100 Q 55 40 60 100\"><\/path>\n\t\t\t\t\t\t\t\t<path d=\"M55 100 Q 60 60 65 100\"><\/path>\n\t\t\t\t\t\t\t\t<path d=\"M60 100 Q 65 50 70 100\"><\/path>\n\t\t\t\t\t\t\t\t<path d=\"M65 100 Q 70 20 75 100\"><\/path>\n\t\t\t\t\t\t\t\t<path d=\"M70 100 Q 75 45 80 100\"><\/path>\n\t\t\t\t\t\t\t\t<path d=\"M75 100 Q 80 30 85 100\"><\/path>\n\t\t\t\t\t\t\t\t<path d=\"M80 100 Q 85 20 90 100\"><\/path>\n\t\t\t\t\t\t\t\t<path d=\"M85 100 Q 90 50 95 100\"><\/path>\n\t\t\t\t\t\t\t\t<path d=\"M90 100 Q 95 25 100 100\"><\/path>\n\t\t\t\t\t\t\t\t<path d=\"M95 100 Q 100 15 105 100 Z\"><\/path><\/svg><\/div><div class=\"fusion-section-separator-spacer\"><div class=\"fusion-section-separator-spacer-height\"><\/div><\/div><\/div><div class=\"fusion-clearfix\"><\/div><\/div><\/div><\/div><\/div><div class=\"fusion-fullwidth fullwidth-box fusion-builder-row-2 nonhundred-percent-fullwidth non-hundred-percent-height-scrolling\" style=\"--awb-border-radius-top-left:0px;--awb-border-radius-top-right:0px;--awb-border-radius-bottom-right:0px;--awb-border-radius-bottom-left:0px;--awb-flex-wrap:wrap;\" ><div class=\"fusion-builder-row fusion-row\"><div class=\"fusion-layout-column fusion_builder_column fusion-builder-column-4 fusion_builder_column_1_2 1_2 fusion-one-half fusion-column-first\" style=\"--awb-bg-size:cover;width:50%;width:calc(50% - ( ( 4% ) * 0.5 ) );margin-right: 4%;\"><div class=\"fusion-column-wrapper fusion-flex-column-wrapper-legacy\"><div class=\"fusion-text fusion-text-1\"><p>La gamme de publications Strategidea vulgarise les concepts cl\u00e9s de la gestion strat\u00e9gique dans le contexte des entreprises agricoles familiales.<\/p>\n<p>Afin de faciliter la pr\u00e9sentation des apports th\u00e9oriques et m\u00e9thodologiques, la d\u00e9marche strat\u00e9gique est d\u00e9clin\u00e9e en trois moments\u00a0:<\/p>\n<ul>\n<li>La r\u00e9flexion strat\u00e9gique<\/li>\n<li>Le pilotage strat\u00e9gique<\/li>\n<li>La communication de la strat\u00e9gie<\/li>\n<\/ul>\n<\/div><div class=\"fusion-clearfix\"><\/div><\/div><\/div><div class=\"fusion-layout-column fusion_builder_column fusion-builder-column-5 fusion_builder_column_1_2 1_2 fusion-one-half fusion-column-last\" style=\"--awb-bg-size:cover;width:50%;width:calc(50% - ( ( 4% ) * 0.5 ) );\"><div class=\"fusion-column-wrapper fusion-flex-column-wrapper-legacy\"><div class=\"fusion-text fusion-text-2\"><blockquote>\n<p>Cette publication traite de la r\u00e9flexion strat\u00e9gique.<br \/>\nLe pilotage et la communication strat\u00e9giques feront l\u2019objet de publications ult\u00e9rieures.<\/p>\n<\/blockquote>\n<\/div><div class=\"fusion-clearfix\"><\/div><\/div><\/div><div class=\"fusion-layout-column fusion_builder_column fusion-builder-column-6 fusion_builder_column_1_1 1_1 fusion-one-full fusion-column-first fusion-column-last\" style=\"--awb-bg-size:cover;--awb-margin-bottom:0px;\"><div class=\"fusion-column-wrapper fusion-flex-column-wrapper-legacy\"><div class=\"fusion-section-separator section-separator clouds fusion-section-separator-2\" style=\"--awb-spacer-height:99px;--awb-svg-margin-left:0;--awb-svg-margin-right:0;--awb-divider-height:99px;--awb-spacer-padding-top:inherit;--awb-sep-padding:0;--awb-svg-padding:0;\"><div class=\"fusion-section-separator-svg\"><svg class=\"fusion-clouds-candy\" xmlns=\"http:\/\/www.w3.org\/2000\/svg\" version=\"1.1\" width=\"100%\" height=\"100\" viewBox=\"0 0 100 100\" preserveAspectRatio=\"none\" fill=\"rgba(246,246,246,1)\"><path d=\"M-5 100 Q 0 20 5 100 Z\"><\/path>\n\t\t\t\t\t\t\t\t<path d=\"M0 100 Q 5 0 10 100\"><\/path>\n\t\t\t\t\t\t\t\t<path d=\"M5 100 Q 10 30 15 100\"><\/path>\n\t\t\t\t\t\t\t\t<path d=\"M10 100 Q 15 10 20 100\"><\/path>\n\t\t\t\t\t\t\t\t<path d=\"M15 100 Q 20 30 25 100\"><\/path>\n\t\t\t\t\t\t\t\t<path d=\"M20 100 Q 25 -10 30 100\"><\/path>\n\t\t\t\t\t\t\t\t<path d=\"M25 100 Q 30 10 35 100\"><\/path>\n\t\t\t\t\t\t\t\t<path d=\"M30 100 Q 35 30 40 100\"><\/path>\n\t\t\t\t\t\t\t\t<path d=\"M35 100 Q 40 10 45 100\"><\/path>\n\t\t\t\t\t\t\t\t<path d=\"M40 100 Q 45 50 50 100\"><\/path>\n\t\t\t\t\t\t\t\t<path d=\"M45 100 Q 50 20 55 100\"><\/path>\n\t\t\t\t\t\t\t\t<path d=\"M50 100 Q 55 40 60 100\"><\/path>\n\t\t\t\t\t\t\t\t<path d=\"M55 100 Q 60 60 65 100\"><\/path>\n\t\t\t\t\t\t\t\t<path d=\"M60 100 Q 65 50 70 100\"><\/path>\n\t\t\t\t\t\t\t\t<path d=\"M65 100 Q 70 20 75 100\"><\/path>\n\t\t\t\t\t\t\t\t<path d=\"M70 100 Q 75 45 80 100\"><\/path>\n\t\t\t\t\t\t\t\t<path d=\"M75 100 Q 80 30 85 100\"><\/path>\n\t\t\t\t\t\t\t\t<path d=\"M80 100 Q 85 20 90 100\"><\/path>\n\t\t\t\t\t\t\t\t<path d=\"M85 100 Q 90 50 95 100\"><\/path>\n\t\t\t\t\t\t\t\t<path d=\"M90 100 Q 95 25 100 100\"><\/path>\n\t\t\t\t\t\t\t\t<path d=\"M95 100 Q 100 15 105 100 Z\"><\/path><\/svg><\/div><div class=\"fusion-section-separator-spacer\"><div class=\"fusion-section-separator-spacer-height\"><\/div><\/div><\/div><div class=\"fusion-clearfix\"><\/div><\/div><\/div><div class=\"fusion-layout-column fusion_builder_column fusion-builder-column-7 fusion_builder_column_1_2 1_2 fusion-one-half fusion-column-first\" style=\"--awb-bg-size:cover;width:50%;width:calc(50% - ( ( 4% ) * 0.5 ) );margin-right: 4%;\"><div class=\"fusion-column-wrapper fusion-flex-column-wrapper-legacy\"><div class=\"fusion-text fusion-text-3\"><h3>La strat\u00e9gie, c\u2019est quoi\u00a0?<\/h3>\n<p>A l\u2019origine, le mot <strong>strat\u00e9gie<\/strong> vient du domaine militaire. Elle d\u00e9signait <strong>l\u2019art de coordonner l\u2019action<\/strong> de l\u2019ensemble des forces de la nation pour conduire une guerre ou pr\u00e9server la paix. Par la suite, le terme strat\u00e9gie est tomb\u00e9 dans le secteur des entreprises et des organisations. A partir des ann\u00e9es 1980, les premi\u00e8res approches de gestion strat\u00e9gique en agriculture se sont d\u00e9velopp\u00e9es, d\u2019abord aux Etats-Unis puis en Europe (Capitaine, 2013).<\/p>\n<p>Dans les secteurs de l\u2019\u00e9conomie classique, plusieurs d\u00e9finitions de la <strong>strat\u00e9gie d\u2019entreprise<\/strong> coexistent. Une d\u00e9finition, au premier abord assez simple, propose qu\u2019elle soit \u00abl\u2019orientation \u00e0 long terme d\u2019une organisation\u00bb\u00a0(Johnson & Al., 2014). Relevons trois autres d\u00e9finitions \u00abhistoriques\u00bb\u00a0:<\/p>\n<ul>\n<li>\u00abLa d\u00e9termination des buts et des objectifs \u00e0 long terme dans une entreprise et l\u2019adoption des actions et des allocations de ressources n\u00e9cessaires pour atteindre ces buts.\u00bb Alfred Chandler<\/li>\n<li>\u00abLa strat\u00e9gie concurrentielle consiste \u00e0 \u00eatre diff\u00e9rent. Elle implique de choisir un p\u00e9rim\u00e8tre d\u2019activit\u00e9 distinct et de proposer une combinaison de valeur unique.\u00bb Michael Porter<\/li>\n<li>\u00abUne configuration dans un flux de d\u00e9cision\u00bb Henry Mintzberg<\/li>\n<\/ul>\n<p>Aucune de ces d\u00e9finitions n\u2019exclut les autres. Elles insistent tour \u00e0 tour sur des aspects diff\u00e9rents de la strat\u00e9gie, comme la <strong>mobilisation des ressources<\/strong> de l\u2019entreprise, le <strong>potentiel d\u2019adaptation<\/strong> \u00e0 l\u2019environnement concurrentiel, et la <strong>prise de d\u00e9cision<\/strong>.<\/p>\n<p>Pour l\u2019entreprise agricole dans son contexte, \u00abl\u2019adaptation continue aux changements de l\u2019environnement\u00bb est une source de profonds <strong>paradoxes<\/strong> et de <strong>complexit\u00e9<\/strong> en raison m\u00eame de la <strong>nature du m\u00e9tier d\u2019agriculteur<\/strong>.<\/p>\n<p>Les rythmes naturels de l\u2019exploitation agricole sont r\u00e9gul\u00e9s par des temps longs, ceux des saisons, ceux des cycles de d\u00e9veloppement des plantes et des animaux, des rotations des cultures, de la mise en place de moyens de production sp\u00e9cifiques, etc. Ces rythmes naturels sont souvent en <strong>collision avec la rapidit\u00e9 des rythmes de l\u2019\u00e9conomie<\/strong> des march\u00e9s et avec les tendances de standardisation (accentu\u00e9es par le faible poids de chaque entreprise sur le march\u00e9). Les moyens de production de l\u2019entreprise agricole n\u00e9cessitent des <strong>investissements et des capitaux cons\u00e9quents<\/strong>. En cons\u00e9quence, les capacit\u00e9s d\u2019adaptation des entreprises agricoles suivent des trajectoires plut\u00f4t de type \u00abpaquebot\u00bb.<\/p>\n<p>A c\u00f4t\u00e9 de l\u2019\u00e9conomie de march\u00e9, l\u2019entreprise agricole a une <strong>fonction d\u2019occupation de l\u2019espace rural<\/strong>, ce qui implique une autre grille de lecture que celle de l\u2019\u00e9conomie, et ajoute un volet politique et soci\u00e9tal tr\u00e8s fort \u00e0 l\u2019environnement de l\u2019entreprise agricole.<\/p>\n<\/div><div class=\"fusion-clearfix\"><\/div><\/div><\/div><div class=\"fusion-layout-column fusion_builder_column fusion-builder-column-8 fusion_builder_column_1_2 1_2 fusion-one-half fusion-column-last\" style=\"--awb-bg-size:cover;width:50%;width:calc(50% - ( ( 4% ) * 0.5 ) );\"><div class=\"fusion-column-wrapper fusion-flex-column-wrapper-legacy\"><div class=\"fusion-image-element in-legacy-container\" style=\"--awb-caption-title-font-family:var(--h2_typography-font-family);--awb-caption-title-font-weight:var(--h2_typography-font-weight);--awb-caption-title-font-style:var(--h2_typography-font-style);--awb-caption-title-size:var(--h2_typography-font-size);--awb-caption-title-transform:var(--h2_typography-text-transform);--awb-caption-title-line-height:var(--h2_typography-line-height);--awb-caption-title-letter-spacing:var(--h2_typography-letter-spacing);\"><span class=\" fusion-imageframe imageframe-none imageframe-1 hover-type-none\"><img decoding=\"async\" width=\"4960\" height=\"7015\" title=\"ILLUSTRATION_INDEX 01_Boussole et carte\" src=\"https:\/\/agripedia.ch\/strategidea\/wp-content\/uploads\/sites\/7\/2018\/10\/Boussole-et-carte.jpg\" alt class=\"img-responsive wp-image-211\" srcset=\"https:\/\/agripedia.ch\/strategidea\/wp-content\/uploads\/sites\/7\/2018\/10\/Boussole-et-carte-200x283.jpg 200w, https:\/\/agripedia.ch\/strategidea\/wp-content\/uploads\/sites\/7\/2018\/10\/Boussole-et-carte-400x566.jpg 400w, https:\/\/agripedia.ch\/strategidea\/wp-content\/uploads\/sites\/7\/2018\/10\/Boussole-et-carte-600x849.jpg 600w, https:\/\/agripedia.ch\/strategidea\/wp-content\/uploads\/sites\/7\/2018\/10\/Boussole-et-carte-800x1131.jpg 800w, https:\/\/agripedia.ch\/strategidea\/wp-content\/uploads\/sites\/7\/2018\/10\/Boussole-et-carte-1200x1697.jpg 1200w, https:\/\/agripedia.ch\/strategidea\/wp-content\/uploads\/sites\/7\/2018\/10\/Boussole-et-carte.jpg 4960w\" sizes=\"(max-width: 800px) 100vw, 600px\" \/><\/span><\/div><div class=\"fusion-text fusion-text-4\"><p>Revenons \u00e0 la d\u00e9finition de la gestion strat\u00e9gique. Il s\u2019agit du processus par lequel le dirigeant (ou les dirigeants en famille ou en communaut\u00e9 d\u2019exploitation) s\u2019adapte en continu aux changements de l\u2019environnement guid\u00e9 par une orientation de son entreprise sur le long terme.<\/p>\n<p>Si l\u2019entreprise agricole est une entreprise \u00e0 part enti\u00e8re, notons une autre sp\u00e9cificit\u00e9 majeure du domaine agricole. C\u2019est la <strong>place pr\u00e9pond\u00e9rante occup\u00e9e par les personnes physiques<\/strong>. L\u2019expression \u00abstrat\u00e9gie d\u2019entreprise\u00bb serait d\u2019une certaine mani\u00e8re exag\u00e9r\u00e9e. Il s\u2019agit toujours la <strong>strat\u00e9gie de l\u2019agricultrice ou de l\u2019agriculteur<\/strong> qui est inscrite dans un ensemble plus vaste comprenant des <strong>interrelations de l\u2019entreprise avec la famille<\/strong>. Tout aussi inad\u00e9quate serait l\u2019expression \u00abstrat\u00e9gie personnelle\u00bb ou \u00abindividuelle\u00bb. On parlera plut\u00f4t de motivations, d\u2019aspirations ou de finalit\u00e9s personnelles.<\/p>\n<p>Faisons un dernier constat, dans les faits, les agriculteur-trice-s font peu appel \u00e0 des proc\u00e9dures de gestion formalis\u00e9es dans la conduite de leur entreprise. Beaucoup s\u2019appuient sur leur intuition et leur exp\u00e9rience, sur une compr\u00e9hension globale et empirique, pour prendre leurs d\u00e9cisions.<\/p>\n<\/div><div class=\"fusion-clearfix\"><\/div><\/div><\/div><\/div><\/div><\/p>\n","protected":false},"excerpt":{"rendered":"","protected":false},"author":7,"featured_media":0,"parent":0,"menu_order":1,"comment_status":"closed","ping_status":"closed","template":"","meta":{"_sb_is_suggestion_mode":false,"_sb_show_suggestion_boards":false,"_sb_show_comment_boards":false,"_sb_suggestion_history":"","_sb_update_block_changes":"","_monsterinsights_skip_tracking":false,"_monsterinsights_sitenote_active":false,"_monsterinsights_sitenote_note":"","_monsterinsights_sitenote_category":0,"footnotes":""},"class_list":["post-8","page","type-page","status-publish","hentry"],"_links":{"self":[{"href":"https:\/\/agripedia.ch\/strategidea\/wp-json\/wp\/v2\/pages\/8","targetHints":{"allow":["GET"]}}],"collection":[{"href":"https:\/\/agripedia.ch\/strategidea\/wp-json\/wp\/v2\/pages"}],"about":[{"href":"https:\/\/agripedia.ch\/strategidea\/wp-json\/wp\/v2\/types\/page"}],"author":[{"embeddable":true,"href":"https:\/\/agripedia.ch\/strategidea\/wp-json\/wp\/v2\/users\/7"}],"replies":[{"embeddable":true,"href":"https:\/\/agripedia.ch\/strategidea\/wp-json\/wp\/v2\/comments?post=8"}],"version-history":[{"count":79,"href":"https:\/\/agripedia.ch\/strategidea\/wp-json\/wp\/v2\/pages\/8\/revisions"}],"predecessor-version":[{"id":2753,"href":"https:\/\/agripedia.ch\/strategidea\/wp-json\/wp\/v2\/pages\/8\/revisions\/2753"}],"wp:attachment":[{"href":"https:\/\/agripedia.ch\/strategidea\/wp-json\/wp\/v2\/media?parent=8"}],"curies":[{"name":"wp","href":"https:\/\/api.w.org\/{rel}","templated":true}]}}