{"id":6251,"date":"2026-01-27T11:54:38","date_gmt":"2026-01-27T11:54:38","guid":{"rendered":"https:\/\/agripedia.ch\/strategidea\/?page_id=6251"},"modified":"2026-01-27T11:54:38","modified_gmt":"2026-01-27T11:54:38","slug":"problematiques-ecologiques","status":"publish","type":"page","link":"https:\/\/agripedia.ch\/strategidea\/situation-de-conseil\/problematiques-ecologiques\/","title":{"rendered":"&#8212; probl\u00e9matiques \u00e9cologiques"},"content":{"rendered":"<p><div class=\"fusion-fullwidth fullwidth-box fusion-builder-row-1 fusion-flex-container has-pattern-background has-mask-background nonhundred-percent-fullwidth non-hundred-percent-height-scrolling\" style=\"--awb-border-radius-top-left:0px;--awb-border-radius-top-right:0px;--awb-border-radius-bottom-right:0px;--awb-border-radius-bottom-left:0px;--awb-flex-wrap:wrap;\" ><div class=\"fusion-builder-row fusion-row fusion-flex-align-items-flex-start fusion-flex-content-wrap\" style=\"max-width:1144px;margin-left: calc(-4% \/ 2 );margin-right: calc(-4% \/ 2 );\"><div class=\"fusion-layout-column fusion_builder_column fusion-builder-column-0 fusion_builder_column_1_1 1_1 fusion-flex-column\" style=\"--awb-bg-size:cover;--awb-width-large:100%;--awb-margin-top-large:0px;--awb-spacing-right-large:1.92%;--awb-margin-bottom-large:20px;--awb-spacing-left-large:1.92%;--awb-width-medium:100%;--awb-order-medium:0;--awb-spacing-right-medium:1.92%;--awb-spacing-left-medium:1.92%;--awb-width-small:100%;--awb-order-small:0;--awb-spacing-right-small:1.92%;--awb-spacing-left-small:1.92%;\"><div class=\"fusion-column-wrapper fusion-column-has-shadow fusion-flex-justify-content-flex-start fusion-content-layout-column\"><div class=\"fusion-title title fusion-title-1 fusion-sep-none fusion-title-text fusion-title-size-one\"><h1 class=\"fusion-title-heading title-heading-left fusion-responsive-typography-calculated\" style=\"margin:0;--fontSize:60;line-height:1.4;\">Accompagnement des probl\u00e9matiques \u00e9cologiques sur l\u2019exploitation<\/h1><\/div><div class=\"fusion-text fusion-text-1\"><h2>Proposition de d\u00e9marche g\u00e9n\u00e9rale<\/h2>\n<h3>Approche globale pr\u00e9alable (int\u00e9gration de la probl\u00e9matique dans la strat\u00e9gie g\u00e9n\u00e9rale de l\u2019entreprise)<\/h3>\n<p>Il s\u2019agit d\u2019acqu\u00e9rir, puis de restituer \u00e0 l\u2019exploitant sous une forme synth\u00e9tique \u00e0 laquelle il puisse se r\u00e9f\u00e9rer dans ses d\u00e9cisions et actions, une compr\u00e9hension suffisante de la r\u00e9alit\u00e9 \u00e0 l\u2019\u00e9chelle de l\u2019ensemble du syst\u00e8me \u00ab\u00a0entreprise-famille\u00a0\u00bb, et une vision des param\u00e8tres fondamentaux qui sont d\u00e9terminants \u00e0 cette \u00e9chelle (qui fondent la coh\u00e9rence ou la dynamique actuelle du syst\u00e8me entreprise-famille), avec un focus sur sa motivation et sa sensibilit\u00e9 en mati\u00e8re d\u2019\u00e9cologie et de climat (<strong><em>\u00e9l\u00e9ments de r\u00e9flexion strat\u00e9gique<\/em><\/strong>, <strong><em>feuille de route strat\u00e9gique<\/em><\/strong>).<\/p>\n<p>Certaines donn\u00e9es g\u00e9n\u00e9rales sont disponibles dans des documents existants : fiches PER, d\u00e9compte des paiements directs, questionnaires g\u00e9n\u00e9raux ou \u00e9tudes existantes. Il faut les utiliser. Il s\u2019agira alors de compl\u00e9ter l\u2019information disponible, dans la mesure o\u00f9 cela para\u00eet n\u00e9cessaire. Puis on concentrera l\u2019analyse autour des enjeux \u00e9cologiques, en restant \u00e0 l\u2019\u00e9chelle de la globalit\u00e9.<\/p>\n<p>Cette approche globale pr\u00e9alable doit permettre de rep\u00e9rer les <strong><em>marges de man\u0153uvre<\/em> de l\u2019entreprise<\/strong>, dans ses interactions avec une probl\u00e9matique \u00e9cologique donn\u00e9e, en m\u00eame temps que les <strong><em>conditions et limites \u00e0 respecter<\/em><\/strong> pour leur valorisation. Il peut s\u2019agir de parcelles ou milieux potentiellement int\u00e9ressants, de \u00ab bonnes \u00bb ou \u00ab mauvaises \u00bb pratiques (du point de vue \u00e9cologique), des int\u00e9r\u00eats manifest\u00e9s par l\u2019exploitant, etc.<\/p>\n<p>La m\u00e9thode g\u00e9n\u00e9rale utilis\u00e9e est celle de l\u2019<strong>entretien ouvert et interactif<\/strong> avec l\u2019exploitant sur les aspects strat\u00e9giques (voir l\u2019aide-m\u00e9moire pour un entretien g\u00e9n\u00e9ral pr\u00e9alable).<\/p>\n<h3>Expertises compl\u00e9mentaires cibl\u00e9es<\/h3>\n<p>Le \u00ab croisement \u00bb de deux niveaux d\u2019information (\u00e9l\u00e9ments strat\u00e9giques qui fondent la coh\u00e9rence ou la dynamique actuelle du syst\u00e8me entreprise-famille\/ marges de man\u0153uvre \u00e9cologiques de l\u2019entreprise) doit permettre d\u2019identifier les <em><strong>objets pertinents \u00e0 analyser de fa\u00e7on plus approfondie<\/strong><\/em>, du point de vue \u00e9cologique, en restant attentif \u00e0 la coh\u00e9rence d\u2019ensemble.<\/p>\n<p>L\u2019expertise compl\u00e9mentaire peut consister en un entretien plus technique avec l\u2019exploitant au sujet de certaines pratiques, ou en la\u00a0 visite de parcelles cibl\u00e9es. Ce nouveau niveau de l\u2019investigation requiert des comp\u00e9tences sp\u00e9cialis\u00e9es et des outils sp\u00e9cifiques (hors Strategidea).<\/p>\n<p>Cette <strong>analyse technique approfondie<\/strong> doit permettre de formuler des <strong><em>pistes de mesures concr\u00e8tes<\/em><\/strong>, relatives \u00e0 la probl\u00e9matique \u00e9cologique en question, qui respectent le projet d\u2019entreprise g\u00e9n\u00e9ral. Et ceci quelles que soient la nature et l\u2019origine de l\u2019initiative (l\u2019exploitant ou des acteurs ext\u00e9rieurs).<\/p>\n<h3>Analyses de faisabilit\u00e9 sur mesure<\/h3>\n<p>Une fois que l\u2019on dispose de la d\u00e9finition pr\u00e9cise de mesures qui rencontrent l\u2019accord de principe de l\u2019exploitant, il peut \u00eatre n\u00e9cessaire d\u2019en \u00e9tudier la <strong><em>faisabilit\u00e9 dans les domaines mis en cause<\/em><\/strong>. Il peut s\u2019agir de la faisabilit\u00e9 technique, organisationnelle, cas \u00e9ch\u00e9ant commerciale ou r\u00e9glementaire, mais aussi \u00e9conomique.<\/p>\n<p>L\u2019investissement m\u00e9thodologique doit \u00eatre adapt\u00e9, notamment en fonction de l\u2019importance de l\u2019enjeu (cette importance peut \u00eatre \u00e9valu\u00e9e par la grandeur des \u00e9l\u00e9ments naturels en question, leur impact pr\u00e9visible dans l\u2019assolement, dans le syst\u00e8me fourrager ou dans l\u2019organisation du travail, leur interf\u00e9rence potentielle avec les pratiques, les repr\u00e9sentations ou les relations de l\u2019exploitant). Mais aussi en fonction du risque financier, ainsi que de la complexit\u00e9 du syst\u00e8me ou de la dynamique de transformation (p\u00e9riode transitoire d\u00e9licate).<\/p>\n<p>Divers outils \u00e9conomiques sont envisageables : simples r\u00e9f\u00e9rences, approche parcellaire, budgets partiels, planifications techniques, budget global d\u2019exploitation, etc. (hors Strategidea). Certaines de ces expertises requi\u00e8rent les comp\u00e9tences d\u2019un sp\u00e9cialiste.<\/p>\n<\/div><\/div><\/div><\/div><\/div><div class=\"fusion-fullwidth fullwidth-box fusion-builder-row-2 fusion-flex-container has-pattern-background has-mask-background nonhundred-percent-fullwidth non-hundred-percent-height-scrolling\" style=\"--awb-border-radius-top-left:0px;--awb-border-radius-top-right:0px;--awb-border-radius-bottom-right:0px;--awb-border-radius-bottom-left:0px;--awb-flex-wrap:wrap;\" ><div class=\"fusion-builder-row fusion-row fusion-flex-align-items-flex-start fusion-flex-content-wrap\" style=\"max-width:1144px;margin-left: calc(-4% \/ 2 );margin-right: calc(-4% \/ 2 );\"><div class=\"fusion-layout-column fusion_builder_column fusion-builder-column-1 fusion_builder_column_1_1 1_1 fusion-flex-column\" style=\"--awb-bg-size:cover;--awb-width-large:100%;--awb-margin-top-large:0px;--awb-spacing-right-large:1.92%;--awb-margin-bottom-large:20px;--awb-spacing-left-large:1.92%;--awb-width-medium:100%;--awb-order-medium:0;--awb-spacing-right-medium:1.92%;--awb-spacing-left-medium:1.92%;--awb-width-small:100%;--awb-order-small:0;--awb-spacing-right-small:1.92%;--awb-spacing-left-small:1.92%;\"><div class=\"fusion-column-wrapper fusion-column-has-shadow fusion-flex-justify-content-flex-start fusion-content-layout-column\"><div class=\"fusion-title title fusion-title-2 fusion-sep-none fusion-title-text fusion-title-size-two\"><h2 class=\"fusion-title-heading title-heading-left fusion-responsive-typography-calculated\" style=\"margin:0;--fontSize:40;line-height:1.5;\">Liste d\u2019outils<\/h2><\/div><div class=\"fusion-content-boxes content-boxes columns row fusion-columns-1 fusion-columns-total-3 fusion-content-boxes-1 content-boxes-icon-with-title content-left\" style=\"--awb-hover-accent-color:#e10707;--awb-circle-hover-accent-color:#e10707;--awb-item-margin-bottom:40px;\" data-animationOffset=\"top-into-view\"><div style=\"--awb-backgroundcolor:#fff2f2;\" class=\"fusion-column content-box-column content-box-column content-box-column-1 col-lg-12 col-md-12 col-sm-12 fusion-content-box-hover content-box-column-last-in-row\"><div class=\"col content-box-wrapper content-wrapper-background link-area-link-icon icon-hover-animation-fade\" data-animationOffset=\"top-into-view\"><div class=\"heading heading-with-icon icon-left\"><div class=\"icon\"><i style=\"border-color:#333333;border-width:1px;background-color:#333333;box-sizing:content-box;height:42px;width:42px;line-height:42px;border-radius:50%;font-size:21px;\" aria-hidden=\"true\" class=\"fontawesome-icon fa-wrench fas circle-yes\"><\/i><\/div><h2 class=\"content-box-heading fusion-responsive-typography-calculated\" style=\"--h2_typography-font-size:18px;--fontSize:18;line-height:1.5;\">Aide m\u00e9moire pour l'entretien g\u00e9n\u00e9ral<\/h2><\/div><div class=\"fusion-clearfix\"><\/div><div class=\"content-container\">\n<p><strong>TH\u00c8ME 1 : Approche globale pr\u00e9alable (int\u00e9gration de la probl\u00e9matique dans la strat\u00e9gie g\u00e9n\u00e9rale de l\u2019entreprise)<br \/>\n<\/strong><\/p>\n<p><strong>Description :<\/strong> Check list pour pr\u00e9parer l\u2019entretien. Les propositions de questions de l\u2019aide-m\u00e9moire doivent donner une sorte de \u00ab\u00a0fil rouge\u00a0\u00bb \u00e0 l\u2019entretien avec l\u2019agriculteur. L\u2019objectif n\u2019est nullement de suivre \u00e0 la lettre la liste de questions mais de s\u2019assurer que l\u2019on ne passe pas \u00e0 c\u00f4t\u00e9 de certaines informations fondamentales au niveau strat\u00e9gique. Le focus peut \u00eatre mis sur les chapitres \u00ab El\u00e9ments de strat\u00e9gie \u00bb et \u00ab Contexte et environnement \u00bb et il peut \u00eatre opportun d\u2019adapter certaines questions \u00e0 la probl\u00e9matique \u00e9cologique sp\u00e9cifique en question.<\/p>\n<p><strong>Utilisable par :<\/strong> l\u2019accompagnant.<\/p>\n<p>Voir le <a href=\"https:\/\/agripedia.ch\/strategidea?leaky-paywall-media-download=6928\" target=\"_blank\" rel=\"noopener\">document<\/a> et voir le <a href=\"https:\/\/agripedia.ch\/strategidea\/les-composantes-de-la-strategie\/\" target=\"_blank\" rel=\"noopener\">domaine strat\u00e9gique concern\u00e9<\/a><\/p>\n<\/div><\/div><\/div><div style=\"--awb-backgroundcolor:#fff2f2;\" class=\"fusion-column content-box-column content-box-column content-box-column-2 col-lg-12 col-md-12 col-sm-12 fusion-content-box-hover content-box-column-last-in-row\"><div class=\"col content-box-wrapper content-wrapper-background link-area-link-icon icon-hover-animation-fade\" data-animationOffset=\"top-into-view\"><div class=\"heading heading-with-icon icon-left\"><div class=\"icon\"><i style=\"border-color:#333333;border-width:1px;background-color:#333333;box-sizing:content-box;height:42px;width:42px;line-height:42px;border-radius:50%;font-size:21px;\" aria-hidden=\"true\" class=\"fontawesome-icon fa-wrench fas circle-yes\"><\/i><\/div><h2 class=\"content-box-heading fusion-responsive-typography-calculated\" style=\"--h2_typography-font-size:18px;--fontSize:18;line-height:1.5;\">Synth\u00e8se de la r\u00e9flexion strat\u00e9gique<\/h2><\/div><div class=\"fusion-clearfix\"><\/div><div class=\"content-container\">\n<p><strong>TH\u00c8ME 1 : Approche globale pr\u00e9alable (int\u00e9gration de la probl\u00e9matique dans la strat\u00e9gie g\u00e9n\u00e9rale de l\u2019entreprise)<br \/>\n<\/strong><\/p>\n<p><strong>Description :<\/strong> support permettant de restituer \u00e0 l\u2019exploitant sous une forme synth\u00e9tique \u00e0 laquelle il puisse se r\u00e9f\u00e9rer dans ses d\u00e9cisions et actions, les \u00e9l\u00e9ments de r\u00e9flexion strat\u00e9gique qui fondent la coh\u00e9rence ou la dynamique actuelle du syst\u00e8me entreprise-famille.<\/p>\n<p><strong>Utilisable par :<\/strong> l\u2019accompagnant, les accompagn\u00e9s.<\/p>\n<p>Voir le <a href=\"https:\/\/agripedia.ch\/strategidea?leaky-paywall-media-download=6662\" target=\"_blank\" rel=\"noopener\">document<\/a> et voir le <a href=\"https:\/\/agripedia.ch\/strategidea\/le-pilotage-strategique\/pilotage-strategique-demarche-concrete-et-outils\/un-cadre-strategique-dynamique\/\" target=\"_blank\" rel=\"noopener\">domaine strat\u00e9gique concern\u00e9<\/a><\/p>\n<\/div><\/div><\/div><div style=\"--awb-backgroundcolor:#fff2f2;\" class=\"fusion-column content-box-column content-box-column content-box-column-3 col-lg-12 col-md-12 col-sm-12 fusion-content-box-hover content-box-column-last content-box-column-last-in-row\"><div class=\"col content-box-wrapper content-wrapper-background link-area-link-icon icon-hover-animation-fade\" data-animationOffset=\"top-into-view\"><div class=\"heading heading-with-icon icon-left\"><div class=\"icon\"><i style=\"border-color:#333333;border-width:1px;background-color:#333333;box-sizing:content-box;height:42px;width:42px;line-height:42px;border-radius:50%;font-size:21px;\" aria-hidden=\"true\" class=\"fontawesome-icon fa-wrench fas circle-yes\"><\/i><\/div><h2 class=\"content-box-heading fusion-responsive-typography-calculated\" style=\"--h2_typography-font-size:18px;--fontSize:18;line-height:1.5;\">Feuille de route strat\u00e9gique<\/h2><\/div><div class=\"fusion-clearfix\"><\/div><div class=\"content-container\">\n<p><strong>TH\u00c8ME 1 : Approche globale pr\u00e9alable (int\u00e9gration de la probl\u00e9matique dans la strat\u00e9gie g\u00e9n\u00e9rale de l\u2019entreprise)<br \/>\n<\/strong><\/p>\n<p><strong>Description :<\/strong> la \u00ab\u00a0feuille de route strat\u00e9gique\u00a0\u00bb (ou tableau de bord strat\u00e9gique) est l\u2019un des instruments du pilotage strat\u00e9gique. Elle documente de mani\u00e8re synth\u00e9tique les principales composantes de la strat\u00e9gie, les \u00e9l\u00e9ments d\u2019arbitrage et de prospective importants et sert de cadre de d\u00e9cision.<\/p>\n<p><strong>Utilisable par :<\/strong> l\u2019accompagnant, les accompagn\u00e9s.<\/p>\n<p>Voir le <a href=\"https:\/\/agripedia.ch\/strategidea?leaky-paywall-media-download=6353\" target=\"_blank\" rel=\"noopener\">document<\/a> et voir le <a href=\"https:\/\/agripedia.ch\/strategidea\/le-pilotage-strategique\/pilotage-strategique-demarche-concrete-et-outils\/un-cadre-strategique-dynamique\/\" target=\"_blank\" rel=\"noopener\">domaine strat\u00e9gique concern\u00e9<\/a><\/p>\n<\/div><\/div><\/div><div class=\"fusion-clearfix\"><\/div><\/div><div class=\"fusion-content-boxes content-boxes columns row fusion-columns-1 fusion-columns-total-1 fusion-content-boxes-2 content-boxes-icon-with-title content-left\" style=\"--awb-hover-accent-color:#e10707;--awb-circle-hover-accent-color:#e10707;--awb-item-margin-bottom:40px;\" data-animationOffset=\"top-into-view\"><div style=\"--awb-backgroundcolor:#fff2f2;\" class=\"fusion-column content-box-column content-box-column content-box-column-1 col-lg-12 col-md-12 col-sm-12 fusion-content-box-hover content-box-column-last content-box-column-last-in-row\"><div class=\"col content-box-wrapper content-wrapper-background link-area-link-icon icon-hover-animation-fade\" data-animationOffset=\"top-into-view\"><div class=\"heading heading-with-icon icon-left\"><div class=\"icon\"><i style=\"border-color:#333333;border-width:1px;background-color:#333333;box-sizing:content-box;height:42px;width:42px;line-height:42px;border-radius:50%;font-size:21px;\" aria-hidden=\"true\" class=\"fontawesome-icon fa-wrench fas circle-yes\"><\/i><\/div><h2 class=\"content-box-heading fusion-responsive-typography-calculated\" style=\"--h2_typography-font-size:18px;--fontSize:18;line-height:1.5;\">Tableau pour la r\u00e9flexion sur les pistes<\/h2><\/div><div class=\"fusion-clearfix\"><\/div><div class=\"content-container\">\n<p><strong>TH\u00c8ME 2 : Pistes de mesures concr\u00e8tes<br \/>\n<\/strong><\/p>\n<p><strong>Description :<\/strong> ce tableau propose des questions \u00e0 se poser pour \u00e9valuer les pistes et d\u00e9finir les suites \u00e0 donner (d\u00e9cisions et actions).<\/p>\n<p><strong>Utilisable par :<\/strong> l\u2019accompagnant, les accompagn\u00e9s.<\/p>\n<p>Voir le <a href=\"https:\/\/agripedia.ch\/strategidea?leaky-paywall-media-download=6361\" target=\"_blank\" rel=\"noopener\">document<\/a> et voir le <a href=\"https:\/\/agripedia.ch\/strategidea\/le-pilotage-strategique\/pilotage-strategique-demarche-concrete-et-outils\/un-cadre-strategique-dynamique\/\" target=\"_blank\" rel=\"noopener\">domaine strat\u00e9gique concern\u00e9<\/a><\/p>\n<\/div><\/div><\/div><div class=\"fusion-clearfix\"><\/div><\/div><\/div><\/div><\/div><\/div><\/p>\n","protected":false},"excerpt":{"rendered":"","protected":false},"author":279,"featured_media":0,"parent":5470,"menu_order":0,"comment_status":"closed","ping_status":"closed","template":"","meta":{"_sb_is_suggestion_mode":false,"_sb_show_suggestion_boards":false,"_sb_show_comment_boards":false,"_sb_suggestion_history":"","_sb_update_block_changes":"","_monsterinsights_skip_tracking":false,"_monsterinsights_sitenote_active":false,"_monsterinsights_sitenote_note":"","_monsterinsights_sitenote_category":0,"footnotes":""},"class_list":["post-6251","page","type-page","status-publish","hentry"],"_links":{"self":[{"href":"https:\/\/agripedia.ch\/strategidea\/wp-json\/wp\/v2\/pages\/6251","targetHints":{"allow":["GET"]}}],"collection":[{"href":"https:\/\/agripedia.ch\/strategidea\/wp-json\/wp\/v2\/pages"}],"about":[{"href":"https:\/\/agripedia.ch\/strategidea\/wp-json\/wp\/v2\/types\/page"}],"author":[{"embeddable":true,"href":"https:\/\/agripedia.ch\/strategidea\/wp-json\/wp\/v2\/users\/279"}],"replies":[{"embeddable":true,"href":"https:\/\/agripedia.ch\/strategidea\/wp-json\/wp\/v2\/comments?post=6251"}],"version-history":[{"count":16,"href":"https:\/\/agripedia.ch\/strategidea\/wp-json\/wp\/v2\/pages\/6251\/revisions"}],"predecessor-version":[{"id":6934,"href":"https:\/\/agripedia.ch\/strategidea\/wp-json\/wp\/v2\/pages\/6251\/revisions\/6934"}],"up":[{"embeddable":true,"href":"https:\/\/agripedia.ch\/strategidea\/wp-json\/wp\/v2\/pages\/5470"}],"wp:attachment":[{"href":"https:\/\/agripedia.ch\/strategidea\/wp-json\/wp\/v2\/media?parent=6251"}],"curies":[{"name":"wp","href":"https:\/\/api.w.org\/{rel}","templated":true}]}}