{"id":6229,"date":"2024-08-22T15:57:35","date_gmt":"2024-08-22T15:57:35","guid":{"rendered":"https:\/\/agripedia.ch\/strategidea\/?page_id=6229"},"modified":"2024-11-11T16:01:11","modified_gmt":"2024-11-11T16:01:11","slug":"allers-retours-entre-reflexion-decision-et-action-strategiques","status":"publish","type":"page","link":"https:\/\/agripedia.ch\/strategidea\/le-pilotage-strategique\/pilotage-strategique-demarche-concrete-et-outils\/allers-retours-entre-reflexion-decision-et-action-strategiques\/","title":{"rendered":"&#8211;Allers-retours entre r\u00e9flexion, d\u00e9cision et action strat\u00e9giques"},"content":{"rendered":"<p><div class=\"fusion-fullwidth fullwidth-box fusion-builder-row-1 nonhundred-percent-fullwidth non-hundred-percent-height-scrolling\" style=\"--awb-border-radius-top-left:0px;--awb-border-radius-top-right:0px;--awb-border-radius-bottom-right:0px;--awb-border-radius-bottom-left:0px;--awb-flex-wrap:wrap;\" ><div class=\"fusion-builder-row fusion-row\"><div class=\"fusion-layout-column fusion_builder_column fusion-builder-column-0 fusion_builder_column_1_1 1_1 fusion-one-full fusion-column-first fusion-column-last\" style=\"--awb-bg-size:cover;--awb-margin-bottom:0px;\"><div class=\"fusion-column-wrapper fusion-flex-column-wrapper-legacy\"><div class=\"fusion-text fusion-text-1\"><h3><img decoding=\"async\" class=\"alignnone wp-image-1490\" src=\"https:\/\/agripedia.ch\/strategidea\/wp-content\/uploads\/sites\/7\/2019\/02\/Index_6_Analyse-interne.png\" alt=\"\" width=\"50\" height=\"50\" srcset=\"https:\/\/agripedia.ch\/strategidea\/wp-content\/uploads\/sites\/7\/2019\/02\/Index_6_Analyse-interne-66x66.png 66w, https:\/\/agripedia.ch\/strategidea\/wp-content\/uploads\/sites\/7\/2019\/02\/Index_6_Analyse-interne-150x150.png 150w, https:\/\/agripedia.ch\/strategidea\/wp-content\/uploads\/sites\/7\/2019\/02\/Index_6_Analyse-interne-200x199.png 200w, https:\/\/agripedia.ch\/strategidea\/wp-content\/uploads\/sites\/7\/2019\/02\/Index_6_Analyse-interne-300x300.png 300w, https:\/\/agripedia.ch\/strategidea\/wp-content\/uploads\/sites\/7\/2019\/02\/Index_6_Analyse-interne.png 354w\" sizes=\"(max-width: 50px) 100vw, 50px\" \/> Allers-retours entre r\u00e9flexion, d\u00e9cision et action strat\u00e9giques<\/h3>\n<blockquote>\n<p>Au niveau op\u00e9rationnel, il s\u2019agit de mettre en coh\u00e9rence les d\u00e9cisions prises (et les actions) en temps r\u00e9el et les orientations strat\u00e9giques (Hemidy, Maxime, & Soler, 1993).<\/p>\n<\/blockquote>\n<p>Cela signifie<\/p>\n<ul>\n<li>d\u2019une part de traduire la vision strat\u00e9gique en actions concr\u00e8tes ou d\u2019actualiser celle-ci,<\/li>\n<li>d\u2019autre part d\u2019adapter les \u00ab programmes d\u2019action \u00bb (repr\u00e9sentations de l\u2019exploitant sur ce qu\u2019il convient de faire ou pas sur le plan op\u00e9rationnel) au fur et \u00e0 mesure des \u00e9volutions (des pr\u00e9f\u00e9rences, des informations, des probl\u00e8mes, des besoins).<\/li>\n<\/ul>\n<p><span style=\"color: #ffffff\">\u2013<\/span><\/p>\n<\/div><div class=\"fusion-clearfix\"><\/div><\/div><\/div><div class=\"fusion-layout-column fusion_builder_column fusion-builder-column-1 fusion_builder_column_1_2 1_2 fusion-one-half fusion-column-first\" style=\"--awb-bg-size:cover;width:50%;width:calc(50% - ( ( 4% ) * 0.5 ) );margin-right: 4%;\"><div class=\"fusion-column-wrapper fusion-flex-column-wrapper-legacy\"><div class=\"fusion-text fusion-text-2\"><h6><em><strong>INTERACTIONS ENTRE CADRE STRAT\u00c9GIQUE ET ACTION<br \/>\n<\/strong><\/em><\/h6>\n<p><img decoding=\"async\" class=\"alignnone wp-image-6273 \" src=\"https:\/\/agripedia.ch\/strategidea\/wp-content\/uploads\/sites\/7\/2024\/08\/14-2-2-aller-retour.png\" alt=\"\" width=\"814\" height=\"552\" srcset=\"https:\/\/agripedia.ch\/strategidea\/wp-content\/uploads\/sites\/7\/2024\/08\/14-2-2-aller-retour-200x136.png 200w, https:\/\/agripedia.ch\/strategidea\/wp-content\/uploads\/sites\/7\/2024\/08\/14-2-2-aller-retour-300x204.png 300w, https:\/\/agripedia.ch\/strategidea\/wp-content\/uploads\/sites\/7\/2024\/08\/14-2-2-aller-retour-400x271.png 400w, https:\/\/agripedia.ch\/strategidea\/wp-content\/uploads\/sites\/7\/2024\/08\/14-2-2-aller-retour-600x407.png 600w, https:\/\/agripedia.ch\/strategidea\/wp-content\/uploads\/sites\/7\/2024\/08\/14-2-2-aller-retour-768x521.png 768w, https:\/\/agripedia.ch\/strategidea\/wp-content\/uploads\/sites\/7\/2024\/08\/14-2-2-aller-retour-800x543.png 800w, https:\/\/agripedia.ch\/strategidea\/wp-content\/uploads\/sites\/7\/2024\/08\/14-2-2-aller-retour-1024x695.png 1024w, https:\/\/agripedia.ch\/strategidea\/wp-content\/uploads\/sites\/7\/2024\/08\/14-2-2-aller-retour.png 1141w\" sizes=\"(max-width: 814px) 100vw, 814px\" \/><\/p>\n<p><span style=\"color: #ffffff\">\u2013<\/span><\/p>\n<\/div><div class=\"fusion-clearfix\"><\/div><\/div><\/div><div class=\"fusion-layout-column fusion_builder_column fusion-builder-column-2 fusion_builder_column_1_2 1_2 fusion-one-half fusion-column-last\" style=\"--awb-bg-size:cover;width:50%;width:calc(50% - ( ( 4% ) * 0.5 ) );\"><div class=\"fusion-column-wrapper fusion-flex-column-wrapper-legacy\"><div class=\"fusion-text fusion-text-3\"><p>A cet \u00e9gard, le cadre strat\u00e9gique sert de r\u00e9f\u00e9rence \u00e0 tous les moments ou activit\u00e9s de la r\u00e9flexion, de la d\u00e9cision ou de l\u2019action strat\u00e9giques. Il y a un continuum complexe entre ces activit\u00e9s et<strong> il est aussi bien possible de \u00ab\u00a0commencer\u00a0\u00bb \u00e0 mettre en \u0153uvre ce cadre strat\u00e9gique dans l\u2019action<\/strong>.<\/p>\n<\/div><div class=\"fusion-clearfix\"><\/div><\/div><\/div><div class=\"fusion-layout-column fusion_builder_column fusion-builder-column-3 fusion_builder_column_1_1 1_1 fusion-one-full fusion-column-first fusion-column-last\" style=\"--awb-bg-size:cover;\"><div class=\"fusion-column-wrapper fusion-flex-column-wrapper-legacy\"><div class=\"fusion-section-separator section-separator triangle fusion-section-separator-1\" style=\"--awb-border-top:1px solid #f6f6f6;--awb-spacer-height:1px;--awb-svg-margin-left:0;--awb-svg-margin-right:0;--awb-icon-color:#ffffff;\"><div class=\"fusion-section-separator-svg\"><div class=\"divider-candy-arrow top\" style=\"bottom:0px;border-bottom-color: #f6f6f6;\"><\/div><div class=\"divider-candy top\" style=\"top:-21px;border-bottom:1px solid #f6f6f6;border-left:1px solid #f6f6f6;\"><\/div><\/div><div class=\"fusion-section-separator-spacer\"><div class=\"fusion-section-separator-spacer-height\"><\/div><\/div><\/div><div class=\"fusion-clearfix\"><\/div><\/div><\/div><div class=\"fusion-layout-column fusion_builder_column fusion-builder-column-4 fusion_builder_column_1_2 1_2 fusion-one-half fusion-column-first\" style=\"--awb-bg-size:cover;width:50%;width:calc(50% - ( ( 4% ) * 0.5 ) );margin-right: 4%;\"><div class=\"fusion-column-wrapper fusion-flex-column-wrapper-legacy\"><div class=\"fusion-text fusion-text-4\"><p>Dans une d\u00e9marche de pilotage strat\u00e9gique \u00ab\u00a0chemin faisant\u00a0\u00bb il y a donc, parmi d\u2019autres, des moments ou des activit\u00e9s, plus ou moins formalis\u00e9s, de conception des moyens \u00e0 mettre en \u0153uvre ou de planification des actions \u00e0 court terme (ils sont davantage formalis\u00e9s \u2013 et avec des outils sp\u00e9cifiques \u2013 dans le cas de la gestion de projet que dans le pur pilotage courant).<br \/>\n<strong>La formalisation peut passer par l\u2019\u00e9tablissement d\u2019un plan d\u2019action \u00e0 court terme<\/strong> qui liste, de mani\u00e8re op\u00e9rationnelle, les prochaines actions \u00e0 entreprendre\u00a0: les actions certaines, les actions possibles soumises \u00e0 conditions, y compris des actions d\u2019\u00e9tude ou administratives (ex.\u00a0: am\u00e9nagement d\u2019un local, signature d\u2019un contrat, \u00e9tude d\u2019un nouveau march\u00e9, formation, etc.). \u00ab\u00a0S\u2019il n\u2019y a pas de v\u00e9ritable projet nouveau, le r\u00e9sultat de la d\u00e9marche strat\u00e9gique peut se limiter \u00e0 la somme des actions correctives d\u00e9cid\u00e9es tout au long de la r\u00e9flexion strat\u00e9gique\u00a0\u00bb\u00a0(Michaud & Guichard, 1994).<\/p>\n<\/div><div class=\"fusion-clearfix\"><\/div><\/div><\/div><div class=\"fusion-layout-column fusion_builder_column fusion-builder-column-5 fusion_builder_column_1_2 1_2 fusion-one-half fusion-column-last\" style=\"--awb-bg-size:cover;width:50%;width:calc(50% - ( ( 4% ) * 0.5 ) );\"><div class=\"fusion-column-wrapper fusion-flex-column-wrapper-legacy\"><div class=\"fusion-text fusion-text-5\"><h6><em><strong>ILLUSTRATION : PLAN D\u2019ACTION ET USAGE DES R\u00c8GLES D\u2019ACTIONS<br \/>\n<\/strong><\/em><\/h6>\n<p><img decoding=\"async\" class=\"alignnone wp-image-6278 \" src=\"https:\/\/agripedia.ch\/strategidea\/wp-content\/uploads\/sites\/7\/2024\/08\/14-2-2-SCHeMA-TEMPS-1.png\" alt=\"\" width=\"822\" height=\"398\" srcset=\"https:\/\/agripedia.ch\/strategidea\/wp-content\/uploads\/sites\/7\/2024\/08\/14-2-2-SCHeMA-TEMPS-1-200x97.png 200w, https:\/\/agripedia.ch\/strategidea\/wp-content\/uploads\/sites\/7\/2024\/08\/14-2-2-SCHeMA-TEMPS-1-300x145.png 300w, https:\/\/agripedia.ch\/strategidea\/wp-content\/uploads\/sites\/7\/2024\/08\/14-2-2-SCHeMA-TEMPS-1-400x194.png 400w, https:\/\/agripedia.ch\/strategidea\/wp-content\/uploads\/sites\/7\/2024\/08\/14-2-2-SCHeMA-TEMPS-1-600x291.png 600w, https:\/\/agripedia.ch\/strategidea\/wp-content\/uploads\/sites\/7\/2024\/08\/14-2-2-SCHeMA-TEMPS-1-768x372.png 768w, https:\/\/agripedia.ch\/strategidea\/wp-content\/uploads\/sites\/7\/2024\/08\/14-2-2-SCHeMA-TEMPS-1-800x388.png 800w, https:\/\/agripedia.ch\/strategidea\/wp-content\/uploads\/sites\/7\/2024\/08\/14-2-2-SCHeMA-TEMPS-1-1024x496.png 1024w, https:\/\/agripedia.ch\/strategidea\/wp-content\/uploads\/sites\/7\/2024\/08\/14-2-2-SCHeMA-TEMPS-1.png 1123w\" sizes=\"(max-width: 822px) 100vw, 822px\" \/><\/p>\n<p><span data-contrast=\"auto\">D\u2019apr\u00e8s <\/span><span aria-label=\"Contr\u00f4le de contenu de texte enrichi\"><span data-contrast=\"auto\">\u200b<\/span><span data-contrast=\"auto\"> (Michaud & Guichard, 1994)<\/span><span data-contrast=\"auto\">\u200b<\/span><\/span><\/p>\n<p><em><strong>\u00a0<\/strong><\/em><\/p>\n<\/div><div class=\"fusion-clearfix\"><\/div><\/div><\/div><div class=\"fusion-layout-column fusion_builder_column fusion-builder-column-6 fusion_builder_column_1_1 1_1 fusion-one-full fusion-column-first fusion-column-last\" style=\"--awb-bg-size:cover;\"><div class=\"fusion-column-wrapper fusion-flex-column-wrapper-legacy\"><div class=\"fusion-text fusion-text-6\"><p>Souvent l\u2019activit\u00e9 de conception des moyens \u00e0 mettre en \u0153uvre et les d\u00e9cisions de pilotage strat\u00e9gique qui en d\u00e9coulent s\u2019inscrivent plut\u00f4t dans une dur\u00e9e que dans un moment ponctuel. \u00ab\u00a0L\u2019individu n\u2019a ici pas de vision claire de sa situation, ni du chemin qui conduit \u00e0 la solution, ni m\u00eame de ce que celle-ci pourrait \u00eatre\u00a0\u00bb\u00a0(Allain, 1999). La situation et la d\u00e9marche sont assimilables \u00e0 un processus de r\u00e9solution de probl\u00e8me, caract\u00e9ris\u00e9 par une phase de formulation du probl\u00e8me et une phase de recherche d\u2019une solution satisfaisante. Ce type de processus s\u2019applique aussi bien dans des situations d\u2019opportunit\u00e9, de crise, que de probl\u00e8me stricto sensu (pressions limit\u00e9es). \u00ab\u00a0Ce type de d\u00e9cision ne r\u00e9sulte pas d\u2019un ajustement automatique entre vision strat\u00e9gique et programmes d\u2019action, mais n\u00e9cessite au contraire une construction\u00a0\u00bb\u00a0(Allain, 1999). Ainsi \u00ab<strong>\u00a0le pilotage strat\u00e9gique est avant tout fait de multiples ajustements ponctuels<\/strong> permettant d\u2019assurer le couplage entre vision strat\u00e9gique et programmes d\u2019action, et <strong>l\u2019\u00e9volution d\u2019une entreprise r\u00e9sulte d\u2019abord des changements incr\u00e9mentaux qui s\u2019y produisent\u00a0<\/strong>\u00bb\u00a0(Allain, 1999) et <strong>pas seulement des grandes modifications d\u2019orientation.<\/strong><\/p>\n<p>C\u2019est donc aussi \u00ab\u00a0l\u2019art d\u2019utiliser les informations qui surviennent dans l\u2019action\u00a0\u00bb\u00a0(Morin, 1990). Les instruments dynamiques du cadre strat\u00e9gique (feuille de route strat\u00e9gique, tableaux de bord) sont au c\u0153ur du <strong>syst\u00e8me d\u2019information \u00e0 d\u00e9velopper<\/strong>. Il s\u2019agit ici de les approvisionner en informations actualis\u00e9es et de les utiliser pour la d\u00e9cision. La d\u00e9cision peut aussi bien concerner le pilotage courant, une adaptation limit\u00e9e du syst\u00e8me d\u2019exploitation que la gestion de projet ou d\u2019\u00e9v\u00e8nement. Pour cela il convient de<strong> suivre les \u00e9volutions de l\u2019environnement et de r\u00e9actualiser r\u00e9guli\u00e8rement les informations sur l\u2019entreprise<\/strong>.<\/p>\n<p>\u00ab\u00a0L\u2019individu joue un r\u00f4le actif dans la s\u00e9lection de ses informations et dans leurs r\u00e9arrangements. En fait, c\u2019est la signification qu\u2019il donne \u00e0 celles-ci \u00e0 un moment donn\u00e9 qui importe, et la notion d\u2019interpr\u00e9tation est donc centrale\u00a0\u00bb dans la prise de d\u00e9cisions\u00a0(Allain, 1999). La connaissance strat\u00e9gique comporte des \u00ab\u00a0cadres mentaux, visions du monde, pr\u00e9f\u00e9rences id\u00e9ologiques, dont elle ne peut se d\u00e9partir mais qu\u2019il lui appartient d\u2019expliciter\u00a0\u00bb\u00a0(Martinet, 1993).<\/p>\n<p>Dans le cadre d\u2019un accompagnement (par un tiers) au pilotage strat\u00e9gique, \u00ab<strong>\u00a0l\u2019aide \u00e0 la d\u00e9cision ne doit alors pas tant se concentrer sur le r\u00e9sultat de la d\u00e9cision que sur le processus de d\u00e9cision<\/strong>\u00a0\u00bb\u00a0\u00bbconsultation interactive\u00a0\u00bb).<\/p>\n<\/div><div class=\"fusion-clearfix\"><\/div><\/div><\/div><div class=\"fusion-layout-column fusion_builder_column fusion-builder-column-7 fusion_builder_column_1_1 1_1 fusion-one-full fusion-column-first fusion-column-last\" style=\"--awb-bg-size:cover;\"><div class=\"fusion-column-wrapper fusion-flex-column-wrapper-legacy\"><div class=\"fusion-section-separator section-separator clouds fusion-section-separator-2\" style=\"--awb-spacer-height:99px;--awb-svg-margin-left:0;--awb-svg-margin-right:0;--awb-divider-height:99px;--awb-spacer-padding-top:inherit;--awb-sep-padding:0;--awb-svg-padding:0;\"><div class=\"fusion-section-separator-svg\"><svg class=\"fusion-clouds-candy\" xmlns=\"http:\/\/www.w3.org\/2000\/svg\" version=\"1.1\" width=\"100%\" height=\"100\" viewBox=\"0 0 100 100\" preserveAspectRatio=\"none\" fill=\"rgba(246,246,246,1)\"><path d=\"M-5 100 Q 0 20 5 100 Z\"><\/path>\n\t\t\t\t\t\t\t\t<path d=\"M0 100 Q 5 0 10 100\"><\/path>\n\t\t\t\t\t\t\t\t<path d=\"M5 100 Q 10 30 15 100\"><\/path>\n\t\t\t\t\t\t\t\t<path d=\"M10 100 Q 15 10 20 100\"><\/path>\n\t\t\t\t\t\t\t\t<path d=\"M15 100 Q 20 30 25 100\"><\/path>\n\t\t\t\t\t\t\t\t<path d=\"M20 100 Q 25 -10 30 100\"><\/path>\n\t\t\t\t\t\t\t\t<path d=\"M25 100 Q 30 10 35 100\"><\/path>\n\t\t\t\t\t\t\t\t<path d=\"M30 100 Q 35 30 40 100\"><\/path>\n\t\t\t\t\t\t\t\t<path d=\"M35 100 Q 40 10 45 100\"><\/path>\n\t\t\t\t\t\t\t\t<path d=\"M40 100 Q 45 50 50 100\"><\/path>\n\t\t\t\t\t\t\t\t<path d=\"M45 100 Q 50 20 55 100\"><\/path>\n\t\t\t\t\t\t\t\t<path d=\"M50 100 Q 55 40 60 100\"><\/path>\n\t\t\t\t\t\t\t\t<path d=\"M55 100 Q 60 60 65 100\"><\/path>\n\t\t\t\t\t\t\t\t<path d=\"M60 100 Q 65 50 70 100\"><\/path>\n\t\t\t\t\t\t\t\t<path d=\"M65 100 Q 70 20 75 100\"><\/path>\n\t\t\t\t\t\t\t\t<path d=\"M70 100 Q 75 45 80 100\"><\/path>\n\t\t\t\t\t\t\t\t<path d=\"M75 100 Q 80 30 85 100\"><\/path>\n\t\t\t\t\t\t\t\t<path d=\"M80 100 Q 85 20 90 100\"><\/path>\n\t\t\t\t\t\t\t\t<path d=\"M85 100 Q 90 50 95 100\"><\/path>\n\t\t\t\t\t\t\t\t<path d=\"M90 100 Q 95 25 100 100\"><\/path>\n\t\t\t\t\t\t\t\t<path d=\"M95 100 Q 100 15 105 100 Z\"><\/path><\/svg><\/div><div class=\"fusion-section-separator-spacer\"><div class=\"fusion-section-separator-spacer-height\"><\/div><\/div><\/div><div class=\"fusion-clearfix\"><\/div><\/div><\/div><\/div><\/div><div class=\"fusion-fullwidth fullwidth-box fusion-builder-row-2 nonhundred-percent-fullwidth non-hundred-percent-height-scrolling\" style=\"--awb-border-radius-top-left:0px;--awb-border-radius-top-right:0px;--awb-border-radius-bottom-right:0px;--awb-border-radius-bottom-left:0px;--awb-flex-wrap:wrap;\" ><div class=\"fusion-builder-row fusion-row\"><div class=\"fusion-layout-column fusion_builder_column fusion-builder-column-8 fusion_builder_column_1_1 1_1 fusion-one-full fusion-column-first fusion-column-last\" style=\"--awb-bg-size:cover;\"><div class=\"fusion-column-wrapper fusion-flex-column-wrapper-legacy\"><div class=\"fusion-menu-anchor\" id=\"Boite\"><\/div><div class=\"fusion-text fusion-text-7\"><h3><img decoding=\"async\" class=\"alignnone wp-image-1490\" src=\"https:\/\/agripedia.ch\/strategidea\/wp-content\/uploads\/sites\/7\/2019\/02\/Index_6_Analyse-interne.png\" alt=\"\" width=\"50\" height=\"50\" srcset=\"https:\/\/agripedia.ch\/strategidea\/wp-content\/uploads\/sites\/7\/2019\/02\/Index_6_Analyse-interne-66x66.png 66w, https:\/\/agripedia.ch\/strategidea\/wp-content\/uploads\/sites\/7\/2019\/02\/Index_6_Analyse-interne-150x150.png 150w, https:\/\/agripedia.ch\/strategidea\/wp-content\/uploads\/sites\/7\/2019\/02\/Index_6_Analyse-interne-200x199.png 200w, https:\/\/agripedia.ch\/strategidea\/wp-content\/uploads\/sites\/7\/2019\/02\/Index_6_Analyse-interne-300x300.png 300w, https:\/\/agripedia.ch\/strategidea\/wp-content\/uploads\/sites\/7\/2019\/02\/Index_6_Analyse-interne.png 354w\" sizes=\"(max-width: 50px) 100vw, 50px\" \/>\u00a0Boite \u00e0 outils<\/h3>\n<\/div><div class=\"fusion-clearfix\"><\/div><\/div><\/div><div class=\"fusion-layout-column fusion_builder_column fusion-builder-column-9 fusion_builder_column_1_1 1_1 fusion-one-full fusion-column-first fusion-column-last\" style=\"--awb-bg-size:cover;\"><div class=\"fusion-column-wrapper fusion-flex-column-wrapper-legacy\"><div class=\"fusion-text fusion-text-8\"><ul>\n<li><a href=\"https:\/\/agripedia.ch\/strategidea?leaky-paywall-media-download=6353\" target=\"_blank\" rel=\"noopener\">Feuille de route strat\u00e9gique<\/a><\/li>\n<li><a href=\"https:\/\/agripedia.ch\/strategidea?leaky-paywall-media-download=6355\" target=\"_blank\" rel=\"noopener\">Tableau de bord \u2013 indicateurs de pilotage<\/a><\/li>\n<li><a href=\"https:\/\/agripedia.ch\/strategidea?leaky-paywall-media-download=6359\" target=\"_blank\" rel=\"noopener\">Plan d\u2019action<\/a><\/li>\n<li>Outils de gestion de projet \u2013 ne sont pas pr\u00e9sent\u00e9s dans strategidea.<\/li>\n<\/ul>\n<\/div><div class=\"fusion-clearfix\"><\/div><\/div><\/div><\/div><\/div><div class=\"fusion-fullwidth fullwidth-box fusion-builder-row-3 fusion-flex-container has-pattern-background has-mask-background nonhundred-percent-fullwidth non-hundred-percent-height-scrolling\" style=\"--awb-border-radius-top-left:0px;--awb-border-radius-top-right:0px;--awb-border-radius-bottom-right:0px;--awb-border-radius-bottom-left:0px;--awb-flex-wrap:wrap;\" ><div class=\"fusion-builder-row fusion-row fusion-flex-align-items-flex-start fusion-flex-content-wrap\" style=\"max-width:1144px;margin-left: calc(-4% \/ 2 );margin-right: calc(-4% \/ 2 );\"><div class=\"fusion-layout-column fusion_builder_column fusion-builder-column-10 fusion_builder_column_1_3 1_3 fusion-flex-column\" style=\"--awb-bg-size:cover;--awb-width-large:33.333333333333%;--awb-margin-top-large:0px;--awb-spacing-right-large:5.76%;--awb-margin-bottom-large:20px;--awb-spacing-left-large:5.76%;--awb-width-medium:100%;--awb-order-medium:0;--awb-spacing-right-medium:1.92%;--awb-spacing-left-medium:1.92%;--awb-width-small:100%;--awb-order-small:0;--awb-spacing-right-small:1.92%;--awb-spacing-left-small:1.92%;\"><div class=\"fusion-column-wrapper fusion-column-has-shadow fusion-flex-justify-content-flex-start fusion-content-layout-column\"><\/div><\/div><div class=\"fusion-layout-column fusion_builder_column fusion-builder-column-11 fusion_builder_column_1_3 1_3 fusion-flex-column\" style=\"--awb-bg-size:cover;--awb-width-large:33.333333333333%;--awb-margin-top-large:0px;--awb-spacing-right-large:5.76%;--awb-margin-bottom-large:20px;--awb-spacing-left-large:5.76%;--awb-width-medium:100%;--awb-order-medium:0;--awb-spacing-right-medium:1.92%;--awb-spacing-left-medium:1.92%;--awb-width-small:100%;--awb-order-small:0;--awb-spacing-right-small:1.92%;--awb-spacing-left-small:1.92%;\"><div class=\"fusion-column-wrapper fusion-column-has-shadow fusion-flex-justify-content-flex-start fusion-content-layout-column\"><\/div><\/div><div class=\"fusion-layout-column fusion_builder_column fusion-builder-column-12 fusion_builder_column_1_3 1_3 fusion-flex-column\" style=\"--awb-bg-size:cover;--awb-width-large:33.333333333333%;--awb-margin-top-large:0px;--awb-spacing-right-large:5.76%;--awb-margin-bottom-large:20px;--awb-spacing-left-large:5.76%;--awb-width-medium:100%;--awb-order-medium:0;--awb-spacing-right-medium:1.92%;--awb-spacing-left-medium:1.92%;--awb-width-small:100%;--awb-order-small:0;--awb-spacing-right-small:1.92%;--awb-spacing-left-small:1.92%;\"><div class=\"fusion-column-wrapper fusion-column-has-shadow fusion-flex-justify-content-flex-start fusion-content-layout-column\"><div ><a class=\"fusion-button button-flat fusion-button-default-size button-default fusion-button-default button-1 fusion-button-default-span fusion-button-default-type\" style=\"--button-border-radius-top-left:0;--button-border-radius-top-right:0;--button-border-radius-bottom-right:0;--button-border-radius-bottom-left:0;\" target=\"_self\" href=\"https:\/\/agripedia.ch\/strategidea\/le-pilotage-strategique\/pilotage-strategique-demarche-concrete-et-outils\/vigilance-et-apprentissage\/\"><span class=\"fusion-button-text awb-button__text awb-button__text--default fusion-button-text-right\">Page suivante<\/span><span class=\"fusion-button-icon-divider button-icon-divider-right\"><i class=\"fa-file-import fas awb-button__icon awb-button__icon--default\" aria-hidden=\"true\"><\/i><\/span><\/a><\/div><\/div><\/div><\/div><\/div><\/p>\n","protected":false},"excerpt":{"rendered":"","protected":false},"author":279,"featured_media":0,"parent":6204,"menu_order":2,"comment_status":"closed","ping_status":"closed","template":"100-width.php","meta":{"_sb_is_suggestion_mode":false,"_sb_show_suggestion_boards":false,"_sb_show_comment_boards":false,"_sb_suggestion_history":"","_sb_update_block_changes":"","_monsterinsights_skip_tracking":false,"_monsterinsights_sitenote_active":false,"_monsterinsights_sitenote_note":"","_monsterinsights_sitenote_category":0,"footnotes":""},"class_list":["post-6229","page","type-page","status-publish","hentry"],"_links":{"self":[{"href":"https:\/\/agripedia.ch\/strategidea\/wp-json\/wp\/v2\/pages\/6229","targetHints":{"allow":["GET"]}}],"collection":[{"href":"https:\/\/agripedia.ch\/strategidea\/wp-json\/wp\/v2\/pages"}],"about":[{"href":"https:\/\/agripedia.ch\/strategidea\/wp-json\/wp\/v2\/types\/page"}],"author":[{"embeddable":true,"href":"https:\/\/agripedia.ch\/strategidea\/wp-json\/wp\/v2\/users\/279"}],"replies":[{"embeddable":true,"href":"https:\/\/agripedia.ch\/strategidea\/wp-json\/wp\/v2\/comments?post=6229"}],"version-history":[{"count":12,"href":"https:\/\/agripedia.ch\/strategidea\/wp-json\/wp\/v2\/pages\/6229\/revisions"}],"predecessor-version":[{"id":6565,"href":"https:\/\/agripedia.ch\/strategidea\/wp-json\/wp\/v2\/pages\/6229\/revisions\/6565"}],"up":[{"embeddable":true,"href":"https:\/\/agripedia.ch\/strategidea\/wp-json\/wp\/v2\/pages\/6204"}],"wp:attachment":[{"href":"https:\/\/agripedia.ch\/strategidea\/wp-json\/wp\/v2\/media?parent=6229"}],"curies":[{"name":"wp","href":"https:\/\/api.w.org\/{rel}","templated":true}]}}