{"id":6218,"date":"2024-08-22T15:48:25","date_gmt":"2024-08-22T15:48:25","guid":{"rendered":"https:\/\/agripedia.ch\/strategidea\/?page_id=6218"},"modified":"2024-11-11T14:00:25","modified_gmt":"2024-11-11T14:00:25","slug":"caracteristiques-dun-pilotage-strategique-chemin-faisant","status":"publish","type":"page","link":"https:\/\/agripedia.ch\/strategidea\/le-pilotage-strategique\/un-pilotage-strategique-chemin-faisant-bases-conceptuelles\/caracteristiques-dun-pilotage-strategique-chemin-faisant\/","title":{"rendered":"&#8211;Caract\u00e9ristiques d\u2019un pilotage strat\u00e9gique \u00ab chemin faisant \u00bb"},"content":{"rendered":"<div class=\"fusion-fullwidth fullwidth-box fusion-builder-row-1 nonhundred-percent-fullwidth non-hundred-percent-height-scrolling\" style=\"--awb-border-radius-top-left:0px;--awb-border-radius-top-right:0px;--awb-border-radius-bottom-right:0px;--awb-border-radius-bottom-left:0px;--awb-flex-wrap:wrap;\" ><div class=\"fusion-builder-row fusion-row\"><div class=\"fusion-layout-column fusion_builder_column fusion-builder-column-0 fusion_builder_column_1_1 1_1 fusion-one-full fusion-column-first fusion-column-last\" style=\"--awb-bg-size:cover;--awb-margin-bottom:0px;\"><div class=\"fusion-column-wrapper fusion-flex-column-wrapper-legacy\"><div class=\"fusion-text fusion-text-1\"><h3><img decoding=\"async\" class=\"alignnone wp-image-1490\" src=\"https:\/\/agripedia.ch\/strategidea\/wp-content\/uploads\/sites\/7\/2019\/02\/Index_6_Analyse-interne.png\" alt=\"\" width=\"50\" height=\"50\" srcset=\"https:\/\/agripedia.ch\/strategidea\/wp-content\/uploads\/sites\/7\/2019\/02\/Index_6_Analyse-interne-66x66.png 66w, https:\/\/agripedia.ch\/strategidea\/wp-content\/uploads\/sites\/7\/2019\/02\/Index_6_Analyse-interne-150x150.png 150w, https:\/\/agripedia.ch\/strategidea\/wp-content\/uploads\/sites\/7\/2019\/02\/Index_6_Analyse-interne-200x199.png 200w, https:\/\/agripedia.ch\/strategidea\/wp-content\/uploads\/sites\/7\/2019\/02\/Index_6_Analyse-interne-300x300.png 300w, https:\/\/agripedia.ch\/strategidea\/wp-content\/uploads\/sites\/7\/2019\/02\/Index_6_Analyse-interne.png 354w\" sizes=\"(max-width: 50px) 100vw, 50px\" \/> Caract\u00e9ristiques d\u2019un pilotage strat\u00e9gique \u00ab chemin faisant \u00bb<\/h3>\n<blockquote>\n<p>Les activit\u00e9s concr\u00e8tes d\u2019un pilotage strat\u00e9gique \u00ab chemin faisant \u00bb s\u2019inscrivent dans la dur\u00e9e, en compl\u00e9ment des activit\u00e9s du pilotage courant de l\u2019entreprise ou de mise en \u0153uvre d\u2019un projet d\u00e9fini. Il s\u2019agit d\u2019identifier les nouvelles opportunit\u00e9s, les nouvelles contraintes, de suivre les \u00e9volutions, et d\u2019en tirer les cons\u00e9quences par l\u2019inflexion du \u00ab plan d\u2019action \u00bb en cours, des adaptations, de nouvelles \u00e9tudes cas \u00e9ch\u00e9ant, voire une \u00ab nouvelle strat\u00e9gie \u00bb (Michaud & Guichard, 1994).<\/p>\n<\/blockquote>\n<\/div><div class=\"fusion-clearfix\"><\/div><\/div><\/div><div class=\"fusion-layout-column fusion_builder_column fusion-builder-column-1 fusion_builder_column_1_2 1_2 fusion-one-half fusion-column-first\" style=\"--awb-bg-size:cover;width:50%;width:calc(50% - ( ( 4% ) * 0.5 ) );margin-right: 4%;\"><div class=\"fusion-column-wrapper fusion-flex-column-wrapper-legacy\"><div class=\"fusion-text fusion-text-2\"><p>Plus fondamentalement, il s\u2019agit de \u00ab\u00a0<strong>combiner d\u00e9lib\u00e9r\u00e9 et \u00e9mergent\u00a0<\/strong>\u00bb\u00a0(Avenier, 1999). R\u00e9flexion et pilotage strat\u00e9giques sont par nature des processus, et ils sont caract\u00e9ris\u00e9s par d<strong>es allers-retours entre une pens\u00e9e rationnelle et analytique et une pens\u00e9e empirique et heuristique<\/strong>. Ainsi, dans le domaine strat\u00e9gique, les relations entre r\u00e9flexion-analyse, d\u00e9cision et action sont des relations r\u00e9cursives et non s\u00e9quentielles. (cf partie intuition strat\u00e9gique)<\/p>\n<\/div><div class=\"fusion-clearfix\"><\/div><\/div><\/div><div class=\"fusion-layout-column fusion_builder_column fusion-builder-column-2 fusion_builder_column_1_2 1_2 fusion-one-half fusion-column-last\" style=\"--awb-bg-size:cover;width:50%;width:calc(50% - ( ( 4% ) * 0.5 ) );\"><div class=\"fusion-column-wrapper fusion-flex-column-wrapper-legacy\"><div class=\"fusion-text fusion-text-3\"><h6>LES RELATIONS ENTRE R\u00c9FLEXION D\u00c9CISION ET ACTION<\/h6>\n<p><span style=\"color: #ffffff\">_<\/span><\/p>\n<p><img decoding=\"async\" class=\"alignnone wp-image-6268 size-full\" src=\"https:\/\/agripedia.ch\/strategidea\/wp-content\/uploads\/sites\/7\/2024\/08\/14-1-2-triangle.png\" alt=\"\" width=\"921\" height=\"345\" srcset=\"https:\/\/agripedia.ch\/strategidea\/wp-content\/uploads\/sites\/7\/2024\/08\/14-1-2-triangle-200x75.png 200w, https:\/\/agripedia.ch\/strategidea\/wp-content\/uploads\/sites\/7\/2024\/08\/14-1-2-triangle-300x112.png 300w, https:\/\/agripedia.ch\/strategidea\/wp-content\/uploads\/sites\/7\/2024\/08\/14-1-2-triangle-400x150.png 400w, https:\/\/agripedia.ch\/strategidea\/wp-content\/uploads\/sites\/7\/2024\/08\/14-1-2-triangle-600x225.png 600w, https:\/\/agripedia.ch\/strategidea\/wp-content\/uploads\/sites\/7\/2024\/08\/14-1-2-triangle-768x288.png 768w, https:\/\/agripedia.ch\/strategidea\/wp-content\/uploads\/sites\/7\/2024\/08\/14-1-2-triangle-800x300.png 800w, https:\/\/agripedia.ch\/strategidea\/wp-content\/uploads\/sites\/7\/2024\/08\/14-1-2-triangle.png 921w\" sizes=\"(max-width: 921px) 100vw, 921px\" \/><\/p>\n<p>Torset (2005)<\/p>\n<\/div><div class=\"fusion-clearfix\"><\/div><\/div><\/div><div class=\"fusion-layout-column fusion_builder_column fusion-builder-column-3 fusion_builder_column_1_2 1_2 fusion-one-half fusion-column-first\" style=\"--awb-bg-size:cover;width:50%;width:calc(50% - ( ( 4% ) * 0.5 ) );margin-right: 4%;\"><div class=\"fusion-column-wrapper fusion-flex-column-wrapper-legacy\"><div class=\"fusion-text fusion-text-4\"><h6>ENRICHISSEMENT R\u00c9CIPROQUE DU PASSE DU PR\u00c9SENT ET DU FUTUR<\/h6>\n<p><span style=\"color: #ffffff\">_<\/span><\/p>\n<p><img decoding=\"async\" class=\"alignnone wp-image-6266 \" src=\"https:\/\/agripedia.ch\/strategidea\/wp-content\/uploads\/sites\/7\/2024\/08\/14-1-2-present-passe-futur.png\" alt=\"\" width=\"569\" height=\"198\" srcset=\"https:\/\/agripedia.ch\/strategidea\/wp-content\/uploads\/sites\/7\/2024\/08\/14-1-2-present-passe-futur-200x70.png 200w, https:\/\/agripedia.ch\/strategidea\/wp-content\/uploads\/sites\/7\/2024\/08\/14-1-2-present-passe-futur-300x104.png 300w, https:\/\/agripedia.ch\/strategidea\/wp-content\/uploads\/sites\/7\/2024\/08\/14-1-2-present-passe-futur-400x139.png 400w, https:\/\/agripedia.ch\/strategidea\/wp-content\/uploads\/sites\/7\/2024\/08\/14-1-2-present-passe-futur-600x209.png 600w, https:\/\/agripedia.ch\/strategidea\/wp-content\/uploads\/sites\/7\/2024\/08\/14-1-2-present-passe-futur-768x267.png 768w, https:\/\/agripedia.ch\/strategidea\/wp-content\/uploads\/sites\/7\/2024\/08\/14-1-2-present-passe-futur.png 773w\" sizes=\"(max-width: 569px) 100vw, 569px\" \/><\/p>\n<p>\u200b\u200b (Michaud & Guichard, 1994)\u200b<\/p>\n<\/div><div class=\"fusion-clearfix\"><\/div><\/div><\/div><div class=\"fusion-layout-column fusion_builder_column fusion-builder-column-4 fusion_builder_column_1_2 1_2 fusion-one-half fusion-column-last\" style=\"--awb-bg-size:cover;width:50%;width:calc(50% - ( ( 4% ) * 0.5 ) );\"><div class=\"fusion-column-wrapper fusion-flex-column-wrapper-legacy\"><div class=\"fusion-text fusion-text-5\"><p>Dans ces relations r\u00e9cursives il y a compl\u00e9mentarit\u00e9 entre le d\u00e9lib\u00e9r\u00e9 (orient\u00e9 vers le long terme et volontariste) et la cr\u00e9ativit\u00e9, l\u2019intuition, l\u2019\u00e9mergence, l\u2019exploration\u00a0(Torset, 2005). <strong>Il y a continuit\u00e9 entre formulation et mise en \u0153uvre de la strat\u00e9gie, au travers de l\u2019exercice quotidien de la d\u00e9cision strat\u00e9gique, fait de n\u00e9gociations et d\u2019adaptations<\/strong>\u00a0(Dameron & Torset, 2012). C\u2019est la mise en \u0153uvre d\u2019une pens\u00e9e des allers-retours entre p\u00f4les antagonistes et compl\u00e9mentaires\u00a0(Martinet, 1993). Par exemple\u00a0: entre la libert\u00e9 de l\u2019agriculteur entrepreneur et la contrainte de s\u2019adapter au cadre l\u00e9gislatif auquel il est soumis.<br \/>\nCette pens\u00e9e flexible, apte au discernement et \u00e0 l\u2019ouverture est la condition d\u2019un apprentissage strat\u00e9gique par <strong>des va et vient entre vision et action strat\u00e9gique.<\/strong> Elle conduit \u00e0 un enrichissement r\u00e9ciproque du pass\u00e9, du pr\u00e9sent et du futur (\u00ab\u00a0le chef d\u2019entreprise doit consid\u00e9rer l\u2019entreprise dans sa trajectoire, r\u00e9sultant de son pass\u00e9 et des anticipations, tout en sachant que seul le pr\u00e9sent est r\u00e9el\u00a0\u00bb\u00a0(Michaud & Guichard, 1994)).<\/p>\n<\/div><div class=\"fusion-clearfix\"><\/div><\/div><\/div><div class=\"fusion-layout-column fusion_builder_column fusion-builder-column-5 fusion_builder_column_1_1 1_1 fusion-one-full fusion-column-first fusion-column-last\" style=\"--awb-bg-size:cover;\"><div class=\"fusion-column-wrapper fusion-flex-column-wrapper-legacy\"><div class=\"fusion-text fusion-text-6\"><blockquote>\n<p>\u00ab\u00a0L\u2019action et le comportement strat\u00e9gique ne peuvent \u00eatre conquis qu\u2019en faisant l\u2019exp\u00e9rience de la complexit\u00e9\u00a0\u00bb\u00a0(Martinet, 1993).<\/p>\n<\/blockquote>\n<p>Voir aussi <a href=\"https:\/\/agripedia.ch\/strategidea\/lintuition-strategique\/apprehender-la-complexite\/\">https:\/\/agripedia.ch\/strategidea\/lintuition-strategique\/apprehender-la-complexite\/<\/a><\/p>\n<\/div><div class=\"fusion-clearfix\"><\/div><\/div><\/div><div class=\"fusion-layout-column fusion_builder_column fusion-builder-column-6 fusion_builder_column_1_1 1_1 fusion-one-full fusion-column-first fusion-column-last\" style=\"--awb-bg-size:cover;\"><div class=\"fusion-column-wrapper fusion-flex-column-wrapper-legacy\"><div class=\"fusion-section-separator section-separator clouds fusion-section-separator-1\" style=\"--awb-spacer-height:99px;--awb-svg-margin-left:0;--awb-svg-margin-right:0;--awb-divider-height:99px;--awb-spacer-padding-top:inherit;--awb-sep-padding:0;--awb-svg-padding:0;\"><div class=\"fusion-section-separator-svg\"><svg class=\"fusion-clouds-candy\" xmlns=\"http:\/\/www.w3.org\/2000\/svg\" version=\"1.1\" width=\"100%\" height=\"100\" viewBox=\"0 0 100 100\" preserveAspectRatio=\"none\" fill=\"rgba(246,246,246,1)\"><path d=\"M-5 100 Q 0 20 5 100 Z\"><\/path>\n\t\t\t\t\t\t\t\t<path d=\"M0 100 Q 5 0 10 100\"><\/path>\n\t\t\t\t\t\t\t\t<path d=\"M5 100 Q 10 30 15 100\"><\/path>\n\t\t\t\t\t\t\t\t<path d=\"M10 100 Q 15 10 20 100\"><\/path>\n\t\t\t\t\t\t\t\t<path d=\"M15 100 Q 20 30 25 100\"><\/path>\n\t\t\t\t\t\t\t\t<path d=\"M20 100 Q 25 -10 30 100\"><\/path>\n\t\t\t\t\t\t\t\t<path d=\"M25 100 Q 30 10 35 100\"><\/path>\n\t\t\t\t\t\t\t\t<path d=\"M30 100 Q 35 30 40 100\"><\/path>\n\t\t\t\t\t\t\t\t<path d=\"M35 100 Q 40 10 45 100\"><\/path>\n\t\t\t\t\t\t\t\t<path d=\"M40 100 Q 45 50 50 100\"><\/path>\n\t\t\t\t\t\t\t\t<path d=\"M45 100 Q 50 20 55 100\"><\/path>\n\t\t\t\t\t\t\t\t<path d=\"M50 100 Q 55 40 60 100\"><\/path>\n\t\t\t\t\t\t\t\t<path d=\"M55 100 Q 60 60 65 100\"><\/path>\n\t\t\t\t\t\t\t\t<path d=\"M60 100 Q 65 50 70 100\"><\/path>\n\t\t\t\t\t\t\t\t<path d=\"M65 100 Q 70 20 75 100\"><\/path>\n\t\t\t\t\t\t\t\t<path d=\"M70 100 Q 75 45 80 100\"><\/path>\n\t\t\t\t\t\t\t\t<path d=\"M75 100 Q 80 30 85 100\"><\/path>\n\t\t\t\t\t\t\t\t<path d=\"M80 100 Q 85 20 90 100\"><\/path>\n\t\t\t\t\t\t\t\t<path d=\"M85 100 Q 90 50 95 100\"><\/path>\n\t\t\t\t\t\t\t\t<path d=\"M90 100 Q 95 25 100 100\"><\/path>\n\t\t\t\t\t\t\t\t<path d=\"M95 100 Q 100 15 105 100 Z\"><\/path><\/svg><\/div><div class=\"fusion-section-separator-spacer\"><div class=\"fusion-section-separator-spacer-height\"><\/div><\/div><\/div><div class=\"fusion-clearfix\"><\/div><\/div><\/div><div class=\"fusion-layout-column fusion_builder_column fusion-builder-column-7 fusion_builder_column_1_3 1_3 fusion-one-third fusion-column-first\" style=\"--awb-bg-size:cover;width:33.333333333333%;width:calc(33.333333333333% - ( ( 4% + 4% ) * 0.33333333333333 ) );margin-right: 4%;\"><div class=\"fusion-column-wrapper fusion-flex-column-wrapper-legacy\"><div class=\"fusion-clearfix\"><\/div><\/div><\/div><div class=\"fusion-layout-column fusion_builder_column fusion-builder-column-8 fusion_builder_column_1_3 1_3 fusion-one-third\" style=\"--awb-bg-size:cover;width:33.333333333333%;width:calc(33.333333333333% - ( ( 4% + 4% ) * 0.33333333333333 ) );margin-right: 4%;\"><div class=\"fusion-column-wrapper fusion-flex-column-wrapper-legacy\"><div class=\"fusion-clearfix\"><\/div><\/div><\/div><div class=\"fusion-layout-column fusion_builder_column fusion-builder-column-9 fusion_builder_column_1_3 1_3 fusion-one-third fusion-column-last\" style=\"--awb-bg-size:cover;width:33.333333333333%;width:calc(33.333333333333% - ( ( 4% + 4% ) * 0.33333333333333 ) );\"><div class=\"fusion-column-wrapper fusion-flex-column-wrapper-legacy\"><div class=\"fusion-button-wrapper\"><a class=\"fusion-button button-flat fusion-button-default-size button-default fusion-button-default button-1 fusion-button-default-span fusion-button-default-type\" style=\"--button-border-radius-top-left:0;--button-border-radius-top-right:0;--button-border-radius-bottom-right:0;--button-border-radius-bottom-left:0;\" target=\"_self\" href=\"https:\/\/agripedia.ch\/strategidea\/le-pilotage-strategique\/pilotage-strategique-demarche-concrete-et-outils\/\"><span class=\"fusion-button-text awb-button__text awb-button__text--default fusion-button-text-right\">D\u00e9marche concr\u00e8te et outils<\/span><span class=\"fusion-button-icon-divider button-icon-divider-right\"><i class=\"fa-file-import fas awb-button__icon awb-button__icon--default\" aria-hidden=\"true\"><\/i><\/span><\/a><\/div><div class=\"fusion-clearfix\"><\/div><\/div><\/div><\/div><\/div>\n","protected":false},"excerpt":{"rendered":"","protected":false},"author":279,"featured_media":0,"parent":6201,"menu_order":2,"comment_status":"closed","ping_status":"closed","template":"100-width.php","meta":{"_sb_is_suggestion_mode":false,"_sb_show_suggestion_boards":false,"_sb_show_comment_boards":false,"_sb_suggestion_history":"","_sb_update_block_changes":"","_monsterinsights_skip_tracking":false,"_monsterinsights_sitenote_active":false,"_monsterinsights_sitenote_note":"","_monsterinsights_sitenote_category":0,"footnotes":""},"class_list":["post-6218","page","type-page","status-publish","hentry"],"_links":{"self":[{"href":"https:\/\/agripedia.ch\/strategidea\/wp-json\/wp\/v2\/pages\/6218","targetHints":{"allow":["GET"]}}],"collection":[{"href":"https:\/\/agripedia.ch\/strategidea\/wp-json\/wp\/v2\/pages"}],"about":[{"href":"https:\/\/agripedia.ch\/strategidea\/wp-json\/wp\/v2\/types\/page"}],"author":[{"embeddable":true,"href":"https:\/\/agripedia.ch\/strategidea\/wp-json\/wp\/v2\/users\/279"}],"replies":[{"embeddable":true,"href":"https:\/\/agripedia.ch\/strategidea\/wp-json\/wp\/v2\/comments?post=6218"}],"version-history":[{"count":7,"href":"https:\/\/agripedia.ch\/strategidea\/wp-json\/wp\/v2\/pages\/6218\/revisions"}],"predecessor-version":[{"id":6560,"href":"https:\/\/agripedia.ch\/strategidea\/wp-json\/wp\/v2\/pages\/6218\/revisions\/6560"}],"up":[{"embeddable":true,"href":"https:\/\/agripedia.ch\/strategidea\/wp-json\/wp\/v2\/pages\/6201"}],"wp:attachment":[{"href":"https:\/\/agripedia.ch\/strategidea\/wp-json\/wp\/v2\/media?parent=6218"}],"curies":[{"name":"wp","href":"https:\/\/api.w.org\/{rel}","templated":true}]}}