{"id":5480,"date":"2022-05-12T05:36:51","date_gmt":"2022-05-12T05:36:51","guid":{"rendered":"https:\/\/agripedia.ch\/strategidea\/?page_id=5480"},"modified":"2026-01-19T16:15:51","modified_gmt":"2026-01-19T16:15:51","slug":"accompagnement-de-projets-de-remise-dexploitation-et-dinstallation","status":"publish","type":"page","link":"https:\/\/agripedia.ch\/strategidea\/situation-de-conseil\/accompagnement-de-projets-de-remise-dexploitation-et-dinstallation\/","title":{"rendered":"Accompagnement de projets de remise d\u2019exploitation et d\u2019installation"},"content":{"rendered":"<p><div class=\"fusion-fullwidth fullwidth-box fusion-builder-row-1 fusion-flex-container nonhundred-percent-fullwidth non-hundred-percent-height-scrolling\" style=\"--awb-border-radius-top-left:0px;--awb-border-radius-top-right:0px;--awb-border-radius-bottom-right:0px;--awb-border-radius-bottom-left:0px;--awb-flex-wrap:wrap;\" ><div class=\"fusion-builder-row fusion-row fusion-flex-align-items-flex-start fusion-flex-content-wrap\" style=\"max-width:1144px;margin-left: calc(-4% \/ 2 );margin-right: calc(-4% \/ 2 );\"><div class=\"fusion-layout-column fusion_builder_column fusion-builder-column-0 fusion_builder_column_1_1 1_1 fusion-flex-column\" style=\"--awb-bg-size:cover;--awb-width-large:100%;--awb-margin-top-large:0px;--awb-spacing-right-large:1.92%;--awb-margin-bottom-large:20px;--awb-spacing-left-large:1.92%;--awb-width-medium:100%;--awb-order-medium:0;--awb-spacing-right-medium:1.92%;--awb-spacing-left-medium:1.92%;--awb-width-small:100%;--awb-order-small:0;--awb-spacing-right-small:1.92%;--awb-spacing-left-small:1.92%;\"><div class=\"fusion-column-wrapper fusion-column-has-shadow fusion-flex-justify-content-flex-start fusion-content-layout-column\"><div class=\"fusion-title title fusion-title-1 fusion-sep-none fusion-title-text fusion-title-size-one\"><h1 class=\"fusion-title-heading title-heading-left fusion-responsive-typography-calculated\" style=\"margin:0;--fontSize:60;line-height:1.4;\">Accompagnement de projets de remise d\u2019exploitation et d\u2019installation<\/h1><\/div><\/div><\/div><\/div><\/div><div class=\"fusion-fullwidth fullwidth-box fusion-builder-row-2 fusion-flex-container nonhundred-percent-fullwidth non-hundred-percent-height-scrolling\" style=\"--awb-border-radius-top-left:0px;--awb-border-radius-top-right:0px;--awb-border-radius-bottom-right:0px;--awb-border-radius-bottom-left:0px;--awb-flex-wrap:wrap;\" id=\"investigations-prealables\" ><div class=\"fusion-builder-row fusion-row fusion-flex-align-items-flex-start fusion-flex-content-wrap\" style=\"max-width:1144px;margin-left: calc(-4% \/ 2 );margin-right: calc(-4% \/ 2 );\"><div class=\"fusion-layout-column fusion_builder_column fusion-builder-column-1 fusion_builder_column_1_1 1_1 fusion-flex-column\" style=\"--awb-bg-size:cover;--awb-width-large:100%;--awb-margin-top-large:0px;--awb-spacing-right-large:1.92%;--awb-margin-bottom-large:20px;--awb-spacing-left-large:1.92%;--awb-width-medium:100%;--awb-order-medium:0;--awb-spacing-right-medium:1.92%;--awb-spacing-left-medium:1.92%;--awb-width-small:100%;--awb-order-small:0;--awb-spacing-right-small:1.92%;--awb-spacing-left-small:1.92%;\"><div class=\"fusion-column-wrapper fusion-column-has-shadow fusion-flex-justify-content-flex-start fusion-content-layout-column\"><\/div><\/div><\/div><\/div><div class=\"fusion-fullwidth fullwidth-box fusion-builder-row-3 fusion-flex-container has-pattern-background has-mask-background nonhundred-percent-fullwidth non-hundred-percent-height-scrolling\" style=\"--awb-border-radius-top-left:0px;--awb-border-radius-top-right:0px;--awb-border-radius-bottom-right:0px;--awb-border-radius-bottom-left:0px;--awb-flex-wrap:wrap;\" ><div class=\"fusion-builder-row fusion-row fusion-flex-align-items-flex-start fusion-flex-content-wrap\" style=\"max-width:1144px;margin-left: calc(-4% \/ 2 );margin-right: calc(-4% \/ 2 );\"><div class=\"fusion-layout-column fusion_builder_column fusion-builder-column-2 fusion_builder_column_1_1 1_1 fusion-flex-column\" style=\"--awb-bg-size:cover;--awb-width-large:100%;--awb-margin-top-large:0px;--awb-spacing-right-large:1.92%;--awb-margin-bottom-large:20px;--awb-spacing-left-large:1.92%;--awb-width-medium:100%;--awb-order-medium:0;--awb-spacing-right-medium:1.92%;--awb-spacing-left-medium:1.92%;--awb-width-small:100%;--awb-order-small:0;--awb-spacing-right-small:1.92%;--awb-spacing-left-small:1.92%;\"><div class=\"fusion-column-wrapper fusion-column-has-shadow fusion-flex-justify-content-flex-start fusion-content-layout-column\"><div class=\"fusion-text fusion-text-1\"><p><strong>Vous trouverez sur cette page une s\u00e9lection d\u2019outils pour soutenir la r\u00e9flexion strat\u00e9gique individuelle et collective lors de l\u2019accompagnement de projets de remise d\u2019exploitation et d\u2019installation. Ils sont concentr\u00e9s sur les trois domaines suivants : les investigations pr\u00e9alables, les composantes de la strat\u00e9gie, les perspectives et la prospective.<\/strong><\/p>\n<\/div><div class=\"fusion-section-separator section-separator paint fusion-section-separator-1\" style=\"--awb-spacer-height:80px;--awb-svg-margin-left:1.92%;--awb-svg-margin-right:1.92%;--awb-svg-margin-left-medium:1.92%;--awb-svg-margin-right-medium:1.92%;--awb-svg-margin-left-small:1.92%;--awb-svg-margin-right-small:1.92%;--awb-bg-size:100% 100%;--awb-bg-size-medium:100% 100%;--awb-bg-size-small:100% 100%;\"><div class=\"fusion-section-separator-svg\"><div class=\"fusion-paint-candy-sep fusion-section-separator-svg-bg\" style=\"background-image:url( data:image\/svg+xml;utf8,%3Csvg%20xmlns%3D%22http%3A%2F%2Fwww.w3.org%2F2000%2Fsvg%22%20version%3D%221.1%22%20width%3D%22100%25%22%20viewBox%3D%220%200%201803%2080%22%20preserveAspectRatio%3D%22none%22%20fill%3D%22rgba%28246%2C246%2C246%2C1%29%22%3E%3Cpath%20fill-rule%3D%22evenodd%22%20clip-rule%3D%22evenodd%22%20d%3D%22M0%2080H1803V26C1784.41%2025.8996%201762.68%209.75718%201738.97%209.57099C1693.26%207.04734%201626.64%205%201620%205C1613.36%205%201618.69%206.38627%201635.43%208.57938C1519.69%207.26321%201396.35%205.10623%201357.8%202.00005C1283.33%20-3.99995%20628.99%2011.0001%20613.147%2019.0001C611.092%2020.0374%20598.481%2019.7347%20581.75%2019.333C565.698%2018.9477%20545.856%2018.4714%20527.905%2019.0001C484.229%2017.4357%20343.332%2026.7%20339%2027.5C335.893%2028.0739%20354.583%2028.5402%20379.722%2029.1674C389.625%2029.4145%20400.529%2029.6866%20411.495%2030C300.112%2032.3341%20233.922%2025.2149%20204.382%2019.0001C170.16%2011.8001%2053.8682%2019.3334%200%2026.0001V80ZM931.932%2015C986.631%2011.7818%201105.82%206.01373%201144.97%208.68733C1158.02%209.57804%201148.42%209.68297%201126.58%209.92161C1113.52%2010.0644%201096.09%2010.255%201076.5%2010.6902C1056.27%2011.1397%201033.75%2011.9388%201011.4%2012.7321C982.962%2013.7411%20954.791%2014.7408%20931.932%2015Z%22%20fill%3D%22%23f6f6f6%22%2F%3E%3C%2Fsvg%3E );height:80px;\"><\/div><\/div><div class=\"fusion-section-separator-spacer\"><div class=\"fusion-section-separator-spacer-height\"><\/div><\/div><\/div><div class=\"fusion-text fusion-text-2\"><p><span style=\"color: #ffffff;\">.<\/span><\/p>\n<\/div><div class=\"fusion-content-boxes content-boxes columns row fusion-columns-1 fusion-columns-total-8 fusion-content-boxes-1 content-boxes-icon-with-title content-left\" style=\"--awb-hover-accent-color:#e10707;--awb-circle-hover-accent-color:#e10707;--awb-item-margin-bottom:40px;\" data-animationOffset=\"top-into-view\"><div style=\"--awb-backgroundcolor:#fff2f2;\" class=\"fusion-column content-box-column content-box-column content-box-column-1 col-lg-12 col-md-12 col-sm-12 fusion-content-box-hover content-box-column-last-in-row\"><div class=\"col content-box-wrapper content-wrapper-background link-area-link-icon icon-hover-animation-fade\" data-animationOffset=\"top-into-view\"><div class=\"heading heading-with-icon icon-left\"><div class=\"icon\"><i style=\"border-color:#333333;border-width:1px;background-color:#333333;box-sizing:content-box;height:42px;width:42px;line-height:42px;border-radius:50%;font-size:21px;\" aria-hidden=\"true\" class=\"fontawesome-icon fa-wrench fas circle-yes\"><\/i><\/div><h2 class=\"content-box-heading fusion-responsive-typography-calculated\" style=\"--h2_typography-font-size:18px;--fontSize:18;line-height:1.5;\">Inventaire des \u00e9v\u00e8nements pass\u00e9s qui engagent le pr\u00e9sent<\/h2><\/div><div class=\"fusion-clearfix\"><\/div><div class=\"content-container\">\n<p>DOMAINE 1- <a href=\"https:\/\/agripedia.ch\/strategidea\/les-investigations-prealables\/lhistoire-de-lentreprise-et-de-la-famille\/\" target=\"_blank\" rel=\"noopener\">Les investigations pr\u00e9alables<\/a><\/p>\n<p><strong>Description :<\/strong> les retours sur les \u00e9v\u00e9nements, les exp\u00e9riences et les d\u00e9cisions pass\u00e9es am\u00e9liorent la compr\u00e9hension de la situation actuelle.<\/p>\n<p><strong>Utilisable par :<\/strong> l\u2019accompagnant, les accompagn\u00e9s.<\/p>\n<p><a href=\"https:\/\/agripedia.ch\/strategidea?leaky-paywall-media-download=1036\" target=\"_blank\" rel=\"noopener\">Voir le document<\/a><\/p>\n<\/div><\/div><\/div><div style=\"--awb-backgroundcolor:#fff2f2;\" class=\"fusion-column content-box-column content-box-column content-box-column-2 col-lg-12 col-md-12 col-sm-12 fusion-content-box-hover content-box-column-last-in-row\"><div class=\"col content-box-wrapper content-wrapper-background link-area-link-icon icon-hover-animation-fade\" data-animationOffset=\"top-into-view\"><div class=\"heading heading-with-icon icon-left\"><div class=\"icon\"><i style=\"border-color:#333333;border-width:1px;background-color:#333333;box-sizing:content-box;height:42px;width:42px;line-height:42px;border-radius:50%;font-size:21px;\" aria-hidden=\"true\" class=\"fontawesome-icon fa-wrench fas circle-yes\"><\/i><\/div><h2 class=\"content-box-heading fusion-responsive-typography-calculated\" style=\"--h2_typography-font-size:18px;--fontSize:18;line-height:1.5;\">Matrice SEPO, appr\u00e9ciation des Succ\u00e8s, Echecs, Potentialit\u00e9s et Obstacles<\/h2><\/div><div class=\"fusion-clearfix\"><\/div><div class=\"content-container\">\n<p>DOMAINE 1- <a href=\"https:\/\/agripedia.ch\/strategidea\/les-investigations-prealables\/lhistoire-de-lentreprise-et-de-la-famille\/\" target=\"_blank\" rel=\"noopener\">Les investigations pr\u00e9alables<\/a><\/p>\n<p><strong>Description :<\/strong> la matrice SEPO est un instrument d\u2019auto-\u00e9valuation avec une dimension temporelle (pass\u00e9e, future) et une dimension \u00e9valuative (positive, n\u00e9gative). C\u2019est un instrument particuli\u00e8rement adapt\u00e9 aux investigations pr\u00e9alables \u00e0 la r\u00e9flexion strat\u00e9gique, car elle aide \u00e0 apprendre du pass\u00e9 pour anticiper l\u2019avenir. La matrice SEPO peut s\u2019utiliser dans plusieurs situations : support de r\u00e9flexion individuelle ou collective, instrument de partage ou de synth\u00e8se, etc.<\/p>\n<p><strong>Utilisable par :<\/strong> l\u2019accompagnant, les accompagn\u00e9s.<\/p>\n<p><a href=\"https:\/\/agripedia.ch\/strategidea?leaky-paywall-media-download=1042\" target=\"_blank\" rel=\"noopener\">Voir le document<\/a><\/p>\n<\/div><\/div><\/div><div style=\"--awb-backgroundcolor:#fff2f2;\" class=\"fusion-column content-box-column content-box-column content-box-column-3 col-lg-12 col-md-12 col-sm-12 fusion-content-box-hover content-box-column-last-in-row\"><div class=\"col content-box-wrapper content-wrapper-background link-area-link-icon icon-hover-animation-fade\" data-animationOffset=\"top-into-view\"><div class=\"heading heading-with-icon icon-left\"><div class=\"icon\"><i style=\"border-color:#333333;border-width:1px;background-color:#333333;box-sizing:content-box;height:42px;width:42px;line-height:42px;border-radius:50%;font-size:21px;\" aria-hidden=\"true\" class=\"fontawesome-icon fa-wrench fas circle-yes\"><\/i><\/div><h2 class=\"content-box-heading fusion-responsive-typography-calculated\" style=\"--h2_typography-font-size:18px;--fontSize:18;line-height:1.5;\">D\u00e9velopper une vision commune en quatre \u00e9tapes<\/h2><\/div><div class=\"fusion-clearfix\"><\/div><div class=\"content-container\">\n<p>DOMAINE 2- <a href=\"https:\/\/agripedia.ch\/strategidea\/les-composantes-de-la-strategie\/la-vision\/\" target=\"_blank\" rel=\"noopener\">Les composantes de la strat\u00e9gie<\/a><\/p>\n<p><strong>Description :<\/strong> chaque personne impliqu\u00e9e sur l\u2019entreprise agricole (membres de la fa-mille, partenaires, associ\u00e9s, collaborateurs,\u2026) imagine d\u2019une fa\u00e7on ou d\u2019une autre l\u2019exploitation dans cinq, dix ans voir plus. Tous n\u2019ont pas la m\u00eame vision, mais plus ces visions seront voisines, plus l\u2019\u00e9quipe fonctionnera en harmonie. Le partage des visions de chacun est n\u00e9cessaire. Le consensus n\u2019est pas obligatoire mais il est profitable de d\u00e9velopper une vision commune \u00e0 laquelle tout le monde puisse se rallier.<\/p>\n<p><strong>Utilisable par :<\/strong> l\u2019accompagnant, les accompagn\u00e9s.<\/p>\n<p><a href=\"https:\/\/agripedia.ch\/strategidea?leaky-paywall-media-download=2168\" target=\"_blank\" rel=\"noopener\">Voir le document<\/a><\/p>\n<\/div><\/div><\/div><div style=\"--awb-backgroundcolor:#fff2f2;\" class=\"fusion-column content-box-column content-box-column content-box-column-4 col-lg-12 col-md-12 col-sm-12 fusion-content-box-hover content-box-column-last-in-row\"><div class=\"col content-box-wrapper content-wrapper-background link-area-link-icon icon-hover-animation-fade\" data-animationOffset=\"top-into-view\"><div class=\"heading heading-with-icon icon-left\"><div class=\"icon\"><i style=\"border-color:#333333;border-width:1px;background-color:#333333;box-sizing:content-box;height:42px;width:42px;line-height:42px;border-radius:50%;font-size:21px;\" aria-hidden=\"true\" class=\"fontawesome-icon fa-list-alt fas circle-yes\"><\/i><\/div><h2 class=\"content-box-heading fusion-responsive-typography-calculated\" style=\"--h2_typography-font-size:18px;--fontSize:18;line-height:1.5;\">Evaluer et tester sa vision d\u2019entreprise<\/h2><\/div><div class=\"fusion-clearfix\"><\/div><div class=\"content-container\">\n<p>DOMAINE 2- <a href=\"https:\/\/agripedia.ch\/strategidea\/les-composantes-de-la-strategie\/la-vision\/\" target=\"_blank\" rel=\"noopener\">Les composantes de la strat\u00e9gie<\/a><\/p>\n<p><strong>Description :<\/strong> \u00e9valuer et tester sa vision d\u2019entreprise.<\/p>\n<p><strong>Utilisable par :<\/strong> l\u2019accompagnant, les accompagn\u00e9s.<\/p>\n<p><a href=\"https:\/\/agripedia.ch\/strategidea?leaky-paywall-media-download=2168\" target=\"_blank\" rel=\"noopener\">Voir le document<\/a><\/p>\n<\/div><\/div><\/div><div style=\"--awb-backgroundcolor:#fff2f2;\" class=\"fusion-column content-box-column content-box-column content-box-column-5 col-lg-12 col-md-12 col-sm-12 fusion-content-box-hover content-box-column-last-in-row\"><div class=\"col content-box-wrapper content-wrapper-background link-area-link-icon icon-hover-animation-fade\" data-animationOffset=\"top-into-view\"><div class=\"heading heading-with-icon icon-left\"><div class=\"icon\"><i style=\"border-color:#333333;border-width:1px;background-color:#333333;box-sizing:content-box;height:42px;width:42px;line-height:42px;border-radius:50%;font-size:21px;\" aria-hidden=\"true\" class=\"fontawesome-icon fa-tools fas circle-yes\"><\/i><\/div><h2 class=\"content-box-heading fusion-responsive-typography-calculated\" style=\"--h2_typography-font-size:18px;--fontSize:18;line-height:1.5;\">Photo-langage agricole<\/h2><\/div><div class=\"fusion-clearfix\"><\/div><div class=\"content-container\">\n<p>DOMAINE 2- <a href=\"https:\/\/agripedia.ch\/strategidea\/les-composantes-de-la-strategie\/la-vision\/\" target=\"_blank\" rel=\"noopener\">Les composantes de la strat\u00e9gie<\/a><\/p>\n<p><strong>Description :<\/strong> ce kit de photo-langage agricole est un outil de facilitation visuelle compos\u00e9 d\u2019un livret m\u00e9thodologique et de 64 photographies. Il est con\u00e7u pour explorer en profondeur des questions li\u00e9es \u00e0 la strat\u00e9gie de l\u2019entreprise, au travail agricole, et plus g\u00e9n\u00e9ralement pour explorer la place des relations humaines au sein du syst\u00e8me entreprise-famille.<\/p>\n<p><strong>Utilisable par :<\/strong> l\u2019accompagnant.<\/p>\n<p><a href=\"https:\/\/agridea.abacuscity.ch\/fr\/A~3342~1\/3~310140~Shop\/Publications\/Entreprise-et-Famille\/Gestion-planification-comptabilit%C3%A9\/Photo-langage-agricole\/Fran%C3%A7ais\" target=\"_blank\" rel=\"noopener\">Voir le document<\/a><\/p>\n<\/div><\/div><\/div><div style=\"--awb-backgroundcolor:#fff2f2;\" class=\"fusion-column content-box-column content-box-column content-box-column-6 col-lg-12 col-md-12 col-sm-12 fusion-content-box-hover content-box-column-last-in-row\"><div class=\"col content-box-wrapper content-wrapper-background link-area-link-icon icon-hover-animation-fade\" data-animationOffset=\"top-into-view\"><div class=\"heading heading-with-icon icon-left\"><div class=\"icon\"><i style=\"border-color:#333333;border-width:1px;background-color:#333333;box-sizing:content-box;height:42px;width:42px;line-height:42px;border-radius:50%;font-size:21px;\" aria-hidden=\"true\" class=\"fontawesome-icon fa-wrench fas circle-yes\"><\/i><\/div><h2 class=\"content-box-heading fusion-responsive-typography-calculated\" style=\"--h2_typography-font-size:18px;--fontSize:18;line-height:1.5;\">La mission de mon (notre) en-treprise agricole<\/h2><\/div><div class=\"fusion-clearfix\"><\/div><div class=\"content-container\">\n<p>DOMAINE 2- <a href=\"https:\/\/agripedia.ch\/strategidea\/les-composantes-de-la-strategie\/la-mission\/\" target=\"_blank\" rel=\"noopener\">Les composantes de la strat\u00e9gie<\/a><\/p>\n<p><strong>Description :<\/strong> en r\u00e9pondant \u00e0 une s\u00e9rie de question, cet exercice a l\u2019objectif de vous pr\u00e9parer \u00e0 d\u00e9finir ou faire \u00e9voluer la mission de votre entreprise.<\/p>\n<p><strong>Utilisable par :<\/strong> l\u2019accompagnant, les accompagn\u00e9s.<\/p>\n<p><a href=\"https:\/\/agripedia.ch\/strategidea?leaky-paywall-media-download=1668\" target=\"_blank\" rel=\"noopener\">Voir le document<\/a><\/p>\n<\/div><\/div><\/div><div style=\"--awb-backgroundcolor:#fff2f2;\" class=\"fusion-column content-box-column content-box-column content-box-column-7 col-lg-12 col-md-12 col-sm-12 fusion-content-box-hover content-box-column-last-in-row\"><div class=\"col content-box-wrapper content-wrapper-background link-area-link-icon icon-hover-animation-fade\" data-animationOffset=\"top-into-view\"><div class=\"heading heading-with-icon icon-left\"><div class=\"icon\"><i style=\"border-color:#333333;border-width:1px;background-color:#333333;box-sizing:content-box;height:42px;width:42px;line-height:42px;border-radius:50%;font-size:21px;\" aria-hidden=\"true\" class=\"fontawesome-icon fa-wrench fas circle-yes\"><\/i><\/div><h2 class=\"content-box-heading fusion-responsive-typography-calculated\" style=\"--h2_typography-font-size:18px;--fontSize:18;line-height:1.5;\">La roue de la Mission<\/h2><\/div><div class=\"fusion-clearfix\"><\/div><div class=\"content-container\">\n<p>DOMAINE 2- <a href=\"https:\/\/agripedia.ch\/strategidea\/les-composantes-de-la-strategie\/la-mission\/\" target=\"_blank\" rel=\"noopener\">Les composantes de la strat\u00e9gie<\/a><\/p>\n<p><strong>Description :<\/strong> la mission \u00e0 la crois\u00e9e des comp\u00e9tences, des motivations et du march\u00e9.<\/p>\n<p><strong>Utilisable par :<\/strong> l\u2019accompagnant, les accompagn\u00e9s.<\/p>\n<p><a href=\"https:\/\/agripedia.ch\/strategidea?leaky-paywall-media-download=1091\" target=\"_blank\" rel=\"noopener\">Voir le document<\/a><\/p>\n<\/div><\/div><\/div><div style=\"--awb-backgroundcolor:#fff2f2;\" class=\"fusion-column content-box-column content-box-column content-box-column-8 col-lg-12 col-md-12 col-sm-12 fusion-content-box-hover content-box-column-last content-box-column-last-in-row\"><div class=\"col content-box-wrapper content-wrapper-background link-area-link-icon icon-hover-animation-fade\" data-animationOffset=\"top-into-view\"><div class=\"heading heading-with-icon icon-left\"><div class=\"icon\"><i style=\"border-color:#333333;border-width:1px;background-color:#333333;box-sizing:content-box;height:42px;width:42px;line-height:42px;border-radius:50%;font-size:21px;\" aria-hidden=\"true\" class=\"fontawesome-icon fa-question-circle fas circle-yes\"><\/i><\/div><h2 class=\"content-box-heading fusion-responsive-typography-calculated\" style=\"--h2_typography-font-size:18px;--fontSize:18;line-height:1.5;\">Pourquoi \u2013 Comment<\/h2><\/div><div class=\"fusion-clearfix\"><\/div><div class=\"content-container\">\n<p>DOMAINE 2- <a href=\"https:\/\/agripedia.ch\/strategidea\/les-composantes-de-la-strategie\/les-buts-strategiques\/\" target=\"_blank\" rel=\"noopener\">Les composantes de la strat\u00e9gie<\/a><\/p>\n<p><strong>Description :<\/strong> les buts strat\u00e9giques et les objectifs op\u00e9rationnels sont tr\u00e8s fr\u00e9quemment confondus. L\u2019objectif est plus facilement exprim\u00e9, alors que le but est plus rarement explicit\u00e9. Des questions en pourquoi et en comment aident \u00e0 distinguer une finalit\u00e9 (but), des moyens utilis\u00e9s pour l\u2019atteindre (objectif).<\/p>\n<p><strong>Utilisable par :<\/strong> l\u2019accompagnant.<\/p>\n<p><a href=\"https:\/\/agripedia.ch\/strategidea?leaky-paywall-media-download=1091\" target=\"_blank\" rel=\"noopener\">Voir le document<\/a><\/p>\n<\/div><\/div><\/div><div class=\"fusion-clearfix\"><\/div><\/div><div class=\"fusion-content-boxes content-boxes columns row fusion-columns-1 fusion-columns-total-2 fusion-content-boxes-2 content-boxes-icon-with-title content-left\" style=\"--awb-hover-accent-color:#e10707;--awb-circle-hover-accent-color:#e10707;--awb-item-margin-bottom:40px;\" data-animationOffset=\"top-into-view\"><div style=\"--awb-backgroundcolor:#fff2f2;\" class=\"fusion-column content-box-column content-box-column content-box-column-1 col-lg-12 col-md-12 col-sm-12 fusion-content-box-hover content-box-column-last-in-row\"><div class=\"col content-box-wrapper content-wrapper-background link-area-link-icon icon-hover-animation-fade\" data-animationOffset=\"top-into-view\"><div class=\"heading heading-with-icon icon-left\"><div class=\"icon\"><i style=\"border-color:#333333;border-width:1px;background-color:#333333;box-sizing:content-box;height:42px;width:42px;line-height:42px;border-radius:50%;font-size:21px;\" aria-hidden=\"true\" class=\"fontawesome-icon fa-hammer fas circle-yes\"><\/i><\/div><h2 class=\"content-box-heading fusion-responsive-typography-calculated\" style=\"--h2_typography-font-size:18px;--fontSize:18;line-height:1.5;\">Construire des sc\u00e9narios<\/h2><\/div><div class=\"fusion-clearfix\"><\/div><div class=\"content-container\">\n<p>DOMAINE 3 \u2013 <a href=\"https:\/\/agripedia.ch\/strategidea\/les-perspectives-et-la-prospective\/les-scenarios\/\" target=\"_blank\" rel=\"noopener\">Les perspectives et la prospective<\/a><\/p>\n<p><strong>Description :<\/strong> construire un sc\u00e9nario vise \u00e0 repr\u00e9senter le futur, ainsi que le cheminement qui y conduit.<\/p>\n<p><strong>Utilisable par :<\/strong> l\u2019accompagnant.<\/p>\n<p><a href=\"https:\/\/agripedia.ch\/strategidea?leaky-paywall-media-download=1204\" target=\"_blank\" rel=\"noopener\">Voir le document<\/a> et <a href=\"https:\/\/agripedia.ch\/strategidea?leaky-paywall-media-download=1206\" target=\"_blank\" rel=\"noopener\">le formulaire<\/a><\/p>\n<\/div><\/div><\/div><div style=\"--awb-backgroundcolor:#fff2f2;\" class=\"fusion-column content-box-column content-box-column content-box-column-2 col-lg-12 col-md-12 col-sm-12 fusion-content-box-hover content-box-column-last content-box-column-last-in-row\"><div class=\"col content-box-wrapper content-wrapper-background link-area-link-icon icon-hover-animation-fade\" data-animationOffset=\"top-into-view\"><div class=\"heading heading-with-icon icon-left\"><div class=\"icon\"><i style=\"border-color:#333333;border-width:1px;background-color:#333333;box-sizing:content-box;height:42px;width:42px;line-height:42px;border-radius:50%;font-size:21px;\" aria-hidden=\"true\" class=\"fontawesome-icon fa-wrench fas circle-yes\"><\/i><\/div><h2 class=\"content-box-heading fusion-responsive-typography-calculated\" style=\"--h2_typography-font-size:18px;--fontSize:18;line-height:1.5;\">La vision, la mission et les valeurs<\/h2><\/div><div class=\"fusion-clearfix\"><\/div><div class=\"content-container\">\n<p>DOMAINE 3 \u2013 <a href=\"https:\/\/agripedia.ch\/strategidea\/les-perspectives-et-la-prospective\/les-scenarios\/\" target=\"_blank\" rel=\"noopener\">Les perspectives et la prospective<\/a><\/p>\n<p><strong>Description :<\/strong> ce formulaire permet de pr\u00e9senter sur un m\u00eame sch\u00e9ma la vision, la mission et les valeurs centrales.<\/p>\n<p><strong>Utilisable par :<\/strong> l\u2019accompagnant, les accompagn\u00e9s.<\/p>\n<p><a href=\"https:\/\/agripedia.ch\/strategidea?leaky-paywall-media-download=2114\" target=\"_blank\" rel=\"noopener\">Voir le document<\/a><\/p>\n<\/div><\/div><\/div><div class=\"fusion-clearfix\"><\/div><\/div><\/div><\/div><\/div><\/div><\/p>\n","protected":false},"excerpt":{"rendered":"","protected":false},"author":26,"featured_media":0,"parent":5470,"menu_order":2,"comment_status":"closed","ping_status":"closed","template":"","meta":{"_sb_is_suggestion_mode":false,"_sb_show_suggestion_boards":false,"_sb_show_comment_boards":false,"_sb_suggestion_history":"","_sb_update_block_changes":"","_monsterinsights_skip_tracking":false,"_monsterinsights_sitenote_active":false,"_monsterinsights_sitenote_note":"","_monsterinsights_sitenote_category":0,"footnotes":""},"class_list":["post-5480","page","type-page","status-publish","hentry"],"_links":{"self":[{"href":"https:\/\/agripedia.ch\/strategidea\/wp-json\/wp\/v2\/pages\/5480","targetHints":{"allow":["GET"]}}],"collection":[{"href":"https:\/\/agripedia.ch\/strategidea\/wp-json\/wp\/v2\/pages"}],"about":[{"href":"https:\/\/agripedia.ch\/strategidea\/wp-json\/wp\/v2\/types\/page"}],"author":[{"embeddable":true,"href":"https:\/\/agripedia.ch\/strategidea\/wp-json\/wp\/v2\/users\/26"}],"replies":[{"embeddable":true,"href":"https:\/\/agripedia.ch\/strategidea\/wp-json\/wp\/v2\/comments?post=5480"}],"version-history":[{"count":63,"href":"https:\/\/agripedia.ch\/strategidea\/wp-json\/wp\/v2\/pages\/5480\/revisions"}],"predecessor-version":[{"id":6926,"href":"https:\/\/agripedia.ch\/strategidea\/wp-json\/wp\/v2\/pages\/5480\/revisions\/6926"}],"up":[{"embeddable":true,"href":"https:\/\/agripedia.ch\/strategidea\/wp-json\/wp\/v2\/pages\/5470"}],"wp:attachment":[{"href":"https:\/\/agripedia.ch\/strategidea\/wp-json\/wp\/v2\/media?parent=5480"}],"curies":[{"name":"wp","href":"https:\/\/api.w.org\/{rel}","templated":true}]}}