{"id":5470,"date":"2022-05-12T05:44:45","date_gmt":"2022-05-12T05:44:45","guid":{"rendered":"https:\/\/agripedia.ch\/strategidea\/?page_id=5470"},"modified":"2026-04-13T08:54:02","modified_gmt":"2026-04-13T08:54:02","slug":"situation-de-conseil","status":"publish","type":"page","link":"https:\/\/agripedia.ch\/strategidea\/situation-de-conseil\/","title":{"rendered":"Situations de conseil"},"content":{"rendered":"<p><div class=\"fusion-fullwidth fullwidth-box fusion-builder-row-1 fusion-flex-container nonhundred-percent-fullwidth non-hundred-percent-height-scrolling\" style=\"--awb-border-radius-top-left:0px;--awb-border-radius-top-right:0px;--awb-border-radius-bottom-right:0px;--awb-border-radius-bottom-left:0px;--awb-flex-wrap:wrap;\" ><div class=\"fusion-builder-row fusion-row fusion-flex-align-items-flex-start fusion-flex-content-wrap\" style=\"max-width:1144px;margin-left: calc(-4% \/ 2 );margin-right: calc(-4% \/ 2 );\"><div class=\"fusion-layout-column fusion_builder_column fusion-builder-column-0 fusion_builder_column_1_1 1_1 fusion-flex-column\" style=\"--awb-bg-size:cover;--awb-width-large:100%;--awb-margin-top-large:0px;--awb-spacing-right-large:1.92%;--awb-margin-bottom-large:20px;--awb-spacing-left-large:1.92%;--awb-width-medium:100%;--awb-order-medium:0;--awb-spacing-right-medium:1.92%;--awb-spacing-left-medium:1.92%;--awb-width-small:100%;--awb-order-small:0;--awb-spacing-right-small:1.92%;--awb-spacing-left-small:1.92%;\"><div class=\"fusion-column-wrapper fusion-column-has-shadow fusion-flex-justify-content-flex-start fusion-content-layout-column\"><div class=\"fusion-title title fusion-title-1 fusion-sep-none fusion-title-text fusion-title-size-one\"><h1 class=\"fusion-title-heading title-heading-left fusion-responsive-typography-calculated\" style=\"margin:0;--fontSize:60;line-height:1.4;\">Situations de conseil<\/h1><\/div><div class=\"fusion-text fusion-text-1\"><p>Retrouvez ici une s\u00e9lection des principales ressources les plus utiles pour chaque situation de conseil courante.<\/p>\n<\/div><\/div><\/div><\/div><\/div><div class=\"fusion-fullwidth fullwidth-box fusion-builder-row-2 fusion-flex-container nonhundred-percent-fullwidth non-hundred-percent-height-scrolling\" style=\"--awb-border-radius-top-left:0px;--awb-border-radius-top-right:0px;--awb-border-radius-bottom-right:0px;--awb-border-radius-bottom-left:0px;--awb-flex-wrap:wrap;\" ><div class=\"fusion-builder-row fusion-row fusion-flex-align-items-flex-start fusion-flex-content-wrap\" style=\"max-width:1144px;margin-left: calc(-4% \/ 2 );margin-right: calc(-4% \/ 2 );\"><div class=\"fusion-layout-column fusion_builder_column fusion-builder-column-1 fusion_builder_column_1_1 1_1 fusion-flex-column\" style=\"--awb-bg-size:cover;--awb-width-large:100%;--awb-margin-top-large:0px;--awb-spacing-right-large:1.92%;--awb-margin-bottom-large:20px;--awb-spacing-left-large:1.92%;--awb-width-medium:100%;--awb-order-medium:0;--awb-spacing-right-medium:1.92%;--awb-spacing-left-medium:1.92%;--awb-width-small:100%;--awb-order-small:0;--awb-spacing-right-small:1.92%;--awb-spacing-left-small:1.92%;\"><div class=\"fusion-column-wrapper fusion-column-has-shadow fusion-flex-justify-content-flex-start fusion-content-layout-column\"><div class=\"fusion-flip-boxes flip-boxes row fusion-columns-3 flip-effect-classic equal-heights agri-flipbox\"><div class=\"fusion-flip-box-wrapper fusion-column col-lg-4 col-md-4 col-sm-4\"><div class=\"fusion-flip-box flip-right\" tabindex=\"0\"><div class=\"flip-box-inner-wrapper\"><div class=\"flip-box-front\"><div class=\"flip-box-front-inner\"><h3 class=\"flip-box-heading without-text\">Accompagnement d\u2019une collaboration<\/h3><\/div><\/div><div class=\"flip-box-back\"><div class=\"flip-box-back-inner\">\n<p>Les outils pour aborder des aspects personnels et strat\u00e9giques lors de l\u2019accompagnement d\u2019une collaboration sont class\u00e9s<br \/>\nselon les cinq th\u00e8mes suivants :<\/p>\n<ul>\n<li>S\u2019entendre sur la strat\u00e9gie<br \/>\nLa raison d\u2019\u00eatre de la collaboration, o\u00f9 va-t-on avec la collaboration ?<\/li>\n<li>Analyser les parties prenantes<\/li>\n<li>\u00catre au clair sur les risques li\u00e9s \u00e0 la collaboration<\/li>\n<li>Organiser la collaboration\n<ul>\n<li>Cadre de la collaboration (cadre de s\u00e9curit\u00e9, processus de d\u00e9cision)<\/li>\n<li>Communication, relations, gestion des conflits<\/li>\n<\/ul>\n<\/li>\n<li>Organiser le travail (production et activit\u00e9, communication op\u00e9rationnelle)<br \/>\net les ressources humaines<\/li>\n<\/ul>\n<p><a href=\"https:\/\/agripedia.ch\/strategidea\/situation-de-conseil\/accompagnement-dun-collaboration\/\">voir la s\u00e9lection<\/a><\/p>\n<\/div><\/div><\/div><\/div><\/div><div class=\"fusion-flip-box-wrapper fusion-column col-lg-4 col-md-4 col-sm-4\"><div class=\"fusion-flip-box flip-right\" tabindex=\"0\"><div class=\"flip-box-inner-wrapper\"><div class=\"flip-box-front\"><div class=\"flip-box-front-inner\"><h3 class=\"flip-box-heading without-text\">Accompagnement de projets de remise d\u2019exploitation et d\u2019installation<\/h3><\/div><\/div><div class=\"flip-box-back\"><div class=\"flip-box-back-inner\">\n<p>Un ou plusieurs outils sont propos\u00e9s, en contexte d\u2019accompagnement de projets de remise d\u2019exploitation et d\u2019installation, dans chacun des trois domaines suivants :<\/p>\n<ul>\n<li>Les investigations pr\u00e9alables<\/li>\n<li>Les composantes de la strat\u00e9gie<\/li>\n<li>Les perspectives et la prospective<\/li>\n<\/ul>\n<p><a href=\"https:\/\/agripedia.ch\/strategidea\/accompagnement-de-projets-de-remise-dexploitation-et-dinstallation\/\">Voir la s\u00e9lection<\/a><\/p>\n<\/div><\/div><\/div><\/div><\/div><div class=\"fusion-flip-box-wrapper fusion-column col-lg-4 col-md-4 col-sm-4\"><div class=\"fusion-flip-box flip-right\" tabindex=\"0\"><div class=\"flip-box-inner-wrapper\"><div class=\"flip-box-front\"><div class=\"flip-box-front-inner\"><h3 class=\"flip-box-heading without-text\">Accompagnement des probl\u00e9matiques \u00e9cologiques sur l\u2019exploitation<\/h3><\/div><\/div><div class=\"flip-box-back\"><div class=\"flip-box-back-inner\">\n<p>Une d\u00e9marche g\u00e9n\u00e9rale d\u2019accompagnement des probl\u00e9matiques \u00e9cologiques sur l\u2019exploitation est propos\u00e9e. Elle est structur\u00e9e en trois \u00e9tapes :<\/p>\n<ol>\n<li>Une approche globale pr\u00e9alable (int\u00e9gration de la probl\u00e9matique dans la strat\u00e9gie g\u00e9n\u00e9rale de l\u2019entreprise)<\/li>\n<li>Des expertises compl\u00e9mentaires cibl\u00e9es<\/li>\n<li>Des analyses de faisabilit\u00e9 sur mesure<\/li>\n<\/ol>\n<p>Des outils du domaine de la gestion strat\u00e9gique sont propos\u00e9s pour la premi\u00e8re \u00e9tape, et un outil relatif aux pistes de mesures concr\u00e8tes dans la deuxi\u00e8me \u00e9tape. Les \u00e9tapes 2 et 3 font appel \u00e0 des comp\u00e9tences et des outils sp\u00e9cialis\u00e9s compl\u00e9mentaires hors du champ de la gestion strat\u00e9gique.<\/p>\n<p><a href=\"https:\/\/agripedia.ch\/strategidea\/situation-de-conseil\/problematiques-ecologiques\/\">Voir la s\u00e9lection<\/a><\/p>\n<\/div><\/div><\/div><\/div><\/div><\/div><\/div><\/div><\/div><\/div><\/p>\n","protected":false},"excerpt":{"rendered":"","protected":false},"author":26,"featured_media":0,"parent":0,"menu_order":14,"comment_status":"closed","ping_status":"closed","template":"","meta":{"_sb_is_suggestion_mode":false,"_sb_show_suggestion_boards":false,"_sb_show_comment_boards":false,"_sb_suggestion_history":"","_sb_update_block_changes":"","_monsterinsights_skip_tracking":false,"_monsterinsights_sitenote_active":false,"_monsterinsights_sitenote_note":"","_monsterinsights_sitenote_category":0,"footnotes":""},"class_list":["post-5470","page","type-page","status-publish","hentry"],"_links":{"self":[{"href":"https:\/\/agripedia.ch\/strategidea\/wp-json\/wp\/v2\/pages\/5470","targetHints":{"allow":["GET"]}}],"collection":[{"href":"https:\/\/agripedia.ch\/strategidea\/wp-json\/wp\/v2\/pages"}],"about":[{"href":"https:\/\/agripedia.ch\/strategidea\/wp-json\/wp\/v2\/types\/page"}],"author":[{"embeddable":true,"href":"https:\/\/agripedia.ch\/strategidea\/wp-json\/wp\/v2\/users\/26"}],"replies":[{"embeddable":true,"href":"https:\/\/agripedia.ch\/strategidea\/wp-json\/wp\/v2\/comments?post=5470"}],"version-history":[{"count":37,"href":"https:\/\/agripedia.ch\/strategidea\/wp-json\/wp\/v2\/pages\/5470\/revisions"}],"predecessor-version":[{"id":6941,"href":"https:\/\/agripedia.ch\/strategidea\/wp-json\/wp\/v2\/pages\/5470\/revisions\/6941"}],"wp:attachment":[{"href":"https:\/\/agripedia.ch\/strategidea\/wp-json\/wp\/v2\/media?parent=5470"}],"curies":[{"name":"wp","href":"https:\/\/api.w.org\/{rel}","templated":true}]}}