{"id":500,"date":"2018-10-06T19:09:22","date_gmt":"2018-10-06T19:09:22","guid":{"rendered":"https:\/\/knowledgefarm.ch\/strategidea\/?page_id=500"},"modified":"2021-11-02T08:15:47","modified_gmt":"2021-11-02T08:15:47","slug":"analyser-les-relations-entre-lentreprise-et-la-famille","status":"publish","type":"page","link":"https:\/\/agripedia.ch\/strategidea\/lanalyse-strategique-interne\/analyser-les-relations-entre-lentreprise-et-la-famille\/","title":{"rendered":"Analyser les relations entre l\u2019entreprise et la famille"},"content":{"rendered":"<p><div class=\"fusion-fullwidth fullwidth-box fusion-builder-row-1 nonhundred-percent-fullwidth non-hundred-percent-height-scrolling\" style=\"--awb-border-radius-top-left:0px;--awb-border-radius-top-right:0px;--awb-border-radius-bottom-right:0px;--awb-border-radius-bottom-left:0px;--awb-flex-wrap:wrap;\" ><div class=\"fusion-builder-row fusion-row\"><div class=\"fusion-layout-column fusion_builder_column fusion-builder-column-0 fusion_builder_column_1_1 1_1 fusion-one-full fusion-column-first fusion-column-last\" style=\"--awb-bg-size:cover;--awb-margin-bottom:0px;\"><div class=\"fusion-column-wrapper fusion-flex-column-wrapper-legacy\"><div class=\"fusion-text fusion-text-1\"><h3><img decoding=\"async\" class=\"alignnone wp-image-1490\" src=\"https:\/\/agripedia.ch\/strategidea\/wp-content\/uploads\/sites\/7\/2019\/02\/Index_6_Analyse-interne.png\" alt=\"\" width=\"50\" height=\"50\" srcset=\"https:\/\/agripedia.ch\/strategidea\/wp-content\/uploads\/sites\/7\/2019\/02\/Index_6_Analyse-interne-66x66.png 66w, https:\/\/agripedia.ch\/strategidea\/wp-content\/uploads\/sites\/7\/2019\/02\/Index_6_Analyse-interne-150x150.png 150w, https:\/\/agripedia.ch\/strategidea\/wp-content\/uploads\/sites\/7\/2019\/02\/Index_6_Analyse-interne-200x199.png 200w, https:\/\/agripedia.ch\/strategidea\/wp-content\/uploads\/sites\/7\/2019\/02\/Index_6_Analyse-interne-300x300.png 300w, https:\/\/agripedia.ch\/strategidea\/wp-content\/uploads\/sites\/7\/2019\/02\/Index_6_Analyse-interne.png 354w\" sizes=\"(max-width: 50px) 100vw, 50px\" \/> Analyser les relations entre l\u2019entreprise et la famille<\/h3>\n<blockquote>\n<p>La compr\u00e9hension de l\u2019\u00e9quilibre entre l\u2019entreprise et la famille est un passage oblig\u00e9 de la r\u00e9flexion strat\u00e9gique. Dans une petite entreprise familiale, la distinction entre la sph\u00e8re professionnelle et la sph\u00e8re familiale est souvent t\u00e9nue. Les \u00e9v\u00e8nements familiaux qui caract\u00e9risent le cycle de vie d\u2019une famille ont un impact sur l\u2019entreprise. Et inversement, la vie de l\u2019entreprise influence la vie de famille.<\/p>\n<\/blockquote>\n<\/div><div class=\"fusion-clearfix\"><\/div><\/div><\/div><div class=\"fusion-layout-column fusion_builder_column fusion-builder-column-1 fusion_builder_column_1_2 1_2 fusion-one-half fusion-column-first\" style=\"--awb-bg-size:cover;width:50%;width:calc(50% - ( ( 4% ) * 0.5 ) );margin-right: 4%;\"><div class=\"fusion-column-wrapper fusion-flex-column-wrapper-legacy\"><div class=\"fusion-text fusion-text-2\"><p>L\u2019analyse d\u2019une exploitation agricole familiale met souvent en lumi\u00e8re<a href=\"https:\/\/agripedia.ch\/strategidea\/les-investigations-prealables\/lhistoire-de-lentreprise-et-de-la-famille\/\"> l\u2019histoire familiale<\/a> de chacun de ses membres. Dans un processus de changement, de r\u00e9orientation de l\u2019exploitation, les liens que les personnes entretiennent avec leur histoire familiale et patrimoniale (et les membres encore pr\u00e9sents) peuvent \u00eatre paralysants ou, au contraire, facteurs de changement et d\u2019innovation.<\/p>\n<p>Les <strong>\u00e9v\u00e8nements familiaux<\/strong> ne sont pas toujours pr\u00e9visibles (arriv\u00e9e d\u2019un nouvel enfant, retour sur l\u2019entreprise d\u2019un-e conjoint-e pour cause de ch\u00f4mage, diminution de l\u2019aide fournie par des parents \u00e2g\u00e9s, etc.). Une rupture dans le parcours familial (maladie, divorce, d\u00e9c\u00e8s) peut avoir des cons\u00e9quences importantes sur l\u2019entreprise. Diff\u00e9rents besoins et objectifs des membres de la famille sont inh\u00e9rents \u00e0 certaines \u00e9tapes de vie. L\u2019analyse strat\u00e9gique s\u2019int\u00e9ressera aux r\u00e9percutions de ces \u00e9v\u00e8nements sur l\u2019entreprise.<\/p>\n<\/div><div class=\"fusion-clearfix\"><\/div><\/div><\/div><div class=\"fusion-layout-column fusion_builder_column fusion-builder-column-2 fusion_builder_column_1_2 1_2 fusion-one-half fusion-column-last\" style=\"--awb-bg-size:cover;width:50%;width:calc(50% - ( ( 4% ) * 0.5 ) );\"><div class=\"fusion-column-wrapper fusion-flex-column-wrapper-legacy\"><div class=\"fusion-text fusion-text-3\"><p>Dans la pratique, les questions familiales qui touchent \u00e0 l\u2019entreprise sont abord\u00e9es \u00e0 plusieurs niveaux\u00a0:<\/p>\n<ul>\n<li>L\u2019accord entre les membres de la famille sur la strat\u00e9gie globale. C\u2019est-\u00e0-dire principalement sur la <a href=\"https:\/\/agripedia.ch\/strategidea\/les-composantes-de-la-strategie\/la-vision\/\">vision <\/a>et les <a href=\"https:\/\/agripedia.ch\/strategidea\/les-composantes-de-la-strategie\/les-buts-strategiques\/\">buts strat\u00e9giques<\/a>. S\u2019il n\u2019y a pas d\u2019accord entre les personnes, les diff\u00e9rences doivent \u00eatre formul\u00e9es d\u00e8s le d\u00e9part, et l\u2019analyse des forces et faiblesses doit \u00eatre nuanc\u00e9e en cons\u00e9quence,<\/li>\n<li>La reconnaissance et le respect des <a href=\"https:\/\/agripedia.ch\/strategidea\/les-composantes-de-la-strategie\/les-valeurs\/\">valeurs <\/a>de chacun-e,<\/li>\n<li>Le<strong> statut juridique<\/strong> et les <strong>responsabilit\u00e9s<\/strong> des membres de la famille qui travaillent dans l\u2019entreprise,<\/li>\n<li>L\u2019<a href=\"https:\/\/agripedia.ch\/strategidea\/lanalyse-strategique-interne\/analyser-lorganisation-du-travail\/\">organisation du travail<\/a> (le travail et les comp\u00e9tences fournis \u00e0 l\u2019entreprise par les membres la famille, \u00e9quilibre ou tension avec le travail dans le m\u00e9nage et la famille) et de la <strong>prise de d\u00e9cisions<\/strong>,<\/li>\n<li>Les <strong>moyens mat\u00e9riels <\/strong>et<strong> mon\u00e9taires<\/strong> de l\u2019entreprise utilis\u00e9s par la famille,<\/li>\n<li>Le <strong>patrimoine<\/strong> et les <strong>capitaux priv\u00e9s<\/strong> engag\u00e9s par les membres de la famille dans l\u2019entreprise, ainsi que les questions de leur <strong>transmission<\/strong>.<\/li>\n<\/ul>\n<\/div><div class=\"fusion-clearfix\"><\/div><\/div><\/div><div class=\"fusion-layout-column fusion_builder_column fusion-builder-column-3 fusion_builder_column_1_1 1_1 fusion-one-full fusion-column-first fusion-column-last\" style=\"--awb-bg-size:cover;\"><div class=\"fusion-column-wrapper fusion-flex-column-wrapper-legacy\"><div class=\"fusion-section-separator section-separator clouds fusion-section-separator-1\" style=\"--awb-spacer-height:99px;--awb-svg-margin-left:0;--awb-svg-margin-right:0;--awb-divider-height:99px;--awb-spacer-padding-top:inherit;--awb-sep-padding:0;--awb-svg-padding:0;\"><div class=\"fusion-section-separator-svg\"><svg class=\"fusion-clouds-candy\" xmlns=\"http:\/\/www.w3.org\/2000\/svg\" version=\"1.1\" width=\"100%\" height=\"100\" viewBox=\"0 0 100 100\" preserveAspectRatio=\"none\" fill=\"rgba(246,246,246,1)\"><path d=\"M-5 100 Q 0 20 5 100 Z\"><\/path>\n\t\t\t\t\t\t\t\t<path d=\"M0 100 Q 5 0 10 100\"><\/path>\n\t\t\t\t\t\t\t\t<path d=\"M5 100 Q 10 30 15 100\"><\/path>\n\t\t\t\t\t\t\t\t<path d=\"M10 100 Q 15 10 20 100\"><\/path>\n\t\t\t\t\t\t\t\t<path d=\"M15 100 Q 20 30 25 100\"><\/path>\n\t\t\t\t\t\t\t\t<path d=\"M20 100 Q 25 -10 30 100\"><\/path>\n\t\t\t\t\t\t\t\t<path d=\"M25 100 Q 30 10 35 100\"><\/path>\n\t\t\t\t\t\t\t\t<path d=\"M30 100 Q 35 30 40 100\"><\/path>\n\t\t\t\t\t\t\t\t<path d=\"M35 100 Q 40 10 45 100\"><\/path>\n\t\t\t\t\t\t\t\t<path d=\"M40 100 Q 45 50 50 100\"><\/path>\n\t\t\t\t\t\t\t\t<path d=\"M45 100 Q 50 20 55 100\"><\/path>\n\t\t\t\t\t\t\t\t<path d=\"M50 100 Q 55 40 60 100\"><\/path>\n\t\t\t\t\t\t\t\t<path d=\"M55 100 Q 60 60 65 100\"><\/path>\n\t\t\t\t\t\t\t\t<path d=\"M60 100 Q 65 50 70 100\"><\/path>\n\t\t\t\t\t\t\t\t<path d=\"M65 100 Q 70 20 75 100\"><\/path>\n\t\t\t\t\t\t\t\t<path d=\"M70 100 Q 75 45 80 100\"><\/path>\n\t\t\t\t\t\t\t\t<path d=\"M75 100 Q 80 30 85 100\"><\/path>\n\t\t\t\t\t\t\t\t<path d=\"M80 100 Q 85 20 90 100\"><\/path>\n\t\t\t\t\t\t\t\t<path d=\"M85 100 Q 90 50 95 100\"><\/path>\n\t\t\t\t\t\t\t\t<path d=\"M90 100 Q 95 25 100 100\"><\/path>\n\t\t\t\t\t\t\t\t<path d=\"M95 100 Q 100 15 105 100 Z\"><\/path><\/svg><\/div><div class=\"fusion-section-separator-spacer\"><div class=\"fusion-section-separator-spacer-height\"><\/div><\/div><\/div><div class=\"fusion-clearfix\"><\/div><\/div><\/div><\/div><\/div><div class=\"fusion-fullwidth fullwidth-box fusion-builder-row-2 nonhundred-percent-fullwidth non-hundred-percent-height-scrolling\" style=\"--awb-border-radius-top-left:0px;--awb-border-radius-top-right:0px;--awb-border-radius-bottom-right:0px;--awb-border-radius-bottom-left:0px;--awb-flex-wrap:wrap;\" ><div class=\"fusion-builder-row fusion-row\"><div class=\"fusion-layout-column fusion_builder_column fusion-builder-column-4 fusion_builder_column_1_1 1_1 fusion-one-full fusion-column-first fusion-column-last\" style=\"--awb-bg-size:cover;\"><div class=\"fusion-column-wrapper fusion-flex-column-wrapper-legacy\"><div class=\"fusion-menu-anchor\" id=\"Boite\"><\/div><div class=\"fusion-text fusion-text-4\"><h3><img decoding=\"async\" class=\"alignnone wp-image-1490\" src=\"https:\/\/agripedia.ch\/strategidea\/wp-content\/uploads\/sites\/7\/2019\/02\/Index_6_Analyse-interne.png\" alt=\"\" width=\"50\" height=\"50\" srcset=\"https:\/\/agripedia.ch\/strategidea\/wp-content\/uploads\/sites\/7\/2019\/02\/Index_6_Analyse-interne-66x66.png 66w, https:\/\/agripedia.ch\/strategidea\/wp-content\/uploads\/sites\/7\/2019\/02\/Index_6_Analyse-interne-150x150.png 150w, https:\/\/agripedia.ch\/strategidea\/wp-content\/uploads\/sites\/7\/2019\/02\/Index_6_Analyse-interne-200x199.png 200w, https:\/\/agripedia.ch\/strategidea\/wp-content\/uploads\/sites\/7\/2019\/02\/Index_6_Analyse-interne-300x300.png 300w, https:\/\/agripedia.ch\/strategidea\/wp-content\/uploads\/sites\/7\/2019\/02\/Index_6_Analyse-interne.png 354w\" sizes=\"(max-width: 50px) 100vw, 50px\" \/>\u00a0Boite \u00e0 outils<\/h3>\n<div class=\"textbox exercises\"><\/div>\n<\/div><div class=\"fusion-clearfix\"><\/div><\/div><\/div><div class=\"fusion-layout-column fusion_builder_column fusion-builder-column-5 fusion_builder_column_1_4 1_4 fusion-one-fourth fusion-column-first\" style=\"--awb-bg-size:cover;width:25%;width:calc(25% - ( ( 4% + 4% + 4% ) * 0.25 ) );margin-right: 4%;\"><div class=\"fusion-column-wrapper fusion-flex-column-wrapper-legacy\"><div class=\"fusion-text fusion-text-5\"><div class=\"textbox exercises\">\n<h4>Guider un entretien semi-directif<\/h4>\n<ul>\n<li><a href=\"https:\/\/agripedia.ch\/strategidea?leaky-paywall-media-download=1382\" target=\"_blank\" rel=\"noopener noreferrer\">Guide d\u2019entretien : les relations entreprise-famille<\/a><\/li>\n<\/ul>\n<\/div>\n<\/div><div class=\"fusion-clearfix\"><\/div><\/div><\/div><div class=\"fusion-layout-column fusion_builder_column fusion-builder-column-6 fusion_builder_column_1_4 1_4 fusion-one-fourth\" style=\"--awb-bg-size:cover;width:25%;width:calc(25% - ( ( 4% + 4% + 4% ) * 0.25 ) );margin-right: 4%;\"><div class=\"fusion-column-wrapper fusion-flex-column-wrapper-legacy\"><div class=\"fusion-text fusion-text-6\"><div class=\"textbox exercises\">\n<h4>Auto-questionnaire<\/h4>\n<ul>\n<li><a href=\"https:\/\/agripedia.ch\/strategidea?leaky-paywall-media-download=1386\" target=\"_blank\" rel=\"noopener noreferrer\">Questionnaire (auto-\u00e9valuation) : le couple dans l\u2019exploitation agricole (AGRIDEA, 2007)<\/a>_<\/li>\n<\/ul>\n<\/div>\n<\/div><div class=\"fusion-clearfix\"><\/div><\/div><\/div><div class=\"fusion-layout-column fusion_builder_column fusion-builder-column-7 fusion_builder_column_1_4 1_4 fusion-one-fourth\" style=\"--awb-bg-size:cover;width:25%;width:calc(25% - ( ( 4% + 4% + 4% ) * 0.25 ) );margin-right: 4%;\"><div class=\"fusion-column-wrapper fusion-flex-column-wrapper-legacy\"><div class=\"fusion-text fusion-text-7\"><h4>R\u00e9sumer les pr\u00e9visions d\u2019\u00e9volution<\/h4>\n<ul>\n<li><a href=\"https:\/\/agripedia.ch\/strategidea?leaky-paywall-media-download=1384\" target=\"_blank\" rel=\"noopener noreferrer\">Formulaire : pr\u00e9visions d\u2019\u00e9volution des relations entreprises-familles<\/a><\/li>\n<\/ul>\n<\/div><div class=\"fusion-clearfix\"><\/div><\/div><\/div><div class=\"fusion-layout-column fusion_builder_column fusion-builder-column-8 fusion_builder_column_1_4 1_4 fusion-one-fourth fusion-column-last\" style=\"--awb-bg-size:cover;width:25%;width:calc(25% - ( ( 4% + 4% + 4% ) * 0.25 ) );\"><div class=\"fusion-column-wrapper fusion-flex-column-wrapper-legacy\"><div class=\"fusion-text fusion-text-8\"><div class=\"textbox exercises\"><\/div>\n<h4>Pr\u00e9parer la synth\u00e8se SWOT<\/h4>\n<ul>\n<li><a href=\"https:\/\/agripedia.ch\/strategidea?leaky-paywall-media-download=1388\" target=\"_blank\" rel=\"noopener noreferrer\">Formulaire : r\u00e9sum\u00e9 des forces et des faiblesses des relations entreprise-famille<\/a><\/li>\n<\/ul>\n<\/div><div class=\"fusion-clearfix\"><\/div><\/div><\/div><div class=\"fusion-layout-column fusion_builder_column fusion-builder-column-9 fusion_builder_column_1_1 1_1 fusion-one-full fusion-column-first fusion-column-last\" style=\"--awb-bg-size:cover;\"><div class=\"fusion-column-wrapper fusion-flex-column-wrapper-legacy\"><div class=\"fusion-section-separator section-separator clouds fusion-section-separator-2\" style=\"--awb-spacer-height:99px;--awb-svg-margin-left:0;--awb-svg-margin-right:0;--awb-divider-height:99px;--awb-spacer-padding-top:inherit;--awb-sep-padding:0;--awb-svg-padding:0;\"><div class=\"fusion-section-separator-svg\"><svg class=\"fusion-clouds-candy\" xmlns=\"http:\/\/www.w3.org\/2000\/svg\" version=\"1.1\" width=\"100%\" height=\"100\" viewBox=\"0 0 100 100\" preserveAspectRatio=\"none\" fill=\"rgba(246,246,246,1)\"><path d=\"M-5 100 Q 0 20 5 100 Z\"><\/path>\n\t\t\t\t\t\t\t\t<path d=\"M0 100 Q 5 0 10 100\"><\/path>\n\t\t\t\t\t\t\t\t<path d=\"M5 100 Q 10 30 15 100\"><\/path>\n\t\t\t\t\t\t\t\t<path d=\"M10 100 Q 15 10 20 100\"><\/path>\n\t\t\t\t\t\t\t\t<path d=\"M15 100 Q 20 30 25 100\"><\/path>\n\t\t\t\t\t\t\t\t<path d=\"M20 100 Q 25 -10 30 100\"><\/path>\n\t\t\t\t\t\t\t\t<path d=\"M25 100 Q 30 10 35 100\"><\/path>\n\t\t\t\t\t\t\t\t<path d=\"M30 100 Q 35 30 40 100\"><\/path>\n\t\t\t\t\t\t\t\t<path d=\"M35 100 Q 40 10 45 100\"><\/path>\n\t\t\t\t\t\t\t\t<path d=\"M40 100 Q 45 50 50 100\"><\/path>\n\t\t\t\t\t\t\t\t<path d=\"M45 100 Q 50 20 55 100\"><\/path>\n\t\t\t\t\t\t\t\t<path d=\"M50 100 Q 55 40 60 100\"><\/path>\n\t\t\t\t\t\t\t\t<path d=\"M55 100 Q 60 60 65 100\"><\/path>\n\t\t\t\t\t\t\t\t<path d=\"M60 100 Q 65 50 70 100\"><\/path>\n\t\t\t\t\t\t\t\t<path d=\"M65 100 Q 70 20 75 100\"><\/path>\n\t\t\t\t\t\t\t\t<path d=\"M70 100 Q 75 45 80 100\"><\/path>\n\t\t\t\t\t\t\t\t<path d=\"M75 100 Q 80 30 85 100\"><\/path>\n\t\t\t\t\t\t\t\t<path d=\"M80 100 Q 85 20 90 100\"><\/path>\n\t\t\t\t\t\t\t\t<path d=\"M85 100 Q 90 50 95 100\"><\/path>\n\t\t\t\t\t\t\t\t<path d=\"M90 100 Q 95 25 100 100\"><\/path>\n\t\t\t\t\t\t\t\t<path d=\"M95 100 Q 100 15 105 100 Z\"><\/path><\/svg><\/div><div class=\"fusion-section-separator-spacer\"><div class=\"fusion-section-separator-spacer-height\"><\/div><\/div><\/div><div class=\"fusion-clearfix\"><\/div><\/div><\/div><\/div><\/div><div class=\"fusion-fullwidth fullwidth-box fusion-builder-row-3 nonhundred-percent-fullwidth non-hundred-percent-height-scrolling\" style=\"--awb-border-radius-top-left:0px;--awb-border-radius-top-right:0px;--awb-border-radius-bottom-right:0px;--awb-border-radius-bottom-left:0px;--awb-flex-wrap:wrap;\" ><div class=\"fusion-builder-row fusion-row\"><div class=\"fusion-layout-column fusion_builder_column fusion-builder-column-10 fusion_builder_column_1_1 1_1 fusion-one-full fusion-column-first fusion-column-last\" style=\"--awb-bg-size:cover;\"><div class=\"fusion-column-wrapper fusion-flex-column-wrapper-legacy\"><div class=\"fusion-menu-anchor\" id=\"Loin\"><\/div><div class=\"fusion-text fusion-text-9\"><h3><img decoding=\"async\" class=\"alignnone wp-image-1490\" src=\"https:\/\/agripedia.ch\/strategidea\/wp-content\/uploads\/sites\/7\/2019\/02\/Index_6_Analyse-interne.png\" alt=\"\" width=\"50\" height=\"50\" srcset=\"https:\/\/agripedia.ch\/strategidea\/wp-content\/uploads\/sites\/7\/2019\/02\/Index_6_Analyse-interne-66x66.png 66w, https:\/\/agripedia.ch\/strategidea\/wp-content\/uploads\/sites\/7\/2019\/02\/Index_6_Analyse-interne-150x150.png 150w, https:\/\/agripedia.ch\/strategidea\/wp-content\/uploads\/sites\/7\/2019\/02\/Index_6_Analyse-interne-200x199.png 200w, https:\/\/agripedia.ch\/strategidea\/wp-content\/uploads\/sites\/7\/2019\/02\/Index_6_Analyse-interne-300x300.png 300w, https:\/\/agripedia.ch\/strategidea\/wp-content\/uploads\/sites\/7\/2019\/02\/Index_6_Analyse-interne.png 354w\" sizes=\"(max-width: 50px) 100vw, 50px\" \/>\u00a0Pour aller plus loin<\/h3>\n<\/div><div class=\"fusion-clearfix\"><\/div><\/div><\/div><div class=\"fusion-layout-column fusion_builder_column fusion-builder-column-11 fusion_builder_column_1_2 1_2 fusion-one-half fusion-column-first\" style=\"--awb-bg-size:cover;width:50%;width:calc(50% - ( ( 4% ) * 0.5 ) );margin-right: 4%;\"><div class=\"fusion-column-wrapper fusion-flex-column-wrapper-legacy\"><div class=\"fusion-text fusion-text-10\"><h4>Femmes et hommes dans l\u2019agriculture \u2013 Aide-m\u00e9moire n\u00b01 \u00e0 10, s\u00e9rie compl\u00e8te<\/h4>\n<ol>\n<li><a href=\"https:\/\/www.agriconnect.ch\/group\/strategidea\/documents?p_p_id=20&p_p_lifecycle=0&p_p_state=normal&p_p_mode=view&p_p_col_id=column-1&p_p_col_count=1&_20_struts_action=%2Fdocument_library%2Fview_file_entry&_20_redirect=https%3A%2F%2Fwww.agriconnect.ch%3A443%2Fgroup%2Fstrategidea%2Fdocuments%3Fp_p_id%3D20%26p_p_lifecycle%3D0%26p_p_state%3Dnormal%26p_p_mode%3Dview%26p_p_col_id%3Dcolumn-1%26p_p_col_count%3D1%26_20_struts_action%3D%252Fdocument_library%252Fview%26_20_folderId%3D1709648&_20_fileEntryId=27390242\" target=\"_blank\" rel=\"noopener noreferrer\">Mien et tien dans le mariage<\/a><\/li>\n<li><a href=\"https:\/\/www.agriconnect.ch\/group\/strategidea\/documents?p_p_id=20&p_p_lifecycle=0&p_p_state=normal&p_p_mode=view&p_p_col_id=column-1&p_p_col_count=1&_20_struts_action=%2Fdocument_library%2Fview_file_entry&_20_redirect=https%3A%2F%2Fwww.agriconnect.ch%3A443%2Fgroup%2Fstrategidea%2Fdocuments%3Fp_p_id%3D20%26p_p_lifecycle%3D0%26p_p_state%3Dnormal%26p_p_mode%3Dview%26p_p_col_id%3Dcolumn-1%26p_p_col_count%3D1%26_20_struts_action%3D%252Fdocument_library%252Fview%26_20_folderId%3D1709648&_20_fileEntryId=27390265\" target=\"_blank\" rel=\"noopener noreferrer\">Travailler hors de l\u2019exploitation agricole<\/a><\/li>\n<li><a href=\"https:\/\/www.agriconnect.ch\/group\/strategidea\/documents?p_p_id=20&p_p_lifecycle=0&p_p_state=normal&p_p_mode=view&p_p_col_id=column-1&p_p_col_count=1&_20_struts_action=%2Fdocument_library%2Fview_file_entry&_20_redirect=https%3A%2F%2Fwww.agriconnect.ch%3A443%2Fgroup%2Fstrategidea%2Fdocuments%3Fp_p_id%3D20%26p_p_lifecycle%3D0%26p_p_state%3Dnormal%26p_p_mode%3Dview%26p_p_col_id%3Dcolumn-1%26p_p_col_count%3D1%26_20_struts_action%3D%252Fdocument_library%252Fview%26_20_folderId%3D1709648&_20_fileEntryId=27390287\" target=\"_blank\" rel=\"noopener noreferrer\">Investir de l\u2019argent dans l\u2019exploitation<\/a><\/li>\n<li><a href=\"https:\/\/www.agriconnect.ch\/group\/strategidea\/documents?p_p_id=20&p_p_lifecycle=0&p_p_state=normal&p_p_mode=view&p_p_col_id=column-1&p_p_col_count=1&_20_struts_action=%2Fdocument_library%2Fview_file_entry&_20_redirect=https%3A%2F%2Fwww.agriconnect.ch%3A443%2Fgroup%2Fstrategidea%2Fdocuments%3Fp_p_id%3D20%26p_p_lifecycle%3D0%26p_p_state%3Dnormal%26p_p_mode%3Dview%26p_p_col_id%3Dcolumn-1%26p_p_col_count%3D1%26_20_struts_action%3D%252Fdocument_library%252Fview%26_20_folderId%3D1709648&_20_fileEntryId=27390309\" target=\"_blank\" rel=\"noopener noreferrer\">S\u00e9paration + divorce dans la famille paysanne<\/a><\/li>\n<li><a href=\"https:\/\/www.agriconnect.ch\/group\/strategidea\/documents?p_p_id=20&p_p_lifecycle=0&p_p_state=normal&p_p_mode=view&p_p_col_id=column-1&p_p_col_count=1&_20_struts_action=%2Fdocument_library%2Fview_file_entry&_20_redirect=https%3A%2F%2Fwww.agriconnect.ch%3A443%2Fgroup%2Fstrategidea%2Fdocuments%3Fp_p_id%3D20%26p_p_lifecycle%3D0%26p_p_state%3Dnormal%26p_p_mode%3Dview%26p_p_col_id%3Dcolumn-1%26p_p_col_count%3D1%26_20_struts_action%3D%252Fdocument_library%252Fview%26_20_folderId%3D1709648&_20_fileEntryId=27390331\" target=\"_blank\" rel=\"noopener noreferrer\">D\u00e9c\u00e8s ou invalidit\u00e9 \u00e0 la ferme<\/a><\/li>\n<li><a href=\"https:\/\/www.agriconnect.ch\/group\/strategidea\/documents?p_p_id=20&p_p_lifecycle=0&p_p_state=normal&p_p_mode=view&p_p_col_id=column-1&p_p_col_count=1&_20_struts_action=%2Fdocument_library%2Fview_file_entry&_20_redirect=https%3A%2F%2Fwww.agriconnect.ch%3A443%2Fgroup%2Fstrategidea%2Fdocuments%3Fp_p_id%3D20%26p_p_lifecycle%3D0%26p_p_state%3Dnormal%26p_p_mode%3Dview%26p_p_col_id%3Dcolumn-1%26p_p_col_count%3D1%26_20_struts_action%3D%252Fdocument_library%252Fview%26_20_folderId%3D1709648&_20_fileEntryId=27390353\" target=\"_blank\" rel=\"noopener noreferrer\">Une pr\u00e9voyance adapt\u00e9e \u00e0 l\u2019agriculture<\/a><\/li>\n<li><a href=\"https:\/\/www.agriconnect.ch\/group\/strategidea\/documents?p_p_id=20&p_p_lifecycle=0&p_p_state=normal&p_p_mode=view&p_p_col_id=column-1&p_p_col_count=1&_20_struts_action=%2Fdocument_library%2Fview_file_entry&_20_redirect=https%3A%2F%2Fwww.agriconnect.ch%3A443%2Fgroup%2Fstrategidea%2Fdocuments%3Fp_p_id%3D20%26p_p_lifecycle%3D0%26p_p_state%3Dnormal%26p_p_mode%3Dview%26p_p_col_id%3Dcolumn-1%26p_p_col_count%3D1%26_20_struts_action%3D%252Fdocument_library%252Fview%26_20_folderId%3D1709648&_20_fileEntryId=27390375\" target=\"_blank\" rel=\"noopener noreferrer\">Union libre \u2013 confiance et contrats<\/a><\/li>\n<li><a href=\"https:\/\/www.agriconnect.ch\/group\/strategidea\/documents?p_p_id=20&p_p_lifecycle=0&p_p_state=normal&p_p_mode=view&p_p_col_id=column-1&p_p_col_count=1&_20_struts_action=%2Fdocument_library%2Fview_file_entry&_20_redirect=https%3A%2F%2Fwww.agriconnect.ch%3A443%2Fgroup%2Fstrategidea%2Fdocuments%3Fp_p_id%3D20%26p_p_lifecycle%3D0%26p_p_state%3Dnormal%26p_p_mode%3Dview%26p_p_col_id%3Dcolumn-1%26p_p_col_count%3D1%26_20_struts_action%3D%252Fdocument_library%252Fview%26_20_folderId%3D1709648&_20_fileEntryId=27390388\" target=\"_blank\" rel=\"noopener noreferrer\">Paysanne : employ\u00e9e ou ind\u00e9pendante ?<\/a><\/li>\n<li><a href=\"https:\/\/www.agriconnect.ch\/group\/strategidea\/documents?p_p_id=20&p_p_lifecycle=0&p_p_state=normal&p_p_mode=view&p_p_col_id=column-1&p_p_col_count=1&_20_struts_action=%2Fdocument_library%2Fview_file_entry&_20_redirect=https%3A%2F%2Fwww.agriconnect.ch%3A443%2Fgroup%2Fstrategidea%2Fdocuments%3Fp_p_id%3D20%26p_p_lifecycle%3D0%26p_p_state%3Dnormal%26p_p_mode%3Dview%26p_p_col_id%3Dcolumn-1%26p_p_col_count%3D1%26_20_struts_action%3D%252Fdocument_library%252Fview%26_20_folderId%3D1709648&_20_fileEntryId=27390410\" target=\"_blank\" rel=\"noopener noreferrer\">Relations et qualit\u00e9 de vie<\/a><\/li>\n<li><a href=\"https:\/\/www.agriconnect.ch\/group\/strategidea\/documents?p_p_id=20&p_p_lifecycle=0&p_p_state=normal&p_p_mode=view&p_p_col_id=column-1&p_p_col_count=1&_20_struts_action=%2Fdocument_library%2Fview_file_entry&_20_redirect=https%3A%2F%2Fwww.agriconnect.ch%3A443%2Fgroup%2Fstrategidea%2Fdocuments%3Fp_p_id%3D20%26p_p_lifecycle%3D0%26p_p_state%3Dnormal%26p_p_mode%3Dview%26p_p_col_id%3Dcolumn-1%26p_p_col_count%3D1%26_20_struts_action%3D%252Fdocument_library%252Fview%26_20_folderId%3D1709648&_20_fileEntryId=27393011\" target=\"_blank\" rel=\"noopener noreferrer\">Paysanne ind\u00e9pendante dans l\u2019exploitation<\/a><\/li>\n<\/ol>\n<\/div><div class=\"fusion-clearfix\"><\/div><\/div><\/div><div class=\"fusion-layout-column fusion_builder_column fusion-builder-column-12 fusion_builder_column_1_2 1_2 fusion-one-half fusion-column-last\" style=\"--awb-bg-size:cover;width:50%;width:calc(50% - ( ( 4% ) * 0.5 ) );\"><div class=\"fusion-column-wrapper fusion-flex-column-wrapper-legacy\"><div class=\"fusion-text fusion-text-11\"><h4>Documentation<\/h4>\n<ul>\n<li><a href=\"http:\/\/www.agridea.ch\/page\/pages-sans-theme\/familles-et-entreprises-dans-larc-jurassien\/#page\/2\">Ma petite entreprise et ma famille (Familles et entreprises dans l\u2019Arc Jurassien)<\/a><\/li>\n<\/ul>\n<h4><\/h4>\n<div class=\"video-shortcode\"><iframe width=\"1100\" height=\"619\" src=\"https:\/\/www.youtube.com\/embed\/e_gmMLva5-Y?feature=oembed\" frameborder=\"0\" allow=\"autoplay; encrypted-media\" allowfullscreen><\/iframe><\/div>\n<\/div><div class=\"fusion-clearfix\"><\/div><\/div><\/div><\/div><\/div><\/p>\n","protected":false},"excerpt":{"rendered":"","protected":false},"author":7,"featured_media":0,"parent":371,"menu_order":5,"comment_status":"closed","ping_status":"closed","template":"100-width.php","meta":{"_sb_is_suggestion_mode":false,"_sb_show_suggestion_boards":false,"_sb_show_comment_boards":false,"_sb_suggestion_history":"","_sb_update_block_changes":"","_monsterinsights_skip_tracking":false,"_monsterinsights_sitenote_active":false,"_monsterinsights_sitenote_note":"","_monsterinsights_sitenote_category":0,"footnotes":""},"class_list":["post-500","page","type-page","status-publish","hentry"],"_links":{"self":[{"href":"https:\/\/agripedia.ch\/strategidea\/wp-json\/wp\/v2\/pages\/500","targetHints":{"allow":["GET"]}}],"collection":[{"href":"https:\/\/agripedia.ch\/strategidea\/wp-json\/wp\/v2\/pages"}],"about":[{"href":"https:\/\/agripedia.ch\/strategidea\/wp-json\/wp\/v2\/types\/page"}],"author":[{"embeddable":true,"href":"https:\/\/agripedia.ch\/strategidea\/wp-json\/wp\/v2\/users\/7"}],"replies":[{"embeddable":true,"href":"https:\/\/agripedia.ch\/strategidea\/wp-json\/wp\/v2\/comments?post=500"}],"version-history":[{"count":25,"href":"https:\/\/agripedia.ch\/strategidea\/wp-json\/wp\/v2\/pages\/500\/revisions"}],"predecessor-version":[{"id":4224,"href":"https:\/\/agripedia.ch\/strategidea\/wp-json\/wp\/v2\/pages\/500\/revisions\/4224"}],"up":[{"embeddable":true,"href":"https:\/\/agripedia.ch\/strategidea\/wp-json\/wp\/v2\/pages\/371"}],"wp:attachment":[{"href":"https:\/\/agripedia.ch\/strategidea\/wp-json\/wp\/v2\/media?parent=500"}],"curies":[{"name":"wp","href":"https:\/\/api.w.org\/{rel}","templated":true}]}}