{"id":477,"date":"2018-10-06T18:18:01","date_gmt":"2018-10-06T18:18:01","guid":{"rendered":"https:\/\/knowledgefarm.ch\/strategidea\/?page_id=477"},"modified":"2021-11-02T08:13:13","modified_gmt":"2021-11-02T08:13:13","slug":"analyser-les-activites","status":"publish","type":"page","link":"https:\/\/agripedia.ch\/strategidea\/lanalyse-strategique-interne\/analyser-les-activites\/","title":{"rendered":"Analyser les activit\u00e9s"},"content":{"rendered":"<p><div class=\"fusion-fullwidth fullwidth-box fusion-builder-row-1 nonhundred-percent-fullwidth non-hundred-percent-height-scrolling\" style=\"--awb-border-radius-top-left:0px;--awb-border-radius-top-right:0px;--awb-border-radius-bottom-right:0px;--awb-border-radius-bottom-left:0px;--awb-flex-wrap:wrap;\" ><div class=\"fusion-builder-row fusion-row\"><div class=\"fusion-layout-column fusion_builder_column fusion-builder-column-0 fusion_builder_column_1_1 1_1 fusion-one-full fusion-column-first fusion-column-last\" style=\"--awb-bg-size:cover;--awb-margin-bottom:0px;\"><div class=\"fusion-column-wrapper fusion-flex-column-wrapper-legacy\"><div class=\"fusion-text fusion-text-1\"><h3><strong><img decoding=\"async\" class=\"alignnone wp-image-1490\" src=\"https:\/\/agripedia.ch\/strategidea\/wp-content\/uploads\/sites\/7\/2019\/02\/Index_6_Analyse-interne.png\" alt=\"\" width=\"50\" height=\"50\" srcset=\"https:\/\/agripedia.ch\/strategidea\/wp-content\/uploads\/sites\/7\/2019\/02\/Index_6_Analyse-interne-66x66.png 66w, https:\/\/agripedia.ch\/strategidea\/wp-content\/uploads\/sites\/7\/2019\/02\/Index_6_Analyse-interne-150x150.png 150w, https:\/\/agripedia.ch\/strategidea\/wp-content\/uploads\/sites\/7\/2019\/02\/Index_6_Analyse-interne-200x199.png 200w, https:\/\/agripedia.ch\/strategidea\/wp-content\/uploads\/sites\/7\/2019\/02\/Index_6_Analyse-interne-300x300.png 300w, https:\/\/agripedia.ch\/strategidea\/wp-content\/uploads\/sites\/7\/2019\/02\/Index_6_Analyse-interne.png 354w\" sizes=\"(max-width: 50px) 100vw, 50px\" \/><\/strong>\u00a0Analyser les activit\u00e9s de l\u2019entreprise et de la famille<\/h3>\n<blockquote>\n<p>Les activit\u00e9s de l\u2019entreprise agricole familiale sont l\u2019ensemble des actions qui lui permettent de fournir des biens et des services \u00e0\u00a0 un march\u00e9 ou au m\u00e9nage. Par activit\u00e9, on entend les ateliers de production et les prestations de l\u2019entreprise et de la famille.<\/p>\n<\/blockquote>\n<p>Les cat\u00e9gories d\u2019activit\u00e9 du syst\u00e8me entreprise-famille sont principalement les productions v\u00e9g\u00e9tales, les productions animales, les travaux pour tiers, la transformation, la vente directe, l\u2019agritourisme et autres activit\u00e9s de diversifications, l\u2019\u00e9conomie familiale, etc\u2026<\/p>\n<p>Comme pour les ressources, l\u2019analyse des activit\u00e9s se fait du point de vue strat\u00e9gique (buts, axes et domaines). On doit se demander quelles sont les forces et les faiblesses des activit\u00e9s par rapport \u00e0 la strat\u00e9gie du chef-fe d\u2019entreprise.<\/p>\n<p>L\u2019analyse des activit\u00e9s s\u2019appliquera \u00e0 \u00e9valuer l\u2019ad\u00e9quation des activit\u00e9s avec les ressources internes d\u2019une part, et avec les opportunit\u00e9s et les menaces du contexte d\u2019autre part. Autrement dit, l\u2019analyse d\u00e9taill\u00e9e d\u2019une activit\u00e9 donn\u00e9e requiert l\u2019\u00e9tude de sa combinaison avec les ressources et les autres activit\u00e9s, ainsi que sa mise en relation avec le contexte. Il s\u2019agit \u00e9galement de mettre en \u00e9vidence les potentiels non exploit\u00e9s de l\u2019activit\u00e9.<\/p>\n<p>Les analyses d\u00e9taill\u00e9es des activit\u00e9s s\u2019appuient sur les questions g\u00e9n\u00e9rales suivantes\u00a0:<\/p>\n<ul>\n<li>Cette activit\u00e9 est-elle adapt\u00e9e \u00e0 la strat\u00e9gie ? R\u00e9pond-elle aux buts strat\u00e9giques des d\u00e9cideur-euse-s ou au contraire, impose-t-elle des contraintes fortes \u00e0 l\u2019accomplissement des buts\u00a0?<\/li>\n<li>Quelles sont les perspectives envisag\u00e9es pour cette activit\u00e9\u00a0? Quelles sont les \u00e9ch\u00e9ances connues li\u00e9es \u00e0 cette activit\u00e9\u00a0?<\/li>\n<li>Quelles personnes r\u00e9alisent cette activit\u00e9\u00a0? L\u2019activit\u00e9 est-elle adapt\u00e9e aux comp\u00e9tences, int\u00e9r\u00eats et motivations des personnes\u00a0?<\/li>\n<li>Quelles comp\u00e9tences\u00a0sont requises pour r\u00e9aliser cette activit\u00e9 ?<\/li>\n<li>Est-elle adapt\u00e9e aux ressources disponibles (y compris aux moyens financiers) ?<\/li>\n<li>Est-elle adapt\u00e9e au contexte (milieu, l\u00e9gislation, partenaires commerciaux actuels et futurs, etc.)\u00a0?<\/li>\n<li>Est-elle raisonn\u00e9e en termes de flexibilit\u00e9 (adaptation \u00e0 de nouvelles situations, par exemple \u00e9volution de la main-d\u2019\u0153uvre disponible ou \u00e0 des nouvelles conditions-cadres) ?<\/li>\n<li>Quel est son potentiel ?<\/li>\n<\/ul>\n<p>Les analyses d\u00e9taill\u00e9es reposent sur des donn\u00e9es quantitatives et qualitatives, techniques et financi\u00e8res, apport\u00e9es le cas \u00e9ch\u00e9ant par les experts des productions et des prestations concern\u00e9es. Exemples de donn\u00e9es trait\u00e9es : le r\u00e9sultat technique d\u2019une production, sa marge brute, le temps de travail et la p\u00e9nibilit\u00e9 li\u00e9s \u00e0 l\u2019activit\u00e9, le capital investi, la motivation de l\u2019agriculteur pour la r\u00e9alisation de cette activit\u00e9, etc\u2026<\/p>\n<\/div><div class=\"fusion-clearfix\"><\/div><\/div><\/div><div class=\"fusion-layout-column fusion_builder_column fusion-builder-column-1 fusion_builder_column_1_1 1_1 fusion-one-full fusion-column-first fusion-column-last\" style=\"--awb-bg-size:cover;\"><div class=\"fusion-column-wrapper fusion-flex-column-wrapper-legacy\"><div class=\"fusion-section-separator section-separator clouds fusion-section-separator-1\" style=\"--awb-spacer-height:99px;--awb-svg-margin-left:0;--awb-svg-margin-right:0;--awb-divider-height:99px;--awb-spacer-padding-top:inherit;--awb-sep-padding:0;--awb-svg-padding:0;\"><div class=\"fusion-section-separator-svg\"><svg class=\"fusion-clouds-candy\" xmlns=\"http:\/\/www.w3.org\/2000\/svg\" version=\"1.1\" width=\"100%\" height=\"100\" viewBox=\"0 0 100 100\" preserveAspectRatio=\"none\" fill=\"rgba(246,246,246,1)\"><path d=\"M-5 100 Q 0 20 5 100 Z\"><\/path>\n\t\t\t\t\t\t\t\t<path d=\"M0 100 Q 5 0 10 100\"><\/path>\n\t\t\t\t\t\t\t\t<path d=\"M5 100 Q 10 30 15 100\"><\/path>\n\t\t\t\t\t\t\t\t<path d=\"M10 100 Q 15 10 20 100\"><\/path>\n\t\t\t\t\t\t\t\t<path d=\"M15 100 Q 20 30 25 100\"><\/path>\n\t\t\t\t\t\t\t\t<path d=\"M20 100 Q 25 -10 30 100\"><\/path>\n\t\t\t\t\t\t\t\t<path d=\"M25 100 Q 30 10 35 100\"><\/path>\n\t\t\t\t\t\t\t\t<path d=\"M30 100 Q 35 30 40 100\"><\/path>\n\t\t\t\t\t\t\t\t<path d=\"M35 100 Q 40 10 45 100\"><\/path>\n\t\t\t\t\t\t\t\t<path d=\"M40 100 Q 45 50 50 100\"><\/path>\n\t\t\t\t\t\t\t\t<path d=\"M45 100 Q 50 20 55 100\"><\/path>\n\t\t\t\t\t\t\t\t<path d=\"M50 100 Q 55 40 60 100\"><\/path>\n\t\t\t\t\t\t\t\t<path d=\"M55 100 Q 60 60 65 100\"><\/path>\n\t\t\t\t\t\t\t\t<path d=\"M60 100 Q 65 50 70 100\"><\/path>\n\t\t\t\t\t\t\t\t<path d=\"M65 100 Q 70 20 75 100\"><\/path>\n\t\t\t\t\t\t\t\t<path d=\"M70 100 Q 75 45 80 100\"><\/path>\n\t\t\t\t\t\t\t\t<path d=\"M75 100 Q 80 30 85 100\"><\/path>\n\t\t\t\t\t\t\t\t<path d=\"M80 100 Q 85 20 90 100\"><\/path>\n\t\t\t\t\t\t\t\t<path d=\"M85 100 Q 90 50 95 100\"><\/path>\n\t\t\t\t\t\t\t\t<path d=\"M90 100 Q 95 25 100 100\"><\/path>\n\t\t\t\t\t\t\t\t<path d=\"M95 100 Q 100 15 105 100 Z\"><\/path><\/svg><\/div><div class=\"fusion-section-separator-spacer\"><div class=\"fusion-section-separator-spacer-height\"><\/div><\/div><\/div><div class=\"fusion-clearfix\"><\/div><\/div><\/div><\/div><\/div><div class=\"fusion-fullwidth fullwidth-box fusion-builder-row-2 nonhundred-percent-fullwidth non-hundred-percent-height-scrolling\" style=\"--awb-border-radius-top-left:0px;--awb-border-radius-top-right:0px;--awb-border-radius-bottom-right:0px;--awb-border-radius-bottom-left:0px;--awb-flex-wrap:wrap;\" ><div class=\"fusion-builder-row fusion-row\"><div class=\"fusion-layout-column fusion_builder_column fusion-builder-column-2 fusion_builder_column_1_1 1_1 fusion-one-full fusion-column-first fusion-column-last\" style=\"--awb-bg-size:cover;\"><div class=\"fusion-column-wrapper fusion-flex-column-wrapper-legacy\"><div class=\"fusion-menu-anchor\" id=\"Boite\"><\/div><div class=\"fusion-text fusion-text-2\"><h3><img decoding=\"async\" class=\"alignnone wp-image-1490\" src=\"https:\/\/agripedia.ch\/strategidea\/wp-content\/uploads\/sites\/7\/2019\/02\/Index_6_Analyse-interne.png\" alt=\"\" width=\"50\" height=\"50\" srcset=\"https:\/\/agripedia.ch\/strategidea\/wp-content\/uploads\/sites\/7\/2019\/02\/Index_6_Analyse-interne-66x66.png 66w, https:\/\/agripedia.ch\/strategidea\/wp-content\/uploads\/sites\/7\/2019\/02\/Index_6_Analyse-interne-150x150.png 150w, https:\/\/agripedia.ch\/strategidea\/wp-content\/uploads\/sites\/7\/2019\/02\/Index_6_Analyse-interne-200x199.png 200w, https:\/\/agripedia.ch\/strategidea\/wp-content\/uploads\/sites\/7\/2019\/02\/Index_6_Analyse-interne-300x300.png 300w, https:\/\/agripedia.ch\/strategidea\/wp-content\/uploads\/sites\/7\/2019\/02\/Index_6_Analyse-interne.png 354w\" sizes=\"(max-width: 50px) 100vw, 50px\" \/>\u00a0Boite \u00e0 outils<\/h3>\n<\/div><div class=\"fusion-clearfix\"><\/div><\/div><\/div><div class=\"fusion-layout-column fusion_builder_column fusion-builder-column-3 fusion_builder_column_1_3 1_3 fusion-one-third fusion-column-first\" style=\"--awb-bg-size:cover;width:33.333333333333%;width:calc(33.333333333333% - ( ( 4% + 4% ) * 0.33333333333333 ) );margin-right: 4%;\"><div class=\"fusion-column-wrapper fusion-flex-column-wrapper-legacy\"><div class=\"fusion-text fusion-text-3\"><div class=\"textbox exercises\">\n<h4>Guider un entretien<\/h4>\n<ul>\n<li><a href=\"https:\/\/agripedia.ch\/strategidea?leaky-paywall-media-download=1351\" target=\"_blank\" rel=\"noopener noreferrer\">Guide d\u2019entretien : les activit\u00e9s de l\u2019entreprise et de la famille<\/a><\/li>\n<\/ul>\n<\/div>\n<\/div><div class=\"fusion-clearfix\"><\/div><\/div><\/div><div class=\"fusion-layout-column fusion_builder_column fusion-builder-column-4 fusion_builder_column_1_3 1_3 fusion-one-third\" style=\"--awb-bg-size:cover;width:33.333333333333%;width:calc(33.333333333333% - ( ( 4% + 4% ) * 0.33333333333333 ) );margin-right: 4%;\"><div class=\"fusion-column-wrapper fusion-flex-column-wrapper-legacy\"><div class=\"fusion-text fusion-text-4\"><div class=\"textbox exercises\">\n<h4>R\u00e9sumer les pr\u00e9visions d\u2019\u00e9volution<\/h4>\n<ul>\n<li><a href=\"https:\/\/agripedia.ch\/strategidea?leaky-paywall-media-download=1353\" target=\"_blank\" rel=\"noopener noreferrer\">Formulaire : les pr\u00e9visions d\u2019\u00e9volution des activit\u00e9s<\/a><\/li>\n<\/ul>\n<\/div>\n<div class=\"textbox exercises\"><\/div>\n<\/div><div class=\"fusion-clearfix\"><\/div><\/div><\/div><div class=\"fusion-layout-column fusion_builder_column fusion-builder-column-5 fusion_builder_column_1_3 1_3 fusion-one-third fusion-column-last\" style=\"--awb-bg-size:cover;width:33.333333333333%;width:calc(33.333333333333% - ( ( 4% + 4% ) * 0.33333333333333 ) );\"><div class=\"fusion-column-wrapper fusion-flex-column-wrapper-legacy\"><div class=\"fusion-text fusion-text-5\"><h4>Pr\u00e9parer la synth\u00e8se SWOT<\/h4>\n<div class=\"textbox exercises\">\n<ul>\n<li><a href=\"https:\/\/agripedia.ch\/strategidea?leaky-paywall-media-download=1355\" target=\"_blank\" rel=\"noopener noreferrer\">Formulaire : r\u00e9sum\u00e9 des forces et des faiblesses des activit\u00e9s<\/a><\/li>\n<\/ul>\n<\/div>\n<\/div><div class=\"fusion-clearfix\"><\/div><\/div><\/div><\/div><\/div><\/p>\n","protected":false},"excerpt":{"rendered":"","protected":false},"author":7,"featured_media":0,"parent":371,"menu_order":2,"comment_status":"closed","ping_status":"closed","template":"100-width.php","meta":{"_sb_is_suggestion_mode":false,"_sb_show_suggestion_boards":false,"_sb_show_comment_boards":false,"_sb_suggestion_history":"","_sb_update_block_changes":"","_monsterinsights_skip_tracking":false,"_monsterinsights_sitenote_active":false,"_monsterinsights_sitenote_note":"","_monsterinsights_sitenote_category":0,"footnotes":""},"class_list":["post-477","page","type-page","status-publish","hentry"],"_links":{"self":[{"href":"https:\/\/agripedia.ch\/strategidea\/wp-json\/wp\/v2\/pages\/477","targetHints":{"allow":["GET"]}}],"collection":[{"href":"https:\/\/agripedia.ch\/strategidea\/wp-json\/wp\/v2\/pages"}],"about":[{"href":"https:\/\/agripedia.ch\/strategidea\/wp-json\/wp\/v2\/types\/page"}],"author":[{"embeddable":true,"href":"https:\/\/agripedia.ch\/strategidea\/wp-json\/wp\/v2\/users\/7"}],"replies":[{"embeddable":true,"href":"https:\/\/agripedia.ch\/strategidea\/wp-json\/wp\/v2\/comments?post=477"}],"version-history":[{"count":22,"href":"https:\/\/agripedia.ch\/strategidea\/wp-json\/wp\/v2\/pages\/477\/revisions"}],"predecessor-version":[{"id":4221,"href":"https:\/\/agripedia.ch\/strategidea\/wp-json\/wp\/v2\/pages\/477\/revisions\/4221"}],"up":[{"embeddable":true,"href":"https:\/\/agripedia.ch\/strategidea\/wp-json\/wp\/v2\/pages\/371"}],"wp:attachment":[{"href":"https:\/\/agripedia.ch\/strategidea\/wp-json\/wp\/v2\/media?parent=477"}],"curies":[{"name":"wp","href":"https:\/\/api.w.org\/{rel}","templated":true}]}}