{"id":456,"date":"2018-10-06T13:17:22","date_gmt":"2018-10-06T13:17:22","guid":{"rendered":"https:\/\/knowledgefarm.ch\/strategidea\/?page_id=456"},"modified":"2024-07-26T14:47:09","modified_gmt":"2024-07-26T14:47:09","slug":"references-bibliographiques","status":"publish","type":"page","link":"https:\/\/agripedia.ch\/strategidea\/references-bibliographiques\/","title":{"rendered":"R\u00e9f\u00e9rences bibliographiques"},"content":{"rendered":"<div class=\"fusion-fullwidth fullwidth-box fusion-builder-row-1 nonhundred-percent-fullwidth non-hundred-percent-height-scrolling\" style=\"--awb-border-radius-top-left:0px;--awb-border-radius-top-right:0px;--awb-border-radius-bottom-right:0px;--awb-border-radius-bottom-left:0px;--awb-flex-wrap:wrap;\" ><div class=\"fusion-builder-row fusion-row\"><div class=\"fusion-layout-column fusion_builder_column fusion-builder-column-0 fusion_builder_column_1_1 1_1 fusion-one-full fusion-column-first fusion-column-last\" style=\"--awb-bg-size:cover;--awb-margin-bottom:0px;\"><div class=\"fusion-column-wrapper fusion-flex-column-wrapper-legacy\"><div class=\"fusion-title title fusion-title-1 fusion-sep-none fusion-title-text fusion-title-size-one\"><h1 class=\"fusion-title-heading title-heading-left fusion-responsive-typography-calculated\" style=\"margin:0;--fontSize:60;line-height:1.4;\">Sur la r\u00e9flexion<\/h1><\/div><div class=\"fusion-text fusion-text-1\"><h2><\/h2>\n<p>Abplanalp, P. A., & Lombriser, R. (2013). <em>Strategien verstehen Begriffe, Konzepte und Instrumente des Strategischen Managements.<\/em> Z\u00fcrich: Versus Verlag.<\/p>\n<p>AGRIDEA. (2013). <em>Betriebsplanung.<\/em> Lindau: AGRIDEA.<\/p>\n<p>Akinci, C., & Sadler-Smith, E. (2012). Intuition in management research: a historical review. <em>International Journal of management reviews<\/em>, 104-122.<\/p>\n<p>B\u00e9lisle, C. (2013). <em>Photolangage \u2013 Travail et relations humaines pour mieux vivre son rapport au travail.<\/em> Lyon: Chronique sociale.<\/p>\n<p>Belot, C. (2008). <em>M\u00e9thode de diagnostic d\u2019une exploitation agricole.<\/em> Dijon: Editions Educagri.<\/p>\n<p>Bonneviale, J.-R., Jussiau, R., & Marshall, E. (1989). <em>Approche globale de l\u2019exploitation agricole.<\/em> Dijon: INRAP.<\/p>\n<p>Burke, L. A., & Salder-Smith, E. (2013). Integrating intuition into higher eduction: a perspective from business management. Dans M. Sinclair, <em>Handbook of Intuition Research<\/em> (pp. 237-246). Cheltenham, UK \u2013 Northampton, USA: Edward Elgar Publishing Ltd.<\/p>\n<p>Capitaine, M., Granier, A., Jeanneaux, P., Pervanchon, F., Bletterie, N. D., & De Framond, H. (2013). Accompagner la d\u00e9marche de management strat\u00e9gique de l\u2019exploitation agricole . <em>Economie rurale, 337<\/em>, pp. 75-90.<\/p>\n<p>CEDEFOP. (2004). <em>Trousseau d\u2019outils pour la construction de sc\u00e9narios.<\/em> Luxembourg: Offices des publications officielles des communaut\u00e9s europ\u00e9ennes.<\/p>\n<p>Coget, J.-F. (2013). The critical decision vortex \u2013 interplay of intuition, reason, and emotion : comparison of three dynamic industries. Dans M. Sinclair, <em>Handbook of intuition reseach<\/em> (pp. 133-144). Cheltenham, UK \u2013 Northampton, USA: Edward Elgar Publishing Ltd.<\/p>\n<p>Dane, E., & Pratt, M. G. (2007). Exploring intuition and its role in managerial decision making. <em>Academy of management review Vol. 32, No.1<\/em>, 33-54.<\/p>\n<p>Dragon, P., & Al. (2008). <em>Agriculture et complexit\u00e9.<\/em> Nantes: Editions AC3A.<\/p>\n<p>Duggan, W., & Mason, M. (2013). Strategic intuition. Dans M. Sinclair, <em>Handbook of intuition research<\/em> (pp. 79-87). Cheltenham, UK \u2013 Northampton, USA: Edward Elgar Publishing Ltd.<\/p>\n<p>Eckert, C., Siclari, A., Marchand, M., Schl\u00e4fli, Kuno, Frei, & Natalie. (2005). <em>SDC Knowledge Management Tools.<\/em> R\u00e9cup\u00e9r\u00e9 sur SDC Learning & Networking: https:\/\/www.shareweb.ch\/site\/Learning-and-Networking\/sdc_km_tools\/Pages\/Home-SDC-KM-Tools.aspx<\/p>\n<p>Falque, L., & Bougon, B. (2013). <em>Pratiques de la d\u00e9cision 3e \u00e9dition.<\/em> Paris: Dunod.<\/p>\n<p>Frey, U. (2018). KMU Leadership \u2013 Block 1 : Wirksame F\u00fchrung im Wandel : Leadership und strategische F\u00fchrung. St.Gallen: Schweizerisches Institut f\u00fcr Klein- und Mittelunternehmen, Universit\u00e4t St.Gallen.<\/p>\n<p>Gaudin, M., Jaffr\u00e8s, C., & R\u00e9thor\u00e9, A. (2011). <em>Gestion de l\u2019exploitation agricole : El\u00e9ments pour la prise de d\u00e9cision \u00e0 partir de l\u2019\u00e9tude de cas concrets<\/em> (\u00e9d. 3e \u00e9dition). Tec & Doc Lavoisier.<\/p>\n<p>Giget, M. (1998). <em>La dynamique strat\u00e9gique de l\u2019entreprise.<\/em> Paris: Dunod.<\/p>\n<p>Godet, M. (2004). <em>Cahiers du Lipsor n\u00b05 \u2013 La bo\u00eete \u00e0 outils de prospective strat\u00e9gique.<\/em> Paris: CNAM.<\/p>\n<p>Godet, M. (2007). <em>Manuel de prospective strat\u00e9gique \u2013 Tome 2 \u2013 l\u2019Art et la m\u00e9thode.<\/em> Paris: Dunod.<\/p>\n<p>Guichard, M., & Michaud, R. (1994). <em>La strat\u00e9gie \u00e0 pas cont\u00e9s.<\/em> Dijon: Editions CNERTA-SED.<\/p>\n<p>Hetman, F. (1969). <em>Le langage de la pr\u00e9vision \u2013 The language of Forecasting.<\/em> Paris: SEDEIS.<\/p>\n<p>Jaoui, H., & Dell\u2019aqui\u00e9a, I. (2015). <em>66 techniques cr\u00e9atives pour animateurs et formateurs.<\/em> Caen: Editions EMS.<\/p>\n<p>Johnson, G., & Al. (2014). <em>Strat\u00e9gique 10e \u00e9dition.<\/em> Montreuil: Pearson France.<\/p>\n<p>Kickul, J. R., & Gundry, L. (2013). Entrepreneurial intuition. Dans M. Sinclair, <em>Handbook of intuition research<\/em> (pp. 88-96). Cheltenham, UK \u2013 Northampton, USA: Edward Elgar Publishing Ltd.<\/p>\n<p>Lebraty, J.-F. (2007). D\u00e9cision et Intuition : un \u00e9tat des lieux. <em>Education and Management<\/em>, 33-37.<\/p>\n<p>Levallois, R. (2014). <em>Guide de gestion de l\u2019entreprise agricole, une approche \u00e9conomique, financi\u00e8re et humaine.<\/em> Paris: Editions France Agricole.<\/p>\n<p>Levallois, R., & Perrier, J.-P. (1999). <em>Gestion strat\u00e9gique de l\u2019entreprise agricole : guide pour les conseillers et conseill\u00e8res.<\/em> Laval: Agri-Gestion Universit\u00e9 de Laval.<\/p>\n<p>Levallois, R., & Perrier, J.-P. (1999). <em>Gestion strat\u00e9gique de l\u2019entreprise agricole : guide pratique.<\/em> Laval: Agri-Gestion Universit\u00e9 de Laval.<\/p>\n<p>Leybourne, S., & Sadler-Smith, E. (2006). The role of intuition and improvisation in project management. <em>International Journal of Project Management, 24<\/em>, 483\u2013492.<\/p>\n<p>Magakian, J.-L., & Payaud, M.-A. (2017). <em>100 fiches pour comprendre la strat\u00e9gique d\u2019entreprise.<\/em> Le Mesnil-sur-l\u2019Estr\u00e9e: Br\u00e9al.<\/p>\n<p>Martrou, J.-L., & Gascard, B. (2014). Cours : gestion du risque dans les projets de l\u2019exploitation agricole. <em>(14.315)<\/em>. AGRIDEA.<\/p>\n<p>McCown, R., & Al. (2012). Farmer use intuition to reinvent analytic decision support of managing seasonal climatic variability. <em>Agricultural Systems No. 106<\/em>, 33-45.<\/p>\n<p>Mollison, B. (2012). <em>Introduction \u00e0 la permaculture.<\/em> La Chapelle-sous-Uchon: Passerelle Eco.<\/p>\n<p>Osterwalder, A., & Pigneur, Y. (2011). <em>Business Model Generation: Ein Handbuch f\u00fcr Vision\u00e4re, Spielver\u00e4nderer und Herausforderer.<\/em> Campus Verlag.<\/p>\n<p>Osterwalder, A., & Pigneur, Y. (2011). <em>Business Model Nouvelle G\u00e9n\u00e9ration : un guide pour visionnaires, r\u00e9volutionnaires et challengers.<\/em> Paris : Pearson Education France, pour l\u2019\u00e9dition fran\u00e7ais.<\/p>\n<p>Perrot, E. (2012). <em>Le discernement manag\u00e9rial entre contraintes et conscience.<\/em> Paris: Descl\u00e9e de brouwer.<\/p>\n<p>Picard, D., & Marc, E. (2015 (2e \u00e9dition)). <em>Que sais-je ? L\u2019\u00e9cole de Paolo Alto.<\/em> Paris: PUF.<\/p>\n<p>Plaisant, O. (2010). Validation par Analyse Factorielle du Big Five Inventory fran\u00e7ais (BFI-Fr) Analyse Convergente avec le NEO-PI-R. <em>Annales M\u00e9dico-Psychologiques, Revue Psychiatrique, 168 (2)<\/em>, 97.<\/p>\n<p>Plaisant, O., Guertault, J., Courtois, R., R\u00e9veill\u00e8re, C., Mendelsohn, G., & John, O. (2010). Histoire des \u00ab\u00a0Big Five\u00a0\u00bb : OCEAN des cinq grands facteurs de personnalit\u00e9. Introduction du Big Five Inventory fran\u00e7ais ou BFI-FR. <em>Annales M\u00e9dico-Psychologiques, Revue psychiatrique, 168 (7) <\/em>, p. pp.481.<\/p>\n<p>Praz, P., Aubert, S., Boutenel, A., Hemmeler, V., & Michaud, R. (2008). <em>Stratagerme.<\/em> Lausanne: AGRIDEA.<\/p>\n<p>R\u00e9viron, S., & Martrou, J.-L. (2017). Cours : connaissance des march\u00e9s pour l\u2019accompagnement de projet. <em>(17.301)<\/em>. AGRIDEA.<\/p>\n<p>Rossselet-Capt. (2016). <em>R\u00eave et intuition.<\/em> Gen\u00e8ve: Editions Jouvence.<\/p>\n<p>Salas, E., Rosen, M. A., & DiazGranados, D. (2009). Expertise-Based Intuition and Decision Making in Organizations. <em>Journal of Management<\/em>, 1\u201331.<\/p>\n<p>Salder-Smith, E., & Shefy, E. (2007). Developping intuitive awareness in management education. <em>Academy of management learning and ecudation, 6<\/em>(2), pp. 186-205.<\/p>\n<p>Shapiro, S., & Spence, M. T. (1997, January-February). Managerial Intuition: a conceptual and operational framework. <em>Business Horizons<\/em>.<\/p>\n<p>Sinclair, M., & Ashkanasy, N. M. (2005). Intuition: Myth or a decision-making tool? <em>Management Learning 36 (3)<\/em>, 353-370.<\/p>\n<p>Stocker, P. O., & Wyrsch, E. (2014). <em>Die Unternehmensstrategie.<\/em> Z\u00fcrich: Verlag SKV.<\/p>\n<p>Strick, M., & Dijksterhuis, A. (2013). Intuition and unconscious thought. Dans M. Sinclair, <em>Handbook of Intuition Research<\/em> (pp. 28-36). Cheltenham, UK \u2013 Northampton, USA: Edward Elgar Publishing Ltd.<\/p>\n<p>Thommen, J.-P. (1997). <em>Introduction \u00e0 la gestion d\u2019entreprise 3e \u00e9dition.<\/em> Zurich: Versus.<\/p>\n<p>Torset, C. (2005). La r\u00e9flexion strat\u00e9gique, objet et outil de recherche pour le management strat\u00e9gique ? Dans C. N. M\u00e9tiers (\u00c9d.), <em>XIV\u00e8me conf\u00e9rence internationale de management strat\u00e9gique.<\/em> Angers, France. R\u00e9cup\u00e9r\u00e9 sur http:\/\/www.strategie-aims.com\/angers05\/com\/125-818comd.pdf, 2005<\/p>\n<p><em>What is family farming?<\/em> (2014). R\u00e9cup\u00e9r\u00e9 sur International Year of Family Farming: http:\/\/www.fao.org\/family-farming-2014\/home\/what-is-family-farming\/en\/<\/p>\n<p>Wikip\u00e9dia. (2016, avril 7). <em>Approche syst\u00e9mique<\/em>. R\u00e9cup\u00e9r\u00e9 sur Wikip\u00e9dia: https:\/\/fr.wikipedia.org\/wiki\/Approche_syst%C3%A9mique<\/p>\n<p>Wikip\u00e9dia. (2017, Janvier 8). <em>Heuristique de jugement<\/em>. R\u00e9cup\u00e9r\u00e9 sur Wikip\u00e9dia: https:\/\/fr.wikipedia.org\/wiki\/Heuristique_de_jugement<\/p>\n<p>Wikip\u00e9dia. (s.d.). <em>Mod\u00e8le des Big Five.<\/em> R\u00e9cup\u00e9r\u00e9 sur fr.wikipedia.org: https:\/\/fr.wikipedia.org\/wiki\/Mod%C3%A8le_des_Big_Five_(psychologie)<\/p>\n<\/div><div class=\"fusion-title title fusion-title-2 fusion-sep-none fusion-title-text fusion-title-size-one\"><h1 class=\"fusion-title-heading title-heading-left fusion-responsive-typography-calculated\" style=\"margin:0;--fontSize:60;line-height:1.4;\">Sur le pilotage<\/h1><\/div><div class=\"fusion-text fusion-text-2\"><p>Allain, S. (1999, Mars-avril). Approche cognitive du pilotage strat\u00e9gique de l\u2019entreprise agricole. <em>\u00c9conomie rurale. N\u00b0250<\/em>, pp. 21-30.<\/p>\n<p>Avenier, M.-J. (1999, octobre). La Strat\u00e9gie chemin faisant. <em>Gestion 2000<\/em>, pp. 13-44.<\/p>\n<p>Dameron, S., & Torset, C. (2012, N\u00b0 223). Les strat\u00e8ges face \u00e0 la strat\u00e9gie. Tensions et pratiques. <em>Revue fran\u00e7aise de gestion<\/em>, p. 27 \u00e0 41.<\/p>\n<p>Gafsi, M. (2017, juillet-ao\u00fbt). Les strat\u00e9gies de diversification des exploitations agricoles \u2013 Enseignements th\u00e9oriques et empiriques. <em>\u00c9conomie rurale<\/em>.<\/p>\n<p>Goy, H. (2022). Le faux d\u00e9clin du management strat\u00e9gique. <em>Projet de communication soumis \u00e0 la 31\u00e8me conf\u00e9rence de l\u2019AIMS.<\/em> HAL.<\/p>\n<p>Hemidy, L., Boiteux, J., & Cartel, H. (1996). Aide \u00e0 la d\u00e9cision et accompagnement strat\u00e9gique: l\u2019exp\u00e9rience du CDER de la Marne. <em>Aide \u00e0 la d\u00e9cision et choix de strat\u00e9gies dans les entreprises agricoles.<\/em> Laon: INRA.<\/p>\n<p>Hemidy, L., Maxime, F., & Soler, L.-G. (1993, N\u00b028, 3e trimestre). Instrumentation et pilotage strat\u00e9gique dans l\u2019entreprise agricole. <em>Cahiers d\u2019Economie et sociologie rurales<\/em>, pp. 91-118.<\/p>\n<p>Jeanneaux, P. (2010). Proposition d\u2019un cadre m\u00e9thodologique d\u2019accompagnement \u00e0 la d\u00e9marche de management strat\u00e9gique de l\u2019exploitation agricole. <em>Colloque SFER \u00ab\u00a0Conseil en agriculture : acteurs, march\u00e9s, mutations \u00ab\u00a0.<\/em> Dijon.<\/p>\n<p>Lorino, P., & Tarondeau, J.-C. (1998, n\u00b0 117). De la strat\u00e9gie aux processus strat\u00e9giques. <em>Revue fran\u00e7aise de gestion<\/em>.<\/p>\n<p>Martinet, A.-C. (1993, N\u00b0 93). Strat\u00e9gie et pens\u00e9e complexe. <em>Revue fran\u00e7aise de gestion<\/em>.<\/p>\n<p>Michaud, R., & Guichard, M. (1994). <em>La strat\u00e9gie \u00e0 pas cont\u00e9s \u2013 Piloter l\u2019entreprise agricole dans l\u2019incertitude et dans la complexit\u00e9.<\/em> ENESAD.<\/p>\n<p>Morin, E. (1990). <em>Science avec conscience.<\/em> Paris: Seuil.<\/p>\n<p>Torset, C. (2005). La r\u00e9flexion strat\u00e9gique, objet et outil de recherche pour le management strat\u00e9gique ? <em>XIV\u00e8me conf\u00e9rence internationale de management strat\u00e9gique.<\/em> Angers, France.<\/p>\n<\/div><div class=\"fusion-clearfix\"><\/div><\/div><\/div><\/div><\/div>\n","protected":false},"excerpt":{"rendered":"","protected":false},"author":7,"featured_media":0,"parent":0,"menu_order":13,"comment_status":"closed","ping_status":"closed","template":"100-width.php","meta":{"_sb_is_suggestion_mode":false,"_sb_show_suggestion_boards":false,"_sb_show_comment_boards":false,"_sb_suggestion_history":"","_sb_update_block_changes":"","_monsterinsights_skip_tracking":false,"_monsterinsights_sitenote_active":false,"_monsterinsights_sitenote_note":"","_monsterinsights_sitenote_category":0,"footnotes":""},"class_list":["post-456","page","type-page","status-publish","hentry"],"_links":{"self":[{"href":"https:\/\/agripedia.ch\/strategidea\/wp-json\/wp\/v2\/pages\/456","targetHints":{"allow":["GET"]}}],"collection":[{"href":"https:\/\/agripedia.ch\/strategidea\/wp-json\/wp\/v2\/pages"}],"about":[{"href":"https:\/\/agripedia.ch\/strategidea\/wp-json\/wp\/v2\/types\/page"}],"author":[{"embeddable":true,"href":"https:\/\/agripedia.ch\/strategidea\/wp-json\/wp\/v2\/users\/7"}],"replies":[{"embeddable":true,"href":"https:\/\/agripedia.ch\/strategidea\/wp-json\/wp\/v2\/comments?post=456"}],"version-history":[{"count":17,"href":"https:\/\/agripedia.ch\/strategidea\/wp-json\/wp\/v2\/pages\/456\/revisions"}],"predecessor-version":[{"id":6237,"href":"https:\/\/agripedia.ch\/strategidea\/wp-json\/wp\/v2\/pages\/456\/revisions\/6237"}],"wp:attachment":[{"href":"https:\/\/agripedia.ch\/strategidea\/wp-json\/wp\/v2\/media?parent=456"}],"curies":[{"name":"wp","href":"https:\/\/api.w.org\/{rel}","templated":true}]}}