{"id":371,"date":"2018-10-06T09:20:36","date_gmt":"2018-10-06T09:20:36","guid":{"rendered":"https:\/\/knowledgefarm.ch\/strategidea\/?page_id=371"},"modified":"2019-07-11T08:07:56","modified_gmt":"2019-07-11T08:07:56","slug":"lanalyse-strategique-interne","status":"publish","type":"page","link":"https:\/\/agripedia.ch\/strategidea\/lanalyse-strategique-interne\/","title":{"rendered":"L&rsquo;analyse strat\u00e9gique interne"},"content":{"rendered":"<p><div class=\"fusion-fullwidth fullwidth-box fusion-builder-row-1 nonhundred-percent-fullwidth non-hundred-percent-height-scrolling\" style=\"--awb-border-radius-top-left:0px;--awb-border-radius-top-right:0px;--awb-border-radius-bottom-right:0px;--awb-border-radius-bottom-left:0px;--awb-flex-wrap:wrap;\" ><div class=\"fusion-builder-row fusion-row\"><div class=\"fusion-layout-column fusion_builder_column fusion-builder-column-0 fusion_builder_column_1_5 1_5 fusion-one-fifth fusion-column-first\" style=\"--awb-bg-size:cover;width:20%;width:calc(20% - ( ( 4% + 4% + 4% + 4% ) * 0.2 ) );margin-right: 4%;\"><div class=\"fusion-column-wrapper fusion-flex-column-wrapper-legacy\"><div class=\"fusion-button-wrapper\"><a class=\"fusion-button button-flat fusion-button-default-size button-default fusion-button-default button-1 fusion-button-default-span fusion-button-default-type\" style=\"--button-border-radius-top-left:0;--button-border-radius-top-right:0;--button-border-radius-bottom-right:0;--button-border-radius-bottom-left:0;\" target=\"_self\" href=\"https:\/\/agripedia.ch\/strategidea\/lanalyse-strategique-interne\/analyser-les-ressources-de-lentreprise\/\"><span class=\"fusion-button-text awb-button__text awb-button__text--default fusion-button-text-right\">Analyse des ressources<\/span><span class=\"fusion-button-icon-divider button-icon-divider-right\"><i class=\"fa-file-import fas awb-button__icon awb-button__icon--default\" aria-hidden=\"true\"><\/i><\/span><\/a><\/div><div class=\"fusion-clearfix\"><\/div><\/div><\/div><div class=\"fusion-layout-column fusion_builder_column fusion-builder-column-1 fusion_builder_column_1_5 1_5 fusion-one-fifth\" style=\"--awb-bg-size:cover;width:20%;width:calc(20% - ( ( 4% + 4% + 4% + 4% ) * 0.2 ) );margin-right: 4%;\"><div class=\"fusion-column-wrapper fusion-flex-column-wrapper-legacy\"><div class=\"fusion-button-wrapper\"><a class=\"fusion-button button-flat fusion-button-default-size button-default fusion-button-default button-2 fusion-button-default-span fusion-button-default-type\" style=\"--button-border-radius-top-left:0;--button-border-radius-top-right:0;--button-border-radius-bottom-right:0;--button-border-radius-bottom-left:0;\" target=\"_self\" href=\"https:\/\/agripedia.ch\/strategidea\/lanalyse-strategique-interne\/analyser-les-activites\/\"><span class=\"fusion-button-text awb-button__text awb-button__text--default fusion-button-text-right\">Analyse des activit\u00e9s<\/span><span class=\"fusion-button-icon-divider button-icon-divider-right\"><i class=\"fa-file-import fas awb-button__icon awb-button__icon--default\" aria-hidden=\"true\"><\/i><\/span><\/a><\/div><div class=\"fusion-clearfix\"><\/div><\/div><\/div><div class=\"fusion-layout-column fusion_builder_column fusion-builder-column-2 fusion_builder_column_1_5 1_5 fusion-one-fifth\" style=\"--awb-bg-size:cover;width:20%;width:calc(20% - ( ( 4% + 4% + 4% + 4% ) * 0.2 ) );margin-right: 4%;\"><div class=\"fusion-column-wrapper fusion-flex-column-wrapper-legacy\"><div class=\"fusion-button-wrapper\"><a class=\"fusion-button button-flat fusion-button-default-size button-default fusion-button-default button-3 fusion-button-default-span fusion-button-default-type\" style=\"--button-border-radius-top-left:0;--button-border-radius-top-right:0;--button-border-radius-bottom-right:0;--button-border-radius-bottom-left:0;\" target=\"_self\" href=\"https:\/\/agripedia.ch\/strategidea\/lanalyse-strategique-interne\/analyser-la-situation-financiere\/\"><span class=\"fusion-button-text awb-button__text awb-button__text--default fusion-button-text-right\">Situation financi\u00e8re<\/span><span class=\"fusion-button-icon-divider button-icon-divider-right\"><i class=\"fa-file-import fas awb-button__icon awb-button__icon--default\" aria-hidden=\"true\"><\/i><\/span><\/a><\/div><div class=\"fusion-clearfix\"><\/div><\/div><\/div><div class=\"fusion-layout-column fusion_builder_column fusion-builder-column-3 fusion_builder_column_1_5 1_5 fusion-one-fifth\" style=\"--awb-bg-size:cover;width:20%;width:calc(20% - ( ( 4% + 4% + 4% + 4% ) * 0.2 ) );margin-right: 4%;\"><div class=\"fusion-column-wrapper fusion-flex-column-wrapper-legacy\"><div class=\"fusion-button-wrapper\"><a class=\"fusion-button button-flat fusion-button-default-size button-default fusion-button-default button-4 fusion-button-default-span fusion-button-default-type\" style=\"--button-border-radius-top-left:0;--button-border-radius-top-right:0;--button-border-radius-bottom-right:0;--button-border-radius-bottom-left:0;\" target=\"_self\" href=\"https:\/\/agripedia.ch\/strategidea\/lanalyse-strategique-interne\/analyser-lorganisation-du-travail\/\"><span class=\"fusion-button-text awb-button__text awb-button__text--default fusion-button-text-right\">Organisation du travail<\/span><span class=\"fusion-button-icon-divider button-icon-divider-right\"><i class=\"fa-file-import fas awb-button__icon awb-button__icon--default\" aria-hidden=\"true\"><\/i><\/span><\/a><\/div><div class=\"fusion-clearfix\"><\/div><\/div><\/div><div class=\"fusion-layout-column fusion_builder_column fusion-builder-column-4 fusion_builder_column_1_5 1_5 fusion-one-fifth fusion-column-last\" style=\"--awb-bg-size:cover;width:20%;width:calc(20% - ( ( 4% + 4% + 4% + 4% ) * 0.2 ) );\"><div class=\"fusion-column-wrapper fusion-flex-column-wrapper-legacy\"><div class=\"fusion-button-wrapper\"><a class=\"fusion-button button-flat fusion-button-default-size button-default fusion-button-default button-5 fusion-button-default-span fusion-button-default-type\" style=\"--button-border-radius-top-left:0;--button-border-radius-top-right:0;--button-border-radius-bottom-right:0;--button-border-radius-bottom-left:0;\" target=\"_self\" href=\"https:\/\/agripedia.ch\/strategidea\/lanalyse-strategique-interne\/analyser-les-relations-entre-lentreprise-et-la-famille\/\"><span class=\"fusion-button-text awb-button__text awb-button__text--default fusion-button-text-right\">Relations entreprise-famille<\/span><span class=\"fusion-button-icon-divider button-icon-divider-right\"><i class=\"fa-file-import fas awb-button__icon awb-button__icon--default\" aria-hidden=\"true\"><\/i><\/span><\/a><\/div><div class=\"fusion-clearfix\"><\/div><\/div><\/div><div class=\"fusion-layout-column fusion_builder_column fusion-builder-column-5 fusion_builder_column_1_1 1_1 fusion-one-full fusion-column-first fusion-column-last\" style=\"--awb-bg-size:cover;\"><div class=\"fusion-column-wrapper fusion-flex-column-wrapper-legacy\"><div class=\"fusion-section-separator section-separator clouds fusion-section-separator-1\" style=\"--awb-spacer-height:99px;--awb-svg-margin-left:0;--awb-svg-margin-right:0;--awb-divider-height:99px;--awb-spacer-padding-top:inherit;--awb-sep-padding:0;--awb-svg-padding:0;\"><div class=\"fusion-section-separator-svg\"><svg class=\"fusion-clouds-candy\" xmlns=\"http:\/\/www.w3.org\/2000\/svg\" version=\"1.1\" width=\"100%\" height=\"100\" viewBox=\"0 0 100 100\" preserveAspectRatio=\"none\" fill=\"rgba(246,246,246,1)\"><path d=\"M-5 100 Q 0 20 5 100 Z\"><\/path>\n\t\t\t\t\t\t\t\t<path d=\"M0 100 Q 5 0 10 100\"><\/path>\n\t\t\t\t\t\t\t\t<path d=\"M5 100 Q 10 30 15 100\"><\/path>\n\t\t\t\t\t\t\t\t<path d=\"M10 100 Q 15 10 20 100\"><\/path>\n\t\t\t\t\t\t\t\t<path d=\"M15 100 Q 20 30 25 100\"><\/path>\n\t\t\t\t\t\t\t\t<path d=\"M20 100 Q 25 -10 30 100\"><\/path>\n\t\t\t\t\t\t\t\t<path d=\"M25 100 Q 30 10 35 100\"><\/path>\n\t\t\t\t\t\t\t\t<path d=\"M30 100 Q 35 30 40 100\"><\/path>\n\t\t\t\t\t\t\t\t<path d=\"M35 100 Q 40 10 45 100\"><\/path>\n\t\t\t\t\t\t\t\t<path d=\"M40 100 Q 45 50 50 100\"><\/path>\n\t\t\t\t\t\t\t\t<path d=\"M45 100 Q 50 20 55 100\"><\/path>\n\t\t\t\t\t\t\t\t<path d=\"M50 100 Q 55 40 60 100\"><\/path>\n\t\t\t\t\t\t\t\t<path d=\"M55 100 Q 60 60 65 100\"><\/path>\n\t\t\t\t\t\t\t\t<path d=\"M60 100 Q 65 50 70 100\"><\/path>\n\t\t\t\t\t\t\t\t<path d=\"M65 100 Q 70 20 75 100\"><\/path>\n\t\t\t\t\t\t\t\t<path d=\"M70 100 Q 75 45 80 100\"><\/path>\n\t\t\t\t\t\t\t\t<path d=\"M75 100 Q 80 30 85 100\"><\/path>\n\t\t\t\t\t\t\t\t<path d=\"M80 100 Q 85 20 90 100\"><\/path>\n\t\t\t\t\t\t\t\t<path d=\"M85 100 Q 90 50 95 100\"><\/path>\n\t\t\t\t\t\t\t\t<path d=\"M90 100 Q 95 25 100 100\"><\/path>\n\t\t\t\t\t\t\t\t<path d=\"M95 100 Q 100 15 105 100 Z\"><\/path><\/svg><\/div><div class=\"fusion-section-separator-spacer\"><div class=\"fusion-section-separator-spacer-height\"><\/div><\/div><\/div><div class=\"fusion-clearfix\"><\/div><\/div><\/div><\/div><\/div><div class=\"fusion-fullwidth fullwidth-box fusion-builder-row-2 nonhundred-percent-fullwidth non-hundred-percent-height-scrolling\" style=\"--awb-border-radius-top-left:0px;--awb-border-radius-top-right:0px;--awb-border-radius-bottom-right:0px;--awb-border-radius-bottom-left:0px;--awb-flex-wrap:wrap;\" ><div class=\"fusion-builder-row fusion-row\"><div class=\"fusion-layout-column fusion_builder_column fusion-builder-column-6 fusion_builder_column_1_2 1_2 fusion-one-half fusion-column-first\" style=\"--awb-bg-size:cover;width:50%;width:calc(50% - ( ( 4% ) * 0.5 ) );margin-right: 4%;\"><div class=\"fusion-column-wrapper fusion-flex-column-wrapper-legacy\"><div class=\"fusion-text fusion-text-1\"><p>En gestion strat\u00e9gique, l\u2019analyse interne de l\u2019entreprise d\u00e9finit la capacit\u00e9 strat\u00e9gique de l\u2019organisation en distinguant\u00a0: les <a href=\"https:\/\/agripedia.ch\/strategidea\/lanalyse-strategique-interne\/analyser-les-ressources-de-lentreprise\/\">ressources <\/a>(ce que nous avons) et les <a href=\"https:\/\/agripedia.ch\/strategidea\/lanalyse-strategique-interne\/analyser-les-activites\/\">activit\u00e9s <\/a>(ce que nous faisons) (Johnson, 2014).<\/p>\n<p>Dans le domaine agricole, les activit\u00e9s de l\u2019entreprise sont les ateliers de production (productions animales, productions v\u00e9g\u00e9tales,\u2026) et les prestations de l\u2019entreprise (travaux pour tiers, activit\u00e9s de diversification,\u2026). Les ressources de l\u2019entreprise sont les <a href=\"https:\/\/agripedia.ch\/strategidea\/lanalyse-strategique-interne\/analyser-les-ressources-de-lentreprise\/analyser-les-moyens-de-production\/\">moyens de production<\/a>, les <a href=\"https:\/\/agripedia.ch\/strategidea\/lanalyse-strategique-interne\/analyser-la-situation-financiere\/\">ressources financi\u00e8res<\/a>, les <a href=\"https:\/\/agripedia.ch\/strategidea\/lanalyse-strategique-interne\/analyser-les-ressources-de-lentreprise\/analyser-les-ressources-humaines\/\">ressources humaines<\/a> et les <a href=\"https:\/\/agripedia.ch\/strategidea\/lanalyse-strategique-interne\/analyser-les-ressources-de-lentreprise\/analyser-les-ressources-intangibles\/\">ressources intangibles<\/a>.<\/p>\n<blockquote>\n<p>\u00c9tendre l\u2019analyse interne au syst\u00e8me <a href=\"https:\/\/agripedia.ch\/strategidea\/lanalyse-strategique-interne\/analyser-les-relations-entre-lentreprise-et-la-famille\/\">entreprise-famille<\/a>, implique l\u2019analyse des activit\u00e9s familiales (gestion du m\u00e9nage et des enfants) et des ressources familiales (main d\u2019\u0153uvre familiale, capitaux priv\u00e9s, patrimoine, comp\u00e9tences\u2026) dans la mesure o\u00f9 elles interagissent avec l\u2019entreprise.<\/p>\n<\/blockquote>\n<p>Les ressources et les activit\u00e9s sont intimement li\u00e9es. Les maintenir en ad\u00e9quation est une recherche permanente. La gestion strat\u00e9gique affine les lignes de coh\u00e9rences entre ressources et activit\u00e9s qui permettent de mettre en \u0153uvre la strat\u00e9gie. Cela est possible gr\u00e2ce aux comp\u00e9tences du chef d\u2019entreprise et des personnes travaillant sur l\u2019exploitation agricole d\u2019une part, et \u00e0 l\u2019<a href=\"https:\/\/agripedia.ch\/strategidea\/lanalyse-strategique-interne\/analyser-lorganisation-du-travail\/\">organisation du travail<\/a> au sein du syst\u00e8me d\u2019autre part.<\/p>\n<p><span style=\"color: #ffffff\">_<\/span><\/p>\n<\/div><div class=\"fusion-clearfix\"><\/div><\/div><\/div><div class=\"fusion-layout-column fusion_builder_column fusion-builder-column-7 fusion_builder_column_1_2 1_2 fusion-one-half fusion-column-last\" style=\"--awb-bg-size:cover;width:50%;width:calc(50% - ( ( 4% ) * 0.5 ) );\"><div class=\"fusion-column-wrapper fusion-flex-column-wrapper-legacy\"><div class=\"fusion-text fusion-text-2\"><h6 style=\"text-align: center\">LES DIMENSIONS DE L\u2019ANALYSE STRAT\u00c9GIQUE INTERNE<\/h6>\n<p><span style=\"color: #ffffff\">_<\/span><\/p>\n<p><img decoding=\"async\" class=\"wp-image-812 size-600 aligncenter\" src=\"https:\/\/agripedia.ch\/strategidea\/wp-content\/uploads\/sites\/7\/2018\/10\/Index6_LES-DIMENSIONS-DE-LANALYSE-STRATEGIQUE-INTERNE-600x601.png\" alt=\"\" width=\"600\" height=\"601\" srcset=\"https:\/\/agripedia.ch\/strategidea\/wp-content\/uploads\/sites\/7\/2018\/10\/Index6_LES-DIMENSIONS-DE-LANALYSE-STRATEGIQUE-INTERNE-66x66.png 66w, https:\/\/agripedia.ch\/strategidea\/wp-content\/uploads\/sites\/7\/2018\/10\/Index6_LES-DIMENSIONS-DE-LANALYSE-STRATEGIQUE-INTERNE-150x150.png 150w, https:\/\/agripedia.ch\/strategidea\/wp-content\/uploads\/sites\/7\/2018\/10\/Index6_LES-DIMENSIONS-DE-LANALYSE-STRATEGIQUE-INTERNE-200x200.png 200w, https:\/\/agripedia.ch\/strategidea\/wp-content\/uploads\/sites\/7\/2018\/10\/Index6_LES-DIMENSIONS-DE-LANALYSE-STRATEGIQUE-INTERNE-300x300.png 300w, https:\/\/agripedia.ch\/strategidea\/wp-content\/uploads\/sites\/7\/2018\/10\/Index6_LES-DIMENSIONS-DE-LANALYSE-STRATEGIQUE-INTERNE-400x401.png 400w, https:\/\/agripedia.ch\/strategidea\/wp-content\/uploads\/sites\/7\/2018\/10\/Index6_LES-DIMENSIONS-DE-LANALYSE-STRATEGIQUE-INTERNE-600x601.png 600w, https:\/\/agripedia.ch\/strategidea\/wp-content\/uploads\/sites\/7\/2018\/10\/Index6_LES-DIMENSIONS-DE-LANALYSE-STRATEGIQUE-INTERNE.png 708w\" sizes=\"(max-width: 600px) 100vw, 600px\" \/><\/p>\n<p><span style=\"color: #ffffff\">_<\/span><\/p>\n<\/div><div class=\"fusion-clearfix\"><\/div><\/div><\/div><\/div><\/div><\/p>\n","protected":false},"excerpt":{"rendered":"","protected":false},"author":7,"featured_media":0,"parent":0,"menu_order":6,"comment_status":"closed","ping_status":"closed","template":"","meta":{"_sb_is_suggestion_mode":false,"_sb_show_suggestion_boards":false,"_sb_show_comment_boards":false,"_sb_suggestion_history":"","_sb_update_block_changes":"","_monsterinsights_skip_tracking":false,"_monsterinsights_sitenote_active":false,"_monsterinsights_sitenote_note":"","_monsterinsights_sitenote_category":0,"footnotes":""},"class_list":["post-371","page","type-page","status-publish","hentry"],"_links":{"self":[{"href":"https:\/\/agripedia.ch\/strategidea\/wp-json\/wp\/v2\/pages\/371","targetHints":{"allow":["GET"]}}],"collection":[{"href":"https:\/\/agripedia.ch\/strategidea\/wp-json\/wp\/v2\/pages"}],"about":[{"href":"https:\/\/agripedia.ch\/strategidea\/wp-json\/wp\/v2\/types\/page"}],"author":[{"embeddable":true,"href":"https:\/\/agripedia.ch\/strategidea\/wp-json\/wp\/v2\/users\/7"}],"replies":[{"embeddable":true,"href":"https:\/\/agripedia.ch\/strategidea\/wp-json\/wp\/v2\/comments?post=371"}],"version-history":[{"count":25,"href":"https:\/\/agripedia.ch\/strategidea\/wp-json\/wp\/v2\/pages\/371\/revisions"}],"predecessor-version":[{"id":3061,"href":"https:\/\/agripedia.ch\/strategidea\/wp-json\/wp\/v2\/pages\/371\/revisions\/3061"}],"wp:attachment":[{"href":"https:\/\/agripedia.ch\/strategidea\/wp-json\/wp\/v2\/media?parent=371"}],"curies":[{"name":"wp","href":"https:\/\/api.w.org\/{rel}","templated":true}]}}