{"id":363,"date":"2018-10-06T09:08:41","date_gmt":"2018-10-06T09:08:41","guid":{"rendered":"https:\/\/knowledgefarm.ch\/strategidea\/?page_id=363"},"modified":"2024-07-31T15:40:55","modified_gmt":"2024-07-31T15:40:55","slug":"introduction-a-lanalyse-strategique","status":"publish","type":"page","link":"https:\/\/agripedia.ch\/strategidea\/introduction-a-lanalyse-strategique\/","title":{"rendered":"L&rsquo;analyse strat\u00e9gique"},"content":{"rendered":"<p><div class=\"fusion-fullwidth fullwidth-box fusion-builder-row-1 nonhundred-percent-fullwidth non-hundred-percent-height-scrolling\" style=\"--awb-border-radius-top-left:0px;--awb-border-radius-top-right:0px;--awb-border-radius-bottom-right:0px;--awb-border-radius-bottom-left:0px;--awb-flex-wrap:wrap;\" ><div class=\"fusion-builder-row fusion-row\"><div class=\"fusion-layout-column fusion_builder_column fusion-builder-column-0 fusion_builder_column_1_3 1_3 fusion-one-third fusion-column-first\" style=\"--awb-bg-size:cover;width:33.333333333333%;width:calc(33.333333333333% - ( ( 4% + 4% ) * 0.33333333333333 ) );margin-right: 4%;\"><div class=\"fusion-column-wrapper fusion-flex-column-wrapper-legacy\"><div class=\"fusion-button-wrapper\"><a class=\"fusion-button button-flat fusion-button-default-size button-default fusion-button-default button-1 fusion-button-default-span fusion-button-default-type\" style=\"--button-border-radius-top-left:0;--button-border-radius-top-right:0;--button-border-radius-bottom-right:0;--button-border-radius-bottom-left:0;\" target=\"_self\" href=\"https:\/\/agripedia.ch\/strategidea\/lanalyse-strategique-interne\/\"><span class=\"fusion-button-text awb-button__text awb-button__text--default fusion-button-text-right\">L\u2019analyse interne<\/span><span class=\"fusion-button-icon-divider button-icon-divider-right\"><i class=\"fa-file-import fas awb-button__icon awb-button__icon--default\" aria-hidden=\"true\"><\/i><\/span><\/a><\/div><div class=\"fusion-clearfix\"><\/div><\/div><\/div><div class=\"fusion-layout-column fusion_builder_column fusion-builder-column-1 fusion_builder_column_1_3 1_3 fusion-one-third\" style=\"--awb-bg-size:cover;width:33.333333333333%;width:calc(33.333333333333% - ( ( 4% + 4% ) * 0.33333333333333 ) );margin-right: 4%;\"><div class=\"fusion-column-wrapper fusion-flex-column-wrapper-legacy\"><div class=\"fusion-button-wrapper\"><a class=\"fusion-button button-flat fusion-button-default-size button-default fusion-button-default button-2 fusion-button-default-span fusion-button-default-type\" style=\"--button-border-radius-top-left:0;--button-border-radius-top-right:0;--button-border-radius-bottom-right:0;--button-border-radius-bottom-left:0;\" target=\"_self\" href=\"https:\/\/agripedia.ch\/strategidea\/lanalyse-strategique-externe\/\"><span class=\"fusion-button-text awb-button__text awb-button__text--default fusion-button-text-right\">L\u2019analyse externe<\/span><span class=\"fusion-button-icon-divider button-icon-divider-right\"><i class=\"fa-file-import fas awb-button__icon awb-button__icon--default\" aria-hidden=\"true\"><\/i><\/span><\/a><\/div><div class=\"fusion-clearfix\"><\/div><\/div><\/div><div class=\"fusion-layout-column fusion_builder_column fusion-builder-column-2 fusion_builder_column_1_3 1_3 fusion-one-third fusion-column-last\" style=\"--awb-bg-size:cover;width:33.333333333333%;width:calc(33.333333333333% - ( ( 4% + 4% ) * 0.33333333333333 ) );\"><div class=\"fusion-column-wrapper fusion-flex-column-wrapper-legacy\"><div class=\"fusion-button-wrapper\"><a class=\"fusion-button button-flat fusion-button-default-size button-default fusion-button-default button-3 fusion-button-default-span fusion-button-default-type\" style=\"--button-border-radius-top-left:0;--button-border-radius-top-right:0;--button-border-radius-bottom-right:0;--button-border-radius-bottom-left:0;\" target=\"_self\" href=\"https:\/\/agripedia.ch\/strategidea\/la-synthese-de-lanalyse-strategique\/\"><span class=\"fusion-button-text awb-button__text awb-button__text--default fusion-button-text-right\">La synth\u00e8se SWOT<\/span><span class=\"fusion-button-icon-divider button-icon-divider-right\"><i class=\"fa-file-import fas awb-button__icon awb-button__icon--default\" aria-hidden=\"true\"><\/i><\/span><\/a><\/div><div class=\"fusion-clearfix\"><\/div><\/div><\/div><div class=\"fusion-layout-column fusion_builder_column fusion-builder-column-3 fusion_builder_column_1_1 1_1 fusion-one-full fusion-column-first fusion-column-last\" style=\"--awb-bg-size:cover;\"><div class=\"fusion-column-wrapper fusion-flex-column-wrapper-legacy\"><div class=\"fusion-section-separator section-separator clouds fusion-section-separator-1\" style=\"--awb-spacer-height:99px;--awb-svg-margin-left:0;--awb-svg-margin-right:0;--awb-divider-height:99px;--awb-spacer-padding-top:inherit;--awb-sep-padding:0;--awb-svg-padding:0;\"><div class=\"fusion-section-separator-svg\"><svg class=\"fusion-clouds-candy\" xmlns=\"http:\/\/www.w3.org\/2000\/svg\" version=\"1.1\" width=\"100%\" height=\"100\" viewBox=\"0 0 100 100\" preserveAspectRatio=\"none\" fill=\"rgba(246,246,246,1)\"><path d=\"M-5 100 Q 0 20 5 100 Z\"><\/path>\n\t\t\t\t\t\t\t\t<path d=\"M0 100 Q 5 0 10 100\"><\/path>\n\t\t\t\t\t\t\t\t<path d=\"M5 100 Q 10 30 15 100\"><\/path>\n\t\t\t\t\t\t\t\t<path d=\"M10 100 Q 15 10 20 100\"><\/path>\n\t\t\t\t\t\t\t\t<path d=\"M15 100 Q 20 30 25 100\"><\/path>\n\t\t\t\t\t\t\t\t<path d=\"M20 100 Q 25 -10 30 100\"><\/path>\n\t\t\t\t\t\t\t\t<path d=\"M25 100 Q 30 10 35 100\"><\/path>\n\t\t\t\t\t\t\t\t<path d=\"M30 100 Q 35 30 40 100\"><\/path>\n\t\t\t\t\t\t\t\t<path d=\"M35 100 Q 40 10 45 100\"><\/path>\n\t\t\t\t\t\t\t\t<path d=\"M40 100 Q 45 50 50 100\"><\/path>\n\t\t\t\t\t\t\t\t<path d=\"M45 100 Q 50 20 55 100\"><\/path>\n\t\t\t\t\t\t\t\t<path d=\"M50 100 Q 55 40 60 100\"><\/path>\n\t\t\t\t\t\t\t\t<path d=\"M55 100 Q 60 60 65 100\"><\/path>\n\t\t\t\t\t\t\t\t<path d=\"M60 100 Q 65 50 70 100\"><\/path>\n\t\t\t\t\t\t\t\t<path d=\"M65 100 Q 70 20 75 100\"><\/path>\n\t\t\t\t\t\t\t\t<path d=\"M70 100 Q 75 45 80 100\"><\/path>\n\t\t\t\t\t\t\t\t<path d=\"M75 100 Q 80 30 85 100\"><\/path>\n\t\t\t\t\t\t\t\t<path d=\"M80 100 Q 85 20 90 100\"><\/path>\n\t\t\t\t\t\t\t\t<path d=\"M85 100 Q 90 50 95 100\"><\/path>\n\t\t\t\t\t\t\t\t<path d=\"M90 100 Q 95 25 100 100\"><\/path>\n\t\t\t\t\t\t\t\t<path d=\"M95 100 Q 100 15 105 100 Z\"><\/path><\/svg><\/div><div class=\"fusion-section-separator-spacer\"><div class=\"fusion-section-separator-spacer-height\"><\/div><\/div><\/div><div class=\"fusion-clearfix\"><\/div><\/div><\/div><\/div><\/div><div class=\"fusion-fullwidth fullwidth-box fusion-builder-row-2 nonhundred-percent-fullwidth non-hundred-percent-height-scrolling\" style=\"--awb-border-radius-top-left:0px;--awb-border-radius-top-right:0px;--awb-border-radius-bottom-right:0px;--awb-border-radius-bottom-left:0px;--awb-flex-wrap:wrap;\" ><div class=\"fusion-builder-row fusion-row\"><div class=\"fusion-layout-column fusion_builder_column fusion-builder-column-4 fusion_builder_column_1_1 1_1 fusion-one-full fusion-column-first fusion-column-last\" style=\"--awb-bg-size:cover;--awb-margin-bottom:0px;\"><div class=\"fusion-column-wrapper fusion-flex-column-wrapper-legacy\"><div class=\"fusion-text fusion-text-1\"><p><span style=\"color: #ffffff\">_<\/span><\/p>\n<h5 style=\"text-align: center\">VUE D\u2019ENSEMBLE DE L\u2019ANALYSE STRAT\u00c9GIQUE<\/h5>\n<p><img decoding=\"async\" class=\"aligncenter wp-image-823 size-600\" src=\"https:\/\/agripedia.ch\/strategidea\/wp-content\/uploads\/sites\/7\/2018\/10\/Index5_VUE-DENSEMBLE-DE-L\u2019ANALYSE-STRAT\u00c9GIQUE_2-600x464.png\" alt=\"\" width=\"600\" height=\"464\" srcset=\"https:\/\/agripedia.ch\/strategidea\/wp-content\/uploads\/sites\/7\/2018\/10\/Index5_VUE-DENSEMBLE-DE-L\u2019ANALYSE-STRAT\u00c9GIQUE_2-200x155.png 200w, https:\/\/agripedia.ch\/strategidea\/wp-content\/uploads\/sites\/7\/2018\/10\/Index5_VUE-DENSEMBLE-DE-L\u2019ANALYSE-STRAT\u00c9GIQUE_2-300x232.png 300w, https:\/\/agripedia.ch\/strategidea\/wp-content\/uploads\/sites\/7\/2018\/10\/Index5_VUE-DENSEMBLE-DE-L\u2019ANALYSE-STRAT\u00c9GIQUE_2-400x309.png 400w, https:\/\/agripedia.ch\/strategidea\/wp-content\/uploads\/sites\/7\/2018\/10\/Index5_VUE-DENSEMBLE-DE-L\u2019ANALYSE-STRAT\u00c9GIQUE_2-600x464.png 600w, https:\/\/agripedia.ch\/strategidea\/wp-content\/uploads\/sites\/7\/2018\/10\/Index5_VUE-DENSEMBLE-DE-L\u2019ANALYSE-STRAT\u00c9GIQUE_2-768x594.png 768w, https:\/\/agripedia.ch\/strategidea\/wp-content\/uploads\/sites\/7\/2018\/10\/Index5_VUE-DENSEMBLE-DE-L\u2019ANALYSE-STRAT\u00c9GIQUE_2-800x619.png 800w, https:\/\/agripedia.ch\/strategidea\/wp-content\/uploads\/sites\/7\/2018\/10\/Index5_VUE-DENSEMBLE-DE-L\u2019ANALYSE-STRAT\u00c9GIQUE_2.png 981w\" sizes=\"(max-width: 600px) 100vw, 600px\" \/><\/p>\n<p><span style=\"color: #ffffff\">_<\/span><\/p>\n<\/div><div class=\"fusion-clearfix\"><\/div><\/div><\/div><div class=\"fusion-layout-column fusion_builder_column fusion-builder-column-5 fusion_builder_column_1_2 1_2 fusion-one-half fusion-column-first\" style=\"--awb-bg-size:cover;width:50%;width:calc(50% - ( ( 4% ) * 0.5 ) );margin-right: 4%;\"><div class=\"fusion-column-wrapper fusion-flex-column-wrapper-legacy\"><div class=\"fusion-text fusion-text-2\"><h3><img decoding=\"async\" class=\"alignnone wp-image-878\" src=\"https:\/\/agripedia.ch\/strategidea\/wp-content\/uploads\/sites\/7\/2019\/02\/Index_5_Analyse-strat\u00e9gique-300x300.png\" alt=\"\" width=\"50\" height=\"50\" \/><strong> L\u2019analyse strat\u00e9gique<\/strong><\/h3>\n<blockquote>\n<p>L\u2019analyse strat\u00e9gique d\u00e9termine les <strong>forces<\/strong> et les <strong>faiblesses<\/strong> du syst\u00e8me entreprise-famille, d\u2019une part, et les <strong>menaces<\/strong> et les <strong>opportunit\u00e9s<\/strong> de son environnement, d\u2019autre part. Cette \u00e9tude peut \u00eatre r\u00e9alis\u00e9e sur l\u2019enti\u00e8ret\u00e9 du syst\u00e8me entreprise-famille; ou il peut \u00eatre n\u00e9cessaire de l\u2019envisager au niveau d\u2019un (ou des) domaine(s) strat\u00e9gique(s) (DAS ou DUS) \u00e0 condition de les avoir identifi\u00e9s au pr\u00e9alable.<\/p>\n<\/blockquote>\n<p>L\u2019analyse strat\u00e9gique vise principalement \u00e0 identifier et \u00e9valuer les facteurs internes et externes, ainsi que les interactions, qui influencent l\u2019orientation \u00e0 long terme du syst\u00e8me entreprise-famille. L\u2019optique de l\u2019analyse strat\u00e9gique est l\u2019anticipation de l\u2019\u00e9volution des diff\u00e9rents facteurs afin de pr\u00e9parer la prise de d\u00e9cision ad\u00e9quate du chef-fe d\u2019entreprise.<\/p>\n<p>Le corps de l\u2019analyse strat\u00e9gique peut \u00eatre divis\u00e9 en deux parties\u00a0:<\/p>\n<ul>\n<li><a href=\"https:\/\/agripedia.ch\/strategidea\/lanalyse-strategique-interne\/\">l\u2019analyse strat\u00e9gique interne<\/a>. En agriculture, elle correspond \u00e0 l\u2019analyse du syst\u00e8me entreprise-famille dans son ensemble. Ces facteurs internes sont interpr\u00e9t\u00e9s en termes de <strong>forces<\/strong> et de <strong>faiblesses<\/strong>. Une force est une activit\u00e9 ou une ressource qui est favorable \u00e0 la r\u00e9alisation de la strat\u00e9gie. Une faiblesse est un manque, un handicap ou une lacune qui nuit \u00e0 la r\u00e9alisation de la strat\u00e9gie. L\u2019\u00e9volution des forces et des faiblesses d\u00e9pendent directement des d\u00e9cisions du chef d\u2019entreprise.<\/li>\n<li><a href=\"https:\/\/agripedia.ch\/strategidea\/lanalyse-strategique-externe\/\">l\u2019analyse strat\u00e9gique externe<\/a>. Elle correspond \u00e0 l\u2019analyse du contexte (environnement) qu\u2019il est possible de diviser au moins en deux strates\u00a0: le micro-environnement (r\u00e9seau de relations) et le macro-environnement (conditions cadres). Ces facteurs externes sont interpr\u00e9t\u00e9s en termes de <strong>menaces<\/strong> et <strong>d\u2019opportunit\u00e9s<\/strong>. Une opportunit\u00e9 est un \u00e9l\u00e9ment de l\u2019environnement du syst\u00e8me entreprise-famille qui est favorable (ou susceptible de le devenir) \u00e0 la mise en \u0153uvre de la strat\u00e9gie. Une menace est un \u00e9l\u00e9ment de l\u2019environnement qui est d\u00e9favorable \u00e0 la r\u00e9alisation de la strat\u00e9gie.<\/li>\n<\/ul>\n<\/div><div class=\"fusion-clearfix\"><\/div><\/div><\/div><div class=\"fusion-layout-column fusion_builder_column fusion-builder-column-6 fusion_builder_column_1_2 1_2 fusion-one-half fusion-column-last\" style=\"--awb-bg-size:cover;width:50%;width:calc(50% - ( ( 4% ) * 0.5 ) );\"><div class=\"fusion-column-wrapper fusion-flex-column-wrapper-legacy\"><div class=\"fusion-text fusion-text-3\"><p>Les analyses d\u00e9taill\u00e9es des facteurs internes et externes sont nombreuses. Chacune met l\u2019accent sur l\u2019\u00e9tude de certains groupes de facteurs qui seront jug\u00e9s pertinents. Les analyses d\u00e9taill\u00e9es seront d\u00e9crites dans les paragraphes suivants.<\/p>\n<p>Lors d\u2019une analyse d\u00e9taill\u00e9e d\u2019un groupe de facteurs, il est important de prendre en compte la compl\u00e9mentarit\u00e9 des donn\u00e9es quantitatives et des donn\u00e9es qualitatives. Une analyse ne peut \u00eatre limit\u00e9e \u00e0 des donn\u00e9es chiffr\u00e9es. L\u2019id\u00e9e n\u2019est pas de bannir les chiffres mais de trouver une nouvelle fa\u00e7on de voir gr\u00e2ce aux deux p\u00f4les compl\u00e9mentaires des informations quantitatives et qualitatives.<\/p>\n<blockquote>\n<p>C\u2019est un avantage que les diff\u00e9rentes analyses puissent \u00eatre faites par diff\u00e9rentes personnes (chef d\u2019entreprise, famille, personnes cl\u00e9s de l\u2019entreprise, conseillers, experts externes, etc.). Mais fondamentalement, c\u2019est le chef d\u2019entreprise qui est l\u2019auteur principal de l\u2019analyse strat\u00e9gique globale.<\/p>\n<\/blockquote>\n<p>L\u2019analyse ne peut se limiter \u00e0 une vision ext\u00e9rieure d\u2019expert\u00a0: c\u2019est la r\u00e9flexion personnelle du chef d\u2019entreprise qui importe, \u00e0 la lumi\u00e8re de l\u2019approfondissement de ses motivations, de ses valeurs, et de ses attentes. Un \u00e9l\u00e9ment du contexte peut donc \u00eatre une opportunit\u00e9 pour un exploitant et une menace pour un autre, au vu de leurs finalit\u00e9s personnelles. C\u2019est en connaissant mieux ses motivations et ses buts strat\u00e9giques que le chef d\u2019entreprise peut identifier les vraies menaces et les opportunit\u00e9s qui le concernent r\u00e9ellement dans l\u2019environnement\u00a0!<\/p>\n<\/div><div class=\"fusion-clearfix\"><\/div><\/div><\/div><\/div><\/div><\/p>\n","protected":false},"excerpt":{"rendered":"","protected":false},"author":7,"featured_media":0,"parent":0,"menu_order":5,"comment_status":"closed","ping_status":"closed","template":"","meta":{"_sb_is_suggestion_mode":false,"_sb_show_suggestion_boards":false,"_sb_show_comment_boards":false,"_sb_suggestion_history":"","_sb_update_block_changes":"","_monsterinsights_skip_tracking":false,"_monsterinsights_sitenote_active":false,"_monsterinsights_sitenote_note":"","_monsterinsights_sitenote_category":0,"footnotes":""},"class_list":["post-363","page","type-page","status-publish","hentry"],"_links":{"self":[{"href":"https:\/\/agripedia.ch\/strategidea\/wp-json\/wp\/v2\/pages\/363","targetHints":{"allow":["GET"]}}],"collection":[{"href":"https:\/\/agripedia.ch\/strategidea\/wp-json\/wp\/v2\/pages"}],"about":[{"href":"https:\/\/agripedia.ch\/strategidea\/wp-json\/wp\/v2\/types\/page"}],"author":[{"embeddable":true,"href":"https:\/\/agripedia.ch\/strategidea\/wp-json\/wp\/v2\/users\/7"}],"replies":[{"embeddable":true,"href":"https:\/\/agripedia.ch\/strategidea\/wp-json\/wp\/v2\/comments?post=363"}],"version-history":[{"count":46,"href":"https:\/\/agripedia.ch\/strategidea\/wp-json\/wp\/v2\/pages\/363\/revisions"}],"predecessor-version":[{"id":6244,"href":"https:\/\/agripedia.ch\/strategidea\/wp-json\/wp\/v2\/pages\/363\/revisions\/6244"}],"wp:attachment":[{"href":"https:\/\/agripedia.ch\/strategidea\/wp-json\/wp\/v2\/media?parent=363"}],"curies":[{"name":"wp","href":"https:\/\/api.w.org\/{rel}","templated":true}]}}