{"id":277,"date":"2018-10-05T14:21:59","date_gmt":"2018-10-05T14:21:59","guid":{"rendered":"https:\/\/knowledgefarm.ch\/strategidea\/?page_id=277"},"modified":"2021-11-02T08:00:54","modified_gmt":"2021-11-02T08:00:54","slug":"apprehender-la-complexite","status":"publish","type":"page","link":"https:\/\/agripedia.ch\/strategidea\/lintuition-strategique\/apprehender-la-complexite\/","title":{"rendered":"Appr\u00e9hender la complexit\u00e9"},"content":{"rendered":"<p><div class=\"fusion-fullwidth fullwidth-box fusion-builder-row-1 nonhundred-percent-fullwidth non-hundred-percent-height-scrolling\" style=\"--awb-border-radius-top-left:0px;--awb-border-radius-top-right:0px;--awb-border-radius-bottom-right:0px;--awb-border-radius-bottom-left:0px;--awb-flex-wrap:wrap;\" ><div class=\"fusion-builder-row fusion-row\"><div class=\"fusion-layout-column fusion_builder_column fusion-builder-column-0 fusion_builder_column_1_2 1_2 fusion-one-half fusion-column-first\" style=\"--awb-bg-size:cover;--awb-margin-bottom:0px;width:48%; margin-right: 4%;\"><div class=\"fusion-column-wrapper fusion-flex-column-wrapper-legacy\"><div class=\"fusion-text fusion-text-1\"><h3><strong><img decoding=\"async\" class=\"alignnone wp-image-263\" src=\"https:\/\/agripedia.ch\/strategidea\/wp-content\/uploads\/sites\/7\/2018\/10\/Screen-Shot-10-05-18-at-03.19-PM-300x300.png\" alt=\"\" width=\"50\" height=\"50\" srcset=\"https:\/\/agripedia.ch\/strategidea\/wp-content\/uploads\/sites\/7\/2018\/10\/Screen-Shot-10-05-18-at-03.19-PM-66x66.png 66w, https:\/\/agripedia.ch\/strategidea\/wp-content\/uploads\/sites\/7\/2018\/10\/Screen-Shot-10-05-18-at-03.19-PM-150x150.png 150w, https:\/\/agripedia.ch\/strategidea\/wp-content\/uploads\/sites\/7\/2018\/10\/Screen-Shot-10-05-18-at-03.19-PM-200x200.png 200w, https:\/\/agripedia.ch\/strategidea\/wp-content\/uploads\/sites\/7\/2018\/10\/Screen-Shot-10-05-18-at-03.19-PM-300x300.png 300w, https:\/\/agripedia.ch\/strategidea\/wp-content\/uploads\/sites\/7\/2018\/10\/Screen-Shot-10-05-18-at-03.19-PM-400x400.png 400w, https:\/\/agripedia.ch\/strategidea\/wp-content\/uploads\/sites\/7\/2018\/10\/Screen-Shot-10-05-18-at-03.19-PM.png 532w\" sizes=\"(max-width: 50px) 100vw, 50px\" \/>\u00a0 Appr\u00e9hender la complexit\u00e9<br \/>\n<\/strong><\/h3>\n<p>Pour appr\u00e9hender la complexit\u00e9, l\u2019\u00e9valuation intuitive utilise des <strong>raccourcis mentaux <\/strong>que l\u2019on appelle des heuristiques de jugement (ou croyances) (Dane & Pratt, 2007). Ces raccourcis mentaux sont utilis\u00e9es quotidiennement ou par habitude. Ils permettent de simplifier les op\u00e9rations mentales dans les t\u00e2ches d\u2019\u00e9valuation d\u2019un probl\u00e8me complexe. C\u2019est un gain de temps car en les utilisant, ils \u00e9vitent de prendre en compte toute la complexit\u00e9 des informations relatives au probl\u00e8me pos\u00e9\u00a0(Heuristique de jugement, 2017).<\/p>\n<p>Les raccourcis r\u00e9alis\u00e9s gr\u00e2ce aux heuristiques de jugement permettent de r\u00e9duire la complexit\u00e9 afin d\u2019obtenir un sch\u00e9ma mental.<\/p>\n<p>Le <strong>risque de l\u2019intuition<\/strong> est que ce sch\u00e9ma mental comporte n\u00e9cessairement des <strong>biais<\/strong> qui conduisent \u00e0 des erreurs de jugement si les heuristiques sont utilis\u00e9es de mani\u00e8re inappropri\u00e9e (par exemple\u00a0: st\u00e9r\u00e9otype, croyance irr\u00e9aliste ou na\u00efve, superstition).<\/p>\n<p>Le sch\u00e9ma mental doit \u00eatre pertinent et \u00e9volutif pour le <strong>domaine <\/strong>dans lequel il est appliqu\u00e9 (Dane & Pratt, 2007). Plus le sch\u00e9ma est pertinent, plus l\u2019intuition sera effective et fiable.<\/p>\n<\/div><div class=\"fusion-clearfix\"><\/div><\/div><\/div><div class=\"fusion-layout-column fusion_builder_column fusion-builder-column-1 fusion_builder_column_1_2 1_2 fusion-one-half fusion-column-last\" style=\"--awb-bg-size:cover;width:48%;\"><div class=\"fusion-column-wrapper fusion-flex-column-wrapper-legacy\"><div class=\"fusion-text fusion-text-2\"><p><span style=\"color: #ffffff\">_<\/span><\/p>\n<p><span style=\"color: #ffffff\">_<\/span><\/p>\n<\/div><div class=\"fusion-text fusion-text-3\"><h5 style=\"text-align: center\">STRUCTURE DU PROBL\u00c8ME ET UTILISATION DE L\u2019INTUITION<\/h5>\n<h5 style=\"text-align: center\">Adapt\u00e9 de (Shapiro & Spence, 1997)<\/h5>\n<p><img decoding=\"async\" class=\"aligncenter wp-image-980 size-600\" src=\"https:\/\/agripedia.ch\/strategidea\/wp-content\/uploads\/sites\/7\/2018\/11\/Index4_STRUCTURE-DU-PROBLEME-ET-UTILISATION-DE-L-INTUITION-600x389.png\" alt=\"\" width=\"600\" height=\"389\" srcset=\"https:\/\/agripedia.ch\/strategidea\/wp-content\/uploads\/sites\/7\/2018\/11\/Index4_STRUCTURE-DU-PROBLEME-ET-UTILISATION-DE-L-INTUITION-200x130.png 200w, https:\/\/agripedia.ch\/strategidea\/wp-content\/uploads\/sites\/7\/2018\/11\/Index4_STRUCTURE-DU-PROBLEME-ET-UTILISATION-DE-L-INTUITION-300x195.png 300w, https:\/\/agripedia.ch\/strategidea\/wp-content\/uploads\/sites\/7\/2018\/11\/Index4_STRUCTURE-DU-PROBLEME-ET-UTILISATION-DE-L-INTUITION-400x260.png 400w, https:\/\/agripedia.ch\/strategidea\/wp-content\/uploads\/sites\/7\/2018\/11\/Index4_STRUCTURE-DU-PROBLEME-ET-UTILISATION-DE-L-INTUITION-600x389.png 600w, https:\/\/agripedia.ch\/strategidea\/wp-content\/uploads\/sites\/7\/2018\/11\/Index4_STRUCTURE-DU-PROBLEME-ET-UTILISATION-DE-L-INTUITION-768x498.png 768w, https:\/\/agripedia.ch\/strategidea\/wp-content\/uploads\/sites\/7\/2018\/11\/Index4_STRUCTURE-DU-PROBLEME-ET-UTILISATION-DE-L-INTUITION-800x519.png 800w, https:\/\/agripedia.ch\/strategidea\/wp-content\/uploads\/sites\/7\/2018\/11\/Index4_STRUCTURE-DU-PROBLEME-ET-UTILISATION-DE-L-INTUITION.png 937w\" sizes=\"(max-width: 600px) 100vw, 600px\" \/><\/p>\n<p><span style=\"color: #ffffff\">_<\/span><\/p>\n<\/div><div class=\"fusion-clearfix\"><\/div><\/div><\/div><div class=\"fusion-layout-column fusion_builder_column fusion-builder-column-2 fusion_builder_column_1_1 1_1 fusion-one-full fusion-column-first fusion-column-last\" style=\"--awb-bg-size:cover;\"><div class=\"fusion-column-wrapper fusion-flex-column-wrapper-legacy\"><div class=\"fusion-text fusion-text-4\"><blockquote>\n<p>Quelles sont les conditions de fiabilisation du sch\u00e9ma mental\u00a0?<\/p>\n<\/blockquote>\n<p>L\u2019efficience du sch\u00e9ma mental (et par voie de cons\u00e9quence de l\u2019intuition) d\u00e9pend de facteurs qui sont li\u00e9s au chef d\u2019entreprise lui-m\u00eame et au contexte\u00a0:<\/p>\n<ul>\n<li><strong>Le niveau d\u2019expertise <\/strong>: l\u2019expertise augmente selon les connaissances du domaine, la pratique et l\u2019exp\u00e9rimentation,<\/li>\n<li><strong>La capacit\u00e9 \u00e0 faire \u00e9voluer les raccourcis mentaux <\/strong>: si les croyances sont fluides et \u00e9volutives, le sch\u00e9ma mental s\u2019adapte mieux aux nouvelles donn\u00e9es.<\/li>\n<li><strong>Les stimuli de l\u2019environnement <\/strong>: plus l\u2019environnement est changeant, plus l\u2019attention \u00e0 l\u2019environnement sera importante,<\/li>\n<li><strong>L\u2019incubation<\/strong> : la pens\u00e9e inconsciente qui structure le sch\u00e9ma mental n\u00e9cessite un temps d\u2019incubation (Strick & Dijksterhuis, 2013).<\/li>\n<\/ul>\n<\/div><div class=\"fusion-text fusion-text-5\"><p>Lorsque l\u2019individu passe d\u2019un sch\u00e9ma mental simple \u00e0 un sch\u00e9ma mental \u00ab\u00a0expert et fluide\u00a0\u00bb, il est capable d\u2019utiliser l\u2019intuition de mani\u00e8re efficiente pour des probl\u00e8mes tr\u00e8s peu structur\u00e9s. En g\u00e9n\u00e9ral, plus le probl\u00e8me touche aux \u00e9l\u00e9ments de strat\u00e9gie, moins le probl\u00e8me est structur\u00e9 et plus le recours \u00e0 l\u2019intuition est grand.<\/p>\n<p>Revenons maintenant aux implications pour le m\u00e9tier d\u2019agriculteur-trice, qui travaille avec des donn\u00e9es hautement complexes, que ce soient les conditions naturelles (sol, climat, plantes, animaux), \u00e9conomiques (march\u00e9s volatiles), l\u00e9gales (lois de plus en plus pointues), et parfois aussi familiales. La progression de <strong>l\u2019expertise personnelle de son entreprise<\/strong> est une cl\u00e9 en faveur d\u2019un jugement intuitif fiable. Il s\u2019av\u00e8re primordial de rep\u00e9rer <strong>ses forces et ses faiblesses<\/strong> (<a href=\"https:\/\/agripedia.ch\/strategidea\/la-synthese-de-lanalyse-strategique\/\">voir la synth\u00e8se de l\u2019analyse strat\u00e9gique, la matrice SWOT<\/a>) tant sur les <strong>connaissances explicites<\/strong> (suivi technico-\u00e9conomiques, donn\u00e9es climatiques et naturelles, tendances des march\u00e9s, r\u00e8gles l\u00e9gislatives, etc.) que sur <strong>l\u2019exp\u00e9rience personnelle<\/strong> en tant qu\u2019homme ou femme travaillant avec le vivant, et aussi en tant qu\u2019entrepreneur-euse.<\/p>\n<\/div><div class=\"fusion-clearfix\"><\/div><\/div><\/div><div class=\"fusion-layout-column fusion_builder_column fusion-builder-column-3 fusion_builder_column_1_2 1_2 fusion-one-half fusion-column-first\" style=\"--awb-bg-size:cover;width:50%;width:calc(50% - ( ( 4% ) * 0.5 ) );margin-right: 4%;\"><div class=\"fusion-column-wrapper fusion-flex-column-wrapper-legacy\"><div class=\"fusion-text fusion-text-6\"><p>L\u2019expertise se renforce par un <strong>apprentissage<\/strong> qui a deux natures\u00a0:<\/p>\n<ul>\n<li>l\u2019apprentissage implicite, c\u2019est-\u00e0-dire involontaire, qui correspond \u00e0 cette consolidation de l\u2019exp\u00e9rience personnelle,<\/li>\n<li>l\u2019apprentissage explicite correspond aux informations et donn\u00e9es que l\u2019on m\u00e9morise de mani\u00e8re volontaire.<\/li>\n<\/ul>\n<p>L\u2019image de l\u2019iceberg est utile pour comprendre le fonctionnement de ces apprentissages.<\/p>\n<p>Intuition et expertise entretiennent le m\u00eame type de lien qu\u2019intuition et complexit\u00e9. L\u2019intuition est enracin\u00e9e dans l\u2019expertise (Leybourne, 2006). Elle fonctionne \u00ab\u00a0sur l\u2019ensemble de l\u2019iceberg\u00a0\u00bb. C\u2019est en cela que la complexit\u00e9 peut \u00eatre appr\u00e9hend\u00e9e et que le d\u00e9cideur peut y exercer son jugement.<\/p>\n<h5><\/h5>\n<\/div><div class=\"fusion-clearfix\"><\/div><\/div><\/div><div class=\"fusion-layout-column fusion_builder_column fusion-builder-column-4 fusion_builder_column_1_2 1_2 fusion-one-half fusion-column-last\" style=\"--awb-bg-size:cover;width:50%;width:calc(50% - ( ( 4% ) * 0.5 ) );\"><div class=\"fusion-column-wrapper fusion-flex-column-wrapper-legacy\"><div class=\"fusion-image-element in-legacy-container\" style=\"--awb-caption-title-font-family:var(--h2_typography-font-family);--awb-caption-title-font-weight:var(--h2_typography-font-weight);--awb-caption-title-font-style:var(--h2_typography-font-style);--awb-caption-title-size:var(--h2_typography-font-size);--awb-caption-title-transform:var(--h2_typography-text-transform);--awb-caption-title-line-height:var(--h2_typography-line-height);--awb-caption-title-letter-spacing:var(--h2_typography-letter-spacing);\"><span class=\" fusion-imageframe imageframe-none imageframe-1 hover-type-none\"><img decoding=\"async\" width=\"991\" height=\"678\" title=\"Index4_Iceberg\" src=\"https:\/\/agripedia.ch\/strategidea\/wp-content\/uploads\/sites\/7\/2019\/07\/Index4_Iceberg.jpg\" alt class=\"img-responsive wp-image-2953\" srcset=\"https:\/\/agripedia.ch\/strategidea\/wp-content\/uploads\/sites\/7\/2019\/07\/Index4_Iceberg-200x137.jpg 200w, https:\/\/agripedia.ch\/strategidea\/wp-content\/uploads\/sites\/7\/2019\/07\/Index4_Iceberg-400x274.jpg 400w, https:\/\/agripedia.ch\/strategidea\/wp-content\/uploads\/sites\/7\/2019\/07\/Index4_Iceberg-600x410.jpg 600w, https:\/\/agripedia.ch\/strategidea\/wp-content\/uploads\/sites\/7\/2019\/07\/Index4_Iceberg-800x547.jpg 800w, https:\/\/agripedia.ch\/strategidea\/wp-content\/uploads\/sites\/7\/2019\/07\/Index4_Iceberg.jpg 991w\" sizes=\"(max-width: 800px) 100vw, 600px\" \/><\/span><\/div><div class=\"fusion-clearfix\"><\/div><\/div><\/div><div class=\"fusion-layout-column fusion_builder_column fusion-builder-column-5 fusion_builder_column_1_1 1_1 fusion-one-full fusion-column-first fusion-column-last\" style=\"--awb-bg-size:cover;\"><div class=\"fusion-column-wrapper fusion-flex-column-wrapper-legacy\"><div class=\"fusion-section-separator section-separator clouds fusion-section-separator-1\" style=\"--awb-spacer-height:99px;--awb-svg-margin-left:0;--awb-svg-margin-right:0;--awb-divider-height:99px;--awb-spacer-padding-top:inherit;--awb-sep-padding:0;--awb-svg-padding:0;\"><div class=\"fusion-section-separator-svg\"><svg class=\"fusion-clouds-candy\" xmlns=\"http:\/\/www.w3.org\/2000\/svg\" version=\"1.1\" width=\"100%\" height=\"100\" viewBox=\"0 0 100 100\" preserveAspectRatio=\"none\" fill=\"rgba(246,246,246,1)\"><path d=\"M-5 100 Q 0 20 5 100 Z\"><\/path>\n\t\t\t\t\t\t\t\t<path d=\"M0 100 Q 5 0 10 100\"><\/path>\n\t\t\t\t\t\t\t\t<path d=\"M5 100 Q 10 30 15 100\"><\/path>\n\t\t\t\t\t\t\t\t<path d=\"M10 100 Q 15 10 20 100\"><\/path>\n\t\t\t\t\t\t\t\t<path d=\"M15 100 Q 20 30 25 100\"><\/path>\n\t\t\t\t\t\t\t\t<path d=\"M20 100 Q 25 -10 30 100\"><\/path>\n\t\t\t\t\t\t\t\t<path d=\"M25 100 Q 30 10 35 100\"><\/path>\n\t\t\t\t\t\t\t\t<path d=\"M30 100 Q 35 30 40 100\"><\/path>\n\t\t\t\t\t\t\t\t<path d=\"M35 100 Q 40 10 45 100\"><\/path>\n\t\t\t\t\t\t\t\t<path d=\"M40 100 Q 45 50 50 100\"><\/path>\n\t\t\t\t\t\t\t\t<path d=\"M45 100 Q 50 20 55 100\"><\/path>\n\t\t\t\t\t\t\t\t<path d=\"M50 100 Q 55 40 60 100\"><\/path>\n\t\t\t\t\t\t\t\t<path d=\"M55 100 Q 60 60 65 100\"><\/path>\n\t\t\t\t\t\t\t\t<path d=\"M60 100 Q 65 50 70 100\"><\/path>\n\t\t\t\t\t\t\t\t<path d=\"M65 100 Q 70 20 75 100\"><\/path>\n\t\t\t\t\t\t\t\t<path d=\"M70 100 Q 75 45 80 100\"><\/path>\n\t\t\t\t\t\t\t\t<path d=\"M75 100 Q 80 30 85 100\"><\/path>\n\t\t\t\t\t\t\t\t<path d=\"M80 100 Q 85 20 90 100\"><\/path>\n\t\t\t\t\t\t\t\t<path d=\"M85 100 Q 90 50 95 100\"><\/path>\n\t\t\t\t\t\t\t\t<path d=\"M90 100 Q 95 25 100 100\"><\/path>\n\t\t\t\t\t\t\t\t<path d=\"M95 100 Q 100 15 105 100 Z\"><\/path><\/svg><\/div><div class=\"fusion-section-separator-spacer\"><div class=\"fusion-section-separator-spacer-height\"><\/div><\/div><\/div><div class=\"fusion-clearfix\"><\/div><\/div><\/div><\/div><\/div><div class=\"fusion-fullwidth fullwidth-box fusion-builder-row-2 nonhundred-percent-fullwidth non-hundred-percent-height-scrolling\" style=\"--awb-border-radius-top-left:0px;--awb-border-radius-top-right:0px;--awb-border-radius-bottom-right:0px;--awb-border-radius-bottom-left:0px;--awb-flex-wrap:wrap;\" ><div class=\"fusion-builder-row fusion-row\"><div class=\"fusion-layout-column fusion_builder_column fusion-builder-column-6 fusion_builder_column_1_1 1_1 fusion-one-full fusion-column-first fusion-column-last\" style=\"--awb-bg-size:cover;\"><div class=\"fusion-column-wrapper fusion-flex-column-wrapper-legacy\"><div class=\"fusion-menu-anchor\" id=\"Boite\"><\/div><div class=\"fusion-text fusion-text-7\"><h3><strong><img decoding=\"async\" class=\"alignnone wp-image-263\" src=\"https:\/\/agripedia.ch\/strategidea\/wp-content\/uploads\/sites\/7\/2018\/10\/Screen-Shot-10-05-18-at-03.19-PM-300x300.png\" alt=\"\" width=\"50\" height=\"50\" srcset=\"https:\/\/agripedia.ch\/strategidea\/wp-content\/uploads\/sites\/7\/2018\/10\/Screen-Shot-10-05-18-at-03.19-PM-66x66.png 66w, https:\/\/agripedia.ch\/strategidea\/wp-content\/uploads\/sites\/7\/2018\/10\/Screen-Shot-10-05-18-at-03.19-PM-150x150.png 150w, https:\/\/agripedia.ch\/strategidea\/wp-content\/uploads\/sites\/7\/2018\/10\/Screen-Shot-10-05-18-at-03.19-PM-200x200.png 200w, https:\/\/agripedia.ch\/strategidea\/wp-content\/uploads\/sites\/7\/2018\/10\/Screen-Shot-10-05-18-at-03.19-PM-300x300.png 300w, https:\/\/agripedia.ch\/strategidea\/wp-content\/uploads\/sites\/7\/2018\/10\/Screen-Shot-10-05-18-at-03.19-PM-400x400.png 400w, https:\/\/agripedia.ch\/strategidea\/wp-content\/uploads\/sites\/7\/2018\/10\/Screen-Shot-10-05-18-at-03.19-PM.png 532w\" sizes=\"(max-width: 50px) 100vw, 50px\" \/>\u00a0 Boite \u00e0 outils<\/strong><\/h3>\n<\/div><div class=\"fusion-clearfix\"><\/div><\/div><\/div><div class=\"fusion-layout-column fusion_builder_column fusion-builder-column-7 fusion_builder_column_1_2 1_2 fusion-one-half fusion-column-first\" style=\"--awb-bg-size:cover;width:50%;width:calc(50% - ( ( 4% ) * 0.5 ) );margin-right: 4%;\"><div class=\"fusion-column-wrapper fusion-flex-column-wrapper-legacy\"><div class=\"fusion-text fusion-text-8\"><h4>Accompagner l\u2019\u00e9volution des repr\u00e9sentations<\/h4>\n<ul>\n<li><a href=\"https:\/\/agridea.abacuscity.ch\/fr\/A~3342~1\/3~310140~Shop\/Publications\/Entreprise-et-Famille\/Gestion-planification-comptabilit%C3%A9\/Photo-langage-agricole\/Fran%C3%A7ais\" target=\"_blank\" rel=\"noopener noreferrer\">Fiche m\u00e9thode : le photo-langage agricole ; strat\u00e9gie et travail au sein de l\u2019entreprise agricole familiale (objectifs 2 et 3)<\/a><\/li>\n<li><a href=\"https:\/\/agripedia.ch\/strategidea?leaky-paywall-media-download=2213\" target=\"_blank\" rel=\"noopener noreferrer\">Technique de facilitation : atelier post-it<\/a><\/li>\n<li><a href=\"https:\/\/agripedia.ch\/strategidea?leaky-paywall-media-download=1671\" target=\"_blank\" rel=\"noopener noreferrer\">Fiche m\u00e9thode : carte mentale<\/a><\/li>\n<li><a href=\"https:\/\/agripedia.ch\/strategidea?leaky-paywall-media-download=1059\" target=\"_blank\" rel=\"noopener noreferrer\">Fiche m\u00e9thode : croquer un syst\u00e8me<\/a><\/li>\n<\/ul>\n<\/div><div class=\"fusion-clearfix\"><\/div><\/div><\/div><div class=\"fusion-layout-column fusion_builder_column fusion-builder-column-8 fusion_builder_column_1_2 1_2 fusion-one-half fusion-column-last\" style=\"--awb-bg-size:cover;width:50%;width:calc(50% - ( ( 4% ) * 0.5 ) );\"><div class=\"fusion-column-wrapper fusion-flex-column-wrapper-legacy\"><div class=\"fusion-clearfix\"><\/div><\/div><\/div><div class=\"fusion-layout-column fusion_builder_column fusion-builder-column-9 fusion_builder_column_1_1 1_1 fusion-one-full fusion-column-first fusion-column-last\" style=\"--awb-bg-size:cover;\"><div class=\"fusion-column-wrapper fusion-flex-column-wrapper-legacy\"><div class=\"fusion-section-separator section-separator clouds fusion-section-separator-2\" style=\"--awb-spacer-height:99px;--awb-svg-margin-left:0;--awb-svg-margin-right:0;--awb-divider-height:99px;--awb-spacer-padding-top:inherit;--awb-sep-padding:0;--awb-svg-padding:0;\"><div class=\"fusion-section-separator-svg\"><svg class=\"fusion-clouds-candy\" xmlns=\"http:\/\/www.w3.org\/2000\/svg\" version=\"1.1\" width=\"100%\" height=\"100\" viewBox=\"0 0 100 100\" preserveAspectRatio=\"none\" fill=\"rgba(246,246,246,1)\"><path d=\"M-5 100 Q 0 20 5 100 Z\"><\/path>\n\t\t\t\t\t\t\t\t<path d=\"M0 100 Q 5 0 10 100\"><\/path>\n\t\t\t\t\t\t\t\t<path d=\"M5 100 Q 10 30 15 100\"><\/path>\n\t\t\t\t\t\t\t\t<path d=\"M10 100 Q 15 10 20 100\"><\/path>\n\t\t\t\t\t\t\t\t<path d=\"M15 100 Q 20 30 25 100\"><\/path>\n\t\t\t\t\t\t\t\t<path d=\"M20 100 Q 25 -10 30 100\"><\/path>\n\t\t\t\t\t\t\t\t<path d=\"M25 100 Q 30 10 35 100\"><\/path>\n\t\t\t\t\t\t\t\t<path d=\"M30 100 Q 35 30 40 100\"><\/path>\n\t\t\t\t\t\t\t\t<path d=\"M35 100 Q 40 10 45 100\"><\/path>\n\t\t\t\t\t\t\t\t<path d=\"M40 100 Q 45 50 50 100\"><\/path>\n\t\t\t\t\t\t\t\t<path d=\"M45 100 Q 50 20 55 100\"><\/path>\n\t\t\t\t\t\t\t\t<path d=\"M50 100 Q 55 40 60 100\"><\/path>\n\t\t\t\t\t\t\t\t<path d=\"M55 100 Q 60 60 65 100\"><\/path>\n\t\t\t\t\t\t\t\t<path d=\"M60 100 Q 65 50 70 100\"><\/path>\n\t\t\t\t\t\t\t\t<path d=\"M65 100 Q 70 20 75 100\"><\/path>\n\t\t\t\t\t\t\t\t<path d=\"M70 100 Q 75 45 80 100\"><\/path>\n\t\t\t\t\t\t\t\t<path d=\"M75 100 Q 80 30 85 100\"><\/path>\n\t\t\t\t\t\t\t\t<path d=\"M80 100 Q 85 20 90 100\"><\/path>\n\t\t\t\t\t\t\t\t<path d=\"M85 100 Q 90 50 95 100\"><\/path>\n\t\t\t\t\t\t\t\t<path d=\"M90 100 Q 95 25 100 100\"><\/path>\n\t\t\t\t\t\t\t\t<path d=\"M95 100 Q 100 15 105 100 Z\"><\/path><\/svg><\/div><div class=\"fusion-section-separator-spacer\"><div class=\"fusion-section-separator-spacer-height\"><\/div><\/div><\/div><div class=\"fusion-clearfix\"><\/div><\/div><\/div><\/div><\/div><div class=\"fusion-fullwidth fullwidth-box fusion-builder-row-3 nonhundred-percent-fullwidth non-hundred-percent-height-scrolling\" style=\"--awb-border-radius-top-left:0px;--awb-border-radius-top-right:0px;--awb-border-radius-bottom-right:0px;--awb-border-radius-bottom-left:0px;--awb-flex-wrap:wrap;\" ><div class=\"fusion-builder-row fusion-row\"><div class=\"fusion-layout-column fusion_builder_column fusion-builder-column-10 fusion_builder_column_1_1 1_1 fusion-one-full fusion-column-first fusion-column-last\" style=\"--awb-bg-size:cover;\"><div class=\"fusion-column-wrapper fusion-flex-column-wrapper-legacy\"><div class=\"fusion-menu-anchor\" id=\"Loin\"><\/div><div class=\"fusion-text fusion-text-9\"><h3><strong><img decoding=\"async\" class=\"alignnone wp-image-263\" src=\"https:\/\/agripedia.ch\/strategidea\/wp-content\/uploads\/sites\/7\/2018\/10\/Screen-Shot-10-05-18-at-03.19-PM-300x300.png\" alt=\"\" width=\"50\" height=\"50\" srcset=\"https:\/\/agripedia.ch\/strategidea\/wp-content\/uploads\/sites\/7\/2018\/10\/Screen-Shot-10-05-18-at-03.19-PM-66x66.png 66w, https:\/\/agripedia.ch\/strategidea\/wp-content\/uploads\/sites\/7\/2018\/10\/Screen-Shot-10-05-18-at-03.19-PM-150x150.png 150w, https:\/\/agripedia.ch\/strategidea\/wp-content\/uploads\/sites\/7\/2018\/10\/Screen-Shot-10-05-18-at-03.19-PM-200x200.png 200w, https:\/\/agripedia.ch\/strategidea\/wp-content\/uploads\/sites\/7\/2018\/10\/Screen-Shot-10-05-18-at-03.19-PM-300x300.png 300w, https:\/\/agripedia.ch\/strategidea\/wp-content\/uploads\/sites\/7\/2018\/10\/Screen-Shot-10-05-18-at-03.19-PM-400x400.png 400w, https:\/\/agripedia.ch\/strategidea\/wp-content\/uploads\/sites\/7\/2018\/10\/Screen-Shot-10-05-18-at-03.19-PM.png 532w\" sizes=\"(max-width: 50px) 100vw, 50px\" \/>\u00a0 Pour aller plus loin<br \/>\n<\/strong><\/h3>\n<ul>\n<li>Mind mapping<\/li>\n<\/ul>\n<\/div><div class=\"fusion-clearfix\"><\/div><\/div><\/div><\/div><\/div><\/p>\n","protected":false},"excerpt":{"rendered":"","protected":false},"author":7,"featured_media":0,"parent":195,"menu_order":2,"comment_status":"closed","ping_status":"closed","template":"100-width.php","meta":{"_sb_is_suggestion_mode":false,"_sb_show_suggestion_boards":false,"_sb_show_comment_boards":false,"_sb_suggestion_history":"","_sb_update_block_changes":"","_monsterinsights_skip_tracking":false,"_monsterinsights_sitenote_active":false,"_monsterinsights_sitenote_note":"","_monsterinsights_sitenote_category":0,"footnotes":""},"class_list":["post-277","page","type-page","status-publish","hentry"],"_links":{"self":[{"href":"https:\/\/agripedia.ch\/strategidea\/wp-json\/wp\/v2\/pages\/277","targetHints":{"allow":["GET"]}}],"collection":[{"href":"https:\/\/agripedia.ch\/strategidea\/wp-json\/wp\/v2\/pages"}],"about":[{"href":"https:\/\/agripedia.ch\/strategidea\/wp-json\/wp\/v2\/types\/page"}],"author":[{"embeddable":true,"href":"https:\/\/agripedia.ch\/strategidea\/wp-json\/wp\/v2\/users\/7"}],"replies":[{"embeddable":true,"href":"https:\/\/agripedia.ch\/strategidea\/wp-json\/wp\/v2\/comments?post=277"}],"version-history":[{"count":76,"href":"https:\/\/agripedia.ch\/strategidea\/wp-json\/wp\/v2\/pages\/277\/revisions"}],"predecessor-version":[{"id":4212,"href":"https:\/\/agripedia.ch\/strategidea\/wp-json\/wp\/v2\/pages\/277\/revisions\/4212"}],"up":[{"embeddable":true,"href":"https:\/\/agripedia.ch\/strategidea\/wp-json\/wp\/v2\/pages\/195"}],"wp:attachment":[{"href":"https:\/\/agripedia.ch\/strategidea\/wp-json\/wp\/v2\/media?parent=277"}],"curies":[{"name":"wp","href":"https:\/\/api.w.org\/{rel}","templated":true}]}}