{"id":209,"date":"2018-10-02T20:36:45","date_gmt":"2018-10-02T20:36:45","guid":{"rendered":"https:\/\/knowledgefarm.ch\/strategidea\/?page_id=209"},"modified":"2019-07-07T08:30:02","modified_gmt":"2019-07-07T08:30:02","slug":"comment-utiliser-cet-ebook","status":"publish","type":"page","link":"https:\/\/agripedia.ch\/strategidea\/preambule\/comment-utiliser-cet-ebook\/","title":{"rendered":"Comment utiliser cet ebook ?"},"content":{"rendered":"<p><div class=\"fusion-fullwidth fullwidth-box fusion-builder-row-1 nonhundred-percent-fullwidth non-hundred-percent-height-scrolling\" style=\"--awb-border-radius-top-left:0px;--awb-border-radius-top-right:0px;--awb-border-radius-bottom-right:0px;--awb-border-radius-bottom-left:0px;--awb-flex-wrap:wrap;\" ><div class=\"fusion-builder-row fusion-row\"><div class=\"fusion-layout-column fusion_builder_column fusion-builder-column-0 fusion_builder_column_1_2 1_2 fusion-one-half fusion-column-first\" style=\"--awb-bg-size:cover;width:50%;width:calc(50% - ( ( 4% ) * 0.5 ) );margin-right: 4%;\"><div class=\"fusion-column-wrapper fusion-flex-column-wrapper-legacy\"><div class=\"fusion-text fusion-text-1\"><p>Un-e conseiller-\u00e8re accompagne rarement le cheminement strat\u00e9gique complet de l\u2019agriculteur ou de l\u2019agricultrice. Il ou elle intervient \u00e0 des moments particuliers, et peut-\u00eatre m\u00eame, sans que le besoin d\u2019un accompagnement strat\u00e9gique soit explicite.<\/p>\n<blockquote>\n<p>Le cheminement de la d\u00e9marche strat\u00e9gique n\u00e9cessite un fil rouge. C\u2019est-\u00e0-dire de disposer des connaissances minimum des moments et des concepts cl\u00e9s de la gestion strat\u00e9gique.<\/p>\n<\/blockquote>\n<\/div><div class=\"fusion-clearfix\"><\/div><\/div><\/div><div class=\"fusion-layout-column fusion_builder_column fusion-builder-column-1 fusion_builder_column_1_2 1_2 fusion-one-half fusion-column-last\" style=\"--awb-bg-size:cover;width:50%;width:calc(50% - ( ( 4% ) * 0.5 ) );\"><div class=\"fusion-column-wrapper fusion-flex-column-wrapper-legacy\"><div class=\"fusion-text fusion-text-2\"><p>Les apports de cette publication permettent \u00e0 tout-e conseiller-\u00e8re agricole d\u2019avoir des rep\u00e8res sur le parcours propre de l\u2019agriculteur-trice quant \u00e0 l\u2019\u00e9laboration et au d\u00e9veloppement de sa r\u00e9flexion strat\u00e9gique. Ceci pour enrichir une intervention particuli\u00e8re ou pour \u00e9laborer un accompagnement strat\u00e9gique.<\/p>\n<\/div><div class=\"fusion-clearfix\"><\/div><\/div><\/div><\/div><\/div><div class=\"fusion-fullwidth fullwidth-box fusion-builder-row-2 nonhundred-percent-fullwidth non-hundred-percent-height-scrolling\" style=\"--awb-border-radius-top-left:0px;--awb-border-radius-top-right:0px;--awb-border-radius-bottom-right:0px;--awb-border-radius-bottom-left:0px;--awb-flex-wrap:wrap;\" ><div class=\"fusion-builder-row fusion-row\"><div class=\"fusion-layout-column fusion_builder_column fusion-builder-column-2 fusion_builder_column_1_2 1_2 fusion-one-half fusion-column-first\" style=\"--awb-bg-size:cover;width:50%;width:calc(50% - ( ( 4% ) * 0.5 ) );margin-right: 4%;\"><div class=\"fusion-column-wrapper fusion-flex-column-wrapper-legacy\"><div class=\"fusion-text fusion-text-3\"><h4>La structure de la publication<\/h4>\n<ul>\n<li>Cette publication est structur\u00e9e selon les <a href=\"https:\/\/agripedia.ch\/strategidea\/preambule\/trois-moments-de-la-demarche-strategique\/\">th\u00e8mes<\/a> de la r\u00e9flexion strat\u00e9gique. Pour chaque th\u00e8me, il y a un apport conceptuel qui commence en g\u00e9n\u00e9ral par une d\u00e9finition du concept puis par un d\u00e9veloppement th\u00e9orique.<\/li>\n<li>Une boite \u00e0 outils accompagne chaque concept expos\u00e9.<\/li>\n<li>Une section d\u2019approfondissement titr\u00e9e \u00abPour aller plus loin\u00bb est parfois d\u00e9velopp\u00e9e :<\/li>\n<\/ul>\n<\/div><div class=\"fusion-clearfix\"><\/div><\/div><\/div><div class=\"fusion-layout-column fusion_builder_column fusion-builder-column-3 fusion_builder_column_1_2 1_2 fusion-one-half fusion-column-last\" style=\"--awb-bg-size:cover;--awb-margin-bottom:0px;width:50%;width:calc(50% - ( ( 4% ) * 0.5 ) );\"><div class=\"fusion-column-wrapper fusion-flex-column-wrapper-legacy\"><div class=\"fusion-text fusion-text-4\"><h4>Les outils<\/h4>\n<p>Un outil est g\u00e9n\u00e9ralement d\u00e9velopp\u00e9 pour travailler un th\u00e8me particulier de la gestion strat\u00e9gique. Toutefois, certains d\u2019entre eux sont utilisables pour plusieurs th\u00e8mes comme par exemple le photo-langage agricole.<\/p>\n<p>La mise en page est similaire pour tous les outils\u00a0: un en-t\u00eate, un type d\u2019outil, un nom et un contenu. Tous les outils sont t\u00e9l\u00e9chargeables dans leur format original (Word, Excel, pdf, etc.) sur la plateforme AGRIconnect dans le cadre de l\u2019abonnement combin\u00e9 (les liens hypertexte font les renvois au t\u00e9l\u00e9chargement). L\u2019utilisateur-trice peut ainsi les modifier et les utiliser \u00e0 ses fins propres.<span style=\"color: #ffffff\">_<\/span><\/p>\n<p>Les utilisateur-trice-s des outils sont les conseiller-\u00e8re-s agricoles g\u00e9n\u00e9ralistes ou sp\u00e9cialis\u00e9-e-s int\u00e9ress\u00e9-e-s pour faire des points d\u2019ancrage de leur propre conseil avec la strat\u00e9gie de l\u2019agriculteur. Ceci n\u2019emp\u00eache pas que certains outils sont directement utilisables par le ou la cheffe d\u2019entreprise ou un autre acteur de l\u2019entreprise.<span style=\"color: #ffffff\">_<\/span><\/p>\n<\/div><div class=\"fusion-button-wrapper\"><a class=\"fusion-button button-flat fusion-button-default-size button-default fusion-button-default button-1 fusion-button-default-span fusion-button-default-type\" style=\"--button-border-radius-top-left:0;--button-border-radius-top-right:0;--button-border-radius-bottom-right:0;--button-border-radius-bottom-left:0;\" target=\"_self\" href=\"https:\/\/agripedia.ch\/strategidea\/liste-des-outils\/\"><span class=\"fusion-button-text awb-button__text awb-button__text--default fusion-button-text-right\">Liste des outils<\/span><span class=\"fusion-button-icon-divider button-icon-divider-right\"><i class=\"fa-file-import fas awb-button__icon awb-button__icon--default\" aria-hidden=\"true\"><\/i><\/span><\/a><\/div><div class=\"fusion-text fusion-text-5\"><p><span style=\"color: #ffffff\">_<\/span><\/p>\n<\/div><div class=\"fusion-text fusion-text-6\"><p>Plusieurs types d\u2019outils sont disponibles\u00a0:<\/p>\n<ul>\n<li><strong>Fiche m\u00e9thode <\/strong>: elle d\u00e9veloppe des explications pour travailler un th\u00e8me en termes d\u2019\u00e9tapes et de technique de conseil. Parfois, la fiche m\u00e9thode est un pr\u00e9alable \u00e0 l\u2019utilisation d\u2019un autre outil (par exemple, Fiche m\u00e9thode\u00a0: cartographier les parties prenantes).<\/li>\n<li><strong>Guide d\u2019entretien <\/strong>: un guide d\u2019entretien est fil conducteur pour mener un entretien semi-directif. Il comporte des suggestions de question et \/ ou des consignes pour l\u2019interviewer. Un guide peut aussi proposer des crit\u00e8res qu\u2019il peut \u00eatre int\u00e9ressant d\u2019approfondir (par exemple, Guide d\u2019entretien\u00a0: les ressources humaines).<\/li>\n<li><strong>Formulaire\u00a0: <\/strong>un formulaire est un support pour le conseiller et \/ ou pour l\u2019agriculteur. Il peut \u00eatre soit travaill\u00e9 ensemble au moment de l\u2019intervention de conseil, soit utilis\u00e9 par le conseiller seul pour pr\u00e9parer ou faire le bilan d\u2019une intervention, soit \u00eatre remis en main propre pour une utilisation autonome. Si un formulaire est utilis\u00e9 pendant un entretien, il ne doit pas \u00eatre per\u00e7u comme une formalit\u00e9 administrative. Il doit soutenir et non entraver la confiance entre le conseiller et les personnes accompagn\u00e9es (par exemple, Formulaire\u00a0: d\u00e9velopper une vision commune).<\/li>\n<li><strong>Exemple\u00a0: <\/strong>un exemple a valeur d\u2019illustration, dans un but p\u00e9dagogique. Pour cette raison, les exemples peuvent para\u00eetre plus \u00absimples\u00bb que la r\u00e9alit\u00e9 ou caricaturaux.<\/li>\n<li><strong>Autres types d\u2019outil :<\/strong> sch\u00e9ma (pour la compr\u00e9hension d\u2019un th\u00e8me particulier), auto-questionnaire ou exercice d\u2019autogestion (remis \u00e0 l\u2019agriculteur-trice ou un autre acteur sur la ferme), technique de facilitation, check-list et grille d\u2019analyse (a pour objectif de contr\u00f4ler des crit\u00e8res).<\/li>\n<\/ul>\n<\/div><div class=\"fusion-clearfix\"><\/div><\/div><\/div><\/div><\/div><\/p>\n","protected":false},"excerpt":{"rendered":"","protected":false},"author":7,"featured_media":0,"parent":8,"menu_order":1,"comment_status":"closed","ping_status":"closed","template":"","meta":{"_sb_is_suggestion_mode":false,"_sb_show_suggestion_boards":false,"_sb_show_comment_boards":false,"_sb_suggestion_history":"","_sb_update_block_changes":"","_monsterinsights_skip_tracking":false,"_monsterinsights_sitenote_active":false,"_monsterinsights_sitenote_note":"","_monsterinsights_sitenote_category":0,"footnotes":""},"class_list":["post-209","page","type-page","status-publish","hentry"],"_links":{"self":[{"href":"https:\/\/agripedia.ch\/strategidea\/wp-json\/wp\/v2\/pages\/209","targetHints":{"allow":["GET"]}}],"collection":[{"href":"https:\/\/agripedia.ch\/strategidea\/wp-json\/wp\/v2\/pages"}],"about":[{"href":"https:\/\/agripedia.ch\/strategidea\/wp-json\/wp\/v2\/types\/page"}],"author":[{"embeddable":true,"href":"https:\/\/agripedia.ch\/strategidea\/wp-json\/wp\/v2\/users\/7"}],"replies":[{"embeddable":true,"href":"https:\/\/agripedia.ch\/strategidea\/wp-json\/wp\/v2\/comments?post=209"}],"version-history":[{"count":32,"href":"https:\/\/agripedia.ch\/strategidea\/wp-json\/wp\/v2\/pages\/209\/revisions"}],"predecessor-version":[{"id":3612,"href":"https:\/\/agripedia.ch\/strategidea\/wp-json\/wp\/v2\/pages\/209\/revisions\/3612"}],"up":[{"embeddable":true,"href":"https:\/\/agripedia.ch\/strategidea\/wp-json\/wp\/v2\/pages\/8"}],"wp:attachment":[{"href":"https:\/\/agripedia.ch\/strategidea\/wp-json\/wp\/v2\/media?parent=209"}],"curies":[{"name":"wp","href":"https:\/\/api.w.org\/{rel}","templated":true}]}}