{"id":205,"date":"2018-10-02T19:40:59","date_gmt":"2018-10-02T19:40:59","guid":{"rendered":"https:\/\/knowledgefarm.ch\/strategidea\/?page_id=205"},"modified":"2019-08-02T23:09:15","modified_gmt":"2019-08-02T23:09:15","slug":"lintuition-sapprend-t-elle","status":"publish","type":"page","link":"https:\/\/agripedia.ch\/strategidea\/lintuition-strategique\/lintuition-sapprend-t-elle\/","title":{"rendered":"L&rsquo;intuition s&rsquo;apprend-t-elle ?"},"content":{"rendered":"<p><div class=\"fusion-fullwidth fullwidth-box fusion-builder-row-1 nonhundred-percent-fullwidth non-hundred-percent-height-scrolling\" style=\"--awb-border-radius-top-left:0px;--awb-border-radius-top-right:0px;--awb-border-radius-bottom-right:0px;--awb-border-radius-bottom-left:0px;--awb-flex-wrap:wrap;\" ><div class=\"fusion-builder-row fusion-row\"><div class=\"fusion-layout-column fusion_builder_column fusion-builder-column-0 fusion_builder_column_1_2 1_2 fusion-one-half fusion-column-first\" style=\"--awb-bg-size:cover;width:50%;width:calc(50% - ( ( 4% ) * 0.5 ) );margin-right: 4%;\"><div class=\"fusion-column-wrapper fusion-flex-column-wrapper-legacy\"><div class=\"fusion-text fusion-text-1\"><h3><strong><img decoding=\"async\" class=\"alignnone wp-image-263\" src=\"https:\/\/agripedia.ch\/strategidea\/wp-content\/uploads\/sites\/7\/2018\/10\/Screen-Shot-10-05-18-at-03.19-PM-300x300.png\" alt=\"\" width=\"50\" height=\"50\" srcset=\"https:\/\/agripedia.ch\/strategidea\/wp-content\/uploads\/sites\/7\/2018\/10\/Screen-Shot-10-05-18-at-03.19-PM-66x66.png 66w, https:\/\/agripedia.ch\/strategidea\/wp-content\/uploads\/sites\/7\/2018\/10\/Screen-Shot-10-05-18-at-03.19-PM-150x150.png 150w, https:\/\/agripedia.ch\/strategidea\/wp-content\/uploads\/sites\/7\/2018\/10\/Screen-Shot-10-05-18-at-03.19-PM-200x200.png 200w, https:\/\/agripedia.ch\/strategidea\/wp-content\/uploads\/sites\/7\/2018\/10\/Screen-Shot-10-05-18-at-03.19-PM-300x300.png 300w, https:\/\/agripedia.ch\/strategidea\/wp-content\/uploads\/sites\/7\/2018\/10\/Screen-Shot-10-05-18-at-03.19-PM-400x400.png 400w, https:\/\/agripedia.ch\/strategidea\/wp-content\/uploads\/sites\/7\/2018\/10\/Screen-Shot-10-05-18-at-03.19-PM.png 532w\" sizes=\"(max-width: 50px) 100vw, 50px\" \/>\u00a0 L\u2019intuition s\u2019apprend-t-elle ?<\/strong><\/h3>\n<p>Le jugement intuitif comporte une part d\u2019erreur plus ou moins grande. Il ne s\u2019agit pas de suivre aveugl\u00e9ment nos intuitions. Des pr\u00e9cautions s\u2019imposent. La toute premi\u00e8re est de toujours v\u00e9rifier le jugement intuitif par les voies de la raison. Une autre est de mieux apprendre \u00e0 utiliser son intuition. Il ne s\u2019agit pas d\u2019un apprentissage classique, encore moins standard, comme apprendre \u00e0 compter. Cela ressemble \u00e0 apprendre \u00e0 <strong>faire du v\u00e9lo<\/strong>.<\/p>\n<p>Le mot apprentissage est peut-\u00eatre un peu fort, car l\u2019intuition ne se d\u00e9cr\u00e8te pas. Elle advient d\u2019elle-m\u00eame. Pour autant, laisser s\u2019exprimer l\u2019intuition, ce n\u2019est pas attendre et rien faire. Cela ressemble \u00e0 trouver l\u2019\u00e9quilibre sur un v\u00e9lo. Le cycliste est en mouvement, le v\u00e9lo avance par la force exerc\u00e9e sur les p\u00e9dales (la motivation). L\u2019\u00e9quilibre est trouv\u00e9 entre la pression exerc\u00e9e par le pied gauche (jugement intuitif) et le pied droit (l\u2019\u00e9valuation analytique).<\/p>\n<\/div><div class=\"fusion-clearfix\"><\/div><\/div><\/div><div class=\"fusion-layout-column fusion_builder_column fusion-builder-column-1 fusion_builder_column_1_2 1_2 fusion-one-half fusion-column-last\" style=\"--awb-bg-size:cover;width:50%;width:calc(50% - ( ( 4% ) * 0.5 ) );\"><div class=\"fusion-column-wrapper fusion-flex-column-wrapper-legacy\"><div class=\"fusion-image-element in-legacy-container\" style=\"--awb-caption-title-font-family:var(--h2_typography-font-family);--awb-caption-title-font-weight:var(--h2_typography-font-weight);--awb-caption-title-font-style:var(--h2_typography-font-style);--awb-caption-title-size:var(--h2_typography-font-size);--awb-caption-title-transform:var(--h2_typography-text-transform);--awb-caption-title-line-height:var(--h2_typography-line-height);--awb-caption-title-letter-spacing:var(--h2_typography-letter-spacing);\"><span class=\" fusion-imageframe imageframe-none imageframe-1 hover-type-none\"><img decoding=\"async\" width=\"652\" height=\"587\" title=\"Index4_VELO INTUITIF\" src=\"https:\/\/agripedia.ch\/strategidea\/wp-content\/uploads\/sites\/7\/2019\/07\/Index4_VELO-INTUITIF.jpg\" alt class=\"img-responsive wp-image-2947\" srcset=\"https:\/\/agripedia.ch\/strategidea\/wp-content\/uploads\/sites\/7\/2019\/07\/Index4_VELO-INTUITIF-200x180.jpg 200w, https:\/\/agripedia.ch\/strategidea\/wp-content\/uploads\/sites\/7\/2019\/07\/Index4_VELO-INTUITIF-400x360.jpg 400w, https:\/\/agripedia.ch\/strategidea\/wp-content\/uploads\/sites\/7\/2019\/07\/Index4_VELO-INTUITIF-600x540.jpg 600w, https:\/\/agripedia.ch\/strategidea\/wp-content\/uploads\/sites\/7\/2019\/07\/Index4_VELO-INTUITIF.jpg 652w\" sizes=\"(max-width: 800px) 100vw, 600px\" \/><\/span><\/div><div class=\"fusion-clearfix\"><\/div><\/div><\/div><div class=\"fusion-layout-column fusion_builder_column fusion-builder-column-2 fusion_builder_column_1_1 1_1 fusion-one-full fusion-column-first fusion-column-last\" style=\"--awb-bg-size:cover;--awb-margin-bottom:0px;\"><div class=\"fusion-column-wrapper fusion-flex-column-wrapper-legacy\"><div class=\"fusion-text fusion-text-2\"><p>L\u2019exercice de <strong>familiarisation<\/strong> avec ses propres ressentis intuitifs est une premi\u00e8re \u00e9tape (discrimination entre \u00e9motions et intuition). Il n\u2019y a pas de recette miracle et cet exercice est propre \u00e0 chacun. Un facteur est cependant primordial, c\u2019est la <strong>confiance<\/strong> que l\u2019on met dans son propre jugement intuitif. Cette confiance se construit sur les <strong>feedbacks<\/strong> que l\u2019on re\u00e7oit de son environnement, non sur la superstition d\u2019un aspect magique.<\/p>\n<\/div><div class=\"fusion-clearfix\"><\/div><\/div><\/div><div class=\"fusion-layout-column fusion_builder_column fusion-builder-column-3 fusion_builder_column_1_3 1_3 fusion-one-third fusion-column-first\" style=\"--awb-bg-size:cover;width:33.333333333333%;width:calc(33.333333333333% - ( ( 4% ) * 0.33333333333333 ) );margin-right: 4%;\"><div class=\"fusion-column-wrapper fusion-flex-column-wrapper-legacy\"><div class=\"fusion-text fusion-text-3\"><p>Le d\u00e9veloppement de <strong>l\u2019expertise intuitive<\/strong> est, apr\u00e8s l\u2019attention port\u00e9e aux ressentis intuitifs, un autre axe de l\u2019apprentissage. Mais il ne faut pas s\u2019y tromper, l\u2019apprentissage de l\u2019expertise intuitive dans un domaine sp\u00e9cifique prend des ann\u00e9es. Il peut dans certaines conditions \u00eatre acc\u00e9l\u00e9r\u00e9 par un travail sur soi, ce qui exige de sortir de sa zone de confort. Nous relevons une vari\u00e9t\u00e9 de <strong>recommandations<\/strong> (Burke & Salder-Smith, 2013) que nous avons choisi de regrouper sur les th\u00e8mes suivants\u00a0: \u00abfaire un pas de c\u00f4t\u00e9\u00bb, \u00abs\u2019observer\u00a0\u00bb, \u00ab\u00a0explorer et imaginer\u00bb, \u00abcr\u00e9er un environnement appropri\u00e9\u00bb, \u00abne pas \u00eatre aveugle\u00bb.<\/p>\n<\/div><div class=\"fusion-clearfix\"><\/div><\/div><\/div><div class=\"fusion-layout-column fusion_builder_column fusion-builder-column-4 fusion_builder_column_2_3 2_3 fusion-two-third fusion-column-last\" style=\"--awb-bg-size:cover;width:66.666666666667%;width:calc(66.666666666667% - ( ( 4% ) * 0.66666666666667 ) );\"><div class=\"fusion-column-wrapper fusion-flex-column-wrapper-legacy\"><div class=\"fusion-text fusion-text-4\"><h5 style=\"text-align: center;\"><\/h5>\n<p style=\"text-align: center;\"><img decoding=\"async\" class=\"aligncenter wp-image-286 size-600\" src=\"https:\/\/agripedia.ch\/strategidea\/wp-content\/uploads\/sites\/7\/2018\/10\/Index4_RECOMMANDATIONS-POUR-DEVELOPPER-SON-EXPERTISE-INTUITIVE-600x509.png\" alt=\"\" width=\"600\" height=\"509\" srcset=\"https:\/\/agripedia.ch\/strategidea\/wp-content\/uploads\/sites\/7\/2018\/10\/Index4_RECOMMANDATIONS-POUR-DEVELOPPER-SON-EXPERTISE-INTUITIVE-200x170.png 200w, https:\/\/agripedia.ch\/strategidea\/wp-content\/uploads\/sites\/7\/2018\/10\/Index4_RECOMMANDATIONS-POUR-DEVELOPPER-SON-EXPERTISE-INTUITIVE-300x255.png 300w, https:\/\/agripedia.ch\/strategidea\/wp-content\/uploads\/sites\/7\/2018\/10\/Index4_RECOMMANDATIONS-POUR-DEVELOPPER-SON-EXPERTISE-INTUITIVE-400x340.png 400w, https:\/\/agripedia.ch\/strategidea\/wp-content\/uploads\/sites\/7\/2018\/10\/Index4_RECOMMANDATIONS-POUR-DEVELOPPER-SON-EXPERTISE-INTUITIVE-600x509.png 600w, https:\/\/agripedia.ch\/strategidea\/wp-content\/uploads\/sites\/7\/2018\/10\/Index4_RECOMMANDATIONS-POUR-DEVELOPPER-SON-EXPERTISE-INTUITIVE-768x652.png 768w, https:\/\/agripedia.ch\/strategidea\/wp-content\/uploads\/sites\/7\/2018\/10\/Index4_RECOMMANDATIONS-POUR-DEVELOPPER-SON-EXPERTISE-INTUITIVE-800x679.png 800w, https:\/\/agripedia.ch\/strategidea\/wp-content\/uploads\/sites\/7\/2018\/10\/Index4_RECOMMANDATIONS-POUR-DEVELOPPER-SON-EXPERTISE-INTUITIVE.png 820w\" sizes=\"(max-width: 600px) 100vw, 600px\" \/><\/p>\n<h5 style=\"text-align: center;\">RECOMMANDATIONS POUR D\u00c9VELOPPER SON EXPERTISE INTUITIVE<br \/>\nAdapt\u00e9 de (Burke & Salder-Smith, 2013, pp. 241-242)<\/h5>\n<\/div><div class=\"fusion-clearfix\"><\/div><\/div><\/div><div class=\"fusion-layout-column fusion_builder_column fusion-builder-column-5 fusion_builder_column_1_1 1_1 fusion-one-full fusion-column-first fusion-column-last\" style=\"--awb-bg-size:cover;\"><div class=\"fusion-column-wrapper fusion-flex-column-wrapper-legacy\"><div class=\"fusion-section-separator section-separator clouds fusion-section-separator-1\" style=\"--awb-spacer-height:99px;--awb-svg-margin-left:0;--awb-svg-margin-right:0;--awb-divider-height:99px;--awb-spacer-padding-top:inherit;--awb-sep-padding:0;--awb-svg-padding:0;\"><div class=\"fusion-section-separator-svg\"><svg class=\"fusion-clouds-candy\" xmlns=\"http:\/\/www.w3.org\/2000\/svg\" version=\"1.1\" width=\"100%\" height=\"100\" viewBox=\"0 0 100 100\" preserveAspectRatio=\"none\" fill=\"rgba(246,246,246,1)\"><path d=\"M-5 100 Q 0 20 5 100 Z\"><\/path>\n\t\t\t\t\t\t\t\t<path d=\"M0 100 Q 5 0 10 100\"><\/path>\n\t\t\t\t\t\t\t\t<path d=\"M5 100 Q 10 30 15 100\"><\/path>\n\t\t\t\t\t\t\t\t<path d=\"M10 100 Q 15 10 20 100\"><\/path>\n\t\t\t\t\t\t\t\t<path d=\"M15 100 Q 20 30 25 100\"><\/path>\n\t\t\t\t\t\t\t\t<path d=\"M20 100 Q 25 -10 30 100\"><\/path>\n\t\t\t\t\t\t\t\t<path d=\"M25 100 Q 30 10 35 100\"><\/path>\n\t\t\t\t\t\t\t\t<path d=\"M30 100 Q 35 30 40 100\"><\/path>\n\t\t\t\t\t\t\t\t<path d=\"M35 100 Q 40 10 45 100\"><\/path>\n\t\t\t\t\t\t\t\t<path d=\"M40 100 Q 45 50 50 100\"><\/path>\n\t\t\t\t\t\t\t\t<path d=\"M45 100 Q 50 20 55 100\"><\/path>\n\t\t\t\t\t\t\t\t<path d=\"M50 100 Q 55 40 60 100\"><\/path>\n\t\t\t\t\t\t\t\t<path d=\"M55 100 Q 60 60 65 100\"><\/path>\n\t\t\t\t\t\t\t\t<path d=\"M60 100 Q 65 50 70 100\"><\/path>\n\t\t\t\t\t\t\t\t<path d=\"M65 100 Q 70 20 75 100\"><\/path>\n\t\t\t\t\t\t\t\t<path d=\"M70 100 Q 75 45 80 100\"><\/path>\n\t\t\t\t\t\t\t\t<path d=\"M75 100 Q 80 30 85 100\"><\/path>\n\t\t\t\t\t\t\t\t<path d=\"M80 100 Q 85 20 90 100\"><\/path>\n\t\t\t\t\t\t\t\t<path d=\"M85 100 Q 90 50 95 100\"><\/path>\n\t\t\t\t\t\t\t\t<path d=\"M90 100 Q 95 25 100 100\"><\/path>\n\t\t\t\t\t\t\t\t<path d=\"M95 100 Q 100 15 105 100 Z\"><\/path><\/svg><\/div><div class=\"fusion-section-separator-spacer\"><div class=\"fusion-section-separator-spacer-height\"><\/div><\/div><\/div><div class=\"fusion-clearfix\"><\/div><\/div><\/div><\/div><\/div><div class=\"fusion-fullwidth fullwidth-box fusion-builder-row-2 nonhundred-percent-fullwidth non-hundred-percent-height-scrolling\" style=\"--awb-border-radius-top-left:0px;--awb-border-radius-top-right:0px;--awb-border-radius-bottom-right:0px;--awb-border-radius-bottom-left:0px;--awb-flex-wrap:wrap;\" ><div class=\"fusion-builder-row fusion-row\"><div class=\"fusion-layout-column fusion_builder_column fusion-builder-column-6 fusion_builder_column_1_1 1_1 fusion-one-full fusion-column-first fusion-column-last\" style=\"--awb-bg-size:cover;\"><div class=\"fusion-column-wrapper fusion-flex-column-wrapper-legacy\"><div class=\"fusion-menu-anchor\" id=\"Boite\"><\/div><div class=\"fusion-text fusion-text-5\"><div class=\"textbox exercises\">\n<h3><img decoding=\"async\" class=\"alignnone wp-image-263\" src=\"https:\/\/agripedia.ch\/strategidea\/wp-content\/uploads\/sites\/7\/2018\/10\/Screen-Shot-10-05-18-at-03.19-PM-300x300.png\" alt=\"\" width=\"50\" height=\"50\" srcset=\"https:\/\/agripedia.ch\/strategidea\/wp-content\/uploads\/sites\/7\/2018\/10\/Screen-Shot-10-05-18-at-03.19-PM-66x66.png 66w, https:\/\/agripedia.ch\/strategidea\/wp-content\/uploads\/sites\/7\/2018\/10\/Screen-Shot-10-05-18-at-03.19-PM-150x150.png 150w, https:\/\/agripedia.ch\/strategidea\/wp-content\/uploads\/sites\/7\/2018\/10\/Screen-Shot-10-05-18-at-03.19-PM-200x200.png 200w, https:\/\/agripedia.ch\/strategidea\/wp-content\/uploads\/sites\/7\/2018\/10\/Screen-Shot-10-05-18-at-03.19-PM-300x300.png 300w, https:\/\/agripedia.ch\/strategidea\/wp-content\/uploads\/sites\/7\/2018\/10\/Screen-Shot-10-05-18-at-03.19-PM-400x400.png 400w, https:\/\/agripedia.ch\/strategidea\/wp-content\/uploads\/sites\/7\/2018\/10\/Screen-Shot-10-05-18-at-03.19-PM.png 532w\" sizes=\"(max-width: 50px) 100vw, 50px\" \/>\u00a0 Boite \u00e0 outils<strong><br \/>\n<\/strong><\/h3>\n<\/div>\n<\/div><div class=\"fusion-clearfix\"><\/div><\/div><\/div><div class=\"fusion-layout-column fusion_builder_column fusion-builder-column-7 fusion_builder_column_1_2 1_2 fusion-one-half fusion-column-first\" style=\"--awb-bg-size:cover;width:50%;width:calc(50% - ( ( 4% ) * 0.5 ) );margin-right: 4%;\"><div class=\"fusion-column-wrapper fusion-flex-column-wrapper-legacy\"><div class=\"fusion-text fusion-text-6\"><h4>Faire le \u00ab\u00a0pas de c\u00f4t\u00e9\u00a0\u00bb<\/h4>\n<ul>\n<li><a href=\"https:\/\/agripedia.ch\/strategidea?leaky-paywall-media-download=2149\">Exercice d\u2019autogestion : une invitation \u00e0 se relaxer<\/a><\/li>\n<li><a href=\"https:\/\/agripedia.ch\/strategidea?leaky-paywall-media-download=2075\" target=\"_blank\" rel=\"noopener\">Exercice d\u2019autogestion : la relecture des d\u00e9cisions pass\u00e9es<\/a><\/li>\n<li><a href=\"https:\/\/agripedia.ch\/strategidea?leaky-paywall-media-download=1745\" target=\"_blank\" rel=\"noopener\">Formulaire : de la (les) question(s) initiale(s) \u00e0 une probl\u00e9matique strat\u00e9gique<\/a><\/li>\n<\/ul>\n<\/div><div class=\"fusion-clearfix\"><\/div><\/div><\/div><div class=\"fusion-layout-column fusion_builder_column fusion-builder-column-8 fusion_builder_column_1_2 1_2 fusion-one-half fusion-column-last\" style=\"--awb-bg-size:cover;width:50%;width:calc(50% - ( ( 4% ) * 0.5 ) );\"><div class=\"fusion-column-wrapper fusion-flex-column-wrapper-legacy\"><div class=\"fusion-text fusion-text-7\"><div class=\"textbox exercises\">\n<h4>S\u2019exercer pour capturer ses intuitions<\/h4>\n<\/div>\n<ul>\n<li><a href=\"https:\/\/agripedia.ch\/strategidea?leaky-paywall-media-download=1684\" target=\"_blank\" rel=\"noopener\">Exercice d\u2019autogestion : journal des exp\u00e9riences intuitives<\/a><\/li>\n<li><a href=\"https:\/\/agripedia.ch\/strategidea?leaky-paywall-media-download=1686\" target=\"_blank\" rel=\"noopener\">Exercice d\u2019autogestion : \u00e9criture spontan\u00e9e<\/a><\/li>\n<\/ul>\n<\/div><div class=\"fusion-clearfix\"><\/div><\/div><\/div><\/div><\/div><\/p>\n","protected":false},"excerpt":{"rendered":"","protected":false},"author":7,"featured_media":0,"parent":195,"menu_order":5,"comment_status":"closed","ping_status":"closed","template":"100-width.php","meta":{"_sb_is_suggestion_mode":false,"_sb_show_suggestion_boards":false,"_sb_show_comment_boards":false,"_sb_suggestion_history":"","_sb_update_block_changes":"","_monsterinsights_skip_tracking":false,"_monsterinsights_sitenote_active":false,"_monsterinsights_sitenote_note":"","_monsterinsights_sitenote_category":0,"footnotes":""},"class_list":["post-205","page","type-page","status-publish","hentry"],"_links":{"self":[{"href":"https:\/\/agripedia.ch\/strategidea\/wp-json\/wp\/v2\/pages\/205","targetHints":{"allow":["GET"]}}],"collection":[{"href":"https:\/\/agripedia.ch\/strategidea\/wp-json\/wp\/v2\/pages"}],"about":[{"href":"https:\/\/agripedia.ch\/strategidea\/wp-json\/wp\/v2\/types\/page"}],"author":[{"embeddable":true,"href":"https:\/\/agripedia.ch\/strategidea\/wp-json\/wp\/v2\/users\/7"}],"replies":[{"embeddable":true,"href":"https:\/\/agripedia.ch\/strategidea\/wp-json\/wp\/v2\/comments?post=205"}],"version-history":[{"count":54,"href":"https:\/\/agripedia.ch\/strategidea\/wp-json\/wp\/v2\/pages\/205\/revisions"}],"predecessor-version":[{"id":3409,"href":"https:\/\/agripedia.ch\/strategidea\/wp-json\/wp\/v2\/pages\/205\/revisions\/3409"}],"up":[{"embeddable":true,"href":"https:\/\/agripedia.ch\/strategidea\/wp-json\/wp\/v2\/pages\/195"}],"wp:attachment":[{"href":"https:\/\/agripedia.ch\/strategidea\/wp-json\/wp\/v2\/media?parent=205"}],"curies":[{"name":"wp","href":"https:\/\/api.w.org\/{rel}","templated":true}]}}