{"id":171,"date":"2018-10-02T11:01:35","date_gmt":"2018-10-02T11:01:35","guid":{"rendered":"https:\/\/knowledgefarm.ch\/strategidea\/?page_id=171"},"modified":"2021-11-02T07:57:05","modified_gmt":"2021-11-02T07:57:05","slug":"les-buts-strategiques","status":"publish","type":"page","link":"https:\/\/agripedia.ch\/strategidea\/les-composantes-de-la-strategie\/les-buts-strategiques\/","title":{"rendered":"Les buts strat\u00e9giques"},"content":{"rendered":"<p><div class=\"fusion-fullwidth fullwidth-box fusion-builder-row-1 nonhundred-percent-fullwidth non-hundred-percent-height-scrolling\" style=\"--awb-border-radius-top-left:0px;--awb-border-radius-top-right:0px;--awb-border-radius-bottom-right:0px;--awb-border-radius-bottom-left:0px;--awb-flex-wrap:wrap;\" ><div class=\"fusion-builder-row fusion-row\"><div class=\"fusion-layout-column fusion_builder_column fusion-builder-column-0 fusion_builder_column_1_1 1_1 fusion-one-full fusion-column-first fusion-column-last\" style=\"--awb-bg-size:cover;--awb-margin-bottom:0px;\"><div class=\"fusion-column-wrapper fusion-flex-column-wrapper-legacy\"><div class=\"fusion-text fusion-text-1\"><h2><\/h2>\n<h3><img decoding=\"async\" class=\"alignnone wp-image-1484\" src=\"https:\/\/agripedia.ch\/strategidea\/wp-content\/uploads\/sites\/7\/2019\/02\/Index_3_4_But-strat\u00e9gique.png\" alt=\"\" width=\"50\" height=\"50\" srcset=\"https:\/\/agripedia.ch\/strategidea\/wp-content\/uploads\/sites\/7\/2019\/02\/Index_3_4_But-strat\u00e9gique-66x66.png 66w, https:\/\/agripedia.ch\/strategidea\/wp-content\/uploads\/sites\/7\/2019\/02\/Index_3_4_But-strat\u00e9gique-150x150.png 150w, https:\/\/agripedia.ch\/strategidea\/wp-content\/uploads\/sites\/7\/2019\/02\/Index_3_4_But-strat\u00e9gique-200x201.png 200w, https:\/\/agripedia.ch\/strategidea\/wp-content\/uploads\/sites\/7\/2019\/02\/Index_3_4_But-strat\u00e9gique-300x300.png 300w, https:\/\/agripedia.ch\/strategidea\/wp-content\/uploads\/sites\/7\/2019\/02\/Index_3_4_But-strat\u00e9gique-400x402.png 400w, https:\/\/agripedia.ch\/strategidea\/wp-content\/uploads\/sites\/7\/2019\/02\/Index_3_4_But-strat\u00e9gique.png 494w\" sizes=\"(max-width: 50px) 100vw, 50px\" \/> Les buts strat\u00e9giques<\/h3>\n<blockquote>\n<p>Les buts strat\u00e9giques sont la d\u00e9clinaison des aspects de la vision de l\u2019agriculteur-rice pour son exploitation et sa famille, en int\u00e9grant la mission de l\u2019entreprise et les valeurs de l\u2019agriculteur-rice. C\u2019est pourquoi ils s\u2019\u00e9laborent par un processus it\u00e9ratif. Ils expriment la volont\u00e9 du chef-fe d\u2019exploitation (ses aspirations fondamentales). Le terme \u00ab\u00a0finalit\u00e9\u00a0\u00bb est parfois utilis\u00e9 \u00e0 la place de \u00ab\u00a0but\u00a0\u00bb.<\/p>\n<\/blockquote>\n<p>Le but se distingue d\u2019un objectif. Dans le langage courant, la distinction n\u2019est pas toujours ais\u00e9e car nous employons souvent l\u2019un pour l\u2019autre. Pour cette raison, nous utiliserons dans le pr\u00e9sent ouvrage le terme de but strat\u00e9gique. Le <strong>but strat\u00e9gique<\/strong> se d\u00e9finit en fonction des aspirations profondes du chef-fe d\u2019entreprise et non par les moyens de les atteindre, alors que nous r\u00e9servons le mot <strong>objectif<\/strong> aux aspects op\u00e9rationnels et quantifiables.<\/p>\n<p>Les buts strat\u00e9giques orientent le chef-fe d\u2019entreprise sur un horizon temporel g\u00e9n\u00e9ralement non born\u00e9. Ils sont tr\u00e8s rarement quantifiables. Ce sont des <strong>buts d\u2019approche<\/strong> car ils ne sont jamais v\u00e9ritablement atteints. En revanche, les buts strat\u00e9giques sont les rep\u00e8res concrets du p\u00f4le vital de l\u2019entreprise. <strong>Connaitre ses buts<\/strong> permettra <strong>d\u2019envisager le meilleur moyen<\/strong> de les atteindre.<\/p>\n<p>Nous avons vu pr\u00e9c\u00e9demment que la vision \u00e9merge au cours d\u2019une \u00e9tape exploratoire pendant laquelle sa faisabilit\u00e9 concr\u00e8te est momentan\u00e9ment ignor\u00e9e. C\u2019est cette m\u00eame attitude qui permet \u00e0 l\u2019agriculteur-rice de mettre en \u00e9vidence ses buts en tant que chef-fe d\u2019entreprise et en tant que personne.<\/p>\n<p>Les buts strat\u00e9giques peuvent \u00eatre <strong>en accord ou en conflit<\/strong> les uns avec les autres, par exemple entre les buts personnels et les buts de l\u2019entreprise. La r\u00e9flexion strat\u00e9gique explorera souvent plusieurs cat\u00e9gories de buts (buts personnels et priv\u00e9s, buts li\u00e9s \u00e0 sa fonction dans l\u2019entreprise, buts de l\u2019entreprise). Ces cat\u00e9gories de buts sont intiment imbriqu\u00e9es pour l\u2019entreprise agricole familiale\u00a0: les personnes cherchent \u00e0 r\u00e9aliser leurs aspirations profondes dans leur m\u00e9tier d\u2019agriculteur-rice.<\/p>\n<\/div><div class=\"fusion-section-separator section-separator slant fusion-section-separator-1\" style=\"--awb-spacer-height:99px;--awb-svg-margin-left:0;--awb-svg-margin-right:0;--awb-divider-height:99px;--awb-spacer-padding-top:inherit;--awb-sep-padding:0;--awb-svg-padding:0;\"><div class=\"fusion-section-separator-svg\"><svg class=\"fusion-slant-candy\" xmlns=\"http:\/\/www.w3.org\/2000\/svg\" version=\"1.1\" width=\"100%\" height=\"100\" viewBox=\"0 0 100 100\" preserveAspectRatio=\"none\" fill=\"rgba(246,246,246,1)\"><path d=\"M100 0 L100 100 L0 0 Z\"><\/path><\/svg><\/div><div class=\"fusion-section-separator-spacer\"><div class=\"fusion-section-separator-spacer-height\"><\/div><\/div><\/div><div class=\"fusion-clearfix\"><\/div><\/div><\/div><div class=\"fusion-layout-column fusion_builder_column fusion-builder-column-1 fusion_builder_column_1_2 1_2 fusion-one-half fusion-column-first\" style=\"--awb-bg-size:cover;width:50%;width:calc(50% - ( ( 4% ) * 0.5 ) );margin-right: 4%;\"><div class=\"fusion-column-wrapper fusion-flex-column-wrapper-legacy\"><div class=\"fusion-text fusion-text-2\"><p>Les buts strat\u00e9giques d\u00e9finis pour l\u2019enti\u00e8ret\u00e9 syst\u00e8me entreprise-famille devraient \u00eatre en accord avec les buts personnels des personnes actives sur l\u2019exploitation. Ce sont toujours des hommes et des femmes qui mettent en \u0153uvre une strat\u00e9gie. Dans le cas des communaut\u00e9s d\u2019exploitation, la discussion des buts strat\u00e9giques de chaque associ\u00e9-e permet de conforter le projet commun.<\/p>\n<p>Il est fr\u00e9quent que les buts strat\u00e9giques ne soient pas explicit\u00e9s. D\u2019une fa\u00e7on consciente ou non, c\u2019est le plus souvent par rapport \u00e0 ses buts que le chef-fe d\u2019entreprise fait ses choix, prend ses d\u00e9cisions.<\/p>\n<blockquote>\n<p>Concr\u00e8tement, un des moyens de d\u00e9couvrir un but strat\u00e9gique consiste \u00e0 d\u00e9rouler une \u00ab\u00a0<strong>cascade de pourquoi\u2026\u00a0?\u00a0\u00bb<\/strong> jusqu\u2019\u00e0 ce qu\u2019il n\u2019y ait plus de r\u00e9ponse au pourquoi et qu\u2019il n\u2019y ait plus qu\u2019une seule r\u00e9ponse possible \u00ab\u00a0parce que je le veux ainsi\u00a0\u00bb. Le but strat\u00e9gique r\u00e9pond aussi \u00e0 la question \u00ab\u00a0A quoi contribue ce projet\u00a0? Cette d\u00e9cision\u00a0?\u00a0\u00bb<\/p>\n<\/blockquote>\n<p>Cette clarification des buts strat\u00e9giques, des conflits des uns avec les autres ou leurs compatibilit\u00e9s mutuelles et leur hi\u00e9rarchie <strong>pr\u00e9parent les moyens \u00e0 mettre en \u0153uvre pour d\u00e9ployer les axes de la strat\u00e9gie<\/strong>, ils ouvrent les portes sur \u00ab\u00a0comment\u00a0\u00bb.<\/p>\n<\/div><div class=\"fusion-clearfix\"><\/div><\/div><\/div><div class=\"fusion-layout-column fusion_builder_column fusion-builder-column-2 fusion_builder_column_1_2 1_2 fusion-one-half fusion-column-last\" style=\"--awb-bg-size:cover;width:50%;width:calc(50% - ( ( 4% ) * 0.5 ) );\"><div class=\"fusion-column-wrapper fusion-flex-column-wrapper-legacy\"><div class=\"fusion-text fusion-text-3\"><h5><\/h5>\n<p><strong><img decoding=\"async\" class=\"aligncenter wp-image-561 size-600\" src=\"https:\/\/agripedia.ch\/strategidea\/wp-content\/uploads\/sites\/7\/2018\/10\/Index3_LES-BUTS-STRATEGIQUES-600x567.png\" alt=\"\" width=\"600\" height=\"567\" srcset=\"https:\/\/agripedia.ch\/strategidea\/wp-content\/uploads\/sites\/7\/2018\/10\/Index3_LES-BUTS-STRATEGIQUES-200x189.png 200w, https:\/\/agripedia.ch\/strategidea\/wp-content\/uploads\/sites\/7\/2018\/10\/Index3_LES-BUTS-STRATEGIQUES-300x284.png 300w, https:\/\/agripedia.ch\/strategidea\/wp-content\/uploads\/sites\/7\/2018\/10\/Index3_LES-BUTS-STRATEGIQUES-400x378.png 400w, https:\/\/agripedia.ch\/strategidea\/wp-content\/uploads\/sites\/7\/2018\/10\/Index3_LES-BUTS-STRATEGIQUES-600x567.png 600w, https:\/\/agripedia.ch\/strategidea\/wp-content\/uploads\/sites\/7\/2018\/10\/Index3_LES-BUTS-STRATEGIQUES.png 658w\" sizes=\"(max-width: 600px) 100vw, 600px\" \/><\/strong><\/p>\n<\/div><div class=\"fusion-clearfix\"><\/div><\/div><\/div><\/div><\/div><div class=\"fusion-fullwidth fullwidth-box fusion-builder-row-2 nonhundred-percent-fullwidth non-hundred-percent-height-scrolling\" style=\"--awb-border-radius-top-left:0px;--awb-border-radius-top-right:0px;--awb-border-radius-bottom-right:0px;--awb-border-radius-bottom-left:0px;--awb-flex-wrap:wrap;\" ><div class=\"fusion-builder-row fusion-row\"><div class=\"fusion-layout-column fusion_builder_column fusion-builder-column-3 fusion_builder_column_1_1 1_1 fusion-one-full fusion-column-first fusion-column-last\" style=\"--awb-bg-size:cover;\"><div class=\"fusion-column-wrapper fusion-flex-column-wrapper-legacy\"><div class=\"fusion-section-separator section-separator clouds fusion-section-separator-2\" style=\"--awb-spacer-height:99px;--awb-svg-margin-left:0;--awb-svg-margin-right:0;--awb-divider-height:99px;--awb-spacer-padding-top:inherit;--awb-sep-padding:0;--awb-svg-padding:0;\"><div class=\"fusion-section-separator-svg\"><svg class=\"fusion-clouds-candy\" xmlns=\"http:\/\/www.w3.org\/2000\/svg\" version=\"1.1\" width=\"100%\" height=\"100\" viewBox=\"0 0 100 100\" preserveAspectRatio=\"none\" fill=\"rgba(246,246,246,1)\"><path d=\"M-5 100 Q 0 20 5 100 Z\"><\/path>\n\t\t\t\t\t\t\t\t<path d=\"M0 100 Q 5 0 10 100\"><\/path>\n\t\t\t\t\t\t\t\t<path d=\"M5 100 Q 10 30 15 100\"><\/path>\n\t\t\t\t\t\t\t\t<path d=\"M10 100 Q 15 10 20 100\"><\/path>\n\t\t\t\t\t\t\t\t<path d=\"M15 100 Q 20 30 25 100\"><\/path>\n\t\t\t\t\t\t\t\t<path d=\"M20 100 Q 25 -10 30 100\"><\/path>\n\t\t\t\t\t\t\t\t<path d=\"M25 100 Q 30 10 35 100\"><\/path>\n\t\t\t\t\t\t\t\t<path d=\"M30 100 Q 35 30 40 100\"><\/path>\n\t\t\t\t\t\t\t\t<path d=\"M35 100 Q 40 10 45 100\"><\/path>\n\t\t\t\t\t\t\t\t<path d=\"M40 100 Q 45 50 50 100\"><\/path>\n\t\t\t\t\t\t\t\t<path d=\"M45 100 Q 50 20 55 100\"><\/path>\n\t\t\t\t\t\t\t\t<path d=\"M50 100 Q 55 40 60 100\"><\/path>\n\t\t\t\t\t\t\t\t<path d=\"M55 100 Q 60 60 65 100\"><\/path>\n\t\t\t\t\t\t\t\t<path d=\"M60 100 Q 65 50 70 100\"><\/path>\n\t\t\t\t\t\t\t\t<path d=\"M65 100 Q 70 20 75 100\"><\/path>\n\t\t\t\t\t\t\t\t<path d=\"M70 100 Q 75 45 80 100\"><\/path>\n\t\t\t\t\t\t\t\t<path d=\"M75 100 Q 80 30 85 100\"><\/path>\n\t\t\t\t\t\t\t\t<path d=\"M80 100 Q 85 20 90 100\"><\/path>\n\t\t\t\t\t\t\t\t<path d=\"M85 100 Q 90 50 95 100\"><\/path>\n\t\t\t\t\t\t\t\t<path d=\"M90 100 Q 95 25 100 100\"><\/path>\n\t\t\t\t\t\t\t\t<path d=\"M95 100 Q 100 15 105 100 Z\"><\/path><\/svg><\/div><div class=\"fusion-section-separator-spacer\"><div class=\"fusion-section-separator-spacer-height\"><\/div><\/div><\/div><div class=\"fusion-menu-anchor\" id=\"Boite\"><\/div><div class=\"fusion-text fusion-text-4\"><h3><img decoding=\"async\" class=\"alignnone wp-image-1484\" src=\"https:\/\/agripedia.ch\/strategidea\/wp-content\/uploads\/sites\/7\/2019\/02\/Index_3_4_But-strat\u00e9gique.png\" alt=\"\" width=\"50\" height=\"50\" srcset=\"https:\/\/agripedia.ch\/strategidea\/wp-content\/uploads\/sites\/7\/2019\/02\/Index_3_4_But-strat\u00e9gique-66x66.png 66w, https:\/\/agripedia.ch\/strategidea\/wp-content\/uploads\/sites\/7\/2019\/02\/Index_3_4_But-strat\u00e9gique-150x150.png 150w, https:\/\/agripedia.ch\/strategidea\/wp-content\/uploads\/sites\/7\/2019\/02\/Index_3_4_But-strat\u00e9gique-200x201.png 200w, https:\/\/agripedia.ch\/strategidea\/wp-content\/uploads\/sites\/7\/2019\/02\/Index_3_4_But-strat\u00e9gique-300x300.png 300w, https:\/\/agripedia.ch\/strategidea\/wp-content\/uploads\/sites\/7\/2019\/02\/Index_3_4_But-strat\u00e9gique-400x402.png 400w, https:\/\/agripedia.ch\/strategidea\/wp-content\/uploads\/sites\/7\/2019\/02\/Index_3_4_But-strat\u00e9gique.png 494w\" sizes=\"(max-width: 50px) 100vw, 50px\" \/>\u00a0Boite \u00e0 outils<\/h3>\n<\/div><div class=\"fusion-clearfix\"><\/div><\/div><\/div><div class=\"fusion-layout-column fusion_builder_column fusion-builder-column-4 fusion_builder_column_1_3 1_3 fusion-one-third fusion-column-first\" style=\"--awb-bg-size:cover;width:33.333333333333%;width:calc(33.333333333333% - ( ( 4% + 4% ) * 0.33333333333333 ) );margin-right: 4%;\"><div class=\"fusion-column-wrapper fusion-flex-column-wrapper-legacy\"><div class=\"fusion-text fusion-text-5\"><h4>Guider un entretien semi-directif<\/h4>\n<p>Les buts strat\u00e9giques et les objectifs op\u00e9rationnels sont tr\u00e8s fr\u00e9quemment confondus. L\u2019objectif est plus facilement exprim\u00e9, alors que le but est plus rarement explicit\u00e9. Des questions en pourquoi et en comment aident \u00e0 distinguer une finalit\u00e9 (but), des moyens utilis\u00e9s pour l\u2019atteindre (objectif).<\/p>\n<ul>\n<li><a href=\"https:\/\/agripedia.ch\/strategidea?leaky-paywall-media-download=1119\" target=\"_blank\" rel=\"noopener noreferrer\">Guide d\u2019entretien : pourquoi et comment<\/a><\/li>\n<\/ul>\n<div class=\"textbox exercises\"><\/div>\n<\/div><div class=\"fusion-clearfix\"><\/div><\/div><\/div><div class=\"fusion-layout-column fusion_builder_column fusion-builder-column-5 fusion_builder_column_1_3 1_3 fusion-one-third\" style=\"--awb-bg-size:cover;width:33.333333333333%;width:calc(33.333333333333% - ( ( 4% + 4% ) * 0.33333333333333 ) );margin-right: 4%;\"><div class=\"fusion-column-wrapper fusion-flex-column-wrapper-legacy\"><div class=\"fusion-text fusion-text-6\"><h4>Accompagner la repr\u00e9sentation de but strat\u00e9gique<\/h4>\n<ul>\n<li><a href=\"https:\/\/agridea.abacuscity.ch\/fr\/A~3342~1\/3~310140~Shop\/Publications\/Entreprise-et-Famille\/Gestion-planification-comptabilit%C3%A9\/Photo-langage-agricole\/Fran%C3%A7ais\" target=\"_blank\" rel=\"noopener noreferrer\">Fiche m\u00e9thode : photo-langage agricole (1er objectif)<\/a><\/li>\n<\/ul>\n<div class=\"textbox exercises\"><\/div>\n<\/div><div class=\"fusion-clearfix\"><\/div><\/div><\/div><div class=\"fusion-layout-column fusion_builder_column fusion-builder-column-6 fusion_builder_column_1_3 1_3 fusion-one-third fusion-column-last\" style=\"--awb-bg-size:cover;width:33.333333333333%;width:calc(33.333333333333% - ( ( 4% + 4% ) * 0.33333333333333 ) );\"><div class=\"fusion-column-wrapper fusion-flex-column-wrapper-legacy\"><div class=\"fusion-text fusion-text-7\"><h4>Formuler et hi\u00e9rarchiser les buts strat\u00e9giques<\/h4>\n<p>Pour formuler les buts strat\u00e9giques, il est indispensable de les hi\u00e9rarchiser selon deux aspects \u00ab ce que je veux avant tout \u00bb et \u00ab ce que je souhaite \u00bb. M\u00eame si les buts strat\u00e9giques sont en g\u00e9n\u00e9ral au nombre de 3 \u00e0 6 par agriculteur-trice, cette hi\u00e9rarchie permet de d\u00e9gager des priorit\u00e9s en cas de buts contradictoires ou de divergences de buts entre les personnes actives sur la ferme.<\/p>\n<ul>\n<li><a href=\"https:\/\/agripedia.ch\/strategidea?leaky-paywall-media-download=2270\" target=\"_blank\" rel=\"noopener noreferrer\">Formulaire : les buts strat\u00e9giques<\/a><\/li>\n<li><a href=\"https:\/\/agripedia.ch\/strategidea?leaky-paywall-media-download=2272\" target=\"_blank\" rel=\"noopener noreferrer\">Formulaire : convergences et divergences de buts<\/a><\/li>\n<li><a href=\"https:\/\/agripedia.ch\/strategidea?leaky-paywall-media-download=1123\" target=\"_blank\" rel=\"noopener noreferrer\">Exemples de buts strat\u00e9giques<\/a><\/li>\n<\/ul>\n<\/div><div class=\"fusion-clearfix\"><\/div><\/div><\/div><\/div><\/div><\/p>\n","protected":false},"excerpt":{"rendered":"","protected":false},"author":7,"featured_media":0,"parent":141,"menu_order":4,"comment_status":"closed","ping_status":"closed","template":"100-width.php","meta":{"_sb_is_suggestion_mode":false,"_sb_show_suggestion_boards":false,"_sb_show_comment_boards":false,"_sb_suggestion_history":"","_sb_update_block_changes":"","_monsterinsights_skip_tracking":false,"_monsterinsights_sitenote_active":false,"_monsterinsights_sitenote_note":"","_monsterinsights_sitenote_category":0,"footnotes":""},"class_list":["post-171","page","type-page","status-publish","hentry"],"_links":{"self":[{"href":"https:\/\/agripedia.ch\/strategidea\/wp-json\/wp\/v2\/pages\/171","targetHints":{"allow":["GET"]}}],"collection":[{"href":"https:\/\/agripedia.ch\/strategidea\/wp-json\/wp\/v2\/pages"}],"about":[{"href":"https:\/\/agripedia.ch\/strategidea\/wp-json\/wp\/v2\/types\/page"}],"author":[{"embeddable":true,"href":"https:\/\/agripedia.ch\/strategidea\/wp-json\/wp\/v2\/users\/7"}],"replies":[{"embeddable":true,"href":"https:\/\/agripedia.ch\/strategidea\/wp-json\/wp\/v2\/comments?post=171"}],"version-history":[{"count":46,"href":"https:\/\/agripedia.ch\/strategidea\/wp-json\/wp\/v2\/pages\/171\/revisions"}],"predecessor-version":[{"id":4207,"href":"https:\/\/agripedia.ch\/strategidea\/wp-json\/wp\/v2\/pages\/171\/revisions\/4207"}],"up":[{"embeddable":true,"href":"https:\/\/agripedia.ch\/strategidea\/wp-json\/wp\/v2\/pages\/141"}],"wp:attachment":[{"href":"https:\/\/agripedia.ch\/strategidea\/wp-json\/wp\/v2\/media?parent=171"}],"curies":[{"name":"wp","href":"https:\/\/api.w.org\/{rel}","templated":true}]}}