{"id":153,"date":"2018-10-02T07:38:29","date_gmt":"2018-10-02T07:38:29","guid":{"rendered":"https:\/\/knowledgefarm.ch\/strategidea\/?page_id=153"},"modified":"2021-11-02T07:55:07","modified_gmt":"2021-11-02T07:55:07","slug":"la-mission","status":"publish","type":"page","link":"https:\/\/agripedia.ch\/strategidea\/les-composantes-de-la-strategie\/la-mission\/","title":{"rendered":"La mission"},"content":{"rendered":"<p><div class=\"fusion-fullwidth fullwidth-box fusion-builder-row-1 nonhundred-percent-fullwidth non-hundred-percent-height-scrolling\" style=\"--awb-border-radius-top-left:0px;--awb-border-radius-top-right:0px;--awb-border-radius-bottom-right:0px;--awb-border-radius-bottom-left:0px;--awb-flex-wrap:wrap;\" ><div class=\"fusion-builder-row fusion-row\"><div class=\"fusion-layout-column fusion_builder_column fusion-builder-column-0 fusion_builder_column_1_1 1_1 fusion-one-full fusion-column-first fusion-column-last\" style=\"--awb-bg-size:cover;--awb-margin-bottom:0px;\"><div class=\"fusion-column-wrapper fusion-flex-column-wrapper-legacy\"><div class=\"fusion-text fusion-text-1\"><h3><img decoding=\"async\" class=\"alignnone wp-image-1480\" src=\"https:\/\/agripedia.ch\/strategidea\/wp-content\/uploads\/sites\/7\/2019\/02\/Index_3_2_Mission.png\" alt=\"\" width=\"50\" height=\"50\" srcset=\"https:\/\/agripedia.ch\/strategidea\/wp-content\/uploads\/sites\/7\/2019\/02\/Index_3_2_Mission-66x66.png 66w, https:\/\/agripedia.ch\/strategidea\/wp-content\/uploads\/sites\/7\/2019\/02\/Index_3_2_Mission-150x150.png 150w, https:\/\/agripedia.ch\/strategidea\/wp-content\/uploads\/sites\/7\/2019\/02\/Index_3_2_Mission-200x201.png 200w, https:\/\/agripedia.ch\/strategidea\/wp-content\/uploads\/sites\/7\/2019\/02\/Index_3_2_Mission-300x300.png 300w, https:\/\/agripedia.ch\/strategidea\/wp-content\/uploads\/sites\/7\/2019\/02\/Index_3_2_Mission-400x402.png 400w, https:\/\/agripedia.ch\/strategidea\/wp-content\/uploads\/sites\/7\/2019\/02\/Index_3_2_Mission.png 494w\" sizes=\"(max-width: 50px) 100vw, 50px\" \/> La mission<\/h3>\n<blockquote>\n<p>La mission est l\u2019expression de la raison d\u2019\u00eatre de l\u2019entreprise agricole. Elle est identifiable gr\u00e2ce aux services, produits et prestations fournis par l\u2019entreprise et qui justifient son existence. Elle correspond au r\u00f4le de l\u2019entreprise par rapport \u00e0 la soci\u00e9t\u00e9.<\/p>\n<\/blockquote>\n<p>\u00ab\u00a0Pour quoi\u00a0\u00bb l\u2019entreprise agricole existe-t-elle\u00a0?<\/p>\n<p>On d\u00e9couvre sa mission en se posant des questions du type\u00a0: \u00ab\u00a0Quel est notre m\u00e9tier\u00a0?\u00a0\u00bb (Johnson, 2014) ou encore \u00ab\u00a0qu\u2019est-ce qui serait perdu si l\u2019organisation n\u2019existait plus\u00a0? \u00bb ou \u00ab\u00a0Quelle est notre sp\u00e9cificit\u00e9, notre valeur ajout\u00e9e\u00a0?\u00a0\u00bb.<\/p>\n<p>D\u2019une certaine mani\u00e8re, on peut dire que la mission est au c\u0153ur de la gestion strat\u00e9gique car elle pose clairement la question de l\u2019identit\u00e9\u00a0: <strong>\u00ab\u00a0qui suis-je\u00a0?\u00a0\u00bb<\/strong>\u00a0en tant qu\u2019exploitation et <strong>\u00ab\u00a0qu\u2019est-ce que j\u2019apporte\u00a0\u00bb<\/strong> au monde et \u00e0 l\u2019environnement qui m\u2019entoure. Grace \u00e0 la d\u00e9finition ou \u00e0 la reconnaissance de sa propre mission, on d\u00e9passe en effet les seuls int\u00e9r\u00eats du chef d\u2019exploitation pour d\u00e9finir une raison d\u2019\u00eatre pour les autres, on accepte un r\u00f4le dans la soci\u00e9t\u00e9 (Levallois, 2002). Cette clarification permet\u00a0:<\/p>\n<ul>\n<li>La diff\u00e9rentiation\u00a0: les clients et partenaires vont pouvoir conna\u00eetre les sp\u00e9cificit\u00e9s de l\u2019exploitation et de ses produits (la \u00ab\u00a0valeur ajout\u00e9e\u00a0\u00bb)<\/li>\n<li>L\u2019int\u00e9gration des parties prenantes\u00a0: les partenaires de l\u2019exploitation vont pouvoir partager une partie de la mission de l\u2019entreprise et y contribuer pour leur part.<\/li>\n<\/ul>\n<\/div><div class=\"fusion-section-separator section-separator clouds fusion-section-separator-1\" style=\"--awb-spacer-height:99px;--awb-svg-margin-left:0;--awb-svg-margin-right:0;--awb-divider-height:99px;--awb-spacer-padding-top:inherit;--awb-sep-padding:0;--awb-svg-padding:0;\"><div class=\"fusion-section-separator-svg\"><svg class=\"fusion-clouds-candy\" xmlns=\"http:\/\/www.w3.org\/2000\/svg\" version=\"1.1\" width=\"100%\" height=\"100\" viewBox=\"0 0 100 100\" preserveAspectRatio=\"none\" fill=\"rgba(246,246,246,1)\"><path d=\"M-5 100 Q 0 20 5 100 Z\"><\/path>\n\t\t\t\t\t\t\t\t<path d=\"M0 100 Q 5 0 10 100\"><\/path>\n\t\t\t\t\t\t\t\t<path d=\"M5 100 Q 10 30 15 100\"><\/path>\n\t\t\t\t\t\t\t\t<path d=\"M10 100 Q 15 10 20 100\"><\/path>\n\t\t\t\t\t\t\t\t<path d=\"M15 100 Q 20 30 25 100\"><\/path>\n\t\t\t\t\t\t\t\t<path d=\"M20 100 Q 25 -10 30 100\"><\/path>\n\t\t\t\t\t\t\t\t<path d=\"M25 100 Q 30 10 35 100\"><\/path>\n\t\t\t\t\t\t\t\t<path d=\"M30 100 Q 35 30 40 100\"><\/path>\n\t\t\t\t\t\t\t\t<path d=\"M35 100 Q 40 10 45 100\"><\/path>\n\t\t\t\t\t\t\t\t<path d=\"M40 100 Q 45 50 50 100\"><\/path>\n\t\t\t\t\t\t\t\t<path d=\"M45 100 Q 50 20 55 100\"><\/path>\n\t\t\t\t\t\t\t\t<path d=\"M50 100 Q 55 40 60 100\"><\/path>\n\t\t\t\t\t\t\t\t<path d=\"M55 100 Q 60 60 65 100\"><\/path>\n\t\t\t\t\t\t\t\t<path d=\"M60 100 Q 65 50 70 100\"><\/path>\n\t\t\t\t\t\t\t\t<path d=\"M65 100 Q 70 20 75 100\"><\/path>\n\t\t\t\t\t\t\t\t<path d=\"M70 100 Q 75 45 80 100\"><\/path>\n\t\t\t\t\t\t\t\t<path d=\"M75 100 Q 80 30 85 100\"><\/path>\n\t\t\t\t\t\t\t\t<path d=\"M80 100 Q 85 20 90 100\"><\/path>\n\t\t\t\t\t\t\t\t<path d=\"M85 100 Q 90 50 95 100\"><\/path>\n\t\t\t\t\t\t\t\t<path d=\"M90 100 Q 95 25 100 100\"><\/path>\n\t\t\t\t\t\t\t\t<path d=\"M95 100 Q 100 15 105 100 Z\"><\/path><\/svg><\/div><div class=\"fusion-section-separator-spacer\"><div class=\"fusion-section-separator-spacer-height\"><\/div><\/div><\/div><div class=\"fusion-clearfix\"><\/div><\/div><\/div><\/div><\/div><div class=\"fusion-fullwidth fullwidth-box fusion-builder-row-2 nonhundred-percent-fullwidth non-hundred-percent-height-scrolling\" style=\"--awb-border-radius-top-left:0px;--awb-border-radius-top-right:0px;--awb-border-radius-bottom-right:0px;--awb-border-radius-bottom-left:0px;--awb-flex-wrap:wrap;\" ><div class=\"fusion-builder-row fusion-row\"><div class=\"fusion-layout-column fusion_builder_column fusion-builder-column-1 fusion_builder_column_1_1 1_1 fusion-one-full fusion-column-first fusion-column-last\" style=\"--awb-bg-size:cover;\"><div class=\"fusion-column-wrapper fusion-flex-column-wrapper-legacy\"><div class=\"fusion-menu-anchor\" id=\"Boite\"><\/div><div class=\"fusion-text fusion-text-2\"><h4><img decoding=\"async\" class=\"alignnone wp-image-1480\" src=\"https:\/\/agripedia.ch\/strategidea\/wp-content\/uploads\/sites\/7\/2019\/02\/Index_3_2_Mission.png\" alt=\"\" width=\"50\" height=\"50\" srcset=\"https:\/\/agripedia.ch\/strategidea\/wp-content\/uploads\/sites\/7\/2019\/02\/Index_3_2_Mission-66x66.png 66w, https:\/\/agripedia.ch\/strategidea\/wp-content\/uploads\/sites\/7\/2019\/02\/Index_3_2_Mission-150x150.png 150w, https:\/\/agripedia.ch\/strategidea\/wp-content\/uploads\/sites\/7\/2019\/02\/Index_3_2_Mission-200x201.png 200w, https:\/\/agripedia.ch\/strategidea\/wp-content\/uploads\/sites\/7\/2019\/02\/Index_3_2_Mission-300x300.png 300w, https:\/\/agripedia.ch\/strategidea\/wp-content\/uploads\/sites\/7\/2019\/02\/Index_3_2_Mission-400x402.png 400w, https:\/\/agripedia.ch\/strategidea\/wp-content\/uploads\/sites\/7\/2019\/02\/Index_3_2_Mission.png 494w\" sizes=\"(max-width: 50px) 100vw, 50px\" \/>\u00a0Boite \u00e0 outils<strong><br \/>\n<\/strong><\/h4>\n<div class=\"textbox exercises\">\n<div class=\"textbox exercises\"><\/div>\n<\/div>\n<\/div><div class=\"fusion-clearfix\"><\/div><\/div><\/div><div class=\"fusion-layout-column fusion_builder_column fusion-builder-column-2 fusion_builder_column_1_2 1_2 fusion-one-half fusion-column-first\" style=\"--awb-bg-size:cover;width:50%;width:calc(50% - ( ( 4% ) * 0.5 ) );margin-right: 4%;\"><div class=\"fusion-column-wrapper fusion-flex-column-wrapper-legacy\"><div class=\"fusion-text fusion-text-3\"><h4>Guider un entretien semi-directif<\/h4>\n<ul>\n<li><a href=\"https:\/\/agripedia.ch\/strategidea?leaky-paywall-media-download=1083\" target=\"_blank\" rel=\"noopener noreferrer\">Guide d\u2019entretien : la mission d\u2019une entreprise agricole<\/a><\/li>\n<\/ul>\n<\/div><div class=\"fusion-text fusion-text-4\"><h4>Accompagner les repr\u00e9sentations<\/h4>\n<ul>\n<li><a href=\"https:\/\/agridea.abacuscity.ch\/fr\/A~3342~1\/3~310140~Shop\/Publications\/Entreprise-et-Famille\/Gestion-planification-comptabilit%C3%A9\/Photo-langage-agricole\/Fran%C3%A7ais\" target=\"_blank\" rel=\"noopener noreferrer\">Fiche m\u00e9thode\u00a0: photo-langage (1<sup>er<\/sup> objectif)<\/a><\/li>\n<\/ul>\n<div class=\"textbox exercises\"><\/div>\n<\/div><div class=\"fusion-text fusion-text-5\"><h4>(Re)d\u00e9couvrir sa mission<\/h4>\n<p>La m\u00e9thode des exp\u00e9riences probantes part des r\u00e9ussites pour r\u00e9v\u00e9ler les missions que l\u2019on exerce \u00e0 travers son m\u00e9tier.<\/p>\n<ul>\n<li><a href=\"https:\/\/agripedia.ch\/strategidea?leaky-paywall-media-download=1087\" target=\"_blank\" rel=\"noopener noreferrer\">Fiche m\u00e9thode : les exp\u00e9riences probantes \u2013 Mod\u00e8le STAR<\/a><\/li>\n<li><a href=\"https:\/\/agripedia.ch\/strategidea?leaky-paywall-media-download=1089\" target=\"_blank\" rel=\"noopener noreferrer\">Formulaire : les r\u00e9alisations probantes \u2013 Mod\u00e8le STAR<\/a><\/li>\n<\/ul>\n<div class=\"textbox exercises\"><\/div>\n<\/div><div class=\"fusion-clearfix\"><\/div><\/div><\/div><div class=\"fusion-layout-column fusion_builder_column fusion-builder-column-3 fusion_builder_column_1_2 1_2 fusion-one-half fusion-column-last\" style=\"--awb-bg-size:cover;width:50%;width:calc(50% - ( ( 4% ) * 0.5 ) );\"><div class=\"fusion-column-wrapper fusion-flex-column-wrapper-legacy\"><div class=\"fusion-text fusion-text-6\"><h4>\u00c9crire la mission de l\u2019entreprise<\/h4>\n<ul>\n<li><a href=\"https:\/\/agripedia.ch\/strategidea?leaky-paywall-media-download=1668\" target=\"_blank\" rel=\"noopener noreferrer\">Exercice d\u2019autogestion : la mission de mon (notre) entreprise agricole<\/a><\/li>\n<li><a href=\"https:\/\/agripedia.ch\/strategidea?leaky-paywall-media-download=1085\" target=\"_blank\" rel=\"noopener noreferrer\">Formulaire : la mission<\/a><\/li>\n<li><a href=\"https:\/\/agripedia.ch\/strategidea?leaky-paywall-media-download=1091\" target=\"_blank\" rel=\"noopener noreferrer\">Formulaire : la roue de la mission<\/a><\/li>\n<li><a href=\"https:\/\/agripedia.ch\/strategidea?leaky-paywall-media-download=1093\" target=\"_blank\" rel=\"noopener noreferrer\">Sch\u00e9ma : la roue de la mission<\/a><\/li>\n<li><a href=\"https:\/\/agripedia.ch\/strategidea?leaky-paywall-media-download=1095\" target=\"_blank\" rel=\"noopener noreferrer\">Exemples de mission<\/a><\/li>\n<\/ul>\n<\/div><div class=\"fusion-clearfix\"><\/div><\/div><\/div><\/div><\/div><\/p>\n","protected":false},"excerpt":{"rendered":"","protected":false},"author":7,"featured_media":0,"parent":141,"menu_order":2,"comment_status":"closed","ping_status":"closed","template":"100-width.php","meta":{"_sb_is_suggestion_mode":false,"_sb_show_suggestion_boards":false,"_sb_show_comment_boards":false,"_sb_suggestion_history":"","_sb_update_block_changes":"","_monsterinsights_skip_tracking":false,"_monsterinsights_sitenote_active":false,"_monsterinsights_sitenote_note":"","_monsterinsights_sitenote_category":0,"footnotes":""},"class_list":["post-153","page","type-page","status-publish","hentry"],"_links":{"self":[{"href":"https:\/\/agripedia.ch\/strategidea\/wp-json\/wp\/v2\/pages\/153","targetHints":{"allow":["GET"]}}],"collection":[{"href":"https:\/\/agripedia.ch\/strategidea\/wp-json\/wp\/v2\/pages"}],"about":[{"href":"https:\/\/agripedia.ch\/strategidea\/wp-json\/wp\/v2\/types\/page"}],"author":[{"embeddable":true,"href":"https:\/\/agripedia.ch\/strategidea\/wp-json\/wp\/v2\/users\/7"}],"replies":[{"embeddable":true,"href":"https:\/\/agripedia.ch\/strategidea\/wp-json\/wp\/v2\/comments?post=153"}],"version-history":[{"count":35,"href":"https:\/\/agripedia.ch\/strategidea\/wp-json\/wp\/v2\/pages\/153\/revisions"}],"predecessor-version":[{"id":4205,"href":"https:\/\/agripedia.ch\/strategidea\/wp-json\/wp\/v2\/pages\/153\/revisions\/4205"}],"up":[{"embeddable":true,"href":"https:\/\/agripedia.ch\/strategidea\/wp-json\/wp\/v2\/pages\/141"}],"wp:attachment":[{"href":"https:\/\/agripedia.ch\/strategidea\/wp-json\/wp\/v2\/media?parent=153"}],"curies":[{"name":"wp","href":"https:\/\/api.w.org\/{rel}","templated":true}]}}