{"id":15,"date":"2018-10-01T20:19:03","date_gmt":"2018-10-01T20:19:03","guid":{"rendered":"https:\/\/knowledgefarm.ch\/strategidea\/?page_id=15"},"modified":"2021-11-02T07:46:02","modified_gmt":"2021-11-02T07:46:02","slug":"trois-moments-de-la-demarche-strategique","status":"publish","type":"page","link":"https:\/\/agripedia.ch\/strategidea\/preambule\/trois-moments-de-la-demarche-strategique\/","title":{"rendered":"Trois moments de la d\u00e9marche strat\u00e9gique"},"content":{"rendered":"<div class=\"fusion-fullwidth fullwidth-box fusion-builder-row-1 nonhundred-percent-fullwidth non-hundred-percent-height-scrolling\" style=\"--awb-border-radius-top-left:0px;--awb-border-radius-top-right:0px;--awb-border-radius-bottom-right:0px;--awb-border-radius-bottom-left:0px;--awb-flex-wrap:wrap;\" ><div class=\"fusion-builder-row fusion-row\"><div class=\"fusion-layout-column fusion_builder_column fusion-builder-column-0 fusion_builder_column_1_3 1_3 fusion-one-third fusion-column-first\" style=\"--awb-bg-size:cover;width:33.333333333333%;width:calc(33.333333333333% - ( ( 4% ) * 0.33333333333333 ) );margin-right: 4%;\"><div class=\"fusion-column-wrapper fusion-flex-column-wrapper-legacy\"><div class=\"fusion-text fusion-text-1\"><p>Un moment est des temps sp\u00e9cifiques de la d\u00e9marche strat\u00e9gique \u00e0 l\u2019int\u00e9rieur duquel un ensemble de t\u00e2ches peut \u00eatre d\u00e9crit\u00a0:<\/p>\n<ul>\n<li>La <strong>r\u00e9flexion strat\u00e9gique<\/strong> concerne des t\u00e2ches d\u2019investigation et de recherche, de collecte d\u2019informations, d\u2019analyse et de synth\u00e8se, de formulation des nouvelles id\u00e9es et de prospective, des t\u00e2ches de choix et d\u2019engagement strat\u00e9giques.<\/li>\n<li>Le <strong>pilotage strat\u00e9gique<\/strong> regroupe essentiellement des t\u00e2ches li\u00e9es \u00e0 l\u2019action. Il s\u2019agit de t\u00e2ches de pr\u00e9paration \u00e0 l\u2019action et de suivi du d\u00e9veloppement strat\u00e9gique.<\/li>\n<li>La <strong>communication de la strat\u00e9gie<\/strong> concerne des t\u00e2ches de transmission, de partage et de diffusion des informations li\u00e9es \u00e0 la strat\u00e9gie.<\/li>\n<\/ul>\n<\/div><div class=\"fusion-clearfix\"><\/div><\/div><\/div><div class=\"fusion-layout-column fusion_builder_column fusion-builder-column-1 fusion_builder_column_2_3 2_3 fusion-two-third fusion-column-last\" style=\"--awb-bg-size:cover;width:66.666666666667%;width:calc(66.666666666667% - ( ( 4% ) * 0.66666666666667 ) );\"><div class=\"fusion-column-wrapper fusion-flex-column-wrapper-legacy\"><div class=\"fusion-text fusion-text-2\"><p><img decoding=\"async\" class=\"alignnone wp-image-215 size-800 aligncenter\" src=\"https:\/\/agripedia.ch\/strategidea\/wp-content\/uploads\/sites\/7\/2018\/10\/Index1_LES-MOMENTS-ET-LES-TH\u00c8MES-DE-LA-D\u00c9MARCHE-STRATEGIDEA-800x492.png\" alt=\"\" width=\"800\" height=\"492\" srcset=\"https:\/\/agripedia.ch\/strategidea\/wp-content\/uploads\/sites\/7\/2018\/10\/Index1_LES-MOMENTS-ET-LES-TH\u00c8MES-DE-LA-D\u00c9MARCHE-STRATEGIDEA-200x123.png 200w, https:\/\/agripedia.ch\/strategidea\/wp-content\/uploads\/sites\/7\/2018\/10\/Index1_LES-MOMENTS-ET-LES-TH\u00c8MES-DE-LA-D\u00c9MARCHE-STRATEGIDEA-300x185.png 300w, https:\/\/agripedia.ch\/strategidea\/wp-content\/uploads\/sites\/7\/2018\/10\/Index1_LES-MOMENTS-ET-LES-TH\u00c8MES-DE-LA-D\u00c9MARCHE-STRATEGIDEA-400x246.png 400w, https:\/\/agripedia.ch\/strategidea\/wp-content\/uploads\/sites\/7\/2018\/10\/Index1_LES-MOMENTS-ET-LES-TH\u00c8MES-DE-LA-D\u00c9MARCHE-STRATEGIDEA-600x369.png 600w, https:\/\/agripedia.ch\/strategidea\/wp-content\/uploads\/sites\/7\/2018\/10\/Index1_LES-MOMENTS-ET-LES-TH\u00c8MES-DE-LA-D\u00c9MARCHE-STRATEGIDEA-768x473.png 768w, https:\/\/agripedia.ch\/strategidea\/wp-content\/uploads\/sites\/7\/2018\/10\/Index1_LES-MOMENTS-ET-LES-TH\u00c8MES-DE-LA-D\u00c9MARCHE-STRATEGIDEA-800x492.png 800w, https:\/\/agripedia.ch\/strategidea\/wp-content\/uploads\/sites\/7\/2018\/10\/Index1_LES-MOMENTS-ET-LES-TH\u00c8MES-DE-LA-D\u00c9MARCHE-STRATEGIDEA-1024x630.png 1024w, https:\/\/agripedia.ch\/strategidea\/wp-content\/uploads\/sites\/7\/2018\/10\/Index1_LES-MOMENTS-ET-LES-TH\u00c8MES-DE-LA-D\u00c9MARCHE-STRATEGIDEA.png 1074w\" sizes=\"(max-width: 800px) 100vw, 800px\" \/><\/p>\n<h6 style=\"text-align: left\">Les moments et les th\u00e8mes de la d\u00e9marche strat\u00e9gique<\/h6>\n<h6>Chaque moment est d\u00e9coup\u00e9 en th\u00e8mes. Les contenus de ces th\u00e8mes sont souvent imbriqu\u00e9s. Ils se construisent les uns par rapport aux autres.<\/h6>\n<\/div><div class=\"fusion-clearfix\"><\/div><\/div><\/div><div class=\"fusion-layout-column fusion_builder_column fusion-builder-column-2 fusion_builder_column_1_1 1_1 fusion-one-full fusion-column-first fusion-column-last\" style=\"--awb-bg-size:cover;--awb-margin-bottom:0px;\"><div class=\"fusion-column-wrapper fusion-flex-column-wrapper-legacy\"><div class=\"fusion-text fusion-text-3\"><p>Ces trois moments ne sont pas strictement lin\u00e9aires. C\u2019est-\u00e0-dire que ces t\u00e2ches sont la plupart du temps r\u00e9alis\u00e9es en parall\u00e8le. La d\u00e9marche strat\u00e9gique n\u2019est pas une recette qu\u2019il faudrait suivre du d\u00e9but \u00e0 la fin pour s\u2019assurer la r\u00e9ussite. Il s\u2019agit d\u2019un processus it\u00e9ratif o\u00f9 l\u2019agriculteur-trice passe successivement d\u2019une \u00e9tape \u00e0 l\u2019autre en revenant plusieurs fois sur chacune d\u2019elles pour un enrichissement continu ou un \u00e9claircissement progressif. Pour un-e agriculteur-trice donn\u00e9-e, certaines \u00e9tapes contiennent des th\u00e8mes qui seront peu ou pas abord\u00e9s, alors que d\u2019autres th\u00e8mes seront tr\u00e8s d\u00e9velopp\u00e9s.<\/p>\n<\/div><div class=\"fusion-clearfix\"><\/div><\/div><\/div><\/div><\/div>\n","protected":false},"excerpt":{"rendered":"","protected":false},"author":7,"featured_media":0,"parent":8,"menu_order":2,"comment_status":"closed","ping_status":"closed","template":"","meta":{"_sb_is_suggestion_mode":false,"_sb_show_suggestion_boards":false,"_sb_show_comment_boards":false,"_sb_suggestion_history":"","_sb_update_block_changes":"","_monsterinsights_skip_tracking":false,"_monsterinsights_sitenote_active":false,"_monsterinsights_sitenote_note":"","_monsterinsights_sitenote_category":0,"footnotes":""},"class_list":["post-15","page","type-page","status-publish","hentry"],"_links":{"self":[{"href":"https:\/\/agripedia.ch\/strategidea\/wp-json\/wp\/v2\/pages\/15","targetHints":{"allow":["GET"]}}],"collection":[{"href":"https:\/\/agripedia.ch\/strategidea\/wp-json\/wp\/v2\/pages"}],"about":[{"href":"https:\/\/agripedia.ch\/strategidea\/wp-json\/wp\/v2\/types\/page"}],"author":[{"embeddable":true,"href":"https:\/\/agripedia.ch\/strategidea\/wp-json\/wp\/v2\/users\/7"}],"replies":[{"embeddable":true,"href":"https:\/\/agripedia.ch\/strategidea\/wp-json\/wp\/v2\/comments?post=15"}],"version-history":[{"count":22,"href":"https:\/\/agripedia.ch\/strategidea\/wp-json\/wp\/v2\/pages\/15\/revisions"}],"predecessor-version":[{"id":4200,"href":"https:\/\/agripedia.ch\/strategidea\/wp-json\/wp\/v2\/pages\/15\/revisions\/4200"}],"up":[{"embeddable":true,"href":"https:\/\/agripedia.ch\/strategidea\/wp-json\/wp\/v2\/pages\/8"}],"wp:attachment":[{"href":"https:\/\/agripedia.ch\/strategidea\/wp-json\/wp\/v2\/media?parent=15"}],"curies":[{"name":"wp","href":"https:\/\/api.w.org\/{rel}","templated":true}]}}