{"id":1142,"date":"2019-02-13T11:22:49","date_gmt":"2019-02-13T11:22:49","guid":{"rendered":"https:\/\/agripedia.ch\/strategidea\/?page_id=1142"},"modified":"2022-05-17T15:26:32","modified_gmt":"2022-05-17T15:26:32","slug":"la-decision-en-situation","status":"publish","type":"page","link":"https:\/\/agripedia.ch\/strategidea\/la-decision-strategique\/la-decision-en-situation\/","title":{"rendered":"Mobiliser l\u2019intuition dans les prises de d\u00e9cision"},"content":{"rendered":"<p><div class=\"fusion-fullwidth fullwidth-box fusion-builder-row-1 nonhundred-percent-fullwidth non-hundred-percent-height-scrolling\" style=\"--awb-border-radius-top-left:0px;--awb-border-radius-top-right:0px;--awb-border-radius-bottom-right:0px;--awb-border-radius-bottom-left:0px;--awb-flex-wrap:wrap;\" ><div class=\"fusion-builder-row fusion-row\"><div class=\"fusion-layout-column fusion_builder_column fusion-builder-column-0 fusion_builder_column_1_1 1_1 fusion-one-full fusion-column-first fusion-column-last\" style=\"--awb-bg-size:cover;--awb-margin-bottom:0px;\"><div class=\"fusion-column-wrapper fusion-flex-column-wrapper-legacy\"><div class=\"fusion-text fusion-text-1\"><h3><img decoding=\"async\" class=\"wp-image-1167 alignnone\" src=\"https:\/\/agripedia.ch\/strategidea\/wp-content\/uploads\/sites\/7\/2019\/02\/Logo-rouge-D\u00e9cision-strat\u00e9gique-300x300.png\" alt=\"\" width=\"50\" height=\"50\" srcset=\"https:\/\/agripedia.ch\/strategidea\/wp-content\/uploads\/sites\/7\/2019\/02\/Logo-rouge-D\u00e9cision-strat\u00e9gique-66x66.png 66w, https:\/\/agripedia.ch\/strategidea\/wp-content\/uploads\/sites\/7\/2019\/02\/Logo-rouge-D\u00e9cision-strat\u00e9gique-150x150.png 150w, https:\/\/agripedia.ch\/strategidea\/wp-content\/uploads\/sites\/7\/2019\/02\/Logo-rouge-D\u00e9cision-strat\u00e9gique-200x201.png 200w, https:\/\/agripedia.ch\/strategidea\/wp-content\/uploads\/sites\/7\/2019\/02\/Logo-rouge-D\u00e9cision-strat\u00e9gique-300x300.png 300w, https:\/\/agripedia.ch\/strategidea\/wp-content\/uploads\/sites\/7\/2019\/02\/Logo-rouge-D\u00e9cision-strat\u00e9gique-400x402.png 400w, https:\/\/agripedia.ch\/strategidea\/wp-content\/uploads\/sites\/7\/2019\/02\/Logo-rouge-D\u00e9cision-strat\u00e9gique.png 494w\" sizes=\"(max-width: 50px) 100vw, 50px\" \/> Mobiliser l\u2019intuition dans les prises de d\u00e9cision<\/h3>\n<blockquote>\n<p><strong>La d\u00e9cision en situation<\/strong> (Salas, Rosen, & DiazGranados, 2009) <strong>est une approche de la d\u00e9cision o\u00f9 l\u2019intuition constitue le m\u00e9canisme central. Elle est pertinente dans tout processus de prise de d\u00e9cision complexe, donc en particulier pour les d\u00e9cisions strat\u00e9giques.<\/strong><\/p>\n<\/blockquote>\n<p>Beaucoup de m\u00e9thodes d\u00e9cisionnelles monopolisent l\u2019\u00e9nergie sur le \u00ab choix entre options \u00bb au d\u00e9triment de l\u2019attention port\u00e9e \u00e0 la situation. Pour des d\u00e9cisions strat\u00e9giques, l\u2019analyse rationnelle de toutes les options, dans une situation donn\u00e9e de prise de d\u00e9cision, est impossible. La prise de d\u00e9cision s\u2019appuiera alors aussi sur les croyances, \u00e9motions et sch\u00e9mas mentaux du d\u00e9cideur.<\/p>\n<p>L\u2019intuition est une facult\u00e9 naturelle qui permet de \u00ab voir clair \u00bb dans une situation complexe. A ce titre elle est particuli\u00e8rement int\u00e9ressante pour la d\u00e9cision strat\u00e9gique.<\/p>\n<p><strong>Comment fonctionne une prise de d\u00e9cision bas\u00e9e sur l\u2019intuition\u00a0?<\/strong><\/p>\n<p>La d\u00e9cision en situation mod\u00e9lise la d\u00e9cision \u00e0 partir du comportement du d\u00e9cideur en situation r\u00e9elle, et consid\u00e8re que ses ressentis intuitifs sont particuli\u00e8rement influents pour la prise de d\u00e9cision (Lebraty, 2007).<\/p>\n<p>Instinctivement, le d\u00e9cideur compare la situation avec ce qu\u2019il a d\u00e9j\u00e0 v\u00e9cu auparavant. Tout va d\u00e9pendre, au moment de la d\u00e9cision, de <strong>sa<\/strong> <strong>compr\u00e9hension propre de la situation<\/strong> et de ses <strong>exp\u00e9riences d\u00e9j\u00e0 v\u00e9cues.<\/strong><\/p>\n<p>L\u2019intuition entre en jeu dans la compr\u00e9hension de la situation; premi\u00e8rement, pour reconnaitre des \u00ab\u00a0mod\u00e8les g\u00e9n\u00e9riques\u00a0\u00bb de situation, et, deuxi\u00e8mement, dans les \u00ab\u00a0modes d\u2019action\u00a0\u00bb appropri\u00e9s \u00e0 ces mod\u00e8les (voir illustration ci-apr\u00e8s). Ce croisement entre la perception de la situation (mod\u00e8les) et une exp\u00e9rience pass\u00e9e (mode d\u2019action pass\u00e9e) est quasi-instantan\u00e9. Le d\u00e9cideur sait \u00ab\u00a0instinctivement\u00a0\u00bb ce qu\u2019il doit faire. C\u2019est ce qui est appel\u00e9 l\u2019intime conviction.<\/p>\n<p><span style=\"color: #ffffff\">_<\/span><\/p>\n<\/div><div class=\"fusion-section-separator section-separator slant fusion-section-separator-1\" style=\"--awb-spacer-height:99px;--awb-svg-margin-left:0;--awb-svg-margin-right:0;--awb-divider-height:99px;--awb-spacer-padding-top:inherit;--awb-sep-padding:0;--awb-svg-padding:0;\"><div class=\"fusion-section-separator-svg\"><svg class=\"fusion-slant-candy\" xmlns=\"http:\/\/www.w3.org\/2000\/svg\" version=\"1.1\" width=\"100%\" height=\"100\" viewBox=\"0 0 100 100\" preserveAspectRatio=\"none\" fill=\"rgba(246,246,246,1)\"><path d=\"M100 0 L100 100 L0 0 Z\"><\/path><\/svg><\/div><div class=\"fusion-section-separator-spacer\"><div class=\"fusion-section-separator-spacer-height\"><\/div><\/div><\/div><div class=\"fusion-clearfix\"><\/div><\/div><\/div><div class=\"fusion-layout-column fusion_builder_column fusion-builder-column-1 fusion_builder_column_1_2 1_2 fusion-one-half fusion-column-first\" style=\"--awb-bg-size:cover;width:50%;width:calc(50% - ( ( 4% ) * 0.5 ) );margin-right: 4%;\"><div class=\"fusion-column-wrapper fusion-flex-column-wrapper-legacy\"><div class=\"fusion-text fusion-text-2\"><p>L\u2019influence de l\u2019intuition sur la prise de d\u00e9cision s\u2019exerce par l\u2019interm\u00e9diaire des <strong>aspects <\/strong>suivants (Lebraty, 2007)\u00a0:<\/p>\n<ul>\n<li>Les mod\u00e8les mentaux (ou sch\u00e9mas mentaux) de la situation\u00a0: ce sont des repr\u00e9sentations simplifi\u00e9es de la situation, construites par l\u2019individu.<\/li>\n<li>L\u2019exp\u00e9rience\u00a0: c\u2019est-\u00e0-dire le nombre de situations que l\u2019individu a eu \u00e0 g\u00e9rer, et la mani\u00e8re dont il a internalis\u00e9 les s\u00e9quences \u00ab\u00a0situation-actions-effets\u00a0\u00bb.<\/li>\n<li>Les \u00e9motions\u00a0: en situation d\u2019enjeux ou de risques \u00e9lev\u00e9s, les \u00e9motions vont exercer une influence sur les capacit\u00e9s du d\u00e9cideur \u00e0 reconnaitre la situation et \u00e0 simuler un mode d\u2019action.<\/li>\n<li>Les croyances\u00a0: qui contribuent \u00e0 exercer une influence sur les modes d\u2019action envisag\u00e9s.<\/li>\n<\/ul>\n<\/div><div class=\"fusion-clearfix\"><\/div><\/div><\/div><div class=\"fusion-layout-column fusion_builder_column fusion-builder-column-2 fusion_builder_column_1_2 1_2 fusion-one-half fusion-column-last\" style=\"--awb-bg-size:cover;width:50%;width:calc(50% - ( ( 4% ) * 0.5 ) );\"><div class=\"fusion-column-wrapper fusion-flex-column-wrapper-legacy\"><div class=\"fusion-text fusion-text-3\"><h5><\/h5>\n<p><img decoding=\"async\" class=\"aligncenter wp-image-1185 size-600\" src=\"https:\/\/agripedia.ch\/strategidea\/wp-content\/uploads\/sites\/7\/2019\/02\/Index10_PROCESSUS-DE-RECONNAISSANCE-DES-MODELES-MENTAUX-1-600x362.png\" alt=\"\" width=\"600\" height=\"362\" srcset=\"https:\/\/agripedia.ch\/strategidea\/wp-content\/uploads\/sites\/7\/2019\/02\/Index10_PROCESSUS-DE-RECONNAISSANCE-DES-MODELES-MENTAUX-1-200x121.png 200w, https:\/\/agripedia.ch\/strategidea\/wp-content\/uploads\/sites\/7\/2019\/02\/Index10_PROCESSUS-DE-RECONNAISSANCE-DES-MODELES-MENTAUX-1-300x181.png 300w, https:\/\/agripedia.ch\/strategidea\/wp-content\/uploads\/sites\/7\/2019\/02\/Index10_PROCESSUS-DE-RECONNAISSANCE-DES-MODELES-MENTAUX-1-400x241.png 400w, https:\/\/agripedia.ch\/strategidea\/wp-content\/uploads\/sites\/7\/2019\/02\/Index10_PROCESSUS-DE-RECONNAISSANCE-DES-MODELES-MENTAUX-1-600x362.png 600w, https:\/\/agripedia.ch\/strategidea\/wp-content\/uploads\/sites\/7\/2019\/02\/Index10_PROCESSUS-DE-RECONNAISSANCE-DES-MODELES-MENTAUX-1.png 690w\" sizes=\"(max-width: 600px) 100vw, 600px\" \/><\/p>\n<h6 style=\"text-align: center\">PROCESSUS DE RECONNAISSANCE DES MOD\u00c8LES MENTAUX LORS DE D\u00c9CISIONS STRAT\u00c9GIQUES<br \/>\nd\u2019apr\u00e8s\u00a0(Lebraty, 2007)<\/h6>\n<\/div><div class=\"fusion-clearfix\"><\/div><\/div><\/div><div class=\"fusion-layout-column fusion_builder_column fusion-builder-column-3 fusion_builder_column_1_1 1_1 fusion-one-full fusion-column-first fusion-column-last\" style=\"--awb-bg-size:cover;--awb-margin-bottom:0px;\"><div class=\"fusion-column-wrapper fusion-flex-column-wrapper-legacy\"><div class=\"fusion-section-separator section-separator slant fusion-section-separator-2\" style=\"--awb-spacer-height:99px;--awb-svg-margin-left:0;--awb-svg-margin-right:0;--awb-divider-height:99px;--awb-spacer-padding-top:inherit;--awb-sep-padding:0;--awb-svg-padding:0;\"><div class=\"fusion-section-separator-svg\"><svg class=\"fusion-slant-candy\" xmlns=\"http:\/\/www.w3.org\/2000\/svg\" version=\"1.1\" width=\"100%\" height=\"100\" viewBox=\"0 0 100 100\" preserveAspectRatio=\"none\" fill=\"rgba(246,246,246,1)\"><path d=\"M100 0 L100 100 L0 0 Z\"><\/path><\/svg><\/div><div class=\"fusion-section-separator-spacer\"><div class=\"fusion-section-separator-spacer-height\"><\/div><\/div><\/div><div class=\"fusion-clearfix\"><\/div><\/div><\/div><div class=\"fusion-layout-column fusion_builder_column fusion-builder-column-4 fusion_builder_column_1_1 1_1 fusion-one-full fusion-column-first fusion-column-last\" style=\"--awb-bg-size:cover;\"><div class=\"fusion-column-wrapper fusion-flex-column-wrapper-legacy\"><div class=\"fusion-text fusion-text-4\"><p><strong>L\u2019usage de l\u2019intuition pour la prise de d\u00e9cision suppose d\u2019en connaitre les limites et les sources d\u2019am\u00e9liorations.<br \/>\n<\/strong> Celles-ci sont pr\u00e9sent\u00e9es dans le chapitre \u00ab<a href=\"https:\/\/agripedia.ch\/strategidea\/lintuition-strategique\/\">L\u2019intuition strat\u00e9gique<\/a>\u00bb, en particulier dans \u00ab<a href=\"https:\/\/agripedia.ch\/strategidea\/lintuition-strategique\/apprehender-la-complexite\/\">Appr\u00e9hender la complexit\u00e9<\/a>\u00bb et \u00ab<a href=\"https:\/\/agripedia.ch\/strategidea\/lintuition-strategique\/lintuition-sapprend-t-elle\/\">L\u2019intuition s\u2019apprend-elle ?<\/a>\u00bb<\/p>\n<p>En ce qui concerne la prise de d\u00e9cision en particulier, il faut aussi veiller aux points qui suivent.<\/p>\n<p>Contrairement \u00e0 l\u2019\u00e9tude de plusieurs options futures, une attention plus grande doit \u00eatre port\u00e9e \u00e0 la <strong>compr\u00e9hension profonde de la situation actuelle<\/strong>. C\u2019est sur cette analyse que repose en grande partie la d\u00e9cision. Une compr\u00e9hension alt\u00e9r\u00e9e de la situation pourrait avoir de f\u00e2cheuses cons\u00e9quences.<\/p>\n<p>Recourir \u00e0 l\u2019intuition ne s\u2019oppose pas \u00e0 une analyse approfondie de la solution envisag\u00e9e de prime abord. Il faut \u00eatre conscient de notre penchant pour cette premi\u00e8re solution et envisager ses implications positives et n\u00e9gatives. Il peut aussi \u00eatre int\u00e9ressant d\u2019<strong>\u00e9valuer une alternative \u00e0 cette solution<\/strong> en utilisant la technique du discernement pr\u00e9sent\u00e9e dans le chapitre suivant.<\/p>\n<p>Il existe un risque, lorsque le d\u00e9cideur a besoin de dominer la situation, qu\u2019il confonde ses d\u00e9sirs et son intuition. L\u2019intuition elle-m\u00eame, que l\u2019on ne prendrait pas soin d\u2019entra\u00eener et de confronter \u00e0 la raison, peut \u00eatre source d\u2019erreurs. Pour ces raisons il est important de mobiliser <strong>diverses m\u00e9thodes compl\u00e9mentaires<\/strong> (intuition mais aussi analyse, recours \u00e0 des experts\u2026) pour ne pas se faire pi\u00e9ger, et d\u2019<strong>entra\u00eener ses facult\u00e9s d\u2019intuition<\/strong> (cf <a href=\"https:\/\/agripedia.ch\/strategidea\/lintuition-strategique\/lintuition-sapprend-t-elle\/\">l\u2019intuition s\u2019apprend elle<\/a> ?). A l\u2019inverse, un d\u00e9cideur qui pr\u00e9f\u00e8re ignorer ses intuitions et se baser uniquement sur une m\u00e9thode analytique pour justifier ses actes, peut s\u2019engager dans une voie qui ne lui convient pas.<\/p>\n<\/div><div class=\"fusion-clearfix\"><\/div><\/div><\/div><div class=\"fusion-layout-column fusion_builder_column fusion-builder-column-5 fusion_builder_column_1_1 1_1 fusion-one-full fusion-column-first fusion-column-last\" style=\"--awb-bg-size:cover;\"><div class=\"fusion-column-wrapper fusion-flex-column-wrapper-legacy\"><div class=\"fusion-section-separator section-separator clouds fusion-section-separator-3\" style=\"--awb-spacer-height:99px;--awb-svg-margin-left:0;--awb-svg-margin-right:0;--awb-divider-height:99px;--awb-spacer-padding-top:inherit;--awb-sep-padding:0;--awb-svg-padding:0;\"><div class=\"fusion-section-separator-svg\"><svg class=\"fusion-clouds-candy\" xmlns=\"http:\/\/www.w3.org\/2000\/svg\" version=\"1.1\" width=\"100%\" height=\"100\" viewBox=\"0 0 100 100\" preserveAspectRatio=\"none\" fill=\"rgba(246,246,246,1)\"><path d=\"M-5 100 Q 0 20 5 100 Z\"><\/path>\n\t\t\t\t\t\t\t\t<path d=\"M0 100 Q 5 0 10 100\"><\/path>\n\t\t\t\t\t\t\t\t<path d=\"M5 100 Q 10 30 15 100\"><\/path>\n\t\t\t\t\t\t\t\t<path d=\"M10 100 Q 15 10 20 100\"><\/path>\n\t\t\t\t\t\t\t\t<path d=\"M15 100 Q 20 30 25 100\"><\/path>\n\t\t\t\t\t\t\t\t<path d=\"M20 100 Q 25 -10 30 100\"><\/path>\n\t\t\t\t\t\t\t\t<path d=\"M25 100 Q 30 10 35 100\"><\/path>\n\t\t\t\t\t\t\t\t<path d=\"M30 100 Q 35 30 40 100\"><\/path>\n\t\t\t\t\t\t\t\t<path d=\"M35 100 Q 40 10 45 100\"><\/path>\n\t\t\t\t\t\t\t\t<path d=\"M40 100 Q 45 50 50 100\"><\/path>\n\t\t\t\t\t\t\t\t<path d=\"M45 100 Q 50 20 55 100\"><\/path>\n\t\t\t\t\t\t\t\t<path d=\"M50 100 Q 55 40 60 100\"><\/path>\n\t\t\t\t\t\t\t\t<path d=\"M55 100 Q 60 60 65 100\"><\/path>\n\t\t\t\t\t\t\t\t<path d=\"M60 100 Q 65 50 70 100\"><\/path>\n\t\t\t\t\t\t\t\t<path d=\"M65 100 Q 70 20 75 100\"><\/path>\n\t\t\t\t\t\t\t\t<path d=\"M70 100 Q 75 45 80 100\"><\/path>\n\t\t\t\t\t\t\t\t<path d=\"M75 100 Q 80 30 85 100\"><\/path>\n\t\t\t\t\t\t\t\t<path d=\"M80 100 Q 85 20 90 100\"><\/path>\n\t\t\t\t\t\t\t\t<path d=\"M85 100 Q 90 50 95 100\"><\/path>\n\t\t\t\t\t\t\t\t<path d=\"M90 100 Q 95 25 100 100\"><\/path>\n\t\t\t\t\t\t\t\t<path d=\"M95 100 Q 100 15 105 100 Z\"><\/path><\/svg><\/div><div class=\"fusion-section-separator-spacer\"><div class=\"fusion-section-separator-spacer-height\"><\/div><\/div><\/div><div class=\"fusion-clearfix\"><\/div><\/div><\/div><\/div><\/div><div class=\"fusion-fullwidth fullwidth-box fusion-builder-row-2 nonhundred-percent-fullwidth non-hundred-percent-height-scrolling\" style=\"--awb-border-radius-top-left:0px;--awb-border-radius-top-right:0px;--awb-border-radius-bottom-right:0px;--awb-border-radius-bottom-left:0px;--awb-flex-wrap:wrap;\" ><div class=\"fusion-builder-row fusion-row\"><div class=\"fusion-layout-column fusion_builder_column fusion-builder-column-6 fusion_builder_column_1_1 1_1 fusion-one-full fusion-column-first fusion-column-last\" style=\"--awb-bg-size:cover;\"><div class=\"fusion-column-wrapper fusion-flex-column-wrapper-legacy\"><div class=\"fusion-menu-anchor\" id=\"Boite\"><\/div><div class=\"fusion-text fusion-text-5\"><h3><img decoding=\"async\" class=\"wp-image-1167 alignnone\" src=\"https:\/\/agripedia.ch\/strategidea\/wp-content\/uploads\/sites\/7\/2019\/02\/Logo-rouge-D\u00e9cision-strat\u00e9gique-300x300.png\" alt=\"\" width=\"50\" height=\"50\" srcset=\"https:\/\/agripedia.ch\/strategidea\/wp-content\/uploads\/sites\/7\/2019\/02\/Logo-rouge-D\u00e9cision-strat\u00e9gique-66x66.png 66w, https:\/\/agripedia.ch\/strategidea\/wp-content\/uploads\/sites\/7\/2019\/02\/Logo-rouge-D\u00e9cision-strat\u00e9gique-150x150.png 150w, https:\/\/agripedia.ch\/strategidea\/wp-content\/uploads\/sites\/7\/2019\/02\/Logo-rouge-D\u00e9cision-strat\u00e9gique-200x201.png 200w, https:\/\/agripedia.ch\/strategidea\/wp-content\/uploads\/sites\/7\/2019\/02\/Logo-rouge-D\u00e9cision-strat\u00e9gique-300x300.png 300w, https:\/\/agripedia.ch\/strategidea\/wp-content\/uploads\/sites\/7\/2019\/02\/Logo-rouge-D\u00e9cision-strat\u00e9gique-400x402.png 400w, https:\/\/agripedia.ch\/strategidea\/wp-content\/uploads\/sites\/7\/2019\/02\/Logo-rouge-D\u00e9cision-strat\u00e9gique.png 494w\" sizes=\"(max-width: 50px) 100vw, 50px\" \/> Boite \u00e0 outils<\/h3>\n<\/div><div class=\"fusion-clearfix\"><\/div><\/div><\/div><div class=\"fusion-layout-column fusion_builder_column fusion-builder-column-7 fusion_builder_column_1_2 1_2 fusion-one-half fusion-column-first\" style=\"--awb-bg-size:cover;width:50%;width:calc(50% - ( ( 4% ) * 0.5 ) );margin-right: 4%;\"><div class=\"fusion-column-wrapper fusion-flex-column-wrapper-legacy\"><div class=\"fusion-text fusion-text-6\"><h4>Favoriser la pens\u00e9e visuelle dans la prise de d\u00e9cision<\/h4>\n<ul>\n<li><a href=\"https:\/\/agridea.abacuscity.ch\/fr\/A~3342~1\/3~310140~Shop\/Publications\/Entreprise-et-Famille\/Gestion-planification-comptabilit%C3%A9\/Photo-langage-agricole\/Fran%C3%A7ais\" target=\"_blank\" rel=\"noopener noreferrer\">Fiche m\u00e9thode : le photo-langage agricole ; strat\u00e9gie et travail au sein de l\u2019entreprise agricole familiale (3i\u00e8me objectif)<\/a><\/li>\n<\/ul>\n<\/div><div class=\"fusion-clearfix\"><\/div><\/div><\/div><div class=\"fusion-layout-column fusion_builder_column fusion-builder-column-8 fusion_builder_column_1_2 1_2 fusion-one-half fusion-column-last\" style=\"--awb-bg-size:cover;width:50%;width:calc(50% - ( ( 4% ) * 0.5 ) );\"><div class=\"fusion-column-wrapper fusion-flex-column-wrapper-legacy\"><div class=\"fusion-text fusion-text-7\"><h4>Favoriser la d\u00e9cision en situation<\/h4>\n<ul>\n<li><a href=\"https:\/\/agripedia.ch\/strategidea?leaky-paywall-media-download=2075\" target=\"_blank\" rel=\"noopener noreferrer\">Exercice d\u2019autogestion : la relecture des d\u00e9cisions pass\u00e9es<\/a><\/li>\n<li><a href=\"https:\/\/agripedia.ch\/strategidea?leaky-paywall-media-download=2265\" target=\"_blank\" rel=\"noopener noreferrer\">Exercice d\u2019autogestion : 10 questions pour m\u00fbrir une d\u00e9cision strat\u00e9gique<\/a><\/li>\n<\/ul>\n<\/div><div class=\"fusion-clearfix\"><\/div><\/div><\/div><\/div><\/div><\/p>\n","protected":false},"excerpt":{"rendered":"","protected":false},"author":7,"featured_media":0,"parent":458,"menu_order":2,"comment_status":"closed","ping_status":"closed","template":"100-width.php","meta":{"_sb_is_suggestion_mode":false,"_sb_show_suggestion_boards":false,"_sb_show_comment_boards":false,"_sb_suggestion_history":"","_sb_update_block_changes":"","_monsterinsights_skip_tracking":false,"_monsterinsights_sitenote_active":false,"_monsterinsights_sitenote_note":"","_monsterinsights_sitenote_category":0,"footnotes":""},"class_list":["post-1142","page","type-page","status-publish","hentry"],"_links":{"self":[{"href":"https:\/\/agripedia.ch\/strategidea\/wp-json\/wp\/v2\/pages\/1142","targetHints":{"allow":["GET"]}}],"collection":[{"href":"https:\/\/agripedia.ch\/strategidea\/wp-json\/wp\/v2\/pages"}],"about":[{"href":"https:\/\/agripedia.ch\/strategidea\/wp-json\/wp\/v2\/types\/page"}],"author":[{"embeddable":true,"href":"https:\/\/agripedia.ch\/strategidea\/wp-json\/wp\/v2\/users\/7"}],"replies":[{"embeddable":true,"href":"https:\/\/agripedia.ch\/strategidea\/wp-json\/wp\/v2\/comments?post=1142"}],"version-history":[{"count":29,"href":"https:\/\/agripedia.ch\/strategidea\/wp-json\/wp\/v2\/pages\/1142\/revisions"}],"predecessor-version":[{"id":5516,"href":"https:\/\/agripedia.ch\/strategidea\/wp-json\/wp\/v2\/pages\/1142\/revisions\/5516"}],"up":[{"embeddable":true,"href":"https:\/\/agripedia.ch\/strategidea\/wp-json\/wp\/v2\/pages\/458"}],"wp:attachment":[{"href":"https:\/\/agripedia.ch\/strategidea\/wp-json\/wp\/v2\/media?parent=1142"}],"curies":[{"name":"wp","href":"https:\/\/api.w.org\/{rel}","templated":true}]}}