{"id":108,"date":"2018-10-01T20:52:48","date_gmt":"2018-10-01T20:52:48","guid":{"rendered":"https:\/\/knowledgefarm.ch\/strategidea\/?page_id=108"},"modified":"2021-11-02T07:50:29","modified_gmt":"2021-11-02T07:50:29","slug":"les-parties-prenantes","status":"publish","type":"page","link":"https:\/\/agripedia.ch\/strategidea\/les-investigations-prealables\/les-parties-prenantes\/","title":{"rendered":"Les parties prenantes"},"content":{"rendered":"<p><div class=\"fusion-fullwidth fullwidth-box fusion-builder-row-1 nonhundred-percent-fullwidth non-hundred-percent-height-scrolling\" style=\"--awb-border-radius-top-left:0px;--awb-border-radius-top-right:0px;--awb-border-radius-bottom-right:0px;--awb-border-radius-bottom-left:0px;--awb-flex-wrap:wrap;\" ><div class=\"fusion-builder-row fusion-row\"><div class=\"fusion-layout-column fusion_builder_column fusion-builder-column-0 fusion_builder_column_1_2 1_2 fusion-one-half fusion-column-first\" style=\"--awb-bg-size:cover;--awb-margin-bottom:0px;width:48%; margin-right: 4%;\"><div class=\"fusion-column-wrapper fusion-flex-column-wrapper-legacy\"><div class=\"fusion-text fusion-text-1\"><h3><img decoding=\"async\" class=\"alignnone wp-image-1476\" src=\"https:\/\/agripedia.ch\/strategidea\/wp-content\/uploads\/sites\/7\/2019\/02\/Index_2.png\" alt=\"\" width=\"50\" height=\"50\" srcset=\"https:\/\/agripedia.ch\/strategidea\/wp-content\/uploads\/sites\/7\/2019\/02\/Index_2-66x66.png 66w, https:\/\/agripedia.ch\/strategidea\/wp-content\/uploads\/sites\/7\/2019\/02\/Index_2-150x150.png 150w, https:\/\/agripedia.ch\/strategidea\/wp-content\/uploads\/sites\/7\/2019\/02\/Index_2-200x201.png 200w, https:\/\/agripedia.ch\/strategidea\/wp-content\/uploads\/sites\/7\/2019\/02\/Index_2-300x300.png 300w, https:\/\/agripedia.ch\/strategidea\/wp-content\/uploads\/sites\/7\/2019\/02\/Index_2-400x402.png 400w, https:\/\/agripedia.ch\/strategidea\/wp-content\/uploads\/sites\/7\/2019\/02\/Index_2.png 494w\" sizes=\"(max-width: 50px) 100vw, 50px\" \/>\u00a0 Les parties prenantes<\/h3>\n<blockquote>\n<p>Les parties prenantes (acteurs internes et externes) sont des personnes ou des groupes de personnes qui ont de l\u2019influence sur l\u2019entreprise agricole, le syst\u00e8me entreprise-famille et le-s chef-fes d\u2019entreprise. Tout en poursuivant leurs propres buts, elles interagissent avec l\u2019entreprise agricole dans des relations de d\u00e9pendance et d\u2019influence.<\/p>\n<\/blockquote>\n<p>Les parties prenantes sont connues en anglais sous la d\u00e9nomination <em>Stakeholder<\/em>.<\/p>\n<p>Lors de l\u2019investigation pr\u00e9alable, il s\u2019agit <strong>d\u2019identifier<\/strong> et de d\u00e9crire les parties prenantes en distinguant leur <strong>appartenance<\/strong> afin de d\u00e9limiter le syst\u00e8me interne (syst\u00e8me entreprise-famille) et le syst\u00e8me externe (micro- et marco-environnement). L\u2019appartenance d\u2019une partie prenante au syst\u00e8me interne ou externe n\u2019est pas identique pour chaque entreprise. De plus, certaines parties prenantes sont <strong>\u00e0 la fronti\u00e8re<\/strong> du syst\u00e8me interne et du syst\u00e8me externe.<\/p>\n<p>L\u2019investigation des parties prenantes peut comporter un ou plusieurs crit\u00e8res d\u2019analyse pertinents parmi les suivants (liste non exhaustive)\u00a0:<\/p>\n<ul>\n<li>La <strong>nature des interrelations<\/strong> des parties prenantes avec l\u2019entreprise agricole (familiales, historiques, \u00e9conomiques, politiques, technologiques, etc\u2026)(Johnson & Al., 2014),<\/li>\n<li>Le partage de <strong>valeurs<\/strong>, investigation notamment pertinente pour les parties prenantes du syst\u00e8me interne.<\/li>\n<li>Les <strong>possibilit\u00e9s d\u2019influence<\/strong> du chef d\u2019entreprise sur les parties prenantes\u00a0: parties prenantes dans sa sph\u00e8re d\u2019influence (\u00ab\u00a0je peux d\u00e9cider\u00a0\u00bb), dans l\u2019environnement proche (\u00ab\u00a0je peux influencer\u00a0\u00bb), dans l\u2019environnement lointain (\u00ab\u00a0je ne peux pas influencer, je connais les r\u00e8gles\u00a0\u00bb),<\/li>\n<li>Les <strong>possibilit\u00e9s d\u2019influence <\/strong>des parties prenantes sur la strat\u00e9gie du syst\u00e8me entreprise-famille (Telle partie prenante s\u2019oppose-t-elle ou facilite-t-elle la strat\u00e9gie\u00a0?),<\/li>\n<li>Le <strong>degr\u00e9 de d\u00e9pendance<\/strong> entre l\u2019entreprise agricole et la partie prenante (par exemple d\u00e9pendance \u00e9conomique),<\/li>\n<li>La prise en compte <strong>des potentiels et des risques <\/strong>li\u00e9s aux parties prenantes pour la r\u00e9ussite de la strat\u00e9gie (Stocker & Wyrsch, 2014),<\/li>\n<li>Les <strong>besoins et les attentes<\/strong> des parties prenantes (Stocker & Wyrsch, 2014),<\/li>\n<\/ul>\n<\/div><div class=\"fusion-clearfix\"><\/div><\/div><\/div><div class=\"fusion-layout-column fusion_builder_column fusion-builder-column-1 fusion_builder_column_1_2 1_2 fusion-one-half fusion-column-last\" style=\"--awb-bg-size:cover;width:48%;\"><div class=\"fusion-column-wrapper fusion-flex-column-wrapper-legacy\"><div class=\"fusion-image-element in-legacy-container\" style=\"--awb-caption-title-font-family:var(--h2_typography-font-family);--awb-caption-title-font-weight:var(--h2_typography-font-weight);--awb-caption-title-font-style:var(--h2_typography-font-style);--awb-caption-title-size:var(--h2_typography-font-size);--awb-caption-title-transform:var(--h2_typography-text-transform);--awb-caption-title-line-height:var(--h2_typography-line-height);--awb-caption-title-letter-spacing:var(--h2_typography-letter-spacing);\"><span class=\" fusion-imageframe imageframe-none imageframe-1 hover-type-none fusion-animated\" data-animationType=\"bounceInLeft\" data-animationDuration=\"0.3\" data-animationOffset=\"top-into-view\"><img decoding=\"async\" width=\"772\" height=\"767\" title=\"2-3 illustation\" src=\"https:\/\/agripedia.ch\/strategidea\/wp-content\/uploads\/sites\/7\/2019\/07\/2-3-illustation.jpg\" alt class=\"img-responsive wp-image-2379\" srcset=\"https:\/\/agripedia.ch\/strategidea\/wp-content\/uploads\/sites\/7\/2019\/07\/2-3-illustation-200x199.jpg 200w, https:\/\/agripedia.ch\/strategidea\/wp-content\/uploads\/sites\/7\/2019\/07\/2-3-illustation-400x397.jpg 400w, https:\/\/agripedia.ch\/strategidea\/wp-content\/uploads\/sites\/7\/2019\/07\/2-3-illustation-600x596.jpg 600w, https:\/\/agripedia.ch\/strategidea\/wp-content\/uploads\/sites\/7\/2019\/07\/2-3-illustation.jpg 772w\" sizes=\"(max-width: 800px) 100vw, 600px\" \/><\/span><\/div><div class=\"fusion-text fusion-text-2\"><p><span style=\"color: #ffffff;\">_<\/span><\/p>\n<p><span style=\"color: #ffffff;\">_<\/span><\/p>\n<\/div><div class=\"fusion-text fusion-text-3\"><p>L\u2019analyse des parties prenantes du syst\u00e8me interne contribue \u00e0 d\u00e9limiter le syst\u00e8me entreprise-famille, \u00e0 identifier les acteurs d\u00e9cisionnels, et constitue un pr\u00e9alable \u00e0 l\u2019analyse des ressources humaines (par exemple le crit\u00e8re des besoins et des attentes).<\/p>\n<p>L\u2019analyse des parties prenantes externes est r\u00e9alis\u00e9e par\u00a0:<\/p>\n<ul>\n<li>l\u2019analyse du macro-environnement\u00a0: Elle traite des parties prenantes de l\u2019environnement lointain (<strong>conditions cadre<\/strong>) qui influencent directement l\u2019exploitation, ind\u00e9pendamment de toute d\u00e9cision du chef d\u2019entreprise,<\/li>\n<li>l\u2019analyse du micro-environnement, qui traite des parties prenantes qui sont dans le <strong>r\u00e9seau de relations proches<\/strong>. Ces acteurs externes impactent directement les choix strat\u00e9giques de l\u2019entreprise. C\u2019est aussi le r\u00e9seau sur lequel l\u2019entreprise peut avoir une influence.<\/li>\n<\/ul>\n<div class=\"textbox exercises\"><\/div>\n<\/div><div class=\"fusion-clearfix\"><\/div><\/div><\/div><div class=\"fusion-layout-column fusion_builder_column fusion-builder-column-2 fusion_builder_column_1_1 1_1 fusion-one-full fusion-column-first fusion-column-last\" style=\"--awb-bg-size:cover;\"><div class=\"fusion-column-wrapper fusion-flex-column-wrapper-legacy\"><div class=\"fusion-section-separator section-separator clouds fusion-section-separator-1\" style=\"--awb-spacer-height:99px;--awb-svg-margin-left:0;--awb-svg-margin-right:0;--awb-divider-height:99px;--awb-spacer-padding-top:inherit;--awb-sep-padding:0;--awb-svg-padding:0;\"><div class=\"fusion-section-separator-svg\"><svg class=\"fusion-clouds-candy\" xmlns=\"http:\/\/www.w3.org\/2000\/svg\" version=\"1.1\" width=\"100%\" height=\"100\" viewBox=\"0 0 100 100\" preserveAspectRatio=\"none\" fill=\"rgba(246,246,246,1)\"><path d=\"M-5 100 Q 0 20 5 100 Z\"><\/path>\n\t\t\t\t\t\t\t\t<path d=\"M0 100 Q 5 0 10 100\"><\/path>\n\t\t\t\t\t\t\t\t<path d=\"M5 100 Q 10 30 15 100\"><\/path>\n\t\t\t\t\t\t\t\t<path d=\"M10 100 Q 15 10 20 100\"><\/path>\n\t\t\t\t\t\t\t\t<path d=\"M15 100 Q 20 30 25 100\"><\/path>\n\t\t\t\t\t\t\t\t<path d=\"M20 100 Q 25 -10 30 100\"><\/path>\n\t\t\t\t\t\t\t\t<path d=\"M25 100 Q 30 10 35 100\"><\/path>\n\t\t\t\t\t\t\t\t<path d=\"M30 100 Q 35 30 40 100\"><\/path>\n\t\t\t\t\t\t\t\t<path d=\"M35 100 Q 40 10 45 100\"><\/path>\n\t\t\t\t\t\t\t\t<path d=\"M40 100 Q 45 50 50 100\"><\/path>\n\t\t\t\t\t\t\t\t<path d=\"M45 100 Q 50 20 55 100\"><\/path>\n\t\t\t\t\t\t\t\t<path d=\"M50 100 Q 55 40 60 100\"><\/path>\n\t\t\t\t\t\t\t\t<path d=\"M55 100 Q 60 60 65 100\"><\/path>\n\t\t\t\t\t\t\t\t<path d=\"M60 100 Q 65 50 70 100\"><\/path>\n\t\t\t\t\t\t\t\t<path d=\"M65 100 Q 70 20 75 100\"><\/path>\n\t\t\t\t\t\t\t\t<path d=\"M70 100 Q 75 45 80 100\"><\/path>\n\t\t\t\t\t\t\t\t<path d=\"M75 100 Q 80 30 85 100\"><\/path>\n\t\t\t\t\t\t\t\t<path d=\"M80 100 Q 85 20 90 100\"><\/path>\n\t\t\t\t\t\t\t\t<path d=\"M85 100 Q 90 50 95 100\"><\/path>\n\t\t\t\t\t\t\t\t<path d=\"M90 100 Q 95 25 100 100\"><\/path>\n\t\t\t\t\t\t\t\t<path d=\"M95 100 Q 100 15 105 100 Z\"><\/path><\/svg><\/div><div class=\"fusion-section-separator-spacer\"><div class=\"fusion-section-separator-spacer-height\"><\/div><\/div><\/div><div class=\"fusion-clearfix\"><\/div><\/div><\/div><\/div><\/div><div class=\"fusion-fullwidth fullwidth-box fusion-builder-row-2 nonhundred-percent-fullwidth non-hundred-percent-height-scrolling\" style=\"--awb-border-radius-top-left:0px;--awb-border-radius-top-right:0px;--awb-border-radius-bottom-right:0px;--awb-border-radius-bottom-left:0px;--awb-flex-wrap:wrap;\" ><div class=\"fusion-builder-row fusion-row\"><div class=\"fusion-layout-column fusion_builder_column fusion-builder-column-3 fusion_builder_column_1_1 1_1 fusion-one-full fusion-column-first fusion-column-last\" style=\"--awb-bg-size:cover;\"><div class=\"fusion-column-wrapper fusion-flex-column-wrapper-legacy\"><div class=\"fusion-menu-anchor\" id=\"Boite\"><\/div><div class=\"fusion-text fusion-text-4\"><h3><img decoding=\"async\" class=\"alignnone wp-image-1476\" src=\"https:\/\/agripedia.ch\/strategidea\/wp-content\/uploads\/sites\/7\/2019\/02\/Index_2.png\" alt=\"\" width=\"50\" height=\"50\" srcset=\"https:\/\/agripedia.ch\/strategidea\/wp-content\/uploads\/sites\/7\/2019\/02\/Index_2-66x66.png 66w, https:\/\/agripedia.ch\/strategidea\/wp-content\/uploads\/sites\/7\/2019\/02\/Index_2-150x150.png 150w, https:\/\/agripedia.ch\/strategidea\/wp-content\/uploads\/sites\/7\/2019\/02\/Index_2-200x201.png 200w, https:\/\/agripedia.ch\/strategidea\/wp-content\/uploads\/sites\/7\/2019\/02\/Index_2-300x300.png 300w, https:\/\/agripedia.ch\/strategidea\/wp-content\/uploads\/sites\/7\/2019\/02\/Index_2-400x402.png 400w, https:\/\/agripedia.ch\/strategidea\/wp-content\/uploads\/sites\/7\/2019\/02\/Index_2.png 494w\" sizes=\"(max-width: 50px) 100vw, 50px\" \/> \u00a0Boite \u00e0 outils<\/h3>\n<\/div><div class=\"fusion-clearfix\"><\/div><\/div><\/div><div class=\"fusion-layout-column fusion_builder_column fusion-builder-column-4 fusion_builder_column_1_2 1_2 fusion-one-half fusion-column-first\" style=\"--awb-bg-size:cover;width:50%;width:calc(50% - ( ( 4% ) * 0.5 ) );margin-right: 4%;\"><div class=\"fusion-column-wrapper fusion-flex-column-wrapper-legacy\"><div class=\"fusion-text fusion-text-5\"><h4>Cartographier les parties prenantes<\/h4>\n<ul>\n<li><a href=\"https:\/\/agripedia.ch\/strategidea?leaky-paywall-media-download=1047\" target=\"_blank\" rel=\"noopener noreferrer\">Fiche m\u00e9thode : cartographier les parties prenantes<\/a><\/li>\n<li><a href=\"https:\/\/agripedia.ch\/strategidea?leaky-paywall-media-download=1051\" target=\"_blank\" rel=\"noopener noreferrer\">Formulaire : carte vierge pour les parties prenantes<\/a><\/li>\n<li><a href=\"https:\/\/agripedia.ch\/strategidea?leaky-paywall-media-download=1053\" target=\"_blank\" rel=\"noopener noreferrer\">Formulaire : liste des parties prenantes<\/a><\/li>\n<\/ul>\n<\/div><div class=\"fusion-clearfix\"><\/div><\/div><\/div><div class=\"fusion-layout-column fusion_builder_column fusion-builder-column-5 fusion_builder_column_1_2 1_2 fusion-one-half fusion-column-last\" style=\"--awb-bg-size:cover;width:50%;width:calc(50% - ( ( 4% ) * 0.5 ) );\"><div class=\"fusion-column-wrapper fusion-flex-column-wrapper-legacy\"><div class=\"fusion-text fusion-text-6\"><h4>\u00c9tudier le pouvoir et l\u2019int\u00e9r\u00eat des parties prenantes d\u2019influencer la strat\u00e9gie<\/h4>\n<ul>\n<li><a href=\"https:\/\/agripedia.ch\/strategidea?leaky-paywall-media-download=1049\" target=\"_blank\" rel=\"noopener noreferrer\">Fiche m\u00e9thode : la matrice pouvoir\/int\u00e9r\u00eat d\u2019influencer la strat\u00e9gie<\/a><\/li>\n<\/ul>\n<\/div><div class=\"fusion-clearfix\"><\/div><\/div><\/div><div class=\"fusion-layout-column fusion_builder_column fusion-builder-column-6 fusion_builder_column_1_1 1_1 fusion-one-full fusion-column-first fusion-column-last\" style=\"--awb-bg-size:cover;\"><div class=\"fusion-column-wrapper fusion-flex-column-wrapper-legacy\"><div class=\"fusion-section-separator section-separator clouds fusion-section-separator-2\" style=\"--awb-spacer-height:99px;--awb-svg-margin-left:0;--awb-svg-margin-right:0;--awb-divider-height:99px;--awb-spacer-padding-top:inherit;--awb-sep-padding:0;--awb-svg-padding:0;\"><div class=\"fusion-section-separator-svg\"><svg class=\"fusion-clouds-candy\" xmlns=\"http:\/\/www.w3.org\/2000\/svg\" version=\"1.1\" width=\"100%\" height=\"100\" viewBox=\"0 0 100 100\" preserveAspectRatio=\"none\" fill=\"rgba(246,246,246,1)\"><path d=\"M-5 100 Q 0 20 5 100 Z\"><\/path>\n\t\t\t\t\t\t\t\t<path d=\"M0 100 Q 5 0 10 100\"><\/path>\n\t\t\t\t\t\t\t\t<path d=\"M5 100 Q 10 30 15 100\"><\/path>\n\t\t\t\t\t\t\t\t<path d=\"M10 100 Q 15 10 20 100\"><\/path>\n\t\t\t\t\t\t\t\t<path d=\"M15 100 Q 20 30 25 100\"><\/path>\n\t\t\t\t\t\t\t\t<path d=\"M20 100 Q 25 -10 30 100\"><\/path>\n\t\t\t\t\t\t\t\t<path d=\"M25 100 Q 30 10 35 100\"><\/path>\n\t\t\t\t\t\t\t\t<path d=\"M30 100 Q 35 30 40 100\"><\/path>\n\t\t\t\t\t\t\t\t<path d=\"M35 100 Q 40 10 45 100\"><\/path>\n\t\t\t\t\t\t\t\t<path d=\"M40 100 Q 45 50 50 100\"><\/path>\n\t\t\t\t\t\t\t\t<path d=\"M45 100 Q 50 20 55 100\"><\/path>\n\t\t\t\t\t\t\t\t<path d=\"M50 100 Q 55 40 60 100\"><\/path>\n\t\t\t\t\t\t\t\t<path d=\"M55 100 Q 60 60 65 100\"><\/path>\n\t\t\t\t\t\t\t\t<path d=\"M60 100 Q 65 50 70 100\"><\/path>\n\t\t\t\t\t\t\t\t<path d=\"M65 100 Q 70 20 75 100\"><\/path>\n\t\t\t\t\t\t\t\t<path d=\"M70 100 Q 75 45 80 100\"><\/path>\n\t\t\t\t\t\t\t\t<path d=\"M75 100 Q 80 30 85 100\"><\/path>\n\t\t\t\t\t\t\t\t<path d=\"M80 100 Q 85 20 90 100\"><\/path>\n\t\t\t\t\t\t\t\t<path d=\"M85 100 Q 90 50 95 100\"><\/path>\n\t\t\t\t\t\t\t\t<path d=\"M90 100 Q 95 25 100 100\"><\/path>\n\t\t\t\t\t\t\t\t<path d=\"M95 100 Q 100 15 105 100 Z\"><\/path><\/svg><\/div><div class=\"fusion-section-separator-spacer\"><div class=\"fusion-section-separator-spacer-height\"><\/div><\/div><\/div><div class=\"fusion-clearfix\"><\/div><\/div><\/div><\/div><\/div><div class=\"fusion-fullwidth fullwidth-box fusion-builder-row-3 nonhundred-percent-fullwidth non-hundred-percent-height-scrolling\" style=\"--awb-border-radius-top-left:0px;--awb-border-radius-top-right:0px;--awb-border-radius-bottom-right:0px;--awb-border-radius-bottom-left:0px;--awb-flex-wrap:wrap;\" ><div class=\"fusion-builder-row fusion-row\"><div class=\"fusion-layout-column fusion_builder_column fusion-builder-column-7 fusion_builder_column_1_1 1_1 fusion-one-full fusion-column-first fusion-column-last\" style=\"--awb-bg-size:cover;\"><div class=\"fusion-column-wrapper fusion-flex-column-wrapper-legacy\"><div class=\"fusion-menu-anchor\" id=\"Loin\"><\/div><div class=\"fusion-text fusion-text-7\"><h3><img decoding=\"async\" class=\"alignnone wp-image-1476\" src=\"https:\/\/agripedia.ch\/strategidea\/wp-content\/uploads\/sites\/7\/2019\/02\/Index_2.png\" alt=\"\" width=\"50\" height=\"50\" srcset=\"https:\/\/agripedia.ch\/strategidea\/wp-content\/uploads\/sites\/7\/2019\/02\/Index_2-66x66.png 66w, https:\/\/agripedia.ch\/strategidea\/wp-content\/uploads\/sites\/7\/2019\/02\/Index_2-150x150.png 150w, https:\/\/agripedia.ch\/strategidea\/wp-content\/uploads\/sites\/7\/2019\/02\/Index_2-200x201.png 200w, https:\/\/agripedia.ch\/strategidea\/wp-content\/uploads\/sites\/7\/2019\/02\/Index_2-300x300.png 300w, https:\/\/agripedia.ch\/strategidea\/wp-content\/uploads\/sites\/7\/2019\/02\/Index_2-400x402.png 400w, https:\/\/agripedia.ch\/strategidea\/wp-content\/uploads\/sites\/7\/2019\/02\/Index_2.png 494w\" sizes=\"(max-width: 50px) 100vw, 50px\" \/>\u00a0Pour aller plus loin<\/h3>\n<div class=\"textbox examples\">\n<ul>\n<li><a href=\"https:\/\/agripedia.ch\/strategidea\/wp-content\/uploads\/sites\/7\/2018\/12\/BIBLIO_INDEX-02_SDC_2009_Knowledge-Management-Toolkit_Stakeholder.pdf\" target=\"_blank\" rel=\"noopener noreferrer\">Stakeholder Analysis und Mapping SDC Learning & Networking Toolkit<\/a><\/li>\n<\/ul>\n<\/div>\n<\/div><div class=\"fusion-clearfix\"><\/div><\/div><\/div><\/div><\/div><\/p>\n","protected":false},"excerpt":{"rendered":"","protected":false},"author":7,"featured_media":0,"parent":19,"menu_order":3,"comment_status":"closed","ping_status":"closed","template":"100-width.php","meta":{"_sb_is_suggestion_mode":false,"_sb_show_suggestion_boards":false,"_sb_show_comment_boards":false,"_sb_suggestion_history":"","_sb_update_block_changes":"","_monsterinsights_skip_tracking":false,"_monsterinsights_sitenote_active":false,"_monsterinsights_sitenote_note":"","_monsterinsights_sitenote_category":0,"footnotes":""},"class_list":["post-108","page","type-page","status-publish","hentry"],"_links":{"self":[{"href":"https:\/\/agripedia.ch\/strategidea\/wp-json\/wp\/v2\/pages\/108","targetHints":{"allow":["GET"]}}],"collection":[{"href":"https:\/\/agripedia.ch\/strategidea\/wp-json\/wp\/v2\/pages"}],"about":[{"href":"https:\/\/agripedia.ch\/strategidea\/wp-json\/wp\/v2\/types\/page"}],"author":[{"embeddable":true,"href":"https:\/\/agripedia.ch\/strategidea\/wp-json\/wp\/v2\/users\/7"}],"replies":[{"embeddable":true,"href":"https:\/\/agripedia.ch\/strategidea\/wp-json\/wp\/v2\/comments?post=108"}],"version-history":[{"count":44,"href":"https:\/\/agripedia.ch\/strategidea\/wp-json\/wp\/v2\/pages\/108\/revisions"}],"predecessor-version":[{"id":4203,"href":"https:\/\/agripedia.ch\/strategidea\/wp-json\/wp\/v2\/pages\/108\/revisions\/4203"}],"up":[{"embeddable":true,"href":"https:\/\/agripedia.ch\/strategidea\/wp-json\/wp\/v2\/pages\/19"}],"wp:attachment":[{"href":"https:\/\/agripedia.ch\/strategidea\/wp-json\/wp\/v2\/media?parent=108"}],"curies":[{"name":"wp","href":"https:\/\/api.w.org\/{rel}","templated":true}]}}