{"id":6962,"date":"2026-04-13T08:26:25","date_gmt":"2026-04-13T08:26:25","guid":{"rendered":"https:\/\/agripedia.ch\/strategidea\/beratungssituationen\/oekologische-fragestellungen\/"},"modified":"2026-04-14T09:17:45","modified_gmt":"2026-04-14T09:17:45","slug":"oekologische-fragestellungen","status":"publish","type":"page","link":"https:\/\/agripedia.ch\/strategidea\/de\/beratungssituationen\/oekologische-fragestellungen\/","title":{"rendered":"\u00f6kologische Fragestellungen"},"content":{"rendered":"<p><div class=\"fusion-fullwidth fullwidth-box fusion-builder-row-1 fusion-flex-container has-pattern-background has-mask-background nonhundred-percent-fullwidth non-hundred-percent-height-scrolling\" style=\"--awb-border-radius-top-left:0px;--awb-border-radius-top-right:0px;--awb-border-radius-bottom-right:0px;--awb-border-radius-bottom-left:0px;--awb-flex-wrap:wrap;\" ><div class=\"fusion-builder-row fusion-row fusion-flex-align-items-flex-start fusion-flex-content-wrap\" style=\"max-width:1144px;margin-left: calc(-4% \/ 2 );margin-right: calc(-4% \/ 2 );\"><div class=\"fusion-layout-column fusion_builder_column fusion-builder-column-0 fusion_builder_column_1_1 1_1 fusion-flex-column\" style=\"--awb-bg-size:cover;--awb-width-large:100%;--awb-margin-top-large:0px;--awb-spacing-right-large:1.92%;--awb-margin-bottom-large:20px;--awb-spacing-left-large:1.92%;--awb-width-medium:100%;--awb-order-medium:0;--awb-spacing-right-medium:1.92%;--awb-spacing-left-medium:1.92%;--awb-width-small:100%;--awb-order-small:0;--awb-spacing-right-small:1.92%;--awb-spacing-left-small:1.92%;\"><div class=\"fusion-column-wrapper fusion-column-has-shadow fusion-flex-justify-content-flex-start fusion-content-layout-column\"><div class=\"fusion-title title fusion-title-1 fusion-sep-none fusion-title-text fusion-title-size-one\"><h1 class=\"fusion-title-heading title-heading-left fusion-responsive-typography-calculated\" style=\"margin:0;--fontSize:60;line-height:1.4;\">Begleitung bei \u00f6kologischen Fragestellungen im Betrieb<\/h1><\/div><div class=\"fusion-text fusion-text-1\"><h2>Strukturiertes Vorgehen<\/h2>\n<h3>Vorgelagerte Gesamtbetrachtung (Einbindung der Problematik in die Gesamtstrategie des Unternehmens)<\/h3>\n<p>Ziel ist es, ein fundiertes Verst\u00e4ndnis der Gesamtsituation auf Ebene des Systems \u00abBetrieb\u2013Familie\u00bb zu erarbeiten und dieses dem Betriebsleiter in kompakter, praxisnaher Form zur Verf\u00fcgung zu stellen. So erh\u00e4lt er eine klare Orientierung f\u00fcr seine Entscheidungen und Massnahmen.<br \/>\nDie Grundlage bildet ein <em><strong>offenes, interaktives Gespr\u00e4ch<\/strong><\/em> mit dem Betriebsleiter zu strategischen Fragen (vgl. Leitfaden f\u00fcr das allgemeine Beratungsgespr\u00e4ch).<br \/>\nDabei werden die zentralen Einflussfaktoren und Zusammenh\u00e4nge herausgearbeitet, die die aktuelle Dynamik und Koh\u00e4renz des Systems pr\u00e4gen \u2013 mit besonderem Fokus auf Motivation und Sensibilit\u00e4t in Bezug auf Umwelt- und Klimathemen (<em><strong>Elemente der strategischen \u00dcberlegungen<\/strong><\/em>, <strong><em>strategischer Wegweiser<\/em><\/strong>).<\/p>\n<p>Ein Teil der allgemeinen Daten ist bereits in bestehenden Unterlagen verf\u00fcgbar (\u00d6LN-Datenbl\u00e4tter, Abrechnung der Direktzahlungen, allgemeine Frageb\u00f6gen oder vorhandene Studien) und sollte genutzt werden.<br \/>\nErg\u00e4nzend werden fehlende Informationen dort erhoben, wo dies sinnvoll erscheint. Anschlie\u00dfend wird die Analyse mit Blick auf die \u00f6kologische Herausforderung vertieft \u2013 wobei man auf der Ebene der Gesamtbetrachtung bleibt.<\/p>\n<p>Diese vorgelagerte Gesamtbetrachtung dient dazu, die <em><strong>Handlungsspielr\u00e4ume des Betriebs<\/strong><\/em> im Umgang mit einer konkreten \u00f6kologischen Fragestellung zu erkennen \u2013 ebenso wie die <strong><em>Voraussetzungen und Grenzen<\/em><\/strong> f\u00fcr deren Nutzung. Dabei kann es sich um potenziell interessante Parzellen oder Lebensr\u00e4ume, um \u201egute\u201d oder \u201eschlechte\u201d Praktiken (aus \u00f6kologischer Sicht), um die Interessen des Betreibers usw. handeln.<\/p>\n<h3>Gezielte fachliche Vertiefung<\/h3>\n<p>Die \u201eVerkn\u00fcpfung\u201d zweier Informationsebenen (strategische Elemente, die die Koh\u00e4renz oder die aktuelle Dynamik des Unternehmens-Familien-Systems begr\u00fcnden vs. \u00f6kologische Handlungsspielr\u00e4ume des Unternehmens) erm\u00f6glicht, die <em><strong>relevanten Objekte zu identifizieren, die aus \u00f6kologischer Sicht eingehender analysiert werden m\u00fcssen<\/strong><\/em>. Dabei muss die Gesamtkoh\u00e4renz im Auge behalten werden.<\/p>\n<p>Die gezielte fachliche Vertiefung kann aus einem eher technischen Gespr\u00e4ch mit dem Bewirtschafter \u00fcber bestimmte Praktiken oder aus der Besichtigung ausgew\u00e4hlter Parzellen bestehen. Diese neue Untersuchungsebene erfordert Fachkenntnisse und spezifische Instrumente (au\u00dferhalb von Strategidea).<\/p>\n<p>Diese <strong>vertiefte technische Analyse<\/strong> erm\u00f6glicht, <strong><em>konkrete Handlungsans\u00e4tze<\/em><\/strong> zu der betreffenden \u00f6kologischen Fragestellung zu formulieren, die mit dem allgemeinen Unternehmensprojekt im Einklang stehen. Und dies unabh\u00e4ngig davon, ob die Initiative vom Betriebsleiter selbst oder von externen Akteuren ausgeht.<\/p>\n<h3>Massgeschneiderte Machbarkeitsanalysen<\/h3>\n<p>Sobald eine genaue Definition der Massnahmen vorliegt, denen der Bewirtschafter grunds\u00e4tzlich zugestimmt hat, kann es erforderlich sein, deren <strong><em>Machbarkeit in den betroffenen Bereichen<\/em><\/strong> zu pr\u00fcfen. Dabei kann es sich um die technische, organisatorische, gegebenenfalls kommerzielle oder rechtliche, aber auch um die wirtschaftliche Machbarkeit handeln.<\/p>\n<p>Der methodische Aufwand muss angepasst werden, insbesondere in Abh\u00e4ngigkeit von der Bedeutung der Herausforderung (diese Bedeutung kann anhand der Gr\u00f6\u00dfe der betreffenden nat\u00fcrlichen Elemente, ihrer vorhersehbaren Auswirkungen auf die Fruchtfolge, das Futtersystem oder die Arbeitsorganisation sowie ihrer potenziellen Beeintr\u00e4chtigung der Praktiken, Vorstellungen oder Beziehungen des Landwirts bewertet werden). Aber auch entsprechend dem finanziellen Risiko sowie der Komplexit\u00e4t des Systems oder der Dynamik der Umstellung (heikle \u00dcbergangsphase).<\/p>\n<p>Verschiedene wirtschaftliche Instrumente kommen in Frage: einfache Referenzwerte, parzellenbezogener Ansatz, Teilbudgets, technische Planungen, Gesamtbetriebsbudget usw. (au\u00dferhalb von Strategidea). Einige dieser Gutachten erfordern die Kompetenzen eines Spezialisten.<\/p>\n<\/div><\/div><\/div><\/div><\/div><div class=\"fusion-fullwidth fullwidth-box fusion-builder-row-2 fusion-flex-container has-pattern-background has-mask-background nonhundred-percent-fullwidth non-hundred-percent-height-scrolling\" style=\"--awb-border-radius-top-left:0px;--awb-border-radius-top-right:0px;--awb-border-radius-bottom-right:0px;--awb-border-radius-bottom-left:0px;--awb-flex-wrap:wrap;\" ><div class=\"fusion-builder-row fusion-row fusion-flex-align-items-flex-start fusion-flex-content-wrap\" style=\"max-width:1144px;margin-left: calc(-4% \/ 2 );margin-right: calc(-4% \/ 2 );\"><div class=\"fusion-layout-column fusion_builder_column fusion-builder-column-1 fusion_builder_column_1_1 1_1 fusion-flex-column\" style=\"--awb-bg-size:cover;--awb-width-large:100%;--awb-margin-top-large:0px;--awb-spacing-right-large:1.92%;--awb-margin-bottom-large:20px;--awb-spacing-left-large:1.92%;--awb-width-medium:100%;--awb-order-medium:0;--awb-spacing-right-medium:1.92%;--awb-spacing-left-medium:1.92%;--awb-width-small:100%;--awb-order-small:0;--awb-spacing-right-small:1.92%;--awb-spacing-left-small:1.92%;\"><div class=\"fusion-column-wrapper fusion-column-has-shadow fusion-flex-justify-content-flex-start fusion-content-layout-column\"><div class=\"fusion-title title fusion-title-2 fusion-sep-none fusion-title-text fusion-title-size-two\"><h2 class=\"fusion-title-heading title-heading-left fusion-responsive-typography-calculated\" style=\"margin:0;--fontSize:40;line-height:1.5;\">Liste der Hilfsmittel<\/h2><\/div><div class=\"fusion-content-boxes content-boxes columns row fusion-columns-1 fusion-columns-total-3 fusion-content-boxes-1 content-boxes-icon-with-title content-left\" style=\"--awb-hover-accent-color:#e10707;--awb-circle-hover-accent-color:#e10707;--awb-item-margin-bottom:40px;\" data-animationOffset=\"top-into-view\"><div style=\"--awb-backgroundcolor:#fff2f2;\" class=\"fusion-column content-box-column content-box-column content-box-column-1 col-lg-12 col-md-12 col-sm-12 fusion-content-box-hover content-box-column-last-in-row\"><div class=\"col content-box-wrapper content-wrapper-background link-area-link-icon icon-hover-animation-fade\" data-animationOffset=\"top-into-view\"><div class=\"heading heading-with-icon icon-left\"><div class=\"icon\"><i style=\"border-color:#333333;border-width:1px;background-color:#333333;box-sizing:content-box;height:42px;width:42px;line-height:42px;border-radius:50%;font-size:21px;\" aria-hidden=\"true\" class=\"fontawesome-icon fa-wrench fas circle-yes\"><\/i><\/div><h2 class=\"content-box-heading fusion-responsive-typography-calculated\" style=\"--h2_typography-font-size:18px;--fontSize:18;line-height:1.5;\">Checkliste f\u00fcr das allgemeine Beratungsgespr\u00e4ch<\/h2><\/div><div class=\"fusion-clearfix\"><\/div><div class=\"content-container\">\n<p><strong>THEMA 1: Vorgelagerte Gesamtbetrachtung (Einbindung der Problematik in die Gesamtstrategie des Unternehmens)<br \/>\n<\/strong><\/p>\n<p><strong>Beschreibung<\/strong>: Checkliste zur Vorbereitung des Gespr\u00e4chs. Die im Merkblatt vorgeschlagenen Fragen sollen als eine Art \u201eroter Faden\u201d f\u00fcr das Gespr\u00e4ch mit dem Landwirt dienen. Das Ziel besteht keineswegs darin, die Liste der Fragen Eins zu Eins abzuarbeiten, sondern sicherzustellen, dass bestimmte grundlegende Informationen auf strategischer Ebene nicht \u00fcbersehen werden. Der Schwerpunkt kann auf den Kapiteln \u201eStrategische Elemente\u201d und \u201eKontext und Umfeld\u201d liegen, und es kann sinnvoll sein, bestimmte Fragen an die jeweilige \u00f6kologische Fragestellung anzupassen.<\/p>\n<p><strong>Verwendbar durch<\/strong>: die Beratung.<\/p>\n<p>Siehe das <a href=\"https:\/\/agripedia.ch\/strategidea?leaky-paywall-media-download=6929\" target=\"_blank\" rel=\"noopener\">Dokument<\/a> und den <a href=\"https:\/\/agripedia.ch\/strategidea\/de\/die-elemente-der-strategie\/\" target=\"_blank\" rel=\"noopener\">betreffenden strategischen Bereich<\/a><\/p>\n<\/div><\/div><\/div><div style=\"--awb-backgroundcolor:#fff2f2;\" class=\"fusion-column content-box-column content-box-column content-box-column-2 col-lg-12 col-md-12 col-sm-12 fusion-content-box-hover content-box-column-last-in-row\"><div class=\"col content-box-wrapper content-wrapper-background link-area-link-icon icon-hover-animation-fade\" data-animationOffset=\"top-into-view\"><div class=\"heading heading-with-icon icon-left\"><div class=\"icon\"><i style=\"border-color:#333333;border-width:1px;background-color:#333333;box-sizing:content-box;height:42px;width:42px;line-height:42px;border-radius:50%;font-size:21px;\" aria-hidden=\"true\" class=\"fontawesome-icon fa-wrench fas circle-yes\"><\/i><\/div><h2 class=\"content-box-heading fusion-responsive-typography-calculated\" style=\"--h2_typography-font-size:18px;--fontSize:18;line-height:1.5;\">Synthese der strategischen \u00dcberlegungen<\/h2><\/div><div class=\"fusion-clearfix\"><\/div><div class=\"content-container\">\n<p><strong>THEMA 1: Vorgelagerte Gesamtbetrachtung (Einbindung der Problematik in die Gesamtstrategie des Unternehmens)<\/strong><\/p>\n<p><strong>Beschreibung:<\/strong> Hilfsmittel, mit dem der Bewirtschafter in \u00fcbersichtlicher Form die strategischen \u00dcberlegungen, die der Koh\u00e4renz oder der aktuellen Dynamik des Unternehmens-Familiensystems zugrunde liegen, zur Verf\u00fcgung gestellt werden, auf die er sich bei seinen Entscheidungen und Handlungen beziehen kann.<\/p>\n<p><strong>Verwendbar durch:<\/strong> die Beratung.<\/p>\n<p>Siehe das <a href=\"https:\/\/agripedia.ch\/strategidea?leaky-paywall-media-download=6665\" target=\"_blank\" rel=\"noopener\">Dokument<\/a> und siehe den <a href=\"https:\/\/agripedia.ch\/strategidea\/de\/strategische-steuerung\/strategische-steuerung-konkretes-vorgehen-und-werkzeuge\/ein-dynamischer-strategischer-rahmen\/\" target=\"_blank\" rel=\"noopener\">betreffenden strategischen Bereich<\/a>.<\/p>\n<\/div><\/div><\/div><div style=\"--awb-backgroundcolor:#fff2f2;\" class=\"fusion-column content-box-column content-box-column content-box-column-3 col-lg-12 col-md-12 col-sm-12 fusion-content-box-hover content-box-column-last content-box-column-last-in-row\"><div class=\"col content-box-wrapper content-wrapper-background link-area-link-icon icon-hover-animation-fade\" data-animationOffset=\"top-into-view\"><div class=\"heading heading-with-icon icon-left\"><div class=\"icon\"><i style=\"border-color:#333333;border-width:1px;background-color:#333333;box-sizing:content-box;height:42px;width:42px;line-height:42px;border-radius:50%;font-size:21px;\" aria-hidden=\"true\" class=\"fontawesome-icon fa-wrench fas circle-yes\"><\/i><\/div><h2 class=\"content-box-heading fusion-responsive-typography-calculated\" style=\"--h2_typography-font-size:18px;--fontSize:18;line-height:1.5;\">Strategischer Wegweiser<\/h2><\/div><div class=\"fusion-clearfix\"><\/div><div class=\"content-container\">\n<p><strong>THEMA 1: Vorgelagerte Gesamtbetrachtung (Einbindung der Problematik in die Gesamtstrategie des Unternehmens)<br \/>\n<\/strong><\/p>\n<p><strong>Beschreibung<\/strong>: Der \u201estrategische Wegweiser\u201d (oder strategisches Dashboard) ist eines der Instrumente der strategischen Steuerung. Er dokumentiert \u00fcbersichtlich die wichtigsten Komponenten der Strategie, die wesentlichen Entscheidungs- und Zukunftselemente und dient als Entscheidungsrahmen.<\/p>\n<p><strong>Verwendbar durch<\/strong>: die Beratung.<\/p>\n<p>Siehe das <a href=\"https:\/\/agripedia.ch\/strategidea?leaky-paywall-media-download=6667\" target=\"_blank\" rel=\"noopener\">Dokument<\/a> und den <a href=\"https:\/\/agripedia.ch\/strategidea\/de\/strategische-steuerung\/strategische-steuerung-konkretes-vorgehen-und-werkzeuge\/ein-dynamischer-strategischer-rahmen\/\" target=\"_blank\" rel=\"noopener\">betreffenden strategischen Bereich<\/a><\/p>\n<\/div><\/div><\/div><div class=\"fusion-clearfix\"><\/div><\/div><div class=\"fusion-content-boxes content-boxes columns row fusion-columns-1 fusion-columns-total-1 fusion-content-boxes-2 content-boxes-icon-with-title content-left\" style=\"--awb-hover-accent-color:#e10707;--awb-circle-hover-accent-color:#e10707;--awb-item-margin-bottom:40px;\" data-animationOffset=\"top-into-view\"><div style=\"--awb-backgroundcolor:#fff2f2;\" class=\"fusion-column content-box-column content-box-column content-box-column-1 col-lg-12 col-md-12 col-sm-12 fusion-content-box-hover content-box-column-last content-box-column-last-in-row\"><div class=\"col content-box-wrapper content-wrapper-background link-area-link-icon icon-hover-animation-fade\" data-animationOffset=\"top-into-view\"><div class=\"heading heading-with-icon icon-left\"><div class=\"icon\"><i style=\"border-color:#333333;border-width:1px;background-color:#333333;box-sizing:content-box;height:42px;width:42px;line-height:42px;border-radius:50%;font-size:21px;\" aria-hidden=\"true\" class=\"fontawesome-icon fa-wrench fas circle-yes\"><\/i><\/div><h2 class=\"content-box-heading fusion-responsive-typography-calculated\" style=\"--h2_typography-font-size:18px;--fontSize:18;line-height:1.5;\">Tabelle zur Reflexion \u00fcber Handlungsans\u00e4tze<\/h2><\/div><div class=\"fusion-clearfix\"><\/div><div class=\"content-container\">\n<p><strong>THEMA 2: Konkrete Handlungsans\u00e4tze<\/strong><\/p>\n<p><strong>Beschreibung:<\/strong> Diese Tabelle enth\u00e4lt Fragen, die man sich stellen sollte, um die Handlungsans\u00e4tze zu bewerten und die weiteren Schritte (Entscheidungen und Massnahmen) festzulegen.<\/p>\n<p><strong>Verwendbar durch:<\/strong> die Beratung.<\/p>\n<p>Siehe das <a href=\"https:\/\/agripedia.ch\/strategidea?leaky-paywall-media-download=6673\" target=\"_blank\" rel=\"noopener\">Dokument<\/a> und siehe den <a href=\"https:\/\/agripedia.ch\/strategidea\/de\/strategische-steuerung\/strategische-steuerung-konkretes-vorgehen-und-werkzeuge\/ein-dynamischer-strategischer-rahmen\/\" target=\"_blank\" rel=\"noopener\">betreffenden strategischen Bereich<\/a>.<\/p>\n<\/div><\/div><\/div><div class=\"fusion-clearfix\"><\/div><\/div><\/div><\/div><\/div><\/div><\/p>\n","protected":false},"excerpt":{"rendered":"","protected":false},"author":279,"featured_media":0,"parent":6151,"menu_order":0,"comment_status":"closed","ping_status":"closed","template":"","meta":{"_sb_is_suggestion_mode":false,"_sb_show_suggestion_boards":false,"_sb_show_comment_boards":false,"_sb_suggestion_history":"","_sb_update_block_changes":"","_monsterinsights_skip_tracking":false,"_monsterinsights_sitenote_active":false,"_monsterinsights_sitenote_note":"","_monsterinsights_sitenote_category":0,"footnotes":""},"class_list":["post-6962","page","type-page","status-publish","hentry"],"_links":{"self":[{"href":"https:\/\/agripedia.ch\/strategidea\/de\/wp-json\/wp\/v2\/pages\/6962","targetHints":{"allow":["GET"]}}],"collection":[{"href":"https:\/\/agripedia.ch\/strategidea\/de\/wp-json\/wp\/v2\/pages"}],"about":[{"href":"https:\/\/agripedia.ch\/strategidea\/de\/wp-json\/wp\/v2\/types\/page"}],"author":[{"embeddable":true,"href":"https:\/\/agripedia.ch\/strategidea\/de\/wp-json\/wp\/v2\/users\/279"}],"replies":[{"embeddable":true,"href":"https:\/\/agripedia.ch\/strategidea\/de\/wp-json\/wp\/v2\/comments?post=6962"}],"version-history":[{"count":7,"href":"https:\/\/agripedia.ch\/strategidea\/de\/wp-json\/wp\/v2\/pages\/6962\/revisions"}],"predecessor-version":[{"id":6980,"href":"https:\/\/agripedia.ch\/strategidea\/de\/wp-json\/wp\/v2\/pages\/6962\/revisions\/6980"}],"up":[{"embeddable":true,"href":"https:\/\/agripedia.ch\/strategidea\/de\/wp-json\/wp\/v2\/pages\/6151"}],"wp:attachment":[{"href":"https:\/\/agripedia.ch\/strategidea\/de\/wp-json\/wp\/v2\/media?parent=6962"}],"curies":[{"name":"wp","href":"https:\/\/api.w.org\/{rel}","templated":true}]}}