{"id":6419,"date":"2024-09-06T13:59:44","date_gmt":"2024-09-06T13:59:44","guid":{"rendered":"https:\/\/agripedia.ch\/strategidea\/?page_id=6419"},"modified":"2024-11-21T09:52:22","modified_gmt":"2024-11-21T09:52:22","slug":"drei-ansaetze-zur-strategischen-steuerung","status":"publish","type":"page","link":"https:\/\/agripedia.ch\/strategidea\/de\/strategische-steuerung\/strategische-steuerung-konzeptionelle-grundlagen\/drei-ansaetze-zur-strategischen-steuerung\/","title":{"rendered":"Drei Ans\u00e4tze zur strategischen Steuerung"},"content":{"rendered":"<div class=\"fusion-fullwidth fullwidth-box fusion-builder-row-1 has-pattern-background has-mask-background nonhundred-percent-fullwidth non-hundred-percent-height-scrolling fusion-equal-height-columns\" style=\"--awb-border-radius-top-left:0px;--awb-border-radius-top-right:0px;--awb-border-radius-bottom-right:0px;--awb-border-radius-bottom-left:0px;--awb-flex-wrap:wrap;\" ><div class=\"fusion-builder-row fusion-row\"><div class=\"fusion-layout-column fusion_builder_column fusion-builder-column-0 fusion_builder_column_1_1 1_1 fusion-one-full fusion-column-first fusion-column-last fusion-column-no-min-height\" style=\"--awb-bg-size:cover;--awb-margin-bottom:0px;\" data-scroll-devices=\"small-visibility,medium-visibility,large-visibility\"><div class=\"fusion-column-wrapper fusion-column-has-shadow fusion-flex-column-wrapper-legacy\"><div class=\"fusion-text fusion-text-1\"><h3 class=\"fusion-responsive-typography-calculated\" style=\"--fontsize: 30;line-height: 1.5\" data-fontsize=\"30\" data-lineheight=\"45px\"><img decoding=\"async\" class=\"alignnone wp-image-1490\" src=\"https:\/\/agripedia.ch\/strategidea\/wp-content\/uploads\/sites\/7\/2019\/02\/Index_6_Analyse-interne.png\" alt=\"\" width=\"50\" height=\"50\" srcset=\"https:\/\/agripedia.ch\/strategidea\/wp-content\/uploads\/sites\/7\/2019\/02\/Index_6_Analyse-interne-66x66.png 66w, https:\/\/agripedia.ch\/strategidea\/wp-content\/uploads\/sites\/7\/2019\/02\/Index_6_Analyse-interne-150x150.png 150w, https:\/\/agripedia.ch\/strategidea\/wp-content\/uploads\/sites\/7\/2019\/02\/Index_6_Analyse-interne-200x199.png 200w, https:\/\/agripedia.ch\/strategidea\/wp-content\/uploads\/sites\/7\/2019\/02\/Index_6_Analyse-interne-300x300.png 300w, https:\/\/agripedia.ch\/strategidea\/wp-content\/uploads\/sites\/7\/2019\/02\/Index_6_Analyse-interne.png 354w\" sizes=\"(max-width: 50px) 100vw, 50px\" \/> Drei Ans\u00e4tze zur strategischen Steuerung<\/h3>\n<p>Aufgrund der Entwicklungen in der Praxis und der Entwicklungen in der Forschung seit Anfang der 1990er Jahre lassen sich drei Haupttypen des Ansatzes der strategischen Steuerung unterscheiden.<\/p>\n<\/div><div class=\"fusion-clearfix\"><\/div><\/div><\/div><div class=\"fusion-layout-column fusion_builder_column fusion-builder-column-1 fusion_builder_column_1_2 1_2 fusion-one-half fusion-column-first fusion-column-no-min-height\" style=\"--awb-bg-size:cover;width:50%;width:calc(50% - ( ( 4% ) * 0.5 ) );margin-right: 4%;\" data-scroll-devices=\"small-visibility,medium-visibility,large-visibility\"><div class=\"fusion-column-wrapper fusion-column-has-shadow fusion-flex-column-wrapper-legacy\"><div class=\"fusion-text fusion-text-2\"><ul>\n<li><em><strong>Der \u201eprogrammatische\u201c oder \u201eballistische\u201c Ansatz<\/strong><\/em><\/li>\n<\/ul>\n<p>Sie ist gekennzeichnet durch deduktives Vorgehen, das Sammeln von Informationen und anschlie\u00dfende Berechnungen sowie den Einsatz von Optimierungsmethoden (Algorithmus). Sie beruht auch auf dem klassischen \u201eZyklus der kontinuierlichen Verbesserung\u201c: Aktionsplan \u2013 Umsetzung \u2013 Kontrolle \u2013 Anpassungen. (Jeanneaux, 2010). Es handelt sich um einen normativen, quasi mechanischen Ansatz, der auf einer Ex-ante-Programmierung beruht.<\/p>\n<p>Sie ist grunds\u00e4tzlich bei einer \u201e\u00dcberflusskomplexit\u00e4t\u201c wirksam, d.h. wenn es a priori viele L\u00f6sungen gibt und die Mittel, um sie alle zu erforschen, begrenzt sind.<\/p>\n<\/div><div class=\"fusion-clearfix\"><\/div><\/div><\/div><div class=\"fusion-layout-column fusion_builder_column fusion-builder-column-2 fusion_builder_column_1_2 1_2 fusion-one-half fusion-column-last fusion-column-no-min-height\" style=\"--awb-bg-size:cover;width:50%;width:calc(50% - ( ( 4% ) * 0.5 ) );\" data-scroll-devices=\"small-visibility,medium-visibility,large-visibility\"><div class=\"fusion-column-wrapper fusion-column-has-shadow fusion-flex-column-wrapper-legacy\"><div class=\"fusion-text fusion-text-3\"><h6><\/h6>\n<h6>DER PROGRAMMATISCHE ANSATZ<\/h6>\n<p><span style=\"color: #ffffff\">_<\/span><\/p>\n<p><img decoding=\"async\" class=\"alignnone wp-image-6636 \" src=\"https:\/\/agripedia.ch\/strategidea\/wp-content\/uploads\/sites\/7\/2024\/11\/14-1-1-deliberee-DE.png\" alt=\"\" width=\"552\" height=\"343\" srcset=\"https:\/\/agripedia.ch\/strategidea\/wp-content\/uploads\/sites\/7\/2024\/11\/14-1-1-deliberee-DE-66x41.png 66w, https:\/\/agripedia.ch\/strategidea\/wp-content\/uploads\/sites\/7\/2024\/11\/14-1-1-deliberee-DE-177x110.png 177w, https:\/\/agripedia.ch\/strategidea\/wp-content\/uploads\/sites\/7\/2024\/11\/14-1-1-deliberee-DE-200x124.png 200w, https:\/\/agripedia.ch\/strategidea\/wp-content\/uploads\/sites\/7\/2024\/11\/14-1-1-deliberee-DE-300x186.png 300w, https:\/\/agripedia.ch\/strategidea\/wp-content\/uploads\/sites\/7\/2024\/11\/14-1-1-deliberee-DE-320x199.png 320w, https:\/\/agripedia.ch\/strategidea\/wp-content\/uploads\/sites\/7\/2024\/11\/14-1-1-deliberee-DE-400x248.png 400w, https:\/\/agripedia.ch\/strategidea\/wp-content\/uploads\/sites\/7\/2024\/11\/14-1-1-deliberee-DE-460x286.png 460w, https:\/\/agripedia.ch\/strategidea\/wp-content\/uploads\/sites\/7\/2024\/11\/14-1-1-deliberee-DE-540x335.png 540w, https:\/\/agripedia.ch\/strategidea\/wp-content\/uploads\/sites\/7\/2024\/11\/14-1-1-deliberee-DE-600x372.png 600w, https:\/\/agripedia.ch\/strategidea\/wp-content\/uploads\/sites\/7\/2024\/11\/14-1-1-deliberee-DE-669x415.png 669w, https:\/\/agripedia.ch\/strategidea\/wp-content\/uploads\/sites\/7\/2024\/11\/14-1-1-deliberee-DE-700x435.png 700w, https:\/\/agripedia.ch\/strategidea\/wp-content\/uploads\/sites\/7\/2024\/11\/14-1-1-deliberee-DE-768x477.png 768w, https:\/\/agripedia.ch\/strategidea\/wp-content\/uploads\/sites\/7\/2024\/11\/14-1-1-deliberee-DE-800x497.png 800w, https:\/\/agripedia.ch\/strategidea\/wp-content\/uploads\/sites\/7\/2024\/11\/14-1-1-deliberee-DE-940x584.png 940w, https:\/\/agripedia.ch\/strategidea\/wp-content\/uploads\/sites\/7\/2024\/11\/14-1-1-deliberee-DE-1024x636.png 1024w, https:\/\/agripedia.ch\/strategidea\/wp-content\/uploads\/sites\/7\/2024\/11\/14-1-1-deliberee-DE.png 1089w\" sizes=\"(max-width: 552px) 100vw, 552px\" \/><\/p>\n<\/div><div class=\"fusion-clearfix\"><\/div><\/div><\/div><div class=\"fusion-layout-column fusion_builder_column fusion-builder-column-3 fusion_builder_column_1_1 1_1 fusion-one-full fusion-column-first fusion-column-last fusion-column-no-min-height\" style=\"--awb-bg-size:cover;\" data-scroll-devices=\"small-visibility,medium-visibility,large-visibility\"><div class=\"fusion-column-wrapper fusion-column-has-shadow fusion-flex-column-wrapper-legacy\"><div class=\"fusion-text fusion-text-4\"><ul>\n<li><i>Handeln, Zufall oder unkontrollierte Prozesse<\/i><\/li>\n<\/ul>\n<p>Dieser Ansatz konzentriert sich auf das Handeln und setzt auf die Schaffung einer \u201espontanen Ordnung\u201c, die aus \u201emikroskopischen\u201c oder lokalen, nicht organisierten oder gerahmten Handlungen hervorgeht. In diesem Fall \u00e4hneln der Erwerb und die Entwicklung der mobilisierten Ressourcen \u201eeher unbewussten und kontingenten Lernprozessen als spezifischen, zweckgebundenen und freiwilligen strategischen Handlungen\u201c (Lorino & Tarondeau, 1998).<\/p>\n<\/div><div class=\"fusion-clearfix\"><\/div><\/div><\/div><div class=\"fusion-layout-column fusion_builder_column fusion-builder-column-4 fusion_builder_column_1_2 1_2 fusion-one-half fusion-column-first\" style=\"--awb-bg-blend:overlay;--awb-bg-size:cover;width:50%;width:calc(50% - ( ( 4% ) * 0.5 ) );margin-right: 4%;\"><div class=\"fusion-column-wrapper fusion-flex-column-wrapper-legacy\"><div class=\"fusion-text fusion-text-5\"><ul>\n<li><i>Die auftauchende Strategie, die sich \u201eauf dem Weg nach oben\u201c entwickelt<\/i><\/li>\n<\/ul>\n<p>Der Sinn dieses Ansatzes besteht darin, st\u00e4ndig auf die Koh\u00e4renz und Konvergenz der Handlungen und Entscheidungen zu achten, die langfristig bindend sind. Es geht darum, die Strategie im Laufe ihrer Umsetzung auf \u201eagile\u201c Weise anzupassen, \u201eseinen Weg Schritt f\u00fcr Schritt unter Bezugnahme auf bestimmte Zielsetzungen zu bauen und dabei die entstehenden Situationen zu nutzen\u201c (Avenier, 1999). Der Ansatz ist induktiv, interaktiv und dynamisch. Es handelt sich um einen nicht-linearen Ansatz, \u201eder gleichzeitig aus Fortschritten, Simultanit\u00e4ten und R\u00fcckschl\u00e4gen besteht\u201c (Michaud & Guichard, 1994).<\/p>\n<p>Dieser Ansatz eignet sich f\u00fcr Situationen, in denen eine \u201eBedeutungskomplexit\u00e4t\u201c vorliegt: unklare, zweideutige Ziele; zahlreiche, aggregierte Daten, Informationen, die erst aufgebaut werden m\u00fcssen; hohe, konflikttr\u00e4chtige Eins\u00e4tze, dauerhafte Auswirkungen; Vielfalt der Auswahlkriterien; geringe Anzahl an denkbaren und praktikablen L\u00f6sungen (Martinet, 1993). Man sucht nach einer guten L\u00f6sung und nicht nach der optimalen L\u00f6sung. In der Landwirtschaft ist dies die bevorzugte Methode. Weitere Infos <a href=\"https:\/\/agripedia.ch\/strategidea\/de\/strategische-steuerung\/strategische-steuerung-konzeptionelle-grundlagen\/merkmale-einer-strategischen-steuerung-auf-dem-weg\/\">hier<\/a>.<\/p>\n<\/div><div class=\"fusion-clearfix\"><\/div><\/div><\/div><div class=\"fusion-layout-column fusion_builder_column fusion-builder-column-5 fusion_builder_column_1_2 1_2 fusion-one-half fusion-column-last\" style=\"--awb-bg-size:cover;width:50%;width:calc(50% - ( ( 4% ) * 0.5 ) );\" data-scroll-devices=\"small-visibility,medium-visibility,large-visibility\"><div class=\"fusion-column-wrapper fusion-column-has-shadow fusion-flex-column-wrapper-legacy\"><div class=\"fusion-column-content-centered\"><div class=\"fusion-column-content\"><div class=\"fusion-text fusion-text-6\"><h6><\/h6>\n<h6>DIE AUFTAUCHENDE STRATEGIE<\/h6>\n<p><span style=\"color: #ffffff\">_<\/span><\/p>\n<p><img decoding=\"async\" class=\"alignnone wp-image-6638 \" src=\"https:\/\/agripedia.ch\/strategidea\/wp-content\/uploads\/sites\/7\/2024\/11\/14-1-1-emergente-DE.png\" alt=\"\" width=\"495\" height=\"210\" srcset=\"https:\/\/agripedia.ch\/strategidea\/wp-content\/uploads\/sites\/7\/2024\/11\/14-1-1-emergente-DE-66x28.png 66w, https:\/\/agripedia.ch\/strategidea\/wp-content\/uploads\/sites\/7\/2024\/11\/14-1-1-emergente-DE-177x75.png 177w, https:\/\/agripedia.ch\/strategidea\/wp-content\/uploads\/sites\/7\/2024\/11\/14-1-1-emergente-DE-200x85.png 200w, https:\/\/agripedia.ch\/strategidea\/wp-content\/uploads\/sites\/7\/2024\/11\/14-1-1-emergente-DE-300x127.png 300w, https:\/\/agripedia.ch\/strategidea\/wp-content\/uploads\/sites\/7\/2024\/11\/14-1-1-emergente-DE-320x136.png 320w, https:\/\/agripedia.ch\/strategidea\/wp-content\/uploads\/sites\/7\/2024\/11\/14-1-1-emergente-DE-400x170.png 400w, https:\/\/agripedia.ch\/strategidea\/wp-content\/uploads\/sites\/7\/2024\/11\/14-1-1-emergente-DE-460x195.png 460w, https:\/\/agripedia.ch\/strategidea\/wp-content\/uploads\/sites\/7\/2024\/11\/14-1-1-emergente-DE-540x229.png 540w, https:\/\/agripedia.ch\/strategidea\/wp-content\/uploads\/sites\/7\/2024\/11\/14-1-1-emergente-DE-600x254.png 600w, https:\/\/agripedia.ch\/strategidea\/wp-content\/uploads\/sites\/7\/2024\/11\/14-1-1-emergente-DE-669x284.png 669w, https:\/\/agripedia.ch\/strategidea\/wp-content\/uploads\/sites\/7\/2024\/11\/14-1-1-emergente-DE-700x297.png 700w, https:\/\/agripedia.ch\/strategidea\/wp-content\/uploads\/sites\/7\/2024\/11\/14-1-1-emergente-DE-768x326.png 768w, https:\/\/agripedia.ch\/strategidea\/wp-content\/uploads\/sites\/7\/2024\/11\/14-1-1-emergente-DE-800x339.png 800w, https:\/\/agripedia.ch\/strategidea\/wp-content\/uploads\/sites\/7\/2024\/11\/14-1-1-emergente-DE.png 830w\" sizes=\"(max-width: 495px) 100vw, 495px\" \/><\/p>\n<\/div><\/div><\/div><div class=\"fusion-clearfix\"><\/div><\/div><\/div><div class=\"fusion-layout-column fusion_builder_column fusion-builder-column-6 fusion_builder_column_1_1 1_1 fusion-one-full fusion-column-first fusion-column-last fusion-column-no-min-height\" style=\"--awb-bg-blend:overlay;--awb-bg-size:cover;\" data-scroll-devices=\"small-visibility,medium-visibility,large-visibility\"><div class=\"fusion-column-wrapper fusion-column-has-shadow fusion-flex-column-wrapper-legacy\">\n<div class=\"table-1\">\n<table width=\"100%\">\n<thead>\n<tr>\n<th align=\"left\">Ballistischer Ansatz<\/th>\n<th align=\"left\">Agiler Ansatz<\/th>\n<\/tr>\n<\/thead>\n<tbody>\n<tr>\n<td align=\"left\">Planung<\/p>\n<p>Im Voraus<\/p>\n<p>Starrer Plan<\/p>\n<p>Stabile Umgebung<\/p>\n<p>Rationalit\u00e4t<\/p>\n<p>Logisches Vorgehen<\/p>\n<p>Linearer Prozess<\/td>\n<td align=\"left\">Weg<\/p>\n<p>Im Nachhinein<\/p>\n<p>Flexibler Plan<\/p>\n<p>Instabilit\u00e4t und Ungewissheit<\/p>\n<p>Inkrementelles Vorgehen<\/p>\n<p>Dynamischer Prozess<\/p>\n<p>Iterativer Prozess<\/td>\n<\/tr>\n<\/tbody>\n<\/table>\n<\/div>\n<div class=\"fusion-clearfix\"><\/div><\/div><\/div><div class=\"fusion-layout-column fusion_builder_column fusion-builder-column-7 fusion_builder_column_1_3 1_3 fusion-one-third fusion-column-first\" style=\"--awb-bg-blend:overlay;--awb-bg-size:cover;width:33.333333333333%;width:calc(33.333333333333% - ( ( 4% + 4% ) * 0.33333333333333 ) );margin-right: 4%;\"><div class=\"fusion-column-wrapper fusion-flex-column-wrapper-legacy\"><div class=\"fusion-clearfix\"><\/div><\/div><\/div><div class=\"fusion-layout-column fusion_builder_column fusion-builder-column-8 fusion_builder_column_1_3 1_3 fusion-one-third\" style=\"--awb-bg-blend:overlay;--awb-bg-size:cover;width:33.333333333333%;width:calc(33.333333333333% - ( ( 4% + 4% ) * 0.33333333333333 ) );margin-right: 4%;\"><div class=\"fusion-column-wrapper fusion-flex-column-wrapper-legacy\"><div class=\"fusion-clearfix\"><\/div><\/div><\/div><div class=\"fusion-layout-column fusion_builder_column fusion-builder-column-9 fusion_builder_column_1_3 1_3 fusion-one-third fusion-column-last fusion-column-no-min-height\" style=\"--awb-bg-blend:overlay;--awb-bg-size:cover;width:33.333333333333%;width:calc(33.333333333333% - ( ( 4% + 4% ) * 0.33333333333333 ) );\" data-scroll-devices=\"small-visibility,medium-visibility,large-visibility\"><div class=\"fusion-column-wrapper fusion-column-has-shadow fusion-flex-column-wrapper-legacy\"><div class=\"fusion-alignright\"><a class=\"fusion-button button-flat fusion-button-default-size button-default fusion-button-default button-1 fusion-button-default-span fusion-button-default-type\" style=\"--button-border-radius-top-left:0;--button-border-radius-top-right:0;--button-border-radius-bottom-right:0;--button-border-radius-bottom-left:0;\" target=\"_self\" href=\"https:\/\/agripedia.ch\/strategidea\/de\/strategische-steuerung\/strategische-steuerung-konzeptionelle-grundlagen\/\"><span class=\"fusion-button-text awb-button__text awb-button__text--default fusion-button-text-right\">N\u00e4chste<\/span><span class=\"fusion-button-icon-divider button-icon-divider-right\"><i class=\"fa-file-import fas awb-button__icon awb-button__icon--default\" aria-hidden=\"true\"><\/i><\/span><\/a><\/div><div class=\"fusion-clearfix\"><\/div><\/div><\/div><div class=\"fusion-layout-column fusion_builder_column fusion-builder-column-10 fusion_builder_column_1_1 1_1 fusion-one-full fusion-column-first fusion-column-last fusion-column-no-min-height\" style=\"--awb-bg-blend:overlay;--awb-bg-size:cover;\" data-scroll-devices=\"small-visibility,medium-visibility,large-visibility\"><div class=\"fusion-column-wrapper fusion-column-has-shadow fusion-flex-column-wrapper-legacy\"><div class=\"fusion-section-separator section-separator clouds fusion-section-separator-1\" style=\"--awb-spacer-height:99px;--awb-svg-margin-left:0;--awb-svg-margin-right:0;--awb-divider-height:99px;--awb-spacer-padding-top:inherit;--awb-sep-padding:0;--awb-svg-padding:0;\"><div class=\"fusion-section-separator-svg\"><svg class=\"fusion-clouds-candy\" xmlns=\"http:\/\/www.w3.org\/2000\/svg\" version=\"1.1\" width=\"100%\" height=\"100\" viewBox=\"0 0 100 100\" preserveAspectRatio=\"none\" fill=\"rgba(246,246,246,1)\"><path d=\"M-5 100 Q 0 20 5 100 Z\"><\/path>\n\t\t\t\t\t\t\t\t<path d=\"M0 100 Q 5 0 10 100\"><\/path>\n\t\t\t\t\t\t\t\t<path d=\"M5 100 Q 10 30 15 100\"><\/path>\n\t\t\t\t\t\t\t\t<path d=\"M10 100 Q 15 10 20 100\"><\/path>\n\t\t\t\t\t\t\t\t<path d=\"M15 100 Q 20 30 25 100\"><\/path>\n\t\t\t\t\t\t\t\t<path d=\"M20 100 Q 25 -10 30 100\"><\/path>\n\t\t\t\t\t\t\t\t<path d=\"M25 100 Q 30 10 35 100\"><\/path>\n\t\t\t\t\t\t\t\t<path d=\"M30 100 Q 35 30 40 100\"><\/path>\n\t\t\t\t\t\t\t\t<path d=\"M35 100 Q 40 10 45 100\"><\/path>\n\t\t\t\t\t\t\t\t<path d=\"M40 100 Q 45 50 50 100\"><\/path>\n\t\t\t\t\t\t\t\t<path d=\"M45 100 Q 50 20 55 100\"><\/path>\n\t\t\t\t\t\t\t\t<path d=\"M50 100 Q 55 40 60 100\"><\/path>\n\t\t\t\t\t\t\t\t<path d=\"M55 100 Q 60 60 65 100\"><\/path>\n\t\t\t\t\t\t\t\t<path d=\"M60 100 Q 65 50 70 100\"><\/path>\n\t\t\t\t\t\t\t\t<path d=\"M65 100 Q 70 20 75 100\"><\/path>\n\t\t\t\t\t\t\t\t<path d=\"M70 100 Q 75 45 80 100\"><\/path>\n\t\t\t\t\t\t\t\t<path d=\"M75 100 Q 80 30 85 100\"><\/path>\n\t\t\t\t\t\t\t\t<path d=\"M80 100 Q 85 20 90 100\"><\/path>\n\t\t\t\t\t\t\t\t<path d=\"M85 100 Q 90 50 95 100\"><\/path>\n\t\t\t\t\t\t\t\t<path d=\"M90 100 Q 95 25 100 100\"><\/path>\n\t\t\t\t\t\t\t\t<path d=\"M95 100 Q 100 15 105 100 Z\"><\/path><\/svg><\/div><div class=\"fusion-section-separator-spacer\"><div class=\"fusion-section-separator-spacer-height\"><\/div><\/div><\/div><div class=\"fusion-clearfix\"><\/div><\/div><\/div><\/div><\/div>\n","protected":false},"excerpt":{"rendered":"","protected":false},"author":279,"featured_media":0,"parent":6420,"menu_order":1,"comment_status":"closed","ping_status":"closed","template":"100-width.php","meta":{"_sb_is_suggestion_mode":false,"_sb_show_suggestion_boards":false,"_sb_show_comment_boards":false,"_sb_suggestion_history":"","_sb_update_block_changes":"","_monsterinsights_skip_tracking":false,"_monsterinsights_sitenote_active":false,"_monsterinsights_sitenote_note":"","_monsterinsights_sitenote_category":0,"footnotes":""},"class_list":["post-6419","page","type-page","status-publish","hentry"],"_links":{"self":[{"href":"https:\/\/agripedia.ch\/strategidea\/de\/wp-json\/wp\/v2\/pages\/6419","targetHints":{"allow":["GET"]}}],"collection":[{"href":"https:\/\/agripedia.ch\/strategidea\/de\/wp-json\/wp\/v2\/pages"}],"about":[{"href":"https:\/\/agripedia.ch\/strategidea\/de\/wp-json\/wp\/v2\/types\/page"}],"author":[{"embeddable":true,"href":"https:\/\/agripedia.ch\/strategidea\/de\/wp-json\/wp\/v2\/users\/279"}],"replies":[{"embeddable":true,"href":"https:\/\/agripedia.ch\/strategidea\/de\/wp-json\/wp\/v2\/comments?post=6419"}],"version-history":[{"count":14,"href":"https:\/\/agripedia.ch\/strategidea\/de\/wp-json\/wp\/v2\/pages\/6419\/revisions"}],"predecessor-version":[{"id":6657,"href":"https:\/\/agripedia.ch\/strategidea\/de\/wp-json\/wp\/v2\/pages\/6419\/revisions\/6657"}],"up":[{"embeddable":true,"href":"https:\/\/agripedia.ch\/strategidea\/de\/wp-json\/wp\/v2\/pages\/6420"}],"wp:attachment":[{"href":"https:\/\/agripedia.ch\/strategidea\/de\/wp-json\/wp\/v2\/media?parent=6419"}],"curies":[{"name":"wp","href":"https:\/\/api.w.org\/{rel}","templated":true}]}}