{"id":6417,"date":"2024-09-06T13:57:05","date_gmt":"2024-09-06T13:57:05","guid":{"rendered":"https:\/\/agripedia.ch\/strategidea\/?page_id=6417"},"modified":"2024-11-25T09:47:53","modified_gmt":"2024-11-25T09:47:53","slug":"merkmale-einer-strategischen-steuerung-auf-dem-weg","status":"publish","type":"page","link":"https:\/\/agripedia.ch\/strategidea\/de\/strategische-steuerung\/strategische-steuerung-konzeptionelle-grundlagen\/merkmale-einer-strategischen-steuerung-auf-dem-weg\/","title":{"rendered":"Merkmale einer strategischen Steuerung \u00abauf dem Weg nach oben\u00bb"},"content":{"rendered":"<div class=\"fusion-fullwidth fullwidth-box fusion-builder-row-1 nonhundred-percent-fullwidth non-hundred-percent-height-scrolling\" style=\"--awb-border-radius-top-left:0px;--awb-border-radius-top-right:0px;--awb-border-radius-bottom-right:0px;--awb-border-radius-bottom-left:0px;--awb-flex-wrap:wrap;\" ><div class=\"fusion-builder-row fusion-row\"><div class=\"fusion-layout-column fusion_builder_column fusion-builder-column-0 fusion_builder_column_1_1 1_1 fusion-one-full fusion-column-first fusion-column-last\" style=\"--awb-bg-blend:overlay;--awb-bg-size:cover;--awb-margin-bottom:0px;\"><div class=\"fusion-column-wrapper fusion-flex-column-wrapper-legacy\"><div class=\"fusion-text fusion-text-1\"><h3 class=\"fusion-responsive-typography-calculated\" style=\"--fontsize: 30;line-height: 1.5\" data-fontsize=\"30\" data-lineheight=\"45px\"><img decoding=\"async\" class=\"alignnone wp-image-1490\" src=\"https:\/\/agripedia.ch\/strategidea\/wp-content\/uploads\/sites\/7\/2019\/02\/Index_6_Analyse-interne.png\" alt=\"\" width=\"50\" height=\"50\" srcset=\"https:\/\/agripedia.ch\/strategidea\/wp-content\/uploads\/sites\/7\/2019\/02\/Index_6_Analyse-interne-66x66.png 66w, https:\/\/agripedia.ch\/strategidea\/wp-content\/uploads\/sites\/7\/2019\/02\/Index_6_Analyse-interne-150x150.png 150w, https:\/\/agripedia.ch\/strategidea\/wp-content\/uploads\/sites\/7\/2019\/02\/Index_6_Analyse-interne-200x199.png 200w, https:\/\/agripedia.ch\/strategidea\/wp-content\/uploads\/sites\/7\/2019\/02\/Index_6_Analyse-interne-300x300.png 300w, https:\/\/agripedia.ch\/strategidea\/wp-content\/uploads\/sites\/7\/2019\/02\/Index_6_Analyse-interne.png 354w\" sizes=\"(max-width: 50px) 100vw, 50px\" \/>\u00a0 Merkmale einer strategischen Steuerung \u00abauf dem Weg nach oben\u00bb<\/h3>\n<blockquote>\n<p>Die konkreten Aktivit\u00e4ten einer strategischen Steuerung \u201eauf dem Weg\u201c sind langfristig angelegt und erg\u00e4nzen die Aktivit\u00e4ten der laufenden Unternehmenssteuerung oder die Umsetzung eines definierten Projekts. Es geht darum, neue Chancen und Einschr\u00e4nkungen zu identifizieren, Entwicklungen zu verfolgen und daraus Konsequenzen zu ziehen, indem der laufende \u201eAktionsplan\u201c ge\u00e4ndert, Anpassungen vorgenommen, gegebenenfalls neue Studien durchgef\u00fchrt oder sogar eine \u201eneue Strategie\u201c entwickelt wird (Michaud & Guichard, 1994).<\/p>\n<\/blockquote>\n<\/div><div class=\"fusion-clearfix\"><\/div><\/div><\/div><div class=\"fusion-layout-column fusion_builder_column fusion-builder-column-1 fusion_builder_column_1_2 1_2 fusion-one-half fusion-column-first\" style=\"--awb-bg-blend:overlay;--awb-bg-size:cover;width:50%;width:calc(50% - ( ( 4% ) * 0.5 ) );margin-right: 4%;\"><div class=\"fusion-column-wrapper fusion-flex-column-wrapper-legacy\"><div class=\"fusion-text fusion-text-2\"><p>Grunds\u00e4tzlicher geht es darum, bewusste und pl\u00f6tzliche Entwicklungen zu kombinieren (Avenier, 1999). Strategische Reflexion und Steuerung sind ihrem Wesen nach Prozesse und zeichnen sich durch ein Hin und Her zwischen rationalem und analytischem Denken und empirischem und heuristischem Denken aus. So sind im strategischen Bereich die Beziehungen zwischen analytischem Reflektieren, Entscheiden und Handeln rekursive und nicht sequentielle Beziehungen (vgl. Teil Strategische Intuition).<\/p>\n<\/div><div class=\"fusion-clearfix\"><\/div><\/div><\/div><div class=\"fusion-layout-column fusion_builder_column fusion-builder-column-2 fusion_builder_column_1_2 1_2 fusion-one-half fusion-column-last\" style=\"--awb-bg-blend:overlay;--awb-bg-size:cover;width:50%;width:calc(50% - ( ( 4% ) * 0.5 ) );\"><div class=\"fusion-column-wrapper fusion-flex-column-wrapper-legacy\"><div class=\"fusion-text fusion-text-3\"><h6>REFLEXION, ENTSCHEIDUNG, HANDLUNG<\/h6>\n<p><span style=\"color: #ffffff\">_<\/span><\/p>\n<p><img decoding=\"async\" class=\"alignnone wp-image-6648 size-full\" src=\"https:\/\/agripedia.ch\/strategidea\/wp-content\/uploads\/sites\/7\/2024\/11\/14-1-2-triangle-DE.png\" alt=\"\" width=\"734\" height=\"303\" srcset=\"https:\/\/agripedia.ch\/strategidea\/wp-content\/uploads\/sites\/7\/2024\/11\/14-1-2-triangle-DE-66x27.png 66w, https:\/\/agripedia.ch\/strategidea\/wp-content\/uploads\/sites\/7\/2024\/11\/14-1-2-triangle-DE-177x73.png 177w, https:\/\/agripedia.ch\/strategidea\/wp-content\/uploads\/sites\/7\/2024\/11\/14-1-2-triangle-DE-200x83.png 200w, https:\/\/agripedia.ch\/strategidea\/wp-content\/uploads\/sites\/7\/2024\/11\/14-1-2-triangle-DE-300x124.png 300w, https:\/\/agripedia.ch\/strategidea\/wp-content\/uploads\/sites\/7\/2024\/11\/14-1-2-triangle-DE-320x132.png 320w, https:\/\/agripedia.ch\/strategidea\/wp-content\/uploads\/sites\/7\/2024\/11\/14-1-2-triangle-DE-400x165.png 400w, https:\/\/agripedia.ch\/strategidea\/wp-content\/uploads\/sites\/7\/2024\/11\/14-1-2-triangle-DE-460x190.png 460w, https:\/\/agripedia.ch\/strategidea\/wp-content\/uploads\/sites\/7\/2024\/11\/14-1-2-triangle-DE-540x223.png 540w, https:\/\/agripedia.ch\/strategidea\/wp-content\/uploads\/sites\/7\/2024\/11\/14-1-2-triangle-DE-600x248.png 600w, https:\/\/agripedia.ch\/strategidea\/wp-content\/uploads\/sites\/7\/2024\/11\/14-1-2-triangle-DE-669x276.png 669w, https:\/\/agripedia.ch\/strategidea\/wp-content\/uploads\/sites\/7\/2024\/11\/14-1-2-triangle-DE-700x289.png 700w, https:\/\/agripedia.ch\/strategidea\/wp-content\/uploads\/sites\/7\/2024\/11\/14-1-2-triangle-DE.png 734w\" sizes=\"(max-width: 734px) 100vw, 734px\" \/><\/p>\n<p>Torset (2005)<\/p>\n<\/div><div class=\"fusion-clearfix\"><\/div><\/div><\/div><div class=\"fusion-layout-column fusion_builder_column fusion-builder-column-3 fusion_builder_column_1_2 1_2 fusion-one-half fusion-column-first\" style=\"--awb-bg-blend:overlay;--awb-bg-size:cover;width:50%;width:calc(50% - ( ( 4% ) * 0.5 ) );margin-right: 4%;\"><div class=\"fusion-column-wrapper fusion-flex-column-wrapper-legacy\"><div class=\"fusion-text fusion-text-4\"><h6>GEGENSEITIGE BEREICHERUNG DER VERGANGENHEIT, DER GEGENWART UND DER ZUKUNFT<\/h6>\n<p><span style=\"color: #ffffff\">_<\/span><\/p>\n<p><img decoding=\"async\" class=\"alignnone wp-image-6646 \" src=\"https:\/\/agripedia.ch\/strategidea\/wp-content\/uploads\/sites\/7\/2024\/11\/14-1-2-present-passe-futur-DE.png\" alt=\"\" width=\"619\" height=\"186\" srcset=\"https:\/\/agripedia.ch\/strategidea\/wp-content\/uploads\/sites\/7\/2024\/11\/14-1-2-present-passe-futur-DE-66x20.png 66w, https:\/\/agripedia.ch\/strategidea\/wp-content\/uploads\/sites\/7\/2024\/11\/14-1-2-present-passe-futur-DE-177x53.png 177w, https:\/\/agripedia.ch\/strategidea\/wp-content\/uploads\/sites\/7\/2024\/11\/14-1-2-present-passe-futur-DE-200x60.png 200w, https:\/\/agripedia.ch\/strategidea\/wp-content\/uploads\/sites\/7\/2024\/11\/14-1-2-present-passe-futur-DE-300x90.png 300w, https:\/\/agripedia.ch\/strategidea\/wp-content\/uploads\/sites\/7\/2024\/11\/14-1-2-present-passe-futur-DE-320x96.png 320w, https:\/\/agripedia.ch\/strategidea\/wp-content\/uploads\/sites\/7\/2024\/11\/14-1-2-present-passe-futur-DE-400x120.png 400w, https:\/\/agripedia.ch\/strategidea\/wp-content\/uploads\/sites\/7\/2024\/11\/14-1-2-present-passe-futur-DE-460x138.png 460w, https:\/\/agripedia.ch\/strategidea\/wp-content\/uploads\/sites\/7\/2024\/11\/14-1-2-present-passe-futur-DE-540x162.png 540w, https:\/\/agripedia.ch\/strategidea\/wp-content\/uploads\/sites\/7\/2024\/11\/14-1-2-present-passe-futur-DE-600x180.png 600w, https:\/\/agripedia.ch\/strategidea\/wp-content\/uploads\/sites\/7\/2024\/11\/14-1-2-present-passe-futur-DE-669x201.png 669w, https:\/\/agripedia.ch\/strategidea\/wp-content\/uploads\/sites\/7\/2024\/11\/14-1-2-present-passe-futur-DE-700x210.png 700w, https:\/\/agripedia.ch\/strategidea\/wp-content\/uploads\/sites\/7\/2024\/11\/14-1-2-present-passe-futur-DE-768x231.png 768w, https:\/\/agripedia.ch\/strategidea\/wp-content\/uploads\/sites\/7\/2024\/11\/14-1-2-present-passe-futur-DE-800x240.png 800w, https:\/\/agripedia.ch\/strategidea\/wp-content\/uploads\/sites\/7\/2024\/11\/14-1-2-present-passe-futur-DE.png 892w\" sizes=\"(max-width: 619px) 100vw, 619px\" \/><\/p>\n<p>\u200b\u200b (Michaud & Guichard, 1994)\u200b<\/p>\n<\/div><div class=\"fusion-clearfix\"><\/div><\/div><\/div><div class=\"fusion-layout-column fusion_builder_column fusion-builder-column-4 fusion_builder_column_1_2 1_2 fusion-one-half fusion-column-last\" style=\"--awb-bg-blend:overlay;--awb-bg-size:cover;width:50%;width:calc(50% - ( ( 4% ) * 0.5 ) );\"><div class=\"fusion-column-wrapper fusion-flex-column-wrapper-legacy\"><div class=\"fusion-text fusion-text-5\"><p>In diesen rekursiven Beziehungen gibt es eine Komplementarit\u00e4t zwischen der bewussten (langfristig orientierten und voluntaristischen) sowie der Kreativit\u00e4t, der Intuition, der Emergenz und der Erkundung (Torset, 2005). Es gibt eine Kontinuit\u00e4t zwischen der Formulierung und der Umsetzung der Strategie durch die t\u00e4gliche Aus\u00fcbung der strategischen Entscheidung, die aus Verhandlungen und Anpassungen besteht (Dameron & Torset, 2012). Es ist die Umsetzung eines Denkens des Hin und Her zwischen antagonistischen und komplement\u00e4ren Polen (Martinet, 1993). Zum Beispiel: zwischen der Freiheit des Landwirts als Unternehmer und dem Zwang, sich an den gesetzlichen Rahmen anzupassen, dem er unterliegt. Dieses flexible, zur Unterscheidung f\u00e4hige und offene Denken ist die Voraussetzung f\u00fcr strategisches Lernen durch das Hin- und Herwechseln zwischen Vision und strategischem Handeln. Es f\u00fchrt zu einer gegenseitigen Bereicherung von Vergangenheit, Gegenwart und Zukunft (\u201eDer Unternehmer muss das Unternehmen in seinem Verlauf betrachten, der sich aus der Vergangenheit und den Erwartungen ergibt, wobei er wei\u00df, dass nur die Gegenwart real ist.\u201c (Michaud & Guichard, 1994)).<\/p>\n<\/div><div class=\"fusion-clearfix\"><\/div><\/div><\/div><div class=\"fusion-layout-column fusion_builder_column fusion-builder-column-5 fusion_builder_column_1_1 1_1 fusion-one-full fusion-column-first fusion-column-last\" style=\"--awb-bg-blend:overlay;--awb-bg-size:cover;\"><div class=\"fusion-column-wrapper fusion-flex-column-wrapper-legacy\"><div class=\"fusion-text fusion-text-6\"><blockquote>\n<p>\u201eStrategisches Handeln und Verhalten kann nur durch die Erfahrung von Komplexit\u00e4t erobert werden\u201c (Martinet, 1993).<\/p>\n<\/blockquote>\n<p>Siehe auch hier: <a href=\"https:\/\/agripedia.ch\/strategidea\/de\/die-strategische-intuition\/komplexitaet-verstehen\/\" target=\"_blank\" rel=\"noopener noreferrer\">Komplexit\u00e4t verstehen<\/a><\/p>\n<\/div><div class=\"fusion-clearfix\"><\/div><\/div><\/div><div class=\"fusion-layout-column fusion_builder_column fusion-builder-column-6 fusion_builder_column_1_3 1_3 fusion-one-third fusion-column-first\" style=\"--awb-bg-blend:overlay;--awb-bg-size:cover;width:33.333333333333%;width:calc(33.333333333333% - ( ( 4% + 4% ) * 0.33333333333333 ) );margin-right: 4%;\"><div class=\"fusion-column-wrapper fusion-flex-column-wrapper-legacy\"><div class=\"fusion-clearfix\"><\/div><\/div><\/div><div class=\"fusion-layout-column fusion_builder_column fusion-builder-column-7 fusion_builder_column_1_3 1_3 fusion-one-third\" style=\"--awb-bg-blend:overlay;--awb-bg-size:cover;width:33.333333333333%;width:calc(33.333333333333% - ( ( 4% + 4% ) * 0.33333333333333 ) );margin-right: 4%;\"><div class=\"fusion-column-wrapper fusion-flex-column-wrapper-legacy\"><div class=\"fusion-clearfix\"><\/div><\/div><\/div><div class=\"fusion-layout-column fusion_builder_column fusion-builder-column-8 fusion_builder_column_1_3 1_3 fusion-one-third fusion-column-last\" style=\"--awb-bg-blend:overlay;--awb-bg-size:cover;width:33.333333333333%;width:calc(33.333333333333% - ( ( 4% + 4% ) * 0.33333333333333 ) );\"><div class=\"fusion-column-wrapper fusion-flex-column-wrapper-legacy\"><div class=\"fusion-button-wrapper\"><a class=\"fusion-button button-flat fusion-button-default-size button-default fusion-button-default button-1 fusion-button-default-span fusion-button-default-type\" style=\"--button-border-radius-top-left:0;--button-border-radius-top-right:0;--button-border-radius-bottom-right:0;--button-border-radius-bottom-left:0;\" target=\"_self\" href=\"https:\/\/agripedia.ch\/strategidea\/de\/strategische-steuerung\/strategische-steuerung-konkretes-vorgehen-und-werkzeuge\/\"><span class=\"fusion-button-text awb-button__text awb-button__text--default fusion-button-text-right\">N\u00e4chste<\/span><span class=\"fusion-button-icon-divider button-icon-divider-right\"><i class=\"fa-file-import fas awb-button__icon awb-button__icon--default\" aria-hidden=\"true\"><\/i><\/span><\/a><\/div><div class=\"fusion-clearfix\"><\/div><\/div><\/div><div class=\"fusion-layout-column fusion_builder_column fusion-builder-column-9 fusion_builder_column_1_1 1_1 fusion-one-full fusion-column-first fusion-column-last\" style=\"--awb-bg-blend:overlay;--awb-bg-size:cover;\"><div class=\"fusion-column-wrapper fusion-flex-column-wrapper-legacy\"><div class=\"fusion-section-separator section-separator clouds fusion-section-separator-1\" style=\"--awb-spacer-height:99px;--awb-svg-margin-left:0;--awb-svg-margin-right:0;--awb-divider-height:99px;--awb-spacer-padding-top:inherit;--awb-sep-padding:0;--awb-svg-padding:0;\"><div class=\"fusion-section-separator-svg\"><svg class=\"fusion-clouds-candy\" xmlns=\"http:\/\/www.w3.org\/2000\/svg\" version=\"1.1\" width=\"100%\" height=\"100\" viewBox=\"0 0 100 100\" preserveAspectRatio=\"none\" fill=\"rgba(246,246,246,1)\"><path d=\"M-5 100 Q 0 20 5 100 Z\"><\/path>\n\t\t\t\t\t\t\t\t<path d=\"M0 100 Q 5 0 10 100\"><\/path>\n\t\t\t\t\t\t\t\t<path d=\"M5 100 Q 10 30 15 100\"><\/path>\n\t\t\t\t\t\t\t\t<path d=\"M10 100 Q 15 10 20 100\"><\/path>\n\t\t\t\t\t\t\t\t<path d=\"M15 100 Q 20 30 25 100\"><\/path>\n\t\t\t\t\t\t\t\t<path d=\"M20 100 Q 25 -10 30 100\"><\/path>\n\t\t\t\t\t\t\t\t<path d=\"M25 100 Q 30 10 35 100\"><\/path>\n\t\t\t\t\t\t\t\t<path d=\"M30 100 Q 35 30 40 100\"><\/path>\n\t\t\t\t\t\t\t\t<path d=\"M35 100 Q 40 10 45 100\"><\/path>\n\t\t\t\t\t\t\t\t<path d=\"M40 100 Q 45 50 50 100\"><\/path>\n\t\t\t\t\t\t\t\t<path d=\"M45 100 Q 50 20 55 100\"><\/path>\n\t\t\t\t\t\t\t\t<path d=\"M50 100 Q 55 40 60 100\"><\/path>\n\t\t\t\t\t\t\t\t<path d=\"M55 100 Q 60 60 65 100\"><\/path>\n\t\t\t\t\t\t\t\t<path d=\"M60 100 Q 65 50 70 100\"><\/path>\n\t\t\t\t\t\t\t\t<path d=\"M65 100 Q 70 20 75 100\"><\/path>\n\t\t\t\t\t\t\t\t<path d=\"M70 100 Q 75 45 80 100\"><\/path>\n\t\t\t\t\t\t\t\t<path d=\"M75 100 Q 80 30 85 100\"><\/path>\n\t\t\t\t\t\t\t\t<path d=\"M80 100 Q 85 20 90 100\"><\/path>\n\t\t\t\t\t\t\t\t<path d=\"M85 100 Q 90 50 95 100\"><\/path>\n\t\t\t\t\t\t\t\t<path d=\"M90 100 Q 95 25 100 100\"><\/path>\n\t\t\t\t\t\t\t\t<path d=\"M95 100 Q 100 15 105 100 Z\"><\/path><\/svg><\/div><div class=\"fusion-section-separator-spacer\"><div class=\"fusion-section-separator-spacer-height\"><\/div><\/div><\/div><div class=\"fusion-clearfix\"><\/div><\/div><\/div><\/div><\/div>\n","protected":false},"excerpt":{"rendered":"","protected":false},"author":279,"featured_media":0,"parent":6420,"menu_order":2,"comment_status":"closed","ping_status":"closed","template":"100-width.php","meta":{"_sb_is_suggestion_mode":false,"_sb_show_suggestion_boards":false,"_sb_show_comment_boards":false,"_sb_suggestion_history":"","_sb_update_block_changes":"","_monsterinsights_skip_tracking":false,"_monsterinsights_sitenote_active":false,"_monsterinsights_sitenote_note":"","_monsterinsights_sitenote_category":0,"footnotes":""},"class_list":["post-6417","page","type-page","status-publish","hentry"],"_links":{"self":[{"href":"https:\/\/agripedia.ch\/strategidea\/de\/wp-json\/wp\/v2\/pages\/6417","targetHints":{"allow":["GET"]}}],"collection":[{"href":"https:\/\/agripedia.ch\/strategidea\/de\/wp-json\/wp\/v2\/pages"}],"about":[{"href":"https:\/\/agripedia.ch\/strategidea\/de\/wp-json\/wp\/v2\/types\/page"}],"author":[{"embeddable":true,"href":"https:\/\/agripedia.ch\/strategidea\/de\/wp-json\/wp\/v2\/users\/279"}],"replies":[{"embeddable":true,"href":"https:\/\/agripedia.ch\/strategidea\/de\/wp-json\/wp\/v2\/comments?post=6417"}],"version-history":[{"count":10,"href":"https:\/\/agripedia.ch\/strategidea\/de\/wp-json\/wp\/v2\/pages\/6417\/revisions"}],"predecessor-version":[{"id":6765,"href":"https:\/\/agripedia.ch\/strategidea\/de\/wp-json\/wp\/v2\/pages\/6417\/revisions\/6765"}],"up":[{"embeddable":true,"href":"https:\/\/agripedia.ch\/strategidea\/de\/wp-json\/wp\/v2\/pages\/6420"}],"wp:attachment":[{"href":"https:\/\/agripedia.ch\/strategidea\/de\/wp-json\/wp\/v2\/media?parent=6417"}],"curies":[{"name":"wp","href":"https:\/\/api.w.org\/{rel}","templated":true}]}}