{"id":6411,"date":"2024-09-06T13:50:38","date_gmt":"2024-09-06T13:50:38","guid":{"rendered":"https:\/\/agripedia.ch\/strategidea\/?page_id=6411"},"modified":"2024-11-22T08:14:59","modified_gmt":"2024-11-22T08:14:59","slug":"ein-dynamischer-strategischer-rahmen","status":"publish","type":"page","link":"https:\/\/agripedia.ch\/strategidea\/de\/strategische-steuerung\/strategische-steuerung-konkretes-vorgehen-und-werkzeuge\/ein-dynamischer-strategischer-rahmen\/","title":{"rendered":"Ein dynamischer strategischer Rahmen"},"content":{"rendered":"<p><div class=\"fusion-fullwidth fullwidth-box fusion-builder-row-1 nonhundred-percent-fullwidth non-hundred-percent-height-scrolling\" style=\"--awb-border-radius-top-left:0px;--awb-border-radius-top-right:0px;--awb-border-radius-bottom-right:0px;--awb-border-radius-bottom-left:0px;--awb-flex-wrap:wrap;\" ><div class=\"fusion-builder-row fusion-row\"><div class=\"fusion-layout-column fusion_builder_column fusion-builder-column-0 fusion_builder_column_1_1 1_1 fusion-one-full fusion-column-first fusion-column-last\" style=\"--awb-bg-blend:overlay;--awb-bg-size:cover;--awb-margin-bottom:0px;\"><div class=\"fusion-column-wrapper fusion-flex-column-wrapper-legacy\"><div class=\"fusion-text fusion-text-1\"><h3 class=\"fusion-responsive-typography-calculated\" style=\"--fontsize: 30;line-height: 1.5\" data-fontsize=\"30\" data-lineheight=\"45px\"><img decoding=\"async\" class=\"alignnone wp-image-1490\" src=\"https:\/\/agripedia.ch\/strategidea\/wp-content\/uploads\/sites\/7\/2019\/02\/Index_6_Analyse-interne.png\" alt=\"\" width=\"50\" height=\"50\" srcset=\"https:\/\/agripedia.ch\/strategidea\/wp-content\/uploads\/sites\/7\/2019\/02\/Index_6_Analyse-interne-66x66.png 66w, https:\/\/agripedia.ch\/strategidea\/wp-content\/uploads\/sites\/7\/2019\/02\/Index_6_Analyse-interne-150x150.png 150w, https:\/\/agripedia.ch\/strategidea\/wp-content\/uploads\/sites\/7\/2019\/02\/Index_6_Analyse-interne-200x199.png 200w, https:\/\/agripedia.ch\/strategidea\/wp-content\/uploads\/sites\/7\/2019\/02\/Index_6_Analyse-interne-300x300.png 300w, https:\/\/agripedia.ch\/strategidea\/wp-content\/uploads\/sites\/7\/2019\/02\/Index_6_Analyse-interne.png 354w\" sizes=\"(max-width: 50px) 100vw, 50px\" \/> Ein dynamischer strategischer Rahmen<\/h3>\n<blockquote>\n<p>Die Steuerung der Strategie ist die Kunst, von der Strategie zum operativen Management und zu Projekten \u00fcberzugehen und dabei die Flexibilit\u00e4t des strategischen Denkens beizubehalten.<\/p>\n<\/blockquote>\n<\/div><div class=\"fusion-clearfix\"><\/div><\/div><\/div><div class=\"fusion-layout-column fusion_builder_column fusion-builder-column-1 fusion_builder_column_1_1 1_1 fusion-one-full fusion-column-first fusion-column-last\" style=\"--awb-bg-blend:overlay;--awb-bg-size:cover;\"><div class=\"fusion-column-wrapper fusion-flex-column-wrapper-legacy\"><div class=\"fusion-text fusion-text-2\"><h4 class=\"fusion-responsive-typography-calculated\" style=\"--fontsize: 24;line-height: 1.5;--minfontsize: 24\" data-fontsize=\"24\" data-lineheight=\"36px\"><i>Ein dynamischer strategischer Rahmen \u2013 die Strategiepapiere<\/i><\/h4>\n<p>Strategische Reflexion ist ein dynamischer und flexibler Prozess. Die Inhalte der Reflexion bauen aufeinander auf, wie die Teile eines Puzzles, die sich nach und nach ineinanderf\u00fcgen. Das Bild enth\u00fcllt sich nach und nach, wobei es sich im Laufe der Zeit ver\u00e4ndern kann.<\/p>\n<p>Die <a href=\"https:\/\/agripedia.ch\/strategidea\/preambule\/introduction-a-la-reflexion-strategique\/\" target=\"_blank\" rel=\"noopener noreferrer\">strategische Reflexion<\/a> darf keine Aneinanderreihung isolierter Analysen hervorbringen, sondern muss zu einer (stets vorl\u00e4ufigen und unvollst\u00e4ndigen) Synthese f\u00fchren, zwischen komplexen Wechselbeziehungen und rekursiven Beziehungen von:<\/p>\n<ul>\n<li>Die Vision und die strategische Ausrichtung (Ziele, Zwecke);<\/li>\n<li>Das Unternehmen (oder das System \u201eUnternehmen-Familie\u201c), seine Lage, seine T\u00e4tigkeit;<\/li>\n<li>Umwelt oder Kontext (einschlie\u00dflich der Frage der sozialen und \u00f6kologischen Verantwortung von Unternehmen).<\/li>\n<\/ul>\n<\/div><div class=\"fusion-section-separator section-separator bigtriangle fusion-section-separator-1\" style=\"--awb-spacer-height:99px;--awb-svg-margin-left:0;--awb-svg-margin-right:0;--awb-divider-height:99px;--awb-spacer-padding-top:inherit;--awb-sep-padding:0;--awb-svg-padding:0;\"><div class=\"fusion-section-separator-svg\"><svg class=\"fusion-big-triangle-candy\" xmlns=\"http:\/\/www.w3.org\/2000\/svg\" version=\"1.1\" width=\"100%\" height=\"100\" viewBox=\"0 0 100 100\" preserveAspectRatio=\"none\" fill=\"rgba(246,246,246,1)\"><path d=\"M0 100 L25 2 L100 100 Z\"><\/path><\/svg><\/div><div class=\"fusion-section-separator-spacer\"><div class=\"fusion-section-separator-spacer-height\"><\/div><\/div><\/div><div class=\"fusion-text fusion-text-3\"><h4 class=\"fusion-responsive-typography-calculated\" style=\"--fontsize: 24;line-height: 1.5;--minfontsize: 24\" data-fontsize=\"24\" data-lineheight=\"36px\"><i>Ein dynamischer strategischer Rahmen \u2013 von der Synthese zur Aktion<\/i><\/h4>\n<p>Aus dieser Synthesearbeit der strategischen \u00dcberlegungen ergeben sich auch die L\u00f6sungsideen in Bezug auf die gestellten strategischen Fragen.<\/p>\n<p>Diese zusammenfassende Vision soll dazu dienen, die \u201eOrte\u201c der Interaktionen, \u00dcberschneidungen und Abw\u00e4gungen zu identifizieren, die im Mittelpunkt der Steuerungsinstrumente stehen werden. Diese Instrumente sollen helfen, das Wichtige hervorzuheben und das Un\u00fcbersichtliche zu kl\u00e4ren (Verringerung von Komplexit\u00e4t und Unsicherheit), und so als Entscheidungsrahmen dienen. Sie beinhalten einen Teil der Projektion, der Vorausschau, wobei es sich nicht um Vorhersagen handelt, sondern um Erwartungen, die sich mit der Ungewissheit der Zukunft abfinden (Goy, 2022). Diese Instrumente k\u00f6nnen beispielsweise die Form eines \u201estrategischen Wegweisers\u201c und von \u201eDashboards\u201c oder der \u201eagilen Strategy Map\u201c annehmen.<\/p>\n<p>Ein <b>Strategischer Wegweiser<\/b> kann ma\u00dfgeschneidert aus den folgenden Komponenten zusammengestellt werden (wobei die Daten regelm\u00e4\u00dfig aktualisiert werden m\u00fcssen) (Michaud & Guichard, 1994):<\/p>\n<ul>\n<li>Erinnerung an die Vision oder die strategischen Ziele;<\/li>\n<li>Zusammenfassung der aktuellen strategischen Schwerpunkte;<\/li>\n<li>Handlungs-, Verhaltens- oder Entscheidungsregeln (f\u00fcr eine schnelle Entscheidung im Rahmen der laufenden Steuerung: \u201eWenn diese Situation eintritt, werde ich diese Entscheidung treffen\u201c \u2013 Beispiele: lokal beschaffen);<\/li>\n<li>Elemente von Szenarien f\u00fcr die strategische Steuerung und Aktion (Elemente m\u00f6glicher zuk\u00fcnftiger Aktionspl\u00e4ne, die Annahmen unterliegen; erst zu gegebener Zeit und unter Ber\u00fccksichtigung der tats\u00e4chlich festgestellten Entwicklungen wird eines der betrachteten Szenarien in tats\u00e4chlich umzusetzende Aktionen umgewandelt \u2013 Beispiel: Aufnahme zus\u00e4tzlicher Parzellen in das Netzwerk der Biodiversit\u00e4tsf\u00f6rderfl\u00e4chen, wenn die Erfahrungen nach zwei Jahren g\u00fcnstig sind).<\/li>\n<\/ul>\n<p>Ein<b> Armaturenbrett f\u00fcr die t\u00e4gliche Steuerung <\/b>(oder f\u00fcr die Umsetzung der Strategie in der laufenden Steuerung) kann aus den folgenden Komponenten aufgebaut werden (wobei die Daten regelm\u00e4\u00dfig aktualisiert werden m\u00fcssen):<\/p>\n<ul>\n<li>Ausgew\u00e4hlte Indikatoren, um die grundlegenden \u201eObjekte\u201c der Entscheidungsfindung abzubilden;<\/li>\n<li>Einschr\u00e4nkungen, Schwellenwerte und Handlungsspielr\u00e4ume pro Indikator;<\/li>\n<li>Eventuell eine Spalte, um realisierte Daten und Sachinformationen zu erfassen.<\/li>\n<\/ul>\n<p>Die Agile Strategy Map (angepasst von Frey, 2018) konzentriert sich auf die strategischen Ziele. Sie bilden den Dreh- und Angelpunkt zwischen Strategie und operativer Umsetzung. Die Methode zeigt in Form einer Mindmap die Verbindungen zwischen den strategischen Zielen und den Variablen auf, d.h. die Handlungsspielr\u00e4ume, \u00fcber die man verf\u00fcgt , die kritischen Schwellenwerte einer bestimmten Variablen und die Bedingungen, die f\u00fcr das Eintreten einer Hypothese erforderlich sind.<\/p>\n<\/div><div class=\"fusion-clearfix\"><\/div><\/div><\/div><div class=\"fusion-layout-column fusion_builder_column fusion-builder-column-2 fusion_builder_column_1_1 1_1 fusion-one-full fusion-column-first fusion-column-last\" style=\"--awb-bg-blend:overlay;--awb-bg-size:cover;\"><div class=\"fusion-column-wrapper fusion-flex-column-wrapper-legacy\"><div class=\"fusion-section-separator section-separator clouds fusion-section-separator-2\" style=\"--awb-spacer-height:99px;--awb-svg-margin-left:0;--awb-svg-margin-right:0;--awb-divider-height:99px;--awb-spacer-padding-top:inherit;--awb-sep-padding:0;--awb-svg-padding:0;\"><div class=\"fusion-section-separator-svg\"><svg class=\"fusion-clouds-candy\" xmlns=\"http:\/\/www.w3.org\/2000\/svg\" version=\"1.1\" width=\"100%\" height=\"100\" viewBox=\"0 0 100 100\" preserveAspectRatio=\"none\" fill=\"rgba(246,246,246,1)\"><path d=\"M-5 100 Q 0 20 5 100 Z\"><\/path>\n\t\t\t\t\t\t\t\t<path d=\"M0 100 Q 5 0 10 100\"><\/path>\n\t\t\t\t\t\t\t\t<path d=\"M5 100 Q 10 30 15 100\"><\/path>\n\t\t\t\t\t\t\t\t<path d=\"M10 100 Q 15 10 20 100\"><\/path>\n\t\t\t\t\t\t\t\t<path d=\"M15 100 Q 20 30 25 100\"><\/path>\n\t\t\t\t\t\t\t\t<path d=\"M20 100 Q 25 -10 30 100\"><\/path>\n\t\t\t\t\t\t\t\t<path d=\"M25 100 Q 30 10 35 100\"><\/path>\n\t\t\t\t\t\t\t\t<path d=\"M30 100 Q 35 30 40 100\"><\/path>\n\t\t\t\t\t\t\t\t<path d=\"M35 100 Q 40 10 45 100\"><\/path>\n\t\t\t\t\t\t\t\t<path d=\"M40 100 Q 45 50 50 100\"><\/path>\n\t\t\t\t\t\t\t\t<path d=\"M45 100 Q 50 20 55 100\"><\/path>\n\t\t\t\t\t\t\t\t<path d=\"M50 100 Q 55 40 60 100\"><\/path>\n\t\t\t\t\t\t\t\t<path d=\"M55 100 Q 60 60 65 100\"><\/path>\n\t\t\t\t\t\t\t\t<path d=\"M60 100 Q 65 50 70 100\"><\/path>\n\t\t\t\t\t\t\t\t<path d=\"M65 100 Q 70 20 75 100\"><\/path>\n\t\t\t\t\t\t\t\t<path d=\"M70 100 Q 75 45 80 100\"><\/path>\n\t\t\t\t\t\t\t\t<path d=\"M75 100 Q 80 30 85 100\"><\/path>\n\t\t\t\t\t\t\t\t<path d=\"M80 100 Q 85 20 90 100\"><\/path>\n\t\t\t\t\t\t\t\t<path d=\"M85 100 Q 90 50 95 100\"><\/path>\n\t\t\t\t\t\t\t\t<path d=\"M90 100 Q 95 25 100 100\"><\/path>\n\t\t\t\t\t\t\t\t<path d=\"M95 100 Q 100 15 105 100 Z\"><\/path><\/svg><\/div><div class=\"fusion-section-separator-spacer\"><div class=\"fusion-section-separator-spacer-height\"><\/div><\/div><\/div><div class=\"fusion-clearfix\"><\/div><\/div><\/div><\/div><\/div><div class=\"fusion-fullwidth fullwidth-box fusion-builder-row-2 nonhundred-percent-fullwidth non-hundred-percent-height-scrolling\" style=\"--awb-border-radius-top-left:0px;--awb-border-radius-top-right:0px;--awb-border-radius-bottom-right:0px;--awb-border-radius-bottom-left:0px;--awb-flex-wrap:wrap;\" ><div class=\"fusion-builder-row fusion-row\"><div class=\"fusion-layout-column fusion_builder_column fusion-builder-column-3 fusion_builder_column_1_1 1_1 fusion-one-full fusion-column-first fusion-column-last\" style=\"--awb-bg-blend:overlay;--awb-bg-size:cover;\"><div class=\"fusion-column-wrapper fusion-flex-column-wrapper-legacy\"><div class=\"fusion-menu-anchor\" id=\"Boite\"><\/div><div class=\"fusion-text fusion-text-4\"><h3 class=\"fusion-responsive-typography-calculated\" style=\"--fontsize: 30;line-height: 1.5\" data-fontsize=\"30\" data-lineheight=\"45px\"><img decoding=\"async\" class=\"alignnone wp-image-1490\" src=\"https:\/\/agripedia.ch\/strategidea\/wp-content\/uploads\/sites\/7\/2019\/02\/Index_6_Analyse-interne.png\" alt=\"\" width=\"50\" height=\"50\" srcset=\"https:\/\/agripedia.ch\/strategidea\/wp-content\/uploads\/sites\/7\/2019\/02\/Index_6_Analyse-interne-66x66.png 66w, https:\/\/agripedia.ch\/strategidea\/wp-content\/uploads\/sites\/7\/2019\/02\/Index_6_Analyse-interne-150x150.png 150w, https:\/\/agripedia.ch\/strategidea\/wp-content\/uploads\/sites\/7\/2019\/02\/Index_6_Analyse-interne-200x199.png 200w, https:\/\/agripedia.ch\/strategidea\/wp-content\/uploads\/sites\/7\/2019\/02\/Index_6_Analyse-interne-300x300.png 300w, https:\/\/agripedia.ch\/strategidea\/wp-content\/uploads\/sites\/7\/2019\/02\/Index_6_Analyse-interne.png 354w\" sizes=\"(max-width: 50px) 100vw, 50px\" \/> Toolbox<\/h3>\n<\/div><div class=\"fusion-clearfix\"><\/div><\/div><\/div><div class=\"fusion-layout-column fusion_builder_column fusion-builder-column-4 fusion_builder_column_1_2 1_2 fusion-one-half fusion-column-first\" style=\"--awb-bg-blend:overlay;--awb-bg-size:cover;width:50%;width:calc(50% - ( ( 4% ) * 0.5 ) );margin-right: 4%;\"><div class=\"fusion-column-wrapper fusion-flex-column-wrapper-legacy\"><div class=\"fusion-text fusion-text-5\"><h4 class=\"fusion-responsive-typography-calculated\" style=\"--fontsize: 24;line-height: 1.5;--minfontsize: 24\" data-fontsize=\"24\" data-lineheight=\"36px\"><span style=\"color: var(--awb-text-color);font-family: var(--awb-text-font-family);font-size: var(--awb-font-size);font-style: var(--awb-text-font-style);font-weight: var(--awb-text-font-weight);letter-spacing: var(--awb-letter-spacing);text-align: var(--awb-content-alignment);text-transform: var(--awb-text-transform);background-color: var(--awb-bg-color-hover)\">Strategische Reflexion rekapitulieren<\/span><\/h4>\n<p style=\"--fontsize: 24;line-height: 1.5;--minfontsize: 24\">Wenn die \u00dcberlegungen weit fortgeschritten sind, ist es hilfreich, die Ergebnisse auf Papier festzuhalten. Das gibt Anhaltspunkte, ohne die Inhalte endg\u00fcltig festzulegen.<\/p>\n<ul>\n<li><a href=\"https:\/\/agripedia.ch\/strategidea?leaky-paywall-media-download=3836\" target=\"_blank\" rel=\"noopener noreferrer\">Formular : Vision, Mission und zentrale Werte<\/a><\/li>\n<li><a href=\"https:\/\/agripedia.ch\/strategidea?leaky-paywall-media-download=3750\" target=\"_blank\" rel=\"noopener noreferrer\">Formular : Strategische Ziele<\/a><\/li>\n<li><a href=\"https:\/\/agripedia.ch\/strategidea?leaky-paywall-media-download=3757\" target=\"_blank\" rel=\"noopener noreferrer\">Formular : Die strategischen Achsen<\/a><\/li>\n<li><a href=\"https:\/\/agripedia.ch\/strategidea?leaky-paywall-media-download=3769\" target=\"_blank\" rel=\"noopener noreferrer\">Formular : Strategische Gesch\u00e4ftseinheit SGE<\/a><\/li>\n<li><a href=\"https:\/\/agripedia.ch\/strategidea?leaky-paywall-media-download=3771\" target=\"_blank\" rel=\"noopener noreferrer\">Formular : Strategisches Gesch\u00e4ftsfeld SGF<\/a><\/li>\n<li><a href=\"https:\/\/agripedia.ch\/strategidea?leaky-paywall-media-download=3927\">Formular : Zusammenfassung der bereits feststehenden Termine<\/a><\/li>\n<li><a href=\"https:\/\/agripedia.ch\/strategidea?leaky-paywall-media-download=3981\">Formular : Synthese der strategischen Analyse, die SWOT Matrix<\/a><\/li>\n<li><a href=\"https:\/\/agripedia.ch\/strategidea?leaky-paywall-media-download=3900\">Formular : interner Handlungsspielraum strategische F\u00e4higkeiten<\/a><\/li>\n<li><a href=\"https:\/\/agripedia.ch\/strategidea?leaky-paywall-media-download=3902\">Formular : externer Handlungsspielraum Schl\u00fcsselfaktoren f\u00fcr den Erfolg<\/a><\/li>\n<\/ul>\n<\/div><div class=\"fusion-clearfix\"><\/div><\/div><\/div><div class=\"fusion-layout-column fusion_builder_column fusion-builder-column-5 fusion_builder_column_1_2 1_2 fusion-one-half fusion-column-last\" style=\"--awb-bg-blend:overlay;--awb-bg-size:cover;width:50%;width:calc(50% - ( ( 4% ) * 0.5 ) );\"><div class=\"fusion-column-wrapper fusion-flex-column-wrapper-legacy\"><div class=\"fusion-text fusion-text-6\" style=\"--awb-user-select:auto;\"><h4 class=\"fusion-responsive-typography-calculated\" style=\"--fontsize: 24;line-height: 1.5;--minfontsize: 24\" data-fontsize=\"24\" data-lineheight=\"36px\">\u00dcberlegungen zusammenfassen<\/h4>\n<ul>\n<li>\n<p style=\"color: var(--awb-text-color);font-family: var(--awb-text-font-family);font-size: var(--awb-font-size);font-style: var(--awb-text-font-style);font-weight: var(--awb-text-font-weight);letter-spacing: var(--awb-letter-spacing);text-align: var(--awb-content-alignment);text-transform: var(--awb-text-transform);background-color: var(--awb-bg-color)\"><a href=\"https:\/\/agripedia.ch\/strategidea?leaky-paywall-media-download=6665\">Zusammenfassung der strategischen Reflexion<\/a><\/p>\n<\/li>\n<li><a href=\"https:\/\/agripedia.ch\/strategidea?leaky-paywall-media-download=3982\">Formular : die TOWS Matrix<\/a><\/li>\n<\/ul>\n<\/div><div class=\"fusion-text fusion-text-7\"><h4 class=\"fusion-responsive-typography-calculated\" style=\"--fontsize: 24;line-height: 1.5;--minfontsize: 24\" data-fontsize=\"24\" data-lineheight=\"36px\">Instrumente zur Unterst\u00fctzung des Handelns aufbauen<\/h4>\n<ul>\n<li style=\"color: var(--awb-text-color);font-family: var(--awb-text-font-family);font-size: var(--awb-font-size);font-style: var(--awb-text-font-style);font-weight: var(--awb-text-font-weight);letter-spacing: var(--awb-letter-spacing);text-align: var(--awb-content-alignment);text-transform: var(--awb-text-transform);background-color: var(--awb-bg-color)\"><a href=\"https:\/\/agripedia.ch\/strategidea?leaky-paywall-media-download=6673\">Tabelle: Reflexion und Bewertung der Pfade<\/a><\/li>\n<li style=\"color: var(--awb-text-color);font-family: var(--awb-text-font-family);font-size: var(--awb-font-size);font-style: var(--awb-text-font-style);font-weight: var(--awb-text-font-weight);letter-spacing: var(--awb-letter-spacing);text-align: var(--awb-content-alignment);text-transform: var(--awb-text-transform);background-color: var(--awb-bg-color)\"><a href=\"https:\/\/agripedia.ch\/strategidea?leaky-paywall-media-download=6667\">Strategischer Wegweiser<\/a><\/li>\n<li style=\"color: var(--awb-text-color);font-family: var(--awb-text-font-family);font-size: var(--awb-font-size);font-style: var(--awb-text-font-style);font-weight: var(--awb-text-font-weight);letter-spacing: var(--awb-letter-spacing);text-align: var(--awb-content-alignment);text-transform: var(--awb-text-transform);background-color: var(--awb-bg-color)\"><a href=\"https:\/\/agripedia.ch\/strategidea?leaky-paywall-media-download=6669\">Formular: Steuerungsindikatoren<\/a><\/li>\n<li>Methodensteckbrief: Agile Strategy Map [in Bearbeitung].<\/li>\n<li><a href=\"https:\/\/agripedia.ch\/strategidea?leaky-paywall-media-download=5667\">Formular: Business Model Canvas<\/a> (nach dem Modell von Strategyzer)<\/li>\n<li>Fiche m\u00e9thode : Mod\u00e8le d\u2019affaire et strat\u00e9gie [in Bearbeitung]<\/li>\n<\/ul>\n<\/div><div class=\"fusion-alignright\"><a class=\"fusion-button button-flat fusion-button-default-size button-default fusion-button-default button-1 fusion-button-default-span fusion-button-default-type\" style=\"--button-border-radius-top-left:0;--button-border-radius-top-right:0;--button-border-radius-bottom-right:0;--button-border-radius-bottom-left:0;\" target=\"_self\" href=\"https:\/\/agripedia.ch\/strategidea\/de\/strategische-steuerung\/strategische-steuerung-konkretes-vorgehen-und-werkzeuge\/hin-und-herwechseln-zwischen-strategischem-denken-entscheiden-und-handeln\/\"><span class=\"fusion-button-text awb-button__text awb-button__text--default fusion-button-text-right\">N\u00e4chste<\/span><span class=\"fusion-button-icon-divider button-icon-divider-right\"><i class=\"fa-file-import fas awb-button__icon awb-button__icon--default\" aria-hidden=\"true\"><\/i><\/span><\/a><\/div><div class=\"fusion-clearfix\"><\/div><\/div><\/div><\/div><\/div><div class=\"fusion-fullwidth fullwidth-box fusion-builder-row-3 fusion-flex-container nonhundred-percent-fullwidth non-hundred-percent-height-scrolling\" style=\"--awb-border-radius-top-left:0px;--awb-border-radius-top-right:0px;--awb-border-radius-bottom-right:0px;--awb-border-radius-bottom-left:0px;--awb-flex-wrap:wrap;\" ><div class=\"fusion-builder-row fusion-row fusion-flex-align-items-flex-start fusion-flex-content-wrap\" style=\"max-width:1144px;margin-left: calc(-4% \/ 2 );margin-right: calc(-4% \/ 2 );\"><div class=\"fusion-layout-column fusion_builder_column fusion-builder-column-6 fusion_builder_column_1_1 1_1 fusion-flex-column\" style=\"--awb-bg-size:cover;--awb-width-large:100%;--awb-margin-top-large:0px;--awb-spacing-right-large:1.92%;--awb-margin-bottom-large:0px;--awb-spacing-left-large:1.92%;--awb-width-medium:100%;--awb-spacing-right-medium:1.92%;--awb-spacing-left-medium:1.92%;--awb-width-small:100%;--awb-spacing-right-small:1.92%;--awb-spacing-left-small:1.92%;\"><div class=\"fusion-column-wrapper fusion-flex-justify-content-flex-start fusion-content-layout-column\"><div class=\"fusion-section-separator section-separator clouds fusion-section-separator-3\" style=\"--awb-spacer-height:99px;--awb-svg-margin-left:1.92%;--awb-svg-margin-right:1.92%;--awb-svg-margin-left-medium:1.92%;--awb-svg-margin-right-medium:1.92%;--awb-svg-margin-left-small:1.92%;--awb-svg-margin-right-small:1.92%;--awb-divider-height:99px;--awb-spacer-padding-top:inherit;--awb-sep-padding:0;--awb-svg-padding:0;\"><div class=\"fusion-section-separator-svg\"><svg class=\"fusion-clouds-candy\" xmlns=\"http:\/\/www.w3.org\/2000\/svg\" version=\"1.1\" width=\"100%\" height=\"100\" viewBox=\"0 0 100 100\" preserveAspectRatio=\"none\" fill=\"rgba(246,246,246,1)\"><path d=\"M-5 100 Q 0 20 5 100 Z\"><\/path>\n\t\t\t\t\t\t\t\t<path d=\"M0 100 Q 5 0 10 100\"><\/path>\n\t\t\t\t\t\t\t\t<path d=\"M5 100 Q 10 30 15 100\"><\/path>\n\t\t\t\t\t\t\t\t<path d=\"M10 100 Q 15 10 20 100\"><\/path>\n\t\t\t\t\t\t\t\t<path d=\"M15 100 Q 20 30 25 100\"><\/path>\n\t\t\t\t\t\t\t\t<path d=\"M20 100 Q 25 -10 30 100\"><\/path>\n\t\t\t\t\t\t\t\t<path d=\"M25 100 Q 30 10 35 100\"><\/path>\n\t\t\t\t\t\t\t\t<path d=\"M30 100 Q 35 30 40 100\"><\/path>\n\t\t\t\t\t\t\t\t<path d=\"M35 100 Q 40 10 45 100\"><\/path>\n\t\t\t\t\t\t\t\t<path d=\"M40 100 Q 45 50 50 100\"><\/path>\n\t\t\t\t\t\t\t\t<path d=\"M45 100 Q 50 20 55 100\"><\/path>\n\t\t\t\t\t\t\t\t<path d=\"M50 100 Q 55 40 60 100\"><\/path>\n\t\t\t\t\t\t\t\t<path d=\"M55 100 Q 60 60 65 100\"><\/path>\n\t\t\t\t\t\t\t\t<path d=\"M60 100 Q 65 50 70 100\"><\/path>\n\t\t\t\t\t\t\t\t<path d=\"M65 100 Q 70 20 75 100\"><\/path>\n\t\t\t\t\t\t\t\t<path d=\"M70 100 Q 75 45 80 100\"><\/path>\n\t\t\t\t\t\t\t\t<path d=\"M75 100 Q 80 30 85 100\"><\/path>\n\t\t\t\t\t\t\t\t<path d=\"M80 100 Q 85 20 90 100\"><\/path>\n\t\t\t\t\t\t\t\t<path d=\"M85 100 Q 90 50 95 100\"><\/path>\n\t\t\t\t\t\t\t\t<path d=\"M90 100 Q 95 25 100 100\"><\/path>\n\t\t\t\t\t\t\t\t<path d=\"M95 100 Q 100 15 105 100 Z\"><\/path><\/svg><\/div><div class=\"fusion-section-separator-spacer\"><div class=\"fusion-section-separator-spacer-height\"><\/div><\/div><\/div><div class=\"fusion-text fusion-text-8\"><h3><img decoding=\"async\" class=\"alignnone wp-image-852\" src=\"https:\/\/agripedia.ch\/strategidea\/wp-content\/uploads\/sites\/7\/2018\/10\/Logo-rouge-perspectives_v02-300x300.png\" alt=\"\" width=\"50\" height=\"50\" srcset=\"https:\/\/agripedia.ch\/strategidea\/wp-content\/uploads\/sites\/7\/2018\/10\/Logo-rouge-perspectives_v02-66x66.png 66w, https:\/\/agripedia.ch\/strategidea\/wp-content\/uploads\/sites\/7\/2018\/10\/Logo-rouge-perspectives_v02-150x150.png 150w, https:\/\/agripedia.ch\/strategidea\/wp-content\/uploads\/sites\/7\/2018\/10\/Logo-rouge-perspectives_v02-200x200.png 200w, https:\/\/agripedia.ch\/strategidea\/wp-content\/uploads\/sites\/7\/2018\/10\/Logo-rouge-perspectives_v02-300x300.png 300w, https:\/\/agripedia.ch\/strategidea\/wp-content\/uploads\/sites\/7\/2018\/10\/Logo-rouge-perspectives_v02-400x401.png 400w, https:\/\/agripedia.ch\/strategidea\/wp-content\/uploads\/sites\/7\/2018\/10\/Logo-rouge-perspectives_v02.png 456w\" sizes=\"(max-width: 50px) 100vw, 50px\" \/> Weiterf\u00fchrende Informationen zum Gesch\u00e4ftsmodell<\/h3>\n<\/div><\/div><\/div><div class=\"fusion-layout-column fusion_builder_column fusion-builder-column-7 fusion_builder_column_1_3 1_3 fusion-flex-column\" style=\"--awb-bg-size:cover;--awb-width-large:33.333333333333%;--awb-margin-top-large:0px;--awb-spacing-right-large:5.76%;--awb-margin-bottom-large:20px;--awb-spacing-left-large:5.76%;--awb-width-medium:100%;--awb-spacing-right-medium:1.92%;--awb-spacing-left-medium:1.92%;--awb-width-small:100%;--awb-spacing-right-small:1.92%;--awb-spacing-left-small:1.92%;\"><div class=\"fusion-column-wrapper fusion-flex-justify-content-flex-start fusion-content-layout-column\"><div class=\"fusion-text fusion-text-9\"><p>Business Model<\/p>\n<ul>\n<li><a href=\"https:\/\/www.strategyzer.com\/\">www.strategyzer.com<\/a><\/li>\n<\/ul>\n<p>Business Model Canvas<\/p>\n<\/div><\/div><\/div><div class=\"fusion-layout-column fusion_builder_column fusion-builder-column-8 fusion_builder_column_2_3 2_3 fusion-flex-column\" style=\"--awb-bg-size:cover;--awb-width-large:66.666666666667%;--awb-margin-top-large:0px;--awb-spacing-right-large:2.88%;--awb-margin-bottom-large:20px;--awb-spacing-left-large:2.88%;--awb-width-medium:100%;--awb-spacing-right-medium:1.92%;--awb-spacing-left-medium:1.92%;--awb-width-small:100%;--awb-spacing-right-small:1.92%;--awb-spacing-left-small:1.92%;\"><div class=\"fusion-column-wrapper fusion-flex-justify-content-flex-start fusion-content-layout-column\"><div class=\"fusion-text fusion-text-10\"><div class=\"video-shortcode\"><iframe title=\"Business Model Canvas Explained\" width=\"1100\" height=\"619\" src=\"https:\/\/www.youtube.com\/embed\/QoAOzMTLP5s?feature=oembed\" frameborder=\"0\" allow=\"accelerometer; autoplay; clipboard-write; encrypted-media; gyroscope; picture-in-picture; web-share\" referrerpolicy=\"strict-origin-when-cross-origin\" allowfullscreen><\/iframe><\/div>\n<\/div><\/div><\/div><\/div><\/div><\/p>\n","protected":false},"excerpt":{"rendered":"","protected":false},"author":279,"featured_media":0,"parent":6415,"menu_order":1,"comment_status":"closed","ping_status":"closed","template":"100-width.php","meta":{"_sb_is_suggestion_mode":false,"_sb_show_suggestion_boards":false,"_sb_show_comment_boards":false,"_sb_suggestion_history":"","_sb_update_block_changes":"","_monsterinsights_skip_tracking":false,"_monsterinsights_sitenote_active":false,"_monsterinsights_sitenote_note":"","_monsterinsights_sitenote_category":0,"footnotes":""},"class_list":["post-6411","page","type-page","status-publish","hentry"],"_links":{"self":[{"href":"https:\/\/agripedia.ch\/strategidea\/de\/wp-json\/wp\/v2\/pages\/6411","targetHints":{"allow":["GET"]}}],"collection":[{"href":"https:\/\/agripedia.ch\/strategidea\/de\/wp-json\/wp\/v2\/pages"}],"about":[{"href":"https:\/\/agripedia.ch\/strategidea\/de\/wp-json\/wp\/v2\/types\/page"}],"author":[{"embeddable":true,"href":"https:\/\/agripedia.ch\/strategidea\/de\/wp-json\/wp\/v2\/users\/279"}],"replies":[{"embeddable":true,"href":"https:\/\/agripedia.ch\/strategidea\/de\/wp-json\/wp\/v2\/comments?post=6411"}],"version-history":[{"count":14,"href":"https:\/\/agripedia.ch\/strategidea\/de\/wp-json\/wp\/v2\/pages\/6411\/revisions"}],"predecessor-version":[{"id":6679,"href":"https:\/\/agripedia.ch\/strategidea\/de\/wp-json\/wp\/v2\/pages\/6411\/revisions\/6679"}],"up":[{"embeddable":true,"href":"https:\/\/agripedia.ch\/strategidea\/de\/wp-json\/wp\/v2\/pages\/6415"}],"wp:attachment":[{"href":"https:\/\/agripedia.ch\/strategidea\/de\/wp-json\/wp\/v2\/media?parent=6411"}],"curies":[{"name":"wp","href":"https:\/\/api.w.org\/{rel}","templated":true}]}}