{"id":6409,"date":"2024-09-06T13:49:57","date_gmt":"2024-09-06T13:49:57","guid":{"rendered":"https:\/\/agripedia.ch\/strategidea\/?page_id=6409"},"modified":"2024-11-25T09:53:14","modified_gmt":"2024-11-25T09:53:14","slug":"hin-und-herwechseln-zwischen-strategischem-denken-entscheiden-und-handeln","status":"publish","type":"page","link":"https:\/\/agripedia.ch\/strategidea\/de\/strategische-steuerung\/strategische-steuerung-konkretes-vorgehen-und-werkzeuge\/hin-und-herwechseln-zwischen-strategischem-denken-entscheiden-und-handeln\/","title":{"rendered":"Hin- und Herwechseln zwischen strategischem Denken, Entscheiden und Handeln"},"content":{"rendered":"<p><div class=\"fusion-fullwidth fullwidth-box fusion-builder-row-1 nonhundred-percent-fullwidth non-hundred-percent-height-scrolling\" style=\"--awb-border-radius-top-left:0px;--awb-border-radius-top-right:0px;--awb-border-radius-bottom-right:0px;--awb-border-radius-bottom-left:0px;--awb-flex-wrap:wrap;\" ><div class=\"fusion-builder-row fusion-row\"><div class=\"fusion-layout-column fusion_builder_column fusion-builder-column-0 fusion_builder_column_1_1 1_1 fusion-one-full fusion-column-first fusion-column-last\" style=\"--awb-bg-blend:overlay;--awb-bg-size:cover;--awb-margin-bottom:0px;\"><div class=\"fusion-column-wrapper fusion-flex-column-wrapper-legacy\"><div class=\"fusion-text fusion-text-1\"><h3 class=\"fusion-responsive-typography-calculated\" style=\"--fontsize: 30;line-height: 1.5\" data-fontsize=\"30\" data-lineheight=\"45px\"><img decoding=\"async\" class=\"alignnone wp-image-1490\" src=\"https:\/\/agripedia.ch\/strategidea\/wp-content\/uploads\/sites\/7\/2019\/02\/Index_6_Analyse-interne.png\" alt=\"\" width=\"50\" height=\"50\" srcset=\"https:\/\/agripedia.ch\/strategidea\/wp-content\/uploads\/sites\/7\/2019\/02\/Index_6_Analyse-interne-66x66.png 66w, https:\/\/agripedia.ch\/strategidea\/wp-content\/uploads\/sites\/7\/2019\/02\/Index_6_Analyse-interne-150x150.png 150w, https:\/\/agripedia.ch\/strategidea\/wp-content\/uploads\/sites\/7\/2019\/02\/Index_6_Analyse-interne-200x199.png 200w, https:\/\/agripedia.ch\/strategidea\/wp-content\/uploads\/sites\/7\/2019\/02\/Index_6_Analyse-interne-300x300.png 300w, https:\/\/agripedia.ch\/strategidea\/wp-content\/uploads\/sites\/7\/2019\/02\/Index_6_Analyse-interne.png 354w\" sizes=\"(max-width: 50px) 100vw, 50px\" \/> Hin- und Herwechseln zwischen strategischem Denken, Entscheiden und Handeln<\/h3>\n<blockquote>\n<p>Auf operativer Ebene geht es darum, die in Echtzeit getroffenen Entscheidungen (und Handlungen) mit den strategischen Ausrichtungen in Einklang zu bringen (Hemidy, Maxime, & Soler, 1993).<\/p>\n<\/blockquote>\n<p>Das bedeutet:<\/p>\n<ul>\n<li>zum einen die strategische Vision in konkrete Ma\u00dfnahmen umzusetzen oder diese zu aktualisieren,<\/li>\n<li>andererseits die \u201eAktionsprogramme\u201c (Vorstellungen der betriebsinhabenden Person dar\u00fcber, was auf operativer Ebene zu tun oder zu lassen ist) an Ver\u00e4nderungen (der Pr\u00e4ferenzen, der Informationen, der Probleme, der Bed\u00fcrfnisse) anzupassen.<\/li>\n<\/ul>\n<p><span style=\"color: #ffffff\">\u2013<\/span><\/p>\n<\/div><div class=\"fusion-clearfix\"><\/div><\/div><\/div><div class=\"fusion-layout-column fusion_builder_column fusion-builder-column-1 fusion_builder_column_1_2 1_2 fusion-one-half fusion-column-first\" style=\"--awb-bg-blend:overlay;--awb-bg-size:cover;width:50%;width:calc(50% - ( ( 4% ) * 0.5 ) );margin-right: 4%;\"><div class=\"fusion-column-wrapper fusion-flex-column-wrapper-legacy\"><div class=\"fusion-text fusion-text-2\"><h6><em><strong>WECHSELWIRKUNGEN ZWISCHEN STRATEGISCHEM RAHMEN UND UMSETZUNG<\/strong><\/em><\/h6>\n<p><img decoding=\"async\" class=\"alignnone wp-image-6650 \" src=\"https:\/\/agripedia.ch\/strategidea\/wp-content\/uploads\/sites\/7\/2024\/11\/14-2-2-aller-retour-DE.png\" alt=\"\" width=\"670\" height=\"455\" srcset=\"https:\/\/agripedia.ch\/strategidea\/wp-content\/uploads\/sites\/7\/2024\/11\/14-2-2-aller-retour-DE-66x45.png 66w, https:\/\/agripedia.ch\/strategidea\/wp-content\/uploads\/sites\/7\/2024\/11\/14-2-2-aller-retour-DE-177x120.png 177w, https:\/\/agripedia.ch\/strategidea\/wp-content\/uploads\/sites\/7\/2024\/11\/14-2-2-aller-retour-DE-200x136.png 200w, https:\/\/agripedia.ch\/strategidea\/wp-content\/uploads\/sites\/7\/2024\/11\/14-2-2-aller-retour-DE-300x204.png 300w, https:\/\/agripedia.ch\/strategidea\/wp-content\/uploads\/sites\/7\/2024\/11\/14-2-2-aller-retour-DE-320x217.png 320w, https:\/\/agripedia.ch\/strategidea\/wp-content\/uploads\/sites\/7\/2024\/11\/14-2-2-aller-retour-DE-400x272.png 400w, https:\/\/agripedia.ch\/strategidea\/wp-content\/uploads\/sites\/7\/2024\/11\/14-2-2-aller-retour-DE-460x312.png 460w, https:\/\/agripedia.ch\/strategidea\/wp-content\/uploads\/sites\/7\/2024\/11\/14-2-2-aller-retour-DE-540x367.png 540w, https:\/\/agripedia.ch\/strategidea\/wp-content\/uploads\/sites\/7\/2024\/11\/14-2-2-aller-retour-DE-600x407.png 600w, https:\/\/agripedia.ch\/strategidea\/wp-content\/uploads\/sites\/7\/2024\/11\/14-2-2-aller-retour-DE-669x454.png 669w, https:\/\/agripedia.ch\/strategidea\/wp-content\/uploads\/sites\/7\/2024\/11\/14-2-2-aller-retour-DE-700x475.png 700w, https:\/\/agripedia.ch\/strategidea\/wp-content\/uploads\/sites\/7\/2024\/11\/14-2-2-aller-retour-DE-768x521.png 768w, https:\/\/agripedia.ch\/strategidea\/wp-content\/uploads\/sites\/7\/2024\/11\/14-2-2-aller-retour-DE-800x543.png 800w, https:\/\/agripedia.ch\/strategidea\/wp-content\/uploads\/sites\/7\/2024\/11\/14-2-2-aller-retour-DE-940x638.png 940w, https:\/\/agripedia.ch\/strategidea\/wp-content\/uploads\/sites\/7\/2024\/11\/14-2-2-aller-retour-DE-1024x695.png 1024w, https:\/\/agripedia.ch\/strategidea\/wp-content\/uploads\/sites\/7\/2024\/11\/14-2-2-aller-retour-DE.png 1140w\" sizes=\"(max-width: 670px) 100vw, 670px\" \/><\/p>\n<p><span style=\"color: #ffffff\">\u2013<\/span><\/p>\n<\/div><div class=\"fusion-clearfix\"><\/div><\/div><\/div><div class=\"fusion-layout-column fusion_builder_column fusion-builder-column-2 fusion_builder_column_1_2 1_2 fusion-one-half fusion-column-last\" style=\"--awb-bg-blend:overlay;--awb-bg-size:cover;width:50%;width:calc(50% - ( ( 4% ) * 0.5 ) );\"><div class=\"fusion-column-wrapper fusion-flex-column-wrapper-legacy\"><div class=\"fusion-text fusion-text-3\"><p>In dieser Hinsicht dient der strategische Rahmen als Referenz f\u00fcr alle Momente oder Aktivit\u00e4ten des strategischen Reflektierens, Entscheidens oder Handelns. <b>Zwischen diesen Aktivit\u00e4ten besteht ein komplexes Kontinuum, und es ist ebenso gut m\u00f6glich, mit der Umsetzung dieses strategischen Rahmens im Handeln zu \u201ebeginnen\u201c.<\/b><\/p>\n<\/div><div class=\"fusion-clearfix\"><\/div><\/div><\/div><div class=\"fusion-layout-column fusion_builder_column fusion-builder-column-3 fusion_builder_column_1_1 1_1 fusion-one-full fusion-column-first fusion-column-last\" style=\"--awb-bg-blend:overlay;--awb-bg-size:cover;\"><div class=\"fusion-column-wrapper fusion-flex-column-wrapper-legacy\"><div class=\"fusion-section-separator section-separator triangle fusion-section-separator-1\" style=\"--awb-border-top:1px solid #f6f6f6;--awb-spacer-height:1px;--awb-svg-margin-left:0;--awb-svg-margin-right:0;--awb-icon-color:#ffffff;\"><div class=\"fusion-section-separator-svg\"><div class=\"divider-candy-arrow top\" style=\"bottom:0px;border-bottom-color: #f6f6f6;\"><\/div><div class=\"divider-candy top\" style=\"top:-21px;border-bottom:1px solid #f6f6f6;border-left:1px solid #f6f6f6;\"><\/div><\/div><div class=\"fusion-section-separator-spacer\"><div class=\"fusion-section-separator-spacer-height\"><\/div><\/div><\/div><div class=\"fusion-clearfix\"><\/div><\/div><\/div><div class=\"fusion-layout-column fusion_builder_column fusion-builder-column-4 fusion_builder_column_1_2 1_2 fusion-one-half fusion-column-first\" style=\"--awb-bg-blend:overlay;--awb-bg-size:cover;width:50%;width:calc(50% - ( ( 4% ) * 0.5 ) );margin-right: 4%;\"><div class=\"fusion-column-wrapper fusion-flex-column-wrapper-legacy\"><div class=\"fusion-text fusion-text-4\"><p>Bei einer strategischen Steuerung \u201eauf dem Weg\u201c gibt es also unter anderem mehr oder weniger formalisierte Momente oder Aktivit\u00e4ten zur Konzeption der einzusetzenden Mittel oder zur Planung kurzfristiger Aktionen (sie sind im Fall des Projektmanagements st\u00e4rker formalisiert \u2013 und mit spezifischen Instrumenten \u2013 als bei der reinen laufenden Steuerung). <b>Die Formalisierung kann durch die Erstellung eines kurzfristigen Aktionsplans erfolgen,<\/b> der auf operative Weise die n\u00e4chsten zu ergreifenden Ma\u00dfnahmen auflistet: sichere Ma\u00dfnahmen, m\u00f6gliche Ma\u00dfnahmen, die an Bedingungen gekn\u00fcpft sind, einschlie\u00dflich Studien- oder Administrationsma\u00dfnahmen (z.B. Einrichtung eines Gesch\u00e4ftslokals, Unterzeichnung eines Vertrags, Untersuchung eines neuen Marktes, Ausbildung usw.). \u201eWenn es kein wirklich neues Projekt gibt, kann sich das Ergebnis des strategischen Vorgehens auf die Summe der Korrekturma\u00dfnahmen beschr\u00e4nken, die w\u00e4hrend der gesamten Dauer der strategischen Reflexion beschlossen wurden\u201c (Michaud & Guichard, 1994, \u00fcbersetzt).<\/p>\n<\/div><div class=\"fusion-clearfix\"><\/div><\/div><\/div><div class=\"fusion-layout-column fusion_builder_column fusion-builder-column-5 fusion_builder_column_1_2 1_2 fusion-one-half fusion-column-last\" style=\"--awb-bg-blend:overlay;--awb-bg-size:cover;width:50%;width:calc(50% - ( ( 4% ) * 0.5 ) );\"><div class=\"fusion-column-wrapper fusion-flex-column-wrapper-legacy\"><div class=\"fusion-text fusion-text-5\"><h6 class=\"fusion-responsive-typography-calculated\" style=\"--fontsize: 16;line-height: 1.5;--minfontsize: 16\" data-fontsize=\"16\" data-lineheight=\"24px\"><em><strong>ILLUSTRATION: AKTIONSPLAN UND VERWENDUNG VON AKTIONSREGELN<\/strong><\/em><\/h6>\n<p><img decoding=\"async\" class=\"alignnone wp-image-6652 \" src=\"https:\/\/agripedia.ch\/strategidea\/wp-content\/uploads\/sites\/7\/2024\/11\/14-2-2-SCHeMA-TEMPS-DE.png\" alt=\"\" width=\"813\" height=\"394\" srcset=\"https:\/\/agripedia.ch\/strategidea\/wp-content\/uploads\/sites\/7\/2024\/11\/14-2-2-SCHeMA-TEMPS-DE-66x32.png 66w, https:\/\/agripedia.ch\/strategidea\/wp-content\/uploads\/sites\/7\/2024\/11\/14-2-2-SCHeMA-TEMPS-DE-177x86.png 177w, https:\/\/agripedia.ch\/strategidea\/wp-content\/uploads\/sites\/7\/2024\/11\/14-2-2-SCHeMA-TEMPS-DE-200x97.png 200w, https:\/\/agripedia.ch\/strategidea\/wp-content\/uploads\/sites\/7\/2024\/11\/14-2-2-SCHeMA-TEMPS-DE-300x145.png 300w, https:\/\/agripedia.ch\/strategidea\/wp-content\/uploads\/sites\/7\/2024\/11\/14-2-2-SCHeMA-TEMPS-DE-320x155.png 320w, https:\/\/agripedia.ch\/strategidea\/wp-content\/uploads\/sites\/7\/2024\/11\/14-2-2-SCHeMA-TEMPS-DE-400x194.png 400w, https:\/\/agripedia.ch\/strategidea\/wp-content\/uploads\/sites\/7\/2024\/11\/14-2-2-SCHeMA-TEMPS-DE-460x223.png 460w, https:\/\/agripedia.ch\/strategidea\/wp-content\/uploads\/sites\/7\/2024\/11\/14-2-2-SCHeMA-TEMPS-DE-540x262.png 540w, https:\/\/agripedia.ch\/strategidea\/wp-content\/uploads\/sites\/7\/2024\/11\/14-2-2-SCHeMA-TEMPS-DE-600x291.png 600w, https:\/\/agripedia.ch\/strategidea\/wp-content\/uploads\/sites\/7\/2024\/11\/14-2-2-SCHeMA-TEMPS-DE-669x324.png 669w, https:\/\/agripedia.ch\/strategidea\/wp-content\/uploads\/sites\/7\/2024\/11\/14-2-2-SCHeMA-TEMPS-DE-700x339.png 700w, https:\/\/agripedia.ch\/strategidea\/wp-content\/uploads\/sites\/7\/2024\/11\/14-2-2-SCHeMA-TEMPS-DE-768x372.png 768w, https:\/\/agripedia.ch\/strategidea\/wp-content\/uploads\/sites\/7\/2024\/11\/14-2-2-SCHeMA-TEMPS-DE-800x388.png 800w, https:\/\/agripedia.ch\/strategidea\/wp-content\/uploads\/sites\/7\/2024\/11\/14-2-2-SCHeMA-TEMPS-DE-940x455.png 940w, https:\/\/agripedia.ch\/strategidea\/wp-content\/uploads\/sites\/7\/2024\/11\/14-2-2-SCHeMA-TEMPS-DE-1024x496.png 1024w, https:\/\/agripedia.ch\/strategidea\/wp-content\/uploads\/sites\/7\/2024\/11\/14-2-2-SCHeMA-TEMPS-DE.png 1123w\" sizes=\"(max-width: 813px) 100vw, 813px\" \/><\/p>\n<p><span data-contrast=\"auto\">Nach<\/span><span aria-label=\"Contr\u00f4le de contenu de texte enrichi\"><span data-contrast=\"auto\">\u200b<\/span><span data-contrast=\"auto\"> (Michaud & Guichard, 1994)<\/span><span data-contrast=\"auto\">\u200b<\/span><\/span><\/p>\n<\/div><div class=\"fusion-clearfix\"><\/div><\/div><\/div><div class=\"fusion-layout-column fusion_builder_column fusion-builder-column-6 fusion_builder_column_1_1 1_1 fusion-one-full fusion-column-first fusion-column-last\" style=\"--awb-bg-blend:overlay;--awb-bg-size:cover;\"><div class=\"fusion-column-wrapper fusion-flex-column-wrapper-legacy\"><div class=\"fusion-text fusion-text-6\"><p><span style=\"color: var(--awb-text-color);font-family: var(--awb-text-font-family);font-size: var(--awb-font-size);font-style: var(--awb-text-font-style);font-weight: var(--awb-text-font-weight);letter-spacing: var(--awb-letter-spacing);text-align: var(--awb-content-alignment);text-transform: var(--awb-text-transform);background-color: var(--awb-bg-color-hover)\">H\u00e4ufig sind die T\u00e4tigkeit der Konzeption der einzusetzenden Mittel und die daraus resultierenden Entscheidungen zur strategischen Steuerung eher auf eine Dauer als auf einen punktuellen Moment ausgerichtet. \u201eDas Individuum hat hier keine klare Vorstellung von seiner Situation, dem Weg, der zur L\u00f6sung f\u00fchrt, oder auch nur von dem, was diese L\u00f6sung sein k\u00f6nnte\u201c (Allain, 1999, \u00fcbersetzt). Die Situation und das Vorgehen sind mit einem Probleml\u00f6sungsprozess gleichzusetzen, der durch eine Phase der Problemformulierung und eine Phase der Suche nach einer zufriedenstellenden L\u00f6sung gekennzeichnet ist. Diese Art von Prozess findet sowohl in Gelegenheits- und Krisensituationen als auch in Problemsituationen im engeren Sinne (begrenzter Druck) Anwendung. \u201eDiese Art von Entscheidung ergibt sich nicht aus einer automatischen Anpassung zwischen strategischer Vision und Aktionsprogrammen, sondern erfordert im Gegenteil eine Konstruktion\u201c (Allain, 1999). So \u201ebesteht die strategische Steuerung vor allem aus zahlreichen punktuellen Anpassungen, die es erm\u00f6glichen, die Kopplung zwischen strategischer Vision und Aktionsprogrammen zu gew\u00e4hrleisten, und die Entwicklung eines Unternehmens ergibt sich in erster Linie aus den inkrementellen Ver\u00e4nderungen, die sich dort vollziehen\u201c (Allain, 1999) und nicht nur aus den gro\u00dfen \u00c4nderungen der Ausrichtung.<\/span><\/p>\n<p><span style=\"color: var(--awb-text-color);font-family: var(--awb-text-font-family);font-size: var(--awb-font-size);font-style: var(--awb-text-font-style);font-weight: var(--awb-text-font-weight);letter-spacing: var(--awb-letter-spacing);text-align: var(--awb-content-alignment);text-transform: var(--awb-text-transform);background-color: var(--awb-bg-color-hover)\">Es ist also auch \u201edie Kunst, Informationen zu nutzen, die im Handeln entstehen\u201c (Morin, 1990). Die dynamischen Instrumente des strategischen Rahmens (strategische Roadmap, Dashboards) sind das Herzst\u00fcck des zu entwickelnden Informationssystems. Es geht darum, sie mit aktuellen Informationen zu versorgen und diese f\u00fcr Entscheidung zu nutzen. Die Entscheidungen k\u00f6nnen sich sowohl auf die laufende Steuerung, eine begrenzte Anpassung des Betriebssystems als auch auf das Projekt- oder Eventmanagement beziehen. Dazu ist es notwendig, die Entwicklungen im Umfeld zu verfolgt und regelm\u00e4ssig die Informationen \u00fcber das Unternehmen zu aktualisieren.<\/span><\/p>\n<p><span style=\"color: var(--awb-text-color);font-family: var(--awb-text-font-family);font-size: var(--awb-font-size);font-style: var(--awb-text-font-style);font-weight: var(--awb-text-font-weight);letter-spacing: var(--awb-letter-spacing);text-align: var(--awb-content-alignment);text-transform: var(--awb-text-transform);background-color: var(--awb-bg-color-hover)\">\u201eDas Individuum spielt eine aktive Rolle bei der Auswahl seiner Informationen und bei deren Neuanordnung. Tats\u00e4chlich kommt es darauf an, welche Bedeutung er ihnen zu einem bestimmten Zeitpunkt beimisst, und der Begriff der Interpretation ist daher zentral\u201c bei der Entscheidungsfindung (Allain, 1999). Strategisches Wissen beinhaltet \u201ementale Rahmen, Weltanschauungen, ideologische Pr\u00e4ferenzen, von denen es sich nicht l\u00f6sen kann, sondern die es zu explizieren gilt\u201c (Martinet, 1993).<\/span><\/p>\n<p>Im Rahmen einer Begleitung (durch Dritte) bei der strategischen Steuerung \u201c sollte die Unterst\u00fctzung bei der Entscheidungsfindung sich nicht so sehr auf das Ergebnis der Entscheidung konzentrieren, sondern auf den Entscheidungsprozess selbst \u201e(Ansatz von (\u201einteraktive Beratung\u201c).<\/p>\n<\/div><div class=\"fusion-clearfix\"><\/div><\/div><\/div><div class=\"fusion-layout-column fusion_builder_column fusion-builder-column-7 fusion_builder_column_1_1 1_1 fusion-one-full fusion-column-first fusion-column-last\" style=\"--awb-bg-blend:overlay;--awb-bg-size:cover;\"><div class=\"fusion-column-wrapper fusion-flex-column-wrapper-legacy\"><div class=\"fusion-section-separator section-separator clouds fusion-section-separator-2\" style=\"--awb-spacer-height:99px;--awb-svg-margin-left:0;--awb-svg-margin-right:0;--awb-divider-height:99px;--awb-spacer-padding-top:inherit;--awb-sep-padding:0;--awb-svg-padding:0;\"><div class=\"fusion-section-separator-svg\"><svg class=\"fusion-clouds-candy\" xmlns=\"http:\/\/www.w3.org\/2000\/svg\" version=\"1.1\" width=\"100%\" height=\"100\" viewBox=\"0 0 100 100\" preserveAspectRatio=\"none\" fill=\"rgba(246,246,246,1)\"><path d=\"M-5 100 Q 0 20 5 100 Z\"><\/path>\n\t\t\t\t\t\t\t\t<path d=\"M0 100 Q 5 0 10 100\"><\/path>\n\t\t\t\t\t\t\t\t<path d=\"M5 100 Q 10 30 15 100\"><\/path>\n\t\t\t\t\t\t\t\t<path d=\"M10 100 Q 15 10 20 100\"><\/path>\n\t\t\t\t\t\t\t\t<path d=\"M15 100 Q 20 30 25 100\"><\/path>\n\t\t\t\t\t\t\t\t<path d=\"M20 100 Q 25 -10 30 100\"><\/path>\n\t\t\t\t\t\t\t\t<path d=\"M25 100 Q 30 10 35 100\"><\/path>\n\t\t\t\t\t\t\t\t<path d=\"M30 100 Q 35 30 40 100\"><\/path>\n\t\t\t\t\t\t\t\t<path d=\"M35 100 Q 40 10 45 100\"><\/path>\n\t\t\t\t\t\t\t\t<path d=\"M40 100 Q 45 50 50 100\"><\/path>\n\t\t\t\t\t\t\t\t<path d=\"M45 100 Q 50 20 55 100\"><\/path>\n\t\t\t\t\t\t\t\t<path d=\"M50 100 Q 55 40 60 100\"><\/path>\n\t\t\t\t\t\t\t\t<path d=\"M55 100 Q 60 60 65 100\"><\/path>\n\t\t\t\t\t\t\t\t<path d=\"M60 100 Q 65 50 70 100\"><\/path>\n\t\t\t\t\t\t\t\t<path d=\"M65 100 Q 70 20 75 100\"><\/path>\n\t\t\t\t\t\t\t\t<path d=\"M70 100 Q 75 45 80 100\"><\/path>\n\t\t\t\t\t\t\t\t<path d=\"M75 100 Q 80 30 85 100\"><\/path>\n\t\t\t\t\t\t\t\t<path d=\"M80 100 Q 85 20 90 100\"><\/path>\n\t\t\t\t\t\t\t\t<path d=\"M85 100 Q 90 50 95 100\"><\/path>\n\t\t\t\t\t\t\t\t<path d=\"M90 100 Q 95 25 100 100\"><\/path>\n\t\t\t\t\t\t\t\t<path d=\"M95 100 Q 100 15 105 100 Z\"><\/path><\/svg><\/div><div class=\"fusion-section-separator-spacer\"><div class=\"fusion-section-separator-spacer-height\"><\/div><\/div><\/div><div class=\"fusion-clearfix\"><\/div><\/div><\/div><\/div><\/div><div class=\"fusion-fullwidth fullwidth-box fusion-builder-row-2 nonhundred-percent-fullwidth non-hundred-percent-height-scrolling\" style=\"--awb-border-radius-top-left:0px;--awb-border-radius-top-right:0px;--awb-border-radius-bottom-right:0px;--awb-border-radius-bottom-left:0px;--awb-flex-wrap:wrap;\" ><div class=\"fusion-builder-row fusion-row\"><div class=\"fusion-layout-column fusion_builder_column fusion-builder-column-8 fusion_builder_column_1_1 1_1 fusion-one-full fusion-column-first fusion-column-last\" style=\"--awb-bg-blend:overlay;--awb-bg-size:cover;\"><div class=\"fusion-column-wrapper fusion-flex-column-wrapper-legacy\"><div class=\"fusion-menu-anchor\" id=\"Boite\"><\/div><div class=\"fusion-text fusion-text-7\"><h3 class=\"fusion-responsive-typography-calculated\" style=\"--fontsize: 30;line-height: 1.5\" data-fontsize=\"30\" data-lineheight=\"45px\"><img decoding=\"async\" class=\"alignnone wp-image-1490\" src=\"https:\/\/agripedia.ch\/strategidea\/wp-content\/uploads\/sites\/7\/2019\/02\/Index_6_Analyse-interne.png\" alt=\"\" width=\"50\" height=\"50\" srcset=\"https:\/\/agripedia.ch\/strategidea\/wp-content\/uploads\/sites\/7\/2019\/02\/Index_6_Analyse-interne-66x66.png 66w, https:\/\/agripedia.ch\/strategidea\/wp-content\/uploads\/sites\/7\/2019\/02\/Index_6_Analyse-interne-150x150.png 150w, https:\/\/agripedia.ch\/strategidea\/wp-content\/uploads\/sites\/7\/2019\/02\/Index_6_Analyse-interne-200x199.png 200w, https:\/\/agripedia.ch\/strategidea\/wp-content\/uploads\/sites\/7\/2019\/02\/Index_6_Analyse-interne-300x300.png 300w, https:\/\/agripedia.ch\/strategidea\/wp-content\/uploads\/sites\/7\/2019\/02\/Index_6_Analyse-interne.png 354w\" sizes=\"(max-width: 50px) 100vw, 50px\" \/> Toolbox<\/h3>\n<\/div><div class=\"fusion-clearfix\"><\/div><\/div><\/div><div class=\"fusion-layout-column fusion_builder_column fusion-builder-column-9 fusion_builder_column_1_1 1_1 fusion-one-full fusion-column-first fusion-column-last\" style=\"--awb-bg-blend:overlay;--awb-bg-size:cover;\"><div class=\"fusion-column-wrapper fusion-flex-column-wrapper-legacy\"><div class=\"fusion-text fusion-text-8\"><div><\/div>\n<ul>\n<li><a href=\"https:\/\/agripedia.ch\/strategidea?leaky-paywall-media-download=6667\">Strategischer Wegweiser<\/a><\/li>\n<li><a href=\"https:\/\/agripedia.ch\/strategidea?leaky-paywall-media-download=6669\">Formular: Steuerungsindikatoren<\/a><\/li>\n<li><a href=\"https:\/\/agripedia.ch\/strategidea?leaky-paywall-media-download=6671\">Tabelle: Handlungsplan<\/a><\/li>\n<li>Tools f\u00fcr das Projektmanagement \u2013 werden in strategidea nicht vorgestellt.<\/li>\n<\/ul>\n<\/div><div class=\"fusion-clearfix\"><\/div><\/div><\/div><div class=\"fusion-layout-column fusion_builder_column fusion-builder-column-10 fusion_builder_column_1_3 1_3 fusion-one-third fusion-column-first\" style=\"--awb-bg-blend:overlay;--awb-bg-size:cover;width:33.333333333333%;width:calc(33.333333333333% - ( ( 4% + 4% ) * 0.33333333333333 ) );margin-right: 4%;\"><div class=\"fusion-column-wrapper fusion-flex-column-wrapper-legacy\"><div class=\"fusion-clearfix\"><\/div><\/div><\/div><div class=\"fusion-layout-column fusion_builder_column fusion-builder-column-11 fusion_builder_column_1_3 1_3 fusion-one-third\" style=\"--awb-bg-blend:overlay;--awb-bg-size:cover;width:33.333333333333%;width:calc(33.333333333333% - ( ( 4% + 4% ) * 0.33333333333333 ) );margin-right: 4%;\"><div class=\"fusion-column-wrapper fusion-flex-column-wrapper-legacy\"><div class=\"fusion-clearfix\"><\/div><\/div><\/div><div class=\"fusion-layout-column fusion_builder_column fusion-builder-column-12 fusion_builder_column_1_3 1_3 fusion-one-third fusion-column-last\" style=\"--awb-bg-blend:overlay;--awb-bg-size:cover;width:33.333333333333%;width:calc(33.333333333333% - ( ( 4% + 4% ) * 0.33333333333333 ) );\"><div class=\"fusion-column-wrapper fusion-flex-column-wrapper-legacy\"><div class=\"fusion-button-wrapper\"><a class=\"fusion-button button-flat fusion-button-default-size button-default fusion-button-default button-1 fusion-button-default-span fusion-button-default-type\" style=\"--button-border-radius-top-left:0;--button-border-radius-top-right:0;--button-border-radius-bottom-right:0;--button-border-radius-bottom-left:0;\" target=\"_self\" href=\"https:\/\/agripedia.ch\/strategidea\/de\/strategische-steuerung\/strategische-steuerung-konkretes-vorgehen-und-werkzeuge\/wachsamkeit-und-lernen\/\"><span class=\"fusion-button-text awb-button__text awb-button__text--default fusion-button-text-right\">N\u00e4chste<\/span><span class=\"fusion-button-icon-divider button-icon-divider-right\"><i class=\"fa-file-import fas awb-button__icon awb-button__icon--default\" aria-hidden=\"true\"><\/i><\/span><\/a><\/div><div class=\"fusion-clearfix\"><\/div><\/div><\/div><\/div><\/div><\/p>\n","protected":false},"excerpt":{"rendered":"","protected":false},"author":279,"featured_media":0,"parent":6415,"menu_order":2,"comment_status":"closed","ping_status":"closed","template":"100-width.php","meta":{"_sb_is_suggestion_mode":false,"_sb_show_suggestion_boards":false,"_sb_show_comment_boards":false,"_sb_suggestion_history":"","_sb_update_block_changes":"","_monsterinsights_skip_tracking":false,"_monsterinsights_sitenote_active":false,"_monsterinsights_sitenote_note":"","_monsterinsights_sitenote_category":0,"footnotes":""},"class_list":["post-6409","page","type-page","status-publish","hentry"],"_links":{"self":[{"href":"https:\/\/agripedia.ch\/strategidea\/de\/wp-json\/wp\/v2\/pages\/6409","targetHints":{"allow":["GET"]}}],"collection":[{"href":"https:\/\/agripedia.ch\/strategidea\/de\/wp-json\/wp\/v2\/pages"}],"about":[{"href":"https:\/\/agripedia.ch\/strategidea\/de\/wp-json\/wp\/v2\/types\/page"}],"author":[{"embeddable":true,"href":"https:\/\/agripedia.ch\/strategidea\/de\/wp-json\/wp\/v2\/users\/279"}],"replies":[{"embeddable":true,"href":"https:\/\/agripedia.ch\/strategidea\/de\/wp-json\/wp\/v2\/comments?post=6409"}],"version-history":[{"count":12,"href":"https:\/\/agripedia.ch\/strategidea\/de\/wp-json\/wp\/v2\/pages\/6409\/revisions"}],"predecessor-version":[{"id":6770,"href":"https:\/\/agripedia.ch\/strategidea\/de\/wp-json\/wp\/v2\/pages\/6409\/revisions\/6770"}],"up":[{"embeddable":true,"href":"https:\/\/agripedia.ch\/strategidea\/de\/wp-json\/wp\/v2\/pages\/6415"}],"wp:attachment":[{"href":"https:\/\/agripedia.ch\/strategidea\/de\/wp-json\/wp\/v2\/media?parent=6409"}],"curies":[{"name":"wp","href":"https:\/\/api.w.org\/{rel}","templated":true}]}}