{"id":6178,"date":"2024-07-25T13:25:56","date_gmt":"2024-07-25T13:25:56","guid":{"rendered":"https:\/\/agripedia.ch\/strategidea\/?page_id=6178"},"modified":"2024-11-20T10:58:49","modified_gmt":"2024-11-20T10:58:49","slug":"begleitung-von-betriebsuebergabe","status":"publish","type":"page","link":"https:\/\/agripedia.ch\/strategidea\/de\/beratungssituationen\/begleitung-von-betriebsuebergabe\/","title":{"rendered":"Begleitung von Betriebs\u00fcbergabe"},"content":{"rendered":"<p><div class=\"fusion-fullwidth fullwidth-box fusion-builder-row-1 fusion-flex-container nonhundred-percent-fullwidth non-hundred-percent-height-scrolling\" style=\"--awb-border-radius-top-left:0px;--awb-border-radius-top-right:0px;--awb-border-radius-bottom-right:0px;--awb-border-radius-bottom-left:0px;--awb-flex-wrap:wrap;\" ><div class=\"fusion-builder-row fusion-row fusion-flex-align-items-flex-start fusion-flex-content-wrap\" style=\"max-width:1144px;margin-left: calc(-4% \/ 2 );margin-right: calc(-4% \/ 2 );\"><div class=\"fusion-layout-column fusion_builder_column fusion-builder-column-0 fusion_builder_column_1_1 1_1 fusion-flex-column\" style=\"--awb-bg-size:cover;--awb-width-large:100%;--awb-margin-top-large:0px;--awb-spacing-right-large:1.92%;--awb-margin-bottom-large:20px;--awb-spacing-left-large:1.92%;--awb-width-medium:100%;--awb-order-medium:0;--awb-spacing-right-medium:1.92%;--awb-spacing-left-medium:1.92%;--awb-width-small:100%;--awb-order-small:0;--awb-spacing-right-small:1.92%;--awb-spacing-left-small:1.92%;\"><div class=\"fusion-column-wrapper fusion-column-has-shadow fusion-flex-justify-content-flex-start fusion-content-layout-column\"><div class=\"fusion-title title fusion-title-1 fusion-sep-none fusion-title-text fusion-title-size-one\"><h1 class=\"fusion-title-heading title-heading-left fusion-responsive-typography-calculated\" style=\"margin:0;--fontSize:60;line-height:1.4;\">Begleitung von Betriebs\u00fcbergabe<\/h1><\/div><\/div><\/div><\/div><\/div><div class=\"fusion-fullwidth fullwidth-box fusion-builder-row-2 fusion-flex-container nonhundred-percent-fullwidth non-hundred-percent-height-scrolling\" style=\"--awb-border-radius-top-left:0px;--awb-border-radius-top-right:0px;--awb-border-radius-bottom-right:0px;--awb-border-radius-bottom-left:0px;--awb-flex-wrap:wrap;\" id=\"investigations-prealables\" ><div class=\"fusion-builder-row fusion-row fusion-flex-align-items-flex-start fusion-flex-content-wrap\" style=\"max-width:1144px;margin-left: calc(-4% \/ 2 );margin-right: calc(-4% \/ 2 );\"><div class=\"fusion-layout-column fusion_builder_column fusion-builder-column-1 fusion_builder_column_1_1 1_1 fusion-flex-column\" style=\"--awb-bg-size:cover;--awb-width-large:100%;--awb-margin-top-large:0px;--awb-spacing-right-large:1.92%;--awb-margin-bottom-large:20px;--awb-spacing-left-large:1.92%;--awb-width-medium:100%;--awb-order-medium:0;--awb-spacing-right-medium:1.92%;--awb-spacing-left-medium:1.92%;--awb-width-small:100%;--awb-order-small:0;--awb-spacing-right-small:1.92%;--awb-spacing-left-small:1.92%;\"><div class=\"fusion-column-wrapper fusion-column-has-shadow fusion-flex-justify-content-flex-start fusion-content-layout-column\"><\/div><\/div><\/div><\/div><div class=\"fusion-fullwidth fullwidth-box fusion-builder-row-3 fusion-flex-container has-pattern-background has-mask-background nonhundred-percent-fullwidth non-hundred-percent-height-scrolling\" style=\"--awb-border-radius-top-left:0px;--awb-border-radius-top-right:0px;--awb-border-radius-bottom-right:0px;--awb-border-radius-bottom-left:0px;--awb-flex-wrap:wrap;\" ><div class=\"fusion-builder-row fusion-row fusion-flex-align-items-flex-start fusion-flex-content-wrap\" style=\"max-width:1144px;margin-left: calc(-4% \/ 2 );margin-right: calc(-4% \/ 2 );\"><div class=\"fusion-layout-column fusion_builder_column fusion-builder-column-2 fusion_builder_column_1_1 1_1 fusion-flex-column\" style=\"--awb-bg-size:cover;--awb-width-large:100%;--awb-margin-top-large:0px;--awb-spacing-right-large:1.92%;--awb-margin-bottom-large:20px;--awb-spacing-left-large:1.92%;--awb-width-medium:100%;--awb-order-medium:0;--awb-spacing-right-medium:1.92%;--awb-spacing-left-medium:1.92%;--awb-width-small:100%;--awb-order-small:0;--awb-spacing-right-small:1.92%;--awb-spacing-left-small:1.92%;\"><div class=\"fusion-column-wrapper fusion-column-has-shadow fusion-flex-justify-content-flex-start fusion-content-layout-column\"><div class=\"fusion-text fusion-text-1\"><p>Im Kontext der Begleitung von Betriebs\u00fcbergabeprojekten werden in jedem der drei folgenden Bereiche ein oder mehrere Instrumente vorgeschlagen:<\/p>\n<ul>\n<li>Die Voruntersuchungen<\/li>\n<li>Die Komponenten der Strategie<\/li>\n<li>Perspektiven und Vorausschau<\/li>\n<\/ul>\n<\/div><div class=\"fusion-section-separator section-separator paint fusion-section-separator-1\" style=\"--awb-spacer-height:80px;--awb-svg-margin-left:1.92%;--awb-svg-margin-right:1.92%;--awb-svg-margin-left-medium:1.92%;--awb-svg-margin-right-medium:1.92%;--awb-svg-margin-left-small:1.92%;--awb-svg-margin-right-small:1.92%;--awb-bg-size:100% 100%;--awb-bg-size-medium:100% 100%;--awb-bg-size-small:100% 100%;\"><div class=\"fusion-section-separator-svg\"><div class=\"fusion-paint-candy-sep fusion-section-separator-svg-bg\" style=\"background-image:url( data:image\/svg+xml;utf8,%3Csvg%20xmlns%3D%22http%3A%2F%2Fwww.w3.org%2F2000%2Fsvg%22%20version%3D%221.1%22%20width%3D%22100%25%22%20viewBox%3D%220%200%201803%2080%22%20preserveAspectRatio%3D%22none%22%20fill%3D%22rgba%28246%2C246%2C246%2C1%29%22%3E%3Cpath%20fill-rule%3D%22evenodd%22%20clip-rule%3D%22evenodd%22%20d%3D%22M0%2080H1803V26C1784.41%2025.8996%201762.68%209.75718%201738.97%209.57099C1693.26%207.04734%201626.64%205%201620%205C1613.36%205%201618.69%206.38627%201635.43%208.57938C1519.69%207.26321%201396.35%205.10623%201357.8%202.00005C1283.33%20-3.99995%20628.99%2011.0001%20613.147%2019.0001C611.092%2020.0374%20598.481%2019.7347%20581.75%2019.333C565.698%2018.9477%20545.856%2018.4714%20527.905%2019.0001C484.229%2017.4357%20343.332%2026.7%20339%2027.5C335.893%2028.0739%20354.583%2028.5402%20379.722%2029.1674C389.625%2029.4145%20400.529%2029.6866%20411.495%2030C300.112%2032.3341%20233.922%2025.2149%20204.382%2019.0001C170.16%2011.8001%2053.8682%2019.3334%200%2026.0001V80ZM931.932%2015C986.631%2011.7818%201105.82%206.01373%201144.97%208.68733C1158.02%209.57804%201148.42%209.68297%201126.58%209.92161C1113.52%2010.0644%201096.09%2010.255%201076.5%2010.6902C1056.27%2011.1397%201033.75%2011.9388%201011.4%2012.7321C982.962%2013.7411%20954.791%2014.7408%20931.932%2015Z%22%20fill%3D%22%23f6f6f6%22%2F%3E%3C%2Fsvg%3E );height:80px;\"><\/div><\/div><div class=\"fusion-section-separator-spacer\"><div class=\"fusion-section-separator-spacer-height\"><\/div><\/div><\/div><div class=\"fusion-text fusion-text-2\"><p><span style=\"color: #ffffff\">.<\/span><\/p>\n<\/div><div class=\"fusion-content-boxes content-boxes columns row fusion-columns-1 fusion-columns-total-8 fusion-content-boxes-1 content-boxes-icon-with-title content-left\" style=\"--awb-hover-accent-color:#e10707;--awb-circle-hover-accent-color:#e10707;--awb-item-margin-bottom:40px;\" data-animationOffset=\"top-into-view\"><div style=\"--awb-backgroundcolor:#fff2f2;\" class=\"fusion-column content-box-column content-box-column content-box-column-1 col-lg-12 col-md-12 col-sm-12 fusion-content-box-hover content-box-column-last-in-row\"><div class=\"col content-box-wrapper content-wrapper-background link-area-link-icon icon-hover-animation-fade\" data-animationOffset=\"top-into-view\"><div class=\"heading heading-with-icon icon-left\"><div class=\"icon\"><i style=\"border-color:#333333;border-width:1px;background-color:#333333;box-sizing:content-box;height:42px;width:42px;line-height:42px;border-radius:50%;font-size:21px;\" aria-hidden=\"true\" class=\"fontawesome-icon fa-wrench fas circle-yes\"><\/i><\/div><h2 class=\"content-box-heading fusion-responsive-typography-calculated\" style=\"--h2_typography-font-size:18px;--fontSize:18;line-height:1.5;\">Auflistung der vergangenen Ereignisse welche das Familienunternehmen beeinflusst haben<\/h2><\/div><div class=\"fusion-clearfix\"><\/div><div class=\"content-container\">\n<p>Bereich 1- <a class=\"agri-chapter-link\" title=\"Zum Kapitel gehen\" href=\"https:\/\/agripedia.ch\/strategidea\/de\/die-vorabklarungen\/die-betriebs-und-familiengeschichte\/\" target=\"_blank\" rel=\"noopener\">Die Betriebs- und Familiengeschichte<\/a><\/p>\n<p><strong>Beschreibung :<\/strong> Unterst\u00fctzt sich mit der Unternehmensgeschichte zu besch\u00e4ftigen<\/p>\n<p><strong>F\u00fcr :<\/strong> f\u00fcr Betriebsleiter\/innen; f\u00fcr Berater\/innen<\/p>\n<p><a class=\"agri-button\" href=\"https:\/\/agripedia.ch\/strategidea?leaky-paywall-media-download=4090\" target=\"_blank\" rel=\"noopener\">PDF \u00f6ffnen<\/a><\/p>\n<\/div><\/div><\/div><div style=\"--awb-backgroundcolor:#fff2f2;\" class=\"fusion-column content-box-column content-box-column content-box-column-2 col-lg-12 col-md-12 col-sm-12 fusion-content-box-hover content-box-column-last-in-row\"><div class=\"col content-box-wrapper content-wrapper-background link-area-link-icon icon-hover-animation-fade\" data-animationOffset=\"top-into-view\"><div class=\"heading heading-with-icon icon-left\"><div class=\"icon\"><i style=\"border-color:#333333;border-width:1px;background-color:#333333;box-sizing:content-box;height:42px;width:42px;line-height:42px;border-radius:50%;font-size:21px;\" aria-hidden=\"true\" class=\"fontawesome-icon fa-wrench fas circle-yes\"><\/i><\/div><h2 class=\"content-box-heading fusion-responsive-typography-calculated\" style=\"--h2_typography-font-size:18px;--fontSize:18;line-height:1.5;\">EMPH Matrix Erfassen von Erfolgen, Misservolgen, Potenzial uund Hindernissen<\/h2><\/div><div class=\"fusion-clearfix\"><\/div><div class=\"content-container\">\n<p>Bereich 1- <a class=\"agri-chapter-link\" title=\"Zum Kapitel gehen\" href=\"https:\/\/agripedia.ch\/strategidea\/de\/die-vorabklarungen\/die-betriebs-und-familiengeschichte\/\" target=\"_blank\" rel=\"noopener\">Die Betriebs- und Familiengeschichte<\/a><\/p>\n<p><strong>Beschreibung :<\/strong> \u00a0Die EMPH-Matrix ist ein Selbstbewertungsinstrument mit einer zeitlichen Dimension (Vergangenheit-Zukunft) und einer bewertenden Dimension (positiv, negativ). Sie ist ein besonders geeignet f\u00fcr die Analyse vor der Strategieentwicklung. sie hilft aus der Vergangenheit zu lernen, um die Zukunft zu antizipieren.<\/p>\n<p><strong>F\u00fcr : <\/strong>f\u00fcr Betriebsleiter\/innen; f\u00fcr Berater\/innen<\/p>\n<p><a class=\"agri-button\" href=\"https:\/\/agripedia.ch\/strategidea?leaky-paywall-media-download=4094\" target=\"_blank\" rel=\"noopener\">PDF \u00f6ffnen<\/a><\/p>\n<\/div><\/div><\/div><div style=\"--awb-backgroundcolor:#fff2f2;\" class=\"fusion-column content-box-column content-box-column content-box-column-3 col-lg-12 col-md-12 col-sm-12 fusion-content-box-hover content-box-column-last-in-row\"><div class=\"col content-box-wrapper content-wrapper-background link-area-link-icon icon-hover-animation-fade\" data-animationOffset=\"top-into-view\"><div class=\"heading heading-with-icon icon-left\"><div class=\"icon\"><i style=\"border-color:#333333;border-width:1px;background-color:#333333;box-sizing:content-box;height:42px;width:42px;line-height:42px;border-radius:50%;font-size:21px;\" aria-hidden=\"true\" class=\"fontawesome-icon fa-wrench fas circle-yes\"><\/i><\/div><h2 class=\"content-box-heading fusion-responsive-typography-calculated\" style=\"--h2_typography-font-size:18px;--fontSize:18;line-height:1.5;\">Entwicklung einer Vision in vier Schritten<\/h2><\/div><div class=\"fusion-clearfix\"><\/div><div class=\"content-container\">\n<p>Bereich 2- <a class=\"agri-chapter-link\" title=\"Zum Kapitel gehen\" href=\"https:\/\/agripedia.ch\/strategidea\/de\/les-composantes-de-la-strategie\/la-vision\/\" target=\"_blank\" rel=\"noopener\">Die Vision<\/a><\/p>\n<p><strong>Beschreibung :<\/strong> Jede Person, die am landwirtschaftlichen Betrieb beteiligt ist (Familienmitglieder, Partner, Gesellschafter, Mitarbeitende\u2026) hat eine Vision f\u00fcr den Betrieb in f\u00fcnf, zehn oder mehr Jahren. Nicht alle haben die gleiche Vision. Aber je \u00e4hnlicher diese Visionen sind, desto harmonischer wird das Team arbeiten. Daher ist es notwendig die Visionen der anderen zu teilen. Ein Konsens ist nicht erforderlich aber es ist von Vorteil eine gemeinsame Vision zu entwickeln, der alle zustimmen k\u00f6nnen.<\/p>\n<p><strong>F\u00fcr :<\/strong> f\u00fcr Betriebsleiter\/innen; f\u00fcr Berater\/innen<\/p>\n<p><a class=\"agri-button\" href=\"https:\/\/agripedia.ch\/strategidea?leaky-paywall-media-download=3667\" target=\"_blank\" rel=\"noopener\">PDF \u00f6ffnen<\/a><\/p>\n<\/div><\/div><\/div><div style=\"--awb-backgroundcolor:#fff2f2;\" class=\"fusion-column content-box-column content-box-column content-box-column-4 col-lg-12 col-md-12 col-sm-12 fusion-content-box-hover content-box-column-last-in-row\"><div class=\"col content-box-wrapper content-wrapper-background link-area-link-icon icon-hover-animation-fade\" data-animationOffset=\"top-into-view\"><div class=\"heading heading-with-icon icon-left\"><div class=\"icon\"><i style=\"border-color:#333333;border-width:1px;background-color:#333333;box-sizing:content-box;height:42px;width:42px;line-height:42px;border-radius:50%;font-size:21px;\" aria-hidden=\"true\" class=\"fontawesome-icon fa-list-alt fas circle-yes\"><\/i><\/div><h2 class=\"content-box-heading fusion-responsive-typography-calculated\" style=\"--h2_typography-font-size:18px;--fontSize:18;line-height:1.5;\">Checkliste: Vision beurteilen und \u00fcberpr\u00fcfen<\/h2><\/div><div class=\"fusion-clearfix\"><\/div><div class=\"content-container\">\n<p>Bereich 2- <a href=\"https:\/\/agripedia.ch\/strategidea\/de\/die-elemente-der-strategie\/die-vision\/\">Die vision<\/a><\/p>\n<p><strong>Beschreibung :<\/strong> Unterst\u00fctzt beim Arbeiten an der Vision<\/p>\n<p><strong>F\u00fcr :<\/strong>\u00a0f\u00fcr Betriebsleiter\/innen; f\u00fcr Berater\/innen<\/p>\n<p><a class=\"agri-button\" href=\"https:\/\/agripedia.ch\/strategidea?leaky-paywall-media-download=3669\" target=\"_blank\" rel=\"noopener\">PDF \u00f6ffnen<\/a><\/p>\n<\/div><\/div><\/div><div style=\"--awb-backgroundcolor:#fff2f2;\" class=\"fusion-column content-box-column content-box-column content-box-column-5 col-lg-12 col-md-12 col-sm-12 fusion-content-box-hover content-box-column-last-in-row\"><div class=\"col content-box-wrapper content-wrapper-background link-area-link-icon icon-hover-animation-fade\" data-animationOffset=\"top-into-view\"><div class=\"heading heading-with-icon icon-left\"><div class=\"icon\"><i style=\"border-color:#333333;border-width:1px;background-color:#333333;box-sizing:content-box;height:42px;width:42px;line-height:42px;border-radius:50%;font-size:21px;\" aria-hidden=\"true\" class=\"fontawesome-icon fa-tools fas circle-yes\"><\/i><\/div><h2 class=\"content-box-heading fusion-responsive-typography-calculated\" style=\"--h2_typography-font-size:18px;--fontSize:18;line-height:1.5;\">Coaching-Instrument Photolangage <\/h2><\/div><div class=\"fusion-clearfix\"><\/div><div class=\"content-container\">\n<p>Bereich 2- <a href=\"https:\/\/agripedia.ch\/strategidea\/de\/die-elemente-der-strategie\/die-vision\/\">Die vision<\/a><\/p>\n<p><strong>Beschreibung :<\/strong> Es beinhaltet ein Methodenheft sowie 64 Fotografien und wird in einer leicht zu transportierenden Box geliefert. Photolangage (w\u00f6rtlich: Bildsprache) hilft Fragen zur Unternehmensstrategie, zur Arbeit in der Landwirtschaft und allgemein zur Bedeutung der menschlichen Beziehungen innerhalb des Systems Unternehmen-Familie zu analysieren.<\/p>\n<p><strong>F\u00fcr :<\/strong>\u00a0f\u00fcr Berater\/innen<\/p>\n<p><a class=\"agri-button\" href=\"https:\/\/agridea.abacuscity.ch\/de\/A~3342~1\/3~310110~Shop\/Publikationen\/Betrieb-Familie-Diversifizierung\/Betriebsplanung-Buchhaltung\/Methodenblatt%3A-Photolangage-in-der-Landwirtschaft\/Fran%C3%A7ais\/Print-papier\" target=\"_blank\" rel=\"noopener\">PDF \u00f6ffnen<\/a><\/p>\n<\/div><\/div><\/div><div style=\"--awb-backgroundcolor:#fff2f2;\" class=\"fusion-column content-box-column content-box-column content-box-column-6 col-lg-12 col-md-12 col-sm-12 fusion-content-box-hover content-box-column-last-in-row\"><div class=\"col content-box-wrapper content-wrapper-background link-area-link-icon icon-hover-animation-fade\" data-animationOffset=\"top-into-view\"><div class=\"heading heading-with-icon icon-left\"><div class=\"icon\"><i style=\"border-color:#333333;border-width:1px;background-color:#333333;box-sizing:content-box;height:42px;width:42px;line-height:42px;border-radius:50%;font-size:21px;\" aria-hidden=\"true\" class=\"fontawesome-icon fa-wrench fas circle-yes\"><\/i><\/div><h2 class=\"content-box-heading fusion-responsive-typography-calculated\" style=\"--h2_typography-font-size:18px;--fontSize:18;line-height:1.5;\">Selbstmanagement-\u00dcbung: Die Mission meines (unseres) Landwirtschaftsbetriebs<\/h2><\/div><div class=\"fusion-clearfix\"><\/div><div class=\"content-container\">\n<p>Bereich 2- <a class=\"agri-chapter-link\" title=\"Zum Kapitel gehen\" href=\"https:\/\/agripedia.ch\/strategidea\/de\/die-elemente-der-strategie\/die-mission\/\" target=\"_blank\" rel=\"noopener\">Die Mission<\/a><\/p>\n<p><strong>Beschreibung :<\/strong> Durch die Beantwortung einer Reihe von Fragen soll diese \u00dcbung Sie darauf vorbereiten, die Mission Ihres Unternehmens zu definieren oder weiterzuentwickeln.<\/p>\n<p><strong>F\u00fcr : <\/strong>f\u00fcr Betriebsleiter\/innen; f\u00fcr Berater\/innen<\/p>\n<p><a class=\"agri-button\" href=\"https:\/\/agripedia.ch\/strategidea?leaky-paywall-media-download=3663\" target=\"_blank\" rel=\"noopener\">PDF \u00f6ffnen<\/a><\/p>\n<\/div><\/div><\/div><div style=\"--awb-backgroundcolor:#fff2f2;\" class=\"fusion-column content-box-column content-box-column content-box-column-7 col-lg-12 col-md-12 col-sm-12 fusion-content-box-hover content-box-column-last-in-row\"><div class=\"col content-box-wrapper content-wrapper-background link-area-link-icon icon-hover-animation-fade\" data-animationOffset=\"top-into-view\"><div class=\"heading heading-with-icon icon-left\"><div class=\"icon\"><i style=\"border-color:#333333;border-width:1px;background-color:#333333;box-sizing:content-box;height:42px;width:42px;line-height:42px;border-radius:50%;font-size:21px;\" aria-hidden=\"true\" class=\"fontawesome-icon fa-wrench fas circle-yes\"><\/i><\/div><h2 class=\"content-box-heading fusion-responsive-typography-calculated\" style=\"--h2_typography-font-size:18px;--fontSize:18;line-height:1.5;\">Formular: Das WindRad<\/h2><\/div><div class=\"fusion-clearfix\"><\/div><div class=\"content-container\">\n<p>Bereich 2- <a class=\"agri-chapter-link\" title=\"Zum Kapitel gehen\" href=\"https:\/\/agripedia.ch\/strategidea\/de\/die-elemente-der-strategie\/die-mission\/\" target=\"_blank\" rel=\"noopener\">Die Mission<\/a><\/p>\n<p><strong>Beschreibung :<\/strong>\u00a0 die Mission an der Schnittstelle zwischen Kompetenzen, Motivationen und dem Markt.<\/p>\n<p><strong>F\u00fcr :<\/strong>\u00a0f\u00fcr Betriebsleiter\/innen; f\u00fcr Berater\/innen<\/p>\n<p><a class=\"agri-button\" href=\"https:\/\/agripedia.ch\/strategidea?leaky-paywall-media-download=3704\" target=\"_blank\" rel=\"noopener\">PDF \u00f6ffnen<\/a><\/p>\n<\/div><\/div><\/div><div style=\"--awb-backgroundcolor:#fff2f2;\" class=\"fusion-column content-box-column content-box-column content-box-column-8 col-lg-12 col-md-12 col-sm-12 fusion-content-box-hover content-box-column-last content-box-column-last-in-row\"><div class=\"col content-box-wrapper content-wrapper-background link-area-link-icon icon-hover-animation-fade\" data-animationOffset=\"top-into-view\"><div class=\"heading heading-with-icon icon-left\"><div class=\"icon\"><i style=\"border-color:#333333;border-width:1px;background-color:#333333;box-sizing:content-box;height:42px;width:42px;line-height:42px;border-radius:50%;font-size:21px;\" aria-hidden=\"true\" class=\"fontawesome-icon fa-question-circle fas circle-yes\"><\/i><\/div><h2 class=\"content-box-heading fusion-responsive-typography-calculated\" style=\"--h2_typography-font-size:18px;--fontSize:18;line-height:1.5;\">Gespr\u00e4chsleitfaden: Warum -Wie<\/h2><\/div><div class=\"fusion-clearfix\"><\/div><div class=\"content-container\">\n<p>Bereich 2- <a class=\"agri-chapter-link\" title=\"Zum Kapitel gehen\" href=\"https:\/\/agripedia.ch\/strategidea\/de\/die-elemente-der-strategie\/die-strategischen-ziele\/\" target=\"_blank\" rel=\"noopener\">Die strategischen Ziele<\/a><\/p>\n<p><strong>Beschreibung :<\/strong> Strategische Ziele und operative Ziele werden sehr oft verwechselt. Das operative Ziel l\u00e4sst sich leichter erkl\u00e4ren als das strategische Ziel. Fragen nach dem \u201eWarum\u201c und \u201eWie\u201c helfen dabei zwischen einem Zweck (Ziel) und den zu seiner Erreichung eingesetzten Mitteln (Zielsetzung) zu unterscheiden.<\/p>\n<p><strong>F\u00fcr :<\/strong> f\u00fcr Berater\/innen<\/p>\n<p><a class=\"agri-button\" href=\"https:\/\/agripedia.ch\/strategidea?leaky-paywall-media-download=3748\" target=\"_blank\" rel=\"noopener\">PDF \u00f6ffnen<\/a><\/p>\n<\/div><\/div><\/div><div class=\"fusion-clearfix\"><\/div><\/div><div class=\"fusion-content-boxes content-boxes columns row fusion-columns-1 fusion-columns-total-2 fusion-content-boxes-2 content-boxes-icon-with-title content-left\" style=\"--awb-hover-accent-color:#e10707;--awb-circle-hover-accent-color:#e10707;--awb-item-margin-bottom:40px;\" data-animationOffset=\"top-into-view\"><div style=\"--awb-backgroundcolor:#fff2f2;\" class=\"fusion-column content-box-column content-box-column content-box-column-1 col-lg-12 col-md-12 col-sm-12 fusion-content-box-hover content-box-column-last-in-row\"><div class=\"col content-box-wrapper content-wrapper-background link-area-link-icon icon-hover-animation-fade\" data-animationOffset=\"top-into-view\"><div class=\"heading heading-with-icon icon-left\"><div class=\"icon\"><i style=\"border-color:#333333;border-width:1px;background-color:#333333;box-sizing:content-box;height:42px;width:42px;line-height:42px;border-radius:50%;font-size:21px;\" aria-hidden=\"true\" class=\"fontawesome-icon fa-hammer fas circle-yes\"><\/i><\/div><h2 class=\"content-box-heading fusion-responsive-typography-calculated\" style=\"--h2_typography-font-size:18px;--fontSize:18;line-height:1.5;\">Praxisleitfaden: Szenarios konstruieren<\/h2><\/div><div class=\"fusion-clearfix\"><\/div><div class=\"content-container\">\n<p>Bereich 3 \u2013 <a class=\"agri-chapter-link\" title=\"Zum Kapitel gehen\" href=\"https:\/\/agripedia.ch\/strategidea\/de\/die-perspektiven\/les-scenarios-a-traduire\/\" target=\"_blank\" rel=\"noopener\">Die szenarien<\/a><\/p>\n<p><strong>Beschreibung :<\/strong> Ein Szenario besteht aus der Beschreibung einer zuk\u00fcnftigen Situation und dem Verlauf der Ereignisse, die es uns erm\u00f6glichen, von der urspr\u00fcnglichen Situation zur zuk\u00fcnftigen Situation zu gelangen.<\/p>\n<p><strong>F\u00fcr : <\/strong>f\u00fcr Berater\/innen<\/p>\n<p><a class=\"agri-button\" href=\"https:\/\/agripedia.ch\/strategidea?leaky-paywall-media-download=3886\" target=\"_blank\" rel=\"noopener\">PDF \u00f6ffnen<\/a> und <a href=\"https:\/\/agripedia.ch\/strategidea?leaky-paywall-media-download=3884\" target=\"_blank\" rel=\"noopener noreferrer\">Formular: Szenarien konstruieren<\/a><\/p>\n<\/div><\/div><\/div><div style=\"--awb-backgroundcolor:#fff2f2;\" class=\"fusion-column content-box-column content-box-column content-box-column-2 col-lg-12 col-md-12 col-sm-12 fusion-content-box-hover content-box-column-last content-box-column-last-in-row\"><div class=\"col content-box-wrapper content-wrapper-background link-area-link-icon icon-hover-animation-fade\" data-animationOffset=\"top-into-view\"><div class=\"heading heading-with-icon icon-left\"><div class=\"icon\"><i style=\"border-color:#333333;border-width:1px;background-color:#333333;box-sizing:content-box;height:42px;width:42px;line-height:42px;border-radius:50%;font-size:21px;\" aria-hidden=\"true\" class=\"fontawesome-icon fa-wrench fas circle-yes\"><\/i><\/div><h2 class=\"content-box-heading fusion-responsive-typography-calculated\" style=\"--h2_typography-font-size:18px;--fontSize:18;line-height:1.5;\">Formular: Vision, Mission und zentrale Werte<\/h2><\/div><div class=\"fusion-clearfix\"><\/div><div class=\"content-container\">\n<p>Bereich 3 \u2013 <a class=\"agri-chapter-link\" title=\"Zum Kapitel gehen\" href=\"https:\/\/agripedia.ch\/strategidea\/de\/die-perspektiven\/les-papiers-strategiques-a-traduire\/\" target=\"_blank\" rel=\"noopener\">Das Strategiepapier<\/a><\/p>\n<p><strong>Beschreibung :<\/strong>\u00a0 Mit diesem Formular k\u00f6nnen die Vision, die Mission und die zentralen Werte in einem einzigen Schaubild dargestellt werden.<\/p>\n<p><strong>F\u00fcr :<\/strong> f\u00fcr Betriebsleiter\/innen; f\u00fcr Berater\/innen<\/p>\n<p><a class=\"agri-button\" href=\"https:\/\/agripedia.ch\/strategidea?leaky-paywall-media-download=3836\" target=\"_blank\" rel=\"noopener\">PDF \u00f6ffnen<\/a><\/p>\n<\/div><\/div><\/div><div class=\"fusion-clearfix\"><\/div><\/div><\/div><\/div><\/div><\/div><\/p>\n","protected":false},"excerpt":{"rendered":"","protected":false},"author":279,"featured_media":0,"parent":6151,"menu_order":2,"comment_status":"closed","ping_status":"closed","template":"","meta":{"_sb_is_suggestion_mode":false,"_sb_show_suggestion_boards":false,"_sb_show_comment_boards":false,"_sb_suggestion_history":"","_sb_update_block_changes":"","_monsterinsights_skip_tracking":false,"_monsterinsights_sitenote_active":false,"_monsterinsights_sitenote_note":"","_monsterinsights_sitenote_category":0,"footnotes":""},"class_list":["post-6178","page","type-page","status-publish","hentry"],"_links":{"self":[{"href":"https:\/\/agripedia.ch\/strategidea\/de\/wp-json\/wp\/v2\/pages\/6178","targetHints":{"allow":["GET"]}}],"collection":[{"href":"https:\/\/agripedia.ch\/strategidea\/de\/wp-json\/wp\/v2\/pages"}],"about":[{"href":"https:\/\/agripedia.ch\/strategidea\/de\/wp-json\/wp\/v2\/types\/page"}],"author":[{"embeddable":true,"href":"https:\/\/agripedia.ch\/strategidea\/de\/wp-json\/wp\/v2\/users\/279"}],"replies":[{"embeddable":true,"href":"https:\/\/agripedia.ch\/strategidea\/de\/wp-json\/wp\/v2\/comments?post=6178"}],"version-history":[{"count":4,"href":"https:\/\/agripedia.ch\/strategidea\/de\/wp-json\/wp\/v2\/pages\/6178\/revisions"}],"predecessor-version":[{"id":6239,"href":"https:\/\/agripedia.ch\/strategidea\/de\/wp-json\/wp\/v2\/pages\/6178\/revisions\/6239"}],"up":[{"embeddable":true,"href":"https:\/\/agripedia.ch\/strategidea\/de\/wp-json\/wp\/v2\/pages\/6151"}],"wp:attachment":[{"href":"https:\/\/agripedia.ch\/strategidea\/de\/wp-json\/wp\/v2\/media?parent=6178"}],"curies":[{"name":"wp","href":"https:\/\/api.w.org\/{rel}","templated":true}]}}