{"id":6151,"date":"2024-07-25T15:55:57","date_gmt":"2024-07-25T15:55:57","guid":{"rendered":"https:\/\/agripedia.ch\/strategidea\/?page_id=6151"},"modified":"2026-04-14T09:21:05","modified_gmt":"2026-04-14T09:21:05","slug":"beratungssituationen","status":"publish","type":"page","link":"https:\/\/agripedia.ch\/strategidea\/de\/beratungssituationen\/","title":{"rendered":"Beratungssituationen"},"content":{"rendered":"<p><div class=\"fusion-fullwidth fullwidth-box fusion-builder-row-1 fusion-flex-container nonhundred-percent-fullwidth non-hundred-percent-height-scrolling\" style=\"--awb-border-radius-top-left:0px;--awb-border-radius-top-right:0px;--awb-border-radius-bottom-right:0px;--awb-border-radius-bottom-left:0px;--awb-flex-wrap:wrap;\" ><div class=\"fusion-builder-row fusion-row fusion-flex-align-items-flex-start fusion-flex-content-wrap\" style=\"max-width:1144px;margin-left: calc(-4% \/ 2 );margin-right: calc(-4% \/ 2 );\"><div class=\"fusion-layout-column fusion_builder_column fusion-builder-column-0 fusion_builder_column_1_1 1_1 fusion-flex-column\" style=\"--awb-bg-size:cover;--awb-width-large:100%;--awb-margin-top-large:0px;--awb-spacing-right-large:1.92%;--awb-margin-bottom-large:20px;--awb-spacing-left-large:1.92%;--awb-width-medium:100%;--awb-order-medium:0;--awb-spacing-right-medium:1.92%;--awb-spacing-left-medium:1.92%;--awb-width-small:100%;--awb-order-small:0;--awb-spacing-right-small:1.92%;--awb-spacing-left-small:1.92%;\"><div class=\"fusion-column-wrapper fusion-column-has-shadow fusion-flex-justify-content-flex-start fusion-content-layout-column\"><div class=\"fusion-title title fusion-title-1 fusion-sep-none fusion-title-text fusion-title-size-one\"><h1 class=\"fusion-title-heading title-heading-left fusion-responsive-typography-calculated\" style=\"margin:0;--fontSize:60;line-height:1.4;\">Beratungssituationen<\/h1><\/div><div class=\"fusion-text fusion-text-1\"><p>Hier finden Sie eine Auswahl der wichtigsten und n\u00fctzlichsten Ressourcen f\u00fcr jede g\u00e4ngige Beratungssituation.<\/p>\n<\/div><\/div><\/div><\/div><\/div><div class=\"fusion-fullwidth fullwidth-box fusion-builder-row-2 fusion-flex-container nonhundred-percent-fullwidth non-hundred-percent-height-scrolling\" style=\"--awb-border-radius-top-left:0px;--awb-border-radius-top-right:0px;--awb-border-radius-bottom-right:0px;--awb-border-radius-bottom-left:0px;--awb-flex-wrap:wrap;\" ><div class=\"fusion-builder-row fusion-row fusion-flex-align-items-flex-start fusion-flex-content-wrap\" style=\"max-width:1144px;margin-left: calc(-4% \/ 2 );margin-right: calc(-4% \/ 2 );\"><div class=\"fusion-layout-column fusion_builder_column fusion-builder-column-1 fusion_builder_column_1_1 1_1 fusion-flex-column\" style=\"--awb-bg-size:cover;--awb-width-large:100%;--awb-margin-top-large:0px;--awb-spacing-right-large:1.92%;--awb-margin-bottom-large:20px;--awb-spacing-left-large:1.92%;--awb-width-medium:100%;--awb-order-medium:0;--awb-spacing-right-medium:1.92%;--awb-spacing-left-medium:1.92%;--awb-width-small:100%;--awb-order-small:0;--awb-spacing-right-small:1.92%;--awb-spacing-left-small:1.92%;\"><div class=\"fusion-column-wrapper fusion-column-has-shadow fusion-flex-justify-content-flex-start fusion-content-layout-column\"><div class=\"fusion-flip-boxes flip-boxes row fusion-columns-3 flip-effect-classic equal-heights agri-flipbox\"><div class=\"fusion-flip-box-wrapper fusion-column col-lg-4 col-md-4 col-sm-4\"><div class=\"fusion-flip-box flip-right\" tabindex=\"0\"><div class=\"flip-box-inner-wrapper\"><div class=\"flip-box-front\"><div class=\"flip-box-front-inner\"><h3 class=\"flip-box-heading without-text\">Begleitung einer Zusammenarbeit<\/h3><\/div><\/div><div class=\"flip-box-back\"><div class=\"flip-box-back-inner\">\n<p>Die Werkzeuge, um pers\u00f6nliche und strategische Aspekte bei der Begleitung einer Zusammenarbeit anzusprechen, sind unter<br \/>\nnach den folgenden f\u00fcnf Themen geordnet:<\/p>\n<ul>\n<li>Einigkeit \u00fcber die Strategie<br \/>\nDer Grund f\u00fcr die Zusammenarbeit, wohin geht die Zusammenarbeit?<\/li>\n<li>Analyse der Interessengruppen<\/li>\n<li>Sich \u00fcber die Risiken der Zusammenarbeit im Klaren sein<\/li>\n<li>Organisation der Zusammenarbeit\n<ul>\n<li>Rahmen der Zusammenarbeit (Sicherheitsrahmen, Entscheidungsprozess)<\/li>\n<li>Kommunikation, Beziehungen, Konfliktmanagement<\/li>\n<\/ul>\n<\/li>\n<li>Organisieren der Arbeit (Produktion und Aktivit\u00e4t, operative Kommunikation)<br \/>\nund der Humanressourcen<\/li>\n<\/ul>\n<p><a href=\"https:\/\/agripedia.ch\/strategidea\/de\/beratungssituationen\/begleitung-einer-zusammenarbeit\/\">Auswahl ansehen<\/a><\/p>\n<\/div><\/div><\/div><\/div><\/div><div class=\"fusion-flip-box-wrapper fusion-column col-lg-4 col-md-4 col-sm-4\"><div class=\"fusion-flip-box flip-right\" tabindex=\"0\"><div class=\"flip-box-inner-wrapper\"><div class=\"flip-box-front\"><div class=\"flip-box-front-inner\"><h3 class=\"flip-box-heading without-text\">Begleitung von Projekten zur Betriebs\u00fcbergabe und Niederlassung<\/h3><\/div><\/div><div class=\"flip-box-back\"><div class=\"flip-box-back-inner\">\n<p>Es werden ein oder mehrere Werkzeuge f\u00fcr die Begleitung von Betriebs\u00fcbergabe- und Niederlassungsprojekten in jedem der drei folgenden Bereiche angeboten:<\/p>\n<ul>\n<li>Vorherige Untersuchungen<\/li>\n<li>Die Komponenten der Strategie<\/li>\n<li>Ausblick und Zukunftsforschung<\/li>\n<\/ul>\n<p><a href=\"https:\/\/agripedia.ch\/strategidea\/accompagnement-de-projets-de-remise-dexploitation-et-dinstallation\/\">Auswahl ansehen<\/a><\/p>\n<\/div><\/div><\/div><\/div><\/div><div class=\"fusion-flip-box-wrapper fusion-column col-lg-4 col-md-4 col-sm-4\"><div class=\"fusion-flip-box flip-right\" tabindex=\"0\"><div class=\"flip-box-inner-wrapper\"><div class=\"flip-box-front\"><div class=\"flip-box-front-inner\"><h3 class=\"flip-box-heading without-text\">Begleitung bei \u00f6kologischen Fragestellungen im Betrieb<\/h3><\/div><\/div><div class=\"flip-box-back\"><div class=\"flip-box-back-inner\">\n<p>Ein strukturiertes Vorgehen in drei Schritten unterst\u00fctzt Betriebe dabei, \u00f6kologische Herausforderungen gezielt anzugehen. Dazu ein Vorschlag:<\/p>\n<ol>\n<li>Vorgelagerte Gesamtbetrachtung (Integration der Problematik in die Gesamtstrategie des Unternehmens)<\/li>\n<li>Gezielte fachliche Vertiefung<\/li>\n<li>Massgeschneiderte Machbarkeitsanalysen<\/li>\n<\/ol>\n<p>F\u00fcr den ersten Schritt werden Instrumente aus dem Bereich des strategischen Managements vorgeschlagen, f\u00fcr den zweiten Schritt ein Werkzeug f\u00fcr konkrete Massnahmenoptionen. Die Schritte 2 und 3 erfordern erg\u00e4nzende Fachkenntnisse und Instrumente, die \u00fcber den Bereich des strategischen Managements hinausgehen.<\/p>\n<p><a href=\"https:\/\/agripedia.ch\/strategidea\/de\/beratungssituationen\/oekologische-fragestellungen\/\">Seite \u00f6ffnen<\/a><\/p>\n<\/div><\/div><\/div><\/div><\/div><\/div><\/div><\/div><\/div><\/div><\/p>\n","protected":false},"excerpt":{"rendered":"","protected":false},"author":26,"featured_media":0,"parent":0,"menu_order":14,"comment_status":"closed","ping_status":"closed","template":"","meta":{"_sb_is_suggestion_mode":false,"_sb_show_suggestion_boards":false,"_sb_show_comment_boards":false,"_sb_suggestion_history":"","_sb_update_block_changes":"","_monsterinsights_skip_tracking":false,"_monsterinsights_sitenote_active":false,"_monsterinsights_sitenote_note":"","_monsterinsights_sitenote_category":0,"footnotes":""},"class_list":["post-6151","page","type-page","status-publish","hentry"],"_links":{"self":[{"href":"https:\/\/agripedia.ch\/strategidea\/de\/wp-json\/wp\/v2\/pages\/6151","targetHints":{"allow":["GET"]}}],"collection":[{"href":"https:\/\/agripedia.ch\/strategidea\/de\/wp-json\/wp\/v2\/pages"}],"about":[{"href":"https:\/\/agripedia.ch\/strategidea\/de\/wp-json\/wp\/v2\/types\/page"}],"author":[{"embeddable":true,"href":"https:\/\/agripedia.ch\/strategidea\/de\/wp-json\/wp\/v2\/users\/26"}],"replies":[{"embeddable":true,"href":"https:\/\/agripedia.ch\/strategidea\/de\/wp-json\/wp\/v2\/comments?post=6151"}],"version-history":[{"count":10,"href":"https:\/\/agripedia.ch\/strategidea\/de\/wp-json\/wp\/v2\/pages\/6151\/revisions"}],"predecessor-version":[{"id":6981,"href":"https:\/\/agripedia.ch\/strategidea\/de\/wp-json\/wp\/v2\/pages\/6151\/revisions\/6981"}],"wp:attachment":[{"href":"https:\/\/agripedia.ch\/strategidea\/de\/wp-json\/wp\/v2\/media?parent=6151"}],"curies":[{"name":"wp","href":"https:\/\/api.w.org\/{rel}","templated":true}]}}