{"id":3218,"date":"2019-07-12T07:58:03","date_gmt":"2019-07-12T07:58:03","guid":{"rendered":"https:\/\/agripedia.ch\/strategidea\/?page_id=3218"},"modified":"2023-04-04T20:46:23","modified_gmt":"2023-04-04T20:46:23","slug":"pratiquer-le-discernement-a-traduire","status":"publish","type":"page","link":"https:\/\/agripedia.ch\/strategidea\/de\/die-strategische-entscheidung\/pratiquer-le-discernement-a-traduire\/","title":{"rendered":"Urteilsverm\u00f6gen, eine Alternative zur Wahl durch Nichtbeachtung um Fortschritte in Richtung seiner Ziele zu machen"},"content":{"rendered":"<p><div class=\"fusion-fullwidth fullwidth-box fusion-builder-row-1 nonhundred-percent-fullwidth non-hundred-percent-height-scrolling\" style=\"--awb-border-radius-top-left:0px;--awb-border-radius-top-right:0px;--awb-border-radius-bottom-right:0px;--awb-border-radius-bottom-left:0px;--awb-flex-wrap:wrap;\" ><div class=\"fusion-builder-row fusion-row\"><div class=\"fusion-layout-column fusion_builder_column fusion-builder-column-0 fusion_builder_column_1_1 1_1 fusion-one-full fusion-column-first fusion-column-last\" style=\"--awb-bg-size:cover;--awb-margin-bottom:0px;\"><div class=\"fusion-column-wrapper fusion-flex-column-wrapper-legacy\"><div class=\"fusion-text fusion-text-1\"><h2><\/h2>\n<h3><img decoding=\"async\" class=\"wp-image-1167 alignnone\" src=\"https:\/\/agripedia.ch\/strategidea\/wp-content\/uploads\/sites\/7\/2019\/02\/Logo-rouge-D\u00e9cision-strat\u00e9gique-300x300.png\" alt=\"\" width=\"50\" height=\"50\" srcset=\"https:\/\/agripedia.ch\/strategidea\/wp-content\/uploads\/sites\/7\/2019\/02\/Logo-rouge-D\u00e9cision-strat\u00e9gique-66x66.png 66w, https:\/\/agripedia.ch\/strategidea\/wp-content\/uploads\/sites\/7\/2019\/02\/Logo-rouge-D\u00e9cision-strat\u00e9gique-150x150.png 150w, https:\/\/agripedia.ch\/strategidea\/wp-content\/uploads\/sites\/7\/2019\/02\/Logo-rouge-D\u00e9cision-strat\u00e9gique-200x201.png 200w, https:\/\/agripedia.ch\/strategidea\/wp-content\/uploads\/sites\/7\/2019\/02\/Logo-rouge-D\u00e9cision-strat\u00e9gique-300x300.png 300w, https:\/\/agripedia.ch\/strategidea\/wp-content\/uploads\/sites\/7\/2019\/02\/Logo-rouge-D\u00e9cision-strat\u00e9gique-400x402.png 400w, https:\/\/agripedia.ch\/strategidea\/wp-content\/uploads\/sites\/7\/2019\/02\/Logo-rouge-D\u00e9cision-strat\u00e9gique.png 494w\" sizes=\"(max-width: 50px) 100vw, 50px\" \/> Urteilsverm\u00f6gen, eine Alternative zur Wahl durch Nichtbeachtung um Fortschritte in Richtung seiner Ziele zu machen<\/h3>\n<p><em>\u00ab Ist das die beste Entscheidung? \u00bb<\/em><\/p>\n<p>Tats\u00e4chlich beantworten die meisten Entscheidungstr\u00e4ger diese Frage nur selten. Sie halten sich an eine Standardwahl oder eine Wahl, die ihnen zufriedenstellend erscheint, ohne nach einer Alternative zu suchen.<br \/>\nWie w\u00e4hlt man den besten Weg aus der Ungewissheit, dem Nebel, der Komplexit\u00e4t und den Unw\u00e4gbarkeiten der Zukunft?<br \/>\nJede strategische Entscheidung ist mit weitreichenden Konsequenzen verbunden. Die Schwierigkeiten des Entscheidungstr\u00e4gers ergeben sich aus der Tatsache, dass er mit zahlreichen Widerspr\u00fcchen, widerspr\u00fcchlichen Interessen und Wertkonflikten konfrontiert ist. Er muss die Situation so objektiv wie m\u00f6glich analysieren (Tatsachenurteil) und im Bereich seiner Bestrebungen das \u201eF\u00fcr\u201c und \u201eWider\u201c abw\u00e4gen (Werturteil).<\/p>\n<blockquote>\n<p><strong>Urteilsverm\u00f6gen ist ein Prozess der Entscheidungsfindung, bei dem das pers\u00f6nliche Urteil des Entscheidungstr\u00e4gers auf der Grundlage von Fakten und Werten herangezogen wird. Sie ist an den Zielen des Entscheidungstr\u00e4gers orientiert. Dieses Urteilsverm\u00f6gen kann nur ausge\u00fcbt werden, wenn es eine Alternative zur ersten, sich auf-dr\u00e4ngenden Option oder zu einer Standardwahl gibt<\/strong>.<\/p>\n<\/blockquote>\n<p><em>\u00abNichts setzt sich durch ohne dass eine Alternative existiert\u00bb (Falque & Bougon, 2013).<\/em><\/p>\n<h5 style=\"text-align: center;\">DAS URTEILSVERM\u00d6GEN<\/h5>\n<h5 style=\"text-align: center;\">Das Urteilsverm\u00f6gen bei strategischen Entscheidungen ist die Nutzung des Ermessens des Betriebsleiters nach einem dreistufigen Vorgehen (Perrot, 2012)<\/h5>\n<p><img decoding=\"async\" class=\"alignnone wp-image-5538 aligncenter\" src=\"https:\/\/agripedia.ch\/strategidea\/wp-content\/uploads\/sites\/7\/2022\/05\/10-3_I-discernement-DE.png\" alt=\"\" width=\"522\" height=\"168\" srcset=\"https:\/\/agripedia.ch\/strategidea\/wp-content\/uploads\/sites\/7\/2022\/05\/10-3_I-discernement-DE-200x64.png 200w, https:\/\/agripedia.ch\/strategidea\/wp-content\/uploads\/sites\/7\/2022\/05\/10-3_I-discernement-DE-300x97.png 300w, https:\/\/agripedia.ch\/strategidea\/wp-content\/uploads\/sites\/7\/2022\/05\/10-3_I-discernement-DE-400x129.png 400w, https:\/\/agripedia.ch\/strategidea\/wp-content\/uploads\/sites\/7\/2022\/05\/10-3_I-discernement-DE-600x193.png 600w, https:\/\/agripedia.ch\/strategidea\/wp-content\/uploads\/sites\/7\/2022\/05\/10-3_I-discernement-DE-768x247.png 768w, https:\/\/agripedia.ch\/strategidea\/wp-content\/uploads\/sites\/7\/2022\/05\/10-3_I-discernement-DE-800x258.png 800w, https:\/\/agripedia.ch\/strategidea\/wp-content\/uploads\/sites\/7\/2022\/05\/10-3_I-discernement-DE.png 826w\" sizes=\"(max-width: 522px) 100vw, 522px\" \/><\/p>\n<p>Die Praxis der Entscheidung durch Urteilsverm\u00f6gen ist somit diejenige, die sich f\u00fcr strategische Entscheidungen eignet.<\/p>\n<p>Um eine Entscheidung treffen zu k\u00f6nnen, muss man wissen, warum man diese oder jene Wahl trifft. Mit anderen Worten: Man muss den <strong>Kompass des strategischen Denkens<\/strong> verwenden. Die Ziele (strategischen Ziele) des Unternehmers bilden die Kriterien f\u00fcr das Urteilsverm\u00f6gen.<\/p>\n<p><span style=\"color: #ffffff;\">_<\/span><\/p>\n<h5 style=\"text-align: center;\">DER KOMPASS ZUR STRATEGISCHEN ORIENTIERUNG<\/h5>\n<h5 style=\"text-align: center;\">Ver\u00e4ndert nach Torset, 2005<\/h5>\n<p style=\"text-align: center;\"><img decoding=\"async\" class=\"alignnone wp-image-5540\" src=\"https:\/\/agripedia.ch\/strategidea\/wp-content\/uploads\/sites\/7\/2022\/05\/10-3_I-kompass-DE.png\" alt=\"\" width=\"422\" height=\"300\" srcset=\"https:\/\/agripedia.ch\/strategidea\/wp-content\/uploads\/sites\/7\/2022\/05\/10-3_I-kompass-DE-200x142.png 200w, https:\/\/agripedia.ch\/strategidea\/wp-content\/uploads\/sites\/7\/2022\/05\/10-3_I-kompass-DE-300x214.png 300w, https:\/\/agripedia.ch\/strategidea\/wp-content\/uploads\/sites\/7\/2022\/05\/10-3_I-kompass-DE-400x284.png 400w, https:\/\/agripedia.ch\/strategidea\/wp-content\/uploads\/sites\/7\/2022\/05\/10-3_I-kompass-DE.png 552w\" sizes=\"(max-width: 422px) 100vw, 422px\" \/><\/p>\n<p>Die Schritte, um eine Pr\u00e4ferenz zu entwickeln, sie mit der Realit\u00e4t und den Ressourcen zu vergleichen und dann eine Entscheidung zu treffen, sind dann eine Frage der <strong>Haltung<\/strong>. Der Entscheidungstr\u00e4ger nimmt abwechselnd eine wertende Haltung ein (welche Option zieht ihn innerlich an, entspricht eher seinen pers\u00f6nlichen Bestrebungen?) und eine faktenorientierte Haltung (Kosten, m\u00f6gliche Misserfolge, Vereinbarkeit mit den Ressourcen und <strong>Beschr\u00e4nkungen<\/strong>, m\u00f6gliche <strong>Abstriche<\/strong>, \u2026). Letztlich geht es darum, Verstand und Gef\u00fchl miteinander zu vereinbaren (Perrot, 2012).<\/p>\n<p>Das Beurteilen wird <strong>Dilemmata<\/strong> hervorbringen. Das hei\u00dft, dass die Alternativen widerspr\u00fcchliche Werte beinhalten (Perrot, 2012). Diese paradoxen Situationen sollten nicht vermieden werden. Das Erleben von Gegens\u00e4tzen f\u00fchrt zu Z\u00f6gern beim Entscheidungstr\u00e4ger, ist aber ein Zeichen daf\u00fcr, dass die Haltung die richtige ist. Dies erm\u00f6glicht eine <strong>klare<\/strong> und m\u00f6glichst <strong>gelassene<\/strong> Beurteilung der Dinge.<\/p>\n<p><span style=\"color: #ffffff;\">_<\/span><\/p>\n<h5><\/h5>\n<p><span style=\"color: #ffffff;\">_<\/span><\/p>\n<\/div><div class=\"fusion-clearfix\"><\/div><\/div><\/div><div class=\"fusion-layout-column fusion_builder_column fusion-builder-column-1 fusion_builder_column_1_1 1_1 fusion-one-full fusion-column-first fusion-column-last\" style=\"--awb-bg-size:cover;\"><div class=\"fusion-column-wrapper fusion-flex-column-wrapper-legacy\"><div class=\"fusion-section-separator section-separator clouds fusion-section-separator-1\" style=\"--awb-spacer-height:99px;--awb-svg-margin-left:0;--awb-svg-margin-right:0;--awb-divider-height:99px;--awb-spacer-padding-top:inherit;--awb-sep-padding:0;--awb-svg-padding:0;\"><div class=\"fusion-section-separator-svg\"><svg class=\"fusion-clouds-candy\" xmlns=\"http:\/\/www.w3.org\/2000\/svg\" version=\"1.1\" width=\"100%\" height=\"100\" viewBox=\"0 0 100 100\" preserveAspectRatio=\"none\" fill=\"rgba(246,246,246,1)\"><path d=\"M-5 100 Q 0 20 5 100 Z\"><\/path>\n\t\t\t\t\t\t\t\t<path d=\"M0 100 Q 5 0 10 100\"><\/path>\n\t\t\t\t\t\t\t\t<path d=\"M5 100 Q 10 30 15 100\"><\/path>\n\t\t\t\t\t\t\t\t<path d=\"M10 100 Q 15 10 20 100\"><\/path>\n\t\t\t\t\t\t\t\t<path d=\"M15 100 Q 20 30 25 100\"><\/path>\n\t\t\t\t\t\t\t\t<path d=\"M20 100 Q 25 -10 30 100\"><\/path>\n\t\t\t\t\t\t\t\t<path d=\"M25 100 Q 30 10 35 100\"><\/path>\n\t\t\t\t\t\t\t\t<path d=\"M30 100 Q 35 30 40 100\"><\/path>\n\t\t\t\t\t\t\t\t<path d=\"M35 100 Q 40 10 45 100\"><\/path>\n\t\t\t\t\t\t\t\t<path d=\"M40 100 Q 45 50 50 100\"><\/path>\n\t\t\t\t\t\t\t\t<path d=\"M45 100 Q 50 20 55 100\"><\/path>\n\t\t\t\t\t\t\t\t<path d=\"M50 100 Q 55 40 60 100\"><\/path>\n\t\t\t\t\t\t\t\t<path d=\"M55 100 Q 60 60 65 100\"><\/path>\n\t\t\t\t\t\t\t\t<path d=\"M60 100 Q 65 50 70 100\"><\/path>\n\t\t\t\t\t\t\t\t<path d=\"M65 100 Q 70 20 75 100\"><\/path>\n\t\t\t\t\t\t\t\t<path d=\"M70 100 Q 75 45 80 100\"><\/path>\n\t\t\t\t\t\t\t\t<path d=\"M75 100 Q 80 30 85 100\"><\/path>\n\t\t\t\t\t\t\t\t<path d=\"M80 100 Q 85 20 90 100\"><\/path>\n\t\t\t\t\t\t\t\t<path d=\"M85 100 Q 90 50 95 100\"><\/path>\n\t\t\t\t\t\t\t\t<path d=\"M90 100 Q 95 25 100 100\"><\/path>\n\t\t\t\t\t\t\t\t<path d=\"M95 100 Q 100 15 105 100 Z\"><\/path><\/svg><\/div><div class=\"fusion-section-separator-spacer\"><div class=\"fusion-section-separator-spacer-height\"><\/div><\/div><\/div><div class=\"fusion-clearfix\"><\/div><\/div><\/div><\/div><\/div><div class=\"fusion-fullwidth fullwidth-box fusion-builder-row-2 nonhundred-percent-fullwidth non-hundred-percent-height-scrolling\" style=\"--awb-border-radius-top-left:0px;--awb-border-radius-top-right:0px;--awb-border-radius-bottom-right:0px;--awb-border-radius-bottom-left:0px;--awb-flex-wrap:wrap;\" ><div class=\"fusion-builder-row fusion-row\"><div class=\"fusion-layout-column fusion_builder_column fusion-builder-column-2 fusion_builder_column_1_1 1_1 fusion-one-full fusion-column-first fusion-column-last\" style=\"--awb-bg-size:cover;\"><div class=\"fusion-column-wrapper fusion-flex-column-wrapper-legacy\"><div class=\"fusion-menu-anchor\" id=\"Boite\"><\/div><div class=\"fusion-text fusion-text-2\"><h3><img decoding=\"async\" class=\"wp-image-1167 alignnone\" src=\"https:\/\/agripedia.ch\/strategidea\/wp-content\/uploads\/sites\/7\/2019\/02\/Logo-rouge-D\u00e9cision-strat\u00e9gique-300x300.png\" alt=\"\" width=\"50\" height=\"50\" srcset=\"https:\/\/agripedia.ch\/strategidea\/wp-content\/uploads\/sites\/7\/2019\/02\/Logo-rouge-D\u00e9cision-strat\u00e9gique-66x66.png 66w, https:\/\/agripedia.ch\/strategidea\/wp-content\/uploads\/sites\/7\/2019\/02\/Logo-rouge-D\u00e9cision-strat\u00e9gique-150x150.png 150w, https:\/\/agripedia.ch\/strategidea\/wp-content\/uploads\/sites\/7\/2019\/02\/Logo-rouge-D\u00e9cision-strat\u00e9gique-200x201.png 200w, https:\/\/agripedia.ch\/strategidea\/wp-content\/uploads\/sites\/7\/2019\/02\/Logo-rouge-D\u00e9cision-strat\u00e9gique-300x300.png 300w, https:\/\/agripedia.ch\/strategidea\/wp-content\/uploads\/sites\/7\/2019\/02\/Logo-rouge-D\u00e9cision-strat\u00e9gique-400x402.png 400w, https:\/\/agripedia.ch\/strategidea\/wp-content\/uploads\/sites\/7\/2019\/02\/Logo-rouge-D\u00e9cision-strat\u00e9gique.png 494w\" sizes=\"(max-width: 50px) 100vw, 50px\" \/> Toolbox<\/h3>\n<\/div><div class=\"fusion-clearfix\"><\/div><\/div><\/div><div class=\"fusion-layout-column fusion_builder_column fusion-builder-column-3 fusion_builder_column_1_2 1_2 fusion-one-half fusion-column-first\" style=\"--awb-bg-size:cover;width:50%;width:calc(50% - ( ( 4% ) * 0.5 ) );margin-right: 4%;\"><div class=\"fusion-column-wrapper fusion-flex-column-wrapper-legacy\"><div class=\"fusion-text fusion-text-3\"><h4><strong>Tool f\u00fcr die Begleitung<br \/>\n<\/strong><\/h4>\n<ul>\n<li><a href=\"https:\/\/agripedia.ch\/strategidea?leaky-paywall-media-download=4117\" target=\"_blank\" rel=\"noopener noreferrer\">Formular: von der\/den Ausgangslage(n) zur strategischen Fragestellung<\/a><\/li>\n<\/ul>\n<\/div><div class=\"fusion-clearfix\"><\/div><\/div><\/div><div class=\"fusion-layout-column fusion_builder_column fusion-builder-column-4 fusion_builder_column_1_2 1_2 fusion-one-half fusion-column-last\" style=\"--awb-bg-size:cover;width:50%;width:calc(50% - ( ( 4% ) * 0.5 ) );\"><div class=\"fusion-column-wrapper fusion-flex-column-wrapper-legacy\"><div class=\"fusion-text fusion-text-4\"><h4><strong>Tools zum Selbstmanagement<\/strong><\/h4>\n<ul>\n<li>Selbstmanagement-\u00dcbung: Fakten und Werte beurteilen [in Bearbeitung]<\/li>\n<li>Selbstmanagement-\u00dcbung: Paradoxa, Dilemmas und Widerspr\u00fcche [in Bearbeitung]<\/li>\n<li>Selbstmanagement-\u00dcbung: Eine Wahl als Alternative zwischen zwei Optionen formulieren [in Bearbeitung]<\/li>\n<\/ul>\n<\/div><div class=\"fusion-clearfix\"><\/div><\/div><\/div><\/div><\/div><\/p>\n","protected":false},"excerpt":{"rendered":"","protected":false},"author":7,"featured_media":0,"parent":2682,"menu_order":3,"comment_status":"closed","ping_status":"closed","template":"100-width.php","meta":{"_sb_is_suggestion_mode":false,"_sb_show_suggestion_boards":false,"_sb_show_comment_boards":false,"_sb_suggestion_history":"","_sb_update_block_changes":"","_monsterinsights_skip_tracking":false,"_monsterinsights_sitenote_active":false,"_monsterinsights_sitenote_note":"","_monsterinsights_sitenote_category":0,"footnotes":""},"class_list":["post-3218","page","type-page","status-publish","hentry"],"_links":{"self":[{"href":"https:\/\/agripedia.ch\/strategidea\/de\/wp-json\/wp\/v2\/pages\/3218","targetHints":{"allow":["GET"]}}],"collection":[{"href":"https:\/\/agripedia.ch\/strategidea\/de\/wp-json\/wp\/v2\/pages"}],"about":[{"href":"https:\/\/agripedia.ch\/strategidea\/de\/wp-json\/wp\/v2\/types\/page"}],"author":[{"embeddable":true,"href":"https:\/\/agripedia.ch\/strategidea\/de\/wp-json\/wp\/v2\/users\/7"}],"replies":[{"embeddable":true,"href":"https:\/\/agripedia.ch\/strategidea\/de\/wp-json\/wp\/v2\/comments?post=3218"}],"version-history":[{"count":14,"href":"https:\/\/agripedia.ch\/strategidea\/de\/wp-json\/wp\/v2\/pages\/3218\/revisions"}],"predecessor-version":[{"id":5911,"href":"https:\/\/agripedia.ch\/strategidea\/de\/wp-json\/wp\/v2\/pages\/3218\/revisions\/5911"}],"up":[{"embeddable":true,"href":"https:\/\/agripedia.ch\/strategidea\/de\/wp-json\/wp\/v2\/pages\/2682"}],"wp:attachment":[{"href":"https:\/\/agripedia.ch\/strategidea\/de\/wp-json\/wp\/v2\/media?parent=3218"}],"curies":[{"name":"wp","href":"https:\/\/api.w.org\/{rel}","templated":true}]}}