{"id":3215,"date":"2019-07-12T07:57:46","date_gmt":"2019-07-12T07:57:46","guid":{"rendered":"https:\/\/agripedia.ch\/strategidea\/?page_id=3215"},"modified":"2024-11-20T15:19:27","modified_gmt":"2024-11-20T15:19:27","slug":"nutzung-der-intuition-bei-der-entscheidungsfindung","status":"publish","type":"page","link":"https:\/\/agripedia.ch\/strategidea\/de\/die-strategische-entscheidung\/nutzung-der-intuition-bei-der-entscheidungsfindung\/","title":{"rendered":"Nutzung der Intuition bei der Entscheidungsfindung"},"content":{"rendered":"<p><div class=\"fusion-fullwidth fullwidth-box fusion-builder-row-1 nonhundred-percent-fullwidth non-hundred-percent-height-scrolling\" style=\"--awb-border-radius-top-left:0px;--awb-border-radius-top-right:0px;--awb-border-radius-bottom-right:0px;--awb-border-radius-bottom-left:0px;--awb-flex-wrap:wrap;\" ><div class=\"fusion-builder-row fusion-row\"><div class=\"fusion-layout-column fusion_builder_column fusion-builder-column-0 fusion_builder_column_1_1 1_1 fusion-one-full fusion-column-first fusion-column-last\" style=\"--awb-bg-size:cover;--awb-margin-bottom:0px;\"><div class=\"fusion-column-wrapper fusion-flex-column-wrapper-legacy\"><div class=\"fusion-text fusion-text-1\"><h3><img decoding=\"async\" class=\"wp-image-1167 alignnone\" src=\"https:\/\/agripedia.ch\/strategidea\/wp-content\/uploads\/sites\/7\/2019\/02\/Logo-rouge-D\u00e9cision-strat\u00e9gique-300x300.png\" alt=\"\" width=\"50\" height=\"50\" srcset=\"https:\/\/agripedia.ch\/strategidea\/wp-content\/uploads\/sites\/7\/2019\/02\/Logo-rouge-D\u00e9cision-strat\u00e9gique-66x66.png 66w, https:\/\/agripedia.ch\/strategidea\/wp-content\/uploads\/sites\/7\/2019\/02\/Logo-rouge-D\u00e9cision-strat\u00e9gique-150x150.png 150w, https:\/\/agripedia.ch\/strategidea\/wp-content\/uploads\/sites\/7\/2019\/02\/Logo-rouge-D\u00e9cision-strat\u00e9gique-200x201.png 200w, https:\/\/agripedia.ch\/strategidea\/wp-content\/uploads\/sites\/7\/2019\/02\/Logo-rouge-D\u00e9cision-strat\u00e9gique-300x300.png 300w, https:\/\/agripedia.ch\/strategidea\/wp-content\/uploads\/sites\/7\/2019\/02\/Logo-rouge-D\u00e9cision-strat\u00e9gique-400x402.png 400w, https:\/\/agripedia.ch\/strategidea\/wp-content\/uploads\/sites\/7\/2019\/02\/Logo-rouge-D\u00e9cision-strat\u00e9gique.png 494w\" sizes=\"(max-width: 50px) 100vw, 50px\" \/> Nutzung der Intuition bei der Entscheidungsfindung<\/h3>\n<blockquote>\n<p><strong>Die situationsbasierte Entscheidungsfindung <\/strong>(Salas, Rosen, & DiazGranados, 2009) <strong>ist ein Ansatz zur strategischen Entscheidungsfindung, bei dem die Intuition den zentralen Entscheidungsmechanismus darstellt. Die Intuition ist f\u00fcr alle komplexen Entscheidungsfindungsprozesse relevant, also insbesondere f\u00fcr strategische Entscheidungen.<\/strong><\/p>\n<\/blockquote>\n<p>Viele Methoden der Entscheidungsfindung konzentrieren ihre Energie auf die \u201eWahl zwischen Optionen\u201c und vernachl\u00e4ssigen die Aufmerksamkeit f\u00fcr die Situation. Bei strategischen Entscheidungen ist es unm\u00f6glich, alle Optionen in einer bestimmten Entscheidungssituation rational zu analysieren. Die Ent-scheidungsfindung wird sich dann auch auf die \u00dcberzeugungen, Emotionen und mentalen Muster des Entscheidungstr\u00e4gers st\u00fctzen.<\/p>\n<p>Intuition ist eine wichtige F\u00e4higkeit, die es uns erm\u00f6glicht, in einer komplexen Situation \u201eklar zu sehen\u201c. Sie ist daher besonders interessant f\u00fcr strategische Entscheidungen.<\/p>\n<p><strong>Wie funktioniert eine auf Intuition basierende Entscheidungsfindung?<\/strong><\/p>\n<p>Bei der situativen Entscheidungsfindung wird die Entscheidung anhand des Verhaltens des Entscheidungstr\u00e4gers in einer realen Situation modelliert, und es wird davon ausgegangen, dass seine oder ihre Intuitionen einen besonderen Einfluss auf den Entscheidungsprozess haben (Lebraty, 2007).<\/p>\n<p>Der Entscheidungstr\u00e4ger vergleicht die Situation instinktiv mit dem, was er oder sie schon einmal erlebt hat. Alles h\u00e4ngt von<strong> seinem eigenen Verst\u00e4ndnis der Situation<\/strong> und seinen <strong>bisherigen Erfahrungen<\/strong> ab.<\/p>\n<p>Die Intuition kommt beim Verstehen der Situation ins Spiel: erstens beim Erkennen von \u201eallgemeinen Mustern\u201c der Situation und zweitens bei den \u201eHandlungsweisen\u201c, die diesen Mustern entsprechen (siehe Abbildung unten). Dieser Abgleich der Situationswahrnehmung (Muster) mit fr\u00fcheren Erfahrungen (fr\u00fchere Handlungsweisen) erfolgt quasi sofort. Der Entscheidungstr\u00e4ger wei\u00df \u201einstinktiv\u201c, was zu tun ist. Das ist das, was man als \u201eBauchgef\u00fchl\u201c bezeichnet.<\/p>\n<\/div><div class=\"fusion-section-separator section-separator slant fusion-section-separator-1\" style=\"--awb-spacer-height:99px;--awb-svg-margin-left:0;--awb-svg-margin-right:0;--awb-divider-height:99px;--awb-spacer-padding-top:inherit;--awb-sep-padding:0;--awb-svg-padding:0;\"><div class=\"fusion-section-separator-svg\"><svg class=\"fusion-slant-candy\" xmlns=\"http:\/\/www.w3.org\/2000\/svg\" version=\"1.1\" width=\"100%\" height=\"100\" viewBox=\"0 0 100 100\" preserveAspectRatio=\"none\" fill=\"rgba(246,246,246,1)\"><path d=\"M100 0 L100 100 L0 0 Z\"><\/path><\/svg><\/div><div class=\"fusion-section-separator-spacer\"><div class=\"fusion-section-separator-spacer-height\"><\/div><\/div><\/div><div class=\"fusion-clearfix\"><\/div><\/div><\/div><div class=\"fusion-layout-column fusion_builder_column fusion-builder-column-1 fusion_builder_column_1_2 1_2 fusion-one-half fusion-column-first\" style=\"--awb-bg-size:cover;width:50%;width:calc(50% - ( ( 4% ) * 0.5 ) );margin-right: 4%;\"><div class=\"fusion-column-wrapper fusion-flex-column-wrapper-legacy\"><div class=\"fusion-text fusion-text-2\"><p>Der Einfluss der Intuition auf die Entscheidungsfindung wird durch die folgenden <strong>Aspekte<\/strong> ausge\u00fcbt (Lebraty, 2007):<\/p>\n<ul>\n<li>Mentale Modelle (oder mentale Schemata) der Situation: Es handelt sich dabei um vereinfachte Darstellungen der Situation, die vom Individuum konstruiert werden.<\/li>\n<li>Erfahrung: Das heisst die Anzahl an \u00e4hnlichen Situationen, die ein Individuum bew\u00e4ltigen musste und die Art und Weise wie es die Abfolge \u00ab Situation \u2013 Handlung \u2013 Wirkung\u201c verinnerlicht hat.<\/li>\n<li>Emotionen: In Situationen, in denen viel auf dem Spiel steht oder ein hohes Risiko besteht, beeinflussen Emotionen die F\u00e4higkeit des Entscheidungstr\u00e4gers, die Situation zu erkennen und eine Handlungsweise mental zu simulieren.<\/li>\n<li>\u00dcberzeugungen: Sie tragen dazu bei, die beabsichtigte Vorgehensweise zu beeinflussen.<\/li>\n<\/ul>\n<\/div><div class=\"fusion-clearfix\"><\/div><\/div><\/div><div class=\"fusion-layout-column fusion_builder_column fusion-builder-column-2 fusion_builder_column_1_2 1_2 fusion-one-half fusion-column-last\" style=\"--awb-bg-size:cover;width:50%;width:calc(50% - ( ( 4% ) * 0.5 ) );\"><div class=\"fusion-column-wrapper fusion-flex-column-wrapper-legacy\"><div class=\"fusion-text fusion-text-3\"><h5><img decoding=\"async\" class=\"size-full wp-image-5553 aligncenter\" src=\"https:\/\/agripedia.ch\/strategidea\/wp-content\/uploads\/sites\/7\/2022\/05\/10-2_I-modell-DE.png\" alt=\"\" width=\"659\" height=\"410\" srcset=\"https:\/\/agripedia.ch\/strategidea\/wp-content\/uploads\/sites\/7\/2022\/05\/10-2_I-modell-DE-200x124.png 200w, https:\/\/agripedia.ch\/strategidea\/wp-content\/uploads\/sites\/7\/2022\/05\/10-2_I-modell-DE-300x187.png 300w, https:\/\/agripedia.ch\/strategidea\/wp-content\/uploads\/sites\/7\/2022\/05\/10-2_I-modell-DE-400x249.png 400w, https:\/\/agripedia.ch\/strategidea\/wp-content\/uploads\/sites\/7\/2022\/05\/10-2_I-modell-DE-600x373.png 600w, https:\/\/agripedia.ch\/strategidea\/wp-content\/uploads\/sites\/7\/2022\/05\/10-2_I-modell-DE.png 659w\" sizes=\"(max-width: 659px) 100vw, 659px\" \/><\/h5>\n<h6 style=\"text-align: center\">MODELL DES ERKENNUNGSPROZESS IN DER STRATEGISCHEN ENTSCHEIDUNGSFINDUNG<br \/>\nbasierend auf (Lebraty, 2007)<\/h6>\n<\/div><div class=\"fusion-clearfix\"><\/div><\/div><\/div><div class=\"fusion-layout-column fusion_builder_column fusion-builder-column-3 fusion_builder_column_1_1 1_1 fusion-one-full fusion-column-first fusion-column-last\" style=\"--awb-bg-size:cover;\"><div class=\"fusion-column-wrapper fusion-flex-column-wrapper-legacy\"><div class=\"fusion-section-separator section-separator bigtriangle fusion-section-separator-2\" style=\"--awb-spacer-height:99px;--awb-svg-margin-left:0;--awb-svg-margin-right:0;--awb-divider-height:99px;--awb-spacer-padding-top:inherit;--awb-sep-padding:0;--awb-svg-padding:0;\"><div class=\"fusion-section-separator-svg\"><svg class=\"fusion-big-triangle-candy\" xmlns=\"http:\/\/www.w3.org\/2000\/svg\" version=\"1.1\" width=\"100%\" height=\"100\" viewBox=\"0 0 100 100\" preserveAspectRatio=\"none\" fill=\"rgba(246,246,246,1)\"><path d=\"M0 100 L25 2 L100 100 Z\"><\/path><\/svg><\/div><div class=\"fusion-section-separator-spacer\"><div class=\"fusion-section-separator-spacer-height\"><\/div><\/div><\/div><div class=\"fusion-text fusion-text-4\"><h4>Entscheidungspraxis<\/h4>\n<p><strong>Der Einsatz von Intuition bei der Entscheidungsfindung setzt voraus, dass man ihre Grenzen und Verbesserungsm\u00f6glichkeiten kennt.<\/strong><\/p>\n<p>Diese werden im Kapitel \u201e<a href=\"https:\/\/agripedia.ch\/strategidea\/de\/die-strategische-intuition\/\">Strategische Intuition<\/a>\u201c erl\u00e4utert, insbesondere in den Abschnitten \u201e<a href=\"https:\/\/agripedia.ch\/strategidea\/de\/die-strategische-intuition\/komplexitaet-verstehen\/\">Umgang mit Komplexit\u00e4t<\/a>\u201c und \u201e<a href=\"https:\/\/agripedia.ch\/strategidea\/de\/die-strategische-intuition\/laesst-sich-intuition-erlernen\/\">Kann man Intuition lernen?<\/a>\u201e.<br \/>\nInsbesondere im Hinblick auf die Entscheidungsfindung sollten Sie auch auf die hier folgenden Punkte achten.<\/p>\n<p>Im Gegensatz zur Untersuchung mehrerer Zukunftsoptionen muss dem gr\u00fcndlichen <strong>Verst\u00e4ndnis der aktuellen Situation<\/strong> gr\u00f6\u00dfere Aufmerksamkeit gewidmet werden. Auf dieser Analyse beruht ein Gro\u00dfteil der Entscheidung. Ein verzerrtes Verst\u00e4ndnis der Situation k\u00f6nnte negative Folgen haben.<\/p>\n<p>Intuition ist kein Widerspruch zu einer gr\u00fcndlichen Analyse des ersten L\u00f6sungsansatzes. Man sollte sich dar\u00fcber im Klaren sein, dass man die erste L\u00f6sung bevorzugen, und die positiven und negativen Auswirkungen in Betracht ziehen sollte. Es kann auch sinnvoll sein, <strong>eine Alternative zu dieser L\u00f6sung zu pr\u00fcfen<\/strong>, indem man die im n\u00e4chsten Kapitel vorgestellte Technik des Urteilsverm\u00f6gens anwendet.<\/p>\n<p>Wenn der Entscheidungstr\u00e4ger die Situation \u00fcberblicken muss, besteht die Gefahr, dass er seine W\u00fcnsche mit seiner Intuition verwechselt. Die Intuition selbst kann zu Fehlern f\u00fchren, wenn sie nicht trainiert und mit der Realit\u00e4t konfrontiert wird. Aus diesem Grund ist es wichtig, <strong>verschiedene komplement\u00e4re Methoden<\/strong> (Intuition, aber auch Analyse, Hinzuziehung von Experten usw.) zu nutzen, um nicht in die Falle zu tappen, und seine<strong> Intuition zu trainieren<\/strong> (vgl. <a href=\"https:\/\/agripedia.ch\/strategidea\/de\/die-strategische-intuition\/laesst-sich-intuition-erlernen\/\">Kann man Intuition lernen?<\/a>). Umgekehrt kann ein Entscheidungstr\u00e4ger, der seine Intuition ignoriert und sich nur auf eine analytische Methode st\u00fctzt, um sein Handeln zu rechtfertigen, auf einen Weg geraten, der ihm eigentlich nicht entspricht.<\/p>\n<p>Sich bei diesen Entscheidungsfindungen auf die Intuition zu verlassen, bedeutet in gewisser Weise, den \u201eAutopiloten\u201c zu nutzen.<\/p>\n<\/div><div class=\"fusion-clearfix\"><\/div><\/div><\/div><div class=\"fusion-layout-column fusion_builder_column fusion-builder-column-4 fusion_builder_column_1_1 1_1 fusion-one-full fusion-column-first fusion-column-last\" style=\"--awb-bg-size:cover;\"><div class=\"fusion-column-wrapper fusion-flex-column-wrapper-legacy\"><div class=\"fusion-section-separator section-separator clouds fusion-section-separator-3\" style=\"--awb-spacer-height:99px;--awb-svg-margin-left:0;--awb-svg-margin-right:0;--awb-divider-height:99px;--awb-spacer-padding-top:inherit;--awb-sep-padding:0;--awb-svg-padding:0;\"><div class=\"fusion-section-separator-svg\"><svg class=\"fusion-clouds-candy\" xmlns=\"http:\/\/www.w3.org\/2000\/svg\" version=\"1.1\" width=\"100%\" height=\"100\" viewBox=\"0 0 100 100\" preserveAspectRatio=\"none\" fill=\"rgba(246,246,246,1)\"><path d=\"M-5 100 Q 0 20 5 100 Z\"><\/path>\n\t\t\t\t\t\t\t\t<path d=\"M0 100 Q 5 0 10 100\"><\/path>\n\t\t\t\t\t\t\t\t<path d=\"M5 100 Q 10 30 15 100\"><\/path>\n\t\t\t\t\t\t\t\t<path d=\"M10 100 Q 15 10 20 100\"><\/path>\n\t\t\t\t\t\t\t\t<path d=\"M15 100 Q 20 30 25 100\"><\/path>\n\t\t\t\t\t\t\t\t<path d=\"M20 100 Q 25 -10 30 100\"><\/path>\n\t\t\t\t\t\t\t\t<path d=\"M25 100 Q 30 10 35 100\"><\/path>\n\t\t\t\t\t\t\t\t<path d=\"M30 100 Q 35 30 40 100\"><\/path>\n\t\t\t\t\t\t\t\t<path d=\"M35 100 Q 40 10 45 100\"><\/path>\n\t\t\t\t\t\t\t\t<path d=\"M40 100 Q 45 50 50 100\"><\/path>\n\t\t\t\t\t\t\t\t<path d=\"M45 100 Q 50 20 55 100\"><\/path>\n\t\t\t\t\t\t\t\t<path d=\"M50 100 Q 55 40 60 100\"><\/path>\n\t\t\t\t\t\t\t\t<path d=\"M55 100 Q 60 60 65 100\"><\/path>\n\t\t\t\t\t\t\t\t<path d=\"M60 100 Q 65 50 70 100\"><\/path>\n\t\t\t\t\t\t\t\t<path d=\"M65 100 Q 70 20 75 100\"><\/path>\n\t\t\t\t\t\t\t\t<path d=\"M70 100 Q 75 45 80 100\"><\/path>\n\t\t\t\t\t\t\t\t<path d=\"M75 100 Q 80 30 85 100\"><\/path>\n\t\t\t\t\t\t\t\t<path d=\"M80 100 Q 85 20 90 100\"><\/path>\n\t\t\t\t\t\t\t\t<path d=\"M85 100 Q 90 50 95 100\"><\/path>\n\t\t\t\t\t\t\t\t<path d=\"M90 100 Q 95 25 100 100\"><\/path>\n\t\t\t\t\t\t\t\t<path d=\"M95 100 Q 100 15 105 100 Z\"><\/path><\/svg><\/div><div class=\"fusion-section-separator-spacer\"><div class=\"fusion-section-separator-spacer-height\"><\/div><\/div><\/div><div class=\"fusion-clearfix\"><\/div><\/div><\/div><\/div><\/div><div class=\"fusion-fullwidth fullwidth-box fusion-builder-row-2 nonhundred-percent-fullwidth non-hundred-percent-height-scrolling\" style=\"--awb-border-radius-top-left:0px;--awb-border-radius-top-right:0px;--awb-border-radius-bottom-right:0px;--awb-border-radius-bottom-left:0px;--awb-flex-wrap:wrap;\" ><div class=\"fusion-builder-row fusion-row\"><div class=\"fusion-layout-column fusion_builder_column fusion-builder-column-5 fusion_builder_column_1_1 1_1 fusion-one-full fusion-column-first fusion-column-last\" style=\"--awb-bg-size:cover;\"><div class=\"fusion-column-wrapper fusion-flex-column-wrapper-legacy\"><div class=\"fusion-menu-anchor\" id=\"Boite\"><\/div><div class=\"fusion-text fusion-text-5\"><h3><img decoding=\"async\" class=\"wp-image-1167 alignnone\" src=\"https:\/\/agripedia.ch\/strategidea\/wp-content\/uploads\/sites\/7\/2019\/02\/Logo-rouge-D\u00e9cision-strat\u00e9gique-300x300.png\" alt=\"\" width=\"50\" height=\"50\" srcset=\"https:\/\/agripedia.ch\/strategidea\/wp-content\/uploads\/sites\/7\/2019\/02\/Logo-rouge-D\u00e9cision-strat\u00e9gique-66x66.png 66w, https:\/\/agripedia.ch\/strategidea\/wp-content\/uploads\/sites\/7\/2019\/02\/Logo-rouge-D\u00e9cision-strat\u00e9gique-150x150.png 150w, https:\/\/agripedia.ch\/strategidea\/wp-content\/uploads\/sites\/7\/2019\/02\/Logo-rouge-D\u00e9cision-strat\u00e9gique-200x201.png 200w, https:\/\/agripedia.ch\/strategidea\/wp-content\/uploads\/sites\/7\/2019\/02\/Logo-rouge-D\u00e9cision-strat\u00e9gique-300x300.png 300w, https:\/\/agripedia.ch\/strategidea\/wp-content\/uploads\/sites\/7\/2019\/02\/Logo-rouge-D\u00e9cision-strat\u00e9gique-400x402.png 400w, https:\/\/agripedia.ch\/strategidea\/wp-content\/uploads\/sites\/7\/2019\/02\/Logo-rouge-D\u00e9cision-strat\u00e9gique.png 494w\" sizes=\"(max-width: 50px) 100vw, 50px\" \/> Tool box<\/h3>\n<\/div><div class=\"fusion-clearfix\"><\/div><\/div><\/div><div class=\"fusion-layout-column fusion_builder_column fusion-builder-column-6 fusion_builder_column_1_2 1_2 fusion-one-half fusion-column-first\" style=\"--awb-bg-size:cover;width:50%;width:calc(50% - ( ( 4% ) * 0.5 ) );margin-right: 4%;\"><div class=\"fusion-column-wrapper fusion-flex-column-wrapper-legacy\"><div class=\"fusion-text fusion-text-6\"><h4>Visuelle Vorstellung bei der Entscheidungsfindung f\u00f6rdern<\/h4>\n<ul>\n<li><a href=\"https:\/\/agridea.abacuscity.ch\/de\/A~3342~1\/3~310110~Shop\/Publikationen\/Betrieb-Familie-Diversifizierung\/Betriebsplanung-Buchhaltung\/Methodenblatt%3A-Photolangage-in-der-Landwirtschaft\/Fran%C3%A7ais\/Print-papier\" target=\"_blank\" rel=\"noopener noreferrer\">Methodenblatt: Photolangage in der Landwirtschaft\u00a0 <\/a><a href=\"https:\/\/agridea.abacuscity.ch\/de\/A~3342~1\/3~310110~Shop\/Publikationen\/Betrieb-Familie-Diversifizierung\/Betriebsplanung-Buchhaltung\/Methodenblatt%3A-Photolangage-in-der-Landwirtschaft\/Fran%C3%A7ais\/Print-papier\" target=\"_blank\" rel=\"noopener noreferrer\">(3. Ziel)<\/a><\/li>\n<\/ul>\n<\/div><div class=\"fusion-clearfix\"><\/div><\/div><\/div><div class=\"fusion-layout-column fusion_builder_column fusion-builder-column-7 fusion_builder_column_1_2 1_2 fusion-one-half fusion-column-last\" style=\"--awb-bg-size:cover;width:50%;width:calc(50% - ( ( 4% ) * 0.5 ) );\"><div class=\"fusion-column-wrapper fusion-flex-column-wrapper-legacy\"><div class=\"fusion-text fusion-text-7\"><h4>F\u00f6rderung der situativen Entscheidungsfindung<\/h4>\n<ul>\n<li><a href=\"https:\/\/agripedia.ch\/strategidea?leaky-paywall-media-download=4088\" target=\"_blank\" rel=\"noopener noreferrer\">Selbstmanagement \u00dcbung R\u00fcckblick auf vergangene Entscheidungen<\/a><\/li>\n<li><a href=\"https:\/\/agripedia.ch\/strategidea?leaky-paywall-media-download=3824\" target=\"_blank\" rel=\"noopener noreferrer\">Selbstmanagement \u00dcbung : 10 Fragen zur F\u00e4llung einer strategischen Entscheidung<\/a><\/li>\n<\/ul>\n<\/div><div class=\"fusion-clearfix\"><\/div><\/div><\/div><\/div><\/div><\/p>\n","protected":false},"excerpt":{"rendered":"","protected":false},"author":7,"featured_media":0,"parent":2682,"menu_order":2,"comment_status":"closed","ping_status":"closed","template":"100-width.php","meta":{"_sb_is_suggestion_mode":false,"_sb_show_suggestion_boards":false,"_sb_show_comment_boards":false,"_sb_suggestion_history":"","_sb_update_block_changes":"","_monsterinsights_skip_tracking":false,"_monsterinsights_sitenote_active":false,"_monsterinsights_sitenote_note":"","_monsterinsights_sitenote_category":0,"footnotes":""},"class_list":["post-3215","page","type-page","status-publish","hentry"],"_links":{"self":[{"href":"https:\/\/agripedia.ch\/strategidea\/de\/wp-json\/wp\/v2\/pages\/3215","targetHints":{"allow":["GET"]}}],"collection":[{"href":"https:\/\/agripedia.ch\/strategidea\/de\/wp-json\/wp\/v2\/pages"}],"about":[{"href":"https:\/\/agripedia.ch\/strategidea\/de\/wp-json\/wp\/v2\/types\/page"}],"author":[{"embeddable":true,"href":"https:\/\/agripedia.ch\/strategidea\/de\/wp-json\/wp\/v2\/users\/7"}],"replies":[{"embeddable":true,"href":"https:\/\/agripedia.ch\/strategidea\/de\/wp-json\/wp\/v2\/comments?post=3215"}],"version-history":[{"count":16,"href":"https:\/\/agripedia.ch\/strategidea\/de\/wp-json\/wp\/v2\/pages\/3215\/revisions"}],"predecessor-version":[{"id":5660,"href":"https:\/\/agripedia.ch\/strategidea\/de\/wp-json\/wp\/v2\/pages\/3215\/revisions\/5660"}],"up":[{"embeddable":true,"href":"https:\/\/agripedia.ch\/strategidea\/de\/wp-json\/wp\/v2\/pages\/2682"}],"wp:attachment":[{"href":"https:\/\/agripedia.ch\/strategidea\/de\/wp-json\/wp\/v2\/media?parent=3215"}],"curies":[{"name":"wp","href":"https:\/\/api.w.org\/{rel}","templated":true}]}}