{"id":3203,"date":"2019-07-12T07:56:01","date_gmt":"2019-07-12T07:56:01","guid":{"rendered":"https:\/\/agripedia.ch\/strategidea\/?page_id=3203"},"modified":"2024-11-19T15:38:28","modified_gmt":"2024-11-19T15:38:28","slug":"les-scenarios-a-traduire","status":"publish","type":"page","link":"https:\/\/agripedia.ch\/strategidea\/de\/die-perspektiven\/les-scenarios-a-traduire\/","title":{"rendered":"Die Szenarien"},"content":{"rendered":"<p><div class=\"fusion-fullwidth fullwidth-box fusion-builder-row-1 nonhundred-percent-fullwidth non-hundred-percent-height-scrolling\" style=\"--awb-border-radius-top-left:0px;--awb-border-radius-top-right:0px;--awb-border-radius-bottom-right:0px;--awb-border-radius-bottom-left:0px;--awb-flex-wrap:wrap;\" ><div class=\"fusion-builder-row fusion-row\"><div class=\"fusion-layout-column fusion_builder_column fusion-builder-column-0 fusion_builder_column_1_1 1_1 fusion-one-full fusion-column-first fusion-column-last\" style=\"--awb-bg-size:cover;--awb-margin-bottom:0px;\"><div class=\"fusion-column-wrapper fusion-flex-column-wrapper-legacy\"><div class=\"fusion-text fusion-text-1\"><h3><img decoding=\"async\" class=\"alignnone wp-image-916\" src=\"https:\/\/agripedia.ch\/strategidea\/wp-content\/uploads\/sites\/7\/2018\/11\/Logo-rouge-sc\u00e9nario-300x300.png\" alt=\"\" width=\"50\" height=\"50\" srcset=\"https:\/\/agripedia.ch\/strategidea\/wp-content\/uploads\/sites\/7\/2018\/11\/Logo-rouge-sc\u00e9nario-66x66.png 66w, https:\/\/agripedia.ch\/strategidea\/wp-content\/uploads\/sites\/7\/2018\/11\/Logo-rouge-sc\u00e9nario-150x150.png 150w, https:\/\/agripedia.ch\/strategidea\/wp-content\/uploads\/sites\/7\/2018\/11\/Logo-rouge-sc\u00e9nario-200x200.png 200w, https:\/\/agripedia.ch\/strategidea\/wp-content\/uploads\/sites\/7\/2018\/11\/Logo-rouge-sc\u00e9nario-300x300.png 300w, https:\/\/agripedia.ch\/strategidea\/wp-content\/uploads\/sites\/7\/2018\/11\/Logo-rouge-sc\u00e9nario-400x399.png 400w, https:\/\/agripedia.ch\/strategidea\/wp-content\/uploads\/sites\/7\/2018\/11\/Logo-rouge-sc\u00e9nario-600x599.png 600w, https:\/\/agripedia.ch\/strategidea\/wp-content\/uploads\/sites\/7\/2018\/11\/Logo-rouge-sc\u00e9nario.png 613w\" sizes=\"(max-width: 50px) 100vw, 50px\" \/> Die Szenarien<\/h3>\n<blockquote>\n<p>Ein Szenario besteht aus der Beschreibung einer zuk\u00fcnftigen Situation und dem Verlauf der Ereignisse, die es uns erm\u00f6glichen, von der urspr\u00fcnglichen Situation zur zuk\u00fcnftigen Situation zu gelangen. Es sollte ber\u00fccksichtigt werden, dass diese Reihe von Ereignissen eine gewisse Koh\u00e4renz aufweisen muss (Godet, Cahiers du Lipsor n\u00b05 \u2013 La bo\u00eete \u00e0 outils de prospective strat\u00e9gique, 2004).<\/p>\n<\/blockquote>\n<p>Die Ausarbeitung von Zukunftsszenarien (f\u00fcr die Reflexion) ist sowohl eine \u00dcbung f\u00fcr die <strong>Synthese<\/strong> als auch f\u00fcr die <strong>Vorstellungskraft<\/strong>.<\/p>\n<p>Das Szenario geht von der gegenw\u00e4rtigen Situation aus und zeigt Schritt f\u00fcr Schritt, wie sich der zuk\u00fcnftige Zustand plausibel aus der Gegenwart ergeben k\u00f6nnte. Sie ist ein Instrument der Antizipation zwischen strategischem Denken und Planung. Sie bildet die Elemente des strategischen Denkens (Koh\u00e4renz) ab und ist die Vorstufe der Entscheidung f\u00fcr eine strategische Option.<\/p>\n<p>Der Betriebsleiter sollte die Elemente und Gewichte im Unternehmen ermittelt haben, die das Gesamtsystem gef\u00e4hrden w\u00fcrden. Damit kann er sich auf Entwicklungen konzentrieren, die diese wichtigen Elemente beeintr\u00e4chtigen k\u00f6nnten.<\/p>\n<p>Die Aufgabe eines Szenarios besteht darin <strong>m\u00f6gliche Reaktionen<\/strong> auf wahrscheinliche (aber nicht sichere und nicht unbedingt erw\u00fcnschte) <strong>Ereignisse<\/strong> zu <strong>simulieren<\/strong> (antizipieren).<\/p>\n<p>Ein wahrscheinliches zuk\u00fcnftiges Ereignis wird charakterisiert durch:<\/p>\n<ul>\n<li>Eine Beschreibung des Ereignisses: Worum handelt es sich, was ist sein Ursprung (intern oder extern)? Handelt es sich um ein Risiko oder eine Chance?<\/li>\n<li>Ein Termin.<\/li>\n<li>Eine Wahrscheinlichkeit.<\/li>\n<\/ul>\n<p>Bei der Erstellung von Szenarien nimmt der Betriebsleiter eher eine reaktive als eine proaktive Haltung ein. Sie suggeriert, dass es das Ereignis ist, das die Entscheidung ausl\u00f6st. Dies ist eine restriktive Sichtweise des Szenarios. Aus diesem Grund sollte der der vorausschauende Aspekt des Szenarios nicht vergessen werden. Der Unternehmensleiter ist auch proaktiv. Das hei\u00dft, seine Entscheidungen k\u00f6nnen die Zukunft beeinflussen.<\/p>\n<h5>Zitate<\/h5>\n<p><em>\u201eDer Betriebsleiter weiss, dass das Szenario, das er sich vorstellt nicht eintreten wird. Er weiss aber auch, dass er ohne eine Vorstellung seiner Zukunft nicht in der Lage sein wird sich an die Ereignisse anzupassen.\u201c (Perrot, 2012)<\/em><\/p>\n<p><em>\u201eAuch wenn der Zweck eines Szenarios nicht darin besteht die Zukunft vorherzusagen, so dient es dazu die M\u00f6glichkeiten einer bestimmten Zukunft aufzuzeigen, indem eine logische Abfolge von Ereignissen skizziert wird, die wahrscheinlich zu dieser Zukunft f\u00fchren werden.\u201c (Hetman, 1969)<\/em><\/p>\n<\/div><div class=\"fusion-section-separator section-separator clouds fusion-section-separator-1\" style=\"--awb-spacer-height:99px;--awb-svg-margin-left:0;--awb-svg-margin-right:0;--awb-divider-height:99px;--awb-spacer-padding-top:inherit;--awb-sep-padding:0;--awb-svg-padding:0;\"><div class=\"fusion-section-separator-svg\"><svg class=\"fusion-clouds-candy\" xmlns=\"http:\/\/www.w3.org\/2000\/svg\" version=\"1.1\" width=\"100%\" height=\"100\" viewBox=\"0 0 100 100\" preserveAspectRatio=\"none\" fill=\"rgba(246,246,246,1)\"><path d=\"M-5 100 Q 0 20 5 100 Z\"><\/path>\n\t\t\t\t\t\t\t\t<path d=\"M0 100 Q 5 0 10 100\"><\/path>\n\t\t\t\t\t\t\t\t<path d=\"M5 100 Q 10 30 15 100\"><\/path>\n\t\t\t\t\t\t\t\t<path d=\"M10 100 Q 15 10 20 100\"><\/path>\n\t\t\t\t\t\t\t\t<path d=\"M15 100 Q 20 30 25 100\"><\/path>\n\t\t\t\t\t\t\t\t<path d=\"M20 100 Q 25 -10 30 100\"><\/path>\n\t\t\t\t\t\t\t\t<path d=\"M25 100 Q 30 10 35 100\"><\/path>\n\t\t\t\t\t\t\t\t<path d=\"M30 100 Q 35 30 40 100\"><\/path>\n\t\t\t\t\t\t\t\t<path d=\"M35 100 Q 40 10 45 100\"><\/path>\n\t\t\t\t\t\t\t\t<path d=\"M40 100 Q 45 50 50 100\"><\/path>\n\t\t\t\t\t\t\t\t<path d=\"M45 100 Q 50 20 55 100\"><\/path>\n\t\t\t\t\t\t\t\t<path d=\"M50 100 Q 55 40 60 100\"><\/path>\n\t\t\t\t\t\t\t\t<path d=\"M55 100 Q 60 60 65 100\"><\/path>\n\t\t\t\t\t\t\t\t<path d=\"M60 100 Q 65 50 70 100\"><\/path>\n\t\t\t\t\t\t\t\t<path d=\"M65 100 Q 70 20 75 100\"><\/path>\n\t\t\t\t\t\t\t\t<path d=\"M70 100 Q 75 45 80 100\"><\/path>\n\t\t\t\t\t\t\t\t<path d=\"M75 100 Q 80 30 85 100\"><\/path>\n\t\t\t\t\t\t\t\t<path d=\"M80 100 Q 85 20 90 100\"><\/path>\n\t\t\t\t\t\t\t\t<path d=\"M85 100 Q 90 50 95 100\"><\/path>\n\t\t\t\t\t\t\t\t<path d=\"M90 100 Q 95 25 100 100\"><\/path>\n\t\t\t\t\t\t\t\t<path d=\"M95 100 Q 100 15 105 100 Z\"><\/path><\/svg><\/div><div class=\"fusion-section-separator-spacer\"><div class=\"fusion-section-separator-spacer-height\"><\/div><\/div><\/div><div class=\"fusion-clearfix\"><\/div><\/div><\/div><\/div><\/div><div class=\"fusion-fullwidth fullwidth-box fusion-builder-row-2 nonhundred-percent-fullwidth non-hundred-percent-height-scrolling\" style=\"--awb-border-radius-top-left:0px;--awb-border-radius-top-right:0px;--awb-border-radius-bottom-right:0px;--awb-border-radius-bottom-left:0px;--awb-flex-wrap:wrap;\" ><div class=\"fusion-builder-row fusion-row\"><div class=\"fusion-layout-column fusion_builder_column fusion-builder-column-1 fusion_builder_column_1_1 1_1 fusion-one-full fusion-column-first fusion-column-last\" style=\"--awb-bg-size:cover;\"><div class=\"fusion-column-wrapper fusion-flex-column-wrapper-legacy\"><div class=\"fusion-menu-anchor\" id=\"Boite\"><\/div><div class=\"fusion-text fusion-text-2\"><h3><img decoding=\"async\" class=\"alignnone wp-image-916\" src=\"https:\/\/agripedia.ch\/strategidea\/wp-content\/uploads\/sites\/7\/2018\/11\/Logo-rouge-sc\u00e9nario-300x300.png\" alt=\"\" width=\"50\" height=\"50\" srcset=\"https:\/\/agripedia.ch\/strategidea\/wp-content\/uploads\/sites\/7\/2018\/11\/Logo-rouge-sc\u00e9nario-66x66.png 66w, https:\/\/agripedia.ch\/strategidea\/wp-content\/uploads\/sites\/7\/2018\/11\/Logo-rouge-sc\u00e9nario-150x150.png 150w, https:\/\/agripedia.ch\/strategidea\/wp-content\/uploads\/sites\/7\/2018\/11\/Logo-rouge-sc\u00e9nario-200x200.png 200w, https:\/\/agripedia.ch\/strategidea\/wp-content\/uploads\/sites\/7\/2018\/11\/Logo-rouge-sc\u00e9nario-300x300.png 300w, https:\/\/agripedia.ch\/strategidea\/wp-content\/uploads\/sites\/7\/2018\/11\/Logo-rouge-sc\u00e9nario-400x399.png 400w, https:\/\/agripedia.ch\/strategidea\/wp-content\/uploads\/sites\/7\/2018\/11\/Logo-rouge-sc\u00e9nario-600x599.png 600w, https:\/\/agripedia.ch\/strategidea\/wp-content\/uploads\/sites\/7\/2018\/11\/Logo-rouge-sc\u00e9nario.png 613w\" sizes=\"(max-width: 50px) 100vw, 50px\" \/>\u00a0 Toolbox<strong><br \/>\n<\/strong><\/h3>\n<div class=\"textbox exercises\">\n<h4>Szenarios konstruieren<\/h4>\n<ul>\n<li><a href=\"https:\/\/agripedia.ch\/strategidea?leaky-paywall-media-download=3886\" target=\"_blank\" rel=\"noopener noreferrer\">Praxisleitfaden: Szenarios konstruieren<\/a><\/li>\n<li><a href=\"https:\/\/agripedia.ch\/strategidea?leaky-paywall-media-download=3884\" target=\"_blank\" rel=\"noopener noreferrer\">Formular: Szenarien konstruieren<\/a><\/li>\n<\/ul>\n<\/div>\n<\/div><div class=\"fusion-clearfix\"><\/div><\/div><\/div><\/div><\/div><\/p>\n","protected":false},"excerpt":{"rendered":"","protected":false},"author":7,"featured_media":0,"parent":2679,"menu_order":2,"comment_status":"closed","ping_status":"closed","template":"100-width.php","meta":{"_sb_is_suggestion_mode":false,"_sb_show_suggestion_boards":false,"_sb_show_comment_boards":false,"_sb_suggestion_history":"","_sb_update_block_changes":"","_monsterinsights_skip_tracking":false,"_monsterinsights_sitenote_active":false,"_monsterinsights_sitenote_note":"","_monsterinsights_sitenote_category":0,"footnotes":""},"class_list":["post-3203","page","type-page","status-publish","hentry"],"_links":{"self":[{"href":"https:\/\/agripedia.ch\/strategidea\/de\/wp-json\/wp\/v2\/pages\/3203","targetHints":{"allow":["GET"]}}],"collection":[{"href":"https:\/\/agripedia.ch\/strategidea\/de\/wp-json\/wp\/v2\/pages"}],"about":[{"href":"https:\/\/agripedia.ch\/strategidea\/de\/wp-json\/wp\/v2\/types\/page"}],"author":[{"embeddable":true,"href":"https:\/\/agripedia.ch\/strategidea\/de\/wp-json\/wp\/v2\/users\/7"}],"replies":[{"embeddable":true,"href":"https:\/\/agripedia.ch\/strategidea\/de\/wp-json\/wp\/v2\/comments?post=3203"}],"version-history":[{"count":8,"href":"https:\/\/agripedia.ch\/strategidea\/de\/wp-json\/wp\/v2\/pages\/3203\/revisions"}],"predecessor-version":[{"id":6587,"href":"https:\/\/agripedia.ch\/strategidea\/de\/wp-json\/wp\/v2\/pages\/3203\/revisions\/6587"}],"up":[{"embeddable":true,"href":"https:\/\/agripedia.ch\/strategidea\/de\/wp-json\/wp\/v2\/pages\/2679"}],"wp:attachment":[{"href":"https:\/\/agripedia.ch\/strategidea\/de\/wp-json\/wp\/v2\/media?parent=3203"}],"curies":[{"name":"wp","href":"https:\/\/api.w.org\/{rel}","templated":true}]}}