{"id":3197,"date":"2019-07-12T07:55:20","date_gmt":"2019-07-12T07:55:20","guid":{"rendered":"https:\/\/agripedia.ch\/strategidea\/?page_id=3197"},"modified":"2022-02-04T16:58:41","modified_gmt":"2022-02-04T16:58:41","slug":"analyse-des-mikro-umfelds","status":"publish","type":"page","link":"https:\/\/agripedia.ch\/strategidea\/de\/die-externe-strategische-analyse\/analyse-des-mikro-umfelds\/","title":{"rendered":"Analyse des Mikro-Umfelds"},"content":{"rendered":"<p><div class=\"fusion-fullwidth fullwidth-box fusion-builder-row-1 nonhundred-percent-fullwidth non-hundred-percent-height-scrolling\" style=\"--awb-border-radius-top-left:0px;--awb-border-radius-top-right:0px;--awb-border-radius-bottom-right:0px;--awb-border-radius-bottom-left:0px;--awb-flex-wrap:wrap;\" ><div class=\"fusion-builder-row fusion-row\"><div class=\"fusion-layout-column fusion_builder_column fusion-builder-column-0 fusion_builder_column_1_1 1_1 fusion-one-full fusion-column-first fusion-column-last\" style=\"--awb-bg-size:cover;--awb-margin-bottom:0px;\"><div class=\"fusion-column-wrapper fusion-flex-column-wrapper-legacy\"><div class=\"fusion-text fusion-text-1\"><h3><img decoding=\"async\" class=\"alignnone wp-image-1494\" src=\"https:\/\/agripedia.ch\/strategidea\/wp-content\/uploads\/sites\/7\/2019\/02\/Index_7_2_Analyse-micro-env.png\" alt=\"\" width=\"50\" height=\"50\" srcset=\"https:\/\/agripedia.ch\/strategidea\/wp-content\/uploads\/sites\/7\/2019\/02\/Index_7_2_Analyse-micro-env-66x66.png 66w, https:\/\/agripedia.ch\/strategidea\/wp-content\/uploads\/sites\/7\/2019\/02\/Index_7_2_Analyse-micro-env-150x150.png 150w, https:\/\/agripedia.ch\/strategidea\/wp-content\/uploads\/sites\/7\/2019\/02\/Index_7_2_Analyse-micro-env-200x200.png 200w, https:\/\/agripedia.ch\/strategidea\/wp-content\/uploads\/sites\/7\/2019\/02\/Index_7_2_Analyse-micro-env-300x300.png 300w, https:\/\/agripedia.ch\/strategidea\/wp-content\/uploads\/sites\/7\/2019\/02\/Index_7_2_Analyse-micro-env.png 347w\" sizes=\"(max-width: 50px) 100vw, 50px\" \/> Analyse des Mikro-Umfelds<\/h3>\n<blockquote>\n<p>Das Mikro-Umfeld setzt sich aus allen Akteuren zusammen, welche die strategischen Entscheidungen des Betriebs direkt beeinflussen und auf welche der Betrieb seinerseits Einfluss nehmen kann. Anders gesagt: Es handelt sich um das enge Beziehungsnetzwerk, das s\u00e4mtliche Personen und Institutionen umfasst, mit denen der Betrieb in regelm\u00e4ssigem Kontakt steht.<\/p>\n<\/blockquote>\n<p>Das Mikro-Umfeld ist unternehmen<strong>spezifisch<\/strong>. Die Beziehungsnetzwerke (Partner, Akteure) k\u00f6nnen aber wie folgt gegliedert werden:<\/p>\n<ul>\n<li>Wirtschaftliches Netzwerk: Kunden, Lieferanten, Kreditgeber, Vertriebsnetzwerk, Konkurrenten usw.;<\/li>\n<li>Ressourcen- und Kompetenzen-Netzwerk: Angeh\u00f6rige, Kollegen, Berater, auf die sich der Betriebsleiter st\u00fctzen kann oder mit denen er zusammenarbeitet usw.;<\/li>\n<li>Institutionelle Partnernetzwerke: Beh\u00f6rden, Treuhandstellen, Versicherungen, Organisationen und Fachgruppen usw.<\/li>\n<\/ul>\n<p>Der Betrieb ist durch \u201evertraglich\u201c geregelte Entscheidungen, d.\u00a0h. durch freiwillige Beschl\u00fcsse (m\u00fcndliche oder schriftliche), an diese verschiedenen Akteure gebunden, die ihm ihnen gegen\u00fcber entsprechende Rechte verleihen und Pflichten auferlegen.<\/p>\n<p>In Bezug auf die wirtschaftlichen Beziehungen ist die Unterscheidung zwischen Mikro- und Makro-Umfeld besonders klar: die M\u00e4rkte, auf denen der Betrieb seine Produkte absetzt, entsprechen den Rahmenbedingungen (Makro-Umfeld). Die Vertr\u00e4ge zwischen den Wirtschaftsakteuren betreffen das enge Beziehungsnetzwerk (Mikro-Umfeld).<\/p>\n<p>Die Beziehungsnetzwerke m\u00fcssen angegangen werden, indem man sich f\u00fcr jeden Partner die Frage stellt, ob der \u201eVertrag\u201c wirklich interessant ist oder ob er ungeachtet seiner M\u00e4ngel aus Gewohnheit oder aus einer Verpflichtung heraus aufrechterhalten wird. Die geplanten Entwicklungs-, Verbesserungs- oder Anpassungsm\u00f6glichkeiten m\u00fcssen auch aufgezeigt werden.<\/p>\n<\/div><div class=\"fusion-clearfix\"><\/div><\/div><\/div><div class=\"fusion-layout-column fusion_builder_column fusion-builder-column-1 fusion_builder_column_1_2 1_2 fusion-one-half fusion-column-first\" style=\"--awb-bg-size:cover;width:50%;width:calc(50% - ( ( 4% ) * 0.5 ) );margin-right: 4%;\"><div class=\"fusion-column-wrapper fusion-flex-column-wrapper-legacy\"><div class=\"fusion-clearfix\"><\/div><\/div><\/div><div class=\"fusion-layout-column fusion_builder_column fusion-builder-column-2 fusion_builder_column_1_2 1_2 fusion-one-half fusion-column-last\" style=\"--awb-bg-size:cover;width:50%;width:calc(50% - ( ( 4% ) * 0.5 ) );\"><div class=\"fusion-column-wrapper fusion-flex-column-wrapper-legacy\"><div class=\"fusion-clearfix\"><\/div><\/div><\/div><div class=\"fusion-layout-column fusion_builder_column fusion-builder-column-3 fusion_builder_column_1_1 1_1 fusion-one-full fusion-column-first fusion-column-last\" style=\"--awb-bg-size:cover;\"><div class=\"fusion-column-wrapper fusion-flex-column-wrapper-legacy\"><div class=\"fusion-section-separator section-separator clouds fusion-section-separator-1\" style=\"--awb-spacer-height:99px;--awb-svg-margin-left:0;--awb-svg-margin-right:0;--awb-divider-height:99px;--awb-spacer-padding-top:inherit;--awb-sep-padding:0;--awb-svg-padding:0;\"><div class=\"fusion-section-separator-svg\"><svg class=\"fusion-clouds-candy\" xmlns=\"http:\/\/www.w3.org\/2000\/svg\" version=\"1.1\" width=\"100%\" height=\"100\" viewBox=\"0 0 100 100\" preserveAspectRatio=\"none\" fill=\"rgba(246,246,246,1)\"><path d=\"M-5 100 Q 0 20 5 100 Z\"><\/path>\n\t\t\t\t\t\t\t\t<path d=\"M0 100 Q 5 0 10 100\"><\/path>\n\t\t\t\t\t\t\t\t<path d=\"M5 100 Q 10 30 15 100\"><\/path>\n\t\t\t\t\t\t\t\t<path d=\"M10 100 Q 15 10 20 100\"><\/path>\n\t\t\t\t\t\t\t\t<path d=\"M15 100 Q 20 30 25 100\"><\/path>\n\t\t\t\t\t\t\t\t<path d=\"M20 100 Q 25 -10 30 100\"><\/path>\n\t\t\t\t\t\t\t\t<path d=\"M25 100 Q 30 10 35 100\"><\/path>\n\t\t\t\t\t\t\t\t<path d=\"M30 100 Q 35 30 40 100\"><\/path>\n\t\t\t\t\t\t\t\t<path d=\"M35 100 Q 40 10 45 100\"><\/path>\n\t\t\t\t\t\t\t\t<path d=\"M40 100 Q 45 50 50 100\"><\/path>\n\t\t\t\t\t\t\t\t<path d=\"M45 100 Q 50 20 55 100\"><\/path>\n\t\t\t\t\t\t\t\t<path d=\"M50 100 Q 55 40 60 100\"><\/path>\n\t\t\t\t\t\t\t\t<path d=\"M55 100 Q 60 60 65 100\"><\/path>\n\t\t\t\t\t\t\t\t<path d=\"M60 100 Q 65 50 70 100\"><\/path>\n\t\t\t\t\t\t\t\t<path d=\"M65 100 Q 70 20 75 100\"><\/path>\n\t\t\t\t\t\t\t\t<path d=\"M70 100 Q 75 45 80 100\"><\/path>\n\t\t\t\t\t\t\t\t<path d=\"M75 100 Q 80 30 85 100\"><\/path>\n\t\t\t\t\t\t\t\t<path d=\"M80 100 Q 85 20 90 100\"><\/path>\n\t\t\t\t\t\t\t\t<path d=\"M85 100 Q 90 50 95 100\"><\/path>\n\t\t\t\t\t\t\t\t<path d=\"M90 100 Q 95 25 100 100\"><\/path>\n\t\t\t\t\t\t\t\t<path d=\"M95 100 Q 100 15 105 100 Z\"><\/path><\/svg><\/div><div class=\"fusion-section-separator-spacer\"><div class=\"fusion-section-separator-spacer-height\"><\/div><\/div><\/div><div class=\"fusion-clearfix\"><\/div><\/div><\/div><\/div><\/div><div class=\"fusion-fullwidth fullwidth-box fusion-builder-row-2 nonhundred-percent-fullwidth non-hundred-percent-height-scrolling\" style=\"--awb-border-radius-top-left:0px;--awb-border-radius-top-right:0px;--awb-border-radius-bottom-right:0px;--awb-border-radius-bottom-left:0px;--awb-flex-wrap:wrap;\" ><div class=\"fusion-builder-row fusion-row\"><div class=\"fusion-layout-column fusion_builder_column fusion-builder-column-4 fusion_builder_column_1_1 1_1 fusion-one-full fusion-column-first fusion-column-last\" style=\"--awb-bg-size:cover;\"><div class=\"fusion-column-wrapper fusion-flex-column-wrapper-legacy\"><div class=\"fusion-menu-anchor\" id=\"Boite\"><\/div><div class=\"fusion-text fusion-text-2\"><h3><img decoding=\"async\" class=\"alignnone wp-image-1494\" src=\"https:\/\/agripedia.ch\/strategidea\/wp-content\/uploads\/sites\/7\/2019\/02\/Index_7_2_Analyse-micro-env.png\" alt=\"\" width=\"50\" height=\"50\" srcset=\"https:\/\/agripedia.ch\/strategidea\/wp-content\/uploads\/sites\/7\/2019\/02\/Index_7_2_Analyse-micro-env-66x66.png 66w, https:\/\/agripedia.ch\/strategidea\/wp-content\/uploads\/sites\/7\/2019\/02\/Index_7_2_Analyse-micro-env-150x150.png 150w, https:\/\/agripedia.ch\/strategidea\/wp-content\/uploads\/sites\/7\/2019\/02\/Index_7_2_Analyse-micro-env-200x200.png 200w, https:\/\/agripedia.ch\/strategidea\/wp-content\/uploads\/sites\/7\/2019\/02\/Index_7_2_Analyse-micro-env-300x300.png 300w, https:\/\/agripedia.ch\/strategidea\/wp-content\/uploads\/sites\/7\/2019\/02\/Index_7_2_Analyse-micro-env.png 347w\" sizes=\"(max-width: 50px) 100vw, 50px\" \/>\u00a0<strong>Toolbox<\/strong><\/h3>\n<\/div><div class=\"fusion-clearfix\"><\/div><\/div><\/div><div class=\"fusion-layout-column fusion_builder_column fusion-builder-column-5 fusion_builder_column_1_3 1_3 fusion-one-third fusion-column-first\" style=\"--awb-bg-size:cover;width:33.333333333333%;width:calc(33.333333333333% - ( ( 4% + 4% ) * 0.33333333333333 ) );margin-right: 4%;\"><div class=\"fusion-column-wrapper fusion-flex-column-wrapper-legacy\"><div class=\"fusion-text fusion-text-3\"><div class=\"textbox exercises\">\n<h4>Kartierung der Partner<\/h4>\n<p>Siehe die Tools im Kapitel der <a href=\"https:\/\/agripedia.ch\/strategidea\/de\/die-vorabklarungen\/die-akteure\/\" target=\"_blank\" rel=\"noopener noreferrer\">Interessensgruppen<\/a><\/p>\n<\/div>\n<\/div><div class=\"fusion-text fusion-text-4\"><div class=\"textbox exercises\">\n<h4>Leitf\u00e4den f\u00fcr halbstrukturierte Interviews zu den Netzwerkpartnern<\/h4>\n<ul>\n<li><a href=\"https:\/\/agripedia.ch\/strategidea?leaky-paywall-media-download=3957\" target=\"_blank\" rel=\"noopener noreferrer\">Gespr\u00e4chsleitfaden: Wirtschaftspartner<\/a><\/li>\n<li><a href=\"https:\/\/agripedia.ch\/strategidea?leaky-paywall-media-download=3959\" target=\"_blank\" rel=\"noopener noreferrer\">Gespr\u00e4chsleitfaden: Netzwerk Ressourcen und Kompetenzen<\/a><\/li>\n<li><a href=\"https:\/\/agripedia.ch\/strategidea?leaky-paywall-media-download=3961\" target=\"_blank\" rel=\"noopener noreferrer\">Gespr\u00e4chsleitfaden: Netzwerk institutioneller Partner<\/a><\/li>\n<\/ul>\n<\/div>\n<div class=\"textbox exercises\"><\/div>\n<div class=\"textbox exercises\"><\/div>\n<\/div><div class=\"fusion-clearfix\"><\/div><\/div><\/div><div class=\"fusion-layout-column fusion_builder_column fusion-builder-column-6 fusion_builder_column_1_3 1_3 fusion-one-third\" style=\"--awb-bg-size:cover;width:33.333333333333%;width:calc(33.333333333333% - ( ( 4% + 4% ) * 0.33333333333333 ) );margin-right: 4%;\"><div class=\"fusion-column-wrapper fusion-flex-column-wrapper-legacy\"><div class=\"fusion-text fusion-text-5\"><div class=\"textbox exercises\">\n<h4>Analyse der vom Betrieb verkauften Produkte<\/h4>\n<ul>\n<li><a href=\"https:\/\/agripedia.ch\/strategidea?leaky-paywall-media-download=3963\" target=\"_blank\" rel=\"noopener noreferrer\">Analyseleitfaden: Vom Betrieb verkaufte Produkte<\/a><\/li>\n<li><a href=\"https:\/\/agripedia.ch\/strategidea?leaky-paywall-media-download=5283\" target=\"_blank\" rel=\"noopener noreferrer\">Analyse Schema : Verkaufsprodukte des Betriebs<\/a><\/li>\n<\/ul>\n<p>Tragen Sie zun\u00e4chst die Informationen \u00fcber die Merkmale zusammen, auf denen die Produkte des Betriebs verkauft werden (Dokumentation im Kapitel Makro-Umfeld):<\/p>\n<ul>\n<li>Informieren Sie sich \u00fcber die <a href=\"https:\/\/agripedia.ch\/strategidea\/de\/die-externe-strategische-analyse\/analyse-des-makro-umfelds\/\" rel=\"noopener noreferrer\">Merkmale der M\u00e4rkte<\/a> auf denen die Produkte verkauft werden.<\/li>\n<li>Zugang zu den <a href=\"https:\/\/agripedia.ch\/strategidea\/de\/die-externe-strategische-analyse\/analyse-des-makro-umfelds\/\" rel=\"noopener noreferrer\">Preishypothesen<\/a>.<\/li>\n<\/ul>\n<\/div>\n<div class=\"textbox exercises\"><\/div>\n<\/div><div class=\"fusion-clearfix\"><\/div><\/div><\/div><div class=\"fusion-layout-column fusion_builder_column fusion-builder-column-7 fusion_builder_column_1_3 1_3 fusion-one-third fusion-column-last\" style=\"--awb-bg-size:cover;width:33.333333333333%;width:calc(33.333333333333% - ( ( 4% + 4% ) * 0.33333333333333 ) );\"><div class=\"fusion-column-wrapper fusion-flex-column-wrapper-legacy\"><div class=\"fusion-text fusion-text-6\"><div class=\"textbox exercises\">\n<h4>Zusammenfassung der erwarteten Entwicklung<\/h4>\n<ul>\n<li><a href=\"https:\/\/agripedia.ch\/strategidea?leaky-paywall-media-download=3969\" target=\"_blank\" rel=\"noopener noreferrer\">Formular: Prognose \u00fcber die Entwicklung des Netzwerks von Partnern und engen Beziehungen<\/a><\/li>\n<\/ul>\n<\/div>\n<\/div><div class=\"fusion-text fusion-text-7\"><div class=\"textbox exercises\">\n<h4>Vorbereitung der SWOT-Zusammenfassung<\/h4>\n<ul>\n<li><a href=\"https:\/\/agripedia.ch\/strategidea?leaky-paywall-media-download=3971\" target=\"_blank\" rel=\"noopener noreferrer\">Formular: Zusammenfassung Chancen und Risiken des Netzwerks von Partnern und engen Beziehungen<\/a><\/li>\n<\/ul>\n<\/div>\n<\/div><div class=\"fusion-clearfix\"><\/div><\/div><\/div><\/div><\/div><\/p>\n","protected":false},"excerpt":{"rendered":"","protected":false},"author":7,"featured_media":0,"parent":3191,"menu_order":2,"comment_status":"closed","ping_status":"closed","template":"100-width.php","meta":{"_sb_is_suggestion_mode":false,"_sb_show_suggestion_boards":false,"_sb_show_comment_boards":false,"_sb_suggestion_history":"","_sb_update_block_changes":"","_monsterinsights_skip_tracking":false,"_monsterinsights_sitenote_active":false,"_monsterinsights_sitenote_note":"","_monsterinsights_sitenote_category":0,"footnotes":""},"class_list":["post-3197","page","type-page","status-publish","hentry"],"_links":{"self":[{"href":"https:\/\/agripedia.ch\/strategidea\/de\/wp-json\/wp\/v2\/pages\/3197","targetHints":{"allow":["GET"]}}],"collection":[{"href":"https:\/\/agripedia.ch\/strategidea\/de\/wp-json\/wp\/v2\/pages"}],"about":[{"href":"https:\/\/agripedia.ch\/strategidea\/de\/wp-json\/wp\/v2\/types\/page"}],"author":[{"embeddable":true,"href":"https:\/\/agripedia.ch\/strategidea\/de\/wp-json\/wp\/v2\/users\/7"}],"replies":[{"embeddable":true,"href":"https:\/\/agripedia.ch\/strategidea\/de\/wp-json\/wp\/v2\/comments?post=3197"}],"version-history":[{"count":18,"href":"https:\/\/agripedia.ch\/strategidea\/de\/wp-json\/wp\/v2\/pages\/3197\/revisions"}],"predecessor-version":[{"id":5285,"href":"https:\/\/agripedia.ch\/strategidea\/de\/wp-json\/wp\/v2\/pages\/3197\/revisions\/5285"}],"up":[{"embeddable":true,"href":"https:\/\/agripedia.ch\/strategidea\/de\/wp-json\/wp\/v2\/pages\/3191"}],"wp:attachment":[{"href":"https:\/\/agripedia.ch\/strategidea\/de\/wp-json\/wp\/v2\/media?parent=3197"}],"curies":[{"name":"wp","href":"https:\/\/api.w.org\/{rel}","templated":true}]}}