{"id":3191,"date":"2019-07-12T07:54:39","date_gmt":"2019-07-12T07:54:39","guid":{"rendered":"https:\/\/agripedia.ch\/strategidea\/?page_id=3191"},"modified":"2022-01-10T05:27:14","modified_gmt":"2022-01-10T05:27:14","slug":"die-externe-strategische-analyse","status":"publish","type":"page","link":"https:\/\/agripedia.ch\/strategidea\/de\/die-externe-strategische-analyse\/","title":{"rendered":"Die externe strategische Analyse"},"content":{"rendered":"<p><div class=\"fusion-fullwidth fullwidth-box fusion-builder-row-1 nonhundred-percent-fullwidth non-hundred-percent-height-scrolling\" style=\"--awb-border-radius-top-left:0px;--awb-border-radius-top-right:0px;--awb-border-radius-bottom-right:0px;--awb-border-radius-bottom-left:0px;--awb-flex-wrap:wrap;\" ><div class=\"fusion-builder-row fusion-row\"><div class=\"fusion-layout-column fusion_builder_column fusion-builder-column-0 fusion_builder_column_1_1 1_1 fusion-one-full fusion-column-first fusion-column-last\" style=\"--awb-bg-size:cover;\"><div class=\"fusion-column-wrapper fusion-flex-column-wrapper-legacy\"><div class=\"fusion-clearfix\"><\/div><\/div><\/div><div class=\"fusion-layout-column fusion_builder_column fusion-builder-column-1 fusion_builder_column_1_2 1_2 fusion-one-half fusion-column-first\" style=\"--awb-bg-size:cover;width:50%;width:calc(50% - ( ( 4% ) * 0.5 ) );margin-right: 4%;\"><div class=\"fusion-column-wrapper fusion-flex-column-wrapper-legacy\"><div class=\"fusion-button-wrapper\"><a class=\"fusion-button button-flat fusion-button-default-size button-default fusion-button-default button-1 fusion-button-default-span fusion-button-default-type\" style=\"--button-border-radius-top-left:0;--button-border-radius-top-right:0;--button-border-radius-bottom-right:0;--button-border-radius-bottom-left:0;\" target=\"_self\" href=\"https:\/\/agripedia.ch\/strategidea\/de\/die-externe-strategische-analyse\/analyse-des-makro-umfelds\/\"><span class=\"fusion-button-text awb-button__text awb-button__text--default fusion-button-text-right\">Analyse des Makro-Umfelds<\/span><span class=\"fusion-button-icon-divider button-icon-divider-right\"><i class=\"fa-file-import fas awb-button__icon awb-button__icon--default\" aria-hidden=\"true\"><\/i><\/span><\/a><\/div><div class=\"fusion-clearfix\"><\/div><\/div><\/div><div class=\"fusion-layout-column fusion_builder_column fusion-builder-column-2 fusion_builder_column_1_2 1_2 fusion-one-half fusion-column-last\" style=\"--awb-bg-size:cover;width:50%;width:calc(50% - ( ( 4% ) * 0.5 ) );\"><div class=\"fusion-column-wrapper fusion-flex-column-wrapper-legacy\"><div class=\"fusion-button-wrapper\"><a class=\"fusion-button button-flat fusion-button-default-size button-default fusion-button-default button-2 fusion-button-default-span fusion-button-default-type\" style=\"--button-border-radius-top-left:0;--button-border-radius-top-right:0;--button-border-radius-bottom-right:0;--button-border-radius-bottom-left:0;\" target=\"_self\" href=\"https:\/\/agripedia.ch\/strategidea\/de\/die-externe-strategische-analyse\/analyse-des-mikro-umfelds\/\"><span class=\"fusion-button-text awb-button__text awb-button__text--default fusion-button-text-right\">Analyse des Mikro-Umfelds<\/span><span class=\"fusion-button-icon-divider button-icon-divider-right\"><i class=\"fa-file-import fas awb-button__icon awb-button__icon--default\" aria-hidden=\"true\"><\/i><\/span><\/a><\/div><div class=\"fusion-clearfix\"><\/div><\/div><\/div><div class=\"fusion-layout-column fusion_builder_column fusion-builder-column-3 fusion_builder_column_1_1 1_1 fusion-one-full fusion-column-first fusion-column-last\" style=\"--awb-bg-size:cover;\"><div class=\"fusion-column-wrapper fusion-flex-column-wrapper-legacy\"><div class=\"fusion-section-separator section-separator clouds fusion-section-separator-1\" style=\"--awb-spacer-height:99px;--awb-svg-margin-left:0;--awb-svg-margin-right:0;--awb-divider-height:99px;--awb-spacer-padding-top:inherit;--awb-sep-padding:0;--awb-svg-padding:0;\"><div class=\"fusion-section-separator-svg\"><svg class=\"fusion-clouds-candy\" xmlns=\"http:\/\/www.w3.org\/2000\/svg\" version=\"1.1\" width=\"100%\" height=\"100\" viewBox=\"0 0 100 100\" preserveAspectRatio=\"none\" fill=\"rgba(246,246,246,1)\"><path d=\"M-5 100 Q 0 20 5 100 Z\"><\/path>\n\t\t\t\t\t\t\t\t<path d=\"M0 100 Q 5 0 10 100\"><\/path>\n\t\t\t\t\t\t\t\t<path d=\"M5 100 Q 10 30 15 100\"><\/path>\n\t\t\t\t\t\t\t\t<path d=\"M10 100 Q 15 10 20 100\"><\/path>\n\t\t\t\t\t\t\t\t<path d=\"M15 100 Q 20 30 25 100\"><\/path>\n\t\t\t\t\t\t\t\t<path d=\"M20 100 Q 25 -10 30 100\"><\/path>\n\t\t\t\t\t\t\t\t<path d=\"M25 100 Q 30 10 35 100\"><\/path>\n\t\t\t\t\t\t\t\t<path d=\"M30 100 Q 35 30 40 100\"><\/path>\n\t\t\t\t\t\t\t\t<path d=\"M35 100 Q 40 10 45 100\"><\/path>\n\t\t\t\t\t\t\t\t<path d=\"M40 100 Q 45 50 50 100\"><\/path>\n\t\t\t\t\t\t\t\t<path d=\"M45 100 Q 50 20 55 100\"><\/path>\n\t\t\t\t\t\t\t\t<path d=\"M50 100 Q 55 40 60 100\"><\/path>\n\t\t\t\t\t\t\t\t<path d=\"M55 100 Q 60 60 65 100\"><\/path>\n\t\t\t\t\t\t\t\t<path d=\"M60 100 Q 65 50 70 100\"><\/path>\n\t\t\t\t\t\t\t\t<path d=\"M65 100 Q 70 20 75 100\"><\/path>\n\t\t\t\t\t\t\t\t<path d=\"M70 100 Q 75 45 80 100\"><\/path>\n\t\t\t\t\t\t\t\t<path d=\"M75 100 Q 80 30 85 100\"><\/path>\n\t\t\t\t\t\t\t\t<path d=\"M80 100 Q 85 20 90 100\"><\/path>\n\t\t\t\t\t\t\t\t<path d=\"M85 100 Q 90 50 95 100\"><\/path>\n\t\t\t\t\t\t\t\t<path d=\"M90 100 Q 95 25 100 100\"><\/path>\n\t\t\t\t\t\t\t\t<path d=\"M95 100 Q 100 15 105 100 Z\"><\/path><\/svg><\/div><div class=\"fusion-section-separator-spacer\"><div class=\"fusion-section-separator-spacer-height\"><\/div><\/div><\/div><div class=\"fusion-clearfix\"><\/div><\/div><\/div><\/div><\/div><div class=\"fusion-fullwidth fullwidth-box fusion-builder-row-2 nonhundred-percent-fullwidth non-hundred-percent-height-scrolling\" style=\"--awb-border-radius-top-left:0px;--awb-border-radius-top-right:0px;--awb-border-radius-bottom-right:0px;--awb-border-radius-bottom-left:0px;--awb-flex-wrap:wrap;\" ><div class=\"fusion-builder-row fusion-row\"><div class=\"fusion-layout-column fusion_builder_column fusion-builder-column-4 fusion_builder_column_1_2 1_2 fusion-one-half fusion-column-first\" style=\"--awb-bg-size:cover;--awb-margin-bottom:0px;width:48%; margin-right: 4%;\"><div class=\"fusion-column-wrapper fusion-flex-column-wrapper-legacy\"><div class=\"fusion-text fusion-text-1\"><p>Die externe strategische Analyse betrifft das Umfeld, in welchem sich das System Unternehmen-Familie bewegt. Aus strategischer Sicht besteht das Umfeld aus verschiedenen externen Faktoren,<\/p>\n<ul>\n<li>die eine Auswirkung auf das Betriebs- und Familienleben haben;<\/li>\n<li>auf die der Betrieb Einfluss hat und\/oder die er nutzen kann.<\/li>\n<\/ul>\n<p>Bei der externen Analyse werden diese Faktoren identifiziert und ihre Interaktionen mit allen oder einem Teil der Aktivit\u00e4ten gepr\u00fcft. Es geht darum zu verstehen, wie sich die externen Ereignisse auf die Strategie des Betriebsleiters auswirken, damit die gegenw\u00e4rtigen und m\u00f6glichen Chancen und Gefahren bestimmt werden k\u00f6nnen.<\/p>\n<p>Jeder Betriebsleiter muss sein Umfeld, in welchem er sich bewegt, genau kennen, um sich ausrichten zu k\u00f6nnen. Er vergegenw\u00e4rtigt sich die m\u00f6gliche Entwicklung der wichtigsten Faktoren seines Umfelds und pr\u00fcft, wie sie sich mittel- und langfristig auf den Betrieb auswirken.<\/p>\n<p>Das Betriebsumfeld kann in ein Mikro-Umfeld und Makro-Umfeld unterteilt werden. Die vorg\u00e4ngige Abkl\u00e4rung der <strong>Akteure des Umfelds<\/strong> (siehe vorheriges Kapitel zu den Akteuren\/Interessensgruppen) erm\u00f6glicht es,<\/p>\n<ul>\n<li>ihre <strong>N\u00e4he<\/strong> zum Wirkungsfeld des Landwirtschaftsbetriebs und ihre Positionierung im Makro- oder Mikro-Umfeld zu definieren;<\/li>\n<li>die <strong>Art der Verbindungen <\/strong>zum Landwirtschaftsbetrieb, die <strong>Einflussm\u00f6glichkeiten,<\/strong> den <strong>Abh\u00e4ngigkeitsgrad <\/strong>sowie die <strong>M\u00f6glichkeiten und Risiken<\/strong>, die mit den externen Akteuren verkn\u00fcpft sind, zu qualifizieren.<\/li>\n<\/ul>\n<\/div><div class=\"fusion-clearfix\"><\/div><\/div><\/div><div class=\"fusion-layout-column fusion_builder_column fusion-builder-column-5 fusion_builder_column_1_2 1_2 fusion-one-half fusion-column-last\" style=\"--awb-bg-size:cover;--awb-margin-bottom:0px;width:48%;\"><div class=\"fusion-column-wrapper fusion-flex-column-wrapper-legacy\"><div class=\"fusion-text fusion-text-2\"><p><img decoding=\"async\" class=\"alignnone wp-image-5110\" src=\"https:\/\/agripedia.ch\/strategidea\/wp-content\/uploads\/sites\/7\/2021\/12\/07-0_II-schema-DE.png\" alt=\"\" width=\"672\" height=\"284\" srcset=\"https:\/\/agripedia.ch\/strategidea\/wp-content\/uploads\/sites\/7\/2021\/12\/07-0_II-schema-DE-200x85.png 200w, https:\/\/agripedia.ch\/strategidea\/wp-content\/uploads\/sites\/7\/2021\/12\/07-0_II-schema-DE-300x127.png 300w, https:\/\/agripedia.ch\/strategidea\/wp-content\/uploads\/sites\/7\/2021\/12\/07-0_II-schema-DE-400x169.png 400w, https:\/\/agripedia.ch\/strategidea\/wp-content\/uploads\/sites\/7\/2021\/12\/07-0_II-schema-DE-600x254.png 600w, https:\/\/agripedia.ch\/strategidea\/wp-content\/uploads\/sites\/7\/2021\/12\/07-0_II-schema-DE-768x325.png 768w, https:\/\/agripedia.ch\/strategidea\/wp-content\/uploads\/sites\/7\/2021\/12\/07-0_II-schema-DE-800x338.png 800w, https:\/\/agripedia.ch\/strategidea\/wp-content\/uploads\/sites\/7\/2021\/12\/07-0_II-schema-DE.png 878w\" sizes=\"(max-width: 672px) 100vw, 672px\" \/><\/p>\n<p>ABBILDUNG \u2013 MAKRO- UND MIKRO-UMFELD<\/p>\n<p><span style=\"color: #ffffff;\">_<\/span><\/p>\n<p>Unabh\u00e4ngig von der Makro- oder Mikro-Analyse gibt es bei der Analyse der <strong>externen Faktoren <\/strong>drei wichtige Parameter:<\/p>\n<ul>\n<li><strong>Eintretenswahrscheinlichkeit<\/strong>: Ist ein Ereignis so gut wie sicher, wird es in die Grundhypothesen der zu pr\u00fcfenden Annahmen und Stossrichtungen integriert. Ist die Entwicklung eines Faktors\/Elementes unsicher und betrifft diese einen wichtigen Punkt des Betriebslebens, m\u00fcssen verschiedene Szenarien geplant werden.<\/li>\n<li><strong>Zeitpunkt, Frist<\/strong>: Wann trifft ein Ereignis ein? Ist dessen Wirkung zu einem bestimmten Zeitpunkt oder auf Dauer sp\u00fcrbar?<\/li>\n<li><strong>Strategische Auswirkung<\/strong>: Stellt dieses Ereignis f\u00fcr den Betrieb eine Chance oder eine Gefahr dar? Stellt die Wirkung eines Ereignisses m\u00f6glicherweise die Unternehmensstrategie oder die operationellen Ziele in Frage? Die strategische Wirkung h\u00e4ngt weder von der Wahrscheinlichkeit des Ereignisses noch vom Zeitpunkt ab.<\/li>\n<\/ul>\n<\/div><div class=\"fusion-clearfix\"><\/div><\/div><\/div><\/div><\/div><\/p>\n","protected":false},"excerpt":{"rendered":"","protected":false},"author":7,"featured_media":0,"parent":0,"menu_order":7,"comment_status":"closed","ping_status":"closed","template":"","meta":{"_sb_is_suggestion_mode":false,"_sb_show_suggestion_boards":false,"_sb_show_comment_boards":false,"_sb_suggestion_history":"","_sb_update_block_changes":"","_monsterinsights_skip_tracking":false,"_monsterinsights_sitenote_active":false,"_monsterinsights_sitenote_note":"","_monsterinsights_sitenote_category":0,"footnotes":""},"class_list":["post-3191","page","type-page","status-publish","hentry"],"_links":{"self":[{"href":"https:\/\/agripedia.ch\/strategidea\/de\/wp-json\/wp\/v2\/pages\/3191","targetHints":{"allow":["GET"]}}],"collection":[{"href":"https:\/\/agripedia.ch\/strategidea\/de\/wp-json\/wp\/v2\/pages"}],"about":[{"href":"https:\/\/agripedia.ch\/strategidea\/de\/wp-json\/wp\/v2\/types\/page"}],"author":[{"embeddable":true,"href":"https:\/\/agripedia.ch\/strategidea\/de\/wp-json\/wp\/v2\/users\/7"}],"replies":[{"embeddable":true,"href":"https:\/\/agripedia.ch\/strategidea\/de\/wp-json\/wp\/v2\/comments?post=3191"}],"version-history":[{"count":11,"href":"https:\/\/agripedia.ch\/strategidea\/de\/wp-json\/wp\/v2\/pages\/3191\/revisions"}],"predecessor-version":[{"id":5166,"href":"https:\/\/agripedia.ch\/strategidea\/de\/wp-json\/wp\/v2\/pages\/3191\/revisions\/5166"}],"wp:attachment":[{"href":"https:\/\/agripedia.ch\/strategidea\/de\/wp-json\/wp\/v2\/media?parent=3191"}],"curies":[{"name":"wp","href":"https:\/\/api.w.org\/{rel}","templated":true}]}}