{"id":3175,"date":"2019-07-12T07:51:57","date_gmt":"2019-07-12T07:51:57","guid":{"rendered":"https:\/\/agripedia.ch\/strategidea\/?page_id=3175"},"modified":"2022-01-10T08:49:40","modified_gmt":"2022-01-10T08:49:40","slug":"analyse-der-aktivitaten","status":"publish","type":"page","link":"https:\/\/agripedia.ch\/strategidea\/de\/die-interne-analyse\/analyse-der-aktivitaten\/","title":{"rendered":"Analyse der Aktivit\u00e4ten"},"content":{"rendered":"<p><div class=\"fusion-fullwidth fullwidth-box fusion-builder-row-1 nonhundred-percent-fullwidth non-hundred-percent-height-scrolling\" style=\"--awb-border-radius-top-left:0px;--awb-border-radius-top-right:0px;--awb-border-radius-bottom-right:0px;--awb-border-radius-bottom-left:0px;--awb-flex-wrap:wrap;\" ><div class=\"fusion-builder-row fusion-row\"><div class=\"fusion-layout-column fusion_builder_column fusion-builder-column-0 fusion_builder_column_1_1 1_1 fusion-one-full fusion-column-first fusion-column-last\" style=\"--awb-bg-size:cover;--awb-margin-bottom:0px;\"><div class=\"fusion-column-wrapper fusion-flex-column-wrapper-legacy\"><div class=\"fusion-text fusion-text-1\"><h3><strong><img decoding=\"async\" class=\"alignnone wp-image-1490\" src=\"https:\/\/agripedia.ch\/strategidea\/wp-content\/uploads\/sites\/7\/2019\/02\/Index_6_Analyse-interne.png\" alt=\"\" width=\"50\" height=\"50\" srcset=\"https:\/\/agripedia.ch\/strategidea\/wp-content\/uploads\/sites\/7\/2019\/02\/Index_6_Analyse-interne-66x66.png 66w, https:\/\/agripedia.ch\/strategidea\/wp-content\/uploads\/sites\/7\/2019\/02\/Index_6_Analyse-interne-150x150.png 150w, https:\/\/agripedia.ch\/strategidea\/wp-content\/uploads\/sites\/7\/2019\/02\/Index_6_Analyse-interne-200x199.png 200w, https:\/\/agripedia.ch\/strategidea\/wp-content\/uploads\/sites\/7\/2019\/02\/Index_6_Analyse-interne-300x300.png 300w, https:\/\/agripedia.ch\/strategidea\/wp-content\/uploads\/sites\/7\/2019\/02\/Index_6_Analyse-interne.png 354w\" sizes=\"(max-width: 50px) 100vw, 50px\" \/><\/strong> Analyse der T\u00e4tigkeiten im Unternehmen und der Familie<\/h3>\n<blockquote>\n<p>Die T\u00e4tigkeiten des Landwirtschaftsbetriebs umfassen s\u00e4mtliche Handlungen, die es ihm erlauben, einen Markt oder Haushalt mit G\u00fctern und Leistungen zu beliefern. Unter T\u00e4tigkeit versteht man die Betriebszweige und Dienstleistungen des Betriebs.<\/p>\n<\/blockquote>\n<p>Die T\u00e4tigkeiten des Betriebs werden haupts\u00e4chlich in Pflanzenbau, Viehwirtschaft, Arbeiten f\u00fcr Dritte, Verarbeitung, Direktverkauf, Agrotourismus und andere landwirtschaftsnahe T\u00e4tigkeiten unterteilt.<\/p>\n<p>Wie bei den Ressourcen erfolgt die Analyse der T\u00e4tigkeiten aus strategischer Sicht (strategische Ziele, Achsen, Gesch\u00e4ftsbereiche). Man muss sich die Frage nach den St\u00e4rken und Schw\u00e4chen der T\u00e4tigkeiten gegen\u00fcber der (m\u00f6glichen) Strategie des Betriebsleiters stellen.<\/p>\n<p>Bei der Analyse der T\u00e4tigkeiten wird die \u00dcbereinstimmung der T\u00e4tigkeiten mit den internen Ressourcen einerseits und den Chancen und Gefahren des Umfelds andererseits beurteilt. Anders ausgedr\u00fcckt: Die detaillierte Analyse einer T\u00e4tigkeit erfordert die Analyse ihrer Verkn\u00fcpfung mit den Ressourcen und anderen T\u00e4tigkeiten sowie ihrer Verkn\u00fcpfung mit dem Umfeld. Ausserdem geht es darum, das nicht genutzte Potenzial der T\u00e4tigkeit offenzulegen.<\/p>\n<p>Die detaillierten Analysen der T\u00e4tigkeit st\u00fctzen sich auf folgende allgemeine Fragen:<\/p>\n<ul>\n<li>Entspricht diese T\u00e4tigkeit der Strategie? Entspricht sie den strategischen Zielen der Entscheidungstr\u00e4ger oder ist sie gegens\u00e4tzlich und gef\u00e4hrdet sie die Zielerreichung erheblich?<\/li>\n<li>Welche Perspektiven werden mit dieser T\u00e4tigkeit verfolgt? Welche Fristen sind im Zusammenhang mit dieser T\u00e4tigkeit zu beachten?<\/li>\n<li>Welche Personen realisieren diese T\u00e4tigkeit? Entspricht diese T\u00e4tigkeit den Kompetenzen, Interessen und der Motivation der Personen?<\/li>\n<li>Welche Kompetenzen braucht es zur Realisierung dieser T\u00e4tigkeit?<\/li>\n<li>Ist die T\u00e4tigkeit auf die verf\u00fcgbaren Ressourcen abgestimmt (inklusive finanzielle Mittel)?<\/li>\n<li>Ist sie auf das Umfeld abgestimmt (Umgebung, Gesetzgebung, aktuelle und k\u00fcnftige Handelspartner usw.)?<\/li>\n<li>Ist sie punkto Flexibilit\u00e4t vern\u00fcnftig (Anpassung an neue Situationen, z.\u00a0B. Entwicklung der verf\u00fcgbaren Arbeitskraft oder neue Rahmenbedingungen)?<\/li>\n<li>Welches ist ihr Potenzial?<\/li>\n<\/ul>\n<p>Die detaillierten Analysen basieren auf quantitativen und qualitativen, technischen und finanziellen Daten, die von Fachpersonen aus den betroffenen Produktions- und Leistungsbereichen geliefert werden wenn n\u00f6tig. Beispiele von ausgewerteten Daten: das technische Ergebnis einer Produktion, ihre Bruttomarge, die Arbeitszeit und die Arbeitsintensit\u00e4t im Zusammenhang mit der T\u00e4tigkeit, das investierte Kapital, der Beweggrund des Landwirts f\u00fcr die Realisierung dieser T\u00e4tigkeit usw.<\/p>\n<\/div><div class=\"fusion-clearfix\"><\/div><\/div><\/div><div class=\"fusion-layout-column fusion_builder_column fusion-builder-column-1 fusion_builder_column_1_1 1_1 fusion-one-full fusion-column-first fusion-column-last\" style=\"--awb-bg-size:cover;\"><div class=\"fusion-column-wrapper fusion-flex-column-wrapper-legacy\"><div class=\"fusion-section-separator section-separator clouds fusion-section-separator-1\" style=\"--awb-spacer-height:99px;--awb-svg-margin-left:0;--awb-svg-margin-right:0;--awb-divider-height:99px;--awb-spacer-padding-top:inherit;--awb-sep-padding:0;--awb-svg-padding:0;\"><div class=\"fusion-section-separator-svg\"><svg class=\"fusion-clouds-candy\" xmlns=\"http:\/\/www.w3.org\/2000\/svg\" version=\"1.1\" width=\"100%\" height=\"100\" viewBox=\"0 0 100 100\" preserveAspectRatio=\"none\" fill=\"rgba(246,246,246,1)\"><path d=\"M-5 100 Q 0 20 5 100 Z\"><\/path>\n\t\t\t\t\t\t\t\t<path d=\"M0 100 Q 5 0 10 100\"><\/path>\n\t\t\t\t\t\t\t\t<path d=\"M5 100 Q 10 30 15 100\"><\/path>\n\t\t\t\t\t\t\t\t<path d=\"M10 100 Q 15 10 20 100\"><\/path>\n\t\t\t\t\t\t\t\t<path d=\"M15 100 Q 20 30 25 100\"><\/path>\n\t\t\t\t\t\t\t\t<path d=\"M20 100 Q 25 -10 30 100\"><\/path>\n\t\t\t\t\t\t\t\t<path d=\"M25 100 Q 30 10 35 100\"><\/path>\n\t\t\t\t\t\t\t\t<path d=\"M30 100 Q 35 30 40 100\"><\/path>\n\t\t\t\t\t\t\t\t<path d=\"M35 100 Q 40 10 45 100\"><\/path>\n\t\t\t\t\t\t\t\t<path d=\"M40 100 Q 45 50 50 100\"><\/path>\n\t\t\t\t\t\t\t\t<path d=\"M45 100 Q 50 20 55 100\"><\/path>\n\t\t\t\t\t\t\t\t<path d=\"M50 100 Q 55 40 60 100\"><\/path>\n\t\t\t\t\t\t\t\t<path d=\"M55 100 Q 60 60 65 100\"><\/path>\n\t\t\t\t\t\t\t\t<path d=\"M60 100 Q 65 50 70 100\"><\/path>\n\t\t\t\t\t\t\t\t<path d=\"M65 100 Q 70 20 75 100\"><\/path>\n\t\t\t\t\t\t\t\t<path d=\"M70 100 Q 75 45 80 100\"><\/path>\n\t\t\t\t\t\t\t\t<path d=\"M75 100 Q 80 30 85 100\"><\/path>\n\t\t\t\t\t\t\t\t<path d=\"M80 100 Q 85 20 90 100\"><\/path>\n\t\t\t\t\t\t\t\t<path d=\"M85 100 Q 90 50 95 100\"><\/path>\n\t\t\t\t\t\t\t\t<path d=\"M90 100 Q 95 25 100 100\"><\/path>\n\t\t\t\t\t\t\t\t<path d=\"M95 100 Q 100 15 105 100 Z\"><\/path><\/svg><\/div><div class=\"fusion-section-separator-spacer\"><div class=\"fusion-section-separator-spacer-height\"><\/div><\/div><\/div><div class=\"fusion-clearfix\"><\/div><\/div><\/div><\/div><\/div><div class=\"fusion-fullwidth fullwidth-box fusion-builder-row-2 nonhundred-percent-fullwidth non-hundred-percent-height-scrolling\" style=\"--awb-border-radius-top-left:0px;--awb-border-radius-top-right:0px;--awb-border-radius-bottom-right:0px;--awb-border-radius-bottom-left:0px;--awb-flex-wrap:wrap;\" ><div class=\"fusion-builder-row fusion-row\"><div class=\"fusion-layout-column fusion_builder_column fusion-builder-column-2 fusion_builder_column_1_1 1_1 fusion-one-full fusion-column-first fusion-column-last\" style=\"--awb-bg-size:cover;\"><div class=\"fusion-column-wrapper fusion-flex-column-wrapper-legacy\"><div class=\"fusion-menu-anchor\" id=\"Boite\"><\/div><div class=\"fusion-text fusion-text-2\"><h3><img decoding=\"async\" class=\"alignnone wp-image-1490\" src=\"https:\/\/agripedia.ch\/strategidea\/wp-content\/uploads\/sites\/7\/2019\/02\/Index_6_Analyse-interne.png\" alt=\"\" width=\"50\" height=\"50\" srcset=\"https:\/\/agripedia.ch\/strategidea\/wp-content\/uploads\/sites\/7\/2019\/02\/Index_6_Analyse-interne-66x66.png 66w, https:\/\/agripedia.ch\/strategidea\/wp-content\/uploads\/sites\/7\/2019\/02\/Index_6_Analyse-interne-150x150.png 150w, https:\/\/agripedia.ch\/strategidea\/wp-content\/uploads\/sites\/7\/2019\/02\/Index_6_Analyse-interne-200x199.png 200w, https:\/\/agripedia.ch\/strategidea\/wp-content\/uploads\/sites\/7\/2019\/02\/Index_6_Analyse-interne-300x300.png 300w, https:\/\/agripedia.ch\/strategidea\/wp-content\/uploads\/sites\/7\/2019\/02\/Index_6_Analyse-interne.png 354w\" sizes=\"(max-width: 50px) 100vw, 50px\" \/> Toolbox<\/h3>\n<\/div><div class=\"fusion-clearfix\"><\/div><\/div><\/div><div class=\"fusion-layout-column fusion_builder_column fusion-builder-column-3 fusion_builder_column_1_3 1_3 fusion-one-third fusion-column-first\" style=\"--awb-bg-size:cover;width:33.333333333333%;width:calc(33.333333333333% - ( ( 4% + 4% ) * 0.33333333333333 ) );margin-right: 4%;\"><div class=\"fusion-column-wrapper fusion-flex-column-wrapper-legacy\"><div class=\"fusion-text fusion-text-3\"><div class=\"textbox exercises\">\n<h4>Gespr\u00e4chsleitfaden<\/h4>\n<ul>\n<li><a href=\"https:\/\/agripedia.ch\/strategidea?leaky-paywall-media-download=3867\" target=\"_blank\" rel=\"noopener noreferrer\">Gespr\u00e4chsleitfaden: T\u00e4tigkeiten auf dem Betrieb und in der Familie<\/a><\/li>\n<\/ul>\n<\/div>\n<div class=\"textbox exercises\"><\/div>\n<\/div><div class=\"fusion-clearfix\"><\/div><\/div><\/div><div class=\"fusion-layout-column fusion_builder_column fusion-builder-column-4 fusion_builder_column_1_3 1_3 fusion-one-third\" style=\"--awb-bg-size:cover;width:33.333333333333%;width:calc(33.333333333333% - ( ( 4% + 4% ) * 0.33333333333333 ) );margin-right: 4%;\"><div class=\"fusion-column-wrapper fusion-flex-column-wrapper-legacy\"><div class=\"fusion-text fusion-text-4\"><div class=\"textbox exercises\">\n<h4>Zusammenfassung der erwarteten Entwicklungen<\/h4>\n<ul>\n<li><a href=\"https:\/\/agripedia.ch\/strategidea?leaky-paywall-media-download=3872\" target=\"_blank\" rel=\"noopener noreferrer\">Formular: Prognose zu den T\u00e4tigkeiten<\/a><\/li>\n<\/ul>\n<\/div>\n<div class=\"textbox exercises\"><\/div>\n<\/div><div class=\"fusion-clearfix\"><\/div><\/div><\/div><div class=\"fusion-layout-column fusion_builder_column fusion-builder-column-5 fusion_builder_column_1_3 1_3 fusion-one-third fusion-column-last\" style=\"--awb-bg-size:cover;width:33.333333333333%;width:calc(33.333333333333% - ( ( 4% + 4% ) * 0.33333333333333 ) );\"><div class=\"fusion-column-wrapper fusion-flex-column-wrapper-legacy\"><div class=\"fusion-text fusion-text-5\"><h4>Vorbereitung der SWOT-Analyse<\/h4>\n<div class=\"textbox exercises\">\n<ul>\n<li><a href=\"https:\/\/agripedia.ch\/strategidea?leaky-paywall-media-download=3877\" target=\"_blank\" rel=\"noopener noreferrer\">Formular: Zusammenfassende Analyse der T\u00e4tigkeiten im System Unternehmen und Familie<\/a><\/li>\n<\/ul>\n<\/div>\n<\/div><div class=\"fusion-clearfix\"><\/div><\/div><\/div><\/div><\/div><\/p>\n","protected":false},"excerpt":{"rendered":"","protected":false},"author":7,"featured_media":0,"parent":3117,"menu_order":2,"comment_status":"closed","ping_status":"closed","template":"100-width.php","meta":{"_sb_is_suggestion_mode":false,"_sb_show_suggestion_boards":false,"_sb_show_comment_boards":false,"_sb_suggestion_history":"","_sb_update_block_changes":"","_monsterinsights_skip_tracking":false,"_monsterinsights_sitenote_active":false,"_monsterinsights_sitenote_note":"","_monsterinsights_sitenote_category":0,"footnotes":""},"class_list":["post-3175","page","type-page","status-publish","hentry"],"_links":{"self":[{"href":"https:\/\/agripedia.ch\/strategidea\/de\/wp-json\/wp\/v2\/pages\/3175","targetHints":{"allow":["GET"]}}],"collection":[{"href":"https:\/\/agripedia.ch\/strategidea\/de\/wp-json\/wp\/v2\/pages"}],"about":[{"href":"https:\/\/agripedia.ch\/strategidea\/de\/wp-json\/wp\/v2\/types\/page"}],"author":[{"embeddable":true,"href":"https:\/\/agripedia.ch\/strategidea\/de\/wp-json\/wp\/v2\/users\/7"}],"replies":[{"embeddable":true,"href":"https:\/\/agripedia.ch\/strategidea\/de\/wp-json\/wp\/v2\/comments?post=3175"}],"version-history":[{"count":14,"href":"https:\/\/agripedia.ch\/strategidea\/de\/wp-json\/wp\/v2\/pages\/3175\/revisions"}],"predecessor-version":[{"id":5192,"href":"https:\/\/agripedia.ch\/strategidea\/de\/wp-json\/wp\/v2\/pages\/3175\/revisions\/5192"}],"up":[{"embeddable":true,"href":"https:\/\/agripedia.ch\/strategidea\/de\/wp-json\/wp\/v2\/pages\/3117"}],"wp:attachment":[{"href":"https:\/\/agripedia.ch\/strategidea\/de\/wp-json\/wp\/v2\/media?parent=3175"}],"curies":[{"name":"wp","href":"https:\/\/api.w.org\/{rel}","templated":true}]}}