{"id":3150,"date":"2019-07-12T07:00:13","date_gmt":"2019-07-12T07:00:13","guid":{"rendered":"https:\/\/agripedia.ch\/strategidea\/?page_id=3150"},"modified":"2022-01-28T17:38:16","modified_gmt":"2022-01-28T17:38:16","slug":"laesst-sich-intuition-erlernen","status":"publish","type":"page","link":"https:\/\/agripedia.ch\/strategidea\/de\/die-strategische-intuition\/laesst-sich-intuition-erlernen\/","title":{"rendered":"L\u00e4sst sich Intuition erlernen?"},"content":{"rendered":"<p><div class=\"fusion-fullwidth fullwidth-box fusion-builder-row-1 nonhundred-percent-fullwidth non-hundred-percent-height-scrolling\" style=\"--awb-border-radius-top-left:0px;--awb-border-radius-top-right:0px;--awb-border-radius-bottom-right:0px;--awb-border-radius-bottom-left:0px;--awb-flex-wrap:wrap;\" ><div class=\"fusion-builder-row fusion-row\"><div class=\"fusion-layout-column fusion_builder_column fusion-builder-column-0 fusion_builder_column_1_1 1_1 fusion-one-full fusion-column-first fusion-column-last\" style=\"--awb-bg-size:cover;--awb-margin-bottom:0px;\"><div class=\"fusion-column-wrapper fusion-flex-column-wrapper-legacy\"><div class=\"fusion-title title fusion-title-1 fusion-sep-none fusion-title-text fusion-title-size-three\"><h3 class=\"fusion-title-heading title-heading-left fusion-responsive-typography-calculated\" style=\"margin:0;--fontSize:30;line-height:1.5;\"><strong><img decoding=\"async\" class=\"alignnone wp-image-263\" src=\"https:\/\/agripedia.ch\/strategidea\/wp-content\/uploads\/sites\/7\/2018\/10\/Screen-Shot-10-05-18-at-03.19-PM-300x300.png\" alt=\"\" width=\"50\" height=\"50\" srcset=\"https:\/\/agripedia.ch\/strategidea\/wp-content\/uploads\/sites\/7\/2018\/10\/Screen-Shot-10-05-18-at-03.19-PM-66x66.png 66w, https:\/\/agripedia.ch\/strategidea\/wp-content\/uploads\/sites\/7\/2018\/10\/Screen-Shot-10-05-18-at-03.19-PM-150x150.png 150w, https:\/\/agripedia.ch\/strategidea\/wp-content\/uploads\/sites\/7\/2018\/10\/Screen-Shot-10-05-18-at-03.19-PM-200x200.png 200w, https:\/\/agripedia.ch\/strategidea\/wp-content\/uploads\/sites\/7\/2018\/10\/Screen-Shot-10-05-18-at-03.19-PM-300x300.png 300w, https:\/\/agripedia.ch\/strategidea\/wp-content\/uploads\/sites\/7\/2018\/10\/Screen-Shot-10-05-18-at-03.19-PM-400x400.png 400w, https:\/\/agripedia.ch\/strategidea\/wp-content\/uploads\/sites\/7\/2018\/10\/Screen-Shot-10-05-18-at-03.19-PM.png 532w\" sizes=\"(max-width: 50px) 100vw, 50px\" \/> L\u00e4sst sich Intuition erlernen?<\/strong><\/h3><\/div><div class=\"fusion-clearfix\"><\/div><\/div><\/div><div class=\"fusion-layout-column fusion_builder_column fusion-builder-column-1 fusion_builder_column_1_2 1_2 fusion-one-half fusion-column-first\" style=\"--awb-bg-size:cover;width:50%;width:calc(50% - ( ( 4% ) * 0.5 ) );margin-right: 4%;\"><div class=\"fusion-column-wrapper fusion-flex-column-wrapper-legacy\"><div class=\"fusion-text fusion-text-1\"><p>Intuitive Urteile bergen immer ein mehr oder weniger grosses Fehlerpotenzial. Es geht nicht darum, blind unserer Intuition zu folgen. Gewisse Vorsichtsmassnahmen sollten eingehalten werden. Die wichtigste Vorsichtmassnahme besteht darin, jedes intuitive Urteil immer auch rational zu \u00fcberpr\u00fcfen. Auch sollte man die eigene F\u00e4higkeit der Intuitionsanwendung schulen. Es handelt sich dabei nicht um klassisches, und noch weniger um standardisiertes Lernen, so wie man z\u00e4hlen lernt. Der Lernprozess ist eher vergleichbar mit dem Erlernen des <strong>Velofahrens.<\/strong><\/p>\n<p>Vielleicht ist das Wort \u00ablernen\u00bb zu stark, da sich Intuition nicht bestellen l\u00e4sst. Sie stellt sich von selbst ein. Das heisst jedoch nicht, dass man einfach abwarten und nichts tun soll. Es ist \u00e4hnlich wie das Finden des <strong>Gleichgewichts<\/strong> beim Velofahren. Der Velofahrer ist in Bewegung und das Velo f\u00e4hrt, angetrieben durch die auf die Pedale ausge\u00fcbte Kraft (die Motivation). Zwischen den Kr\u00e4ften, die durch den linken Fuss (intuitives Urteil) und den rechten Fuss (analytische Beurteilung) auf die Pedale gebracht werden, stellt sich ein Gleichgewicht ein.<\/p>\n<\/div><div class=\"fusion-clearfix\"><\/div><\/div><\/div><div class=\"fusion-layout-column fusion_builder_column fusion-builder-column-2 fusion_builder_column_1_2 1_2 fusion-one-half fusion-column-last\" style=\"--awb-bg-size:cover;width:50%;width:calc(50% - ( ( 4% ) * 0.5 ) );\"><div class=\"fusion-column-wrapper fusion-flex-column-wrapper-legacy\"><div class=\"fusion-image-element in-legacy-container\" style=\"--awb-caption-title-font-family:var(--h2_typography-font-family);--awb-caption-title-font-weight:var(--h2_typography-font-weight);--awb-caption-title-font-style:var(--h2_typography-font-style);--awb-caption-title-size:var(--h2_typography-font-size);--awb-caption-title-transform:var(--h2_typography-text-transform);--awb-caption-title-line-height:var(--h2_typography-line-height);--awb-caption-title-letter-spacing:var(--h2_typography-letter-spacing);\"><span class=\" fusion-imageframe imageframe-none imageframe-1 hover-type-none\"><a href=\"https:\/\/agripedia.ch\/strategidea\/wp-content\/uploads\/sites\/7\/2022\/01\/Illustration-15-le-v\u00e9lo-intuitf.jpg\" class=\"fusion-lightbox\" data-rel=\"iLightbox[7395991394ef3a32985]\" data-title=\"Entwicklung der intuitiven Expertise\" title=\"Entwicklung der intuitiven Expertise\"><img decoding=\"async\" width=\"1100\" height=\"1060\" src=\"https:\/\/agripedia.ch\/strategidea\/wp-content\/uploads\/sites\/7\/2022\/01\/Illustration-15-le-v\u00e9lo-intuitf.jpg\" alt class=\"img-responsive wp-image-5253\" srcset=\"https:\/\/agripedia.ch\/strategidea\/wp-content\/uploads\/sites\/7\/2022\/01\/Illustration-15-le-v\u00e9lo-intuitf-200x193.jpg 200w, https:\/\/agripedia.ch\/strategidea\/wp-content\/uploads\/sites\/7\/2022\/01\/Illustration-15-le-v\u00e9lo-intuitf-400x385.jpg 400w, https:\/\/agripedia.ch\/strategidea\/wp-content\/uploads\/sites\/7\/2022\/01\/Illustration-15-le-v\u00e9lo-intuitf-600x578.jpg 600w, https:\/\/agripedia.ch\/strategidea\/wp-content\/uploads\/sites\/7\/2022\/01\/Illustration-15-le-v\u00e9lo-intuitf-800x771.jpg 800w, https:\/\/agripedia.ch\/strategidea\/wp-content\/uploads\/sites\/7\/2022\/01\/Illustration-15-le-v\u00e9lo-intuitf.jpg 1100w\" sizes=\"(max-width: 800px) 100vw, 600px\" \/><\/a><\/span><\/div><div class=\"fusion-clearfix\"><\/div><\/div><\/div><div class=\"fusion-layout-column fusion_builder_column fusion-builder-column-3 fusion_builder_column_1_1 1_1 fusion-one-full fusion-column-first fusion-column-last\" style=\"--awb-bg-size:cover;--awb-margin-bottom:0px;\"><div class=\"fusion-column-wrapper fusion-flex-column-wrapper-legacy\"><div class=\"fusion-text fusion-text-2\"><p>Ein erster Schritt besteht in der \u00dcbung, sich mit den eigenen intuitiven Empfindungen <strong>vertraut zu machen<\/strong> (Unterscheidung zwischen Emotionen und Intuition). Daf\u00fcr gibt es kein Wunderrezept und diese \u00dcbung gestaltet sich f\u00fcr jede Person anders. Ein Faktor ist jedoch besonders entscheidend: das <strong>Vertrauen<\/strong> in das eigene intuitive Urteil. Dieses Vertrauen gewinnt man durch das <strong>Feedback<\/strong>, dass man aus der Umgebung erh\u00e4lt, und nicht durch Magie und Aberglauben.<\/p>\n<\/div><div class=\"fusion-clearfix\"><\/div><\/div><\/div><div class=\"fusion-layout-column fusion_builder_column fusion-builder-column-4 fusion_builder_column_1_3 1_3 fusion-one-third fusion-column-first\" style=\"--awb-bg-size:cover;width:33.333333333333%;width:calc(33.333333333333% - ( ( 4% ) * 0.33333333333333 ) );margin-right: 4%;\"><div class=\"fusion-column-wrapper fusion-flex-column-wrapper-legacy\"><div class=\"fusion-text fusion-text-3\"><p>Auf die Konzentration auf die intuitiven Empfindungen folgt ein n\u00e4chstes \u00dcbungsfeld: die Entwicklung der <strong>intuitiven Expertise<\/strong>.\u00a0 Man darf sich aber nichts vormachen: Der Erwerb intuitiver Expertise in einem bestimmten Gebiet braucht Jahre. Unter gewissen Bedingungen kann dieser Prozess durch die Arbeit an sich selbst beschleunigt werden, wof\u00fcr man seine Komfortzone verlassen muss. Wir stellen Ihnen ein paar <strong>Empfehlungen<\/strong> vor\u00a0(Burke & Salder-Smith, 2013), die wir unter den folgenden Themen zusammengefasst haben: \u00abEinen Schritt zur Seite machen\u00bb, \u00abSich beobachten\u00bb, \u00abErkunden und bildhaftes Vorstellen\u00bb, \u00abEin ad\u00e4quates Umfeld schaffen\u00bb, \u00abBlinde Flecken aufdecken\u00bb.<\/p>\n<\/div><div class=\"fusion-clearfix\"><\/div><\/div><\/div><div class=\"fusion-layout-column fusion_builder_column fusion-builder-column-5 fusion_builder_column_2_3 2_3 fusion-two-third fusion-column-last\" style=\"--awb-bg-size:cover;width:66.666666666667%;width:calc(66.666666666667% - ( ( 4% ) * 0.66666666666667 ) );\"><div class=\"fusion-column-wrapper fusion-flex-column-wrapper-legacy\"><div class=\"fusion-text fusion-text-4\"><h5 style=\"text-align: center;\">EMPFEHLUNGEN ZUR ENTWICKLUNG INTUITIVER EXPERTISE<br \/>\nVer\u00e4ndert nach (Burke & Salder-Smith, 2013, pp. 241-242)<\/h5>\n<\/div>\n<div class=\"table-1\">\n<table width=\"100%\">\n<thead>\n<tr>\n<th width=\"134\">Themen<\/th>\n<th width=\"463\">Empfehlungen<\/th>\n<\/tr>\n<\/thead>\n<tbody>\n<tr>\n<td width=\"134\"><strong>Einen \u00abSchritt zur Seite\u00bb machen<\/strong><\/td>\n<td width=\"463\">\n<ul>\n<li>Analytisches Denken phasenweise ausschalten.<\/li>\n<li>Dilemmata und Paradoxe akzeptieren.<\/li>\n<li>Mentale Entspannung und Kontemplation praktizieren<\/li>\n<li>Vergangene Erfahrungen Revue passieren lassen.<\/li>\n<li>Die Aufmerksamkeit \u00abdefokussieren\u00bb.<\/li>\n<\/ul>\n<\/td>\n<\/tr>\n<tr>\n<td width=\"134\"><strong>Sich beobachten<\/strong><\/p>\n<p><strong>\u00a0<\/strong><\/td>\n<td width=\"463\">\n<ul>\n<li>Intuitive Empfindungen von anderen, insbesondere von emotionalen Empfindungen unterscheiden.<\/li>\n<li>Sich mit der eigenen intuitiven Funktionsweise vertraut machen.<\/li>\n<li>Emotionen als Bestandteile der Funktionsweise des intuitiven Systems erkennen.<\/li>\n<li>Ein systematisches Vorgehen entwickeln, um die eigenen Intuitionen wahrzunehmen, zu interpretieren und zu benennen.<\/li>\n<\/ul>\n<\/td>\n<\/tr>\n<tr>\n<td width=\"134\"><strong>Erkunden und bildhaftes Vorstellen<\/strong><\/td>\n<td width=\"463\">\n<ul>\n<li>Verkn\u00fcpfungen verschiedener Informationen mittels Erz\u00e4hlung, Vorstellung und mentaler Simulation erkunden.<\/li>\n<li>Bilder und Metaphern verwenden (nicht nur Worte).<\/li>\n<\/ul>\n<\/td>\n<\/tr>\n<tr>\n<td width=\"134\"><strong>Ein ad\u00e4quates Umfeld schaffen<\/strong><\/td>\n<td width=\"463\">\n<ul>\n<li>G\u00fcnstige oder weniger g\u00fcnstige Bedingungen f\u00fcr Intuition erkennen.<\/li>\n<li>Die richtigen Feedbacks aus der Umgebung ausw\u00e4hlen, um das intuitive Bewusstsein zu f\u00f6rdern.<\/li>\n<li>Ein ad\u00e4quates Umfeld schaffen (ohne negativen Stress), um die eigene Intuition weiterzuentwickeln.<\/li>\n<li>Der Inkubation von Intuition Raum lassen (d. h. R\u00e4ume schaffen, die vom zu l\u00f6senden Problem ablenken).<\/li>\n<\/ul>\n<\/td>\n<\/tr>\n<tr>\n<td width=\"134\"><strong>Blinde Flecken aufdecken<\/strong><\/td>\n<td width=\"463\">\n<ul>\n<li>Sich der Verzerrungen von Intuition bewusst sein (Fehlerquellen erkennen).<\/li>\n<li>Automatisierte Handlungen \u00fcberdenken, bevor man sie ausf\u00fchrt (\u00abcircuit breakers\u00bb).<\/li>\n<li>Das intuitive Urteil anhand von Einw\u00e4nden und Gegenargumenten \u00fcberpr\u00fcfen, um es zu festigen.<\/li>\n<li>Zuverl\u00e4ssigkeitsindikatoren f\u00fcr intuitive Urteile entwickeln.<\/li>\n<\/ul>\n<\/td>\n<\/tr>\n<\/tbody>\n<\/table>\n<\/div>\n<div class=\"fusion-clearfix\"><\/div><\/div><\/div><div class=\"fusion-layout-column fusion_builder_column fusion-builder-column-6 fusion_builder_column_1_1 1_1 fusion-one-full fusion-column-first fusion-column-last\" style=\"--awb-bg-size:cover;\"><div class=\"fusion-column-wrapper fusion-flex-column-wrapper-legacy\"><div class=\"fusion-section-separator section-separator clouds fusion-section-separator-1\" style=\"--awb-spacer-height:99px;--awb-svg-margin-left:0;--awb-svg-margin-right:0;--awb-divider-height:99px;--awb-spacer-padding-top:inherit;--awb-sep-padding:0;--awb-svg-padding:0;\"><div class=\"fusion-section-separator-svg\"><svg class=\"fusion-clouds-candy\" xmlns=\"http:\/\/www.w3.org\/2000\/svg\" version=\"1.1\" width=\"100%\" height=\"100\" viewBox=\"0 0 100 100\" preserveAspectRatio=\"none\" fill=\"rgba(246,246,246,1)\"><path d=\"M-5 100 Q 0 20 5 100 Z\"><\/path>\n\t\t\t\t\t\t\t\t<path d=\"M0 100 Q 5 0 10 100\"><\/path>\n\t\t\t\t\t\t\t\t<path d=\"M5 100 Q 10 30 15 100\"><\/path>\n\t\t\t\t\t\t\t\t<path d=\"M10 100 Q 15 10 20 100\"><\/path>\n\t\t\t\t\t\t\t\t<path d=\"M15 100 Q 20 30 25 100\"><\/path>\n\t\t\t\t\t\t\t\t<path d=\"M20 100 Q 25 -10 30 100\"><\/path>\n\t\t\t\t\t\t\t\t<path d=\"M25 100 Q 30 10 35 100\"><\/path>\n\t\t\t\t\t\t\t\t<path d=\"M30 100 Q 35 30 40 100\"><\/path>\n\t\t\t\t\t\t\t\t<path d=\"M35 100 Q 40 10 45 100\"><\/path>\n\t\t\t\t\t\t\t\t<path d=\"M40 100 Q 45 50 50 100\"><\/path>\n\t\t\t\t\t\t\t\t<path d=\"M45 100 Q 50 20 55 100\"><\/path>\n\t\t\t\t\t\t\t\t<path d=\"M50 100 Q 55 40 60 100\"><\/path>\n\t\t\t\t\t\t\t\t<path d=\"M55 100 Q 60 60 65 100\"><\/path>\n\t\t\t\t\t\t\t\t<path d=\"M60 100 Q 65 50 70 100\"><\/path>\n\t\t\t\t\t\t\t\t<path d=\"M65 100 Q 70 20 75 100\"><\/path>\n\t\t\t\t\t\t\t\t<path d=\"M70 100 Q 75 45 80 100\"><\/path>\n\t\t\t\t\t\t\t\t<path d=\"M75 100 Q 80 30 85 100\"><\/path>\n\t\t\t\t\t\t\t\t<path d=\"M80 100 Q 85 20 90 100\"><\/path>\n\t\t\t\t\t\t\t\t<path d=\"M85 100 Q 90 50 95 100\"><\/path>\n\t\t\t\t\t\t\t\t<path d=\"M90 100 Q 95 25 100 100\"><\/path>\n\t\t\t\t\t\t\t\t<path d=\"M95 100 Q 100 15 105 100 Z\"><\/path><\/svg><\/div><div class=\"fusion-section-separator-spacer\"><div class=\"fusion-section-separator-spacer-height\"><\/div><\/div><\/div><div class=\"fusion-clearfix\"><\/div><\/div><\/div><\/div><\/div><div class=\"fusion-fullwidth fullwidth-box fusion-builder-row-2 nonhundred-percent-fullwidth non-hundred-percent-height-scrolling\" style=\"--awb-border-radius-top-left:0px;--awb-border-radius-top-right:0px;--awb-border-radius-bottom-right:0px;--awb-border-radius-bottom-left:0px;--awb-flex-wrap:wrap;\" ><div class=\"fusion-builder-row fusion-row\"><div class=\"fusion-layout-column fusion_builder_column fusion-builder-column-7 fusion_builder_column_1_1 1_1 fusion-one-full fusion-column-first fusion-column-last\" style=\"--awb-bg-size:cover;\"><div class=\"fusion-column-wrapper fusion-flex-column-wrapper-legacy\"><div class=\"fusion-menu-anchor\" id=\"Boite\"><\/div><div class=\"fusion-text fusion-text-5\"><div class=\"textbox exercises\">\n<h3><img decoding=\"async\" class=\"alignnone wp-image-263\" src=\"https:\/\/agripedia.ch\/strategidea\/wp-content\/uploads\/sites\/7\/2018\/10\/Screen-Shot-10-05-18-at-03.19-PM-300x300.png\" alt=\"\" width=\"50\" height=\"50\" srcset=\"https:\/\/agripedia.ch\/strategidea\/wp-content\/uploads\/sites\/7\/2018\/10\/Screen-Shot-10-05-18-at-03.19-PM-66x66.png 66w, https:\/\/agripedia.ch\/strategidea\/wp-content\/uploads\/sites\/7\/2018\/10\/Screen-Shot-10-05-18-at-03.19-PM-150x150.png 150w, https:\/\/agripedia.ch\/strategidea\/wp-content\/uploads\/sites\/7\/2018\/10\/Screen-Shot-10-05-18-at-03.19-PM-200x200.png 200w, https:\/\/agripedia.ch\/strategidea\/wp-content\/uploads\/sites\/7\/2018\/10\/Screen-Shot-10-05-18-at-03.19-PM-300x300.png 300w, https:\/\/agripedia.ch\/strategidea\/wp-content\/uploads\/sites\/7\/2018\/10\/Screen-Shot-10-05-18-at-03.19-PM-400x400.png 400w, https:\/\/agripedia.ch\/strategidea\/wp-content\/uploads\/sites\/7\/2018\/10\/Screen-Shot-10-05-18-at-03.19-PM.png 532w\" sizes=\"(max-width: 50px) 100vw, 50px\" \/>\u00a0 Toolbox<strong><br \/>\n<\/strong><\/h3>\n<\/div>\n<\/div><div class=\"fusion-clearfix\"><\/div><\/div><\/div><div class=\"fusion-layout-column fusion_builder_column fusion-builder-column-8 fusion_builder_column_1_2 1_2 fusion-one-half fusion-column-first\" style=\"--awb-bg-size:cover;width:50%;width:calc(50% - ( ( 4% ) * 0.5 ) );margin-right: 4%;\"><div class=\"fusion-column-wrapper fusion-flex-column-wrapper-legacy\"><div class=\"fusion-text fusion-text-6\"><h4>Einen \u201eSchritt zur Seite\u201c machen<\/h4>\n<ul>\n<li><a href=\"https:\/\/agripedia.ch\/strategidea?leaky-paywall-media-download=3802\">Selbstmanagement \u00dcbung : Eine Einladung zur Entspannung<\/a><\/li>\n<li><a href=\"https:\/\/agripedia.ch\/strategidea?leaky-paywall-media-download=4088\">Selbstmanagement \u00dcbung : R\u00fcckblick auf vergangene Entscheidungen<\/a><\/li>\n<li><a href=\"https:\/\/agripedia.ch\/strategidea?leaky-paywall-media-download=4117\">Formular : von der\/den Ausgangslage(n) zur strategischen Fragestellung<\/a><\/li>\n<\/ul>\n<\/div><div class=\"fusion-clearfix\"><\/div><\/div><\/div><div class=\"fusion-layout-column fusion_builder_column fusion-builder-column-9 fusion_builder_column_1_2 1_2 fusion-one-half fusion-column-last\" style=\"--awb-bg-size:cover;width:50%;width:calc(50% - ( ( 4% ) * 0.5 ) );\"><div class=\"fusion-column-wrapper fusion-flex-column-wrapper-legacy\"><div class=\"fusion-text fusion-text-7\"><div class=\"textbox exercises\">\n<h4>\u00dcbungen um die Intuition zu fassen<\/h4>\n<\/div>\n<ul>\n<li><a href=\"https:\/\/agripedia.ch\/strategidea?leaky-paywall-media-download=3816\">Selbstmanagement \u00dcbung: Spontanes Schreiben<\/a><\/li>\n<li><a href=\"https:\/\/agripedia.ch\/strategidea?leaky-paywall-media-download=3814\" target=\"_blank\" rel=\"noopener noreferrer\">Selbstmanagement \u00dcbung: Tagebuch der intuitiven Erlebnisse<\/a><\/li>\n<\/ul>\n<\/div><div class=\"fusion-clearfix\"><\/div><\/div><\/div><\/div><\/div><\/p>\n","protected":false},"excerpt":{"rendered":"","protected":false},"author":7,"featured_media":0,"parent":2669,"menu_order":5,"comment_status":"closed","ping_status":"closed","template":"100-width.php","meta":{"_sb_is_suggestion_mode":false,"_sb_show_suggestion_boards":false,"_sb_show_comment_boards":false,"_sb_suggestion_history":"","_sb_update_block_changes":"","_monsterinsights_skip_tracking":false,"_monsterinsights_sitenote_active":false,"_monsterinsights_sitenote_note":"","_monsterinsights_sitenote_category":0,"footnotes":""},"class_list":["post-3150","page","type-page","status-publish","hentry"],"_links":{"self":[{"href":"https:\/\/agripedia.ch\/strategidea\/de\/wp-json\/wp\/v2\/pages\/3150","targetHints":{"allow":["GET"]}}],"collection":[{"href":"https:\/\/agripedia.ch\/strategidea\/de\/wp-json\/wp\/v2\/pages"}],"about":[{"href":"https:\/\/agripedia.ch\/strategidea\/de\/wp-json\/wp\/v2\/types\/page"}],"author":[{"embeddable":true,"href":"https:\/\/agripedia.ch\/strategidea\/de\/wp-json\/wp\/v2\/users\/7"}],"replies":[{"embeddable":true,"href":"https:\/\/agripedia.ch\/strategidea\/de\/wp-json\/wp\/v2\/comments?post=3150"}],"version-history":[{"count":14,"href":"https:\/\/agripedia.ch\/strategidea\/de\/wp-json\/wp\/v2\/pages\/3150\/revisions"}],"predecessor-version":[{"id":5265,"href":"https:\/\/agripedia.ch\/strategidea\/de\/wp-json\/wp\/v2\/pages\/3150\/revisions\/5265"}],"up":[{"embeddable":true,"href":"https:\/\/agripedia.ch\/strategidea\/de\/wp-json\/wp\/v2\/pages\/2669"}],"wp:attachment":[{"href":"https:\/\/agripedia.ch\/strategidea\/de\/wp-json\/wp\/v2\/media?parent=3150"}],"curies":[{"name":"wp","href":"https:\/\/api.w.org\/{rel}","templated":true}]}}