{"id":3141,"date":"2019-07-12T06:58:28","date_gmt":"2019-07-12T06:58:28","guid":{"rendered":"https:\/\/agripedia.ch\/strategidea\/?page_id=3141"},"modified":"2022-01-17T12:47:35","modified_gmt":"2022-01-17T12:47:35","slug":"einbezug-koerperlicher-emotionaler-und-intuitiver-empfindungen","status":"publish","type":"page","link":"https:\/\/agripedia.ch\/strategidea\/de\/die-strategische-intuition\/einbezug-koerperlicher-emotionaler-und-intuitiver-empfindungen\/","title":{"rendered":"Einbezug k\u00f6rperlicher, emotionaler und intuitiver Empfindungen"},"content":{"rendered":"<p><div class=\"fusion-fullwidth fullwidth-box fusion-builder-row-1 nonhundred-percent-fullwidth non-hundred-percent-height-scrolling\" style=\"--awb-border-radius-top-left:0px;--awb-border-radius-top-right:0px;--awb-border-radius-bottom-right:0px;--awb-border-radius-bottom-left:0px;--awb-flex-wrap:wrap;\" ><div class=\"fusion-builder-row fusion-row\"><div class=\"fusion-layout-column fusion_builder_column fusion-builder-column-0 fusion_builder_column_1_1 1_1 fusion-one-full fusion-column-first fusion-column-last\" style=\"--awb-bg-size:cover;--awb-margin-bottom:0px;\"><div class=\"fusion-column-wrapper fusion-flex-column-wrapper-legacy\"><div class=\"fusion-text fusion-text-1\"><h3><strong><img decoding=\"async\" class=\"alignnone wp-image-263\" src=\"https:\/\/agripedia.ch\/strategidea\/wp-content\/uploads\/sites\/7\/2018\/10\/Screen-Shot-10-05-18-at-03.19-PM-300x300.png\" alt=\"\" width=\"50\" height=\"50\" srcset=\"https:\/\/agripedia.ch\/strategidea\/wp-content\/uploads\/sites\/7\/2018\/10\/Screen-Shot-10-05-18-at-03.19-PM-66x66.png 66w, https:\/\/agripedia.ch\/strategidea\/wp-content\/uploads\/sites\/7\/2018\/10\/Screen-Shot-10-05-18-at-03.19-PM-150x150.png 150w, https:\/\/agripedia.ch\/strategidea\/wp-content\/uploads\/sites\/7\/2018\/10\/Screen-Shot-10-05-18-at-03.19-PM-200x200.png 200w, https:\/\/agripedia.ch\/strategidea\/wp-content\/uploads\/sites\/7\/2018\/10\/Screen-Shot-10-05-18-at-03.19-PM-300x300.png 300w, https:\/\/agripedia.ch\/strategidea\/wp-content\/uploads\/sites\/7\/2018\/10\/Screen-Shot-10-05-18-at-03.19-PM-400x400.png 400w, https:\/\/agripedia.ch\/strategidea\/wp-content\/uploads\/sites\/7\/2018\/10\/Screen-Shot-10-05-18-at-03.19-PM.png 532w\" sizes=\"(max-width: 50px) 100vw, 50px\" \/> Einbezug k\u00f6rperlicher, emotionaler und intuitiver Empfindungen<br \/>\n<\/strong><\/h3>\n<p>Im vorherigen Kapitel haben wir die Bedeutung der pers\u00f6nlichen F\u00e4higkeiten zur Adaptation mentaler Abk\u00fcrzungen angesprochen. Da \u00dcberzeugungen Teil von uns sind, handelt es sich um ein sehr sensibles, mit Emotionen behaftetes Thema. Die Plastizit\u00e4t eines \u00dcberzeugungsger\u00fcstes ist eng mit Emotionen, der k\u00f6rperlichen Verfassung und dem daraus resultierenden positiven (oder negativen) Selbstvertrauen verkn\u00fcpft.<\/p>\n<p>Damit ein gutes intuitives Urteil m\u00f6glich wird, m\u00fcssen die <strong>k\u00f6rperlichen<\/strong>, <strong>emotionalen<\/strong>, <strong>intuitiven<\/strong> und <strong>rationalen<\/strong> Parameter alle an der Urteilsbildung beteiligt sein.<\/p>\n<\/div><div class=\"fusion-clearfix\"><\/div><\/div><\/div><div class=\"fusion-layout-column fusion_builder_column fusion-builder-column-1 fusion_builder_column_1_3 1_3 fusion-one-third fusion-column-first\" style=\"--awb-bg-size:cover;width:33.333333333333%;width:calc(33.333333333333% - ( ( 4% ) * 0.33333333333333 ) );margin-right: 4%;\"><div class=\"fusion-column-wrapper fusion-flex-column-wrapper-legacy\"><div class=\"fusion-text fusion-text-2\"><p>Wer die Intuition als Kompass nutzen m\u00f6chte, muss sich mit den eigenen<strong> intuitiven<\/strong> <strong>Empfindungen <\/strong>auseinandersetzen und sie von emotionalen Empfindungen zu unterscheiden wissen. Intuitive Empfindungen, selbst wenn sie eine Portion Emotion beinhalten, sind subtiler. Starke emotionale Empfindungen wie Freude, Angst oder Liebe k\u00f6nnen die verhaltene Intuition leicht verdecken. Das eine darf also nicht mit dem anderen verwechselt werden. Wie stark das Bewusstsein f\u00fcr die intuitiven Empfindungen ist, variiert von Person zu Person. Wir k\u00f6nnen jedoch drei Hauptbereiche ausmachen, die die bewusste Wahrnehmung der Intuition f\u00f6rdern (Rosselet-Capt, 2016).<\/p>\n<\/div><div class=\"fusion-clearfix\"><\/div><\/div><\/div><div class=\"fusion-layout-column fusion_builder_column fusion-builder-column-2 fusion_builder_column_2_3 2_3 fusion-two-third fusion-column-last\" style=\"--awb-bg-size:cover;width:66.666666666667%;width:calc(66.666666666667% - ( ( 4% ) * 0.66666666666667 ) );\"><div class=\"fusion-column-wrapper fusion-flex-column-wrapper-legacy\"><div class=\"fusion-text fusion-text-3\"><p style=\"text-align: center\"><a name=\"_Toc488907651\"><\/a><a name=\"_Toc488491878\"><\/a>ABBILDUNG \u2013 DIE DREI SPH\u00c4REN DES INTUITIVEN BEWUSSTSEINS<\/p>\n<p style=\"text-align: center\">Nach einer Studie aus dem Krankenpflegekontext zitiert in (Rossselet-Capt, 2016).<\/p>\n<\/div>\n<div class=\"table-1\">\n<table width=\"100%\">\n<tbody>\n<tr>\n<td width=\"159\"><strong>Emotionales Bewusstsein<\/strong><\/td>\n<td width=\"321\">Wie ein vages Gef\u00fchl, dass \u00abes schlecht ausgehen wird\u00bb oder dass \u00abeine Katastrophe eintreten wird\u00bb. Die Emotionen werden als fremd und eigenartig beschrieben.<\/td>\n<\/tr>\n<tr>\n<td width=\"159\"><strong>Physisches Bewusstsein<\/strong><\/td>\n<td width=\"321\">Das physische Bewusstsein ist eine Art Empfindung, die \u00abaus dem Bauch heraus\u00bb oder \u00fcber die f\u00fcnf Sinne aufzutauchen scheint, wie eine \u00abinnere Stimme\u00bb. Damit verbundene k\u00f6rperliche Anzeichen k\u00f6nnen muskul\u00e4re Anspannungen, schwitzige H\u00e4nde oder ein erh\u00f6hter Herzschlag sein. Sie zeigen an, dass etwas im Gange ist.<\/td>\n<\/tr>\n<tr>\n<td width=\"159\"><strong>Gef\u00fchl von \u00abVernetzung\u00bb<\/strong><\/td>\n<td width=\"321\">Das Gef\u00fchl, dass alles universell miteinander vernetzt ist. Das Gef\u00fchl \u00e4ussert sich entweder physisch als k\u00f6rperlich empfundene \u00abEnergie\u00bb oder spirituell. Ein solches \u00abgut feel\u00bb steht im Einklang mit der Hypothese der somatischen Marker von Antonio Damasio (Reaktivierung physiologischer Reaktionen, die mit der pers\u00f6nlichen Geschichte und mit fr\u00fcheren Erfahrungen in Resonanz stehen).<\/td>\n<\/tr>\n<\/tbody>\n<\/table>\n<\/div>\n<div class=\"fusion-clearfix\"><\/div><\/div><\/div><div class=\"fusion-layout-column fusion_builder_column fusion-builder-column-3 fusion_builder_column_1_1 1_1 fusion-one-full fusion-column-first fusion-column-last\" style=\"--awb-bg-size:cover;\"><div class=\"fusion-column-wrapper fusion-flex-column-wrapper-legacy\"><div class=\"fusion-text fusion-text-4\"><p>Es geht auch darum, die Empfindungen zu erkennen, die die Intuition verf\u00e4lschen und auf Angst, Verletzungen oder illusorische W\u00fcnsche zur\u00fcckzuf\u00fchren sind. Sie behindern ein effizientes intuitives Urteil.<\/p>\n<p><strong>Emotionen<\/strong> (Freude, Wut \u2026) k\u00f6nnen sowohl analytisches Denken als auch intuitive Eingebungen f\u00f6rdern. Positive wie negative Emotionen sind kr\u00e4ftige <strong>Motivation<\/strong>santriebe f\u00fcrs Handeln.\u00a0 Die Intensit\u00e4t der Emotion ist entscheidend. Obschon \u00fcberbordende Emotionen mit einer strategischen Orientierung nicht vereinbar sind, sind sie hilfreiche Alarmsignale. Emotionen von geringerer oder mittlerer Intensit\u00e4t k\u00f6nnen im Gegenzug als Triebfedern f\u00fcr die Handlung wirken und das Engagement in der strategischen Entwicklung verst\u00e4rken. Somit sind Emotionen jeder Intensit\u00e4t Indikatoren, deren Untersuchung sich lohnt.<\/p>\n<p>Wie wir bereits gesehen haben, kommt <strong>analytisches Denken<\/strong> weitgehend ohne emotionalen Bezug aus. Eine motivierte Person kann jedoch den Willen, den es dazu braucht, besser aufbringen.<\/p>\n<\/div><div class=\"fusion-section-separator section-separator slant fusion-section-separator-1\" style=\"--awb-spacer-height:99px;--awb-svg-margin-left:0;--awb-svg-margin-right:0;--awb-divider-height:99px;--awb-spacer-padding-top:inherit;--awb-sep-padding:0;--awb-svg-padding:0;\"><div class=\"fusion-section-separator-svg\"><svg class=\"fusion-slant-candy\" xmlns=\"http:\/\/www.w3.org\/2000\/svg\" version=\"1.1\" width=\"100%\" height=\"100\" viewBox=\"0 0 100 100\" preserveAspectRatio=\"none\" fill=\"rgba(246,246,246,1)\"><path d=\"M100 0 L100 100 L0 0 Z\"><\/path><\/svg><\/div><div class=\"fusion-section-separator-spacer\"><div class=\"fusion-section-separator-spacer-height\"><\/div><\/div><\/div><div class=\"fusion-clearfix\"><\/div><\/div><\/div><div class=\"fusion-layout-column fusion_builder_column fusion-builder-column-4 fusion_builder_column_1_2 1_2 fusion-one-half fusion-column-first\" style=\"--awb-bg-size:cover;width:50%;width:calc(50% - ( ( 4% ) * 0.5 ) );margin-right: 4%;\"><div class=\"fusion-column-wrapper fusion-flex-column-wrapper-legacy\"><div class=\"fusion-text fusion-text-5\"><p>Die Triade <strong>EMOTION \u2013 INTUITION \u2013 ANALYTISCHES DENKEN <\/strong>wird schematisch als Entscheidungsdreieck (Vortex) dargestellt (Coget, 2013). Die Intuition unterst\u00fctzt die \u00dcberpr\u00fcfung der Grundlagen einer Entscheidung, einer Analyse oder einer Schlussfolgerung und f\u00f6rdert Neues zu Tage. Dabei gibt der intuitive Kompass vor, \u00abwas zu tun oder zu denken ist\u00bb. Mit analytischem Denken wird \u00fcberpr\u00fcft, ob die intuitiven Entscheidungen in Sackgassen f\u00fchren oder Fehler enthalten, oder die Entscheidungen werden best\u00e4tigt bzw. ausgefeilt. Die Emotionen (die mit k\u00f6rperlichen Empfindungen verbunden sind) wirken als Triebfeder f\u00fcr die Handlung oder helfen dabei, die eigenen Grenzen festzulegen, indem sie Entscheidungsprozesse unterbrechen, wenn die Emotions-Intensit\u00e4t zu stark wird.<\/p>\n<\/div><div class=\"fusion-text fusion-text-6\"><p>Das Zusammenspiel von EMOTION \u2013 INTUITION \u2013 ANALYTISCHEM DENKEN f\u00f6rdert:<\/p>\n<ul>\n<li>die Vertiefung der Expertise und die Plastizit\u00e4t des mentalen Schemas;<\/li>\n<li>das Zurechtkommen mit kritischen Entscheidungen;<\/li>\n<li>die Kreativit\u00e4t, die Entwicklung von neuen Ideen und die analytische<\/li>\n<\/ul>\n<\/div><div class=\"fusion-clearfix\"><\/div><\/div><\/div><div class=\"fusion-layout-column fusion_builder_column fusion-builder-column-5 fusion_builder_column_1_2 1_2 fusion-one-half fusion-column-last\" style=\"--awb-bg-size:cover;width:50%;width:calc(50% - ( ( 4% ) * 0.5 ) );\"><div class=\"fusion-column-wrapper fusion-flex-column-wrapper-legacy\"><div class=\"fusion-text fusion-text-7\"><p style=\"text-align: center\"><a name=\"_Toc488907652\"><\/a><a name=\"_Toc488491879\"><\/a>ABBILDUNG \u2013 DAS DREIECK EMOTION \u2013 INTUITION \u2013 ANALYTISCHES DENKEN<\/p>\n<p style=\"text-align: center\">Inspiriert vom Vortex-Entscheidungsdreieck (Coget, 2013)<\/p>\n<p><img decoding=\"async\" class=\"aligncenter wp-image-4279 size-full\" src=\"https:\/\/agripedia.ch\/strategidea\/wp-content\/uploads\/sites\/7\/2021\/11\/Index4_LA-TRIADE-EMOTION-INTUITION-RAISONNEMENT_DE.png\" alt=\"\" width=\"1466\" height=\"778\" srcset=\"https:\/\/agripedia.ch\/strategidea\/wp-content\/uploads\/sites\/7\/2021\/11\/Index4_LA-TRIADE-EMOTION-INTUITION-RAISONNEMENT_DE-200x106.png 200w, https:\/\/agripedia.ch\/strategidea\/wp-content\/uploads\/sites\/7\/2021\/11\/Index4_LA-TRIADE-EMOTION-INTUITION-RAISONNEMENT_DE-300x159.png 300w, https:\/\/agripedia.ch\/strategidea\/wp-content\/uploads\/sites\/7\/2021\/11\/Index4_LA-TRIADE-EMOTION-INTUITION-RAISONNEMENT_DE-400x212.png 400w, https:\/\/agripedia.ch\/strategidea\/wp-content\/uploads\/sites\/7\/2021\/11\/Index4_LA-TRIADE-EMOTION-INTUITION-RAISONNEMENT_DE-600x318.png 600w, https:\/\/agripedia.ch\/strategidea\/wp-content\/uploads\/sites\/7\/2021\/11\/Index4_LA-TRIADE-EMOTION-INTUITION-RAISONNEMENT_DE-768x408.png 768w, https:\/\/agripedia.ch\/strategidea\/wp-content\/uploads\/sites\/7\/2021\/11\/Index4_LA-TRIADE-EMOTION-INTUITION-RAISONNEMENT_DE-800x425.png 800w, https:\/\/agripedia.ch\/strategidea\/wp-content\/uploads\/sites\/7\/2021\/11\/Index4_LA-TRIADE-EMOTION-INTUITION-RAISONNEMENT_DE-1024x543.png 1024w, https:\/\/agripedia.ch\/strategidea\/wp-content\/uploads\/sites\/7\/2021\/11\/Index4_LA-TRIADE-EMOTION-INTUITION-RAISONNEMENT_DE-1200x637.png 1200w, https:\/\/agripedia.ch\/strategidea\/wp-content\/uploads\/sites\/7\/2021\/11\/Index4_LA-TRIADE-EMOTION-INTUITION-RAISONNEMENT_DE.png 1466w\" sizes=\"(max-width: 1466px) 100vw, 1466px\" \/><\/p>\n<\/div><div class=\"fusion-clearfix\"><\/div><\/div><\/div><div class=\"fusion-layout-column fusion_builder_column fusion-builder-column-6 fusion_builder_column_1_1 1_1 fusion-one-full fusion-column-first fusion-column-last\" style=\"--awb-bg-size:cover;\"><div class=\"fusion-column-wrapper fusion-flex-column-wrapper-legacy\"><div class=\"fusion-section-separator section-separator clouds fusion-section-separator-2\" style=\"--awb-spacer-height:99px;--awb-svg-margin-left:0;--awb-svg-margin-right:0;--awb-divider-height:99px;--awb-spacer-padding-top:inherit;--awb-sep-padding:0;--awb-svg-padding:0;\"><div class=\"fusion-section-separator-svg\"><svg class=\"fusion-clouds-candy\" xmlns=\"http:\/\/www.w3.org\/2000\/svg\" version=\"1.1\" width=\"100%\" height=\"100\" viewBox=\"0 0 100 100\" preserveAspectRatio=\"none\" fill=\"rgba(246,246,246,1)\"><path d=\"M-5 100 Q 0 20 5 100 Z\"><\/path>\n\t\t\t\t\t\t\t\t<path d=\"M0 100 Q 5 0 10 100\"><\/path>\n\t\t\t\t\t\t\t\t<path d=\"M5 100 Q 10 30 15 100\"><\/path>\n\t\t\t\t\t\t\t\t<path d=\"M10 100 Q 15 10 20 100\"><\/path>\n\t\t\t\t\t\t\t\t<path d=\"M15 100 Q 20 30 25 100\"><\/path>\n\t\t\t\t\t\t\t\t<path d=\"M20 100 Q 25 -10 30 100\"><\/path>\n\t\t\t\t\t\t\t\t<path d=\"M25 100 Q 30 10 35 100\"><\/path>\n\t\t\t\t\t\t\t\t<path d=\"M30 100 Q 35 30 40 100\"><\/path>\n\t\t\t\t\t\t\t\t<path d=\"M35 100 Q 40 10 45 100\"><\/path>\n\t\t\t\t\t\t\t\t<path d=\"M40 100 Q 45 50 50 100\"><\/path>\n\t\t\t\t\t\t\t\t<path d=\"M45 100 Q 50 20 55 100\"><\/path>\n\t\t\t\t\t\t\t\t<path d=\"M50 100 Q 55 40 60 100\"><\/path>\n\t\t\t\t\t\t\t\t<path d=\"M55 100 Q 60 60 65 100\"><\/path>\n\t\t\t\t\t\t\t\t<path d=\"M60 100 Q 65 50 70 100\"><\/path>\n\t\t\t\t\t\t\t\t<path d=\"M65 100 Q 70 20 75 100\"><\/path>\n\t\t\t\t\t\t\t\t<path d=\"M70 100 Q 75 45 80 100\"><\/path>\n\t\t\t\t\t\t\t\t<path d=\"M75 100 Q 80 30 85 100\"><\/path>\n\t\t\t\t\t\t\t\t<path d=\"M80 100 Q 85 20 90 100\"><\/path>\n\t\t\t\t\t\t\t\t<path d=\"M85 100 Q 90 50 95 100\"><\/path>\n\t\t\t\t\t\t\t\t<path d=\"M90 100 Q 95 25 100 100\"><\/path>\n\t\t\t\t\t\t\t\t<path d=\"M95 100 Q 100 15 105 100 Z\"><\/path><\/svg><\/div><div class=\"fusion-section-separator-spacer\"><div class=\"fusion-section-separator-spacer-height\"><\/div><\/div><\/div><div class=\"fusion-clearfix\"><\/div><\/div><\/div><\/div><\/div><div class=\"fusion-fullwidth fullwidth-box fusion-builder-row-2 nonhundred-percent-fullwidth non-hundred-percent-height-scrolling\" style=\"--awb-border-radius-top-left:0px;--awb-border-radius-top-right:0px;--awb-border-radius-bottom-right:0px;--awb-border-radius-bottom-left:0px;--awb-flex-wrap:wrap;\" ><div class=\"fusion-builder-row fusion-row\"><div class=\"fusion-layout-column fusion_builder_column fusion-builder-column-7 fusion_builder_column_1_1 1_1 fusion-one-full fusion-column-first fusion-column-last\" style=\"--awb-bg-size:cover;\"><div class=\"fusion-column-wrapper fusion-flex-column-wrapper-legacy\"><div class=\"fusion-menu-anchor\" id=\"Boite\"><\/div><div class=\"fusion-text fusion-text-8\"><h3><strong><img decoding=\"async\" class=\"alignnone wp-image-263\" src=\"https:\/\/agripedia.ch\/strategidea\/wp-content\/uploads\/sites\/7\/2018\/10\/Screen-Shot-10-05-18-at-03.19-PM-300x300.png\" alt=\"\" width=\"50\" height=\"50\" srcset=\"https:\/\/agripedia.ch\/strategidea\/wp-content\/uploads\/sites\/7\/2018\/10\/Screen-Shot-10-05-18-at-03.19-PM-66x66.png 66w, https:\/\/agripedia.ch\/strategidea\/wp-content\/uploads\/sites\/7\/2018\/10\/Screen-Shot-10-05-18-at-03.19-PM-150x150.png 150w, https:\/\/agripedia.ch\/strategidea\/wp-content\/uploads\/sites\/7\/2018\/10\/Screen-Shot-10-05-18-at-03.19-PM-200x200.png 200w, https:\/\/agripedia.ch\/strategidea\/wp-content\/uploads\/sites\/7\/2018\/10\/Screen-Shot-10-05-18-at-03.19-PM-300x300.png 300w, https:\/\/agripedia.ch\/strategidea\/wp-content\/uploads\/sites\/7\/2018\/10\/Screen-Shot-10-05-18-at-03.19-PM-400x400.png 400w, https:\/\/agripedia.ch\/strategidea\/wp-content\/uploads\/sites\/7\/2018\/10\/Screen-Shot-10-05-18-at-03.19-PM.png 532w\" sizes=\"(max-width: 50px) 100vw, 50px\" \/>\u00a0 Toolbox<\/strong><\/h3>\n<\/div><div class=\"fusion-clearfix\"><\/div><\/div><\/div><div class=\"fusion-layout-column fusion_builder_column fusion-builder-column-8 fusion_builder_column_1_2 1_2 fusion-one-half fusion-column-first\" style=\"--awb-bg-size:cover;width:50%;width:calc(50% - ( ( 4% ) * 0.5 ) );margin-right: 4%;\"><div class=\"fusion-column-wrapper fusion-flex-column-wrapper-legacy\"><div class=\"fusion-text fusion-text-9\"><h4><strong>Werkzeuge f\u00fcr den Berater\/die Beraterin<\/strong><\/h4>\n<p>Vier Grundemotionen erfordern die Aufmerksamkeit des Beraters\/der Beraterin: Angst, Wut, Traurigkeit und Freude. Das Diagramm \u201eFokus auf die 4 Grundemotionen\u201c fasst die Ausl\u00f6ser, nat\u00fcrlichen Reflexe und Bed\u00fcrfnisse zusammen, die durch die Emotion hervorgerufen werden.<\/p>\n<ul>\n<li><a href=\"https:\/\/agripedia.ch\/strategidea?leaky-paywall-media-download=3790\" target=\"_blank\" rel=\"noopener noreferrer\">Schema: Fokus auf die 4 Grundemotionen<\/a><\/li>\n<\/ul>\n<p>Das Schema \u201ePlutchiks Rad der Emotionen\u201c erm\u00f6glicht eine Abstufung der Gef\u00fchle um 8 Grundemotionen (ver\u00e4rgert-\u00e4ngstlich, traurig-froh, aufmerksam-\u00fcberrascht, ablehnend-vertrauend). Das Werkzeug f\u00fcr den Berater, das sich an diesem Rad der Emotionen orientiert, ist ein Satz von Karten zum Ausschneiden. Auf diesen stehen Adjektive, die ein bestimmtes Gef\u00fchl ausdr\u00fccken.<\/p>\n<ul>\n<li><a href=\"https:\/\/agripedia.ch\/strategidea?leaky-paywall-media-download=3792\" target=\"_blank\" rel=\"noopener noreferrer\">Diagramm: Plutchiks Rad der Emotionen<\/a><\/li>\n<li><a href=\"https:\/\/agripedia.ch\/strategidea?leaky-paywall-media-download=3794\" target=\"_blank\" rel=\"noopener noreferrer\">Karten zum Ausschneiden: Ich f\u00fchle mich\u2026<\/a><\/li>\n<li><a href=\"https:\/\/agripedia.ch\/strategidea?leaky-paywall-media-download=3796\" target=\"_blank\" rel=\"noopener noreferrer\">Moderationstechnik: Wetterstation<\/a><\/li>\n<\/ul>\n<\/div><div class=\"fusion-clearfix\"><\/div><\/div><\/div><div class=\"fusion-layout-column fusion_builder_column fusion-builder-column-9 fusion_builder_column_1_2 1_2 fusion-one-half fusion-column-last\" style=\"--awb-bg-size:cover;width:50%;width:calc(50% - ( ( 4% ) * 0.5 ) );\"><div class=\"fusion-column-wrapper fusion-flex-column-wrapper-legacy\"><div class=\"fusion-text fusion-text-10\"><h4><strong>\u00dcbungen zum Selbstmanagement<\/strong><\/h4>\n<ul>\n<li><a href=\"https:\/\/agripedia.ch\/strategidea?leaky-paywall-media-download=3798\" target=\"_blank\" rel=\"noopener noreferrer\">Selbstmanagement-\u00dcbung: W\u00e4re ich\u2026<\/a><\/li>\n<li><a href=\"https:\/\/agripedia.ch\/strategidea?leaky-paywall-media-download=3800\" target=\"_blank\" rel=\"noopener noreferrer\">Selbstmanagement-\u00dcbung: Die f\u00fcnf Sinne nutzen<\/a><\/li>\n<li><a href=\"https:\/\/agripedia.ch\/strategidea?leaky-paywall-media-download=3802\" target=\"_blank\" rel=\"noopener noreferrer\">Selbstmanagement-\u00dcbung: Eine Einladung zur Entspannung<\/a><\/li>\n<li><a href=\"https:\/\/agripedia.ch\/strategidea?leaky-paywall-media-download=3804\" target=\"_blank\" rel=\"noopener noreferrer\">Selbstmanagement-\u00dcbung: Zeichnen Sie Ihre Gef\u00fchle im K\u00f6rper<\/a><\/li>\n<li><a href=\"https:\/\/agripedia.ch\/strategidea?leaky-paywall-media-download=3806\" target=\"_blank\" rel=\"noopener noreferrer\">Selbstmanagement-\u00dcbung: Messung der emotionalen Temperatur<\/a><\/li>\n<\/ul>\n<\/div><div class=\"fusion-clearfix\"><\/div><\/div><\/div><div class=\"fusion-layout-column fusion_builder_column fusion-builder-column-10 fusion_builder_column_1_1 1_1 fusion-one-full fusion-column-first fusion-column-last\" style=\"--awb-bg-size:cover;\"><div class=\"fusion-column-wrapper fusion-flex-column-wrapper-legacy\"><div class=\"fusion-section-separator section-separator clouds fusion-section-separator-3\" style=\"--awb-spacer-height:99px;--awb-svg-margin-left:0;--awb-svg-margin-right:0;--awb-divider-height:99px;--awb-spacer-padding-top:inherit;--awb-sep-padding:0;--awb-svg-padding:0;\"><div class=\"fusion-section-separator-svg\"><svg class=\"fusion-clouds-candy\" xmlns=\"http:\/\/www.w3.org\/2000\/svg\" version=\"1.1\" width=\"100%\" height=\"100\" viewBox=\"0 0 100 100\" preserveAspectRatio=\"none\" fill=\"rgba(246,246,246,1)\"><path d=\"M-5 100 Q 0 20 5 100 Z\"><\/path>\n\t\t\t\t\t\t\t\t<path d=\"M0 100 Q 5 0 10 100\"><\/path>\n\t\t\t\t\t\t\t\t<path d=\"M5 100 Q 10 30 15 100\"><\/path>\n\t\t\t\t\t\t\t\t<path d=\"M10 100 Q 15 10 20 100\"><\/path>\n\t\t\t\t\t\t\t\t<path d=\"M15 100 Q 20 30 25 100\"><\/path>\n\t\t\t\t\t\t\t\t<path d=\"M20 100 Q 25 -10 30 100\"><\/path>\n\t\t\t\t\t\t\t\t<path d=\"M25 100 Q 30 10 35 100\"><\/path>\n\t\t\t\t\t\t\t\t<path d=\"M30 100 Q 35 30 40 100\"><\/path>\n\t\t\t\t\t\t\t\t<path d=\"M35 100 Q 40 10 45 100\"><\/path>\n\t\t\t\t\t\t\t\t<path d=\"M40 100 Q 45 50 50 100\"><\/path>\n\t\t\t\t\t\t\t\t<path d=\"M45 100 Q 50 20 55 100\"><\/path>\n\t\t\t\t\t\t\t\t<path d=\"M50 100 Q 55 40 60 100\"><\/path>\n\t\t\t\t\t\t\t\t<path d=\"M55 100 Q 60 60 65 100\"><\/path>\n\t\t\t\t\t\t\t\t<path d=\"M60 100 Q 65 50 70 100\"><\/path>\n\t\t\t\t\t\t\t\t<path d=\"M65 100 Q 70 20 75 100\"><\/path>\n\t\t\t\t\t\t\t\t<path d=\"M70 100 Q 75 45 80 100\"><\/path>\n\t\t\t\t\t\t\t\t<path d=\"M75 100 Q 80 30 85 100\"><\/path>\n\t\t\t\t\t\t\t\t<path d=\"M80 100 Q 85 20 90 100\"><\/path>\n\t\t\t\t\t\t\t\t<path d=\"M85 100 Q 90 50 95 100\"><\/path>\n\t\t\t\t\t\t\t\t<path d=\"M90 100 Q 95 25 100 100\"><\/path>\n\t\t\t\t\t\t\t\t<path d=\"M95 100 Q 100 15 105 100 Z\"><\/path><\/svg><\/div><div class=\"fusion-section-separator-spacer\"><div class=\"fusion-section-separator-spacer-height\"><\/div><\/div><\/div><div class=\"fusion-clearfix\"><\/div><\/div><\/div><\/div><\/div><div class=\"fusion-fullwidth fullwidth-box fusion-builder-row-3 nonhundred-percent-fullwidth non-hundred-percent-height-scrolling\" style=\"--awb-border-radius-top-left:0px;--awb-border-radius-top-right:0px;--awb-border-radius-bottom-right:0px;--awb-border-radius-bottom-left:0px;--awb-flex-wrap:wrap;\" ><div class=\"fusion-builder-row fusion-row\"><div class=\"fusion-layout-column fusion_builder_column fusion-builder-column-11 fusion_builder_column_1_1 1_1 fusion-one-full fusion-column-first fusion-column-last\" style=\"--awb-bg-size:cover;\"><div class=\"fusion-column-wrapper fusion-flex-column-wrapper-legacy\"><div class=\"fusion-menu-anchor\" id=\"Loin\"><\/div><div class=\"fusion-text fusion-text-11\"><h3><strong><img decoding=\"async\" class=\"alignnone wp-image-263\" src=\"https:\/\/agripedia.ch\/strategidea\/wp-content\/uploads\/sites\/7\/2018\/10\/Screen-Shot-10-05-18-at-03.19-PM-300x300.png\" alt=\"\" width=\"50\" height=\"50\" srcset=\"https:\/\/agripedia.ch\/strategidea\/wp-content\/uploads\/sites\/7\/2018\/10\/Screen-Shot-10-05-18-at-03.19-PM-66x66.png 66w, https:\/\/agripedia.ch\/strategidea\/wp-content\/uploads\/sites\/7\/2018\/10\/Screen-Shot-10-05-18-at-03.19-PM-150x150.png 150w, https:\/\/agripedia.ch\/strategidea\/wp-content\/uploads\/sites\/7\/2018\/10\/Screen-Shot-10-05-18-at-03.19-PM-200x200.png 200w, https:\/\/agripedia.ch\/strategidea\/wp-content\/uploads\/sites\/7\/2018\/10\/Screen-Shot-10-05-18-at-03.19-PM-300x300.png 300w, https:\/\/agripedia.ch\/strategidea\/wp-content\/uploads\/sites\/7\/2018\/10\/Screen-Shot-10-05-18-at-03.19-PM-400x400.png 400w, https:\/\/agripedia.ch\/strategidea\/wp-content\/uploads\/sites\/7\/2018\/10\/Screen-Shot-10-05-18-at-03.19-PM.png 532w\" sizes=\"(max-width: 50px) 100vw, 50px\" \/>\u00a0 Weiter gehen<br \/>\n<\/strong><\/h3>\n<ul>\n<li><a href=\"http:\/\/www.zrm.ch\" target=\"_blank\" rel=\"noopener noreferrer\">Z\u00fcrcher Ressourcen Modell ZRM\u00ae<\/a><\/li>\n<li><a href=\"https:\/\/agripedia.ch\/strategidea\/wp-content\/uploads\/sites\/7\/2019\/04\/Article_M\u00e9dition-en-pleine-conscience_2010_Christophe-Andre.pdf\" target=\"_blank\" rel=\"noopener noreferrer\">La m\u00e9ditation de pleine conscience par Christophe Andr\u00e9, Cerveau&Psycho \u2013 n\u00b0 41 septembre \u2013 octobre 2010<\/a><\/li>\n<\/ul>\n<\/div><div class=\"fusion-clearfix\"><\/div><\/div><\/div><\/div><\/div><\/p>\n","protected":false},"excerpt":{"rendered":"","protected":false},"author":7,"featured_media":0,"parent":2669,"menu_order":3,"comment_status":"closed","ping_status":"closed","template":"100-width.php","meta":{"_sb_is_suggestion_mode":false,"_sb_show_suggestion_boards":false,"_sb_show_comment_boards":false,"_sb_suggestion_history":"","_sb_update_block_changes":"","_monsterinsights_skip_tracking":false,"_monsterinsights_sitenote_active":false,"_monsterinsights_sitenote_note":"","_monsterinsights_sitenote_category":0,"footnotes":""},"class_list":["post-3141","page","type-page","status-publish","hentry"],"_links":{"self":[{"href":"https:\/\/agripedia.ch\/strategidea\/de\/wp-json\/wp\/v2\/pages\/3141","targetHints":{"allow":["GET"]}}],"collection":[{"href":"https:\/\/agripedia.ch\/strategidea\/de\/wp-json\/wp\/v2\/pages"}],"about":[{"href":"https:\/\/agripedia.ch\/strategidea\/de\/wp-json\/wp\/v2\/types\/page"}],"author":[{"embeddable":true,"href":"https:\/\/agripedia.ch\/strategidea\/de\/wp-json\/wp\/v2\/users\/7"}],"replies":[{"embeddable":true,"href":"https:\/\/agripedia.ch\/strategidea\/de\/wp-json\/wp\/v2\/comments?post=3141"}],"version-history":[{"count":14,"href":"https:\/\/agripedia.ch\/strategidea\/de\/wp-json\/wp\/v2\/pages\/3141\/revisions"}],"predecessor-version":[{"id":5228,"href":"https:\/\/agripedia.ch\/strategidea\/de\/wp-json\/wp\/v2\/pages\/3141\/revisions\/5228"}],"up":[{"embeddable":true,"href":"https:\/\/agripedia.ch\/strategidea\/de\/wp-json\/wp\/v2\/pages\/2669"}],"wp:attachment":[{"href":"https:\/\/agripedia.ch\/strategidea\/de\/wp-json\/wp\/v2\/media?parent=3141"}],"curies":[{"name":"wp","href":"https:\/\/api.w.org\/{rel}","templated":true}]}}