{"id":3138,"date":"2019-07-12T06:57:49","date_gmt":"2019-07-12T06:57:49","guid":{"rendered":"https:\/\/agripedia.ch\/strategidea\/?page_id=3138"},"modified":"2022-05-31T07:34:12","modified_gmt":"2022-05-31T07:34:12","slug":"komplexitaet-verstehen","status":"publish","type":"page","link":"https:\/\/agripedia.ch\/strategidea\/de\/die-strategische-intuition\/komplexitaet-verstehen\/","title":{"rendered":"Komplexit\u00e4t verstehen"},"content":{"rendered":"<p><div class=\"fusion-fullwidth fullwidth-box fusion-builder-row-1 nonhundred-percent-fullwidth non-hundred-percent-height-scrolling\" style=\"--awb-border-radius-top-left:0px;--awb-border-radius-top-right:0px;--awb-border-radius-bottom-right:0px;--awb-border-radius-bottom-left:0px;--awb-flex-wrap:wrap;\" ><div class=\"fusion-builder-row fusion-row\"><div class=\"fusion-layout-column fusion_builder_column fusion-builder-column-0 fusion_builder_column_1_2 1_2 fusion-one-half fusion-column-first\" style=\"--awb-bg-size:cover;--awb-margin-bottom:0px;width:48%; margin-right: 4%;\"><div class=\"fusion-column-wrapper fusion-flex-column-wrapper-legacy\"><div class=\"fusion-text fusion-text-1\"><h3><strong><img decoding=\"async\" class=\"alignnone wp-image-263\" src=\"https:\/\/agripedia.ch\/strategidea\/wp-content\/uploads\/sites\/7\/2018\/10\/Screen-Shot-10-05-18-at-03.19-PM-300x300.png\" alt=\"\" width=\"50\" height=\"50\" srcset=\"https:\/\/agripedia.ch\/strategidea\/wp-content\/uploads\/sites\/7\/2018\/10\/Screen-Shot-10-05-18-at-03.19-PM-66x66.png 66w, https:\/\/agripedia.ch\/strategidea\/wp-content\/uploads\/sites\/7\/2018\/10\/Screen-Shot-10-05-18-at-03.19-PM-150x150.png 150w, https:\/\/agripedia.ch\/strategidea\/wp-content\/uploads\/sites\/7\/2018\/10\/Screen-Shot-10-05-18-at-03.19-PM-200x200.png 200w, https:\/\/agripedia.ch\/strategidea\/wp-content\/uploads\/sites\/7\/2018\/10\/Screen-Shot-10-05-18-at-03.19-PM-300x300.png 300w, https:\/\/agripedia.ch\/strategidea\/wp-content\/uploads\/sites\/7\/2018\/10\/Screen-Shot-10-05-18-at-03.19-PM-400x400.png 400w, https:\/\/agripedia.ch\/strategidea\/wp-content\/uploads\/sites\/7\/2018\/10\/Screen-Shot-10-05-18-at-03.19-PM.png 532w\" sizes=\"(max-width: 50px) 100vw, 50px\" \/>\u00a0 Komplexit\u00e4t verstehen<br \/>\n<\/strong><\/h3>\n<p>F\u00fcr das Erfassen von Komplexit\u00e4t greift Intuition auf <strong>unbewusste Regeln<\/strong> zur\u00fcck, die man Urteilsheuristiken (oder \u00dcberzeugungsheuristiken) nennt (Dane & Pratt, 2007). Diese Regeln werden t\u00e4glich oder gewohnheitsm\u00e4ssig anwendet. Sie erlauben es, \u201eUrteile und Entscheidungen auch unter ung\u00fcnstigen Informationsbedingungen schnell und einigermassen treffsicher zu f\u00e4llen.\u201c (\u2026).<\/p>\n<p>Der Nachteil von Urteilsheuristiken ist, dass sie mmer auch <strong>Verzerrungen<\/strong> enthalten, die zu Fehlurteilen f\u00fchren k\u00f6nnen dazu geh\u00f6ren z.\u00a0B. Stereotypen, irreale oder naive \u00dcberzeugungen, Aberglaube).<\/p>\n<\/div><div class=\"fusion-clearfix\"><\/div><\/div><\/div><div class=\"fusion-layout-column fusion_builder_column fusion-builder-column-1 fusion_builder_column_1_2 1_2 fusion-one-half fusion-column-last\" style=\"--awb-bg-size:cover;width:48%;\"><div class=\"fusion-column-wrapper fusion-flex-column-wrapper-legacy\"><div class=\"fusion-text fusion-text-2\"><p><span style=\"color: #ffffff\">_<\/span><\/p>\n<p><span style=\"color: #ffffff\">_<\/span><\/p>\n<\/div><div class=\"fusion-text fusion-text-3\"><h5 style=\"text-align: center\">PROBLEMSTRUKTUR UND ANWENDUNG VON INTUITION<\/h5>\n<h5 style=\"text-align: center\">Angepasst nach (Shapiro & Spence, 1997)<\/h5>\n<p><img decoding=\"async\" class=\"aligncenter wp-image-4274 size-full\" src=\"https:\/\/agripedia.ch\/strategidea\/wp-content\/uploads\/sites\/7\/2021\/11\/Index4_STRUCTURE-DU-PROBLEME-ET-UTILISATION-DE-L-INTUITION_DE.png\" alt=\"\" width=\"585\" height=\"398\" srcset=\"https:\/\/agripedia.ch\/strategidea\/wp-content\/uploads\/sites\/7\/2021\/11\/Index4_STRUCTURE-DU-PROBLEME-ET-UTILISATION-DE-L-INTUITION_DE-200x136.png 200w, https:\/\/agripedia.ch\/strategidea\/wp-content\/uploads\/sites\/7\/2021\/11\/Index4_STRUCTURE-DU-PROBLEME-ET-UTILISATION-DE-L-INTUITION_DE-300x204.png 300w, https:\/\/agripedia.ch\/strategidea\/wp-content\/uploads\/sites\/7\/2021\/11\/Index4_STRUCTURE-DU-PROBLEME-ET-UTILISATION-DE-L-INTUITION_DE-400x272.png 400w, https:\/\/agripedia.ch\/strategidea\/wp-content\/uploads\/sites\/7\/2021\/11\/Index4_STRUCTURE-DU-PROBLEME-ET-UTILISATION-DE-L-INTUITION_DE.png 585w\" sizes=\"(max-width: 585px) 100vw, 585px\" \/><\/p>\n<p><span style=\"color: #ffffff\">_<\/span><\/p>\n<\/div><div class=\"fusion-clearfix\"><\/div><\/div><\/div><div class=\"fusion-layout-column fusion_builder_column fusion-builder-column-2 fusion_builder_column_1_1 1_1 fusion-one-full fusion-column-first fusion-column-last\" style=\"--awb-bg-size:cover;\"><div class=\"fusion-column-wrapper fusion-flex-column-wrapper-legacy\"><div class=\"fusion-text fusion-text-4\"><blockquote>\n<p>Welche Bedingungen erh\u00f6hen die Zuverl\u00e4ssigkeit mentaler Schemata?<\/p>\n<\/blockquote>\n<p>Die Effizienz des mentalen Schemas (und folglich der Intuition) h\u00e4ngt von der Betriebsleiterin bzw. dem Betriebsleiter selbst und vom Kontext ab:<\/p>\n<ul>\n<li><strong>Die Fachkompetenzen<\/strong>: Fachkompetenzen nehmenmit den Kenntnissen in einem bestimmten Bereich, sowie der Erfahrung zu.<\/li>\n<li><strong>Die F\u00e4higkeit, die Urteilsheuristiken weiterzuentwickeln<\/strong>: Wenn \u00dcberzeugungen plastisch (nicht starr und verh\u00e4rtet) und entwicklungsf\u00e4hig sind, passt sich das mentale Schema besser an neue Informationen an.<\/li>\n<li><strong>Umgebungsstimuli<\/strong>: Je st\u00e4rker sich die Umgebung ver\u00e4ndert, desto wichtiger ist es, die Aufmerksamkeit auf sie zu richten.<\/li>\n<li><strong>Verarbeitungszeit<\/strong>: Das unbewusste Denken, das das mentale Schema strukturiert, bedarf einer gewissen Verarbeitungszeit (Strick & Dijksterhuis, 2013).<\/li>\n<\/ul>\n<p>Wenn eine Person ein einfaches mentales Schema zu einem \u00abqualifizierten und plastischen\u00bb mentalen Schema entwickelt, kann sie ihre Intuition bei wenig strukturierten Problemen wirksam einsetzen. Generell gilt: Je mehr ein Problem mit strategischen Elementen zu tun hat und je weniger es strukturiert ist, desto mehr wird auf die Intuition zur\u00fcckgegriffen.<\/p>\n<\/div><div class=\"fusion-text fusion-text-5\"><p>Wir kommen nun zur\u00fcck zur Bedeutung der Intuition f\u00fcr Landwirtinnen und Landwirte, die unter hoch komplexen Bedingungen arbeiten \u2013 seien dies nat\u00fcrliche (Boden, Klima, Pflanzen, Tiere), wirtschaftliche (volatile M\u00e4rkte), rechtliche (immer anspruchsvollere Gesetze) und teilweise auch famili\u00e4re Bedingungen. Die Weiterentwicklung der <strong>pers\u00f6nlichen Expertise im eigenen Unternehmen<\/strong> ist ein Schl\u00fcssel f\u00fcr zuverl\u00e4ssige intuitive Urteile. Es ist entscheidend, die <strong>eigenen St\u00e4rken und Schw\u00e4chen<\/strong> zu kennen (siehe <a href=\"https:\/\/agripedia.ch\/strategidea\/de\/synthese-der-strategischen-analyse\/\">\u00abSynthese der strategischen Analyse\u00bb<\/a>, SWOT-Matrix), sowohl im Hinblick auf <strong>explizites Wissen<\/strong> (technische und wirtschaftliche Kenntnisse, klimatische und nat\u00fcrliche Bedingungen, Markttendenzen, rechtliche Vorgaben usw.) als auch auf <strong>pers\u00f6nliche Erfahrungen<\/strong> als Frau oder Mann bei der Arbeit mit Lebendigem bzw. als Unternehmerin oder Unternehmer.<\/p>\n<\/div><div class=\"fusion-clearfix\"><\/div><\/div><\/div><div class=\"fusion-layout-column fusion_builder_column fusion-builder-column-3 fusion_builder_column_1_2 1_2 fusion-one-half fusion-column-first\" style=\"--awb-bg-size:cover;width:50%;width:calc(50% - ( ( 4% ) * 0.5 ) );margin-right: 4%;\"><div class=\"fusion-column-wrapper fusion-flex-column-wrapper-legacy\"><div class=\"fusion-text fusion-text-6\"><p>Expertise bildet sich durch zwei Lernformen heraus:<\/p>\n<ul>\n<li>Implizites, d.\u00a0h. unbeabsichtigtes Lernen, das der Konsolidierung der pers\u00f6nlichen Erfahrung entspricht.<\/li>\n<li>Explizites Lernen, das dem willentlichen Aneignen von Informationen und Wissen entspricht.<\/li>\n<\/ul>\n<p>Um besser zu verstehen, wie solches Lernen funktioniert, ist die Eisberg-Metapher hilfreich.<\/p>\n<p>Intuition und Expertise stehen genauso im Zusammenhang wie Intuition und Komplexit\u00e4t. Die Intuition ist in der Expertise verankert (Leybourne, 2006). Sie wirkt auf die \u00abGesamtheit des Eisbergs\u00bb. Damit kann die Komplexit\u00e4t erfasst werden, und die Person, die entscheidet, kann ein Urteil f\u00e4llen.<\/p>\n<h5><\/h5>\n<\/div><div class=\"fusion-clearfix\"><\/div><\/div><\/div><div class=\"fusion-layout-column fusion_builder_column fusion-builder-column-4 fusion_builder_column_1_2 1_2 fusion-one-half fusion-column-last\" style=\"--awb-bg-size:cover;width:50%;width:calc(50% - ( ( 4% ) * 0.5 ) );\"><div class=\"fusion-column-wrapper fusion-flex-column-wrapper-legacy\"><div class=\"fusion-image-element in-legacy-container\" style=\"--awb-caption-title-font-family:var(--h2_typography-font-family);--awb-caption-title-font-weight:var(--h2_typography-font-weight);--awb-caption-title-font-style:var(--h2_typography-font-style);--awb-caption-title-size:var(--h2_typography-font-size);--awb-caption-title-transform:var(--h2_typography-text-transform);--awb-caption-title-line-height:var(--h2_typography-line-height);--awb-caption-title-letter-spacing:var(--h2_typography-letter-spacing);\"><span class=\" fusion-imageframe imageframe-none imageframe-1 hover-type-none\"><a href=\"https:\/\/agripedia.ch\/strategidea\/wp-content\/uploads\/sites\/7\/2022\/01\/Illustration-12-Iceberg.jpg\" class=\"fusion-lightbox\" data-rel=\"iLightbox[0321952fe4ac7e34c40]\" data-title=\"Die Eisberg-Metapher\" title=\"Die Eisberg-Metapher\"><img decoding=\"async\" width=\"1100\" height=\"691\" src=\"https:\/\/agripedia.ch\/strategidea\/wp-content\/uploads\/sites\/7\/2022\/01\/Illustration-12-Iceberg.jpg\" alt class=\"img-responsive wp-image-5249\" srcset=\"https:\/\/agripedia.ch\/strategidea\/wp-content\/uploads\/sites\/7\/2022\/01\/Illustration-12-Iceberg-200x126.jpg 200w, https:\/\/agripedia.ch\/strategidea\/wp-content\/uploads\/sites\/7\/2022\/01\/Illustration-12-Iceberg-400x251.jpg 400w, https:\/\/agripedia.ch\/strategidea\/wp-content\/uploads\/sites\/7\/2022\/01\/Illustration-12-Iceberg-600x377.jpg 600w, https:\/\/agripedia.ch\/strategidea\/wp-content\/uploads\/sites\/7\/2022\/01\/Illustration-12-Iceberg-800x503.jpg 800w, https:\/\/agripedia.ch\/strategidea\/wp-content\/uploads\/sites\/7\/2022\/01\/Illustration-12-Iceberg.jpg 1100w\" sizes=\"(max-width: 800px) 100vw, 600px\" \/><\/a><\/span><\/div><div class=\"fusion-clearfix\"><\/div><\/div><\/div><div class=\"fusion-layout-column fusion_builder_column fusion-builder-column-5 fusion_builder_column_1_1 1_1 fusion-one-full fusion-column-first fusion-column-last\" style=\"--awb-bg-size:cover;\"><div class=\"fusion-column-wrapper fusion-flex-column-wrapper-legacy\"><div class=\"fusion-section-separator section-separator clouds fusion-section-separator-1\" style=\"--awb-spacer-height:99px;--awb-svg-margin-left:0;--awb-svg-margin-right:0;--awb-divider-height:99px;--awb-spacer-padding-top:inherit;--awb-sep-padding:0;--awb-svg-padding:0;\"><div class=\"fusion-section-separator-svg\"><svg class=\"fusion-clouds-candy\" xmlns=\"http:\/\/www.w3.org\/2000\/svg\" version=\"1.1\" width=\"100%\" height=\"100\" viewBox=\"0 0 100 100\" preserveAspectRatio=\"none\" fill=\"rgba(246,246,246,1)\"><path d=\"M-5 100 Q 0 20 5 100 Z\"><\/path>\n\t\t\t\t\t\t\t\t<path d=\"M0 100 Q 5 0 10 100\"><\/path>\n\t\t\t\t\t\t\t\t<path d=\"M5 100 Q 10 30 15 100\"><\/path>\n\t\t\t\t\t\t\t\t<path d=\"M10 100 Q 15 10 20 100\"><\/path>\n\t\t\t\t\t\t\t\t<path d=\"M15 100 Q 20 30 25 100\"><\/path>\n\t\t\t\t\t\t\t\t<path d=\"M20 100 Q 25 -10 30 100\"><\/path>\n\t\t\t\t\t\t\t\t<path d=\"M25 100 Q 30 10 35 100\"><\/path>\n\t\t\t\t\t\t\t\t<path d=\"M30 100 Q 35 30 40 100\"><\/path>\n\t\t\t\t\t\t\t\t<path d=\"M35 100 Q 40 10 45 100\"><\/path>\n\t\t\t\t\t\t\t\t<path d=\"M40 100 Q 45 50 50 100\"><\/path>\n\t\t\t\t\t\t\t\t<path d=\"M45 100 Q 50 20 55 100\"><\/path>\n\t\t\t\t\t\t\t\t<path d=\"M50 100 Q 55 40 60 100\"><\/path>\n\t\t\t\t\t\t\t\t<path d=\"M55 100 Q 60 60 65 100\"><\/path>\n\t\t\t\t\t\t\t\t<path d=\"M60 100 Q 65 50 70 100\"><\/path>\n\t\t\t\t\t\t\t\t<path d=\"M65 100 Q 70 20 75 100\"><\/path>\n\t\t\t\t\t\t\t\t<path d=\"M70 100 Q 75 45 80 100\"><\/path>\n\t\t\t\t\t\t\t\t<path d=\"M75 100 Q 80 30 85 100\"><\/path>\n\t\t\t\t\t\t\t\t<path d=\"M80 100 Q 85 20 90 100\"><\/path>\n\t\t\t\t\t\t\t\t<path d=\"M85 100 Q 90 50 95 100\"><\/path>\n\t\t\t\t\t\t\t\t<path d=\"M90 100 Q 95 25 100 100\"><\/path>\n\t\t\t\t\t\t\t\t<path d=\"M95 100 Q 100 15 105 100 Z\"><\/path><\/svg><\/div><div class=\"fusion-section-separator-spacer\"><div class=\"fusion-section-separator-spacer-height\"><\/div><\/div><\/div><div class=\"fusion-clearfix\"><\/div><\/div><\/div><\/div><\/div><div class=\"fusion-fullwidth fullwidth-box fusion-builder-row-2 nonhundred-percent-fullwidth non-hundred-percent-height-scrolling\" style=\"--awb-border-radius-top-left:0px;--awb-border-radius-top-right:0px;--awb-border-radius-bottom-right:0px;--awb-border-radius-bottom-left:0px;--awb-flex-wrap:wrap;\" ><div class=\"fusion-builder-row fusion-row\"><div class=\"fusion-layout-column fusion_builder_column fusion-builder-column-6 fusion_builder_column_1_1 1_1 fusion-one-full fusion-column-first fusion-column-last\" style=\"--awb-bg-size:cover;\"><div class=\"fusion-column-wrapper fusion-flex-column-wrapper-legacy\"><div class=\"fusion-menu-anchor\" id=\"Boite\"><\/div><div class=\"fusion-text fusion-text-7\"><h3><strong><img decoding=\"async\" class=\"alignnone wp-image-263\" src=\"https:\/\/agripedia.ch\/strategidea\/wp-content\/uploads\/sites\/7\/2018\/10\/Screen-Shot-10-05-18-at-03.19-PM-300x300.png\" alt=\"\" width=\"50\" height=\"50\" srcset=\"https:\/\/agripedia.ch\/strategidea\/wp-content\/uploads\/sites\/7\/2018\/10\/Screen-Shot-10-05-18-at-03.19-PM-66x66.png 66w, https:\/\/agripedia.ch\/strategidea\/wp-content\/uploads\/sites\/7\/2018\/10\/Screen-Shot-10-05-18-at-03.19-PM-150x150.png 150w, https:\/\/agripedia.ch\/strategidea\/wp-content\/uploads\/sites\/7\/2018\/10\/Screen-Shot-10-05-18-at-03.19-PM-200x200.png 200w, https:\/\/agripedia.ch\/strategidea\/wp-content\/uploads\/sites\/7\/2018\/10\/Screen-Shot-10-05-18-at-03.19-PM-300x300.png 300w, https:\/\/agripedia.ch\/strategidea\/wp-content\/uploads\/sites\/7\/2018\/10\/Screen-Shot-10-05-18-at-03.19-PM-400x400.png 400w, https:\/\/agripedia.ch\/strategidea\/wp-content\/uploads\/sites\/7\/2018\/10\/Screen-Shot-10-05-18-at-03.19-PM.png 532w\" sizes=\"(max-width: 50px) 100vw, 50px\" \/>\u00a0 Toolbox<\/strong><\/h3>\n<\/div><div class=\"fusion-clearfix\"><\/div><\/div><\/div><div class=\"fusion-layout-column fusion_builder_column fusion-builder-column-7 fusion_builder_column_3_5 3_5 fusion-three-fifth fusion-column-first\" style=\"--awb-bg-size:cover;width:60%;width:calc(60% - ( ( 4% ) * 0.6 ) );margin-right: 4%;\"><div class=\"fusion-column-wrapper fusion-flex-column-wrapper-legacy\"><div class=\"fusion-text fusion-text-8\"><h4>Unterst\u00fctzung der Entwicklung von Visualisierungen<\/h4>\n<ul>\n<li><a href=\"https:\/\/agridea.abacuscity.ch\/de\/A~3342~1\/3~310110~Shop\/Publikationen\/Betrieb-Familie-Diversifizierung\/Betriebsplanung-Buchhaltung\/Methodenblatt%3A-Photolangage-in-der-Landwirtschaft\/Fran%C3%A7ais\/Print-papier\" target=\"_blank\" rel=\"noopener noreferrer\">Methodenblatt: Photolangage in der Landwirtschaft\u00a0 <\/a><a href=\"https:\/\/agripedia.ch\/strategidea?leaky-paywall-media-download=1347\" target=\"_blank\" rel=\"noopener noreferrer\">(2. und 3. Ziel)<\/a><\/li>\n<li><a href=\"https:\/\/agripedia.ch\/strategidea?leaky-paywall-media-download=3779\" target=\"_blank\" rel=\"noopener noreferrer\">Moderationstechnik: Post-it-Werkstatt<\/a><\/li>\n<li><a href=\"https:\/\/agripedia.ch\/strategidea?leaky-paywall-media-download=3781\" target=\"_blank\" rel=\"noopener noreferrer\">Praxisleitfaden: Mind Map<\/a><\/li>\n<li><a href=\"https:\/\/agripedia.ch\/strategidea?leaky-paywall-media-download=3783\" target=\"_blank\" rel=\"noopener noreferrer\">Praxisleitfaden: Skizze des Systems<\/a><\/li>\n<\/ul>\n<\/div><div class=\"fusion-clearfix\"><\/div><\/div><\/div><div class=\"fusion-layout-column fusion_builder_column fusion-builder-column-8 fusion_builder_column_2_5 2_5 fusion-two-fifth fusion-column-last\" style=\"--awb-bg-size:cover;width:40%;width:calc(40% - ( ( 4% ) * 0.4 ) );\"><div class=\"fusion-column-wrapper fusion-flex-column-wrapper-legacy\"><div class=\"fusion-clearfix\"><\/div><\/div><\/div><div class=\"fusion-layout-column fusion_builder_column fusion-builder-column-9 fusion_builder_column_1_1 1_1 fusion-one-full fusion-column-first fusion-column-last\" style=\"--awb-bg-size:cover;\"><div class=\"fusion-column-wrapper fusion-flex-column-wrapper-legacy\"><div class=\"fusion-section-separator section-separator clouds fusion-section-separator-2\" style=\"--awb-spacer-height:99px;--awb-svg-margin-left:0;--awb-svg-margin-right:0;--awb-divider-height:99px;--awb-spacer-padding-top:inherit;--awb-sep-padding:0;--awb-svg-padding:0;\"><div class=\"fusion-section-separator-svg\"><svg class=\"fusion-clouds-candy\" xmlns=\"http:\/\/www.w3.org\/2000\/svg\" version=\"1.1\" width=\"100%\" height=\"100\" viewBox=\"0 0 100 100\" preserveAspectRatio=\"none\" fill=\"rgba(246,246,246,1)\"><path d=\"M-5 100 Q 0 20 5 100 Z\"><\/path>\n\t\t\t\t\t\t\t\t<path d=\"M0 100 Q 5 0 10 100\"><\/path>\n\t\t\t\t\t\t\t\t<path d=\"M5 100 Q 10 30 15 100\"><\/path>\n\t\t\t\t\t\t\t\t<path d=\"M10 100 Q 15 10 20 100\"><\/path>\n\t\t\t\t\t\t\t\t<path d=\"M15 100 Q 20 30 25 100\"><\/path>\n\t\t\t\t\t\t\t\t<path d=\"M20 100 Q 25 -10 30 100\"><\/path>\n\t\t\t\t\t\t\t\t<path d=\"M25 100 Q 30 10 35 100\"><\/path>\n\t\t\t\t\t\t\t\t<path d=\"M30 100 Q 35 30 40 100\"><\/path>\n\t\t\t\t\t\t\t\t<path d=\"M35 100 Q 40 10 45 100\"><\/path>\n\t\t\t\t\t\t\t\t<path d=\"M40 100 Q 45 50 50 100\"><\/path>\n\t\t\t\t\t\t\t\t<path d=\"M45 100 Q 50 20 55 100\"><\/path>\n\t\t\t\t\t\t\t\t<path d=\"M50 100 Q 55 40 60 100\"><\/path>\n\t\t\t\t\t\t\t\t<path d=\"M55 100 Q 60 60 65 100\"><\/path>\n\t\t\t\t\t\t\t\t<path d=\"M60 100 Q 65 50 70 100\"><\/path>\n\t\t\t\t\t\t\t\t<path d=\"M65 100 Q 70 20 75 100\"><\/path>\n\t\t\t\t\t\t\t\t<path d=\"M70 100 Q 75 45 80 100\"><\/path>\n\t\t\t\t\t\t\t\t<path d=\"M75 100 Q 80 30 85 100\"><\/path>\n\t\t\t\t\t\t\t\t<path d=\"M80 100 Q 85 20 90 100\"><\/path>\n\t\t\t\t\t\t\t\t<path d=\"M85 100 Q 90 50 95 100\"><\/path>\n\t\t\t\t\t\t\t\t<path d=\"M90 100 Q 95 25 100 100\"><\/path>\n\t\t\t\t\t\t\t\t<path d=\"M95 100 Q 100 15 105 100 Z\"><\/path><\/svg><\/div><div class=\"fusion-section-separator-spacer\"><div class=\"fusion-section-separator-spacer-height\"><\/div><\/div><\/div><div class=\"fusion-clearfix\"><\/div><\/div><\/div><\/div><\/div><div class=\"fusion-fullwidth fullwidth-box fusion-builder-row-3 nonhundred-percent-fullwidth non-hundred-percent-height-scrolling\" style=\"--awb-border-radius-top-left:0px;--awb-border-radius-top-right:0px;--awb-border-radius-bottom-right:0px;--awb-border-radius-bottom-left:0px;--awb-flex-wrap:wrap;\" ><div class=\"fusion-builder-row fusion-row\"><div class=\"fusion-layout-column fusion_builder_column fusion-builder-column-10 fusion_builder_column_1_1 1_1 fusion-one-full fusion-column-first fusion-column-last\" style=\"--awb-bg-size:cover;\"><div class=\"fusion-column-wrapper fusion-flex-column-wrapper-legacy\"><div class=\"fusion-menu-anchor\" id=\"Loin\"><\/div><div class=\"fusion-text fusion-text-9\"><h3><strong><img decoding=\"async\" class=\"alignnone wp-image-263\" src=\"https:\/\/agripedia.ch\/strategidea\/wp-content\/uploads\/sites\/7\/2018\/10\/Screen-Shot-10-05-18-at-03.19-PM-300x300.png\" alt=\"\" width=\"50\" height=\"50\" srcset=\"https:\/\/agripedia.ch\/strategidea\/wp-content\/uploads\/sites\/7\/2018\/10\/Screen-Shot-10-05-18-at-03.19-PM-66x66.png 66w, https:\/\/agripedia.ch\/strategidea\/wp-content\/uploads\/sites\/7\/2018\/10\/Screen-Shot-10-05-18-at-03.19-PM-150x150.png 150w, https:\/\/agripedia.ch\/strategidea\/wp-content\/uploads\/sites\/7\/2018\/10\/Screen-Shot-10-05-18-at-03.19-PM-200x200.png 200w, https:\/\/agripedia.ch\/strategidea\/wp-content\/uploads\/sites\/7\/2018\/10\/Screen-Shot-10-05-18-at-03.19-PM-300x300.png 300w, https:\/\/agripedia.ch\/strategidea\/wp-content\/uploads\/sites\/7\/2018\/10\/Screen-Shot-10-05-18-at-03.19-PM-400x400.png 400w, https:\/\/agripedia.ch\/strategidea\/wp-content\/uploads\/sites\/7\/2018\/10\/Screen-Shot-10-05-18-at-03.19-PM.png 532w\" sizes=\"(max-width: 50px) 100vw, 50px\" \/>\u00a0 Weiterf\u00fchrende Informationen<br \/>\n<\/strong><\/h3>\n<ul>\n<li>Mind mapping<\/li>\n<\/ul>\n<\/div><div class=\"fusion-clearfix\"><\/div><\/div><\/div><\/div><\/div><\/p>\n","protected":false},"excerpt":{"rendered":"","protected":false},"author":7,"featured_media":0,"parent":2669,"menu_order":2,"comment_status":"closed","ping_status":"closed","template":"100-width.php","meta":{"_sb_is_suggestion_mode":false,"_sb_show_suggestion_boards":false,"_sb_show_comment_boards":false,"_sb_suggestion_history":"","_sb_update_block_changes":"","_monsterinsights_skip_tracking":false,"_monsterinsights_sitenote_active":false,"_monsterinsights_sitenote_note":"","_monsterinsights_sitenote_category":0,"footnotes":""},"class_list":["post-3138","page","type-page","status-publish","hentry"],"_links":{"self":[{"href":"https:\/\/agripedia.ch\/strategidea\/de\/wp-json\/wp\/v2\/pages\/3138","targetHints":{"allow":["GET"]}}],"collection":[{"href":"https:\/\/agripedia.ch\/strategidea\/de\/wp-json\/wp\/v2\/pages"}],"about":[{"href":"https:\/\/agripedia.ch\/strategidea\/de\/wp-json\/wp\/v2\/types\/page"}],"author":[{"embeddable":true,"href":"https:\/\/agripedia.ch\/strategidea\/de\/wp-json\/wp\/v2\/users\/7"}],"replies":[{"embeddable":true,"href":"https:\/\/agripedia.ch\/strategidea\/de\/wp-json\/wp\/v2\/comments?post=3138"}],"version-history":[{"count":14,"href":"https:\/\/agripedia.ch\/strategidea\/de\/wp-json\/wp\/v2\/pages\/3138\/revisions"}],"predecessor-version":[{"id":5570,"href":"https:\/\/agripedia.ch\/strategidea\/de\/wp-json\/wp\/v2\/pages\/3138\/revisions\/5570"}],"up":[{"embeddable":true,"href":"https:\/\/agripedia.ch\/strategidea\/de\/wp-json\/wp\/v2\/pages\/2669"}],"wp:attachment":[{"href":"https:\/\/agripedia.ch\/strategidea\/de\/wp-json\/wp\/v2\/media?parent=3138"}],"curies":[{"name":"wp","href":"https:\/\/api.w.org\/{rel}","templated":true}]}}