{"id":3135,"date":"2019-07-12T06:57:27","date_gmt":"2019-07-12T06:57:27","guid":{"rendered":"https:\/\/agripedia.ch\/strategidea\/?page_id=3135"},"modified":"2022-08-23T08:48:21","modified_gmt":"2022-08-23T08:48:21","slug":"das-analyse-intuition-kontinuum","status":"publish","type":"page","link":"https:\/\/agripedia.ch\/strategidea\/de\/die-strategische-intuition\/das-analyse-intuition-kontinuum\/","title":{"rendered":"Das Analyse-Intuition-Kontinuum"},"content":{"rendered":"<div class=\"fusion-fullwidth fullwidth-box fusion-builder-row-1 nonhundred-percent-fullwidth non-hundred-percent-height-scrolling\" style=\"--awb-border-radius-top-left:0px;--awb-border-radius-top-right:0px;--awb-border-radius-bottom-right:0px;--awb-border-radius-bottom-left:0px;--awb-flex-wrap:wrap;\" ><div class=\"fusion-builder-row fusion-row\"><div class=\"fusion-layout-column fusion_builder_column fusion-builder-column-0 fusion_builder_column_1_1 1_1 fusion-one-full fusion-column-first fusion-column-last\" style=\"--awb-bg-size:cover;--awb-margin-bottom:0px;\"><div class=\"fusion-column-wrapper fusion-flex-column-wrapper-legacy\"><div class=\"fusion-text fusion-text-1\"><h3><strong><img decoding=\"async\" class=\"alignnone wp-image-263\" src=\"https:\/\/agripedia.ch\/strategidea\/wp-content\/uploads\/sites\/7\/2018\/10\/Screen-Shot-10-05-18-at-03.19-PM-300x300.png\" alt=\"\" width=\"50\" height=\"50\" srcset=\"https:\/\/agripedia.ch\/strategidea\/wp-content\/uploads\/sites\/7\/2018\/10\/Screen-Shot-10-05-18-at-03.19-PM-66x66.png 66w, https:\/\/agripedia.ch\/strategidea\/wp-content\/uploads\/sites\/7\/2018\/10\/Screen-Shot-10-05-18-at-03.19-PM-150x150.png 150w, https:\/\/agripedia.ch\/strategidea\/wp-content\/uploads\/sites\/7\/2018\/10\/Screen-Shot-10-05-18-at-03.19-PM-200x200.png 200w, https:\/\/agripedia.ch\/strategidea\/wp-content\/uploads\/sites\/7\/2018\/10\/Screen-Shot-10-05-18-at-03.19-PM-300x300.png 300w, https:\/\/agripedia.ch\/strategidea\/wp-content\/uploads\/sites\/7\/2018\/10\/Screen-Shot-10-05-18-at-03.19-PM-400x400.png 400w, https:\/\/agripedia.ch\/strategidea\/wp-content\/uploads\/sites\/7\/2018\/10\/Screen-Shot-10-05-18-at-03.19-PM.png 532w\" sizes=\"(max-width: 50px) 100vw, 50px\" \/>\u00a0 Das Analyse-Intuition-Kontinuum<br \/>\n<\/strong><\/h3>\n<blockquote>\n<p>Analytisches Denken und Intuition sind gegens\u00e4tzliche Pole derselben Dimensionen.<\/p>\n<\/blockquote>\n<p>Ihre Charakteristiken schliessen sich tendenziell gegenseitig aus (siehe folgende Tabelle). Die Analyse ist logisch und deduktiv und bedarf einer bewussten, auf das gestellte Problem gerichtete <strong>Aufmerksamkeit<\/strong>. Im Gegensatz dazu werden intuitive Eingebungen beg\u00fcnstigt durch Aufmerksamkeitsentzug, mentale <strong>Entspannung<\/strong> oder dadurch, dass man \u00abdr\u00fcber schl\u00e4ft\u00bb, wie man im Volksmund sagt (Duggan & Mason, 2013). Um es mit englischen Begriffen vereinfachend auf den Punkt zu bringen: Analyse ist eine \u00abOnline\u00bb-Probleml\u00f6sungsstrategie und die Intuition eine \u00abOffline\u00bb- Probleml\u00f6sungsstrategie.<\/p>\n<p>Die Herausforderung besteht darin, nicht eine der beiden Funktionsweisen zugunsten der anderen auszuschlies-sen, sondern sich bewusst zu werden, dass die beiden Systeme, die Wissen hervorbringen, interagieren und einander bereichern (auch wenn sie nicht gleichzeitig stattfinden k\u00f6nnen). Die beiden Funktionsweisen sind nicht unabh\u00e4ngig voneinander, denn beide greifen auf das Ged\u00e4chtnis d. h. auf die Ergebnisse von bewussten oder impliziten <strong>Lernprozessen<\/strong> zur\u00fcck (Duggan & Mason, 2013). Implizites Lernen, das meist w\u00e4hrend des Schlafs konsolidiert wird, beeinflusst das analytische Urteil. Explizites Lernen, das aus analytischem Denken resultiert, wirkt sich auf intuitive Urteile aus (Shapiro & Spence, 1997).<\/p>\n<blockquote>\n<p>W\u00e4hrend gewisse Methoden des strategischen Managements bevorzugt analytisches Denken beg\u00fcnstigen, f\u00f6rdern andere Methoden eher den spontanen Ausdruck. Auf die Frage nach dem Primat beim strategischen Ansatz \u2013 Intuition \u00fcber analytisches Denken oder analytisches Denken \u00fcber Intuition \u2013 gibt es keine allgemeing\u00fcltige, daf\u00fcr aber spezifische Antworten.<\/p>\n<\/blockquote>\n<p><strong>Welche der beiden Funktionsweisen bei der strategischen Orientierung zu bevorzugen ist, h\u00e4ngt vom Expertise-Niveau und der emotionalen Ladung der Person und von der Komplexit\u00e4t und der Struktur der sich stellen-den Probleme ab (Shapiro & Spence, 1997; Coget, 2013).<\/strong><\/p>\n<p><span style=\"color: #ffffff\">_<\/span><\/p>\n<\/div><div class=\"fusion-clearfix\"><\/div><\/div><\/div><div class=\"fusion-layout-column fusion_builder_column fusion-builder-column-1 fusion_builder_column_1_3 1_3 fusion-one-third fusion-column-first\" style=\"--awb-bg-size:cover;width:33.333333333333%;width:calc(33.333333333333% - ( ( 4% ) * 0.33333333333333 ) );margin-right: 4%;\"><div class=\"fusion-column-wrapper fusion-flex-column-wrapper-legacy\"><div class=\"fusion-text fusion-text-2\"><p>F\u00fcr die strategische Orientierung haben wir zwei methodisch interessante Dimensionen des Analyse-Intuition-Kontinuums hervorgehoben:<\/p>\n<ul>\n<li>Das <strong>sequenziell-ganzheitliche-Kontinuum<\/strong>: Der eine Pol entspricht der F\u00e4higkeit zu einem sequenziellen strategischen Vorgehen (nachfolgend in der \u00abStrategischen Analyse\u00bb beschrieben); der andere Pol entspricht der F\u00e4higkeit, sich einen Gesamt\u00fcberblick zu verschaffen (holistische Assoziationen). Die Kombination beider Vorgehensweisen haben wir als iterativen, nicht linearen Prozess bezeichnet.<\/li>\n<li>Das <strong>affektive Kontinuum<\/strong>: Ein Pol entspricht bei der strategischen Orientierung der F\u00e4higkeit der \u00abkalten\u00bb d.\u00a0h. relativ emotionsladungsfreien Analyse, der entgegengesetzte Pol entspricht der F\u00e4higkeit, Emotionen und Affekte einzubeziehen (was auch als emotionale Intelligenz bezeichnet wird).<\/li>\n<\/ul>\n<\/div><div class=\"fusion-clearfix\"><\/div><\/div><\/div><div class=\"fusion-layout-column fusion_builder_column fusion-builder-column-2 fusion_builder_column_2_3 2_3 fusion-two-third fusion-column-last\" style=\"--awb-bg-size:cover;width:66.666666666667%;width:calc(66.666666666667% - ( ( 4% ) * 0.66666666666667 ) );\"><div class=\"fusion-column-wrapper fusion-flex-column-wrapper-legacy\"><div class=\"fusion-text fusion-text-3\"><h5 style=\"text-align: center\">DIE DIMENSIONEN DES ANALYSE-INTUITION-KONTINUUMS<\/h5>\n<h5 style=\"text-align: center\">(Nach Dane & Pratt, 2007; Epstein, 2013)<\/h5>\n<\/div>\n<div class=\"table-2\">\n<table width=\"100%\">\n<thead>\n<tr>\n<th width=\"50%\"><strong>Die Dimensionen der Intuition<\/strong><\/th>\n<th width=\"50%\"><strong>Die Dimensionen der Analyse <\/strong><\/th>\n<\/tr>\n<\/thead>\n<tbody>\n<tr>\n<td><strong>Unbewusst und vorbewusst<\/strong><\/td>\n<td><strong>Bewusst<\/strong><\/td>\n<\/tr>\n<tr>\n<td><strong>Affektiv geladen<\/strong><\/p>\n<p>Affektnah, auf Empfindungen von Freude oder Vermeidung von Schmerz ausgerichtet<\/td>\n<td><strong>Nicht affektiv geladen<\/strong><\/p>\n<p>Affektfern, auf Genauigkeit und Logik ausgerichtet<\/td>\n<\/tr>\n<tr>\n<td><strong>Holistisch<\/strong><\/p>\n<p>Ganzheitlich und parallel, nicht sequenziell<\/td>\n<td><strong>Sequenziell<\/strong><\/td>\n<\/tr>\n<tr>\n<td><strong>Assoziativ<\/strong><\/td>\n<td><strong>Kausal<\/strong><\/td>\n<\/tr>\n<tr>\n<td><strong>Irrational (evidenzbasiert)<\/strong><\/td>\n<td><strong>Rational<\/strong><\/td>\n<\/tr>\n<tr>\n<td><strong>Induktiv, nicht fokussiert<\/strong><\/p>\n<p>Weites Feld<\/td>\n<td><strong>Deduktiv, fokussiert<\/strong><\/p>\n<p>Beschr\u00e4nktes Feld<\/td>\n<\/tr>\n<tr>\n<td><strong>Automatisch, spontan und passiv<\/strong><\/p>\n<p>Ohne Aufmerksamkeit und ohne offensichtliches Bem\u00fchen<\/td>\n<td><strong>Intentional und aktiv<\/strong><\/p>\n<p>Willentlich, absichtlich, mit Aufmerksamkeit und Bem\u00fchungen<\/td>\n<\/tr>\n<tr>\n<td><strong>Schnell<\/strong><\/p>\n<p>G\u00fcltigkeit aus pers\u00f6nlicher \u00dcberzeugung<\/td>\n<td><strong>Langsam<\/strong><\/p>\n<p>G\u00fcltigkeit aus logischer Schlussfolgerung und auf der Grundlage von Beweisen<\/td>\n<\/tr>\n<tr>\n<td><strong>Implizit<\/strong><\/p>\n<p>Unbekannte Regeln, Erfassung der Realit\u00e4t mit <strong>Bildern, Metaphern und Erz\u00e4hlungen<\/strong><\/td>\n<td><strong>Explizit <\/strong><\/p>\n<p>Bekannte Regeln, Erfassung der Realit\u00e4t mit<strong> abstrakten Symbolen, Worten und Zahlen<\/strong><\/td>\n<\/tr>\n<tr>\n<td><strong>Empirisch<\/strong><\/p>\n<ul>\n<li>Konstituiert sich auf der Grundlage von repetitiven oder intensiven <strong>Erfahrungen<\/strong> (ver\u00e4ndert sich entsprechend langsam)<\/li>\n<li>Organisiert in einem <strong>spezifischen Kontext<\/strong> aus Vorstellungen<\/li>\n<\/ul>\n<\/td>\n<td><strong>Theoretisch<\/strong><\/p>\n<ul>\n<li>Konstituiert und organisiert sich auf der Grundlage von differenzierten \u00dcberlegungen (kann sich entsprechend schnell ver\u00e4ndern)<\/li>\n<li>Organisiert in einem <strong>allgemeinen Kontext<\/strong> aus Prinzipien\u00a0 (wandelbar)<\/li>\n<\/ul>\n<\/td>\n<\/tr>\n<tr>\n<td><strong>Subjektive Wahrscheinlichkeit<\/strong><\/td>\n<td><strong>Objektive Wahrscheinlichkeit <\/strong><\/td>\n<\/tr>\n<tr>\n<td><strong>Zeitlich unbeschr\u00e4nkt<\/strong><\/td>\n<td><strong>Zeitlich beschr\u00e4nkt<\/strong><\/td>\n<\/tr>\n<\/tbody>\n<\/table>\n<\/div>\n<div class=\"fusion-clearfix\"><\/div><\/div><\/div><\/div><\/div>\n","protected":false},"excerpt":{"rendered":"","protected":false},"author":7,"featured_media":0,"parent":2669,"menu_order":1,"comment_status":"closed","ping_status":"closed","template":"100-width.php","meta":{"_sb_is_suggestion_mode":false,"_sb_show_suggestion_boards":false,"_sb_show_comment_boards":false,"_sb_suggestion_history":"","_sb_update_block_changes":"","_monsterinsights_skip_tracking":false,"_monsterinsights_sitenote_active":false,"_monsterinsights_sitenote_note":"","_monsterinsights_sitenote_category":0,"footnotes":""},"class_list":["post-3135","page","type-page","status-publish","hentry"],"_links":{"self":[{"href":"https:\/\/agripedia.ch\/strategidea\/de\/wp-json\/wp\/v2\/pages\/3135","targetHints":{"allow":["GET"]}}],"collection":[{"href":"https:\/\/agripedia.ch\/strategidea\/de\/wp-json\/wp\/v2\/pages"}],"about":[{"href":"https:\/\/agripedia.ch\/strategidea\/de\/wp-json\/wp\/v2\/types\/page"}],"author":[{"embeddable":true,"href":"https:\/\/agripedia.ch\/strategidea\/de\/wp-json\/wp\/v2\/users\/7"}],"replies":[{"embeddable":true,"href":"https:\/\/agripedia.ch\/strategidea\/de\/wp-json\/wp\/v2\/comments?post=3135"}],"version-history":[{"count":8,"href":"https:\/\/agripedia.ch\/strategidea\/de\/wp-json\/wp\/v2\/pages\/3135\/revisions"}],"predecessor-version":[{"id":5657,"href":"https:\/\/agripedia.ch\/strategidea\/de\/wp-json\/wp\/v2\/pages\/3135\/revisions\/5657"}],"up":[{"embeddable":true,"href":"https:\/\/agripedia.ch\/strategidea\/de\/wp-json\/wp\/v2\/pages\/2669"}],"wp:attachment":[{"href":"https:\/\/agripedia.ch\/strategidea\/de\/wp-json\/wp\/v2\/media?parent=3135"}],"curies":[{"name":"wp","href":"https:\/\/api.w.org\/{rel}","templated":true}]}}