{"id":3128,"date":"2019-07-11T12:48:38","date_gmt":"2019-07-11T12:48:38","guid":{"rendered":"https:\/\/agripedia.ch\/strategidea\/?page_id=3128"},"modified":"2022-05-31T07:37:49","modified_gmt":"2022-05-31T07:37:49","slug":"analyse-der-personellen-menschlichen-ressourcen","status":"publish","type":"page","link":"https:\/\/agripedia.ch\/strategidea\/de\/die-interne-analyse\/analyse-der-unternehmensressourcen\/analyse-der-personellen-menschlichen-ressourcen\/","title":{"rendered":"Analyse der personellen\/menschlichen Ressourcen (Humanressourcen)"},"content":{"rendered":"<p><div class=\"fusion-fullwidth fullwidth-box fusion-builder-row-1 nonhundred-percent-fullwidth non-hundred-percent-height-scrolling\" style=\"--awb-border-radius-top-left:0px;--awb-border-radius-top-right:0px;--awb-border-radius-bottom-right:0px;--awb-border-radius-bottom-left:0px;--awb-flex-wrap:wrap;\" ><div class=\"fusion-builder-row fusion-row\"><div class=\"fusion-layout-column fusion_builder_column fusion-builder-column-0 fusion_builder_column_1_1 1_1 fusion-one-full fusion-column-first fusion-column-last\" style=\"--awb-bg-size:cover;--awb-margin-bottom:0px;\"><div class=\"fusion-column-wrapper fusion-flex-column-wrapper-legacy\"><div class=\"fusion-text fusion-text-1\"><h3><img decoding=\"async\" class=\"alignnone wp-image-1490\" src=\"https:\/\/agripedia.ch\/strategidea\/wp-content\/uploads\/sites\/7\/2019\/02\/Index_6_Analyse-interne.png\" alt=\"\" width=\"50\" height=\"50\" srcset=\"https:\/\/agripedia.ch\/strategidea\/wp-content\/uploads\/sites\/7\/2019\/02\/Index_6_Analyse-interne-66x66.png 66w, https:\/\/agripedia.ch\/strategidea\/wp-content\/uploads\/sites\/7\/2019\/02\/Index_6_Analyse-interne-150x150.png 150w, https:\/\/agripedia.ch\/strategidea\/wp-content\/uploads\/sites\/7\/2019\/02\/Index_6_Analyse-interne-200x199.png 200w, https:\/\/agripedia.ch\/strategidea\/wp-content\/uploads\/sites\/7\/2019\/02\/Index_6_Analyse-interne-300x300.png 300w, https:\/\/agripedia.ch\/strategidea\/wp-content\/uploads\/sites\/7\/2019\/02\/Index_6_Analyse-interne.png 354w\" sizes=\"(max-width: 50px) 100vw, 50px\" \/> Analyse der Humanressourcen<\/h3>\n<blockquote>\n<p>Die Menschen, die zusammen in einem landwirtschaftlichen Betrieb arbeiten bilden zusammen die Humanressourcen des Betriebs: Betriebsleiter, Ehepartner, Familienangeh\u00f6rige, Partner, Mitarbeiter, Kooperationspartner, etc.<\/p>\n<\/blockquote>\n<p>In grossen Unternehmen werden die verschiedenen Funktionen im Unternehmen (Management, Produktion, Marketing, Logistik, Vertrieb, Verwaltung) auch von verschiedenen Personen wahrgenommen. In kleinen Unternehmen, wie z.B. landwirtschaftlichen Betrieben, werden diese Aufgaben in der Regel nur von einer Person oder wenigen Personen wahrgenommen \u2013 h\u00e4ufig innerhalb der gleichen Familie.<\/p>\n<p>In landwirtschaftlichen Betrieben gibt es in der Regel nur wenige Arbeitskr\u00e4fte. Dies erfordert von den Arbeitskr\u00e4ften <strong>Vielseitigkeit<\/strong> und <strong>Mehrfachqualifikation<\/strong>.<\/p>\n<p>Mehrfachqualifikation bedeutet mehrere Funktionen ausf\u00fchren zu k\u00f6nnen (planen, entscheiden, ausf\u00fchren, analysieren, verwalten, etc.) und damit unabh\u00e4ngig und effizient handeln zu k\u00f6nnen. Vielseitigkeit bedeutet in der Lage zu sein, verschiedene T\u00e4tigkeiten auszuf\u00fchren auch wenn dies nicht zu seinen \u00fcblichen T\u00e4tigkeiten geh\u00f6rt. Die <strong>Flexibilit\u00e4t<\/strong>, die kleine Unternehmen auszeichnet, kommt auch durch die F\u00e4higkeit der Mitarbeiter sich gegenseitig zu ersetzen oder zu unterst\u00fctzen, insbesondere bei Arbeitsspitzen.<\/p>\n<\/div><div class=\"fusion-clearfix\"><\/div><\/div><\/div><div class=\"fusion-layout-column fusion_builder_column fusion-builder-column-1 fusion_builder_column_2_5 2_5 fusion-two-fifth fusion-column-first\" style=\"--awb-bg-size:cover;width:40%;width:calc(40% - ( ( 4% ) * 0.4 ) );margin-right: 4%;\"><div class=\"fusion-column-wrapper fusion-flex-column-wrapper-legacy\"><div class=\"fusion-text fusion-text-2\"><p>Die Analyse der Humanressourcen hat mehrere Ebenen:<\/p>\n<ul>\n<li>Grundlegende Bedeutung haben die <strong>Ausbildung<\/strong> und die <strong>Kompetenz<\/strong> der Person, die im landwirtschaftlichen Betrieb t\u00e4tig ist. Eine Kompetenz ist Wissen (Kenntnisse, Erfahrung, Sozialkompetenzen), das mobilisiert werden kann bei der Aus\u00fcbung einer T\u00e4tigkeit. Die Analyse der Kompetenzen ist besonders hilfreich bei der Abstimmung von Ressourcen und T\u00e4tigkeiten innerhalb einer Arbeitsorganisation.<\/li>\n<li>Dar\u00fcber hinaus ist die Analyse der <strong>pers\u00f6nlichen Dimensionen<\/strong> <strong>wie Pers\u00f6nlichkeitsmerkmale<\/strong>, <strong>Werte<\/strong>, <strong>Interessen<\/strong> und <strong>Motivation<\/strong> von entscheidender Bedeutung. Die Pers\u00f6nlichen Dimensionen pr\u00e4gen das Engagement eines Menschen in seiner Arbeit und sind entscheidend f\u00fcr die Entwicklung einer Unternehmensstrategie, die mit seinen Zielen als Mensch \u00fcbereinstimmt. Sich in der Unternehmensstrategie wiederzuerkennen tr\u00e4gt zur Motivation der Menschen und zur Koh\u00e4renz zwischen pers\u00f6nlichen W\u00fcnschen und beruflicher T\u00e4tigkeit bei.<\/li>\n<\/ul>\n<\/div><div class=\"fusion-clearfix\"><\/div><\/div><\/div><div class=\"fusion-layout-column fusion_builder_column fusion-builder-column-2 fusion_builder_column_3_5 3_5 fusion-three-fifth fusion-column-last\" style=\"--awb-bg-size:cover;width:60%;width:calc(60% - ( ( 4% ) * 0.6 ) );\"><div class=\"fusion-column-wrapper fusion-flex-column-wrapper-legacy\"><div class=\"fusion-text fusion-text-3\"><h6>DIE ZWEI EBENEN ZUR ANALYSE DER HUMANRESSOURCEN<\/h6>\n<\/div>\n<div class=\"table-1\">\n<table width=\"100%\">\n<thead>\n<tr>\n<th width=\"20%\"><\/th>\n<th><strong>AUSBILDUNG UND KOMPETENZEN<\/strong><\/th>\n<th><strong>PERS\u00d6NLICHE DIMENSIONEN<\/strong><\/th>\n<\/tr>\n<\/thead>\n<tbody>\n<tr>\n<td><strong>Analysekriterien<\/strong><\/td>\n<td>Passgenauigkeit der F\u00e4higkeiten f\u00fcr die ausgef\u00fchrte T\u00e4tigkeit<\/p>\n<p>Arbeitsorganisation<\/p>\n<p>Weiterbildung<\/td>\n<td>Pers\u00f6nlichkeitsmerkmale<br \/>\n(Selbsteinsch\u00e4tzung, St\u00e4rken und Schw\u00e4chen, pers\u00f6nliche Entwicklung)Interessen und Motivation\u00dcbereinstimmung mit dem Sinn der<br \/>\n(Vision, Mission, Werte, pers\u00f6nliche Ziele und Unternehmensziele)<\/td>\n<\/tr>\n<\/tbody>\n<\/table>\n<\/div>\n<div class=\"fusion-clearfix\"><\/div><\/div><\/div><div class=\"fusion-layout-column fusion_builder_column fusion-builder-column-3 fusion_builder_column_1_1 1_1 fusion-one-full fusion-column-first fusion-column-last\" style=\"--awb-bg-size:cover;\"><div class=\"fusion-column-wrapper fusion-flex-column-wrapper-legacy\"><div class=\"fusion-section-separator section-separator clouds fusion-section-separator-1\" style=\"--awb-spacer-height:99px;--awb-svg-margin-left:0;--awb-svg-margin-right:0;--awb-divider-height:99px;--awb-spacer-padding-top:inherit;--awb-sep-padding:0;--awb-svg-padding:0;\"><div class=\"fusion-section-separator-svg\"><svg class=\"fusion-clouds-candy\" xmlns=\"http:\/\/www.w3.org\/2000\/svg\" version=\"1.1\" width=\"100%\" height=\"100\" viewBox=\"0 0 100 100\" preserveAspectRatio=\"none\" fill=\"rgba(246,246,246,1)\"><path d=\"M-5 100 Q 0 20 5 100 Z\"><\/path>\n\t\t\t\t\t\t\t\t<path d=\"M0 100 Q 5 0 10 100\"><\/path>\n\t\t\t\t\t\t\t\t<path d=\"M5 100 Q 10 30 15 100\"><\/path>\n\t\t\t\t\t\t\t\t<path d=\"M10 100 Q 15 10 20 100\"><\/path>\n\t\t\t\t\t\t\t\t<path d=\"M15 100 Q 20 30 25 100\"><\/path>\n\t\t\t\t\t\t\t\t<path d=\"M20 100 Q 25 -10 30 100\"><\/path>\n\t\t\t\t\t\t\t\t<path d=\"M25 100 Q 30 10 35 100\"><\/path>\n\t\t\t\t\t\t\t\t<path d=\"M30 100 Q 35 30 40 100\"><\/path>\n\t\t\t\t\t\t\t\t<path d=\"M35 100 Q 40 10 45 100\"><\/path>\n\t\t\t\t\t\t\t\t<path d=\"M40 100 Q 45 50 50 100\"><\/path>\n\t\t\t\t\t\t\t\t<path d=\"M45 100 Q 50 20 55 100\"><\/path>\n\t\t\t\t\t\t\t\t<path d=\"M50 100 Q 55 40 60 100\"><\/path>\n\t\t\t\t\t\t\t\t<path d=\"M55 100 Q 60 60 65 100\"><\/path>\n\t\t\t\t\t\t\t\t<path d=\"M60 100 Q 65 50 70 100\"><\/path>\n\t\t\t\t\t\t\t\t<path d=\"M65 100 Q 70 20 75 100\"><\/path>\n\t\t\t\t\t\t\t\t<path d=\"M70 100 Q 75 45 80 100\"><\/path>\n\t\t\t\t\t\t\t\t<path d=\"M75 100 Q 80 30 85 100\"><\/path>\n\t\t\t\t\t\t\t\t<path d=\"M80 100 Q 85 20 90 100\"><\/path>\n\t\t\t\t\t\t\t\t<path d=\"M85 100 Q 90 50 95 100\"><\/path>\n\t\t\t\t\t\t\t\t<path d=\"M90 100 Q 95 25 100 100\"><\/path>\n\t\t\t\t\t\t\t\t<path d=\"M95 100 Q 100 15 105 100 Z\"><\/path><\/svg><\/div><div class=\"fusion-section-separator-spacer\"><div class=\"fusion-section-separator-spacer-height\"><\/div><\/div><\/div><div class=\"fusion-clearfix\"><\/div><\/div><\/div><\/div><\/div><div class=\"fusion-fullwidth fullwidth-box fusion-builder-row-2 nonhundred-percent-fullwidth non-hundred-percent-height-scrolling\" style=\"--awb-border-radius-top-left:0px;--awb-border-radius-top-right:0px;--awb-border-radius-bottom-right:0px;--awb-border-radius-bottom-left:0px;--awb-flex-wrap:wrap;\" ><div class=\"fusion-builder-row fusion-row\"><div class=\"fusion-layout-column fusion_builder_column fusion-builder-column-4 fusion_builder_column_1_1 1_1 fusion-one-full fusion-column-first fusion-column-last\" style=\"--awb-bg-size:cover;\"><div class=\"fusion-column-wrapper fusion-flex-column-wrapper-legacy\"><div class=\"fusion-menu-anchor\" id=\"Boite\"><\/div><div class=\"fusion-text fusion-text-4\"><h3><img decoding=\"async\" class=\"alignnone wp-image-1490\" src=\"https:\/\/agripedia.ch\/strategidea\/wp-content\/uploads\/sites\/7\/2019\/02\/Index_6_Analyse-interne.png\" alt=\"\" width=\"50\" height=\"50\" srcset=\"https:\/\/agripedia.ch\/strategidea\/wp-content\/uploads\/sites\/7\/2019\/02\/Index_6_Analyse-interne-66x66.png 66w, https:\/\/agripedia.ch\/strategidea\/wp-content\/uploads\/sites\/7\/2019\/02\/Index_6_Analyse-interne-150x150.png 150w, https:\/\/agripedia.ch\/strategidea\/wp-content\/uploads\/sites\/7\/2019\/02\/Index_6_Analyse-interne-200x199.png 200w, https:\/\/agripedia.ch\/strategidea\/wp-content\/uploads\/sites\/7\/2019\/02\/Index_6_Analyse-interne-300x300.png 300w, https:\/\/agripedia.ch\/strategidea\/wp-content\/uploads\/sites\/7\/2019\/02\/Index_6_Analyse-interne.png 354w\" sizes=\"(max-width: 50px) 100vw, 50px\" \/> Toolbox<\/h3>\n<\/div><div class=\"fusion-clearfix\"><\/div><\/div><\/div><div class=\"fusion-layout-column fusion_builder_column fusion-builder-column-5 fusion_builder_column_1_2 1_2 fusion-one-half fusion-column-first\" style=\"--awb-bg-size:cover;width:50%;width:calc(50% - ( ( 4% ) * 0.5 ) );margin-right: 4%;\"><div class=\"fusion-column-wrapper fusion-flex-column-wrapper-legacy\"><div class=\"fusion-text fusion-text-5\"><h4>Leitfaden f\u00fcr ein halbstrukturiertes Interview<\/h4>\n<ul>\n<li><a href=\"https:\/\/agripedia.ch\/strategidea?leaky-paywall-media-download=3934\" target=\"_blank\" rel=\"noopener noreferrer\">Gespr\u00e4chsleitfaden: Humanressourcen (Ausbildung, F\u00e4higkeiten, Interessen und Motivation, Pers\u00f6nlichkeit, Bedeutung der Arbeit f\u00fcr sie)<\/a><\/li>\n<li><a href=\"https:\/\/agridea.abacuscity.ch\/de\/A~3342~1\/3~310110~Shop\/Publikationen\/Betrieb-Familie-Diversifizierung\/Betriebsplanung-Buchhaltung\/Methodenblatt%3A-Photolangage-in-der-Landwirtschaft\/Fran%C3%A7ais\/Print-papier\" target=\"_blank\" rel=\"noopener noreferrer\">Methodenblatt: Photolangage in der Landwirtschaft\u00a0 <\/a>(5. Ziel)<\/li>\n<\/ul>\n<\/div><div class=\"fusion-clearfix\"><\/div><\/div><\/div><div class=\"fusion-layout-column fusion_builder_column fusion-builder-column-6 fusion_builder_column_1_2 1_2 fusion-one-half fusion-column-last\" style=\"--awb-bg-size:cover;width:50%;width:calc(50% - ( ( 4% ) * 0.5 ) );\"><div class=\"fusion-column-wrapper fusion-flex-column-wrapper-legacy\"><div class=\"fusion-text fusion-text-6\"><h4>Bestandsaufnahme<\/h4>\n<ul>\n<li><a href=\"https:\/\/agripedia.ch\/strategidea?leaky-paywall-media-download=3939\" target=\"_blank\" rel=\"noopener noreferrer\">Formular: Bewertung der Ausbildung und F\u00e4higkeiten der im Betrieb t\u00e4tigen Personen<\/a><\/li>\n<li><a href=\"https:\/\/agripedia.ch\/strategidea?leaky-paywall-media-download=5232\" target=\"_blank\" rel=\"noopener noreferrer\">Selbstfragebogen: OCEAN-Modell der f\u00fcnf grossen Pers\u00f6nlichkeitsfaktoren (Big-five-Modell)<\/a><\/li>\n<\/ul>\n<\/div><div class=\"fusion-text fusion-text-7\"><h4>Zusammenfassung der erwarteten Ver\u00e4nderungen<\/h4>\n<ul>\n<li><a href=\"https:\/\/agripedia.ch\/strategidea?leaky-paywall-media-download=3942\" target=\"_blank\" rel=\"noopener noreferrer\">Formular: Prognose zu Ver\u00e4nderungen bei F\u00e4higkeiten, Interessen und Motivation (Fortbildung, Erfahrung und Know-how, Interessen, Motivation, pers\u00f6nliche Entwicklung, usw.)<\/a><\/li>\n<\/ul>\n<\/div><div class=\"fusion-clearfix\"><\/div><\/div><\/div><\/div><\/div><\/p>\n","protected":false},"excerpt":{"rendered":"","protected":false},"author":7,"featured_media":0,"parent":3120,"menu_order":2,"comment_status":"closed","ping_status":"closed","template":"100-width.php","meta":{"_sb_is_suggestion_mode":false,"_sb_show_suggestion_boards":false,"_sb_show_comment_boards":false,"_sb_suggestion_history":"","_sb_update_block_changes":"","_monsterinsights_skip_tracking":false,"_monsterinsights_sitenote_active":false,"_monsterinsights_sitenote_note":"","_monsterinsights_sitenote_category":0,"footnotes":""},"class_list":["post-3128","page","type-page","status-publish","hentry"],"_links":{"self":[{"href":"https:\/\/agripedia.ch\/strategidea\/de\/wp-json\/wp\/v2\/pages\/3128","targetHints":{"allow":["GET"]}}],"collection":[{"href":"https:\/\/agripedia.ch\/strategidea\/de\/wp-json\/wp\/v2\/pages"}],"about":[{"href":"https:\/\/agripedia.ch\/strategidea\/de\/wp-json\/wp\/v2\/types\/page"}],"author":[{"embeddable":true,"href":"https:\/\/agripedia.ch\/strategidea\/de\/wp-json\/wp\/v2\/users\/7"}],"replies":[{"embeddable":true,"href":"https:\/\/agripedia.ch\/strategidea\/de\/wp-json\/wp\/v2\/comments?post=3128"}],"version-history":[{"count":14,"href":"https:\/\/agripedia.ch\/strategidea\/de\/wp-json\/wp\/v2\/pages\/3128\/revisions"}],"predecessor-version":[{"id":5573,"href":"https:\/\/agripedia.ch\/strategidea\/de\/wp-json\/wp\/v2\/pages\/3128\/revisions\/5573"}],"up":[{"embeddable":true,"href":"https:\/\/agripedia.ch\/strategidea\/de\/wp-json\/wp\/v2\/pages\/3120"}],"wp:attachment":[{"href":"https:\/\/agripedia.ch\/strategidea\/de\/wp-json\/wp\/v2\/media?parent=3128"}],"curies":[{"name":"wp","href":"https:\/\/api.w.org\/{rel}","templated":true}]}}