{"id":2996,"date":"2019-07-08T11:58:15","date_gmt":"2019-07-08T11:58:15","guid":{"rendered":"https:\/\/agripedia.ch\/strategidea\/?page_id=2996"},"modified":"2022-01-10T09:09:48","modified_gmt":"2022-01-10T09:09:48","slug":"synthese-der-strategischen-analyse","status":"publish","type":"page","link":"https:\/\/agripedia.ch\/strategidea\/de\/synthese-der-strategischen-analyse\/","title":{"rendered":"Synthese der strategischen Analyse"},"content":{"rendered":"<p><div class=\"fusion-fullwidth fullwidth-box fusion-builder-row-1 nonhundred-percent-fullwidth non-hundred-percent-height-scrolling\" style=\"--awb-border-radius-top-left:0px;--awb-border-radius-top-right:0px;--awb-border-radius-bottom-right:0px;--awb-border-radius-bottom-left:0px;--awb-flex-wrap:wrap;\" ><div class=\"fusion-builder-row fusion-row\"><div class=\"fusion-layout-column fusion_builder_column fusion-builder-column-0 fusion_builder_column_1_1 1_1 fusion-one-full fusion-column-first fusion-column-last\" style=\"--awb-bg-size:cover;--awb-margin-bottom:0px;\"><div class=\"fusion-column-wrapper fusion-flex-column-wrapper-legacy\"><div class=\"fusion-text fusion-text-1\"><h2><\/h2>\n<h3><img decoding=\"async\" class=\"alignnone wp-image-1499\" src=\"https:\/\/agripedia.ch\/strategidea\/wp-content\/uploads\/sites\/7\/2019\/02\/Index_5_Analyse-strat\u00e9gique.png\" alt=\"\" width=\"59\" height=\"59\" srcset=\"https:\/\/agripedia.ch\/strategidea\/wp-content\/uploads\/sites\/7\/2019\/02\/Index_5_Analyse-strat\u00e9gique-66x66.png 66w, https:\/\/agripedia.ch\/strategidea\/wp-content\/uploads\/sites\/7\/2019\/02\/Index_5_Analyse-strat\u00e9gique-150x150.png 150w, https:\/\/agripedia.ch\/strategidea\/wp-content\/uploads\/sites\/7\/2019\/02\/Index_5_Analyse-strat\u00e9gique-200x201.png 200w, https:\/\/agripedia.ch\/strategidea\/wp-content\/uploads\/sites\/7\/2019\/02\/Index_5_Analyse-strat\u00e9gique-300x300.png 300w, https:\/\/agripedia.ch\/strategidea\/wp-content\/uploads\/sites\/7\/2019\/02\/Index_5_Analyse-strat\u00e9gique-400x402.png 400w, https:\/\/agripedia.ch\/strategidea\/wp-content\/uploads\/sites\/7\/2019\/02\/Index_5_Analyse-strat\u00e9gique.png 494w\" sizes=\"(max-width: 59px) 100vw, 59px\" \/><strong> Die Synthese der strategischen Analyse<br \/>\n<\/strong><\/h3>\n<blockquote>\n<p>Die SWOT-Matrix fasst die positiven und negativen Faktoren einer Strategie zusammen, die bei der internen und externen Analyse behandelt wurden. Das Ergebnis wird in Form einer Matrix mit den wichtigsten St\u00e4rken und Schw\u00e4chen, Chancen und Gefahren gegen\u00fcber der Gesamtstrategie des Familienbetriebs pr\u00e4sentiert.<\/p>\n<\/blockquote>\n<p>Die SWOT-Matrix verschafft einen Gesamt\u00fcberblick und fasst die verschiedenen, zuvor vorgenommenen detaillierten Analysen zusammen. <strong>Sie dient insofern als grosse Hilfe, als dass die Fragen im Zusammenhang mit der Gesamtstrategie des Familienbetriebssystems im Auge behalten werden. <\/strong>Damit die Matrix erstellt werden kann, m\u00fcssen die analysierten Faktoren so eingeordnet werden, dass ersichtlich wird, ob sie sich positiv oder negativ auf die Gesamtstrategie des Betriebs auswirken.<\/p>\n<p><span style=\"color: #ffffff;\">_<\/span><\/p>\n<h5 style=\"text-align: center;\">DIE SWOT-MATRIX<\/h5>\n<p><strong><img decoding=\"async\" class=\"alignnone wp-image-5116\" src=\"https:\/\/agripedia.ch\/strategidea\/wp-content\/uploads\/sites\/7\/2021\/12\/08-1_I-schema-DE.png\" alt=\"\" width=\"601\" height=\"361\" srcset=\"https:\/\/agripedia.ch\/strategidea\/wp-content\/uploads\/sites\/7\/2021\/12\/08-1_I-schema-DE-200x120.png 200w, https:\/\/agripedia.ch\/strategidea\/wp-content\/uploads\/sites\/7\/2021\/12\/08-1_I-schema-DE-300x180.png 300w, https:\/\/agripedia.ch\/strategidea\/wp-content\/uploads\/sites\/7\/2021\/12\/08-1_I-schema-DE-400x240.png 400w, https:\/\/agripedia.ch\/strategidea\/wp-content\/uploads\/sites\/7\/2021\/12\/08-1_I-schema-DE-600x360.png 600w, https:\/\/agripedia.ch\/strategidea\/wp-content\/uploads\/sites\/7\/2021\/12\/08-1_I-schema-DE.png 769w\" sizes=\"(max-width: 601px) 100vw, 601px\" \/><\/strong><\/p>\n<p><span style=\"color: #ffffff;\">\u00a0<\/span><\/p>\n<div class=\"textbox exercises\">\n<h4><\/h4>\n<\/div>\n<\/div><div class=\"fusion-clearfix\"><\/div><\/div><\/div><div class=\"fusion-layout-column fusion_builder_column fusion-builder-column-1 fusion_builder_column_1_1 1_1 fusion-one-full fusion-column-first fusion-column-last\" style=\"--awb-bg-size:cover;\"><div class=\"fusion-column-wrapper fusion-flex-column-wrapper-legacy\"><div class=\"fusion-section-separator section-separator clouds fusion-section-separator-1\" style=\"--awb-spacer-height:99px;--awb-svg-margin-left:0;--awb-svg-margin-right:0;--awb-divider-height:99px;--awb-spacer-padding-top:inherit;--awb-sep-padding:0;--awb-svg-padding:0;\"><div class=\"fusion-section-separator-svg\"><svg class=\"fusion-clouds-candy\" xmlns=\"http:\/\/www.w3.org\/2000\/svg\" version=\"1.1\" width=\"100%\" height=\"100\" viewBox=\"0 0 100 100\" preserveAspectRatio=\"none\" fill=\"rgba(246,246,246,1)\"><path d=\"M-5 100 Q 0 20 5 100 Z\"><\/path>\n\t\t\t\t\t\t\t\t<path d=\"M0 100 Q 5 0 10 100\"><\/path>\n\t\t\t\t\t\t\t\t<path d=\"M5 100 Q 10 30 15 100\"><\/path>\n\t\t\t\t\t\t\t\t<path d=\"M10 100 Q 15 10 20 100\"><\/path>\n\t\t\t\t\t\t\t\t<path d=\"M15 100 Q 20 30 25 100\"><\/path>\n\t\t\t\t\t\t\t\t<path d=\"M20 100 Q 25 -10 30 100\"><\/path>\n\t\t\t\t\t\t\t\t<path d=\"M25 100 Q 30 10 35 100\"><\/path>\n\t\t\t\t\t\t\t\t<path d=\"M30 100 Q 35 30 40 100\"><\/path>\n\t\t\t\t\t\t\t\t<path d=\"M35 100 Q 40 10 45 100\"><\/path>\n\t\t\t\t\t\t\t\t<path d=\"M40 100 Q 45 50 50 100\"><\/path>\n\t\t\t\t\t\t\t\t<path d=\"M45 100 Q 50 20 55 100\"><\/path>\n\t\t\t\t\t\t\t\t<path d=\"M50 100 Q 55 40 60 100\"><\/path>\n\t\t\t\t\t\t\t\t<path d=\"M55 100 Q 60 60 65 100\"><\/path>\n\t\t\t\t\t\t\t\t<path d=\"M60 100 Q 65 50 70 100\"><\/path>\n\t\t\t\t\t\t\t\t<path d=\"M65 100 Q 70 20 75 100\"><\/path>\n\t\t\t\t\t\t\t\t<path d=\"M70 100 Q 75 45 80 100\"><\/path>\n\t\t\t\t\t\t\t\t<path d=\"M75 100 Q 80 30 85 100\"><\/path>\n\t\t\t\t\t\t\t\t<path d=\"M80 100 Q 85 20 90 100\"><\/path>\n\t\t\t\t\t\t\t\t<path d=\"M85 100 Q 90 50 95 100\"><\/path>\n\t\t\t\t\t\t\t\t<path d=\"M90 100 Q 95 25 100 100\"><\/path>\n\t\t\t\t\t\t\t\t<path d=\"M95 100 Q 100 15 105 100 Z\"><\/path><\/svg><\/div><div class=\"fusion-section-separator-spacer\"><div class=\"fusion-section-separator-spacer-height\"><\/div><\/div><\/div><div class=\"fusion-clearfix\"><\/div><\/div><\/div><\/div><\/div><div class=\"fusion-fullwidth fullwidth-box fusion-builder-row-2 nonhundred-percent-fullwidth non-hundred-percent-height-scrolling\" style=\"--awb-border-radius-top-left:0px;--awb-border-radius-top-right:0px;--awb-border-radius-bottom-right:0px;--awb-border-radius-bottom-left:0px;--awb-flex-wrap:wrap;\" ><div class=\"fusion-builder-row fusion-row\"><div class=\"fusion-layout-column fusion_builder_column fusion-builder-column-2 fusion_builder_column_1_1 1_1 fusion-one-full fusion-column-first fusion-column-last\" style=\"--awb-bg-size:cover;--awb-margin-bottom:0px;\"><div class=\"fusion-column-wrapper fusion-flex-column-wrapper-legacy\"><div class=\"fusion-text fusion-text-2\"><\/div><div class=\"fusion-menu-anchor\" id=\"Boite\"><\/div><div class=\"fusion-text fusion-text-3\"><h3><img decoding=\"async\" class=\"alignnone wp-image-1495\" src=\"https:\/\/agripedia.ch\/strategidea\/wp-content\/uploads\/sites\/7\/2019\/02\/Index_7_2_Analyse-micro-env.png\" alt=\"\" width=\"68\" height=\"68\" srcset=\"https:\/\/agripedia.ch\/strategidea\/wp-content\/uploads\/sites\/7\/2019\/02\/Index_7_2_Analyse-micro-env-66x66.png 66w, https:\/\/agripedia.ch\/strategidea\/wp-content\/uploads\/sites\/7\/2019\/02\/Index_7_2_Analyse-micro-env-150x150.png 150w, https:\/\/agripedia.ch\/strategidea\/wp-content\/uploads\/sites\/7\/2019\/02\/Index_7_2_Analyse-micro-env-200x200.png 200w, https:\/\/agripedia.ch\/strategidea\/wp-content\/uploads\/sites\/7\/2019\/02\/Index_7_2_Analyse-micro-env-300x300.png 300w, https:\/\/agripedia.ch\/strategidea\/wp-content\/uploads\/sites\/7\/2019\/02\/Index_7_2_Analyse-micro-env.png 347w\" sizes=\"(max-width: 68px) 100vw, 68px\" \/>\u00a0 <strong>Toolbox<\/strong><\/h3>\n<\/div><div class=\"fusion-clearfix\"><\/div><\/div><\/div><div class=\"fusion-layout-column fusion_builder_column fusion-builder-column-3 fusion_builder_column_1_2 1_2 fusion-one-half fusion-column-first\" style=\"--awb-bg-size:cover;width:50%;width:calc(50% - ( ( 4% ) * 0.5 ) );margin-right: 4%;\"><div class=\"fusion-column-wrapper fusion-flex-column-wrapper-legacy\"><div class=\"fusion-text fusion-text-4\"><div class=\"textbox exercises\">\n<h4>Zusammenfassung der Einflussfaktoren<\/h4>\n<ul>\n<li><a href=\"https:\/\/agripedia.ch\/strategidea?leaky-paywall-media-download=3994\" target=\"_blank\" rel=\"noopener noreferrer\">Formular: Zusammenfassende Analyse der Ressourcen im System Unternehmen und Familie<\/a><\/li>\n<li><a href=\"https:\/\/agripedia.ch\/strategidea?leaky-paywall-media-download=3877f\" target=\"_blank\" rel=\"noopener noreferrer\">Formular: Zusammenfassende Analyse der T\u00e4tigkeiten im System Unternehmen und Familie<\/a><\/li>\n<li><a href=\"https:\/\/agripedia.ch\/strategidea?leaky-paywall-media-download=3834\" target=\"_blank\" rel=\"noopener noreferrer\">Formular: Zusammenfassung der St\u00e4rken und Schw\u00e4chen der Arbeitsorganisation<\/a><\/li>\n<li><a href=\"https:\/\/agripedia.ch\/strategidea?leaky-paywall-media-download=4055\" target=\"_blank\" rel=\"noopener noreferrer\">Formular: Zusammenfassung von St\u00e4rken und Schw\u00e4chen der finanziellen Situation<\/a><\/li>\n<li><a href=\"https:\/\/agripedia.ch\/strategidea?leaky-paywall-media-download=4133\" target=\"_blank\" rel=\"noopener noreferrer\">Formular:\u00a0 Zusammenfassung St\u00e4rken und Schw\u00e4chen der Beziehungen zwischen Unternehmen und Familie<\/a><\/li>\n<li><a href=\"https:\/\/agripedia.ch\/strategidea?leaky-paywall-media-download=4030\" target=\"_blank\" rel=\"noopener noreferrer\">Formular: Zusammenfassung Chancen und Risiken der Rahmenbedingungen <\/a><\/li>\n<li><a href=\"https:\/\/agripedia.ch\/strategidea?leaky-paywall-media-download=3971\" target=\"_blank\" rel=\"noopener noreferrer\">Formular: Zusammenfassung Chancen und Risiken des Netzwerks von Partnern und engen Beziehungen<\/a><\/li>\n<li><a href=\"https:\/\/agripedia.ch\/strategidea?leaky-paywall-media-download=3927\" target=\"_blank\" rel=\"noopener noreferrer\">Formular Zusammenfassung der bereits feststehenden Termine<\/a><\/li>\n<\/ul>\n<\/div>\n<div class=\"textbox exercises\"><\/div>\n<\/div><div class=\"fusion-clearfix\"><\/div><\/div><\/div><div class=\"fusion-layout-column fusion_builder_column fusion-builder-column-4 fusion_builder_column_1_2 1_2 fusion-one-half fusion-column-last\" style=\"--awb-bg-size:cover;width:50%;width:calc(50% - ( ( 4% ) * 0.5 ) );\"><div class=\"fusion-column-wrapper fusion-flex-column-wrapper-legacy\"><div class=\"fusion-text fusion-text-5\"><h4>Erstellung der SWOT-Matrix<\/h4>\n<p>In der SWOT-Matrix werden die wichtigsten <a href=\"https:\/\/agripedia.ch\/strategidea\/de\/die-interne-analyse\/\">internen Faktoren<\/a> (St\u00e4rken und Schw\u00e4chen) und <a href=\"https:\/\/agripedia.ch\/strategidea\/de\/die-externe-strategische-analyse\/\">externen Faktoren<\/a> (Chancen und Risiken), die sich g\u00fcnstig oder ung\u00fcnstig auf die Strategie (strategische Ziele) auswirken, in Tabellenform dargestellt. Er bietet eine allgemeine Zusammenfassung detaillierter interner und externer Analysen (ersetzt jedoch keine detaillierten Analysen).<\/p>\n<ul>\n<li><a href=\"https:\/\/agripedia.ch\/strategidea?leaky-paywall-media-download=3923\" target=\"_blank\" rel=\"noopener noreferrer\">Formular: SWOT Matrix<\/a><\/li>\n<li><a href=\"https:\/\/agripedia.ch\/strategidea?leaky-paywall-media-download=3929\" target=\"_blank\" rel=\"noopener noreferrer\">Checkliste: Schl\u00fcsselfragen aus SWOT Modell in 8 Kategorien<\/a><\/li>\n<li><a href=\"https:\/\/agripedia.ch\/strategidea?leaky-paywall-media-download=3931\" target=\"_blank\" rel=\"noopener noreferrer\">Beispiel: die SWOT Methode nach Benjamin Franklin<\/a><\/li>\n<\/ul>\n<\/div><div class=\"fusion-clearfix\"><\/div><\/div><\/div><div class=\"fusion-layout-column fusion_builder_column fusion-builder-column-5 fusion_builder_column_1_2 1_2 fusion-one-half fusion-column-first\" style=\"--awb-bg-size:cover;width:50%;width:calc(50% - ( ( 4% ) * 0.5 ) );margin-right: 4%;\"><div class=\"fusion-column-wrapper fusion-flex-column-wrapper-legacy\"><div class=\"fusion-text fusion-text-6\"><h4>Den Handlungsspielraum ermitteln<\/h4>\n<p>Die SWOT-Matrix hilft bei der Ermittlung des <a href=\"https:\/\/agripedia.ch\/strategidea\/de\/die-perspektiven\/die-handlungsspielraume\/\">Handlungsspielraums<\/a> (d.h. des Potenzials, der Variablen oder der M\u00f6glichkeiten, die das Unternehmen zur Bew\u00e4ltigung interner oder externer Ver\u00e4nderungen hat).<\/p>\n<ul>\n<li><a href=\"https:\/\/agripedia.ch\/strategidea?leaky-paywall-media-download=3898\" target=\"_blank\" rel=\"noopener noreferrer\">Schema: Die SWOT-Matrix und der Handlungsspielraum<\/a><\/li>\n<li><a href=\"https:\/\/agripedia.ch\/strategidea?leaky-paywall-media-download=3900\" target=\"_blank\" rel=\"noopener noreferrer\">Formular: Interner Handlungsspielraum (strategische F\u00e4higkeiten)<\/a><\/li>\n<li><a href=\"https:\/\/agripedia.ch\/strategidea?leaky-paywall-media-download=3902\" target=\"_blank\" rel=\"noopener noreferrer\">Formular: Externer Handlungsspielraum (Schl\u00fcsselfaktoren f\u00fcr den Erfolg)<\/a><\/li>\n<\/ul>\n<\/div><div class=\"fusion-clearfix\"><\/div><\/div><\/div><div class=\"fusion-layout-column fusion_builder_column fusion-builder-column-6 fusion_builder_column_1_2 1_2 fusion-one-half fusion-column-last\" style=\"--awb-bg-size:cover;width:50%;width:calc(50% - ( ( 4% ) * 0.5 ) );\"><div class=\"fusion-column-wrapper fusion-flex-column-wrapper-legacy\"><div class=\"fusion-text fusion-text-7\"><h4>Analyse der strategischen Optionen<\/h4>\n<p>Die TOWS-Matrix baut auf der SWOT-Matrix auf. Es ist hilfreich, nach strategischen Optionen zu suchen, die verschiedenen Kombinationen von Faktoren entsprechen. Das bedeutet, Chancen mit St\u00e4rken zu verkn\u00fcpfen, St\u00e4rken zu nutzen, um Risiken entgegenzuwirken, Schw\u00e4chen in Chancen umzuwandeln, usw.<\/p>\n<ul>\n<li><a href=\"https:\/\/agripedia.ch\/strategidea?leaky-paywall-media-download=3925\" target=\"_blank\" rel=\"noopener noreferrer\">Formular: TOWS Matrix<\/a><\/li>\n<\/ul>\n<\/div><div class=\"fusion-clearfix\"><\/div><\/div><\/div><\/div><\/div><\/p>\n","protected":false},"excerpt":{"rendered":"","protected":false},"author":7,"featured_media":0,"parent":0,"menu_order":8,"comment_status":"closed","ping_status":"closed","template":"100-width.php","meta":{"_sb_is_suggestion_mode":false,"_sb_show_suggestion_boards":false,"_sb_show_comment_boards":false,"_sb_suggestion_history":"","_sb_update_block_changes":"","_monsterinsights_skip_tracking":false,"_monsterinsights_sitenote_active":false,"_monsterinsights_sitenote_note":"","_monsterinsights_sitenote_category":0,"footnotes":""},"class_list":["post-2996","page","type-page","status-publish","hentry"],"_links":{"self":[{"href":"https:\/\/agripedia.ch\/strategidea\/de\/wp-json\/wp\/v2\/pages\/2996","targetHints":{"allow":["GET"]}}],"collection":[{"href":"https:\/\/agripedia.ch\/strategidea\/de\/wp-json\/wp\/v2\/pages"}],"about":[{"href":"https:\/\/agripedia.ch\/strategidea\/de\/wp-json\/wp\/v2\/types\/page"}],"author":[{"embeddable":true,"href":"https:\/\/agripedia.ch\/strategidea\/de\/wp-json\/wp\/v2\/users\/7"}],"replies":[{"embeddable":true,"href":"https:\/\/agripedia.ch\/strategidea\/de\/wp-json\/wp\/v2\/comments?post=2996"}],"version-history":[{"count":18,"href":"https:\/\/agripedia.ch\/strategidea\/de\/wp-json\/wp\/v2\/pages\/2996\/revisions"}],"predecessor-version":[{"id":5198,"href":"https:\/\/agripedia.ch\/strategidea\/de\/wp-json\/wp\/v2\/pages\/2996\/revisions\/5198"}],"wp:attachment":[{"href":"https:\/\/agripedia.ch\/strategidea\/de\/wp-json\/wp\/v2\/media?parent=2996"}],"curies":[{"name":"wp","href":"https:\/\/api.w.org\/{rel}","templated":true}]}}